{"id":172,"date":"2019-01-14T13:34:21","date_gmt":"2019-01-14T13:34:21","guid":{"rendered":"https:\/\/primaderma.ro\/2019\/?page_id=172"},"modified":"2019-01-22T15:14:32","modified_gmt":"2019-01-22T15:14:32","slug":"ghid-turistic","status":"publish","type":"page","link":"https:\/\/pdi.ro\/2019\/ghid-turistic\/","title":{"rendered":"Ghid turistic"},"content":{"rendered":"<p>[et_pb_section fb_built=&#8221;1&#8243; fullwidth=&#8221;on&#8221; disabled_on=&#8221;on|off|off&#8221; _builder_version=&#8221;3.19.4&#8243; custom_margin=&#8221;||&#8221; custom_padding=&#8221;15px||29px&#8221; top_divider_style=&#8221;waves2&#8243; top_divider_color=&#8221;#f0622a&#8221; top_divider_flip=&#8221;horizontal|vertical&#8221; bottom_divider_style=&#8221;waves2&#8243; bottom_divider_color=&#8221;#fcdedb&#8221; bottom_divider_height=&#8221;105px&#8221; bottom_divider_flip=&#8221;vertical&#8221; collapsed=&#8221;off&#8221;][et_pb_fullwidth_header title=&#8221;{%22dynamic%22:true,%22content%22:%22post_title%22,%22settings%22:{%22before%22:%22%22,%22after%22:%22%22}}&#8221; text_orientation=&#8221;right&#8221; header_image_url=&#8221;https:\/\/pdi.ro\/2019\/wp-content\/uploads\/2019\/01\/Primaderma2019_logo_300px.png&#8221; disabled_on=&#8221;on|on|off&#8221; _builder_version=&#8221;3.19.4&#8243; _dynamic_attributes=&#8221;title&#8221; title_font=&#8221;Kaushan Script||||||||&#8221; title_text_align=&#8221;right&#8221; title_text_color=&#8221;#f0622a&#8221; title_font_size=&#8221;50px&#8221; content_font=&#8221;|600||on|||||&#8221; content_text_align=&#8221;center&#8221; content_text_color=&#8221;#686766&#8243; content_font_size=&#8221;15px&#8221; content_font_size_phone=&#8221;15px&#8221; content_font_size_last_edited=&#8221;on|desktop&#8221; subhead_font=&#8221;||||||||&#8221; background_color=&#8221;rgba(239,145,107,0.54)&#8221; background_image=&#8221;https:\/\/pdi.ro\/2019\/wp-content\/uploads\/2019\/01\/back.jpg&#8221; background_layout=&#8221;light&#8221; custom_margin=&#8221;0px||8px&#8221; custom_padding=&#8221;40px||40px||true&#8221;][\/et_pb_fullwidth_header][\/et_pb_section][et_pb_section fb_built=&#8221;1&#8243; _builder_version=&#8221;3.19.4&#8243; top_divider_style=&#8221;waves2&#8243; top_divider_color=&#8221;#fcdedb&#8221; top_divider_height=&#8221;95px&#8221; top_divider_flip=&#8221;horizontal|vertical&#8221;][et_pb_row _builder_version=&#8221;3.19.4&#8243;][et_pb_column type=&#8221;1_3&#8243; _builder_version=&#8221;3.19.4&#8243; parallax=&#8221;off&#8221; parallax_method=&#8221;on&#8221;][et_pb_cta title=&#8221;Iasi \u2013 Informa\u0163ii Generale&#8221; button_url=&#8221;https:\/\/pdi.ro\/2019\/iasi-informatii-generale\/&#8221; url_new_window=&#8221;on&#8221; button_text=&#8221;Cite\u015fte mai mult&#8221; _builder_version=&#8221;3.19.4&#8243; header_font=&#8221;Kaushan Script|700|||||||&#8221; header_text_color=&#8221;#f0622a&#8221; body_font=&#8221;|600|||||||&#8221; body_text_color=&#8221;#000000&#8243; body_font_size=&#8221;14px&#8221; body_text_shadow_style=&#8221;preset1&#8243; background_image=&#8221;https:\/\/pdi.ro\/2019\/wp-content\/uploads\/2019\/01\/iasi_stema1_grey.jpg&#8221; custom_button=&#8221;on&#8221; button_text_color=&#8221;#ffffff&#8221; button_bg_color=&#8221;#f0622a&#8221; button_bg_use_color_gradient=&#8221;on&#8221; button_bg_color_gradient_start=&#8221;#f0622a&#8221; button_bg_color_gradient_end=&#8221;#e09900&#8243; button_border_width=&#8221;4px&#8221; button_border_color=&#8221;#ffffff&#8221; button_border_radius=&#8221;14px&#8221; button_font=&#8221;||||||||&#8221; button_use_icon=&#8221;off&#8221; box_shadow_style=&#8221;preset1&#8243; background_layout=&#8221;light&#8221; link_option_url=&#8221;https:\/\/pdi.ro\/2019\/iasi-informatii-generale\/&#8221; link_option_url_new_window=&#8221;on&#8221; header_level=&#8221;h1&#8243;]<\/p>\n<p><span style=\"color: #000000;\">Ia\u015fi este un ora\u015f al marilor idei, al primei mari uniri, al primului spectacol de teatru \u00een limba rom\u00e2n\u0103 \u015fi al primului muzeu literar memorial (Bojdeuca din \u021aic\u0103u). F\u0103ra \u00eendoial\u0103 Ia\u015ful reprezint\u0103 \u00een continuare capitala cultural\u0103 a \u0163\u0103rii.<\/span><\/p>\n<p>[\/et_pb_cta][\/et_pb_column][et_pb_column type=&#8221;1_3&#8243; _builder_version=&#8221;3.19.4&#8243; parallax=&#8221;off&#8221; parallax_method=&#8221;on&#8221;][et_pb_cta title=&#8221;Date istorice&#8221; button_url=&#8221;https:\/\/pdi.ro\/2019\/date-istorice\/&#8221; url_new_window=&#8221;on&#8221; button_text=&#8221;Cite\u015fte mai mult&#8221; _builder_version=&#8221;3.19.4&#8243; header_font=&#8221;Kaushan Script|700|||||||&#8221; body_font=&#8221;|600|||||||&#8221; background_image=&#8221;https:\/\/pdi.ro\/2019\/wp-content\/uploads\/2019\/01\/Iasi-vechi_grey-1.jpg&#8221; background_position=&#8221;top_left&#8221; custom_button=&#8221;on&#8221; button_text_color=&#8221;#ffffff&#8221; button_bg_use_color_gradient=&#8221;on&#8221; button_border_width=&#8221;4px&#8221; button_border_color=&#8221;#ffffff&#8221; button_border_radius=&#8221;14px&#8221; button_font=&#8221;||||||||&#8221; button_use_icon=&#8221;off&#8221; background_layout=&#8221;light&#8221; text_shadow_style=&#8221;preset1&#8243; link_option_url_new_window=&#8221;on&#8221; button_bg_color_gradient_start=&#8221;#f0622a&#8221; button_bg_color_gradient_end=&#8221;#e09900&#8243; box_shadow_style=&#8221;preset1&#8243; header_text_color=&#8221;#f0622a&#8221; header_level=&#8221;h1&#8243;]<\/p>\n<p><span style=\"color: #000000;\">Ora\u015ful Ia\u015fi a fost men\u0163ionat pentru prima oar\u0103 \u00eentr-un privilegiu comercial emis \u00een 1408 de domnul Moldovei Alexandru cel Bun. Totu\u015fi, deoarece existau cl\u0103diri mai vechi de aceast\u0103 dat\u0103 (spre exemplu presupusa Biseric\u0103 armean\u0103 costruit\u0103 \u00een 1395), se crede c\u0103 ora\u015ful&#8230;<\/span><\/p>\n<p>[\/et_pb_cta][\/et_pb_column][et_pb_column type=&#8221;1_3&#8243; _builder_version=&#8221;3.19.4&#8243; parallax=&#8221;off&#8221; parallax_method=&#8221;on&#8221;][et_pb_cta title=&#8221;{%22dynamic%22:true,%22content%22:%22post_title%22,%22settings%22:{%22before%22:%22%22,%22after%22:%22%22}}&#8221; button_url=&#8221;https:\/\/pdi.ro\/2019\/atractii-turistice\/&#8221; url_new_window=&#8221;on&#8221; button_text=&#8221;Cite\u015fte mai mult&#8221; _builder_version=&#8221;3.19.4&#8243; header_font=&#8221;Kaushan Script|700|||||||&#8221; body_font=&#8221;|600|||||||&#8221; background_image=&#8221;https:\/\/pdi.ro\/2019\/wp-content\/uploads\/2019\/01\/palatul-culturii-iasi-grey-1.jpg&#8221; custom_button=&#8221;on&#8221; button_text_color=&#8221;#ffffff&#8221; button_bg_use_color_gradient=&#8221;on&#8221; button_border_width=&#8221;4px&#8221; button_border_color=&#8221;#ffffff&#8221; button_border_radius=&#8221;14px&#8221; button_font=&#8221;||||||||&#8221; button_use_icon=&#8221;off&#8221; background_layout=&#8221;light&#8221; text_shadow_style=&#8221;preset1&#8243; button_bg_color_gradient_start=&#8221;#f0622a&#8221; button_bg_color_gradient_end=&#8221;#e09900&#8243; box_shadow_style=&#8221;preset1&#8243; _dynamic_attributes=&#8221;title&#8221; header_text_color=&#8221;#f0622a&#8221; header_level=&#8221;h1&#8243;]<\/p>\n<p><span style=\"color: #000000;\">Palatul Culturii din Iasi a fost inaugurat, \u00een 1926, de c\u0103tre Ferdinand de Hohenzollern. Realizat dup\u0103 planurile arhitectului I.D. Berindei, construc\u0163ia Palatului a durat dou\u0103 decenii. Monumentul a fost ridicat pe ruinele vechii cur\u0163i domne\u015fti (1434),\u00a0 reconstruit\u0103 \u00een stil neoclasic&#8230;<\/span><\/p>\n<p>[\/et_pb_cta][\/et_pb_column][\/et_pb_row][\/et_pb_section][et_pb_section fb_built=&#8221;1&#8243; _builder_version=&#8221;3.19.4&#8243; background_color=&#8221;rgba(117,194,33,0.23)&#8221; background_image=&#8221;https:\/\/pdi.ro\/2019\/wp-content\/uploads\/2019\/01\/back_justflowers_overlay1.png&#8221; background_blend=&#8221;luminosity&#8221; custom_padding=&#8221;54px|0px|0|0px|false|false&#8221; top_divider_style=&#8221;waves2&#8243; top_divider_color=&#8221;#ffffff&#8221; top_divider_height=&#8221;155px&#8221; top_divider_height_phone=&#8221;97px&#8221; top_divider_height_last_edited=&#8221;on|desktop&#8221; bottom_divider_style=&#8221;waves2&#8243; bottom_divider_color=&#8221;#75c221&#8243; bottom_divider_flip=&#8221;vertical&#8221; bottom_divider_height_phone=&#8221;59px&#8221; bottom_divider_height_last_edited=&#8221;on|desktop&#8221;][et_pb_row custom_padding=&#8221;61px|0px|69px|0px|false|false&#8221; _builder_version=&#8221;3.18.9&#8243;][et_pb_column type=&#8221;3_5&#8243; _builder_version=&#8221;3.18.9&#8243; parallax=&#8221;off&#8221; parallax_method=&#8221;on&#8221;][et_pb_text _builder_version=&#8221;3.19.4&#8243; text_font=&#8221;Kaushan Script||||||||&#8221; text_text_color=&#8221;#f0622a&#8221; text_font_size=&#8221;30px&#8221; text_font_size_last_edited=&#8221;on|desktop&#8221; text_line_height=&#8221;1.2em&#8221; header_font=&#8221;||||||||&#8221; background_layout=&#8221;dark&#8221;]<\/p>\n<p>Contacteaz\u0103 operatorul PDI 2019<\/p>\n<p>[\/et_pb_text][et_pb_contact_form email=&#8221;contact@pdi.ro\/2019&#8243; submit_button_text=&#8221;Trimite mesajul&#8221; _builder_version=&#8221;3.19.4&#8243; title_font=&#8221;||||||||&#8221;][et_pb_contact_field field_id=&#8221;Name&#8221; field_title=&#8221;Nume&#8221; _builder_version=&#8221;3.18.9&#8243; border_radii=&#8221;on||||&#8221; button_text_size__hover_enabled=&#8221;off&#8221; button_one_text_size__hover_enabled=&#8221;off&#8221; button_two_text_size__hover_enabled=&#8221;off&#8221; button_text_color__hover_enabled=&#8221;off&#8221; button_one_text_color__hover_enabled=&#8221;off&#8221; button_two_text_color__hover_enabled=&#8221;off&#8221; button_border_width__hover_enabled=&#8221;off&#8221; button_one_border_width__hover_enabled=&#8221;off&#8221; button_two_border_width__hover_enabled=&#8221;off&#8221; button_border_color__hover_enabled=&#8221;off&#8221; button_one_border_color__hover_enabled=&#8221;off&#8221; button_two_border_color__hover_enabled=&#8221;off&#8221; button_border_radius__hover_enabled=&#8221;off&#8221; button_one_border_radius__hover_enabled=&#8221;off&#8221; button_two_border_radius__hover_enabled=&#8221;off&#8221; button_letter_spacing__hover_enabled=&#8221;off&#8221; button_one_letter_spacing__hover_enabled=&#8221;off&#8221; button_two_letter_spacing__hover_enabled=&#8221;off&#8221; button_bg_color__hover_enabled=&#8221;off&#8221; button_one_bg_color__hover_enabled=&#8221;off&#8221; button_two_bg_color__hover_enabled=&#8221;off&#8221;][\/et_pb_contact_field][et_pb_contact_field field_id=&#8221;Email&#8221; field_title=&#8221;Adresa de e-mail&#8221; field_type=&#8221;email&#8221; _builder_version=&#8221;3.19.4&#8243; border_radii=&#8221;on||||&#8221; button_text_size__hover_enabled=&#8221;off&#8221; button_one_text_size__hover_enabled=&#8221;off&#8221; button_two_text_size__hover_enabled=&#8221;off&#8221; button_text_color__hover_enabled=&#8221;off&#8221; button_one_text_color__hover_enabled=&#8221;off&#8221; button_two_text_color__hover_enabled=&#8221;off&#8221; button_border_width__hover_enabled=&#8221;off&#8221; button_one_border_width__hover_enabled=&#8221;off&#8221; button_two_border_width__hover_enabled=&#8221;off&#8221; button_border_color__hover_enabled=&#8221;off&#8221; button_one_border_color__hover_enabled=&#8221;off&#8221; button_two_border_color__hover_enabled=&#8221;off&#8221; button_border_radius__hover_enabled=&#8221;off&#8221; button_one_border_radius__hover_enabled=&#8221;off&#8221; button_two_border_radius__hover_enabled=&#8221;off&#8221; button_letter_spacing__hover_enabled=&#8221;off&#8221; button_one_letter_spacing__hover_enabled=&#8221;off&#8221; button_two_letter_spacing__hover_enabled=&#8221;off&#8221; button_bg_color__hover_enabled=&#8221;off&#8221; button_one_bg_color__hover_enabled=&#8221;off&#8221; button_two_bg_color__hover_enabled=&#8221;off&#8221;][\/et_pb_contact_field][et_pb_contact_field field_id=&#8221;Message&#8221; field_title=&#8221;Mesajul dvs.&#8221; field_type=&#8221;text&#8221; fullwidth_field=&#8221;on&#8221; _builder_version=&#8221;3.18.9&#8243; border_radii=&#8221;on||||&#8221; button_text_size__hover_enabled=&#8221;off&#8221; button_one_text_size__hover_enabled=&#8221;off&#8221; button_two_text_size__hover_enabled=&#8221;off&#8221; button_text_color__hover_enabled=&#8221;off&#8221; button_one_text_color__hover_enabled=&#8221;off&#8221; button_two_text_color__hover_enabled=&#8221;off&#8221; button_border_width__hover_enabled=&#8221;off&#8221; button_one_border_width__hover_enabled=&#8221;off&#8221; button_two_border_width__hover_enabled=&#8221;off&#8221; button_border_color__hover_enabled=&#8221;off&#8221; button_one_border_color__hover_enabled=&#8221;off&#8221; button_two_border_color__hover_enabled=&#8221;off&#8221; button_border_radius__hover_enabled=&#8221;off&#8221; button_one_border_radius__hover_enabled=&#8221;off&#8221; button_two_border_radius__hover_enabled=&#8221;off&#8221; button_letter_spacing__hover_enabled=&#8221;off&#8221; button_one_letter_spacing__hover_enabled=&#8221;off&#8221; button_two_letter_spacing__hover_enabled=&#8221;off&#8221; button_bg_color__hover_enabled=&#8221;off&#8221; button_one_bg_color__hover_enabled=&#8221;off&#8221; button_two_bg_color__hover_enabled=&#8221;off&#8221;][\/et_pb_contact_field][\/et_pb_contact_form][\/et_pb_column][et_pb_column type=&#8221;2_5&#8243; _builder_version=&#8221;3.18.9&#8243; parallax=&#8221;off&#8221; parallax_method=&#8221;on&#8221;][et_pb_text _builder_version=&#8221;3.19.4&#8243; text_font=&#8221;Kaushan Script||||||||&#8221; text_text_color=&#8221;#f0622a&#8221; text_font_size=&#8221;30px&#8221; header_font=&#8221;||||||||&#8221; background_layout=&#8221;dark&#8221;]<\/p>\n<p>Operatorul PDI 2019<\/p>\n<p>[\/et_pb_text][et_pb_text _builder_version=&#8221;3.19.4&#8243; text_font=&#8221;||||||||&#8221;]<span><img loading=\"lazy\" decoding=\"async\" src=\"https:\/\/pdi.ro\/2019\/wp-content\/uploads\/2019\/01\/eventer_logo_150px.png\" width=\"151\" height=\"33\" alt=\"\" class=\"wp-image-774 alignleft size-full\" \/><\/span><\/p>\n<p><span><\/span><\/p>\n<p><span><\/span><\/p>\n<p><span>Adresa: Str. A. Panu nr. 13, Iasi<\/span><br \/>\n<span>Tel.: 0332.40.88.00-05<\/span><br \/>\n<span>E-mail: <a href=\"mailto:inscrieri@pdi.ro\/2019\" target=\"_blank\">inscrieri@pdi.ro\/2019<\/a><br \/>\n<\/span><span>Website:\u00a0<\/span><a href=\"http:\/\/www.eventernet.ro\/\" target=\"Blank\">www.eventernet.ro<\/a>[\/et_pb_text][\/et_pb_column][\/et_pb_row][\/et_pb_section]<\/p>\n","protected":false},"excerpt":{"rendered":"<p>Ia\u015fi este un ora\u015f al marilor idei, al primei mari uniri, al primului spectacol de teatru \u00een limba rom\u00e2n\u0103 \u015fi al primului muzeu literar memorial (Bojdeuca din \u021aic\u0103u). F\u0103ra \u00eendoial\u0103 Ia\u015ful reprezint\u0103 \u00een continuare capitala cultural\u0103 a \u0163\u0103rii. Ora\u015ful Ia\u015fi a fost men\u0163ionat pentru prima oar\u0103 \u00eentr-un privilegiu comercial emis \u00een 1408 de domnul Moldovei [&hellip;]<\/p>\n","protected":false},"author":2,"featured_media":0,"parent":0,"menu_order":0,"comment_status":"closed","ping_status":"closed","template":"","meta":{"_et_pb_use_builder":"on","_et_pb_old_content":"","_et_gb_content_width":"","_exactmetrics_skip_tracking":false,"_exactmetrics_sitenote_active":false,"_exactmetrics_sitenote_note":"","_exactmetrics_sitenote_category":0,"footnotes":""},"class_list":["post-172","page","type-page","status-publish","hentry"],"_links":{"self":[{"href":"https:\/\/pdi.ro\/2019\/wp-json\/wp\/v2\/pages\/172","targetHints":{"allow":["GET"]}}],"collection":[{"href":"https:\/\/pdi.ro\/2019\/wp-json\/wp\/v2\/pages"}],"about":[{"href":"https:\/\/pdi.ro\/2019\/wp-json\/wp\/v2\/types\/page"}],"author":[{"embeddable":true,"href":"https:\/\/pdi.ro\/2019\/wp-json\/wp\/v2\/users\/2"}],"replies":[{"embeddable":true,"href":"https:\/\/pdi.ro\/2019\/wp-json\/wp\/v2\/comments?post=172"}],"version-history":[{"count":18,"href":"https:\/\/pdi.ro\/2019\/wp-json\/wp\/v2\/pages\/172\/revisions"}],"predecessor-version":[{"id":577,"href":"https:\/\/pdi.ro\/2019\/wp-json\/wp\/v2\/pages\/172\/revisions\/577"}],"wp:attachment":[{"href":"https:\/\/pdi.ro\/2019\/wp-json\/wp\/v2\/media?parent=172"}],"curies":[{"name":"wp","href":"https:\/\/api.w.org\/{rel}","templated":true}]}}