{"id":4735,"date":"2019-03-11T16:39:37","date_gmt":"2019-03-11T16:39:37","guid":{"rendered":"https:\/\/primaderma.ro\/2019\/?page_id=4735"},"modified":"2019-03-11T16:45:38","modified_gmt":"2019-03-11T16:45:38","slug":"sef-lucr-dr-stoleriu-gabriela","status":"publish","type":"page","link":"https:\/\/pdi.ro\/2019\/sef-lucr-dr-stoleriu-gabriela\/","title":{"rendered":"\u0218ef lucr. Dr. Stoleriu Gabriela"},"content":{"rendered":"<p>[et_pb_section fb_built=&#8221;1&#8243; fullwidth=&#8221;on&#8221; disabled_on=&#8221;on|off|off&#8221; _builder_version=&#8221;3.19.4&#8243; custom_margin=&#8221;||&#8221; custom_padding=&#8221;15px||29px&#8221; top_divider_style=&#8221;waves2&#8243; top_divider_color=&#8221;#f0622a&#8221; top_divider_flip=&#8221;horizontal|vertical&#8221; bottom_divider_style=&#8221;waves2&#8243; bottom_divider_color=&#8221;#fcdedb&#8221; bottom_divider_height=&#8221;105px&#8221; bottom_divider_flip=&#8221;vertical&#8221; collapsed=&#8221;off&#8221;][et_pb_fullwidth_header title=&#8221;{%22dynamic%22:true,%22content%22:%22post_title%22,%22settings%22:{%22before%22:%22%22,%22after%22:%22%22}}&#8221; text_orientation=&#8221;right&#8221; header_image_url=&#8221;https:\/\/pdi.ro\/2019\/wp-content\/uploads\/2019\/01\/Primaderma2019_logo_300px.png&#8221; disabled_on=&#8221;on|on|off&#8221; _builder_version=&#8221;3.19.4&#8243; _dynamic_attributes=&#8221;title&#8221; title_font=&#8221;Kaushan Script||||||||&#8221; title_text_align=&#8221;right&#8221; title_text_color=&#8221;#f0622a&#8221; title_font_size=&#8221;50px&#8221; content_font=&#8221;|600||on|||||&#8221; content_text_align=&#8221;center&#8221; content_text_color=&#8221;#686766&#8243; content_font_size=&#8221;15px&#8221; content_font_size_phone=&#8221;15px&#8221; content_font_size_last_edited=&#8221;on|desktop&#8221; subhead_font=&#8221;||||||||&#8221; background_color=&#8221;rgba(239,145,107,0.54)&#8221; background_image=&#8221;https:\/\/pdi.ro\/2019\/wp-content\/uploads\/2019\/01\/back.jpg&#8221; background_layout=&#8221;light&#8221; custom_margin=&#8221;0px||8px&#8221; custom_padding=&#8221;40px||40px||true&#8221;][\/et_pb_fullwidth_header][\/et_pb_section][et_pb_section fb_built=&#8221;1&#8243; _builder_version=&#8221;3.19.18&#8243;][et_pb_row _builder_version=&#8221;3.19.18&#8243;][et_pb_column type=&#8221;2_5&#8243; _builder_version=&#8221;3.19.18&#8243;][et_pb_image src=&#8221;https:\/\/pdi.ro\/2019\/wp-content\/uploads\/2019\/03\/Gabriela-Stoleriu.jpg&#8221; align=&#8221;center&#8221; _builder_version=&#8221;3.19.18&#8243; border_radii=&#8221;on|100px|100px|100px|100px&#8221; max_width=&#8221;31%&#8221;][\/et_pb_image][\/et_pb_column][et_pb_column type=&#8221;3_5&#8243; _builder_version=&#8221;3.19.18&#8243;][et_pb_text _builder_version=&#8221;3.19.18&#8243;]<\/p>\n<h4><span style=\"color: #ff6600;\"><strong><\/strong><\/span><\/h4>\n<h4><span style=\"color: #ff6600;\"><strong><\/strong><\/span><\/h4>\n<h4><span style=\"color: #ff6600;\"><strong><\/strong><\/span><\/h4>\n<h4><span style=\"color: #ff6600;\"><strong>\u0218ef lucr. Dr. Stoleriu Gabriela<\/strong><\/span><br \/><span style=\"color: #ff6600;\"><strong> Facultatea de Medicin\u0103 \u0219i Farmacie, Universitatea \u201dDun\u0103rea de Jos\u201d, Gala\u021bi<\/strong><\/span><\/h4>\n<p>[\/et_pb_text][\/et_pb_column][\/et_pb_row][et_pb_row _builder_version=&#8221;3.19.18&#8243;][et_pb_column type=&#8221;4_4&#8243; _builder_version=&#8221;3.19.18&#8243;][et_pb_text _builder_version=&#8221;3.19.18&#8243;]<\/p>\n<p style=\"text-align: justify;\"><span style=\"color: #ff6600;\"><strong>Actualit\u0103\u021bi \u0219i perspective \u00een managementul melanomului malign<\/strong><\/span><br \/><span style=\"color: #ff6600;\"> Autori: Gabriela Stoleriu, C\u0103t\u0103lina Maria Voicu, Florina Mihaela Filip-Ciubotaru, Nicu\u021ba Manolache, Daciana Elena Br\u0103ni\u0219teanu<\/span><\/p>\n<p style=\"text-align: justify;\">Melanomul malign este o tumora malign\u0103 cutanat\u0103 care are o inciden\u021b\u0103 \u00een continu\u0103 cre\u0219tere \u00een ultimii ani, dispus\u0103 cu predilec\u021bie pe ariile fotoexpuse. Dac\u0103 pacientul se prezint\u0103 la dermatolog la debut, excizia chirurgical\u0103 total\u0103 a tumorii poate duce la vindecare complet\u0103, dar \u00een cazul apari\u021biei metastazelor prognosticul este sumbru. Rolul dermatologului \u0219i al dermoscopiei sunt esen\u021biale \u00een diagnosticarea corect\u0103 \u0219i rapid\u0103 a melanomului. Studiul nostru, realizat pe o perioad\u0103 de 12 ani, pe un lot de peste 6000 pacien\u021bi interna\u021bi \u00een sec\u021bii de dermato-venerologie, chirurgie plastic\u0103 \u0219i reparatorie, oftalmologie, ORL, ortopedie, dar \u0219i gastro-enterologie, chirurgie vascular\u0103. Rolul abord\u0103rii interdisciplinare a carcinoamelor cutanate este eviden\u021biat de buna colaborare a medicilor din diferite sec\u021bii \u0219i supravie\u021buirea pe termen lung a pacien\u021bilor trata\u021bi. Cuno\u0219tin\u021bele actuale din domeniul medicinei moleculare \u0219i genomice au determinat noi valen\u021be \u00een diagnosticarea corect\u0103, selec\u021bia tratamentului adecvat, conduita terapeutic\u0103 \u0219i monitorizarea tratamentului carcinoamelor cutanate. At\u00e2t strategiile terapeutice chirurgicale, c\u00e2t \u0219i cele oncologice trebuie luate \u00een considerare deoarece asocierea exciziei cu tratamentele cu \u021bint\u0103 oncogen\u0103 \u0219i imun\u0103 sunt eficace \u00een multe cazuri, cu efectul pozitiv al cre\u0219terii ratei de supravie\u021buire.<\/p>\n<p style=\"text-align: justify;\"><span style=\"color: #ff6600;\">Current status and perspectives in the management of malignant melanoma<\/span><br \/><span style=\"color: #ff6600;\"> Authors:\u00a0Gabriela Stoleriu, C\u0103t\u0103lina Maria Voicu, Florina Mihaela Filip-Ciubotaru, Nicu\u021ba Manolache, Daciana Elena Br\u0103ni\u0219teanu<\/span><\/p>\n<p style=\"text-align: justify;\">Melanoma is a malignant skin tumor that has a steadily increasing incidence over the past few years, predominantly placed on sun exposed areas. If the patient presents himself to the dermatologist at onset, the total surgical excision of the tumor may lead to complete healing, but in the case of metastases the prognosis is dark. The role of dermatologist and dermoscopy is essential in the correct and rapid diagnosis of melanoma. Our study, conducted over a period of 12 years, on a batch of over 6000 patients admitted to dermatology, plastic surgery, ophthalmology, ENT, orthopedics, as well as gastro-enterology, vascular surgery. The role of the interdisciplinary approach of skin carcinomas is evidenced by the good collaboration of physicians from different departments and the long-term survival of the treated patients. Current knowledge in the field of molecular and genomic medicine has led to new valences in correct diagnosis, selection of appropriate treatment, following up and monitoring of cutaneous carcinoma treatment. Both surgical and oncological therapies must be taken into account because the association of excision with oncogenic and immune targeted treatments are effective in many cases resulting in the growth of the survival survival rate.<\/p>\n<p style=\"text-align: justify;\"><span style=\"color: #ff6600;\"><strong>Eficien\u021ba LASERului Nd:YAG 1064nm pe leziuni vasculare: posibilit\u0103\u021bi \u0219i limite<\/strong><\/span><br \/><span style=\"color: #ff6600;\"> Gabriela Stoleriu, C\u0103t\u0103lina Maria Voicu, Florina Mihaela Filip-Ciubotaru, Nicu\u021ba Manolache, Daciana Elena Br\u0103ni\u0219teanu<\/span><\/p>\n<p style=\"text-align: justify;\">Aparatele LASER (amplificarea luminii prin stimularea emisiei de radia\u021bie) sunt dispozitive optice care genereaz\u0103 un fascicul coerent de lumin\u0103, paralel, cu un spectru \u00eengust de lungimi de und\u0103 \u0219i cu energie mare. Dispozitivele LASER pot ave diferite medii active: lichide, solide, gazoase (nuclee: diod\u0103, CO2, Argon, Alexandrite, Nd:YAG etc), fiecare av\u00e2nd o gam\u0103 restr\u00e2ns\u0103 de indica\u021bii. Aparatul LASER ales de noi pentru a tratata leziuni vasculare \u00een ultimii ani este Nd:YAG (Neodymium-doped Yttrium Aluminum Garnet) cu lungime de und\u0103 1064 nm. Oxihemoglobina este cromofor pentru LASERul Nd:YAG, iar principiul terapeutic al acestui tip de laser este de a crea leziuni ale endoteliului vascular, obiectivul final fiind obturarea lumenului venos. Unda LASER emis\u0103 \u0219i transmis\u0103 transcutanat este absorbit\u0103 de oxihemoglobin\u0103 \u0219i le transformat\u0103 \u00een energie termic\u0103, care coaguleaz\u0103 \u0219i apoi distruge vasul sangvin \u021bint\u0103, f\u0103r\u0103 a afecta structurile tisulare suprajacente. Am ales un anumit tip de dispozitiv LASER Nd:YAG dup\u0103 o experien\u021b\u0103 de peste 10 ani cu trei aparate de la diferi\u021bi produc\u0103tori. Pacien\u021bii selecta\u021bi pentru tratament LASER au prezentat telangiectazii, venectazii \u0219i diferite tipuri de hemangioame. S-a utilizat lungimea de und\u0103 1064 nm, cu o durat\u0103 a pulsului \u00eentre 10-40 ms \u0219i o energie variind \u00eentre 160-190 J\/ cm2, cu o m\u0103rime a spotului \u00eentre 3-7 mm. Eficacitatea de 100% a acestei metode de tratament a leziunilor vasculare a constat \u00een dispari\u021bia vaselor de s\u00e2nge tratate, f\u0103r\u0103 sechele \u00een majoritatea cazurilor. \u00centr-un procent de 20% cazuri s-au instalat pete hipercrome reziduale tranzitorii.<\/p>\n<p style=\"text-align: justify;\"><span style=\"color: #ff6600;\">The Nd: YAG 1064nm LASER efficiency on vascular lesions: possibilities and limitations<\/span><br \/><span style=\"color: #ff6600;\"> Authors:\u00a0Gabriela Stoleriu, C\u0103t\u0103lina Maria Voicu, Florina Mihaela Filip-Ciubotaru, Nicu\u021ba Manolache, Daciana Elena Br\u0103ni\u0219teanu<\/span><\/p>\n<p style=\"text-align: justify;\">LASER (Light Amplification by Stimulated Emission of Radiation) are optical devices that generate a coherent parallel light beam with a narrow spectrum of wavelengths and high energy. The gain medium of a laser can be: liquid, solid, gas (nucleus: diode, CO2, Argon, Alexandrite, Nd: YAG etc), each with a limited range of indications. In recent years, the LASER device chosen by us to treat vascular lesions is Nd:YAG (Neodymium-doped Yttrium Aluminum Garnet) with a wavelength of 1064 nm. Oxyhemoglobin is a chromophore for the Nd: YAG LASER and the therapeutic principle of this type of laser is to create vascular endothelium lesions, the ultimate endpoint being the venous lumen obturation. The LASER emitted and transmitted transcutaneously is absorbed by oxyhemoglobin and transformed into thermal energy, which coagulates and then destroys the target blood vessel without affecting the above tissue structures. We chose a specific type of LASER Nd: YAG device, after more than 10 years experience with three devices from different manufacturers. Patients selected for LASER treatment presented telangiectasia, venectasias and various types of hemangiomas. A wavelength of 1064 nm was used, with a pulse duration of 10-40 ms and an energy varying between 160-190 J\/ cm2, with a spot size of 3-7 mm. The 100% effectiveness of this method of treating vascular lesions consisted in the disappearance of LASER treated blood vessels, with no sequels in most cases. In 20% of cases, transient residual hyperchromic spots resulted.<\/p>\n<p style=\"text-align: justify;\"><span style=\"color: #ff6600;\">Scurt CV<\/span><\/p>\n<ul>\n<li style=\"text-align: justify;\">\u0218ef lucr\u0103ri Dr. Departamentul \u0218tiin\u021be Farmaceutice, Facultatea de Medicin\u0103 \u0219i Farmacie, Universitatea \u201dDun\u0103rea de Jos\u201d, Gala\u021bi, urm\u00e2nd cariera universitar\u0103 de 20 ani.<\/li>\n<li style=\"text-align: justify;\">Medic primar dermatovenerolog Spitalul Clinic Jude\u021bean de Urgen\u021b\u0103 \u201dSf. Spiridon\u201d, Ia\u0219i<\/li>\n<li style=\"text-align: justify;\">Doctor \u00een Medicin\u0103<\/li>\n<li style=\"text-align: justify;\">Competen\u021b\u0103 \u00een Dermato-Cosmetologie<\/li>\n<li style=\"text-align: justify;\">Formator \u00een dermato-cosmetologie<\/li>\n<li style=\"text-align: justify;\">Medic rezident alergologie \u0219i imunologie clinic\u0103 Centrul Universitar Gala\u021bi<\/li>\n<\/ul>\n<p style=\"text-align: justify;\"><strong>Colabor\u0103ri:<\/strong><br \/> Derma Clinique, Ia\u0219i<br \/> MedLife, Gala\u021bi<\/p>\n<p><strong>Afiliere profesional\u0103:<\/strong><\/p>\n<ul>\n<li style=\"text-align: justify;\">Societatea Rom\u00e2n\u0103 de Dermatologie (SRD)<\/li>\n<li style=\"text-align: justify;\">Societatea de Medici \u0219i Naturali\u0219ti \u2013 Ia\u015fi (SMN)<\/li>\n<li style=\"text-align: justify;\">Asocia\u0163ia Dermatologilor din Moldova (ADEM)<\/li>\n<li style=\"text-align: justify;\">Societatea Rom\u00e2na de Dermato-Oncologie (SRDO)<\/li>\n<li style=\"text-align: justify;\">European Academy of Dermato-Venerology (EADV)<\/li>\n<li style=\"text-align: justify;\">International Dermoscopy Society (IDS)<\/li>\n<li style=\"text-align: justify;\">World Academy of Medical Sciences (WAMS)<\/li>\n<li>American Academy of Dermatology (AAD)<\/li>\n<li>Membr\u0103 a Comitetului Na\u021bional al World Academy of Medical Sciences (WAMS) \u2013 Republica Moldova<\/li>\n<li>Membr\u0103 a WAMS General Council (The World Medical Sciences Council)<\/li>\n<\/ul>\n<p style=\"text-align: justify;\"><strong>Coautor \u0219i colaborator a numeroase c\u0103r\u021bi de specialitate:<\/strong><br \/> Interdisciplinaritatea \u00een dermatologie la superlativ, Provoc\u0103ri de diagnostic \u0219i tratament \u2013 Cazuri clinice, Patologia dermatologic\u0103 la grani\u021ba dintre specialit\u0103\u021bi, Noi frontiere \u00een dermatologie, \u00cengrijiri medicale calificate pentru asisten\u021bii medicali, Frontiere interdisciplinare \u00een dermatologie, Dermatologia la interfa\u021ba cu alte specialit\u0103\u021bi, vol. I, Ghid pentru practica medicului de familie, vol. III, Medicina de familie \u2013 simptom, sindrom \u0219i boal\u0103, Ghid pentru practica medicului de familie, vol. II, Dermatology and sexually transmitted diseases, Factori de risc \u00een bolile cronice \u0219i medicul de familie.<\/p>\n<p style=\"text-align: justify;\"><strong>Membr\u0103 \u00een colectivul de redac\u021bie:<\/strong><br \/> Revista Buletinul Medicina Familiei<\/p>\n<p style=\"text-align: justify;\"><strong>Membru organizator manifest\u0103ri \u0219tiin\u021bifice:<\/strong><br \/> &#8211; 1999-2014: Consf\u0103tuirea Regional\u0103 de Dermatologie \u201cZilele Gh. N\u0103stase\u201d (p\u00e2n\u0103 \u00een 2000) \u0219i, din anul 2001, denumit\u0103 Conferin\u0163a de Dermatologie \u201cZilele Gh. N\u0103stase\u201d, Ia\u0219i, C\u00e2mpulung Moldovenesc<br \/> &#8211; 2014-2019: Prim\u0103vara dermatologic\u0103 ie\u0219ean\u0103, Ia\u0219i<br \/> &#8211; 2015: A XI-a edi\u021bie a Conferin\u021bei Na\u021bionale &#8220;Medicina de familie \u2013 prima linie \u00een asisten\u021ba medical\u0103\u201d, Br\u0103ila<br \/> &#8211; 2018: Conferin\u021ba European\u0103 de Psihiatrie \u0219i S\u0103n\u0103tate Mintal\u0103 &#8220;Galatia 2019\u201d<\/p>\n<p>[\/et_pb_text][\/et_pb_column][\/et_pb_row][\/et_pb_section][et_pb_section fb_built=&#8221;1&#8243; _builder_version=&#8221;3.19.4&#8243; background_color=&#8221;rgba(117,194,33,0.23)&#8221; background_image=&#8221;https:\/\/pdi.ro\/2019\/wp-content\/uploads\/2019\/01\/back_justflowers_overlay1.png&#8221; background_blend=&#8221;luminosity&#8221; custom_padding=&#8221;54px|0px|0|0px|false|false&#8221; top_divider_style=&#8221;waves2&#8243; top_divider_color=&#8221;#ffffff&#8221; top_divider_height=&#8221;155px&#8221; bottom_divider_style=&#8221;waves2&#8243; bottom_divider_color=&#8221;#75c221&#8243; bottom_divider_flip=&#8221;vertical&#8221;][et_pb_row custom_padding=&#8221;61px|0px|69px|0px|false|false&#8221; _builder_version=&#8221;3.18.9&#8243;][et_pb_column type=&#8221;3_5&#8243; _builder_version=&#8221;3.18.9&#8243;][et_pb_text _builder_version=&#8221;3.19.4&#8243; text_font=&#8221;Kaushan Script||||||||&#8221; text_text_color=&#8221;#f0622a&#8221; text_font_size=&#8221;30px&#8221; header_font=&#8221;||||||||&#8221; background_layout=&#8221;dark&#8221;]<\/p>\n<p>Contacteaz\u0103 operatorul PDI 2019<\/p>\n<p>[\/et_pb_text][et_pb_contact_form email=&#8221;contact@pdi.ro\/2019&#8243; submit_button_text=&#8221;Trimite mesajul&#8221; _builder_version=&#8221;3.19.4&#8243; title_font=&#8221;||||||||&#8221;][et_pb_contact_field field_id=&#8221;Name&#8221; field_title=&#8221;Nume&#8221; _builder_version=&#8221;3.18.9&#8243; border_radii=&#8221;on||||&#8221; button_text_size__hover_enabled=&#8221;off&#8221; button_one_text_size__hover_enabled=&#8221;off&#8221; button_two_text_size__hover_enabled=&#8221;off&#8221; button_text_color__hover_enabled=&#8221;off&#8221; button_one_text_color__hover_enabled=&#8221;off&#8221; button_two_text_color__hover_enabled=&#8221;off&#8221; button_border_width__hover_enabled=&#8221;off&#8221; button_one_border_width__hover_enabled=&#8221;off&#8221; button_two_border_width__hover_enabled=&#8221;off&#8221; button_border_color__hover_enabled=&#8221;off&#8221; button_one_border_color__hover_enabled=&#8221;off&#8221; button_two_border_color__hover_enabled=&#8221;off&#8221; button_border_radius__hover_enabled=&#8221;off&#8221; button_one_border_radius__hover_enabled=&#8221;off&#8221; button_two_border_radius__hover_enabled=&#8221;off&#8221; button_letter_spacing__hover_enabled=&#8221;off&#8221; button_one_letter_spacing__hover_enabled=&#8221;off&#8221; button_two_letter_spacing__hover_enabled=&#8221;off&#8221; button_bg_color__hover_enabled=&#8221;off&#8221; button_one_bg_color__hover_enabled=&#8221;off&#8221; button_two_bg_color__hover_enabled=&#8221;off&#8221;][\/et_pb_contact_field][et_pb_contact_field field_id=&#8221;Email&#8221; field_title=&#8221;Adresa de e-mail&#8221; field_type=&#8221;email&#8221; _builder_version=&#8221;3.19.4&#8243; border_radii=&#8221;on||||&#8221; button_text_size__hover_enabled=&#8221;off&#8221; button_one_text_size__hover_enabled=&#8221;off&#8221; button_two_text_size__hover_enabled=&#8221;off&#8221; button_text_color__hover_enabled=&#8221;off&#8221; button_one_text_color__hover_enabled=&#8221;off&#8221; button_two_text_color__hover_enabled=&#8221;off&#8221; button_border_width__hover_enabled=&#8221;off&#8221; button_one_border_width__hover_enabled=&#8221;off&#8221; button_two_border_width__hover_enabled=&#8221;off&#8221; button_border_color__hover_enabled=&#8221;off&#8221; button_one_border_color__hover_enabled=&#8221;off&#8221; button_two_border_color__hover_enabled=&#8221;off&#8221; button_border_radius__hover_enabled=&#8221;off&#8221; button_one_border_radius__hover_enabled=&#8221;off&#8221; button_two_border_radius__hover_enabled=&#8221;off&#8221; button_letter_spacing__hover_enabled=&#8221;off&#8221; button_one_letter_spacing__hover_enabled=&#8221;off&#8221; button_two_letter_spacing__hover_enabled=&#8221;off&#8221; button_bg_color__hover_enabled=&#8221;off&#8221; button_one_bg_color__hover_enabled=&#8221;off&#8221; button_two_bg_color__hover_enabled=&#8221;off&#8221;][\/et_pb_contact_field][et_pb_contact_field field_id=&#8221;Message&#8221; field_title=&#8221;Mesajul dvs.&#8221; field_type=&#8221;text&#8221; fullwidth_field=&#8221;on&#8221; _builder_version=&#8221;3.18.9&#8243; border_radii=&#8221;on||||&#8221; button_text_size__hover_enabled=&#8221;off&#8221; button_one_text_size__hover_enabled=&#8221;off&#8221; button_two_text_size__hover_enabled=&#8221;off&#8221; button_text_color__hover_enabled=&#8221;off&#8221; button_one_text_color__hover_enabled=&#8221;off&#8221; button_two_text_color__hover_enabled=&#8221;off&#8221; button_border_width__hover_enabled=&#8221;off&#8221; button_one_border_width__hover_enabled=&#8221;off&#8221; button_two_border_width__hover_enabled=&#8221;off&#8221; button_border_color__hover_enabled=&#8221;off&#8221; button_one_border_color__hover_enabled=&#8221;off&#8221; button_two_border_color__hover_enabled=&#8221;off&#8221; button_border_radius__hover_enabled=&#8221;off&#8221; button_one_border_radius__hover_enabled=&#8221;off&#8221; button_two_border_radius__hover_enabled=&#8221;off&#8221; button_letter_spacing__hover_enabled=&#8221;off&#8221; button_one_letter_spacing__hover_enabled=&#8221;off&#8221; button_two_letter_spacing__hover_enabled=&#8221;off&#8221; button_bg_color__hover_enabled=&#8221;off&#8221; button_one_bg_color__hover_enabled=&#8221;off&#8221; button_two_bg_color__hover_enabled=&#8221;off&#8221;][\/et_pb_contact_field][\/et_pb_contact_form][\/et_pb_column][et_pb_column type=&#8221;2_5&#8243; _builder_version=&#8221;3.18.9&#8243;][et_pb_text _builder_version=&#8221;3.19.4&#8243; text_font=&#8221;Kaushan Script||||||||&#8221; text_text_color=&#8221;#f0622a&#8221; text_font_size=&#8221;30px&#8221; header_font=&#8221;||||||||&#8221; background_layout=&#8221;dark&#8221;]<\/p>\n<p>Operatorul PDI 2019<\/p>\n<p>[\/et_pb_text][et_pb_text _builder_version=&#8221;3.19.4&#8243; text_font=&#8221;||||||||&#8221;]<span><img loading=\"lazy\" decoding=\"async\" src=\"https:\/\/pdi.ro\/2019\/wp-content\/uploads\/2019\/01\/eventer_logo_150px.png\" width=\"151\" height=\"33\" alt=\"\" class=\"wp-image-774 alignleft size-full\" \/><\/span><\/p>\n<p><span><\/span><\/p>\n<p><span><\/span><\/p>\n<p><span>Adresa: Str. A. Panu nr. 13, Iasi<\/span><br \/>\n<span>Tel.: 0332.40.88.00-05<\/span><br \/>\n<span>E-mail: <a href=\"mailto:inscrieri@pdi.ro\/2019\" target=\"_blank\" rel=\"noopener noreferrer\">inscrieri@pdi.ro\/2019<\/a><br \/>\n<\/span><span>Website:\u00a0<\/span><a href=\"http:\/\/www.eventernet.ro\/\" target=\"Blank\" rel=\"noopener noreferrer\">www.eventernet.ro<\/a>[\/et_pb_text][\/et_pb_column][\/et_pb_row][\/et_pb_section]<\/p>\n","protected":false},"excerpt":{"rendered":"<p>\u0218ef lucr. Dr. Stoleriu Gabriela Facultatea de Medicin\u0103 \u0219i Farmacie, Universitatea \u201dDun\u0103rea de Jos\u201d, Gala\u021biActualit\u0103\u021bi \u0219i perspective \u00een managementul melanomului malign Autori: Gabriela Stoleriu, C\u0103t\u0103lina Maria Voicu, Florina Mihaela Filip-Ciubotaru, Nicu\u021ba Manolache, Daciana Elena Br\u0103ni\u0219teanu Melanomul malign este o tumora malign\u0103 cutanat\u0103 care are o inciden\u021b\u0103 \u00een continu\u0103 cre\u0219tere \u00een ultimii ani, dispus\u0103 cu predilec\u021bie [&hellip;]<\/p>\n","protected":false},"author":2,"featured_media":0,"parent":0,"menu_order":0,"comment_status":"closed","ping_status":"closed","template":"","meta":{"_et_pb_use_builder":"on","_et_pb_old_content":"","_et_gb_content_width":"","_exactmetrics_skip_tracking":false,"_exactmetrics_sitenote_active":false,"_exactmetrics_sitenote_note":"","_exactmetrics_sitenote_category":0,"footnotes":""},"class_list":["post-4735","page","type-page","status-publish","hentry"],"_links":{"self":[{"href":"https:\/\/pdi.ro\/2019\/wp-json\/wp\/v2\/pages\/4735","targetHints":{"allow":["GET"]}}],"collection":[{"href":"https:\/\/pdi.ro\/2019\/wp-json\/wp\/v2\/pages"}],"about":[{"href":"https:\/\/pdi.ro\/2019\/wp-json\/wp\/v2\/types\/page"}],"author":[{"embeddable":true,"href":"https:\/\/pdi.ro\/2019\/wp-json\/wp\/v2\/users\/2"}],"replies":[{"embeddable":true,"href":"https:\/\/pdi.ro\/2019\/wp-json\/wp\/v2\/comments?post=4735"}],"version-history":[{"count":4,"href":"https:\/\/pdi.ro\/2019\/wp-json\/wp\/v2\/pages\/4735\/revisions"}],"predecessor-version":[{"id":4742,"href":"https:\/\/pdi.ro\/2019\/wp-json\/wp\/v2\/pages\/4735\/revisions\/4742"}],"wp:attachment":[{"href":"https:\/\/pdi.ro\/2019\/wp-json\/wp\/v2\/media?parent=4735"}],"curies":[{"name":"wp","href":"https:\/\/api.w.org\/{rel}","templated":true}]}}