{"id":504,"date":"2019-01-22T10:23:41","date_gmt":"2019-01-22T10:23:41","guid":{"rendered":"https:\/\/primaderma.ro\/2019\/?page_id=504"},"modified":"2019-04-01T05:50:44","modified_gmt":"2019-04-01T05:50:44","slug":"pentru-medici-rezidenti","status":"publish","type":"page","link":"https:\/\/pdi.ro\/2019\/pentru-medici-rezidenti\/","title":{"rendered":"Pentru medici reziden\u021bi"},"content":{"rendered":"<p>[et_pb_section fb_built=&#8221;1&#8243; fullwidth=&#8221;on&#8221; _builder_version=&#8221;3.19.4&#8243; custom_margin=&#8221;||&#8221; custom_padding=&#8221;15px||29px&#8221; top_divider_style=&#8221;waves2&#8243; top_divider_color=&#8221;#f0622a&#8221; top_divider_flip=&#8221;horizontal|vertical&#8221; bottom_divider_style=&#8221;waves2&#8243; bottom_divider_color=&#8221;#fcdedb&#8221; bottom_divider_height=&#8221;105px&#8221; bottom_divider_flip=&#8221;vertical&#8221; collapsed=&#8221;off&#8221;][et_pb_fullwidth_header title=&#8221;{%22dynamic%22:true,%22content%22:%22post_title%22,%22settings%22:{%22before%22:%22%22,%22after%22:%22%22}}&#8221; text_orientation=&#8221;right&#8221; header_image_url=&#8221;https:\/\/pdi.ro\/2019\/wp-content\/uploads\/2019\/01\/Primaderma2019_logo_300px.png&#8221; disabled_on=&#8221;on|on|off&#8221; _builder_version=&#8221;3.19.4&#8243; _dynamic_attributes=&#8221;title&#8221; title_font=&#8221;Kaushan Script||||||||&#8221; title_text_align=&#8221;right&#8221; title_text_color=&#8221;#f0622a&#8221; title_font_size=&#8221;50px&#8221; content_font=&#8221;|600||on|||||&#8221; content_text_align=&#8221;center&#8221; content_text_color=&#8221;#686766&#8243; content_font_size=&#8221;15px&#8221; content_font_size_phone=&#8221;15px&#8221; content_font_size_last_edited=&#8221;on|desktop&#8221; subhead_font=&#8221;||||||||&#8221; background_color=&#8221;rgba(239,145,107,0.54)&#8221; background_image=&#8221;https:\/\/pdi.ro\/2019\/wp-content\/uploads\/2019\/01\/back.jpg&#8221; background_layout=&#8221;light&#8221; custom_margin=&#8221;0px||8px&#8221; custom_padding=&#8221;40px||40px||true&#8221;][\/et_pb_fullwidth_header][\/et_pb_section][et_pb_section fb_built=&#8221;1&#8243; _builder_version=&#8221;3.19.4&#8243; top_divider_style=&#8221;waves2&#8243; top_divider_color=&#8221;#fcdedb&#8221; top_divider_height=&#8221;95px&#8221; top_divider_flip=&#8221;horizontal|vertical&#8221;][et_pb_row _builder_version=&#8221;3.19.4&#8243;][et_pb_column type=&#8221;4_4&#8243; _builder_version=&#8221;3.19.4&#8243;][et_pb_text _builder_version=&#8221;3.19.18&#8243;]<\/p>\n<h3><strong><span style=\"color: #f0622a;\"><\/span><\/strong><\/h3>\n<h3><strong><span style=\"color: #f0622a;\">Termenul limit\u0103 pentru trimiterea e-posterelor s-a prelungit p\u00e2n\u0103 pe data de 5 aprilie, inclusiv.<\/span><\/strong><\/h3>\n<p><strong><span style=\"color: #f0622a;\"><\/span><\/strong><\/p>\n<p><span style=\"color: #f0622a;\">e-Posterul va fi trimis in <strong>limba rom\u00e2n\u0103<\/strong> \u0219i \u00een <strong>limba englez\u0103<\/strong> pe adresa de email: <strong><a href=\"mailto:eposter@pdi.ro\/2019\" target=\"_blank\" rel=\"noopener noreferrer\">eposter@pdi.ro\/2019<\/a><\/strong>.<\/span><\/p>\n<p><span style=\"color: #000000;\">e-Posterele vor fi \u00eenso\u021bite obligatoriu de un rezumat \u0219tiin\u021bific. Instruc\u021biunile de redactare a rezumatului le g\u0103si\u021bi <strong><a href=\"https:\/\/pdi.ro\/2019\/instructiuni-redactare\" target=\"_blank\" rel=\"noopener noreferrer\">aici<\/a><\/strong>.<\/span><\/p>\n<p><span style=\"color: #000000;\">Rezumatul \u0219tiin\u021bific va fi trimis pe adresa de email:\u00a0<strong><a href=\"mailto:eposter@pdi.ro\/2019\" target=\"_blank\" rel=\"noopener noreferrer\">eposter@pdi.ro\/2019<\/a><\/strong>.<\/span><\/p>\n<p><span><\/span><\/p>\n<p><strong>Participantii la concurs trebuie sa respecte urmatorii pasi:<\/strong><br \/> \u2013 sa dea \u201eLike\u201d paginii de Facebook Primavara Dermatologica \u2013 http:\/\/www.facebook.com\/pdi.ro\/2019<br \/> \u2013 sa trimita un e-poster stiintific, legat de specialitatea dermatologica, cu un subiect ales impreuna cu coordonatorul (studiu de caz, prezentare de studiu stiintific, etc.), cu dimensiunea HD (<strong>height<\/strong> &#8211; 1920px, <strong>width<\/strong> &#8211; 1080px) conform modelului de e-poster acceptat pe care il puteti descarca dand click <strong><a href=\"https:\/\/pdi.ro\/2019\/wp-content\/uploads\/2019\/01\/eposter.pptx\" target=\"_blank\" rel=\"noopener noreferrer\">aici<\/a><\/strong>, in format electronic, pe e-mail la adresa: <strong><a href=\"mailto:eposter@pdi.ro\/2019\" target=\"_blank\" rel=\"noopener noreferrer\">eposter@pdi.ro\/2019<\/a><\/strong> si sa posteze acest e-poster pe pagina de Facebook Primavara Dermatologica Ieseana &#8211; Scoala Ieseana de Dermatologie, insotit de cateva detalii legate de subiectul e-posterului. Obligatoriu, textul care insoteste imaginea (e-posterul) trebuie sa contina hashtag-ul #pdi2019.<br \/> Termenul limit\u0103 pentru trimiterea <strong>e-posterelor<\/strong> este <strong>5 aprilie 2019<\/strong>.<\/p>\n<p><strong>Regulament:<\/strong><br \/> Are dreptul de participare la concursul de e-postere \u201cPrimavara Dermatologica Ieseana\u201d orice persoana fizica cu domiciliul in Romania, medic rezident (in orice specialitate medicala) si student al unei Universitati de Medicina din Romania.<br \/> Concursul este organizat si se desfasoara pe intreg teritoriul Romaniei, pe pagina de Facebook Primavara Dermatologica.<br \/> Termenul limit\u0103 pentru trimiterea <strong>e-posterelor<\/strong> este <strong>5 aprilie 2019<\/strong>.<\/p>\n<p><strong>Concursul va stabili 2 castigatori, dupa cum urmeaza:<\/strong><br \/> La sfarsitul concursului vor exista doua modalitati de stabilire a castigatorului:<br \/> 1. Autorul primului e-poster (cu cele mai multe \u201cLike\u201d-uri la data de <strong>07 aprilie<\/strong>) devine automat castigatorul concursului.<br \/> 2. In perioada <strong>5 aprilie<\/strong> \u2013 <strong>07 aprilie 2019<\/strong>, Comitetul de Organizare al Evenimentului Primavara Dermatologica Ieseana va alege un e-poster castigator (altul decat cel desemnat prin intermediul paginii de Facebook), urmand sa anunte castigatorul dupa data de 07 aprilie.\u00a0 Comisia \u0219tiin\u021bific\u0103 de evaluare va acorda un premiu pentru cel mai bun <strong>e-poster<\/strong>, const\u00e2nd \u00eentr-o tax\u0103 de participare la un congres na\u021bional. C\u00e2\u0219tig\u0103torul va prezenta oral lucrarea \u00een cadrul unei sesiuni ce va avea loc sambata,<strong>\u00a013 aprilie 2019<\/strong>, timpul alocat va fi de maxim 5 min. Formatul electronic al prezent\u0103rii orale va fi ppt sau pptx (power point).\u00a0<!--<strong>METODE DE \u00ceNREGISTRARE LA EVENIMENT:<\/strong><\/p>\n\n\n\n\n<p>Va rug\u0103m s\u0103 v\u0103 \u00eenscrie\u0163i la eveniment <strong>online<\/strong>, acces\u00e2nd sec\u0163iunea \u201c<a href=\"http:\/\/inscrieri.pdi.ro\/2019\/primaderma\/event\/registration\" target=\"_blank\" rel=\"noopener noreferrer\"><strong>\u00cenregistrare online<\/strong><\/a>\u201c. Ulterior \u00eenregistr\u0103rii, pute\u0163i accesa <a href=\"http:\/\/inscrieri.pdi.ro\/2019\/primaderma\/event\/login\" target=\"_blank\" rel=\"noopener noreferrer\"><strong>pagina personal\u0103<\/strong><\/a>, \u00een baza numelui de utilizator \u015fi a parolei stabilite \u00een formular.<\/p>\n\n\n\n\n<p><strong>VALIDAREA \u00ceNREGISTR\u0102RII:<\/strong><\/p>\n\n\n\n\n<p>\u00cenregistrarea dvs. la eveniment va fi validat\u0103 dup\u0103 ce operatorul prime\u015fte copiile documentelor de plat\u0103 sau a datelor din documentele de plat\u0103.<\/p>\n\n\n\n\n<p>Copiile sau datele documentelor care atest\u0103 plata pot fi trimise folosind una dintre urm\u0103toarele metode:<\/p>\n\n\n\n\n<p>\u2022 prin completarea sec\u0163iunii \u201c<strong>Plata serviciilor achizi\u0163ionate<\/strong>\u201d din sec\u0163iunea \u201c<a href=\"http:\/\/inscrieri.pdi.ro\/2019\/primaderma\/event\/login\" target=\"_blank\" rel=\"noopener noreferrer\"><strong>Pagina mea<\/strong><\/a>\u201d<\/p>\n\n\n\n\n<p>\u2022 prin <strong>e-mail<\/strong>, ca document scanat \u015fi ata\u015fat e-mailului, pe adresa: <a href=\"mailto:contact@pdi.ro\/2019\" target=\"_blank\" rel=\"noopener noreferrer\"><strong>contact@pdi.ro\/2019<\/strong><\/a><\/p>\n\n\n\n\n<p><strong>VOUCHER DE SERVICII \u015eI PL\u0102\u021aI:<\/strong><\/p>\n\n\n\n\n<p>Voucherul de servicii \u015fi pl\u0103\u0163i (documentul ce con\u0163ine situa\u0163ia serviciilor rezervate \u015fi a pl\u0103\u0163ilor efectuate pentru PDI 2019) va fi trimis prin e-mail, pe adresa furnizat\u0103 de dvs. \u00een formularul de \u00eenregistrare, dup\u0103 data de\u00a0<span>01 aprilie 2019<\/span>. V\u0103 recomand\u0103m s\u0103 prezenta\u0163i acest document la secretariatul evenimentului pentru ridicarea materialelor.--><\/p>\n<p>[\/et_pb_text][\/et_pb_column][\/et_pb_row][\/et_pb_section][et_pb_section fb_built=&#8221;1&#8243; _builder_version=&#8221;3.19.4&#8243; background_color=&#8221;rgba(117,194,33,0.23)&#8221; background_image=&#8221;https:\/\/pdi.ro\/2019\/wp-content\/uploads\/2019\/01\/back_justflowers_overlay1.png&#8221; background_blend=&#8221;luminosity&#8221; custom_padding=&#8221;54px|0px|0|0px|false|false&#8221; top_divider_style=&#8221;waves2&#8243; top_divider_color=&#8221;#ffffff&#8221; top_divider_height=&#8221;155px&#8221; bottom_divider_style=&#8221;waves2&#8243; bottom_divider_color=&#8221;#75c221&#8243; bottom_divider_flip=&#8221;vertical&#8221;][et_pb_row custom_padding=&#8221;61px|0px|69px|0px|false|false&#8221; _builder_version=&#8221;3.18.9&#8243;][et_pb_column type=&#8221;3_5&#8243; _builder_version=&#8221;3.18.9&#8243;][et_pb_text _builder_version=&#8221;3.19.4&#8243; text_font=&#8221;Kaushan Script||||||||&#8221; text_text_color=&#8221;#f0622a&#8221; text_font_size=&#8221;30px&#8221; header_font=&#8221;||||||||&#8221; background_layout=&#8221;dark&#8221;]<\/p>\n<p>Contacteaz\u0103 operatorul PDI 2019<\/p>\n<p>[\/et_pb_text][et_pb_contact_form email=&#8221;contact@pdi.ro\/2019&#8243; submit_button_text=&#8221;Trimite mesajul&#8221; _builder_version=&#8221;3.19.4&#8243; title_font=&#8221;||||||||&#8221;][et_pb_contact_field field_id=&#8221;Name&#8221; field_title=&#8221;Nume&#8221; _builder_version=&#8221;3.18.9&#8243; border_radii=&#8221;on||||&#8221; button_text_size__hover_enabled=&#8221;off&#8221; button_one_text_size__hover_enabled=&#8221;off&#8221; button_two_text_size__hover_enabled=&#8221;off&#8221; button_text_color__hover_enabled=&#8221;off&#8221; button_one_text_color__hover_enabled=&#8221;off&#8221; button_two_text_color__hover_enabled=&#8221;off&#8221; button_border_width__hover_enabled=&#8221;off&#8221; button_one_border_width__hover_enabled=&#8221;off&#8221; button_two_border_width__hover_enabled=&#8221;off&#8221; button_border_color__hover_enabled=&#8221;off&#8221; button_one_border_color__hover_enabled=&#8221;off&#8221; button_two_border_color__hover_enabled=&#8221;off&#8221; button_border_radius__hover_enabled=&#8221;off&#8221; button_one_border_radius__hover_enabled=&#8221;off&#8221; button_two_border_radius__hover_enabled=&#8221;off&#8221; button_letter_spacing__hover_enabled=&#8221;off&#8221; button_one_letter_spacing__hover_enabled=&#8221;off&#8221; button_two_letter_spacing__hover_enabled=&#8221;off&#8221; button_bg_color__hover_enabled=&#8221;off&#8221; button_one_bg_color__hover_enabled=&#8221;off&#8221; button_two_bg_color__hover_enabled=&#8221;off&#8221;][\/et_pb_contact_field][et_pb_contact_field field_id=&#8221;Email&#8221; field_title=&#8221;Adresa de e-mail&#8221; field_type=&#8221;email&#8221; _builder_version=&#8221;3.19.4&#8243; border_radii=&#8221;on||||&#8221; button_text_size__hover_enabled=&#8221;off&#8221; button_one_text_size__hover_enabled=&#8221;off&#8221; button_two_text_size__hover_enabled=&#8221;off&#8221; button_text_color__hover_enabled=&#8221;off&#8221; button_one_text_color__hover_enabled=&#8221;off&#8221; button_two_text_color__hover_enabled=&#8221;off&#8221; button_border_width__hover_enabled=&#8221;off&#8221; button_one_border_width__hover_enabled=&#8221;off&#8221; button_two_border_width__hover_enabled=&#8221;off&#8221; button_border_color__hover_enabled=&#8221;off&#8221; button_one_border_color__hover_enabled=&#8221;off&#8221; button_two_border_color__hover_enabled=&#8221;off&#8221; button_border_radius__hover_enabled=&#8221;off&#8221; button_one_border_radius__hover_enabled=&#8221;off&#8221; button_two_border_radius__hover_enabled=&#8221;off&#8221; button_letter_spacing__hover_enabled=&#8221;off&#8221; button_one_letter_spacing__hover_enabled=&#8221;off&#8221; button_two_letter_spacing__hover_enabled=&#8221;off&#8221; button_bg_color__hover_enabled=&#8221;off&#8221; button_one_bg_color__hover_enabled=&#8221;off&#8221; button_two_bg_color__hover_enabled=&#8221;off&#8221;][\/et_pb_contact_field][et_pb_contact_field field_id=&#8221;Message&#8221; field_title=&#8221;Mesajul dvs.&#8221; field_type=&#8221;text&#8221; fullwidth_field=&#8221;on&#8221; _builder_version=&#8221;3.18.9&#8243; border_radii=&#8221;on||||&#8221; button_text_size__hover_enabled=&#8221;off&#8221; button_one_text_size__hover_enabled=&#8221;off&#8221; button_two_text_size__hover_enabled=&#8221;off&#8221; button_text_color__hover_enabled=&#8221;off&#8221; button_one_text_color__hover_enabled=&#8221;off&#8221; button_two_text_color__hover_enabled=&#8221;off&#8221; button_border_width__hover_enabled=&#8221;off&#8221; button_one_border_width__hover_enabled=&#8221;off&#8221; button_two_border_width__hover_enabled=&#8221;off&#8221; button_border_color__hover_enabled=&#8221;off&#8221; button_one_border_color__hover_enabled=&#8221;off&#8221; button_two_border_color__hover_enabled=&#8221;off&#8221; button_border_radius__hover_enabled=&#8221;off&#8221; button_one_border_radius__hover_enabled=&#8221;off&#8221; button_two_border_radius__hover_enabled=&#8221;off&#8221; button_letter_spacing__hover_enabled=&#8221;off&#8221; button_one_letter_spacing__hover_enabled=&#8221;off&#8221; button_two_letter_spacing__hover_enabled=&#8221;off&#8221; button_bg_color__hover_enabled=&#8221;off&#8221; button_one_bg_color__hover_enabled=&#8221;off&#8221; button_two_bg_color__hover_enabled=&#8221;off&#8221;][\/et_pb_contact_field][\/et_pb_contact_form][\/et_pb_column][et_pb_column type=&#8221;2_5&#8243; _builder_version=&#8221;3.18.9&#8243;][et_pb_text _builder_version=&#8221;3.19.4&#8243; text_font=&#8221;Kaushan Script||||||||&#8221; text_text_color=&#8221;#f0622a&#8221; text_font_size=&#8221;30px&#8221; header_font=&#8221;||||||||&#8221; background_layout=&#8221;dark&#8221;]<\/p>\n<p>Operatorul PDI 2019<\/p>\n<p>[\/et_pb_text][et_pb_text _builder_version=&#8221;3.19.4&#8243; text_font=&#8221;||||||||&#8221;]<span><img loading=\"lazy\" decoding=\"async\" src=\"https:\/\/pdi.ro\/2019\/wp-content\/uploads\/2019\/01\/eventer_logo_150px.png\" width=\"151\" height=\"33\" alt=\"\" class=\"wp-image-774 alignleft size-full\" \/><\/span><\/p>\n<p><span><\/span><\/p>\n<p><span><\/span><\/p>\n<p><span>Adresa: Str. A. Panu nr. 13, Iasi<\/span><br \/>\n<span>Tel.: 0332.40.88.00-05<\/span><br \/>\n<span>E-mail: <a href=\"mailto:inscrieri@pdi.ro\/2019\" target=\"_blank\" rel=\"noopener noreferrer\">inscrieri@pdi.ro\/2019<\/a><br \/>\n<\/span><span>Website:\u00a0<\/span><a href=\"http:\/\/www.eventernet.ro\/\" target=\"Blank\" rel=\"noopener noreferrer\">www.eventernet.ro<\/a>[\/et_pb_text][\/et_pb_column][\/et_pb_row][\/et_pb_section]<\/p>\n","protected":false},"excerpt":{"rendered":"<p>Termenul limit\u0103 pentru trimiterea e-posterelor s-a prelungit p\u00e2n\u0103 pe data de 5 aprilie, inclusiv. e-Posterul va fi trimis in limba rom\u00e2n\u0103 \u0219i \u00een limba englez\u0103 pe adresa de email: eposter@pdi.ro\/2019. e-Posterele vor fi \u00eenso\u021bite obligatoriu de un rezumat \u0219tiin\u021bific. Instruc\u021biunile de redactare a rezumatului le g\u0103si\u021bi aici. Rezumatul \u0219tiin\u021bific va fi trimis pe adresa de [&hellip;]<\/p>\n","protected":false},"author":2,"featured_media":0,"parent":0,"menu_order":0,"comment_status":"closed","ping_status":"closed","template":"","meta":{"_et_pb_use_builder":"on","_et_pb_old_content":"","_et_gb_content_width":"","_exactmetrics_skip_tracking":false,"_exactmetrics_sitenote_active":false,"_exactmetrics_sitenote_note":"","_exactmetrics_sitenote_category":0,"footnotes":""},"class_list":["post-504","page","type-page","status-publish","hentry"],"_links":{"self":[{"href":"https:\/\/pdi.ro\/2019\/wp-json\/wp\/v2\/pages\/504","targetHints":{"allow":["GET"]}}],"collection":[{"href":"https:\/\/pdi.ro\/2019\/wp-json\/wp\/v2\/pages"}],"about":[{"href":"https:\/\/pdi.ro\/2019\/wp-json\/wp\/v2\/types\/page"}],"author":[{"embeddable":true,"href":"https:\/\/pdi.ro\/2019\/wp-json\/wp\/v2\/users\/2"}],"replies":[{"embeddable":true,"href":"https:\/\/pdi.ro\/2019\/wp-json\/wp\/v2\/comments?post=504"}],"version-history":[{"count":24,"href":"https:\/\/pdi.ro\/2019\/wp-json\/wp\/v2\/pages\/504\/revisions"}],"predecessor-version":[{"id":5352,"href":"https:\/\/pdi.ro\/2019\/wp-json\/wp\/v2\/pages\/504\/revisions\/5352"}],"wp:attachment":[{"href":"https:\/\/pdi.ro\/2019\/wp-json\/wp\/v2\/media?parent=504"}],"curies":[{"name":"wp","href":"https:\/\/api.w.org\/{rel}","templated":true}]}}