{"id":7459,"date":"2020-03-06T15:27:51","date_gmt":"2020-03-06T13:27:51","guid":{"rendered":"https:\/\/primaderma.ro\/?page_id=7459"},"modified":"2020-06-23T10:42:21","modified_gmt":"2020-06-23T08:42:21","slug":"prof-dr-ancuceanu-robert","status":"publish","type":"page","link":"https:\/\/pdi.ro\/2020\/prof-dr-ancuceanu-robert\/","title":{"rendered":"Prof. Dr. Ancuceanu Robert"},"content":{"rendered":"<p>[et_pb_section fb_built=&#8221;1&#8243; fullwidth=&#8221;on&#8221; disabled_on=&#8221;on|off|off&#8221; _builder_version=&#8221;3.22&#8243; custom_margin=&#8221;||&#8221; custom_padding=&#8221;15px||29px&#8221; top_divider_style=&#8221;waves2&#8243; top_divider_color=&#8221;#f0622a&#8221; top_divider_flip=&#8221;horizontal|vertical&#8221; bottom_divider_style=&#8221;waves2&#8243; bottom_divider_color=&#8221;#fcdedb&#8221; bottom_divider_height=&#8221;105px&#8221; bottom_divider_flip=&#8221;vertical&#8221; collapsed=&#8221;off&#8221;][et_pb_fullwidth_header title=&#8221;@ET-DC@eyJkeW5hbWljIjp0cnVlLCJjb250ZW50IjoicG9zdF90aXRsZSIsInNldHRpbmdzIjp7ImJlZm9yZSI6IiIsImFmdGVyIjoiIn19@&#8221; text_orientation=&#8221;right&#8221; header_image_url=&#8221;https:\/\/pdi.ro\/2020\/wp-content\/uploads\/2020\/05\/pdi_iulie_online.png&#8221; disabled_on=&#8221;on|on|off&#8221; _builder_version=&#8221;4.4.7&#8243; _dynamic_attributes=&#8221;title&#8221; title_font=&#8221;Kaushan Script||||||||&#8221; title_text_align=&#8221;right&#8221; title_text_color=&#8221;#f0622a&#8221; title_font_size=&#8221;50px&#8221; content_font=&#8221;|600||on|||||&#8221; content_text_align=&#8221;center&#8221; content_text_color=&#8221;#686766&#8243; content_font_size=&#8221;15px&#8221; subhead_font=&#8221;||||||||&#8221; background_color=&#8221;rgba(239,145,107,0.54)&#8221; background_image=&#8221;https:\/\/pdi.ro\/2020\/wp-content\/uploads\/2020\/02\/back.jpg&#8221; background_layout=&#8221;light&#8221; custom_margin=&#8221;0px||8px&#8221; custom_padding=&#8221;40px||40px||true&#8221; content_font_size_tablet=&#8221;&#8221; content_font_size_phone=&#8221;15px&#8221; content_font_size_last_edited=&#8221;on|desktop&#8221;][\/et_pb_fullwidth_header][\/et_pb_section][et_pb_section fb_built=&#8221;1&#8243; _builder_version=&#8221;3.22&#8243;][et_pb_row column_structure=&#8221;2_5,3_5&#8243; _builder_version=&#8221;3.25&#8243; locked=&#8221;off&#8221;][et_pb_column type=&#8221;2_5&#8243; _builder_version=&#8221;3.25&#8243; custom_padding=&#8221;|||&#8221; custom_padding__hover=&#8221;|||&#8221;][et_pb_image src=&#8221;https:\/\/pdi.ro\/2020\/2019\/wp-content\/uploads\/2019\/02\/Robert-Ancuceanu.jpg&#8221; align=&#8221;center&#8221; align_tablet=&#8221;center&#8221; align_phone=&#8221;&#8221; align_last_edited=&#8221;on|desktop&#8221; _builder_version=&#8221;3.23&#8243; max_width=&#8221;25%&#8221; border_radii=&#8221;on|100px|100px|100px|100px&#8221;][\/et_pb_image][\/et_pb_column][et_pb_column type=&#8221;3_5&#8243; _builder_version=&#8221;3.25&#8243; custom_padding=&#8221;|||&#8221; custom_padding__hover=&#8221;|||&#8221;][et_pb_text _builder_version=&#8221;3.27.4&#8243;]<\/p>\n<h4><span style=\"color: #ff6600;\"><strong><\/strong><\/span><\/h4>\n<h4><span style=\"color: #ff6600;\"><strong><\/strong><\/span><\/h4>\n<h4><span style=\"color: #ff6600;\"><strong><\/strong><\/span><\/h4>\n<h4><span style=\"color: #ff6600;\"><strong>Prof. Dr. Ancuceanu Robert<\/strong><\/span><br \/><span style=\"color: #ff6600;\"><strong> U.M.F. &#8220;Carol Davila&#8221;, Bucure\u015fti<\/strong><\/span><\/h4>\n<p>[\/et_pb_text][\/et_pb_column][\/et_pb_row][et_pb_row _builder_version=&#8221;3.25&#8243; locked=&#8221;off&#8221;][et_pb_column type=&#8221;4_4&#8243; _builder_version=&#8221;3.25&#8243; custom_padding=&#8221;|||&#8221; custom_padding__hover=&#8221;|||&#8221;][et_pb_text _builder_version=&#8221;4.4.8&#8243; hover_enabled=&#8221;0&#8243;]<\/p>\n<p><span style=\"color: #ff6600;\">Psoriazisul indus medicamentos \u2013 certitudini \u0219i necunoscute<\/span><br \/> <span style=\"color: #ff6600;\"> Autori: R. Ancuceanu, Mihaela Dinu<\/span><\/p>\n<p style=\"text-align: justify;\">Introducere: Psoriazisul este o afec\u021biune inflamatorie complex\u0103, caracterizat\u0103 prin alterarea homeostaziei epidermice, manifestat\u0103 prin hiperpoliferare \u0219i tulbur\u0103ri ale diferen\u021bierii keratinocitelor. O serie de factori care pot declan\u0219a sau agrava psoriazisul au fost identifica\u021bi \u00een literatura medical\u0103, printre care \u0219i unele medicamente. Care sunt medicamentele care au fost asociate cu inducerea sau agravarea psoriazisului?<br \/> Materiale \u0219i metode: S-au analizat toate rezumatele caracteristicilor produsului (RCP) din \u201celectronic medicines compendium\u201d (https:\/\/www.medicines.org.uk\/emc\/) care con\u021bin termenul \u201epsoriazis\u201c \u0219i s-au identificat medicamentele pentru care exist\u0103 aten\u021bion\u0103ri, precau\u021bii sau contraindica\u021bii referitoare la posibila declan\u0219are sau agravare a afec\u021biunii. S-a realizat \u015fi o interogare computerizat\u0103 Medline \u00een acela\u0219i scop.<br \/> Rezultate \u0219i discu\u021bii: S-au identificat 47 de medicamente pentru care RCP-ul informeaz\u0103 asupra posibilit\u0103\u021bii de inducere sau agravare a psoriazisului. Cele mai mari clase terapeutice sunt reprezentate de beta-blocante (15 molecule), inhibitorii enzimei de conversie (6 molecule), interferoni (3 molecule) \u0219i un mic num\u0103r de \u015fapte anticorpi monoclonali (avelumab, cemiplimab, golimumab, ipilimumab, nivolumab, pembrolizumab, ustekinumab). Literatura \u0219tiin\u021bific\u0103 publicat\u0103 indic\u0103 mai multe alte medicamente care au fost asociate cu psoriazisul indus medicamentos, chiar dac\u0103 acestea nu sunt incluse \u00een RCP (de exemplu exist\u0103 cel pu\u021bin 14 rapoarte care asociaz\u0103 blocan\u021bii receptorilor angiotensinei cu psoriazisul, plus 89 de rapoarte identificate \u00een baza de date privind farmacovigilen\u021ba din Fran\u021ba). Alte medicamente al c\u0103ror RCP nu include informa\u021bii despre psoriazisul indus medicamentos, dar men\u021bionate \u00een literatur\u0103, includ sunitinib, sorafenib, panitumumab, cetuximab \u0219.a.<br \/> Concluzii: pentru medicul curant (\u0219i pentru pacien\u021bi) este important\u0103 cunoa\u0219terea (co)medica\u021biei care ar putea declan\u0219a sau agrava psoriazisul, iar informa\u021biile din RCP nu sunt \u00eentotdeauna suficiente.<\/p>\n<p>&nbsp;<\/p>\n<p style=\"text-align: justify;\"><span style=\"color: #ff6600;\">Drug-induced psoriasis \u2013 certainties and unknowns<\/span><br \/> <span style=\"color: #ff6600;\">Authors: R. Ancuceanu, Mihaela Dinu<\/span><\/p>\n<p style=\"text-align: justify;\">Introduction: Psoriasis is a complex, chronic inflammatory autoimmune disease, characterized by changes in epidermal homeostasis. A series of factors that can trigger or aggravate psoriasis have been identified in the medical literature, among which a number of medicinal products. What are the drugs associated with inducing or aggravating psoriasis?<br \/> Materials and methods: Summary of product characteristics (SmPCs) from the \u201celectronic medicines compendium\u201d (https:\/\/www.medicines.org.uk\/emc\/) containing the \u201epsoriasis\u201c term were analysed and the medicines for which there warnings and precautions are available referring to the possible triggering or aggravation of the disease. A Medline computerized search was performed for the same purpose.<br \/> Results and discussions: 47 medicinal products were identified for which the SmPC informs on the possibility of inducing or aggravating psoriasis. The largest therapeutic classes are represented by beta-blockers (15 molecules), ACE inhibitors (6 molecules), interferons (3 molecules), and seven monoclonal antibodies (avelumab, cemiplimab, golimumab, ipilimumab, nivolumab, pembrolizumab, ustekinumab). The published scientific literature indicates more medicinal products associated with drug induced psoriasis, although they are not included in the SmPC (for instance there are at least published 14 reports associating the angiotensin receptor blockers with psoriasis, plus 89 reports identified in the French pharmacovigilance databse). Other medicines for which the SmPC does not include drug induced psoriasis, but discussed in the literature, include sunitinib, sorafenib, panitumumab, cetuximab \u0219.a.<br \/> Conclusions: for the treating physician (and for the patients) it is important to know the (co)medications that could trigger or aggravate psoriasis, and the information from SmPC may not be always sufficient.<\/p>\n<p style=\"text-align: justify;\"><span style=\"color: #ff6600;\">Scurt CV<\/span><\/p>\n<p style=\"text-align: justify;\"><span style=\"color: #808080;\">Robert Ancuceanu este profesor \u00een cadrul Facult\u0103\u0163ii de Farmacie din Bucure\u015fti, unde pred\u0103 Biologie celular\u0103 \u0219i molecular\u0103 \u0219i Botanic\u0103 farmaceutic\u0103 \u0219i ocup\u0103 func\u021bia de prodecan pe probleme de \u00eenv\u0103\u021b\u0103m\u00e2nt universitar de licen\u021b\u0103 \u0219i master. Av\u00e2nd un doctorat \u00een farmacie, un masterat \u00een biostatistic\u0103 \u015fi licen\u0163\u0103 \u00een drept, a lucrat \u00een diferite domenii farmaceutice, de la cel academic la cel industrial \u015fi \u00een cadrul autorit\u0103\u0163ilor de reglementare. A fost director general al Direc\u0163iei Generale Farmaceutice \u015fi Aparatur\u0103 Medical\u0103 din Ministerul S\u0103n\u0103t\u0103\u0163ii \u015fi Vicepre\u015fedinte al Agen\u0163ie Na\u0163ionale a Medicamentului. A fost membru al Comitetului pentru Medicamente de Uz Uman (CHMP) \u015fi al Comitetului Pediatric (PDCO) \u015fi membru altern (supleant) al Comitetului pentru Medicamente pe baz\u0103 de Plante din cadrul Agen\u0163iei Europene a Medicamentului (EMA), precum \u015fi membru \u00een mai multe comitete sau grupuri de lucru din domeniul farmaceutic. A publicat 47 articole \u015ftiin\u0163ifice, este autor a dou\u0103 c\u0103r\u0163i \u015fi co-autor la alte patru. Pe l\u00e2ng\u0103 interesul s\u0103u larg pentru toate aspectele domeniului farmaceutic, Robert se consider\u0103 un renascentist \u00eent\u00e2rziat, fiind interesat \u015fi de drept, istorie, muzic\u0103, biostatistic\u0103, sociologie \u015fi literatur\u0103.<\/span><\/p>\n<p><img decoding=\"async\" src=\"https:\/\/pdi.ro\/2020\/2019\/wp-content\/uploads\/2019\/03\/ancuceanu.png\" \/> Fig. 1<\/p>\n<p>[\/et_pb_text][\/et_pb_column][\/et_pb_row][\/et_pb_section][et_pb_section fb_built=&#8221;1&#8243; _builder_version=&#8221;3.22&#8243; background_color=&#8221;rgba(117,194,33,0.23)&#8221; background_image=&#8221;https:\/\/pdi.ro\/2020\/wp-content\/uploads\/2020\/02\/back_justflowers_overlay1.png&#8221; background_blend=&#8221;luminosity&#8221; custom_padding=&#8221;54px|0px|0|0px|false|false&#8221; top_divider_style=&#8221;waves2&#8243; top_divider_color=&#8221;#ffffff&#8221; top_divider_height=&#8221;155px&#8221; top_divider_height_tablet=&#8221;&#8221; top_divider_height_phone=&#8221;97px&#8221; top_divider_height_last_edited=&#8221;on|desktop&#8221; bottom_divider_style=&#8221;waves2&#8243; bottom_divider_color=&#8221;#75c221&#8243; bottom_divider_flip=&#8221;vertical&#8221; bottom_divider_height_tablet=&#8221;&#8221; bottom_divider_height_phone=&#8221;59px&#8221; bottom_divider_height_last_edited=&#8221;on|desktop&#8221;][et_pb_row column_structure=&#8221;3_5,2_5&#8243; _builder_version=&#8221;3.25&#8243; custom_padding=&#8221;61px|0px|69px|0px|false|false&#8221;][et_pb_column type=&#8221;3_5&#8243; _builder_version=&#8221;3.25&#8243; custom_padding=&#8221;|||&#8221; custom_padding__hover=&#8221;|||&#8221;][et_pb_text _builder_version=&#8221;4.0.11&#8243; text_font=&#8221;Kaushan Script||||||||&#8221; text_text_color=&#8221;#f0622a&#8221; text_font_size=&#8221;30px&#8221; text_line_height=&#8221;1.2em&#8221; header_font=&#8221;||||||||&#8221; background_layout=&#8221;dark&#8221; text_font_size_tablet=&#8221;&#8221; text_font_size_phone=&#8221;&#8221; text_font_size_last_edited=&#8221;on|desktop&#8221;]<\/p>\n<p>Contacteaz\u0103 operatorul PDI 2020<\/p>\n<p>[\/et_pb_text][et_pb_contact_form email=&#8221;contact@primaderma.ro\/2019&#8243; submit_button_text=&#8221;Trimite mesajul&#8221; _builder_version=&#8221;3.19.4&#8243; title_font=&#8221;||||||||&#8221;][et_pb_contact_field field_id=&#8221;Name&#8221; field_title=&#8221;Nume&#8221; _builder_version=&#8221;3.18.9&#8243; button_text_size__hover_enabled=&#8221;off&#8221; button_one_text_size__hover_enabled=&#8221;off&#8221; button_two_text_size__hover_enabled=&#8221;off&#8221; button_text_color__hover_enabled=&#8221;off&#8221; button_one_text_color__hover_enabled=&#8221;off&#8221; button_two_text_color__hover_enabled=&#8221;off&#8221; button_border_width__hover_enabled=&#8221;off&#8221; button_one_border_width__hover_enabled=&#8221;off&#8221; button_two_border_width__hover_enabled=&#8221;off&#8221; button_border_color__hover_enabled=&#8221;off&#8221; button_one_border_color__hover_enabled=&#8221;off&#8221; button_two_border_color__hover_enabled=&#8221;off&#8221; button_border_radius__hover_enabled=&#8221;off&#8221; button_one_border_radius__hover_enabled=&#8221;off&#8221; button_two_border_radius__hover_enabled=&#8221;off&#8221; button_letter_spacing__hover_enabled=&#8221;off&#8221; button_one_letter_spacing__hover_enabled=&#8221;off&#8221; button_two_letter_spacing__hover_enabled=&#8221;off&#8221; button_bg_color__hover_enabled=&#8221;off&#8221; button_one_bg_color__hover_enabled=&#8221;off&#8221; button_two_bg_color__hover_enabled=&#8221;off&#8221;][\/et_pb_contact_field][et_pb_contact_field field_id=&#8221;Email&#8221; field_title=&#8221;Adresa de e-mail&#8221; field_type=&#8221;email&#8221; _builder_version=&#8221;3.19.4&#8243; button_text_size__hover_enabled=&#8221;off&#8221; button_one_text_size__hover_enabled=&#8221;off&#8221; button_two_text_size__hover_enabled=&#8221;off&#8221; button_text_color__hover_enabled=&#8221;off&#8221; button_one_text_color__hover_enabled=&#8221;off&#8221; button_two_text_color__hover_enabled=&#8221;off&#8221; button_border_width__hover_enabled=&#8221;off&#8221; button_one_border_width__hover_enabled=&#8221;off&#8221; button_two_border_width__hover_enabled=&#8221;off&#8221; button_border_color__hover_enabled=&#8221;off&#8221; button_one_border_color__hover_enabled=&#8221;off&#8221; button_two_border_color__hover_enabled=&#8221;off&#8221; button_border_radius__hover_enabled=&#8221;off&#8221; button_one_border_radius__hover_enabled=&#8221;off&#8221; button_two_border_radius__hover_enabled=&#8221;off&#8221; button_letter_spacing__hover_enabled=&#8221;off&#8221; button_one_letter_spacing__hover_enabled=&#8221;off&#8221; button_two_letter_spacing__hover_enabled=&#8221;off&#8221; button_bg_color__hover_enabled=&#8221;off&#8221; button_one_bg_color__hover_enabled=&#8221;off&#8221; button_two_bg_color__hover_enabled=&#8221;off&#8221;][\/et_pb_contact_field][et_pb_contact_field field_id=&#8221;Message&#8221; field_title=&#8221;Mesajul dvs.&#8221; field_type=&#8221;text&#8221; fullwidth_field=&#8221;on&#8221; _builder_version=&#8221;3.18.9&#8243; button_text_size__hover_enabled=&#8221;off&#8221; button_one_text_size__hover_enabled=&#8221;off&#8221; button_two_text_size__hover_enabled=&#8221;off&#8221; button_text_color__hover_enabled=&#8221;off&#8221; button_one_text_color__hover_enabled=&#8221;off&#8221; button_two_text_color__hover_enabled=&#8221;off&#8221; button_border_width__hover_enabled=&#8221;off&#8221; button_one_border_width__hover_enabled=&#8221;off&#8221; button_two_border_width__hover_enabled=&#8221;off&#8221; button_border_color__hover_enabled=&#8221;off&#8221; button_one_border_color__hover_enabled=&#8221;off&#8221; button_two_border_color__hover_enabled=&#8221;off&#8221; button_border_radius__hover_enabled=&#8221;off&#8221; button_one_border_radius__hover_enabled=&#8221;off&#8221; button_two_border_radius__hover_enabled=&#8221;off&#8221; button_letter_spacing__hover_enabled=&#8221;off&#8221; button_one_letter_spacing__hover_enabled=&#8221;off&#8221; button_two_letter_spacing__hover_enabled=&#8221;off&#8221; button_bg_color__hover_enabled=&#8221;off&#8221; button_one_bg_color__hover_enabled=&#8221;off&#8221; button_two_bg_color__hover_enabled=&#8221;off&#8221;][\/et_pb_contact_field][\/et_pb_contact_form][\/et_pb_column][et_pb_column type=&#8221;2_5&#8243; _builder_version=&#8221;3.25&#8243; custom_padding=&#8221;|||&#8221; custom_padding__hover=&#8221;|||&#8221;][et_pb_text _builder_version=&#8221;4.0.11&#8243; text_font=&#8221;Kaushan Script||||||||&#8221; text_text_color=&#8221;#f0622a&#8221; text_font_size=&#8221;30px&#8221; header_font=&#8221;||||||||&#8221; background_layout=&#8221;dark&#8221;]<\/p>\n<p>Operatorul PDI 2020<\/p>\n<p>[\/et_pb_text][et_pb_text _builder_version=&#8221;4.0.11&#8243; text_font=&#8221;||||||||&#8221;]<\/p>\n<p><span><img loading=\"lazy\" decoding=\"async\" src=\"https:\/\/pdi.ro\/2020\/wp-content\/uploads\/2020\/02\/eventer_logo_150px.png\" width=\"151\" height=\"33\" alt=\"\" class=\"wp-image-774 alignleft size-full\" \/><\/span><\/p>\n<p><span><\/span><\/p>\n<p><span><\/span><\/p>\n<p><span>Adresa: Str. A. Panu nr. 13, Iasi<\/span><br \/> <span>Tel.: 0332.40.88.00-05<\/span><br \/> <span>E-mail: <a href=\"mailto:inscrieri@primaderma.ro\" target=\"_blank\" rel=\"noopener noreferrer\">inscrieri@primaderma.ro<\/a><br \/> <\/span><span>Website:\u00a0<\/span><a href=\"http:\/\/www.eventernet.ro\/\" target=\"Blank\" rel=\"noopener noreferrer\">www.eventernet.ro<\/a><\/p>\n<p>[\/et_pb_text][et_pb_text disabled_on=&#8221;off|off|off&#8221; _builder_version=&#8221;4.0.11&#8243; text_font=&#8221;Kaushan Script||||||||&#8221; text_text_color=&#8221;#f0622a&#8221; text_font_size=&#8221;30px&#8221; header_font=&#8221;||||||||&#8221; background_layout=&#8221;dark&#8221; locked=&#8221;off&#8221;]<\/p>\n<p>Parteneri Media<\/p>\n<p>[\/et_pb_text][et_pb_gallery gallery_ids=&#8221;7203,7204,7232,7231&#8243; fullwidth=&#8221;on&#8221; _builder_version=&#8221;4.0.11&#8243; transform_scale=&#8221;86%|86%&#8221; max_width=&#8221;63%&#8221; auto=&#8221;on&#8221; auto_speed=&#8221;3500&#8243; hover_transition_duration=&#8221;100ms&#8221; hover_transition_delay=&#8221;50ms&#8221; hover_transition_speed_curve=&#8221;ease-in-out&#8221; locked=&#8221;off&#8221;][\/et_pb_gallery][\/et_pb_column][\/et_pb_row][\/et_pb_section]<\/p>\n","protected":false},"excerpt":{"rendered":"<p>Prof. Dr. Ancuceanu Robert U.M.F. &#8220;Carol Davila&#8221;, Bucure\u015ftiPsoriazisul indus medicamentos \u2013 certitudini \u0219i necunoscute Autori: R. Ancuceanu, Mihaela Dinu Introducere: Psoriazisul este o afec\u021biune inflamatorie complex\u0103, caracterizat\u0103 prin alterarea homeostaziei epidermice, manifestat\u0103 prin hiperpoliferare \u0219i tulbur\u0103ri ale diferen\u021bierii keratinocitelor. O serie de factori care pot declan\u0219a sau agrava psoriazisul au fost identifica\u021bi \u00een literatura medical\u0103, [&hellip;]<\/p>\n","protected":false},"author":2,"featured_media":0,"parent":0,"menu_order":0,"comment_status":"closed","ping_status":"closed","template":"","meta":{"_et_pb_use_builder":"on","_et_pb_old_content":"","_et_gb_content_width":"","footnotes":""},"class_list":["post-7459","page","type-page","status-publish","hentry"],"_links":{"self":[{"href":"https:\/\/pdi.ro\/2020\/wp-json\/wp\/v2\/pages\/7459","targetHints":{"allow":["GET"]}}],"collection":[{"href":"https:\/\/pdi.ro\/2020\/wp-json\/wp\/v2\/pages"}],"about":[{"href":"https:\/\/pdi.ro\/2020\/wp-json\/wp\/v2\/types\/page"}],"author":[{"embeddable":true,"href":"https:\/\/pdi.ro\/2020\/wp-json\/wp\/v2\/users\/2"}],"replies":[{"embeddable":true,"href":"https:\/\/pdi.ro\/2020\/wp-json\/wp\/v2\/comments?post=7459"}],"version-history":[{"count":5,"href":"https:\/\/pdi.ro\/2020\/wp-json\/wp\/v2\/pages\/7459\/revisions"}],"predecessor-version":[{"id":8390,"href":"https:\/\/pdi.ro\/2020\/wp-json\/wp\/v2\/pages\/7459\/revisions\/8390"}],"wp:attachment":[{"href":"https:\/\/pdi.ro\/2020\/wp-json\/wp\/v2\/media?parent=7459"}],"curies":[{"name":"wp","href":"https:\/\/api.w.org\/{rel}","templated":true}]}}