{"id":7501,"date":"2020-03-06T16:00:16","date_gmt":"2020-03-06T14:00:16","guid":{"rendered":"https:\/\/primaderma.ro\/?page_id=7501"},"modified":"2020-06-24T12:29:39","modified_gmt":"2020-06-24T10:29:39","slug":"prof-dr-ciocoiu-manuela","status":"publish","type":"page","link":"https:\/\/pdi.ro\/2020\/prof-dr-ciocoiu-manuela\/","title":{"rendered":"Prof. Dr. Ciocoiu Manuela"},"content":{"rendered":"<p>[et_pb_section fb_built=&#8221;1&#8243; fullwidth=&#8221;on&#8221; disabled_on=&#8221;on|off|off&#8221; _builder_version=&#8221;3.22&#8243; custom_margin=&#8221;||&#8221; custom_padding=&#8221;15px||29px&#8221; top_divider_style=&#8221;waves2&#8243; top_divider_color=&#8221;#f0622a&#8221; top_divider_flip=&#8221;horizontal|vertical&#8221; bottom_divider_style=&#8221;waves2&#8243; bottom_divider_color=&#8221;#fcdedb&#8221; bottom_divider_height=&#8221;105px&#8221; bottom_divider_flip=&#8221;vertical&#8221; collapsed=&#8221;off&#8221;][et_pb_fullwidth_header title=&#8221;@ET-DC@eyJkeW5hbWljIjp0cnVlLCJjb250ZW50IjoicG9zdF90aXRsZSIsInNldHRpbmdzIjp7ImJlZm9yZSI6IiIsImFmdGVyIjoiIn19@&#8221; text_orientation=&#8221;right&#8221; header_image_url=&#8221;https:\/\/pdi.ro\/2020\/wp-content\/uploads\/2020\/05\/pdi_iulie_online.png&#8221; disabled_on=&#8221;on|on|off&#8221; _builder_version=&#8221;4.4.7&#8243; _dynamic_attributes=&#8221;title&#8221; title_font=&#8221;Kaushan Script||||||||&#8221; title_text_align=&#8221;right&#8221; title_text_color=&#8221;#f0622a&#8221; title_font_size=&#8221;50px&#8221; content_font=&#8221;|600||on|||||&#8221; content_text_align=&#8221;center&#8221; content_text_color=&#8221;#686766&#8243; content_font_size=&#8221;15px&#8221; subhead_font=&#8221;||||||||&#8221; background_color=&#8221;rgba(239,145,107,0.54)&#8221; background_image=&#8221;https:\/\/pdi.ro\/2020\/wp-content\/uploads\/2020\/02\/back.jpg&#8221; background_layout=&#8221;light&#8221; custom_margin=&#8221;0px||8px&#8221; custom_padding=&#8221;40px||40px||true&#8221; content_font_size_tablet=&#8221;&#8221; content_font_size_phone=&#8221;15px&#8221; content_font_size_last_edited=&#8221;on|desktop&#8221;][\/et_pb_fullwidth_header][\/et_pb_section][et_pb_section fb_built=&#8221;1&#8243; _builder_version=&#8221;3.22&#8243;][et_pb_row column_structure=&#8221;2_5,3_5&#8243; _builder_version=&#8221;3.25&#8243; locked=&#8221;off&#8221;][et_pb_column type=&#8221;2_5&#8243; _builder_version=&#8221;3.25&#8243; custom_padding=&#8221;|||&#8221; custom_padding__hover=&#8221;|||&#8221;][et_pb_image src=&#8221;https:\/\/pdi.ro\/2020\/2019\/wp-content\/uploads\/2019\/02\/Ciocoiu-Manuela_2.png&#8221; align=&#8221;center&#8221; align_tablet=&#8221;center&#8221; align_phone=&#8221;&#8221; align_last_edited=&#8221;on|desktop&#8221; _builder_version=&#8221;3.23&#8243; border_radii=&#8221;on|100px|100px|100px|100px&#8221;][\/et_pb_image][\/et_pb_column][et_pb_column type=&#8221;3_5&#8243; _builder_version=&#8221;3.25&#8243; custom_padding=&#8221;|||&#8221; custom_padding__hover=&#8221;|||&#8221;][et_pb_text _builder_version=&#8221;3.27.4&#8243;]<\/p>\n<h4><span style=\"color: #ff6600;\"><strong><\/strong><\/span><\/h4>\n<h4><span style=\"color: #ff6600;\"><strong><\/strong><\/span><\/h4>\n<h4><span style=\"color: #ff6600;\"><strong><\/strong><\/span><\/h4>\n<h4><span style=\"color: #ff6600;\"><strong><\/strong><\/span><\/h4>\n<h4><span style=\"color: #ff6600;\"><strong><\/strong><\/span><\/h4>\n<h4><span style=\"color: #ff6600;\"><strong>Prof. Dr. Ciocoiu Manuela<\/strong><\/span><br \/><span style=\"color: #ff6600;\"><strong> Universitatea de Medicin\u0103 \u015fi Farmacie \u201cGrigore T. Popa\u201d Ia\u015fi<\/strong><\/span><\/h4>\n<p>[\/et_pb_text][\/et_pb_column][\/et_pb_row][et_pb_row _builder_version=&#8221;3.25&#8243; locked=&#8221;off&#8221;][et_pb_column type=&#8221;4_4&#8243; _builder_version=&#8221;3.25&#8243; custom_padding=&#8221;|||&#8221; custom_padding__hover=&#8221;|||&#8221;][et_pb_text _builder_version=&#8221;4.4.8&#8243; hover_enabled=&#8221;0&#8243;]<\/p>\n<p style=\"text-align: justify;\"><span style=\"color: #ff6600;\">Influen\u0163a compu\u015filor polifenolici \u00een procesele fiziopatologice la nivelul pielii <\/span><br \/> <span style=\"color: #ff6600;\">Autori: Manuela Ciocoiu, Iuliana Hunea, Codru\u0163a B\u0103descu<\/span><\/p>\n<p style=\"text-align: justify;\">Propriet\u0103\u021bile biologice ale polifenolilor includ propriet\u0103\u021bi antioxidante, antitumorale \u0219i efecte antiinflamatorii. Exist\u0103 o varietate de mecanisme poten\u021biale de ac\u021biune cum ar fi inhibarea enzimelor de replicare bacterian\u0103, inducerea apoptozei \u00een celulele tumorale, stimularea monocitelor\/macrofagelor pentru a produce citokine \u0219i stimularea mieloperoxidazei- iododependente a neutrofilelor.<br \/> Cunoa\u0219terea biodisponibilit\u0103\u021bii diverselor clase de polifenoli este esen\u021bial\u0103 \u00een \u00een\u021belegerea eficien\u021bei lor terapeutice. Activitatea metabolic\u0103 a polifenolilor depinde de activitatea intrinsec\u0103, de absorb\u021bia intestinal\u0103, de rata de metabolizare \u0219i de eliminare. Biodisponibilitatea sc\u0103zut\u0103 a majorit\u0103\u021bii polifenolilor, a condus la diverse asocieri de polifenoli \u0219i combina\u021bii de polifenoli cu vitamine \u0219i al\u021bi micronutrien\u021bi, care au fost selectate pentru a viza \u00een mod specific mecanismele celulare cheie, implicate \u00een carcinogeneza. Alte abord\u0103ri promi\u021b\u0103toare pentru cre\u0219terea biodisponibilit\u0103\u021bii compu\u015filor polifenolici \u00een studiile clinice includ utilizarea nanoparticulelor, lipozomilor, a complexelor fosfolipidice \u0219i a analogilor structurali.<br \/> Majoritatea combina\u021biilor de compu\u0219i naturali \u021bintesc mecanismele intracelulare de reglare ale carcinogenezei. S-a demonstrat lezarea \u021besutului conjunctiv ca un element comun implicat \u00een cre\u0219terea tumoral\u0103, invazie \u0219i metastazare. Rolul acestei bariere naturale anti-cancer este frecvent neglijat in abord\u0103rile terapeutice ale cancerului. Cu toate acestea, toate etapele metabolice critice \u00een cancer necesit\u0103 degradarea membranei bazale \u0219i a componentelor matricei extracelulare ca barier\u0103 fizic\u0103 care \u00eempiedic\u0103 cre\u0219terea, migrarea \u0219i invazia celulelor tumorale.<br \/> \u00cen concluzie, compu\u015fii polifenolici reprezint\u0103 o modalitate important\u0103 de tratament \u00een cancerul cutanat, lu\u00e2nd \u00een considerare utilizarea lor \u00een siguran\u0163\u0103. Datorit\u0103 abilit\u0103\u0163ii acestora de a modula multiple mecanisme biologice implicate \u00een ini\u0163ierea \u015fi progresia cancerului, compu\u015fii polifenolici ofer\u0103 nenum\u0103rate efecte terapeutice comparativ cu un singur compus.<\/p>\n<p style=\"text-align: justify;\"><span style=\"color: #ff6600;\">Influence of polyphenolic compounds on the pathophysiological processes in the skin<\/span><br \/> <span style=\"color: #ff6600;\">Authors: Manuela Ciocoiu, Iuliana Hunea, Codru\u0163a B\u0103descu<\/span><\/p>\n<p style=\"text-align: justify;\">The biological properties of polyphenols include antioxidant, anti-tumour and anti-inflammatory effects. There are a variety of potential mechanisms of action such as inhibition of bacterial replication enzymes, induction of apoptosis in tumour cells, stimulation of monocytes\/macrophages to produce cytokines, and iododependent myeloperoxidase stimulation of neutrophils.<br \/>Understanding the bioavailability of various classes of polyphenols is essential in understanding their therapeutic efficacy. The metabolic activity of polyphenols depends on the intrinsic activity, intestinal absorption, metabolism and elimination rate. The low bioavailability of most polyphenols has led to various combinations of polyphenols and combinations of polyphenols with vitamins and other micronutrients, which were selected to specifically target the key cellular mechanisms involved in carcinogenesis. Other promising approaches for increasing the bioavailability of polyphenolic compounds in clinical studies include the use of nanoparticles, liposomes, phospholipid complexes and structural analogues.<br \/>Most combinations of natural compounds target intracellular carcinogenesis regulation mechanisms. Damage to connective tissue has been shown to be a common element involved in tumour growth, invasion and metastasis. The role of this natural anti-cancer barrier is frequently overlooked in cancer therapy approaches. However, all critical metabolic stages in cancer require degradation of the base membrane and extracellular matrix components as a physical barrier that impedes growth, migration and invasion of tumour cells.<br \/>In conclusion, polyphenolic compounds are an important therapeutic option in skin cancer, considering their safe use. Because of their ability to modulate multiple biological mechanisms involved in cancer initiation and progression, polyphenolic compounds have countless therapeutic effects compared to a single compound.<\/p>\n<p style=\"text-align: justify;\"><span style=\"color: #ff6600;\">\u00a0Scurt CV<\/span><\/p>\n<p style=\"text-align: justify;\">Coordonator al activit\u0103\u0163ii didactice la Disciplina de Fiziopatologie<br \/> Universitatea de Medicin\u0103 \u015fi Farmacie \u201cGr. T. Popa\u201d Ia\u015fi<br \/> Medic primar Medicin\u0103 Intern\u0103<br \/> Vicepre\u015fedintele Societ\u0103\u0163ii Rom\u00e2ne de Fiziopatologie<\/p>\n<p>[\/et_pb_text][\/et_pb_column][\/et_pb_row][\/et_pb_section][et_pb_section fb_built=&#8221;1&#8243; _builder_version=&#8221;3.22&#8243; background_color=&#8221;rgba(117,194,33,0.23)&#8221; background_image=&#8221;https:\/\/pdi.ro\/2020\/wp-content\/uploads\/2020\/02\/back_justflowers_overlay1.png&#8221; background_blend=&#8221;luminosity&#8221; custom_padding=&#8221;54px|0px|0|0px|false|false&#8221; top_divider_style=&#8221;waves2&#8243; top_divider_color=&#8221;#ffffff&#8221; top_divider_height=&#8221;155px&#8221; top_divider_height_tablet=&#8221;&#8221; top_divider_height_phone=&#8221;97px&#8221; top_divider_height_last_edited=&#8221;on|desktop&#8221; bottom_divider_style=&#8221;waves2&#8243; bottom_divider_color=&#8221;#75c221&#8243; bottom_divider_flip=&#8221;vertical&#8221; bottom_divider_height_tablet=&#8221;&#8221; bottom_divider_height_phone=&#8221;59px&#8221; bottom_divider_height_last_edited=&#8221;on|desktop&#8221;][et_pb_row column_structure=&#8221;3_5,2_5&#8243; _builder_version=&#8221;3.25&#8243; custom_padding=&#8221;61px|0px|69px|0px|false|false&#8221;][et_pb_column type=&#8221;3_5&#8243; _builder_version=&#8221;3.25&#8243; custom_padding=&#8221;|||&#8221; custom_padding__hover=&#8221;|||&#8221;][et_pb_text _builder_version=&#8221;4.0.11&#8243; text_font=&#8221;Kaushan Script||||||||&#8221; text_text_color=&#8221;#f0622a&#8221; text_font_size=&#8221;30px&#8221; text_line_height=&#8221;1.2em&#8221; header_font=&#8221;||||||||&#8221; background_layout=&#8221;dark&#8221; text_font_size_tablet=&#8221;&#8221; text_font_size_phone=&#8221;&#8221; text_font_size_last_edited=&#8221;on|desktop&#8221;]<\/p>\n<p>Contacteaz\u0103 operatorul PDI 2020<\/p>\n<p>[\/et_pb_text][et_pb_contact_form email=&#8221;contact@primaderma.ro\/2019&#8243; submit_button_text=&#8221;Trimite mesajul&#8221; _builder_version=&#8221;3.19.4&#8243; title_font=&#8221;||||||||&#8221;][et_pb_contact_field field_id=&#8221;Name&#8221; field_title=&#8221;Nume&#8221; _builder_version=&#8221;3.18.9&#8243; button_text_size__hover_enabled=&#8221;off&#8221; button_one_text_size__hover_enabled=&#8221;off&#8221; button_two_text_size__hover_enabled=&#8221;off&#8221; button_text_color__hover_enabled=&#8221;off&#8221; button_one_text_color__hover_enabled=&#8221;off&#8221; button_two_text_color__hover_enabled=&#8221;off&#8221; button_border_width__hover_enabled=&#8221;off&#8221; button_one_border_width__hover_enabled=&#8221;off&#8221; button_two_border_width__hover_enabled=&#8221;off&#8221; button_border_color__hover_enabled=&#8221;off&#8221; button_one_border_color__hover_enabled=&#8221;off&#8221; button_two_border_color__hover_enabled=&#8221;off&#8221; button_border_radius__hover_enabled=&#8221;off&#8221; button_one_border_radius__hover_enabled=&#8221;off&#8221; button_two_border_radius__hover_enabled=&#8221;off&#8221; button_letter_spacing__hover_enabled=&#8221;off&#8221; button_one_letter_spacing__hover_enabled=&#8221;off&#8221; button_two_letter_spacing__hover_enabled=&#8221;off&#8221; button_bg_color__hover_enabled=&#8221;off&#8221; button_one_bg_color__hover_enabled=&#8221;off&#8221; button_two_bg_color__hover_enabled=&#8221;off&#8221;][\/et_pb_contact_field][et_pb_contact_field field_id=&#8221;Email&#8221; field_title=&#8221;Adresa de e-mail&#8221; field_type=&#8221;email&#8221; _builder_version=&#8221;3.19.4&#8243; button_text_size__hover_enabled=&#8221;off&#8221; button_one_text_size__hover_enabled=&#8221;off&#8221; button_two_text_size__hover_enabled=&#8221;off&#8221; button_text_color__hover_enabled=&#8221;off&#8221; button_one_text_color__hover_enabled=&#8221;off&#8221; button_two_text_color__hover_enabled=&#8221;off&#8221; button_border_width__hover_enabled=&#8221;off&#8221; button_one_border_width__hover_enabled=&#8221;off&#8221; button_two_border_width__hover_enabled=&#8221;off&#8221; button_border_color__hover_enabled=&#8221;off&#8221; button_one_border_color__hover_enabled=&#8221;off&#8221; button_two_border_color__hover_enabled=&#8221;off&#8221; button_border_radius__hover_enabled=&#8221;off&#8221; button_one_border_radius__hover_enabled=&#8221;off&#8221; button_two_border_radius__hover_enabled=&#8221;off&#8221; button_letter_spacing__hover_enabled=&#8221;off&#8221; button_one_letter_spacing__hover_enabled=&#8221;off&#8221; button_two_letter_spacing__hover_enabled=&#8221;off&#8221; button_bg_color__hover_enabled=&#8221;off&#8221; button_one_bg_color__hover_enabled=&#8221;off&#8221; button_two_bg_color__hover_enabled=&#8221;off&#8221;][\/et_pb_contact_field][et_pb_contact_field field_id=&#8221;Message&#8221; field_title=&#8221;Mesajul dvs.&#8221; field_type=&#8221;text&#8221; fullwidth_field=&#8221;on&#8221; _builder_version=&#8221;3.18.9&#8243; button_text_size__hover_enabled=&#8221;off&#8221; button_one_text_size__hover_enabled=&#8221;off&#8221; button_two_text_size__hover_enabled=&#8221;off&#8221; button_text_color__hover_enabled=&#8221;off&#8221; button_one_text_color__hover_enabled=&#8221;off&#8221; button_two_text_color__hover_enabled=&#8221;off&#8221; button_border_width__hover_enabled=&#8221;off&#8221; button_one_border_width__hover_enabled=&#8221;off&#8221; button_two_border_width__hover_enabled=&#8221;off&#8221; button_border_color__hover_enabled=&#8221;off&#8221; button_one_border_color__hover_enabled=&#8221;off&#8221; button_two_border_color__hover_enabled=&#8221;off&#8221; button_border_radius__hover_enabled=&#8221;off&#8221; button_one_border_radius__hover_enabled=&#8221;off&#8221; button_two_border_radius__hover_enabled=&#8221;off&#8221; button_letter_spacing__hover_enabled=&#8221;off&#8221; button_one_letter_spacing__hover_enabled=&#8221;off&#8221; button_two_letter_spacing__hover_enabled=&#8221;off&#8221; button_bg_color__hover_enabled=&#8221;off&#8221; button_one_bg_color__hover_enabled=&#8221;off&#8221; button_two_bg_color__hover_enabled=&#8221;off&#8221;][\/et_pb_contact_field][\/et_pb_contact_form][\/et_pb_column][et_pb_column type=&#8221;2_5&#8243; _builder_version=&#8221;3.25&#8243; custom_padding=&#8221;|||&#8221; custom_padding__hover=&#8221;|||&#8221;][et_pb_text _builder_version=&#8221;4.0.11&#8243; text_font=&#8221;Kaushan Script||||||||&#8221; text_text_color=&#8221;#f0622a&#8221; text_font_size=&#8221;30px&#8221; header_font=&#8221;||||||||&#8221; background_layout=&#8221;dark&#8221;]<\/p>\n<p>Operatorul PDI 2020<\/p>\n<p>[\/et_pb_text][et_pb_text _builder_version=&#8221;4.0.11&#8243; text_font=&#8221;||||||||&#8221;]<\/p>\n<p><span><img loading=\"lazy\" decoding=\"async\" src=\"https:\/\/pdi.ro\/2020\/wp-content\/uploads\/2020\/02\/eventer_logo_150px.png\" width=\"151\" height=\"33\" alt=\"\" class=\"wp-image-774 alignleft size-full\" \/><\/span><\/p>\n<p><span><\/span><\/p>\n<p><span><\/span><\/p>\n<p><span>Adresa: Str. A. Panu nr. 13, Iasi<\/span><br \/> <span>Tel.: 0332.40.88.00-05<\/span><br \/> <span>E-mail: <a href=\"mailto:inscrieri@primaderma.ro\" target=\"_blank\" rel=\"noopener noreferrer\">inscrieri@primaderma.ro<\/a><br \/> <\/span><span>Website:\u00a0<\/span><a href=\"http:\/\/www.eventernet.ro\/\" target=\"Blank\" rel=\"noopener noreferrer\">www.eventernet.ro<\/a><\/p>\n<p>[\/et_pb_text][et_pb_text disabled_on=&#8221;off|off|off&#8221; _builder_version=&#8221;4.0.11&#8243; text_font=&#8221;Kaushan Script||||||||&#8221; text_text_color=&#8221;#f0622a&#8221; text_font_size=&#8221;30px&#8221; header_font=&#8221;||||||||&#8221; background_layout=&#8221;dark&#8221; locked=&#8221;off&#8221;]<\/p>\n<p>Parteneri Media<\/p>\n<p>[\/et_pb_text][et_pb_gallery gallery_ids=&#8221;7203,7204,7232,7231&#8243; fullwidth=&#8221;on&#8221; _builder_version=&#8221;4.0.11&#8243; transform_scale=&#8221;86%|86%&#8221; max_width=&#8221;63%&#8221; auto=&#8221;on&#8221; auto_speed=&#8221;3500&#8243; hover_transition_duration=&#8221;100ms&#8221; hover_transition_delay=&#8221;50ms&#8221; hover_transition_speed_curve=&#8221;ease-in-out&#8221; locked=&#8221;off&#8221;][\/et_pb_gallery][\/et_pb_column][\/et_pb_row][\/et_pb_section]<\/p>\n","protected":false},"excerpt":{"rendered":"<p>Prof. Dr. Ciocoiu Manuela Universitatea de Medicin\u0103 \u015fi Farmacie \u201cGrigore T. Popa\u201d Ia\u015fiInfluen\u0163a compu\u015filor polifenolici \u00een procesele fiziopatologice la nivelul pielii Autori: Manuela Ciocoiu, Iuliana Hunea, Codru\u0163a B\u0103descu Propriet\u0103\u021bile biologice ale polifenolilor includ propriet\u0103\u021bi antioxidante, antitumorale \u0219i efecte antiinflamatorii. Exist\u0103 o varietate de mecanisme poten\u021biale de ac\u021biune cum ar fi inhibarea enzimelor de replicare bacterian\u0103, [&hellip;]<\/p>\n","protected":false},"author":2,"featured_media":0,"parent":0,"menu_order":0,"comment_status":"closed","ping_status":"closed","template":"","meta":{"_et_pb_use_builder":"on","_et_pb_old_content":"","_et_gb_content_width":"","footnotes":""},"class_list":["post-7501","page","type-page","status-publish","hentry"],"_links":{"self":[{"href":"https:\/\/pdi.ro\/2020\/wp-json\/wp\/v2\/pages\/7501","targetHints":{"allow":["GET"]}}],"collection":[{"href":"https:\/\/pdi.ro\/2020\/wp-json\/wp\/v2\/pages"}],"about":[{"href":"https:\/\/pdi.ro\/2020\/wp-json\/wp\/v2\/types\/page"}],"author":[{"embeddable":true,"href":"https:\/\/pdi.ro\/2020\/wp-json\/wp\/v2\/users\/2"}],"replies":[{"embeddable":true,"href":"https:\/\/pdi.ro\/2020\/wp-json\/wp\/v2\/comments?post=7501"}],"version-history":[{"count":8,"href":"https:\/\/pdi.ro\/2020\/wp-json\/wp\/v2\/pages\/7501\/revisions"}],"predecessor-version":[{"id":8406,"href":"https:\/\/pdi.ro\/2020\/wp-json\/wp\/v2\/pages\/7501\/revisions\/8406"}],"wp:attachment":[{"href":"https:\/\/pdi.ro\/2020\/wp-json\/wp\/v2\/media?parent=7501"}],"curies":[{"name":"wp","href":"https:\/\/api.w.org\/{rel}","templated":true}]}}