{"id":7510,"date":"2020-03-06T16:03:25","date_gmt":"2020-03-06T14:03:25","guid":{"rendered":"https:\/\/primaderma.ro\/?page_id=7510"},"modified":"2020-07-01T11:55:09","modified_gmt":"2020-07-01T09:55:09","slug":"prof-dr-deleanu-diana","status":"publish","type":"page","link":"https:\/\/pdi.ro\/2020\/prof-dr-deleanu-diana\/","title":{"rendered":"Prof. Dr. Deleanu Diana"},"content":{"rendered":"<p>[et_pb_section fb_built=&#8221;1&#8243; fullwidth=&#8221;on&#8221; disabled_on=&#8221;on|off|off&#8221; _builder_version=&#8221;3.22&#8243; custom_margin=&#8221;||&#8221; custom_padding=&#8221;15px||29px&#8221; top_divider_style=&#8221;waves2&#8243; top_divider_color=&#8221;#f0622a&#8221; top_divider_flip=&#8221;horizontal|vertical&#8221; bottom_divider_style=&#8221;waves2&#8243; bottom_divider_color=&#8221;#fcdedb&#8221; bottom_divider_height=&#8221;105px&#8221; bottom_divider_flip=&#8221;vertical&#8221; collapsed=&#8221;off&#8221;][et_pb_fullwidth_header title=&#8221;@ET-DC@eyJkeW5hbWljIjp0cnVlLCJjb250ZW50IjoicG9zdF90aXRsZSIsInNldHRpbmdzIjp7ImJlZm9yZSI6IiIsImFmdGVyIjoiIn19@&#8221; text_orientation=&#8221;right&#8221; header_image_url=&#8221;https:\/\/pdi.ro\/2020\/wp-content\/uploads\/2020\/05\/pdi_iulie_online.png&#8221; disabled_on=&#8221;on|on|off&#8221; _builder_version=&#8221;4.4.7&#8243; _dynamic_attributes=&#8221;title&#8221; title_font=&#8221;Kaushan Script||||||||&#8221; title_text_align=&#8221;right&#8221; title_text_color=&#8221;#f0622a&#8221; title_font_size=&#8221;50px&#8221; content_font=&#8221;|600||on|||||&#8221; content_text_align=&#8221;center&#8221; content_text_color=&#8221;#686766&#8243; content_font_size=&#8221;15px&#8221; subhead_font=&#8221;||||||||&#8221; background_color=&#8221;rgba(239,145,107,0.54)&#8221; background_image=&#8221;https:\/\/pdi.ro\/2020\/wp-content\/uploads\/2020\/02\/back.jpg&#8221; background_layout=&#8221;light&#8221; custom_margin=&#8221;0px||8px&#8221; custom_padding=&#8221;40px||40px||true&#8221; content_font_size_tablet=&#8221;&#8221; content_font_size_phone=&#8221;15px&#8221; content_font_size_last_edited=&#8221;on|desktop&#8221;][\/et_pb_fullwidth_header][\/et_pb_section][et_pb_section fb_built=&#8221;1&#8243; _builder_version=&#8221;3.22&#8243;][et_pb_row column_structure=&#8221;2_5,3_5&#8243; _builder_version=&#8221;3.25&#8243; locked=&#8221;off&#8221;][et_pb_column type=&#8221;2_5&#8243; _builder_version=&#8221;3.25&#8243; custom_padding=&#8221;|||&#8221; custom_padding__hover=&#8221;|||&#8221;][et_pb_image src=&#8221;https:\/\/pdi.ro\/2020\/2019\/wp-content\/uploads\/2019\/03\/Deleanu-Diana_1.png&#8221; align=&#8221;center&#8221; align_tablet=&#8221;center&#8221; align_phone=&#8221;&#8221; align_last_edited=&#8221;on|desktop&#8221; _builder_version=&#8221;3.23&#8243; max_width=&#8221;32%&#8221; border_radii=&#8221;on|100px|100px|100px|100px&#8221;][\/et_pb_image][\/et_pb_column][et_pb_column type=&#8221;3_5&#8243; _builder_version=&#8221;3.25&#8243; custom_padding=&#8221;|||&#8221; custom_padding__hover=&#8221;|||&#8221;][et_pb_text _builder_version=&#8221;3.27.4&#8243;]<\/p>\n<h4><span style=\"color: #ff6600;\"><strong><\/strong><\/span><\/h4>\n<h4><span style=\"color: #ff6600;\"><strong><\/strong><\/span><\/h4>\n<p><span style=\"color: #ff6600;\"><strong><\/strong><\/span><\/p>\n<p><span style=\"color: #ff6600;\"><strong><\/strong><\/span><\/p>\n<p><span style=\"color: #ff6600;\"><strong><\/strong><\/span><\/p>\n<h4><span style=\"color: #ff6600;\"><strong>Prof. Dr.\u00a0Deleanu Diana<\/strong><\/span><br \/> <span style=\"color: #ff6600;\"><strong> Universitatea de Medicin\u0103 \u0219i Farmacie&#8221;Iuliu Ha\u021bieganu&#8221;, Cluj Napoca<\/strong><\/span><\/h4>\n<p>[\/et_pb_text][\/et_pb_column][\/et_pb_row][et_pb_row _builder_version=&#8221;3.25&#8243; locked=&#8221;off&#8221;][et_pb_column type=&#8221;4_4&#8243; _builder_version=&#8221;3.25&#8243; custom_padding=&#8221;|||&#8221; custom_padding__hover=&#8221;|||&#8221;][et_pb_text _builder_version=&#8221;4.4.8&#8243; hover_enabled=&#8221;0&#8243;]<\/p>\n<p style=\"text-align: justify;\"><span style=\"color: #ff6600;\">Reactii cutanate adverse severe la medicamente<br \/>\nAutor: Diana Deleanu<\/span><\/p>\n<p>Reac\u0163iile adverse severe la medicamente, cu manifestare cutanat\u00e3, chiar dac\u00e3 sunt rare pot fi extrem de severe, evolu\u0163ia fatal\u00e3 nefiind exclus\u00e3! Aceste manifest\u00e3ri particulare a reac\u0163iilor adverse medicamentoase sunt sindromul Stevens-Johnson (SSJ), sindromul de necroliz\u00e3 epidermic\u00e3 toxic\u00e3 (sindromul Lyell) (NET) \u015fi sindromul DRESS (sindromul cu reac\u0163ie la medicament cu eozinofilie \u015fi reac\u0163ie sistemic\u00e3). Au fost utilizate denumirile de sindrom Stevens-Johnson \u015fi cel de necroliz\u00e3 toxic\u00e3, ambele fiind de fapt aceea\u015fi afec\u0163iune, dar cu grade de severitate diferite (forma mai pu\u0163in sever\u00e3 este sindromul Stevens-Johnson). SSJ este o afec\u0163iune rar\u00e3, sever\u00e3 ce intereseaz\u00e3 pielea \u015fi mucoasele. Poate fi indus\u00e3 de medicamente (reac\u0163ie advers\u00e3 sever\u00e3) dar \u015fi de infec\u0163ii. S-a mai numit eritem multiform major. Debuteaz\u00e3 prin simptome generale nespecifice  urmate rapid de afectare cutanat\u00e3 \u015fi\/sau a mucoaselor. Pielea devine eritematoas\u00e3  intens sau violacee, dureroas\u00e3, mai rar pruriginoas\u00e3, apoi apar vezicule\/bule, care se sparg, iar stratul superficial cutanat se descuameaz\u00e3 masiv. Leziune pot fi localizate (\u020bn situa\u0163iile cu evolu\u0163ie mai pu\u0163in sever\u00e3), dar de cele mai multe ori sunt extinse, pe suprafe\u0163e mari, ce pot cuprinde \u020bntregul corp &#8211; situa\u0163iile cele mai severe, numite TEN. SSJ\/TEN este o urgen\u0163\u00e3 medical\u00e3, necesit\u00e3 internare, preferabil \u020bntr-o sec\u0163ie de terapie intensiv\u00e3 (leziunile cutanate sunt asimilate cu cel din arsurile cutanate). Aspectele cutanate din DRESS sunt apropiate cu cel observate \u020bn reac\u0163ia grefei contra gazd\u00e3: erup\u0163ie maculo-papular\u00e3, dar se pot dezvolta \u015fi vezicule, bule, pustule, purpur\u00e3, edem facial, cheilit\u00e3 etc Tabloul clinic este polimorf: apare de regul\u00e3 \u020bntre 2-8 s\u00e3pt\u00e3m\u00e2ni de la introducerea medicamentului. Majoritatea pacien\u0163ilor prezint\u00e3 febr\u00e3, eritem cutanat intens, adenopatii. Pacien\u0163ii prezint\u00e3 leucocitoz\u00e3, eozinofilie (90% dintre pacien\u0163i), mai rar monocitoz\u00e3, sindrom citolotic. Afectarea organelor interne poate lua aspectul unei hepatite, pneumonii, miocardit\u00e3, pericardit\u00e3, nefrit\u00e3 \u015fi colit\u00e3. Medicamentele care au indus SSJ\/TEN \u015fi DRESS sunt carbamazepina, lamotrigina, fenitoin, fenobarbital, alopurinolul, abacavirul, minociclina etc. Mecanismul acestor afec\u0163iuni nu este elucidat \u020bn totalitate, dar este necesar\u00e3 o predispozi\u0163ie genetic\u00e3 \u015fi o implicare a hipersensibilit\u00e3\u0163ii tardive celulare. Pacien\u0163ii trebuie s\u00e3 opreasc\u00e3 imediat medicamentul incriminat, dar  nu exist\u00e3 o terapie specific\u00e3. Prezent\u00e3m cazul unei paciente cu DRESS tratat\u00e3 cu benralizumab (anticorp monoclonal anti-IL 5, care are ca \u0163int\u00e3 terapeutic\u00e3 eozinofilul).<\/p>\n<p style=\"text-align: justify;\"><span style=\"color: #ff6600;\">Severe skin adverse reactions to drugs<br \/>\nAuthor: Diana Deleanu<\/span><\/p>\n<p>Severe skin adverse reations to drugs even they are seldom, they may be life threatening! This severe skin adverse reactions are Stevens-Johnson syndrome (SSJ), Toxic epidermal necrolysis (TEN), known also as Lyell syndrome, and  drug rash with eosinophilia and systemic symptoms syndrome (DRESS). SSJ and TEN were used, but they define the same disease with different severity grades (less severe being SSJ). SSJ is a rare disease affecting the skin and mucosa, which can be induced by drugs or infections. Major multiform erythema is another name given to SSJ. It presents general nonspecific symptoms followed rapidly by skin and mucosa lesions:   the skin present rash, then became violet, painful and very rare itchy. The specific lesions are blisters. The lesions may be localized (less severe cases), but frequently they are present on large area, which may cover the entire body (TEN). SSJ\/TEN are emergency! Patients need to be hospitalized, preferably in intensive care units (lesions are comparable to burns lesions). Skin lesions in DRESS are similar to those in graft versus host: maculo-papular eruptions, but blisters may develope, edema, cheilitis etc. DRESS develops after 2-8 weeks from the start of new drug and the synmptoms are polimorf. The majority of patients have fever, sever erythema, enlarge lymph nodes. Increase numaber of leukocytes  with eosinophilia are present in 90% of the patients, seldom is present mononucleosis. Patients have increase hepatic enzymes. Others organs involved are lungs, heart (miocarditis, pericarditis), renal, gut.Drugs that produce  SSJ\/TEN and DRESS were carbamazepine, lamotrigine, fenitoin, fenobarbital, allopurinol, abacavir, minocyline etc. The mechanism of the severe skin reactions is not known, but it needs a genetic tendency and a type IV hypersensitivity. Patients must stop the offending drug, but there is not a specific therapy for SSJ\/TEN or DRESS. We present a case of DRESS treated with benralizumab (anti-IL 5 monoclonal antibody with eosinophils as target).<\/p>\n<p style=\"text-align: justify;\"><span style=\"color: #ff6600;\">Scurt CV<\/span><\/p>\n<p style=\"text-align: justify;\">A absolvit Facultatea de Medicina si Farmacie a Institutului de Medicina si Farmacie Cluj-Napoca (actuala Universitate de Medicina si Farmacie Iuliu Hatieganu) in 1983. Este medic primar de Medicina Interna si de Alergologie si Imunologie Clinica (din 1995). Este angajata la UMF Iuliu Hatieganu, disciplina de Imunologie si Alergologie (sef de disciplina) si la Institutul Regional de Gastroenterologie si Hepatologie (IRGH) \u201cProf. dr. Octavian Fodor\u201d, sectia Medicina Interna (sef de sectie) cu compartimente de Alergologie si de Imunologie. Conduce programul nationale pentru boli rare \u2013 imunodeficiente primare.<br \/> Specializari la UMF Cluj-Napoca, UMF Carol Davila, Bucuresti, Universitatea de Medicina Southampton (boli respiratorii), la Spitalul Brompton, Londra, Serviciul de recuperare boli respiratorii Paderborn, la Clinica Nantes, Universitatea Navarra, Clinica San Miguel (alergologie) din Pamplona. Si-a sustinut teza de doctorat in domeniul medicine cu o tema de imunologie, in 1996. Autoare si coautoare a numeroase articole, cu indice Hirsch peste 9 si autoare la mai multe carti, capitole de carte in domeniul imunologiei si alergologiei. A introdus teste de provocare si imunoterapia specifica. Preda cursuri de imunologie si alergologie la studentii de la UMF &#8220;Iuliu Hatieganu&#8221; Cluj-Napoca, la anul 3 si 6 medicina generala, la medicina dentara, farmacie, nutritie si este responsabila de pregatirea medicilor rezidenti in specialitatea de Alergologie si Imunologie Clinica. Este investigator principal in numeroase studii clinice internationale privind bolile alergice (astm, rinita, soc anafilactic, urticarie). Participant la numeroase manifestarii de medicina, imunologie, alergologie, pediatrie, dermatologie regionale, nationale si internationale. A organizat &#8220;Scoala de Vara&#8221; 2007 la Cluj-Napoca, impreuna cu Academia Europeana de Alergologie si Imunologie Clinica (EAACI). A fost vicepresedinte (200-2006) si presedinte (2006-20017) al Societatii Nationale de Alergologie si Imunologie Clinica (SRAIC) , in prezent este \u201cfost-presedinte\u201d al SRAIC. Este membra la mai multe societati internationale de alergologie (EAACI, organizatia mondiala de Alergologie \u2013 WAO, la AAAAI, la ACAAI etc) si face parte din Comisiile de specialitate ale MS si Colegiului Medicilor. Are doi copii si trei nepoti.<\/p>\n<p>[\/et_pb_text][\/et_pb_column][\/et_pb_row][\/et_pb_section][et_pb_section fb_built=&#8221;1&#8243; _builder_version=&#8221;3.22&#8243; background_color=&#8221;rgba(117,194,33,0.23)&#8221; background_image=&#8221;https:\/\/pdi.ro\/2020\/wp-content\/uploads\/2020\/02\/back_justflowers_overlay1.png&#8221; background_blend=&#8221;luminosity&#8221; custom_padding=&#8221;54px|0px|0|0px|false|false&#8221; top_divider_style=&#8221;waves2&#8243; top_divider_color=&#8221;#ffffff&#8221; top_divider_height=&#8221;155px&#8221; top_divider_height_tablet=&#8221;&#8221; top_divider_height_phone=&#8221;97px&#8221; top_divider_height_last_edited=&#8221;on|desktop&#8221; bottom_divider_style=&#8221;waves2&#8243; bottom_divider_color=&#8221;#75c221&#8243; bottom_divider_flip=&#8221;vertical&#8221; bottom_divider_height_tablet=&#8221;&#8221; bottom_divider_height_phone=&#8221;59px&#8221; bottom_divider_height_last_edited=&#8221;on|desktop&#8221;][et_pb_row column_structure=&#8221;3_5,2_5&#8243; _builder_version=&#8221;3.25&#8243; custom_padding=&#8221;61px|0px|69px|0px|false|false&#8221;][et_pb_column type=&#8221;3_5&#8243; _builder_version=&#8221;3.25&#8243; custom_padding=&#8221;|||&#8221; custom_padding__hover=&#8221;|||&#8221;][et_pb_text _builder_version=&#8221;4.0.11&#8243; text_font=&#8221;Kaushan Script||||||||&#8221; text_text_color=&#8221;#f0622a&#8221; text_font_size=&#8221;30px&#8221; text_line_height=&#8221;1.2em&#8221; header_font=&#8221;||||||||&#8221; background_layout=&#8221;dark&#8221; text_font_size_tablet=&#8221;&#8221; text_font_size_phone=&#8221;&#8221; text_font_size_last_edited=&#8221;on|desktop&#8221;]<\/p>\n<p>Contacteaz\u0103 operatorul PDI 2020<\/p>\n<p>[\/et_pb_text][et_pb_contact_form email=&#8221;contact@primaderma.ro\/2019&#8243; submit_button_text=&#8221;Trimite mesajul&#8221; _builder_version=&#8221;3.19.4&#8243; title_font=&#8221;||||||||&#8221;][et_pb_contact_field field_id=&#8221;Name&#8221; field_title=&#8221;Nume&#8221; _builder_version=&#8221;3.18.9&#8243; button_text_size__hover_enabled=&#8221;off&#8221; button_one_text_size__hover_enabled=&#8221;off&#8221; button_two_text_size__hover_enabled=&#8221;off&#8221; button_text_color__hover_enabled=&#8221;off&#8221; button_one_text_color__hover_enabled=&#8221;off&#8221; button_two_text_color__hover_enabled=&#8221;off&#8221; button_border_width__hover_enabled=&#8221;off&#8221; button_one_border_width__hover_enabled=&#8221;off&#8221; button_two_border_width__hover_enabled=&#8221;off&#8221; button_border_color__hover_enabled=&#8221;off&#8221; button_one_border_color__hover_enabled=&#8221;off&#8221; button_two_border_color__hover_enabled=&#8221;off&#8221; button_border_radius__hover_enabled=&#8221;off&#8221; button_one_border_radius__hover_enabled=&#8221;off&#8221; button_two_border_radius__hover_enabled=&#8221;off&#8221; button_letter_spacing__hover_enabled=&#8221;off&#8221; button_one_letter_spacing__hover_enabled=&#8221;off&#8221; button_two_letter_spacing__hover_enabled=&#8221;off&#8221; button_bg_color__hover_enabled=&#8221;off&#8221; button_one_bg_color__hover_enabled=&#8221;off&#8221; button_two_bg_color__hover_enabled=&#8221;off&#8221;][\/et_pb_contact_field][et_pb_contact_field field_id=&#8221;Email&#8221; field_title=&#8221;Adresa de e-mail&#8221; field_type=&#8221;email&#8221; _builder_version=&#8221;3.19.4&#8243; button_text_size__hover_enabled=&#8221;off&#8221; button_one_text_size__hover_enabled=&#8221;off&#8221; button_two_text_size__hover_enabled=&#8221;off&#8221; button_text_color__hover_enabled=&#8221;off&#8221; button_one_text_color__hover_enabled=&#8221;off&#8221; button_two_text_color__hover_enabled=&#8221;off&#8221; button_border_width__hover_enabled=&#8221;off&#8221; button_one_border_width__hover_enabled=&#8221;off&#8221; button_two_border_width__hover_enabled=&#8221;off&#8221; button_border_color__hover_enabled=&#8221;off&#8221; button_one_border_color__hover_enabled=&#8221;off&#8221; button_two_border_color__hover_enabled=&#8221;off&#8221; button_border_radius__hover_enabled=&#8221;off&#8221; button_one_border_radius__hover_enabled=&#8221;off&#8221; button_two_border_radius__hover_enabled=&#8221;off&#8221; button_letter_spacing__hover_enabled=&#8221;off&#8221; button_one_letter_spacing__hover_enabled=&#8221;off&#8221; button_two_letter_spacing__hover_enabled=&#8221;off&#8221; button_bg_color__hover_enabled=&#8221;off&#8221; button_one_bg_color__hover_enabled=&#8221;off&#8221; button_two_bg_color__hover_enabled=&#8221;off&#8221;][\/et_pb_contact_field][et_pb_contact_field field_id=&#8221;Message&#8221; field_title=&#8221;Mesajul dvs.&#8221; field_type=&#8221;text&#8221; fullwidth_field=&#8221;on&#8221; _builder_version=&#8221;3.18.9&#8243; button_text_size__hover_enabled=&#8221;off&#8221; button_one_text_size__hover_enabled=&#8221;off&#8221; button_two_text_size__hover_enabled=&#8221;off&#8221; button_text_color__hover_enabled=&#8221;off&#8221; button_one_text_color__hover_enabled=&#8221;off&#8221; button_two_text_color__hover_enabled=&#8221;off&#8221; button_border_width__hover_enabled=&#8221;off&#8221; button_one_border_width__hover_enabled=&#8221;off&#8221; button_two_border_width__hover_enabled=&#8221;off&#8221; button_border_color__hover_enabled=&#8221;off&#8221; button_one_border_color__hover_enabled=&#8221;off&#8221; button_two_border_color__hover_enabled=&#8221;off&#8221; button_border_radius__hover_enabled=&#8221;off&#8221; button_one_border_radius__hover_enabled=&#8221;off&#8221; button_two_border_radius__hover_enabled=&#8221;off&#8221; button_letter_spacing__hover_enabled=&#8221;off&#8221; button_one_letter_spacing__hover_enabled=&#8221;off&#8221; button_two_letter_spacing__hover_enabled=&#8221;off&#8221; button_bg_color__hover_enabled=&#8221;off&#8221; button_one_bg_color__hover_enabled=&#8221;off&#8221; button_two_bg_color__hover_enabled=&#8221;off&#8221;][\/et_pb_contact_field][\/et_pb_contact_form][\/et_pb_column][et_pb_column type=&#8221;2_5&#8243; _builder_version=&#8221;3.25&#8243; custom_padding=&#8221;|||&#8221; custom_padding__hover=&#8221;|||&#8221;][et_pb_text _builder_version=&#8221;4.0.11&#8243; text_font=&#8221;Kaushan Script||||||||&#8221; text_text_color=&#8221;#f0622a&#8221; text_font_size=&#8221;30px&#8221; header_font=&#8221;||||||||&#8221; background_layout=&#8221;dark&#8221;]<\/p>\n<p>Operatorul PDI 2020<\/p>\n<p>[\/et_pb_text][et_pb_text _builder_version=&#8221;4.0.11&#8243; text_font=&#8221;||||||||&#8221;]<\/p>\n<p><span><img loading=\"lazy\" decoding=\"async\" src=\"https:\/\/pdi.ro\/2020\/wp-content\/uploads\/2020\/02\/eventer_logo_150px.png\" width=\"151\" height=\"33\" alt=\"\" class=\"wp-image-774 alignleft size-full\" \/><\/span><\/p>\n<p><span><\/span><\/p>\n<p><span><\/span><\/p>\n<p><span>Adresa: Str. A. Panu nr. 13, Iasi<\/span><br \/> <span>Tel.: 0332.40.88.00-05<\/span><br \/> <span>E-mail: <a href=\"mailto:inscrieri@primaderma.ro\" target=\"_blank\" rel=\"noopener noreferrer\">inscrieri@primaderma.ro<\/a><br \/> <\/span><span>Website:\u00a0<\/span><a href=\"http:\/\/www.eventernet.ro\/\" target=\"Blank\" rel=\"noopener noreferrer\">www.eventernet.ro<\/a><\/p>\n<p>[\/et_pb_text][et_pb_text disabled_on=&#8221;off|off|off&#8221; _builder_version=&#8221;4.0.11&#8243; text_font=&#8221;Kaushan Script||||||||&#8221; text_text_color=&#8221;#f0622a&#8221; text_font_size=&#8221;30px&#8221; header_font=&#8221;||||||||&#8221; background_layout=&#8221;dark&#8221; locked=&#8221;off&#8221;]<\/p>\n<p>Parteneri Media<\/p>\n<p>[\/et_pb_text][et_pb_gallery gallery_ids=&#8221;7203,7204,7232,7231&#8243; fullwidth=&#8221;on&#8221; _builder_version=&#8221;4.0.11&#8243; transform_scale=&#8221;86%|86%&#8221; max_width=&#8221;63%&#8221; auto=&#8221;on&#8221; auto_speed=&#8221;3500&#8243; hover_transition_duration=&#8221;100ms&#8221; hover_transition_delay=&#8221;50ms&#8221; hover_transition_speed_curve=&#8221;ease-in-out&#8221; locked=&#8221;off&#8221;][\/et_pb_gallery][\/et_pb_column][\/et_pb_row][\/et_pb_section]<\/p>\n","protected":false},"excerpt":{"rendered":"<p>Prof. Dr.\u00a0Deleanu Diana Universitatea de Medicin\u0103 \u0219i Farmacie&#8221;Iuliu Ha\u021bieganu&#8221;, Cluj NapocaReactii cutanate adverse severe la medicamente Autor: Diana Deleanu Reac\u0163iile adverse severe la medicamente, cu manifestare cutanat\u00e3, chiar dac\u00e3 sunt rare pot fi extrem de severe, evolu\u0163ia fatal\u00e3 nefiind exclus\u00e3! Aceste manifest\u00e3ri particulare a reac\u0163iilor adverse medicamentoase sunt sindromul Stevens-Johnson (SSJ), sindromul de necroliz\u00e3 epidermic\u00e3 [&hellip;]<\/p>\n","protected":false},"author":2,"featured_media":0,"parent":0,"menu_order":0,"comment_status":"closed","ping_status":"closed","template":"","meta":{"_et_pb_use_builder":"on","_et_pb_old_content":"","_et_gb_content_width":"","footnotes":""},"class_list":["post-7510","page","type-page","status-publish","hentry"],"_links":{"self":[{"href":"https:\/\/pdi.ro\/2020\/wp-json\/wp\/v2\/pages\/7510","targetHints":{"allow":["GET"]}}],"collection":[{"href":"https:\/\/pdi.ro\/2020\/wp-json\/wp\/v2\/pages"}],"about":[{"href":"https:\/\/pdi.ro\/2020\/wp-json\/wp\/v2\/types\/page"}],"author":[{"embeddable":true,"href":"https:\/\/pdi.ro\/2020\/wp-json\/wp\/v2\/users\/2"}],"replies":[{"embeddable":true,"href":"https:\/\/pdi.ro\/2020\/wp-json\/wp\/v2\/comments?post=7510"}],"version-history":[{"count":6,"href":"https:\/\/pdi.ro\/2020\/wp-json\/wp\/v2\/pages\/7510\/revisions"}],"predecessor-version":[{"id":8509,"href":"https:\/\/pdi.ro\/2020\/wp-json\/wp\/v2\/pages\/7510\/revisions\/8509"}],"wp:attachment":[{"href":"https:\/\/pdi.ro\/2020\/wp-json\/wp\/v2\/media?parent=7510"}],"curies":[{"name":"wp","href":"https:\/\/api.w.org\/{rel}","templated":true}]}}