{"id":7516,"date":"2020-03-06T16:08:27","date_gmt":"2020-03-06T14:08:27","guid":{"rendered":"https:\/\/primaderma.ro\/?page_id=7516"},"modified":"2020-05-28T16:27:58","modified_gmt":"2020-05-28T14:27:58","slug":"dr-dimitriu-andreea","status":"publish","type":"page","link":"https:\/\/pdi.ro\/2020\/dr-dimitriu-andreea\/","title":{"rendered":"Dr. Dimitriu Andreea"},"content":{"rendered":"<p>[et_pb_section fb_built=&#8221;1&#8243; fullwidth=&#8221;on&#8221; disabled_on=&#8221;on|off|off&#8221; _builder_version=&#8221;3.22&#8243; custom_margin=&#8221;||&#8221; custom_padding=&#8221;15px||29px&#8221; top_divider_style=&#8221;waves2&#8243; top_divider_color=&#8221;#f0622a&#8221; top_divider_flip=&#8221;horizontal|vertical&#8221; bottom_divider_style=&#8221;waves2&#8243; bottom_divider_color=&#8221;#fcdedb&#8221; bottom_divider_height=&#8221;105px&#8221; bottom_divider_flip=&#8221;vertical&#8221; collapsed=&#8221;off&#8221;][et_pb_fullwidth_header title=&#8221;@ET-DC@eyJkeW5hbWljIjp0cnVlLCJjb250ZW50IjoicG9zdF90aXRsZSIsInNldHRpbmdzIjp7ImJlZm9yZSI6IiIsImFmdGVyIjoiIn19@&#8221; text_orientation=&#8221;right&#8221; header_image_url=&#8221;https:\/\/pdi.ro\/2020\/wp-content\/uploads\/2020\/05\/pdi_iulie_online.png&#8221; disabled_on=&#8221;on|on|off&#8221; _builder_version=&#8221;4.4.7&#8243; _dynamic_attributes=&#8221;title&#8221; title_font=&#8221;Kaushan Script||||||||&#8221; title_text_align=&#8221;right&#8221; title_text_color=&#8221;#f0622a&#8221; title_font_size=&#8221;50px&#8221; content_font=&#8221;|600||on|||||&#8221; content_text_align=&#8221;center&#8221; content_text_color=&#8221;#686766&#8243; content_font_size=&#8221;15px&#8221; subhead_font=&#8221;||||||||&#8221; background_color=&#8221;rgba(239,145,107,0.54)&#8221; background_image=&#8221;https:\/\/pdi.ro\/2020\/wp-content\/uploads\/2020\/02\/back.jpg&#8221; background_layout=&#8221;light&#8221; custom_margin=&#8221;0px||8px&#8221; custom_padding=&#8221;40px||40px||true&#8221; hover_enabled=&#8221;0&#8243; content_font_size_tablet=&#8221;&#8221; content_font_size_phone=&#8221;15px&#8221; content_font_size_last_edited=&#8221;on|desktop&#8221; title_text=&#8221;pdi_iulie_online&#8221;][\/et_pb_fullwidth_header][\/et_pb_section][et_pb_section fb_built=&#8221;1&#8243; _builder_version=&#8221;3.22&#8243;][et_pb_row column_structure=&#8221;2_5,3_5&#8243; _builder_version=&#8221;3.25&#8243; locked=&#8221;off&#8221;][et_pb_column type=&#8221;2_5&#8243; _builder_version=&#8221;3.25&#8243; custom_padding=&#8221;|||&#8221; custom_padding__hover=&#8221;|||&#8221;][et_pb_image src=&#8221;https:\/\/pdi.ro\/2020\/2019\/wp-content\/uploads\/2019\/02\/Andreea-Dimitriu_1.jpg&#8221; align=&#8221;center&#8221; align_tablet=&#8221;center&#8221; align_phone=&#8221;&#8221; align_last_edited=&#8221;on|desktop&#8221; _builder_version=&#8221;3.23&#8243; max_width=&#8221;31%&#8221; border_radii=&#8221;on|100px|100px|100px|100px&#8221;][\/et_pb_image][\/et_pb_column][et_pb_column type=&#8221;3_5&#8243; _builder_version=&#8221;3.25&#8243; custom_padding=&#8221;|||&#8221; custom_padding__hover=&#8221;|||&#8221;][et_pb_text _builder_version=&#8221;3.27.4&#8243;]<\/p>\n<h4><strong><span style=\"color: #ff6600;\"><\/span><\/strong><\/h4>\n<h4><strong><span style=\"color: #ff6600;\"><\/span><\/strong><\/h4>\n<h4><strong><span style=\"color: #ff6600;\"><\/span><\/strong><\/h4>\n<h4><strong><span style=\"color: #ff6600;\"><\/span><\/strong><\/h4>\n<h4><strong><span style=\"color: #ff6600;\">Dr.\u00a0Dimitriu Andreea<\/span><\/strong><br \/><strong><span style=\"color: #ff6600;\"> Spitalul ARCADIA<\/span><\/strong><\/h4>\n<p>[\/et_pb_text][\/et_pb_column][\/et_pb_row][et_pb_row _builder_version=&#8221;3.25&#8243; locked=&#8221;off&#8221;][et_pb_column type=&#8221;4_4&#8243; _builder_version=&#8221;3.25&#8243; custom_padding=&#8221;|||&#8221; custom_padding__hover=&#8221;|||&#8221;][et_pb_text _builder_version=&#8221;4.0.11&#8243;]<\/p>\n<p style=\"text-align: justify;\"><span style=\"color: #ff6600;\">Tumorile unghiale<\/span><br \/> <span style=\"color: #ff6600;\">Autori: Andreea Dimitriu, Laura Elena Paviliu<\/span><\/p>\n<p style=\"text-align: justify;\">Modific\u0103rile unghiale sunt un motiv frecvent de a solicita un consult dermatologic. Acestea pot s\u0103 apar\u0103 la orice v\u00e2rst\u0103. Aproximativ jum\u0103tate din afec\u0163iunile unghiale sunt de origine infec\u0163ioas\u0103, 15 % se datoreaz\u0103 afec\u0163iunilor inflamatorii sau metabolice, iar 5% sunt ca urmare a unor tumori maligne \u015fi modific\u0103rilor de pigment. Diagnosticul diferen\u0163ial este esen\u0163ial \u015fi adesea, pune probleme.<br \/> Unitatea unghial\u0103 este o structur\u0103 foarte vascular\u0103, fiind o localizare comun\u0103 pentru multiple tumori. Tumorile unghiale sunt frecvent diagnosticate gre\u015fit sau diagnosticate tardiv deoarece lama unghial\u0103 poate acoperi orice leziune\/ tumor\u0103 de baz\u0103 care simuleaz\u0103 o boal\u0103 inflamatorie sau infec\u0163ioas\u0103.<br \/> Tumorile unghiale sunt clasificate \u00een: tumori benigne ( fibrom, onicomatricom, chist mixoid digital, granulom piogenic, tumor\u0103 glomic\u0103, exostoz\u0103 subunghial\u0103, onicopapilom, nev unghial), maligne (boala Bowen, carcinom scuamocelular, melanomul) \u015fi metastaze.<br \/> Semnele clinice ale tumorilor se pot datora at\u00e2t prezen\u0163ei unei mase tumorale, c\u00e2t \u015fi distruc\u0163iei unghiale. Simptomele pot fi sau nu prezente. Exostozele subunghiale \u015fi chisturile mixoide digitale pot provoca deform\u0103ri ale unghiilor. Unele tumori precum, tumora glomic\u0103 sunt dureroase. Marginea proximal\u0103 unghial\u0103 este o localizare tipic\u0103 pentru chistul mixoid digital, care \u00ee\u015fi are originea din capsula articular\u0103 interfalangian\u0103 distal\u0103. Unele dintre aceste tumori sunt specifice unghiilor, cum ar fi onicomatricom. Leziunile melanocitare sunt clasificate: hipermelanoz\u0103, lentigo, nevi \u015fi melanomul.<br \/> De regul\u0103, leziunile benigne respect\u0103 arhitectura general\u0103 a aparatului unghial, \u00een timp ce cele maligne sunt distructive.<br \/> O inspec\u0163ie am\u0103nun\u0163it\u0103 a unghiilor este necesar\u0103 \u00een timpul examin\u0103rii generale, put\u00e2nd dezv\u0103lui anomalii ale unghiilor localizate care trebuiesc tratate.<\/p>\n<p style=\"text-align: justify;\"><span style=\"color: #ff6600;\">Tumors of the nails<\/span><br \/> <span style=\"color: #ff6600;\">Authors: Andreea Dimitriu, Laura Elena Paviliu<\/span><\/p>\n<p style=\"text-align: justify;\">Nail disorders are a common reason for a dermatologic consultation. Nail disorders can arise at any age. About half of all nail disorders are of infectious origin, 15% are due to inflammatory or metabolic conditions, and 5% are due to malignancies and pigment disturbances. The differential diagnosis of nail disorders is often an area of uncertainty.<br \/>The nail unit is a very vascular structure, which is a very common site for many tumors. Nail unit tumors are frequently misdiagnosed or diagnosed at a later stage because the nail plate can cover any underlying lesion\/ tumor simulating an inflammatory or infectious disease.<br \/>The nail unit tumors can be classified as benign (fibroma, onychomatricoma, digital myxoid cyst, pyogenic granuloma, glomus tumor, subungual exostosis, onychopapilloma, nail matrix nevi), malignant (Bowen\u2019s disease, squamous cell carcinoma, melanoma) or metastatic. Usually, there is involvement of a single digit.<br \/>Signs of nail tumors may be due to the presence of a mass and to the damage to the nail components. Symptoms may or not be present. Subungual exostoses and mucoid pseudocysts can cause nail deformities. Painful types of nail tumor include glomus tumor. The proximal nail fold is a typical localization of digital myxoid cyst, which arises from the distal interphalangeal joint capsule. Some of these tumors are unique to the nail, such as onychomatricoma. Melanocytic lesions of the nail unit are traditionally classified as follows: melanocytic activation (hypermelanosis), lentigo, nevi, and melanoma. <br \/> As a general rule, benign lesions respect the general architecture of the nail apparatus, whereas malignant ones are destructive.<br \/>A thorough inspection of the finger-nails and toenails during the physical examination may reveal localized nail abnormalities that should be treated.<\/p>\n<p style=\"text-align: justify;\"><span style=\"color: #ff6600;\">\u00a0Scurt CV<\/span><\/p>\n<p style=\"text-align: justify;\"><strong>Educa\u021bie \u0219i formare<\/strong><\/p>\n<p style=\"text-align: justify;\">&#8211; Diplom\u0103 medic specialist dermato-venerolog (pe baza examenului sustinut in sesiunea noiembrie 2017)<br \/> &#8211; Medic rezident dermato-venerologie ( 2012- 2017)- Spitalul Clinic Jude\u021bean de Urgen\u021b\u0103 \u201eSf. Spiridon\u201d, Ia\u0219i, Clinica de Dermatovenerologie<br \/> &#8211; Diplom\u0103 doctor-medic (2010)- Universitatea de Medicina \u0219i Farmacie \u201eGrigore T. Popa\u201d, Ia\u0219i- Facultatea de Medicin\u0103<br \/> &#8211; Diplom\u0103 de bacalaureat ( 2004)- Colegiul Na\u021bional, Ia\u0219i<br \/> &#8211; Multiple cursuri de pregatire profesional\u0103 continu\u0103 at\u00e2t na\u0163ionale, c\u00e2t \u015fi interna\u0163ionale: EADV Resident Course- Dermoscopy; Dermapen\u2019s Training Program- Advanced Class; \u201eBazele anatomice pentru injectarea de acid hialuronic la nivelul fe\u0163ei. Rezultatele tratamentelor cu acid hialuronic\u201d; EADV Resident Course- \u201ePaediatric Dermatology\u201d; \u201eTerapii bazate pe lumina inteligent\u0103\u201d; \u201eInjectare de plasma autolog\u0103 PRP\u201d; Curs postuniversitar de Dermatopediatrie, \u201ePresent and future in Dermatocosmetology\u201d; \u201eSkin ultrasound\u201d; \u201eScleroderma at the border between specialities\u201d; \u201eDermato-allergology\u201d; \u201eDermatological surgery- from simple to complex\u201d etc.<br \/> <strong>Activitatea \u015ftiin\u0163ific\u0103:<\/strong><br \/> Autor a 2 capitole de carte, coautor in 2 lucr\u0103ri \u00een extenso publicate \u00een reviste cotate ISI Web of Science, 6 lucr\u0103ri publicate \u00een rezumat \u00een jurnale indexate ISI, 6 lucr\u0103ri \u00een extenso \u00een revista indexata ISI \u015fi BDI, autor principal \u015fi coautor de postere la manifest\u0103ri na\u0163ionale \u015fi interna\u0163ionale, comunic\u0103ri orale.<\/p>\n<p style=\"text-align: justify;\"><strong>Membru al unor societ\u0103\u0163i \u015ftiin\u0163ifice<\/strong><br \/> European Academy of Dermatology and Venereology<br \/> Societatea Rom\u00e2n\u0103 de Dermatologie<br \/> Asocia\u0163ia Dermatologilor din Moldova<br \/> International Dermoscopy Society<\/p>\n<p style=\"text-align: justify;\">[\/et_pb_text][\/et_pb_column][\/et_pb_row][\/et_pb_section][et_pb_section fb_built=&#8221;1&#8243; _builder_version=&#8221;3.22&#8243; background_color=&#8221;rgba(117,194,33,0.23)&#8221; background_image=&#8221;https:\/\/pdi.ro\/2020\/wp-content\/uploads\/2020\/02\/back_justflowers_overlay1.png&#8221; background_blend=&#8221;luminosity&#8221; custom_padding=&#8221;54px|0px|0|0px|false|false&#8221; top_divider_style=&#8221;waves2&#8243; top_divider_color=&#8221;#ffffff&#8221; top_divider_height=&#8221;155px&#8221; top_divider_height_tablet=&#8221;&#8221; top_divider_height_phone=&#8221;97px&#8221; top_divider_height_last_edited=&#8221;on|desktop&#8221; bottom_divider_style=&#8221;waves2&#8243; bottom_divider_color=&#8221;#75c221&#8243; bottom_divider_flip=&#8221;vertical&#8221; bottom_divider_height_tablet=&#8221;&#8221; bottom_divider_height_phone=&#8221;59px&#8221; bottom_divider_height_last_edited=&#8221;on|desktop&#8221;][et_pb_row column_structure=&#8221;3_5,2_5&#8243; _builder_version=&#8221;3.25&#8243; custom_padding=&#8221;61px|0px|69px|0px|false|false&#8221;][et_pb_column type=&#8221;3_5&#8243; _builder_version=&#8221;3.25&#8243; custom_padding=&#8221;|||&#8221; custom_padding__hover=&#8221;|||&#8221;][et_pb_text _builder_version=&#8221;4.0.11&#8243; text_font=&#8221;Kaushan Script||||||||&#8221; text_text_color=&#8221;#f0622a&#8221; text_font_size=&#8221;30px&#8221; text_line_height=&#8221;1.2em&#8221; header_font=&#8221;||||||||&#8221; background_layout=&#8221;dark&#8221; text_font_size_tablet=&#8221;&#8221; text_font_size_phone=&#8221;&#8221; text_font_size_last_edited=&#8221;on|desktop&#8221;]<\/p>\n<p>Contacteaz\u0103 operatorul PDI 2020<\/p>\n<p>[\/et_pb_text][et_pb_contact_form email=&#8221;contact@primaderma.ro\/2019&#8243; submit_button_text=&#8221;Trimite mesajul&#8221; _builder_version=&#8221;3.19.4&#8243; title_font=&#8221;||||||||&#8221;][et_pb_contact_field field_id=&#8221;Name&#8221; field_title=&#8221;Nume&#8221; _builder_version=&#8221;3.18.9&#8243; button_text_size__hover_enabled=&#8221;off&#8221; button_one_text_size__hover_enabled=&#8221;off&#8221; button_two_text_size__hover_enabled=&#8221;off&#8221; button_text_color__hover_enabled=&#8221;off&#8221; button_one_text_color__hover_enabled=&#8221;off&#8221; button_two_text_color__hover_enabled=&#8221;off&#8221; button_border_width__hover_enabled=&#8221;off&#8221; button_one_border_width__hover_enabled=&#8221;off&#8221; button_two_border_width__hover_enabled=&#8221;off&#8221; button_border_color__hover_enabled=&#8221;off&#8221; button_one_border_color__hover_enabled=&#8221;off&#8221; button_two_border_color__hover_enabled=&#8221;off&#8221; button_border_radius__hover_enabled=&#8221;off&#8221; button_one_border_radius__hover_enabled=&#8221;off&#8221; button_two_border_radius__hover_enabled=&#8221;off&#8221; button_letter_spacing__hover_enabled=&#8221;off&#8221; button_one_letter_spacing__hover_enabled=&#8221;off&#8221; button_two_letter_spacing__hover_enabled=&#8221;off&#8221; button_bg_color__hover_enabled=&#8221;off&#8221; button_one_bg_color__hover_enabled=&#8221;off&#8221; button_two_bg_color__hover_enabled=&#8221;off&#8221;][\/et_pb_contact_field][et_pb_contact_field field_id=&#8221;Email&#8221; field_title=&#8221;Adresa de e-mail&#8221; field_type=&#8221;email&#8221; _builder_version=&#8221;3.19.4&#8243; button_text_size__hover_enabled=&#8221;off&#8221; button_one_text_size__hover_enabled=&#8221;off&#8221; button_two_text_size__hover_enabled=&#8221;off&#8221; button_text_color__hover_enabled=&#8221;off&#8221; button_one_text_color__hover_enabled=&#8221;off&#8221; button_two_text_color__hover_enabled=&#8221;off&#8221; button_border_width__hover_enabled=&#8221;off&#8221; button_one_border_width__hover_enabled=&#8221;off&#8221; button_two_border_width__hover_enabled=&#8221;off&#8221; button_border_color__hover_enabled=&#8221;off&#8221; button_one_border_color__hover_enabled=&#8221;off&#8221; button_two_border_color__hover_enabled=&#8221;off&#8221; button_border_radius__hover_enabled=&#8221;off&#8221; button_one_border_radius__hover_enabled=&#8221;off&#8221; button_two_border_radius__hover_enabled=&#8221;off&#8221; button_letter_spacing__hover_enabled=&#8221;off&#8221; button_one_letter_spacing__hover_enabled=&#8221;off&#8221; button_two_letter_spacing__hover_enabled=&#8221;off&#8221; button_bg_color__hover_enabled=&#8221;off&#8221; button_one_bg_color__hover_enabled=&#8221;off&#8221; button_two_bg_color__hover_enabled=&#8221;off&#8221;][\/et_pb_contact_field][et_pb_contact_field field_id=&#8221;Message&#8221; field_title=&#8221;Mesajul dvs.&#8221; field_type=&#8221;text&#8221; fullwidth_field=&#8221;on&#8221; _builder_version=&#8221;3.18.9&#8243; button_text_size__hover_enabled=&#8221;off&#8221; button_one_text_size__hover_enabled=&#8221;off&#8221; button_two_text_size__hover_enabled=&#8221;off&#8221; button_text_color__hover_enabled=&#8221;off&#8221; button_one_text_color__hover_enabled=&#8221;off&#8221; button_two_text_color__hover_enabled=&#8221;off&#8221; button_border_width__hover_enabled=&#8221;off&#8221; button_one_border_width__hover_enabled=&#8221;off&#8221; button_two_border_width__hover_enabled=&#8221;off&#8221; button_border_color__hover_enabled=&#8221;off&#8221; button_one_border_color__hover_enabled=&#8221;off&#8221; button_two_border_color__hover_enabled=&#8221;off&#8221; button_border_radius__hover_enabled=&#8221;off&#8221; button_one_border_radius__hover_enabled=&#8221;off&#8221; button_two_border_radius__hover_enabled=&#8221;off&#8221; button_letter_spacing__hover_enabled=&#8221;off&#8221; button_one_letter_spacing__hover_enabled=&#8221;off&#8221; button_two_letter_spacing__hover_enabled=&#8221;off&#8221; button_bg_color__hover_enabled=&#8221;off&#8221; button_one_bg_color__hover_enabled=&#8221;off&#8221; button_two_bg_color__hover_enabled=&#8221;off&#8221;][\/et_pb_contact_field][\/et_pb_contact_form][\/et_pb_column][et_pb_column type=&#8221;2_5&#8243; _builder_version=&#8221;3.25&#8243; custom_padding=&#8221;|||&#8221; custom_padding__hover=&#8221;|||&#8221;][et_pb_text _builder_version=&#8221;4.0.11&#8243; text_font=&#8221;Kaushan Script||||||||&#8221; text_text_color=&#8221;#f0622a&#8221; text_font_size=&#8221;30px&#8221; header_font=&#8221;||||||||&#8221; background_layout=&#8221;dark&#8221;]<\/p>\n<p>Operatorul PDI 2020<\/p>\n<p>[\/et_pb_text][et_pb_text _builder_version=&#8221;4.0.11&#8243; text_font=&#8221;||||||||&#8221;]<\/p>\n<p><span><img loading=\"lazy\" decoding=\"async\" src=\"https:\/\/pdi.ro\/2020\/wp-content\/uploads\/2020\/02\/eventer_logo_150px.png\" width=\"151\" height=\"33\" alt=\"\" class=\"wp-image-774 alignleft size-full\" \/><\/span><\/p>\n<p><span><\/span><\/p>\n<p><span><\/span><\/p>\n<p><span>Adresa: Str. A. Panu nr. 13, Iasi<\/span><br \/> <span>Tel.: 0332.40.88.00-05<\/span><br \/> <span>E-mail: <a href=\"mailto:inscrieri@primaderma.ro\" target=\"_blank\" rel=\"noopener noreferrer\">inscrieri@primaderma.ro<\/a><br \/> <\/span><span>Website:\u00a0<\/span><a href=\"http:\/\/www.eventernet.ro\/\" target=\"Blank\" rel=\"noopener noreferrer\">www.eventernet.ro<\/a><\/p>\n<p>[\/et_pb_text][et_pb_text disabled_on=&#8221;off|off|off&#8221; _builder_version=&#8221;4.0.11&#8243; text_font=&#8221;Kaushan Script||||||||&#8221; text_text_color=&#8221;#f0622a&#8221; text_font_size=&#8221;30px&#8221; header_font=&#8221;||||||||&#8221; background_layout=&#8221;dark&#8221; locked=&#8221;off&#8221;]<\/p>\n<p>Parteneri Media<\/p>\n<p>[\/et_pb_text][et_pb_gallery gallery_ids=&#8221;7203,7204,7232,7231&#8243; fullwidth=&#8221;on&#8221; _builder_version=&#8221;4.0.11&#8243; transform_scale=&#8221;86%|86%&#8221; max_width=&#8221;63%&#8221; auto=&#8221;on&#8221; auto_speed=&#8221;3500&#8243; hover_transition_duration=&#8221;100ms&#8221; hover_transition_delay=&#8221;50ms&#8221; hover_transition_speed_curve=&#8221;ease-in-out&#8221; locked=&#8221;off&#8221;][\/et_pb_gallery][\/et_pb_column][\/et_pb_row][\/et_pb_section]<\/p>\n","protected":false},"excerpt":{"rendered":"<p>Dr.\u00a0Dimitriu Andreea Spitalul ARCADIATumorile unghiale Autori: Andreea Dimitriu, Laura Elena Paviliu Modific\u0103rile unghiale sunt un motiv frecvent de a solicita un consult dermatologic. Acestea pot s\u0103 apar\u0103 la orice v\u00e2rst\u0103. Aproximativ jum\u0103tate din afec\u0163iunile unghiale sunt de origine infec\u0163ioas\u0103, 15 % se datoreaz\u0103 afec\u0163iunilor inflamatorii sau metabolice, iar 5% sunt ca urmare a unor tumori [&hellip;]<\/p>\n","protected":false},"author":2,"featured_media":0,"parent":0,"menu_order":0,"comment_status":"closed","ping_status":"closed","template":"","meta":{"_et_pb_use_builder":"on","_et_pb_old_content":"","_et_gb_content_width":"","footnotes":""},"class_list":["post-7516","page","type-page","status-publish","hentry"],"_links":{"self":[{"href":"https:\/\/pdi.ro\/2020\/wp-json\/wp\/v2\/pages\/7516","targetHints":{"allow":["GET"]}}],"collection":[{"href":"https:\/\/pdi.ro\/2020\/wp-json\/wp\/v2\/pages"}],"about":[{"href":"https:\/\/pdi.ro\/2020\/wp-json\/wp\/v2\/types\/page"}],"author":[{"embeddable":true,"href":"https:\/\/pdi.ro\/2020\/wp-json\/wp\/v2\/users\/2"}],"replies":[{"embeddable":true,"href":"https:\/\/pdi.ro\/2020\/wp-json\/wp\/v2\/comments?post=7516"}],"version-history":[{"count":4,"href":"https:\/\/pdi.ro\/2020\/wp-json\/wp\/v2\/pages\/7516\/revisions"}],"predecessor-version":[{"id":8174,"href":"https:\/\/pdi.ro\/2020\/wp-json\/wp\/v2\/pages\/7516\/revisions\/8174"}],"wp:attachment":[{"href":"https:\/\/pdi.ro\/2020\/wp-json\/wp\/v2\/media?parent=7516"}],"curies":[{"name":"wp","href":"https:\/\/api.w.org\/{rel}","templated":true}]}}