{"id":7534,"date":"2020-03-06T16:34:04","date_gmt":"2020-03-06T14:34:04","guid":{"rendered":"https:\/\/primaderma.ro\/?page_id=7534"},"modified":"2020-06-15T10:36:32","modified_gmt":"2020-06-15T08:36:32","slug":"conf-dr-furnica-cristina","status":"publish","type":"page","link":"https:\/\/pdi.ro\/2020\/conf-dr-furnica-cristina\/","title":{"rendered":"Conf. Dr. Furnic\u0103 Cristina"},"content":{"rendered":"<p>[et_pb_section fb_built=&#8221;1&#8243; fullwidth=&#8221;on&#8221; disabled_on=&#8221;on|off|off&#8221; _builder_version=&#8221;3.22&#8243; custom_margin=&#8221;||&#8221; custom_padding=&#8221;15px||29px&#8221; top_divider_style=&#8221;waves2&#8243; top_divider_color=&#8221;#f0622a&#8221; top_divider_flip=&#8221;horizontal|vertical&#8221; bottom_divider_style=&#8221;waves2&#8243; bottom_divider_color=&#8221;#fcdedb&#8221; bottom_divider_height=&#8221;105px&#8221; bottom_divider_flip=&#8221;vertical&#8221; collapsed=&#8221;off&#8221;][et_pb_fullwidth_header title=&#8221;@ET-DC@eyJkeW5hbWljIjp0cnVlLCJjb250ZW50IjoicG9zdF90aXRsZSIsInNldHRpbmdzIjp7ImJlZm9yZSI6IiIsImFmdGVyIjoiIn19@&#8221; text_orientation=&#8221;right&#8221; header_image_url=&#8221;https:\/\/pdi.ro\/2020\/wp-content\/uploads\/2020\/05\/pdi_iulie_online.png&#8221; disabled_on=&#8221;on|on|off&#8221; _builder_version=&#8221;4.4.7&#8243; _dynamic_attributes=&#8221;title&#8221; title_font=&#8221;Kaushan Script||||||||&#8221; title_text_align=&#8221;right&#8221; title_text_color=&#8221;#f0622a&#8221; title_font_size=&#8221;50px&#8221; content_font=&#8221;|600||on|||||&#8221; content_text_align=&#8221;center&#8221; content_text_color=&#8221;#686766&#8243; content_font_size=&#8221;15px&#8221; subhead_font=&#8221;||||||||&#8221; background_color=&#8221;rgba(239,145,107,0.54)&#8221; background_image=&#8221;https:\/\/pdi.ro\/2020\/wp-content\/uploads\/2020\/02\/back.jpg&#8221; background_layout=&#8221;light&#8221; custom_margin=&#8221;0px||8px&#8221; custom_padding=&#8221;40px||40px||true&#8221; content_font_size_tablet=&#8221;&#8221; content_font_size_phone=&#8221;15px&#8221; content_font_size_last_edited=&#8221;on|desktop&#8221;][\/et_pb_fullwidth_header][\/et_pb_section][et_pb_section fb_built=&#8221;1&#8243; _builder_version=&#8221;3.22&#8243; locked=&#8221;off&#8221;][et_pb_row column_structure=&#8221;2_5,3_5&#8243; _builder_version=&#8221;3.25&#8243;][et_pb_column type=&#8221;2_5&#8243; _builder_version=&#8221;3.25&#8243; custom_padding=&#8221;|||&#8221; custom_padding__hover=&#8221;|||&#8221;][et_pb_image src=&#8221;https:\/\/pdi.ro\/2020\/2019\/wp-content\/uploads\/2019\/03\/Furnica-Cristina.jpg&#8221; align=&#8221;center&#8221; align_tablet=&#8221;center&#8221; align_phone=&#8221;&#8221; align_last_edited=&#8221;on|desktop&#8221; _builder_version=&#8221;3.23&#8243; max_width=&#8221;31%&#8221; border_radii=&#8221;on|100px|100px|100px|100px&#8221;][\/et_pb_image][\/et_pb_column][et_pb_column type=&#8221;3_5&#8243; _builder_version=&#8221;3.25&#8243; custom_padding=&#8221;|||&#8221; custom_padding__hover=&#8221;|||&#8221;][et_pb_text _builder_version=&#8221;4.4.8&#8243; hover_enabled=&#8221;0&#8243;]<\/p>\n<h4><strong><span style=\"color: #ff6600;\"><\/span><\/strong><\/h4>\n<p><strong><span style=\"color: #ff6600;\"><\/span><\/strong><\/p>\n<p><strong><span style=\"color: #ff6600;\"><\/span><\/strong><\/p>\n<p><strong><span style=\"color: #ff6600;\"><\/span><\/strong><\/p>\n<h4><strong><span style=\"color: #ff6600;\">Conf. Univ. Dr. Furnic\u0103 Cristina<\/span><\/strong><br \/>\n<strong><span style=\"color: #ff6600;\"> Universitatea de Medicin\u0103 \u0219i Farmacie &#8220;Grigore T. Popa&#8221; Ia\u0219i<\/span><\/strong><\/h4>\n<p>[\/et_pb_text][\/et_pb_column][\/et_pb_row][et_pb_row _builder_version=&#8221;3.25&#8243;][et_pb_column type=&#8221;4_4&#8243; _builder_version=&#8221;3.25&#8243; custom_padding=&#8221;|||&#8221; custom_padding__hover=&#8221;|||&#8221;][et_pb_text _builder_version=&#8221;4.4.8&#8243;]<\/p>\n<p style=\"text-align: justify;\"><span style=\"color: #ff6600;\">Traficul de fiin\u021be umane \u0219i bolile cu transmitere sexual\u0103<\/span><br \/> <span style=\"color: #ff6600;\">Autori: Cristina Furnica, Diana Bulgaru-Iliescu, Raluca-Ozana Chistol, L\u0103cr\u0103mioara Perianu<\/span><\/p>\n<p style=\"text-align: justify;\">Rom\u00e2nia este \u00een prezent una dintre \u021b\u0103rile europene cele mai afectate de traficul de fiin\u021be umane, sute sau chiar mii de femei \u0219i copii fiind for\u021ba\u021bi s\u0103 se prostitueze. Aflat\u0103 la grani\u021ba Uniunii Europene, Rom\u00e2nia reprezint\u0103 at\u00e2t originea c\u00e2t \u0219i destina\u021bia final\u0103 sau o zon\u0103 de tranzit pentru traficul de fiin\u021be umane din lumea \u00eentreag\u0103. Femeile tinere din zone rurale sau ora\u0219e mici slab dezvoltate, \u00een general cu un nivel redus de educa\u021bie \u0219i pu\u021bine cuno\u0219tin\u021be \u00een ceea ce prive\u0219te igiena actului sexual sau bolile cu transmitere sexual\u0103 (BTS), constituie categoria popula\u021bional\u0103 cea mai vulnerabil\u0103 \u00een fa\u021ba trafican\u021bilor care ac\u021bioneaz\u0103 sub identit\u0103\u021bi false \u0219i atrag victimele cu oferte de angajare sau cu promisiunea unor rela\u021bii de lung\u0103 durat\u0103. Lucrarea de fa\u021b\u0103 \u00ee\u0219i propune s\u0103 analizeze statusul actual al traficului de fiin\u021be umane din Rom\u00e2nia \u0219i impactul asupra s\u0103n\u0103t\u0103\u021bii publice din punct de vedere al BTS. Conform Agen\u021biei Na\u021bionale \u00cempotriva Traficului de Persoane, \u00een anul 2018 au fost identificate 497 victime dintre care 363 de sex feminin (73%). Majoritatea victimelor au fost exploatate sexual (335 cazuri \u2013 67,4%) \u00een Rom\u00e2nia, Regatul Unit al Marii Britanii, Germania, Italia \u0219i Spania, iar 212 au fost minore (42,7%). Conform studiilor prospective \u0219i meta-analizelor efectuate la nivel interna\u021bional, majoritatea victimelor acuz\u0103 probleme de s\u0103n\u0103tate incluz\u00e2nd oboseal\u0103 cronic\u0103, cefalee, diferite afec\u021biuni ginecologice, dureri lombare \u0219i sc\u0103dere ponderal\u0103. Numeroase victime au raportat dificult\u0103\u021bi \u00een utilizarea prezervativului (rupere \u2013 22,4%, neutilizare \u2013 8,2%) \u0219i au o inciden\u021b\u0103 ridicat\u0103 a BTS precum HIV (de la 5,4% \u00een Indonezia, la 38% \u00een India \u0219i 60% \u00een Africa de Sud), HPV (45% la nivel mondial), gonoree rezistent\u0103 la tratament \u0219i sifilis. Coinfec\u021bia cu virusul hepatitic B \u0219i tuberculoza sunt de asemenea frecvente \u00een r\u00e2ndul acestor persoane. \u00cen concluzie, victimele traficului de fiin\u021be umane sunt frecvent afectate de BTS \u0219i contribuie la r\u0103sp\u00e2ndirea global\u0103 \u0219i apari\u021bia muta\u021biilor HIV \u0219i HPV precum \u0219i la cre\u0219terea rezisten\u021bei la tratament a gonoreei \u0219i sifilisului. Av\u00e2nd \u00een vedere afec\u021biune care pot surveni \u00een r\u00e2ndul acestor persoane, no\u021biunea de \u201evictim\u0103 a traficului de fiin\u021be umane\u201d ar trebui recunoscut\u0103 drept diagnostic oficial \u00een Clasificarea interna\u021bional\u0103 a bolilor \u0219i a problemelor de s\u0103n\u0103tate \u00eenrudite.<\/p>\n<p style=\"text-align: justify;\"><span style=\"color: #ff6600;\">Human Trafficking and the Sexually Transmitted Infections<\/span><br \/> <span style=\"color: #ff6600;\">Authors: Cristina Furnica, Diana Bulgaru-Iliescu, Raluca-Ozana Chistol, L\u0103cr\u0103mioara Perianu<\/span><\/p>\n<p style=\"text-align: justify;\">Romania is one of the most affected European countries by human trafficking as hundreds or maybe thousands of women and children are forced into prostitution. Because of its geographical position at the border of the European Union, it serves as the origin, transit or destination zone for trafficked human beings. Young woman from rural or marginalised areas, generally with poor educational status and no knowledge of sexual hygiene or concerning sexually transmitted infections (STIs), are most likely to fall victims to traffickers acting under covert or false identities &#8220;offering&#8221; them well-payed jobs or a loving relationship. The aim of our paper is to analyse the actual status oh human trafficking in Romania and its health impact in terms of STIs. According to the Romanian Agency for Human Trafficking, in 2018 there were identified 497 victims, among them 363 females (73%). Most individuals were exploited sexually (335 cases &#8211; 67.4%) in Romania, United Kingdom, Germany, Italy and Spain and minors represented 42.7% of cases (212 persons). According to prospective studies and meta-analyses worldwide, most victims report multiple physical health issues including fatigue, headaches, sexual and reproductive health problems, back pain and weight loss. Victims report great difficulties regarding condom use (condom failure 22.4% or non-use 8.2%) and have a high incidence of STIs like HIV (from 5.4% in Indonesia to 38% in India and 60% in South Africa), HPV (45% victims worldwide), drug resistant gonorrhoea and syphilis. Coinfection with hepatitis B virus and tuberculosis are also frequent. In conclusion, as a result or prolonged sexual abuse, victims of human trafficking are usually affected by STIs and contribute to global dispersion and mutation of HIV and HPV and to the increasing drug resistance of gonorrhoea and syphilis. Given the associated health issues, victims of human trafficking should be recognized as an official diagnosis in the International Classification of Diseases.<\/p>\n<p style=\"text-align: justify;\"><span style=\"color: #ff6600;\">Scurt CV<\/span><\/p>\n<p style=\"text-align: justify;\">Conferen\u021biar Universitar la Disciplina de Anatomie, Universitatea de Medicin\u0103 \u0219i Farmacie &#8220;Grigore T. Popa\u201d Ia\u0219i<\/p>\n<p style=\"text-align: justify;\">Doctor \u00een Medicin\u0103, specializarea Chirurgie<br \/> Medic Specialist Medicin\u0103 Legal\u0103 la Institutul de Medicin\u0103 Legal\u0103, Ia\u0219i, Rom\u00e2nia<br \/> Medic Specialist Psihiatrie<br \/> Membr\u0103 a societ\u0103\u021bilor profesionale de profil: Societatea Rom\u00e2n\u0103 de Anatomie, Anatomische Gesellschaft<br \/> Autoare a 16 c\u0103r\u021bi \u0219i 9 capitole de carte, 23 articole \u00een reviste indexate Thompson Reuters, 29 articole indexate \u00een baze de date interna\u021bionale<br \/> Lucr\u0103ri reprezentative: Grigore Tinic\u0103, Cristina Furnic\u0103 (editori). Cordul. Anatomie clinic\u0103 \u0219i chirurgical\u0103 (Editura Universit\u0103\u021bii \u201eAlexandru Ioan Cuza\u201d, Ia\u0219i, 2015) \u0219i Tinic\u0103 G, Furnic\u0103 C editori. Anatomia chirurgical\u0103 a sistemului cardiovascular (Editura \u201eGr.T.Popa\u201d U.M.F. Ia\u0219i, 2017)<br \/> Domenii de interes: neuroanatomie \u2013 aspecte mezoscopice, func\u021bionale \u0219i clinice, anatomie cardiovascular\u0103 &#8211; aspecte mezoscopice, func\u021bionale \u0219i clinice, aspecte medico-legale ale practicii medicale, etic\u0103 \u0219i deontologie \u00een practica medical\u0103<br \/> \/p&gt;\u00a0<\/p>\n<p>[\/et_pb_text][\/et_pb_column][\/et_pb_row][\/et_pb_section][et_pb_section fb_built=&#8221;1&#8243; _builder_version=&#8221;3.22&#8243; background_color=&#8221;rgba(117,194,33,0.23)&#8221; background_image=&#8221;https:\/\/pdi.ro\/2020\/wp-content\/uploads\/2020\/02\/back_justflowers_overlay1.png&#8221; background_blend=&#8221;luminosity&#8221; custom_padding=&#8221;54px|0px|0|0px|false|false&#8221; top_divider_style=&#8221;waves2&#8243; top_divider_color=&#8221;#ffffff&#8221; top_divider_height=&#8221;155px&#8221; top_divider_height_tablet=&#8221;&#8221; top_divider_height_phone=&#8221;97px&#8221; top_divider_height_last_edited=&#8221;on|desktop&#8221; bottom_divider_style=&#8221;waves2&#8243; bottom_divider_color=&#8221;#75c221&#8243; bottom_divider_flip=&#8221;vertical&#8221; bottom_divider_height_tablet=&#8221;&#8221; bottom_divider_height_phone=&#8221;59px&#8221; bottom_divider_height_last_edited=&#8221;on|desktop&#8221;][et_pb_row column_structure=&#8221;3_5,2_5&#8243; _builder_version=&#8221;3.25&#8243; custom_padding=&#8221;61px|0px|69px|0px|false|false&#8221;][et_pb_column type=&#8221;3_5&#8243; _builder_version=&#8221;3.25&#8243; custom_padding=&#8221;|||&#8221; custom_padding__hover=&#8221;|||&#8221;][et_pb_text _builder_version=&#8221;4.0.11&#8243; text_font=&#8221;Kaushan Script||||||||&#8221; text_text_color=&#8221;#f0622a&#8221; text_font_size=&#8221;30px&#8221; text_line_height=&#8221;1.2em&#8221; header_font=&#8221;||||||||&#8221; background_layout=&#8221;dark&#8221; text_font_size_tablet=&#8221;&#8221; text_font_size_phone=&#8221;&#8221; text_font_size_last_edited=&#8221;on|desktop&#8221;]<\/p>\n<p>Contacteaz\u0103 operatorul PDI 2020<\/p>\n<p>[\/et_pb_text][et_pb_contact_form email=&#8221;contact@primaderma.ro\/2019&#8243; submit_button_text=&#8221;Trimite mesajul&#8221; _builder_version=&#8221;3.19.4&#8243; title_font=&#8221;||||||||&#8221;][et_pb_contact_field field_id=&#8221;Name&#8221; field_title=&#8221;Nume&#8221; _builder_version=&#8221;3.18.9&#8243; button_text_size__hover_enabled=&#8221;off&#8221; button_one_text_size__hover_enabled=&#8221;off&#8221; button_two_text_size__hover_enabled=&#8221;off&#8221; button_text_color__hover_enabled=&#8221;off&#8221; button_one_text_color__hover_enabled=&#8221;off&#8221; button_two_text_color__hover_enabled=&#8221;off&#8221; button_border_width__hover_enabled=&#8221;off&#8221; button_one_border_width__hover_enabled=&#8221;off&#8221; button_two_border_width__hover_enabled=&#8221;off&#8221; button_border_color__hover_enabled=&#8221;off&#8221; button_one_border_color__hover_enabled=&#8221;off&#8221; button_two_border_color__hover_enabled=&#8221;off&#8221; button_border_radius__hover_enabled=&#8221;off&#8221; button_one_border_radius__hover_enabled=&#8221;off&#8221; button_two_border_radius__hover_enabled=&#8221;off&#8221; button_letter_spacing__hover_enabled=&#8221;off&#8221; button_one_letter_spacing__hover_enabled=&#8221;off&#8221; button_two_letter_spacing__hover_enabled=&#8221;off&#8221; button_bg_color__hover_enabled=&#8221;off&#8221; button_one_bg_color__hover_enabled=&#8221;off&#8221; button_two_bg_color__hover_enabled=&#8221;off&#8221;][\/et_pb_contact_field][et_pb_contact_field field_id=&#8221;Email&#8221; field_title=&#8221;Adresa de e-mail&#8221; field_type=&#8221;email&#8221; _builder_version=&#8221;3.19.4&#8243; button_text_size__hover_enabled=&#8221;off&#8221; button_one_text_size__hover_enabled=&#8221;off&#8221; button_two_text_size__hover_enabled=&#8221;off&#8221; button_text_color__hover_enabled=&#8221;off&#8221; button_one_text_color__hover_enabled=&#8221;off&#8221; button_two_text_color__hover_enabled=&#8221;off&#8221; button_border_width__hover_enabled=&#8221;off&#8221; button_one_border_width__hover_enabled=&#8221;off&#8221; button_two_border_width__hover_enabled=&#8221;off&#8221; button_border_color__hover_enabled=&#8221;off&#8221; button_one_border_color__hover_enabled=&#8221;off&#8221; button_two_border_color__hover_enabled=&#8221;off&#8221; button_border_radius__hover_enabled=&#8221;off&#8221; button_one_border_radius__hover_enabled=&#8221;off&#8221; button_two_border_radius__hover_enabled=&#8221;off&#8221; button_letter_spacing__hover_enabled=&#8221;off&#8221; button_one_letter_spacing__hover_enabled=&#8221;off&#8221; button_two_letter_spacing__hover_enabled=&#8221;off&#8221; button_bg_color__hover_enabled=&#8221;off&#8221; button_one_bg_color__hover_enabled=&#8221;off&#8221; button_two_bg_color__hover_enabled=&#8221;off&#8221;][\/et_pb_contact_field][et_pb_contact_field field_id=&#8221;Message&#8221; field_title=&#8221;Mesajul dvs.&#8221; field_type=&#8221;text&#8221; fullwidth_field=&#8221;on&#8221; _builder_version=&#8221;3.18.9&#8243; button_text_size__hover_enabled=&#8221;off&#8221; button_one_text_size__hover_enabled=&#8221;off&#8221; button_two_text_size__hover_enabled=&#8221;off&#8221; button_text_color__hover_enabled=&#8221;off&#8221; button_one_text_color__hover_enabled=&#8221;off&#8221; button_two_text_color__hover_enabled=&#8221;off&#8221; button_border_width__hover_enabled=&#8221;off&#8221; button_one_border_width__hover_enabled=&#8221;off&#8221; button_two_border_width__hover_enabled=&#8221;off&#8221; button_border_color__hover_enabled=&#8221;off&#8221; button_one_border_color__hover_enabled=&#8221;off&#8221; button_two_border_color__hover_enabled=&#8221;off&#8221; button_border_radius__hover_enabled=&#8221;off&#8221; button_one_border_radius__hover_enabled=&#8221;off&#8221; button_two_border_radius__hover_enabled=&#8221;off&#8221; button_letter_spacing__hover_enabled=&#8221;off&#8221; button_one_letter_spacing__hover_enabled=&#8221;off&#8221; button_two_letter_spacing__hover_enabled=&#8221;off&#8221; button_bg_color__hover_enabled=&#8221;off&#8221; button_one_bg_color__hover_enabled=&#8221;off&#8221; button_two_bg_color__hover_enabled=&#8221;off&#8221;][\/et_pb_contact_field][\/et_pb_contact_form][\/et_pb_column][et_pb_column type=&#8221;2_5&#8243; _builder_version=&#8221;3.25&#8243; custom_padding=&#8221;|||&#8221; custom_padding__hover=&#8221;|||&#8221;][et_pb_text _builder_version=&#8221;4.0.11&#8243; text_font=&#8221;Kaushan Script||||||||&#8221; text_text_color=&#8221;#f0622a&#8221; text_font_size=&#8221;30px&#8221; header_font=&#8221;||||||||&#8221; background_layout=&#8221;dark&#8221;]<\/p>\n<p>Operatorul PDI 2020<\/p>\n<p>[\/et_pb_text][et_pb_text _builder_version=&#8221;4.0.11&#8243; text_font=&#8221;||||||||&#8221;]<\/p>\n<p><span><img loading=\"lazy\" decoding=\"async\" src=\"https:\/\/pdi.ro\/2020\/wp-content\/uploads\/2020\/02\/eventer_logo_150px.png\" width=\"151\" height=\"33\" alt=\"\" class=\"wp-image-774 alignleft size-full\" \/><\/span><\/p>\n<p><span><\/span><\/p>\n<p><span><\/span><\/p>\n<p><span>Adresa: Str. A. Panu nr. 13, Iasi<\/span><br \/> <span>Tel.: 0332.40.88.00-05<\/span><br \/> <span>E-mail: <a href=\"mailto:inscrieri@primaderma.ro\" target=\"_blank\" rel=\"noopener noreferrer\">inscrieri@primaderma.ro<\/a><br \/> <\/span><span>Website:\u00a0<\/span><a href=\"http:\/\/www.eventernet.ro\/\" target=\"Blank\" rel=\"noopener noreferrer\">www.eventernet.ro<\/a><\/p>\n<p>[\/et_pb_text][et_pb_text disabled_on=&#8221;off|off|off&#8221; _builder_version=&#8221;4.0.11&#8243; text_font=&#8221;Kaushan Script||||||||&#8221; text_text_color=&#8221;#f0622a&#8221; text_font_size=&#8221;30px&#8221; header_font=&#8221;||||||||&#8221; background_layout=&#8221;dark&#8221; locked=&#8221;off&#8221;]<\/p>\n<p>Parteneri Media<\/p>\n<p>[\/et_pb_text][et_pb_gallery gallery_ids=&#8221;7203,7204,7232,7231&#8243; fullwidth=&#8221;on&#8221; _builder_version=&#8221;4.0.11&#8243; transform_scale=&#8221;86%|86%&#8221; max_width=&#8221;63%&#8221; auto=&#8221;on&#8221; auto_speed=&#8221;3500&#8243; hover_transition_duration=&#8221;100ms&#8221; hover_transition_delay=&#8221;50ms&#8221; hover_transition_speed_curve=&#8221;ease-in-out&#8221; locked=&#8221;off&#8221;][\/et_pb_gallery][\/et_pb_column][\/et_pb_row][\/et_pb_section]<\/p>\n","protected":false},"excerpt":{"rendered":"<p>Conf. Univ. Dr. Furnic\u0103 Cristina Universitatea de Medicin\u0103 \u0219i Farmacie &#8220;Grigore T. Popa&#8221; Ia\u0219iTraficul de fiin\u021be umane \u0219i bolile cu transmitere sexual\u0103 Autori: Cristina Furnica, Diana Bulgaru-Iliescu, Raluca-Ozana Chistol, L\u0103cr\u0103mioara Perianu Rom\u00e2nia este \u00een prezent una dintre \u021b\u0103rile europene cele mai afectate de traficul de fiin\u021be umane, sute sau chiar mii de femei \u0219i copii [&hellip;]<\/p>\n","protected":false},"author":2,"featured_media":0,"parent":0,"menu_order":0,"comment_status":"closed","ping_status":"closed","template":"","meta":{"_et_pb_use_builder":"on","_et_pb_old_content":"","_et_gb_content_width":"","footnotes":""},"class_list":["post-7534","page","type-page","status-publish","hentry"],"_links":{"self":[{"href":"https:\/\/pdi.ro\/2020\/wp-json\/wp\/v2\/pages\/7534","targetHints":{"allow":["GET"]}}],"collection":[{"href":"https:\/\/pdi.ro\/2020\/wp-json\/wp\/v2\/pages"}],"about":[{"href":"https:\/\/pdi.ro\/2020\/wp-json\/wp\/v2\/types\/page"}],"author":[{"embeddable":true,"href":"https:\/\/pdi.ro\/2020\/wp-json\/wp\/v2\/users\/2"}],"replies":[{"embeddable":true,"href":"https:\/\/pdi.ro\/2020\/wp-json\/wp\/v2\/comments?post=7534"}],"version-history":[{"count":6,"href":"https:\/\/pdi.ro\/2020\/wp-json\/wp\/v2\/pages\/7534\/revisions"}],"predecessor-version":[{"id":8332,"href":"https:\/\/pdi.ro\/2020\/wp-json\/wp\/v2\/pages\/7534\/revisions\/8332"}],"wp:attachment":[{"href":"https:\/\/pdi.ro\/2020\/wp-json\/wp\/v2\/media?parent=7534"}],"curies":[{"name":"wp","href":"https:\/\/api.w.org\/{rel}","templated":true}]}}