{"id":7542,"date":"2020-03-06T16:37:08","date_gmt":"2020-03-06T14:37:08","guid":{"rendered":"https:\/\/primaderma.ro\/?page_id=7542"},"modified":"2020-06-29T12:25:11","modified_gmt":"2020-06-29T10:25:11","slug":"prof-dr-georgescu-simona","status":"publish","type":"page","link":"https:\/\/pdi.ro\/2020\/prof-dr-georgescu-simona\/","title":{"rendered":"Prof. Dr. Georgescu Simona"},"content":{"rendered":"<p>[et_pb_section fb_built=&#8221;1&#8243; fullwidth=&#8221;on&#8221; disabled_on=&#8221;on|off|off&#8221; _builder_version=&#8221;3.22&#8243; custom_margin=&#8221;||&#8221; custom_padding=&#8221;15px||29px&#8221; top_divider_style=&#8221;waves2&#8243; top_divider_color=&#8221;#f0622a&#8221; top_divider_flip=&#8221;horizontal|vertical&#8221; bottom_divider_style=&#8221;waves2&#8243; bottom_divider_color=&#8221;#fcdedb&#8221; bottom_divider_height=&#8221;105px&#8221; bottom_divider_flip=&#8221;vertical&#8221; collapsed=&#8221;off&#8221;][et_pb_fullwidth_header title=&#8221;@ET-DC@eyJkeW5hbWljIjp0cnVlLCJjb250ZW50IjoicG9zdF90aXRsZSIsInNldHRpbmdzIjp7ImJlZm9yZSI6IiIsImFmdGVyIjoiIn19@&#8221; text_orientation=&#8221;right&#8221; header_image_url=&#8221;https:\/\/pdi.ro\/2020\/wp-content\/uploads\/2020\/05\/pdi_iulie_online.png&#8221; disabled_on=&#8221;on|on|off&#8221; _builder_version=&#8221;4.4.7&#8243; _dynamic_attributes=&#8221;title&#8221; title_font=&#8221;Kaushan Script||||||||&#8221; title_text_align=&#8221;right&#8221; title_text_color=&#8221;#f0622a&#8221; title_font_size=&#8221;50px&#8221; content_font=&#8221;|600||on|||||&#8221; content_text_align=&#8221;center&#8221; content_text_color=&#8221;#686766&#8243; content_font_size=&#8221;15px&#8221; subhead_font=&#8221;||||||||&#8221; background_color=&#8221;rgba(239,145,107,0.54)&#8221; background_image=&#8221;https:\/\/pdi.ro\/2020\/wp-content\/uploads\/2020\/02\/back.jpg&#8221; background_layout=&#8221;light&#8221; custom_margin=&#8221;0px||8px&#8221; custom_padding=&#8221;40px||40px||true&#8221; content_font_size_tablet=&#8221;&#8221; content_font_size_phone=&#8221;15px&#8221; content_font_size_last_edited=&#8221;on|desktop&#8221;][\/et_pb_fullwidth_header][\/et_pb_section][et_pb_section fb_built=&#8221;1&#8243; _builder_version=&#8221;3.22&#8243; locked=&#8221;off&#8221;][et_pb_row column_structure=&#8221;2_5,3_5&#8243; _builder_version=&#8221;3.25&#8243;][et_pb_column type=&#8221;2_5&#8243; _builder_version=&#8221;3.25&#8243; custom_padding=&#8221;|||&#8221; custom_padding__hover=&#8221;|||&#8221;][et_pb_image src=&#8221;https:\/\/pdi.ro\/2020\/2019\/wp-content\/uploads\/2019\/02\/Simona-Georgescu.jpg&#8221; align=&#8221;center&#8221; align_tablet=&#8221;center&#8221; align_phone=&#8221;&#8221; align_last_edited=&#8221;on|desktop&#8221; _builder_version=&#8221;3.23&#8243; max_width=&#8221;30%&#8221; border_radii=&#8221;on|100px|100px|100px|100px&#8221;][\/et_pb_image][\/et_pb_column][et_pb_column type=&#8221;3_5&#8243; _builder_version=&#8221;3.25&#8243; custom_padding=&#8221;|||&#8221; custom_padding__hover=&#8221;|||&#8221;][et_pb_text _builder_version=&#8221;3.27.4&#8243;]<\/p>\n<h4><strong><span style=\"color: #ff6600;\"><\/span><\/strong><\/h4>\n<h4><strong><span style=\"color: #ff6600;\"><\/span><\/strong><\/h4>\n<h4><strong><span style=\"color: #ff6600;\"><\/span><\/strong><\/h4>\n<h4><strong><span style=\"color: #ff6600;\"><\/span><\/strong><\/h4>\n<h4><strong><span style=\"color: #ff6600;\">Prof. Dr. Georgescu Simona<\/span><\/strong><br \/><strong><span style=\"color: #ff6600;\"> Universitatea de Medicin\u0103 \u0219i Farmacie \u201cCarol Davila\u201d Bucure\u0219ti<\/span><\/strong><\/h4>\n<p>[\/et_pb_text][\/et_pb_column][\/et_pb_row][et_pb_row _builder_version=&#8221;3.25&#8243;][et_pb_column type=&#8221;4_4&#8243; _builder_version=&#8221;3.25&#8243; custom_padding=&#8221;|||&#8221; custom_padding__hover=&#8221;|||&#8221;][et_pb_text _builder_version=&#8221;4.4.8&#8243; hover_enabled=&#8221;0&#8243;]<\/p>\n<p><span style=\"color: #ff6600;\"> Manifest\u0103ri cutanate \u00een piciorul diabetic <\/span><br \/> <span style=\"color: #ff6600;\"> Autor:\u00a0Simona Georgescu<\/span><\/p>\n<p style=\"text-align: justify;\">Diabetul zaharat este o afec\u0163iune frecvent\u0103, grevat\u0103 peste tot \u00een lume de morbiditate \u015fi mortalitate ridicate. Ulcerele piciorului diabetic sunt unele dintre cele mai frecvente complica\u0163ii ale diabetului, afect\u00e2nd \u00eentre 15 \u2013 25% dintre pacien\u0163i. Afec\u0163iunea este multifactorial\u0103, un rol central \u00een apari\u0163ia ei juc\u00e2nd controlul glicemiei, neuropatia periferic\u0103, traumatismele, \u00eenc\u0103l\u0163\u0103mintea impropie, lipsa de ingrijire \u015fi complica\u0163iile vasculare periferice.<br \/> Piciorul diabetic este o problem\u0103 important\u0103 de s\u0103n\u0103tate din moment ce este adesea asociat\u0103 cu necesitatea amputa\u0163iei.<br \/> O serie de alte manifest\u0103ri cutanate pot afecta piciorul diabetic: infec\u0163ii bacteriene, micotice, necrobiosis lipoidica, granulomul inelar,etc. Datorit\u0103 complica\u0163iilor afec\u0163iunii tratamentul trebuie asigurat de o echip\u0103 multidisciplinar\u0103, incluz\u00e2nd dermatologi, diabetologi, podiatru, chirurg vascular.<br \/> Ulcerele din piciorul diabetic sunt \u00een mod caracteristic localizate \u00een ariile cu presiune crescut\u0103, la nivelul proeminen\u0163elor osoase, cum ar fi halucele planta sau articula\u0163iile metacarpofalangiene. Ulcerele sunt de form\u0103 circular\u0103 \u015fi sunt \u00eenconjurate de un inel de calus. Pot sa apar\u0103 deform\u0103ri ale piciorului precum degetele \u00een ghear\u0103 sau hallux valgus, iar tegumentele uscate, fisurate, cu hipercheratoz\u0103 sunt un indicator al polineuropatiei.<br \/> Managementul piciorului diabetic include m\u0103suri igieno-dietetice, debridarea \u015fi \u00eengrijirea ulcerelor. O multitudine de terapii moderne sunt \u00eenc\u0103 \u00een curs de evaluare.<br \/> \u00cen concluzie, modific\u0103rile cutanate din piciorul diabetic reprezint\u0103 o afec\u0163iune cu poten\u0163ial evolutiv grav, cu risc de amputa\u0163ie, o afec\u0163iune care trebuie tratat\u0103 de o echipa multidisciplinar\u0103. \u00cen ciuda progreselor inregistrate, preven\u0163ia r\u0103m\u00e2ne cea mai important\u0103 masur\u0103 terapeutic\u0103.<\/p>\n<p style=\"text-align: justify;\"><span style=\"color: #ff6600;\">Skin manifestations in diabetic foot<\/span><br \/> <span style=\"color: #ff6600;\"> Author:\u00a0Simona Georgescu<\/span><\/p>\n<p style=\"text-align: justify;\">Diabetes mellitus (DM) is a common disease, responsible for increased morbidity and mortality worldwide. Diabetic foot ulcers are some of the most frequent complications in patients suffering from DM, occurring in approximately 15-25% of diabetics. The disease is multifactorial and factors like poor glycemic control, peripheral neuropathy, trauma, improper foot care, inadequate footwear and peripheral vascular disease play a central role in its development. Since diabetic foot is the most frequent condition associated with foot amputation, it is considered an important healthcare issue. However, several other cutaneous disorders can affect the foot of the diabetic, including bacterial infections, fungal and yeast infections, necrobiosis lipoidica, diabetic dermopathy and granuloma annulare, among others. Due to the complexity of the disease, a multidisciplinary team consisting in dermatologists, diabetes specialists, internal medicine specialists, podiatrists and vascular surgeons is required for the best management of the patient. <br \/>Diabetic leg ulcers are typically located in areas of high pressure load, over bony prominences of feet, such as the toe, the sole or over the metacarpophalangeal joints. Ulcers are of circular shape and they are surrounded by a ring of callus. Deformities of the foot such as claw toe or hallux valgus can sometimes be observed and dry and fissured skin with hyperkeratosis and lack of hair are signs of polyneuropathy.<br \/>The management of diabetic foot includes the modification of predisposing factors, debridement and wound care. Various other modern treatments are now being investigated. However, prevention is of the utmost importance. <br \/>In conclusion, cutaneous changes in diabetic foot are serious conditions associated with high risk of foot amputation which should be managed by multidisciplinary teams of specialists. Despite advances in treatment options, prevention remains the most important intervention.<\/p>\n<p>&nbsp;<\/p>\n<p style=\"text-align: justify;\"><span style=\"color: #ff6600;\">\u00a0Scurt CV<\/span><\/p>\n<p style=\"text-align: justify;\"><strong>Grad didactic<\/strong><br \/> Din anul 2011 \u2013 Profesor universitar la disciplina Dermatologie a Facult\u0103\u0163ii de Medicin\u0103 Dentar\u0103 U.M.F. \u201dCarol Davila\u201d Bucure\u015fti<br \/> <strong>Func\u0163ie<\/strong><br \/> Profesor universitar doctor, \u015fef disciplina Dermatologie, Facultatea de Medicin\u0103 Dentar\u0103 U.M.F. \u201dCarol Davila\u201d Bucure\u015fti<br \/> \u015eef Clinica Dermatologie, Spitalul de Boli Infec\u0163ioase \u015fi Tropicale \u201eV. Babe\u015f\u201d Bucure\u015fti<br \/> <strong>Competen\u0163e dob\u00e2ndite:<\/strong><br \/> \u2022 dermato-cosmetologie,<br \/> \u2022 laser \u00een dermatologie,<br \/> \u2022 dermatoscopie<br \/> <strong>Apartenen\u0163\u0103 la Societ\u0103\u0163i \u015etiin\u0163ifice:<\/strong><br \/> \u2022 Membru al Societ\u0103\u0163ii Rom\u00e2ne de Dermatologie<br \/> \u2022 Membru al Academiei Europene de Dermatologie \u015fi Venerologie EADV<br \/> \u2022 Membru al Societ\u0103\u0163ii Europene de Cercetare \u00een Dermatologie ESDR<br \/> \u2022 Membru \u00een Consiliul Profesoral al Facult\u0103\u0163ii de Medicin\u0103 Dentar\u0103 UMF \u201eCarol Davila\u201d Bucure\u015fti (2004-prezent)<br \/> \u2022 Pre\u015fedinte al Consiliului de Administra\u0163ie Spitalul Clinic de Dermatologie \u201eProf. Dr. S. Longhin\u201d Bucure\u015fti (2004-2006, 2010-2011)<\/p>\n<p>[\/et_pb_text][\/et_pb_column][\/et_pb_row][\/et_pb_section][et_pb_section fb_built=&#8221;1&#8243; _builder_version=&#8221;3.22&#8243; background_color=&#8221;rgba(117,194,33,0.23)&#8221; background_image=&#8221;https:\/\/pdi.ro\/2020\/wp-content\/uploads\/2020\/02\/back_justflowers_overlay1.png&#8221; background_blend=&#8221;luminosity&#8221; custom_padding=&#8221;54px|0px|0|0px|false|false&#8221; top_divider_style=&#8221;waves2&#8243; top_divider_color=&#8221;#ffffff&#8221; top_divider_height=&#8221;155px&#8221; top_divider_height_tablet=&#8221;&#8221; top_divider_height_phone=&#8221;97px&#8221; top_divider_height_last_edited=&#8221;on|desktop&#8221; bottom_divider_style=&#8221;waves2&#8243; bottom_divider_color=&#8221;#75c221&#8243; bottom_divider_flip=&#8221;vertical&#8221; bottom_divider_height_tablet=&#8221;&#8221; bottom_divider_height_phone=&#8221;59px&#8221; bottom_divider_height_last_edited=&#8221;on|desktop&#8221;][et_pb_row column_structure=&#8221;3_5,2_5&#8243; _builder_version=&#8221;3.25&#8243; custom_padding=&#8221;61px|0px|69px|0px|false|false&#8221;][et_pb_column type=&#8221;3_5&#8243; _builder_version=&#8221;3.25&#8243; custom_padding=&#8221;|||&#8221; custom_padding__hover=&#8221;|||&#8221;][et_pb_text _builder_version=&#8221;4.0.11&#8243; text_font=&#8221;Kaushan Script||||||||&#8221; text_text_color=&#8221;#f0622a&#8221; text_font_size=&#8221;30px&#8221; text_line_height=&#8221;1.2em&#8221; header_font=&#8221;||||||||&#8221; background_layout=&#8221;dark&#8221; text_font_size_tablet=&#8221;&#8221; text_font_size_phone=&#8221;&#8221; text_font_size_last_edited=&#8221;on|desktop&#8221;]<\/p>\n<p>Contacteaz\u0103 operatorul PDI 2020<\/p>\n<p>[\/et_pb_text][et_pb_contact_form email=&#8221;contact@primaderma.ro\/2019&#8243; submit_button_text=&#8221;Trimite mesajul&#8221; _builder_version=&#8221;3.19.4&#8243; title_font=&#8221;||||||||&#8221;][et_pb_contact_field field_id=&#8221;Name&#8221; field_title=&#8221;Nume&#8221; _builder_version=&#8221;3.18.9&#8243; button_text_size__hover_enabled=&#8221;off&#8221; button_one_text_size__hover_enabled=&#8221;off&#8221; button_two_text_size__hover_enabled=&#8221;off&#8221; button_text_color__hover_enabled=&#8221;off&#8221; button_one_text_color__hover_enabled=&#8221;off&#8221; button_two_text_color__hover_enabled=&#8221;off&#8221; button_border_width__hover_enabled=&#8221;off&#8221; button_one_border_width__hover_enabled=&#8221;off&#8221; button_two_border_width__hover_enabled=&#8221;off&#8221; button_border_color__hover_enabled=&#8221;off&#8221; button_one_border_color__hover_enabled=&#8221;off&#8221; button_two_border_color__hover_enabled=&#8221;off&#8221; button_border_radius__hover_enabled=&#8221;off&#8221; button_one_border_radius__hover_enabled=&#8221;off&#8221; button_two_border_radius__hover_enabled=&#8221;off&#8221; button_letter_spacing__hover_enabled=&#8221;off&#8221; button_one_letter_spacing__hover_enabled=&#8221;off&#8221; button_two_letter_spacing__hover_enabled=&#8221;off&#8221; button_bg_color__hover_enabled=&#8221;off&#8221; button_one_bg_color__hover_enabled=&#8221;off&#8221; button_two_bg_color__hover_enabled=&#8221;off&#8221;][\/et_pb_contact_field][et_pb_contact_field field_id=&#8221;Email&#8221; field_title=&#8221;Adresa de e-mail&#8221; field_type=&#8221;email&#8221; _builder_version=&#8221;3.19.4&#8243; button_text_size__hover_enabled=&#8221;off&#8221; button_one_text_size__hover_enabled=&#8221;off&#8221; button_two_text_size__hover_enabled=&#8221;off&#8221; button_text_color__hover_enabled=&#8221;off&#8221; button_one_text_color__hover_enabled=&#8221;off&#8221; button_two_text_color__hover_enabled=&#8221;off&#8221; button_border_width__hover_enabled=&#8221;off&#8221; button_one_border_width__hover_enabled=&#8221;off&#8221; button_two_border_width__hover_enabled=&#8221;off&#8221; button_border_color__hover_enabled=&#8221;off&#8221; button_one_border_color__hover_enabled=&#8221;off&#8221; button_two_border_color__hover_enabled=&#8221;off&#8221; button_border_radius__hover_enabled=&#8221;off&#8221; button_one_border_radius__hover_enabled=&#8221;off&#8221; button_two_border_radius__hover_enabled=&#8221;off&#8221; button_letter_spacing__hover_enabled=&#8221;off&#8221; button_one_letter_spacing__hover_enabled=&#8221;off&#8221; button_two_letter_spacing__hover_enabled=&#8221;off&#8221; button_bg_color__hover_enabled=&#8221;off&#8221; button_one_bg_color__hover_enabled=&#8221;off&#8221; button_two_bg_color__hover_enabled=&#8221;off&#8221;][\/et_pb_contact_field][et_pb_contact_field field_id=&#8221;Message&#8221; field_title=&#8221;Mesajul dvs.&#8221; field_type=&#8221;text&#8221; fullwidth_field=&#8221;on&#8221; _builder_version=&#8221;3.18.9&#8243; button_text_size__hover_enabled=&#8221;off&#8221; button_one_text_size__hover_enabled=&#8221;off&#8221; button_two_text_size__hover_enabled=&#8221;off&#8221; button_text_color__hover_enabled=&#8221;off&#8221; button_one_text_color__hover_enabled=&#8221;off&#8221; button_two_text_color__hover_enabled=&#8221;off&#8221; button_border_width__hover_enabled=&#8221;off&#8221; button_one_border_width__hover_enabled=&#8221;off&#8221; button_two_border_width__hover_enabled=&#8221;off&#8221; button_border_color__hover_enabled=&#8221;off&#8221; button_one_border_color__hover_enabled=&#8221;off&#8221; button_two_border_color__hover_enabled=&#8221;off&#8221; button_border_radius__hover_enabled=&#8221;off&#8221; button_one_border_radius__hover_enabled=&#8221;off&#8221; button_two_border_radius__hover_enabled=&#8221;off&#8221; button_letter_spacing__hover_enabled=&#8221;off&#8221; button_one_letter_spacing__hover_enabled=&#8221;off&#8221; button_two_letter_spacing__hover_enabled=&#8221;off&#8221; button_bg_color__hover_enabled=&#8221;off&#8221; button_one_bg_color__hover_enabled=&#8221;off&#8221; button_two_bg_color__hover_enabled=&#8221;off&#8221;][\/et_pb_contact_field][\/et_pb_contact_form][\/et_pb_column][et_pb_column type=&#8221;2_5&#8243; _builder_version=&#8221;3.25&#8243; custom_padding=&#8221;|||&#8221; custom_padding__hover=&#8221;|||&#8221;][et_pb_text _builder_version=&#8221;4.0.11&#8243; text_font=&#8221;Kaushan Script||||||||&#8221; text_text_color=&#8221;#f0622a&#8221; text_font_size=&#8221;30px&#8221; header_font=&#8221;||||||||&#8221; background_layout=&#8221;dark&#8221;]<\/p>\n<p>Operatorul PDI 2020<\/p>\n<p>[\/et_pb_text][et_pb_text _builder_version=&#8221;4.0.11&#8243; text_font=&#8221;||||||||&#8221;]<\/p>\n<p><span><img loading=\"lazy\" decoding=\"async\" src=\"https:\/\/pdi.ro\/2020\/wp-content\/uploads\/2020\/02\/eventer_logo_150px.png\" width=\"151\" height=\"33\" alt=\"\" class=\"wp-image-774 alignleft size-full\" \/><\/span><\/p>\n<p><span><\/span><\/p>\n<p><span><\/span><\/p>\n<p><span>Adresa: Str. A. Panu nr. 13, Iasi<\/span><br \/> <span>Tel.: 0332.40.88.00-05<\/span><br \/> <span>E-mail: <a href=\"mailto:inscrieri@primaderma.ro\" target=\"_blank\" rel=\"noopener noreferrer\">inscrieri@primaderma.ro<\/a><br \/> <\/span><span>Website:\u00a0<\/span><a href=\"http:\/\/www.eventernet.ro\/\" target=\"Blank\" rel=\"noopener noreferrer\">www.eventernet.ro<\/a><\/p>\n<p>[\/et_pb_text][et_pb_text disabled_on=&#8221;off|off|off&#8221; _builder_version=&#8221;4.0.11&#8243; text_font=&#8221;Kaushan Script||||||||&#8221; text_text_color=&#8221;#f0622a&#8221; text_font_size=&#8221;30px&#8221; header_font=&#8221;||||||||&#8221; background_layout=&#8221;dark&#8221; locked=&#8221;off&#8221;]<\/p>\n<p>Parteneri Media<\/p>\n<p>[\/et_pb_text][et_pb_gallery gallery_ids=&#8221;7203,7204,7232,7231&#8243; fullwidth=&#8221;on&#8221; _builder_version=&#8221;4.0.11&#8243; transform_scale=&#8221;86%|86%&#8221; max_width=&#8221;63%&#8221; auto=&#8221;on&#8221; auto_speed=&#8221;3500&#8243; hover_transition_duration=&#8221;100ms&#8221; hover_transition_delay=&#8221;50ms&#8221; hover_transition_speed_curve=&#8221;ease-in-out&#8221; locked=&#8221;off&#8221;][\/et_pb_gallery][\/et_pb_column][\/et_pb_row][\/et_pb_section]<\/p>\n","protected":false},"excerpt":{"rendered":"<p>Prof. Dr. Georgescu Simona Universitatea de Medicin\u0103 \u0219i Farmacie \u201cCarol Davila\u201d Bucure\u0219ti Manifest\u0103ri cutanate \u00een piciorul diabetic Autor:\u00a0Simona Georgescu Diabetul zaharat este o afec\u0163iune frecvent\u0103, grevat\u0103 peste tot \u00een lume de morbiditate \u015fi mortalitate ridicate. Ulcerele piciorului diabetic sunt unele dintre cele mai frecvente complica\u0163ii ale diabetului, afect\u00e2nd \u00eentre 15 \u2013 25% dintre pacien\u0163i. Afec\u0163iunea [&hellip;]<\/p>\n","protected":false},"author":2,"featured_media":0,"parent":0,"menu_order":0,"comment_status":"closed","ping_status":"closed","template":"","meta":{"_et_pb_use_builder":"on","_et_pb_old_content":"","_et_gb_content_width":"","footnotes":""},"class_list":["post-7542","page","type-page","status-publish","hentry"],"_links":{"self":[{"href":"https:\/\/pdi.ro\/2020\/wp-json\/wp\/v2\/pages\/7542","targetHints":{"allow":["GET"]}}],"collection":[{"href":"https:\/\/pdi.ro\/2020\/wp-json\/wp\/v2\/pages"}],"about":[{"href":"https:\/\/pdi.ro\/2020\/wp-json\/wp\/v2\/types\/page"}],"author":[{"embeddable":true,"href":"https:\/\/pdi.ro\/2020\/wp-json\/wp\/v2\/users\/2"}],"replies":[{"embeddable":true,"href":"https:\/\/pdi.ro\/2020\/wp-json\/wp\/v2\/comments?post=7542"}],"version-history":[{"count":5,"href":"https:\/\/pdi.ro\/2020\/wp-json\/wp\/v2\/pages\/7542\/revisions"}],"predecessor-version":[{"id":8459,"href":"https:\/\/pdi.ro\/2020\/wp-json\/wp\/v2\/pages\/7542\/revisions\/8459"}],"wp:attachment":[{"href":"https:\/\/pdi.ro\/2020\/wp-json\/wp\/v2\/media?parent=7542"}],"curies":[{"name":"wp","href":"https:\/\/api.w.org\/{rel}","templated":true}]}}