{"id":7564,"date":"2020-03-06T17:02:50","date_gmt":"2020-03-06T15:02:50","guid":{"rendered":"https:\/\/primaderma.ro\/?page_id=7564"},"modified":"2020-05-28T16:21:56","modified_gmt":"2020-05-28T14:21:56","slug":"sef-lucr-dr-manolache-nicuta","status":"publish","type":"page","link":"https:\/\/pdi.ro\/2020\/sef-lucr-dr-manolache-nicuta\/","title":{"rendered":"\u0218ef Lucr. Dr. Manolache Nicu\u021ba"},"content":{"rendered":"<p>[et_pb_section fb_built=&#8221;1&#8243; fullwidth=&#8221;on&#8221; disabled_on=&#8221;on|off|off&#8221; _builder_version=&#8221;3.22&#8243; custom_margin=&#8221;||&#8221; custom_padding=&#8221;15px||29px&#8221; top_divider_style=&#8221;waves2&#8243; top_divider_color=&#8221;#f0622a&#8221; top_divider_flip=&#8221;horizontal|vertical&#8221; bottom_divider_style=&#8221;waves2&#8243; bottom_divider_color=&#8221;#fcdedb&#8221; bottom_divider_height=&#8221;105px&#8221; bottom_divider_flip=&#8221;vertical&#8221; collapsed=&#8221;off&#8221;][et_pb_fullwidth_header title=&#8221;@ET-DC@eyJkeW5hbWljIjp0cnVlLCJjb250ZW50IjoicG9zdF90aXRsZSIsInNldHRpbmdzIjp7ImJlZm9yZSI6IiIsImFmdGVyIjoiIn19@&#8221; text_orientation=&#8221;right&#8221; header_image_url=&#8221;https:\/\/pdi.ro\/2020\/wp-content\/uploads\/2020\/05\/pdi_iulie_online.png&#8221; disabled_on=&#8221;on|on|off&#8221; _builder_version=&#8221;4.4.7&#8243; _dynamic_attributes=&#8221;title&#8221; title_font=&#8221;Kaushan Script||||||||&#8221; title_text_align=&#8221;right&#8221; title_text_color=&#8221;#f0622a&#8221; title_font_size=&#8221;50px&#8221; content_font=&#8221;|600||on|||||&#8221; content_text_align=&#8221;center&#8221; content_text_color=&#8221;#686766&#8243; content_font_size=&#8221;15px&#8221; subhead_font=&#8221;||||||||&#8221; background_color=&#8221;rgba(239,145,107,0.54)&#8221; background_image=&#8221;https:\/\/pdi.ro\/2020\/wp-content\/uploads\/2020\/02\/back.jpg&#8221; background_layout=&#8221;light&#8221; custom_margin=&#8221;0px||8px&#8221; custom_padding=&#8221;40px||40px||true&#8221; hover_enabled=&#8221;0&#8243; content_font_size_tablet=&#8221;&#8221; content_font_size_phone=&#8221;15px&#8221; content_font_size_last_edited=&#8221;on|desktop&#8221; title_text=&#8221;pdi_iulie_online&#8221;][\/et_pb_fullwidth_header][\/et_pb_section][et_pb_section fb_built=&#8221;1&#8243; _builder_version=&#8221;3.22&#8243; locked=&#8221;off&#8221;][et_pb_row column_structure=&#8221;2_5,3_5&#8243; _builder_version=&#8221;3.25&#8243;][et_pb_column type=&#8221;2_5&#8243; _builder_version=&#8221;3.25&#8243; custom_padding=&#8221;|||&#8221; custom_padding__hover=&#8221;|||&#8221;][et_pb_image src=&#8221;https:\/\/pdi.ro\/2020\/wp-content\/uploads\/2020\/03\/manolache.jpg&#8221; align=&#8221;center&#8221; align_tablet=&#8221;center&#8221; align_phone=&#8221;&#8221; align_last_edited=&#8221;on|desktop&#8221; _builder_version=&#8221;4.0.11&#8243; max_width=&#8221;30%&#8221; border_radii=&#8221;on|100px|100px|100px|100px&#8221;][\/et_pb_image][\/et_pb_column][et_pb_column type=&#8221;3_5&#8243; _builder_version=&#8221;3.25&#8243; custom_padding=&#8221;|||&#8221; custom_padding__hover=&#8221;|||&#8221;][et_pb_text _builder_version=&#8221;3.27.4&#8243;]<\/p>\n<h4><strong><span style=\"color: #ff6600;\"><\/span><\/strong><\/h4>\n<h4><strong><span style=\"color: #ff6600;\"><\/span><\/strong><\/h4>\n<h4><strong><span style=\"color: #ff6600;\"><\/span><\/strong><\/h4>\n<h4><strong><span style=\"color: #ff6600;\"><\/span><\/strong><\/h4>\n<h4><strong><span style=\"color: #ff6600;\"><\/span><\/strong><\/h4>\n<h4><strong><span style=\"color: #ff6600;\">\u0218ef Lucr. Dr. Manolache Nicu\u021ba<\/span><\/strong><br \/><strong><span style=\"color: #ff6600;\"> Universitatea &#8220;Dun\u0103rea de Jos\u201d, Gala\u0163i<\/span><\/strong><\/h4>\n<p>[\/et_pb_text][\/et_pb_column][\/et_pb_row][et_pb_row _builder_version=&#8221;3.25&#8243;][et_pb_column type=&#8221;4_4&#8243; _builder_version=&#8221;3.25&#8243; custom_padding=&#8221;|||&#8221; custom_padding__hover=&#8221;|||&#8221;][et_pb_text _builder_version=&#8221;4.0.11&#8243;]<span style=\"color: #ff6600;\">Activitatea profesional\u0103 \u0219i stilul de via\u021b\u0103 \u00een boala venoas\u0103 cronic\u0103 &#8211; Studiu personal <\/span><br \/>\n<span style=\"color: #ff6600;\"> Manolache Nicu\u021ba, Stoleriu Gabriela, Br\u0103ni\u0219teanu Elena Daciana, Filip Ciubotaru Florina Mihaela<\/span><\/p>\n<p style=\"text-align: justify;\">\u00cen prezenta lucrare, parte integrant\u0103 a unui studiu personal al c\u0103rui obiectiv a fost aprecierea rolului fiec\u0103rui factor favorizant \u00een parte \u015fi importan\u0163a asocierii mai multor factori de risc la acela\u015fi pacient cu boal\u0103 venoas\u0103 cronic\u0103(BVC), sunt redate rezultatele analizei rolului activit\u0103\u021bii profesionale \u0219i a stilului de via\u021b\u0103 \u00een evolu\u021bia BVC.<br \/>\nMaterial \u015fi metod\u0103<br \/>\nStudiul a inclus 1064 de persoane, femei \u015fi b\u0103rba\u0163i cu v\u00e2rsta cuprins\u0103 \u00eentre 18 \u015fi 85 ani, grupate \u00een cinci grupe de examinare formate din pacien\u021bii interna\u021bi \u00een decurs de un an \u00een serviciul de dermatologie al spitalului \u201eA. Cincu \u201d Tecuci, bolnavii spitalizati \u00eentr-o lun\u0103 de zile \u00een sec\u021bia de medicin\u0103 intern\u0103 ( acela\u0219i spital), persoane care lucrau sau au lucrat \u00een condi\u021bii de ortostatism static prelungit, subiec\u021bi sedentari \u0219i subiec\u021bi cu stil de via\u021b\u0103 s\u0103n\u0103tos.<br \/>\nPentru fiecare pacient diagnosticat cu BVC \u0219i introdus \u00een lotul de studiu am consemnat urm\u0103torii parametri:<br \/>\n-v\u00e2rsta la momentul introducerii \u00een studiu<br \/>\n-v\u00e2rsta la momentul c\u00e2nd a debutat BVC<br \/>\n-sexul<br \/>\n-mediul de reziden\u0163\u0103<br \/>\n-ocupa\u0163ia<br \/>\n&#8211; stilul de via\u0163\u0103<br \/>\n-este sau nu fum\u0103tor, sau a fumat mai mult de zece ani peste 10 \u021big\u0103ri pe zi<br \/>\n-a suferit traumatisme locale repetate la nivelul regiunilor gambiere inferioare<br \/>\nPentru aprecierea rolului ortostatismului prelungit, al efortului fizic sus\u021binut, al traumatismelor locale gambiere repetate, sedentarismului \u0219i stilului s\u0103n\u0103tos de via\u021ba \u00een BVC, am analizat frecven\u021ba acestor factori de risc la pacien\u021bii cu BVC inclu\u0219i \u00een studiu, dar \u0219i frecven\u021ba BVC \u00een grupele persoanelor care lucrau sau au lucrat \u00een condi\u0163ii de ortostatism static prelungit, a persoanelor sedentare \u0219i a celor cu stil de via\u0163\u0103 s\u0103n\u0103tos.<br \/>\nPrezentare rezultate<br \/>\nDin cei 468 bolnavi cu BVC care au precizat condi\u0163iile de munc\u0103 \u015fi stilul de via\u0163\u0103, 62,17% au lucrat sau lucrau \u00een condi\u0163ii de ortostatism prelungit, 23,08% erau sedentari \u015fi 14,75% aveau stil de via\u0163\u0103 pozitiv.<br \/>\n60,94% dintre pacien\u0163i cu BVC prezentau traumatisme locale gambiere repetate.<br \/>\nAsocierea traumatismelor gambiere cu ortostatismul \u015fi efortul fizic a fost \u00eent\u00e2lnit\u0103 la 177 pacien\u0163i cu BVC, mai frecvent la b\u0103rba\u0163i. Cei mai mul\u021bi pacien\u021bi apartineau clasei C6 CEAP.<br \/>\nPrezentau BVC 66% dintre persoanele cu activitate \u00een ortostatism prelungit, 56% dintre cele sedentare \u0219i 36% dintre persoanele cu stil s\u0103n\u0103tos de via\u0163\u0103.<br \/>\nConcluzii<br \/>\nTipul de activitate profesional\u0103 \u015fi stilul de via\u0163\u0103 pot agrava evolu\u0163ia BVC.<br \/>\nOrtostatismul favorizeaz\u0103 instalarea BVC mai mult dec\u00e2t sedentarismul (raport 1,17:1). Ponderea mai mare a bolii \u00een r\u00e2ndul subiec\u0163ilor supu\u015fi ortostatismului, poate fi explicat\u0103 \u015fi prin frecventa asociere cu efortul fizic (42,51% dintre cazuri).<br \/>\nPrezen\u0163a bolii venoase \u00een r\u00e2ndul subiec\u0163ilor cu stil s\u0103n\u0103tos de via\u0163\u0103, \u00eentr-un procent mare (36%), dovede\u015fte c\u0103 apari\u0163ia bolii este influen\u0163at\u0103 de o multitudine de al\u0163i factori de risc, care nu se exclud printr-un stil de via\u0163\u0103 pozitiv.<\/p>\n<p style=\"text-align: justify;\"><span style=\"color: #ff6600;\">Professional activity and lifestyle in chronic venous disease &#8211; Personal study<\/span><br \/>\n<span style=\"color: #ff6600;\"> Manolache Nicu\u021ba, Stoleriu Gabriela, Br\u0103ni\u0219teanu Elena Daciana, Filip Ciubotaru Florina Mihaela<\/span><\/p>\n<p>In this paper, an integral part of a personal study whose objective was to assess the role of each factor favoring in part and the importance of associating several risk factors in the same patient with chronic venous disease (CVD), the results of the analysis of the role of professional activity and lifestyle in CVD evolution are presented.<br \/>\nMaterial and method<br \/>\nThe study included 1064 subjects, women and men between the ages of 18 and 85, grouped into five examination groups consisting of patients admitted within one year to the dermatology service of the hospital &#8220;A. Five &#8220;Tecuci, patients hospitalized within a month in the internal medicine department (same hospital), people who worked or worked in conditions of prolonged static orthostatism, sedentary subjects and subjects with a healthy lifestyle.<br \/>\nFor each patient diagnosed with CVD and entered in the study group, we recorded the following parameters:<br \/>\n&#8211; age at the time of introduction into the study<br \/>\n&#8211; age when CVDoccurred<br \/>\n-gender<br \/>\n-the medium of residence<br \/>\n-occupation<br \/>\n&#8211; lifestyle<br \/>\n&#8211; smoker or non-smoker, or has smoked more than ten years over 10 cigarettes a day<br \/>\n&#8211; suffered local traumas repeated in the lower calf regions<\/p>\n<p>In order to appreciate the role of prolonged orthostatism, sustained physical exertion, repeated local calf traumas, sedentary lifestyle and healthy lifestyle in CVD, we analyzed the frequency of these risk factors in patients with CVD included in the study, but also the frequency of CVD in working groups or whom worked under conditions of prolonged orthostatism, sedentary people and those with a healthy lifestyle.<br \/>\nResults<br \/>\nOf the 468 patients with CVD who specified working conditions and lifestyle, 62.17% worked or kept working under prolonged orthostatism, 23.08% were sedentary and 14.75% had a positive lifestyle.<br \/>\n60.94% of the patients with CVD had recurrent local calf traumatic injuries.<br \/>\nThe association of calf trauma with orthostatism and physical exertion was found in 177 patients with CVD, more commonly in men. Most patients belonged to the C6 CEAP class.<br \/>\n66% of the people with prolonged orthostatic activity, 56% of the sedentary ones and 36% of the people with a healthy lifestyle, presented CVD.<br \/>\nConclusions<br \/>\nThe type of professional activity and lifestyle can aggravate the evolution of CVD.<br \/>\nOrthostatism favors the onset of CVD more than sedentarism (ratio 1.17: 1). The higher share of the disease among the patients subjected to orthostatism, can be explained by the frequent association with physical effort (42.51% of the cases).<br \/>\nThe presence of venous disease among healthy living subjects, in a large percentage (36%), shows that the occurrence of the disease is influenced by a multitude of other risk factors, which are not excluded by a positive lifestyle.<\/p>\n<p style=\"text-align: justify;\"><span style=\"color: #ff6600;\">Scurt CV<\/span><\/p>\n<p><strong>Locul de munc\u0103<\/strong><br \/>\nSpitalul \u201eAnton Cincu\u201d, Tecuci<br \/>\nFacultatea de Medicin\u0103 \u015fi Farmacie, Universitatea \u201eDun\u0103rea de Jos\u201d, Gala\u0163i<\/p>\n<p><strong>Educa\u0163ie \u015fi formare <\/strong><br \/>\n1981\u20131987 &#8211; Facultatea de Medicin\u0103 General\u0103, IMF Ia\u015fi<br \/>\n1987\u20131991 &#8211; Stagiatur\u0103 \u2013 Spitalul Jude\u0163ean Gala\u0163i<br \/>\n1991\u20131994 &#8211; Reziden\u0163iat \u2013 Clinica \u201eScarlat Longhin\u201d, Bucure\u015fti<br \/>\n1994 &#8211; Ob\u0163inerea titlului de medic specialist dermatovenerolog<br \/>\n1998 &#8211; Ob\u0163inerea gradului de medic primar dermatovenerolog<br \/>\n2007 &#8211; Ob\u0163inerea titlului de doctor \u00een medicin\u0103<\/p>\n<p><strong>Calificare <\/strong><br \/>\nMedic primar dermatovenerolog<br \/>\nDoctor \u00een medicin\u0103<br \/>\n\u0218ef lucr\u0103ri<br \/>\nCompeten\u0163e Homeopatie<br \/>\nAtestat dermato \u2013 cosmetologie<br \/>\nDermatoscopie<br \/>\nMembru al asocia\u0163iilor profesionale: Societatea Rom\u00e2n\u0103 de Dermatologie<br \/>\nAsocia\u021bia Dermatologilor din Moldova.<br \/>\nAsocia\u021bia Rom\u00e2n\u0103 de Dermato-Pediatrie<br \/>\nAsocia\u021bia Rom\u00e2n\u0103 de Imuno-Dermatologie<br \/>\nEuropean Academy of Dermatology and Venerology<\/p>\n<p><strong> Lucr\u0103ri \u015ftiin\u0163ifice elaborate, prezentate \u015fi publicate<\/strong><br \/>\nTeza de doctorat : \u201eRolul factorilor favorizan\u0163i \u00een insuficien\u0163a venoas\u0103 cronic\u0103 a membrelor inferioare\u201d<br \/>\nConduc\u0103tor \u015ftiin\u0163ific: Prof dr. Dumitru Iustin Diaconu<br \/>\nArticole publicate \u00een reviste de specialitate<br \/>\nComunic\u0103ri la conferin\u0163e na\u0163ionale, mese rotunde<br \/>\nParticip\u0103ri la cursuri de formare profesional\u0103[\/et_pb_text][\/et_pb_column][\/et_pb_row][\/et_pb_section][et_pb_section fb_built=&#8221;1&#8243; _builder_version=&#8221;3.22&#8243; background_color=&#8221;rgba(117,194,33,0.23)&#8221; background_image=&#8221;https:\/\/pdi.ro\/2020\/wp-content\/uploads\/2020\/02\/back_justflowers_overlay1.png&#8221; background_blend=&#8221;luminosity&#8221; custom_padding=&#8221;54px|0px|0|0px|false|false&#8221; top_divider_style=&#8221;waves2&#8243; top_divider_color=&#8221;#ffffff&#8221; top_divider_height=&#8221;155px&#8221; top_divider_height_tablet=&#8221;&#8221; top_divider_height_phone=&#8221;97px&#8221; top_divider_height_last_edited=&#8221;on|desktop&#8221; bottom_divider_style=&#8221;waves2&#8243; bottom_divider_color=&#8221;#75c221&#8243; bottom_divider_flip=&#8221;vertical&#8221; bottom_divider_height_tablet=&#8221;&#8221; bottom_divider_height_phone=&#8221;59px&#8221; bottom_divider_height_last_edited=&#8221;on|desktop&#8221;][et_pb_row column_structure=&#8221;3_5,2_5&#8243; _builder_version=&#8221;3.25&#8243; custom_padding=&#8221;61px|0px|69px|0px|false|false&#8221;][et_pb_column type=&#8221;3_5&#8243; _builder_version=&#8221;3.25&#8243; custom_padding=&#8221;|||&#8221; custom_padding__hover=&#8221;|||&#8221;][et_pb_text _builder_version=&#8221;4.0.11&#8243; text_font=&#8221;Kaushan Script||||||||&#8221; text_text_color=&#8221;#f0622a&#8221; text_font_size=&#8221;30px&#8221; text_line_height=&#8221;1.2em&#8221; header_font=&#8221;||||||||&#8221; background_layout=&#8221;dark&#8221; text_font_size_tablet=&#8221;&#8221; text_font_size_phone=&#8221;&#8221; text_font_size_last_edited=&#8221;on|desktop&#8221;]<\/p>\n<p>Contacteaz\u0103 operatorul PDI 2020<\/p>\n<p>[\/et_pb_text][et_pb_contact_form email=&#8221;contact@primaderma.ro\/2019&#8243; submit_button_text=&#8221;Trimite mesajul&#8221; _builder_version=&#8221;3.19.4&#8243; title_font=&#8221;||||||||&#8221;][et_pb_contact_field field_id=&#8221;Name&#8221; field_title=&#8221;Nume&#8221; _builder_version=&#8221;3.18.9&#8243; button_text_size__hover_enabled=&#8221;off&#8221; button_one_text_size__hover_enabled=&#8221;off&#8221; button_two_text_size__hover_enabled=&#8221;off&#8221; button_text_color__hover_enabled=&#8221;off&#8221; button_one_text_color__hover_enabled=&#8221;off&#8221; button_two_text_color__hover_enabled=&#8221;off&#8221; button_border_width__hover_enabled=&#8221;off&#8221; button_one_border_width__hover_enabled=&#8221;off&#8221; button_two_border_width__hover_enabled=&#8221;off&#8221; button_border_color__hover_enabled=&#8221;off&#8221; button_one_border_color__hover_enabled=&#8221;off&#8221; button_two_border_color__hover_enabled=&#8221;off&#8221; button_border_radius__hover_enabled=&#8221;off&#8221; button_one_border_radius__hover_enabled=&#8221;off&#8221; button_two_border_radius__hover_enabled=&#8221;off&#8221; button_letter_spacing__hover_enabled=&#8221;off&#8221; button_one_letter_spacing__hover_enabled=&#8221;off&#8221; button_two_letter_spacing__hover_enabled=&#8221;off&#8221; button_bg_color__hover_enabled=&#8221;off&#8221; button_one_bg_color__hover_enabled=&#8221;off&#8221; button_two_bg_color__hover_enabled=&#8221;off&#8221;][\/et_pb_contact_field][et_pb_contact_field field_id=&#8221;Email&#8221; field_title=&#8221;Adresa de e-mail&#8221; field_type=&#8221;email&#8221; _builder_version=&#8221;3.19.4&#8243; button_text_size__hover_enabled=&#8221;off&#8221; button_one_text_size__hover_enabled=&#8221;off&#8221; button_two_text_size__hover_enabled=&#8221;off&#8221; button_text_color__hover_enabled=&#8221;off&#8221; button_one_text_color__hover_enabled=&#8221;off&#8221; button_two_text_color__hover_enabled=&#8221;off&#8221; button_border_width__hover_enabled=&#8221;off&#8221; button_one_border_width__hover_enabled=&#8221;off&#8221; button_two_border_width__hover_enabled=&#8221;off&#8221; button_border_color__hover_enabled=&#8221;off&#8221; button_one_border_color__hover_enabled=&#8221;off&#8221; button_two_border_color__hover_enabled=&#8221;off&#8221; button_border_radius__hover_enabled=&#8221;off&#8221; button_one_border_radius__hover_enabled=&#8221;off&#8221; button_two_border_radius__hover_enabled=&#8221;off&#8221; button_letter_spacing__hover_enabled=&#8221;off&#8221; button_one_letter_spacing__hover_enabled=&#8221;off&#8221; button_two_letter_spacing__hover_enabled=&#8221;off&#8221; button_bg_color__hover_enabled=&#8221;off&#8221; button_one_bg_color__hover_enabled=&#8221;off&#8221; button_two_bg_color__hover_enabled=&#8221;off&#8221;][\/et_pb_contact_field][et_pb_contact_field field_id=&#8221;Message&#8221; field_title=&#8221;Mesajul dvs.&#8221; field_type=&#8221;text&#8221; fullwidth_field=&#8221;on&#8221; _builder_version=&#8221;3.18.9&#8243; button_text_size__hover_enabled=&#8221;off&#8221; button_one_text_size__hover_enabled=&#8221;off&#8221; button_two_text_size__hover_enabled=&#8221;off&#8221; button_text_color__hover_enabled=&#8221;off&#8221; button_one_text_color__hover_enabled=&#8221;off&#8221; button_two_text_color__hover_enabled=&#8221;off&#8221; button_border_width__hover_enabled=&#8221;off&#8221; button_one_border_width__hover_enabled=&#8221;off&#8221; button_two_border_width__hover_enabled=&#8221;off&#8221; button_border_color__hover_enabled=&#8221;off&#8221; button_one_border_color__hover_enabled=&#8221;off&#8221; button_two_border_color__hover_enabled=&#8221;off&#8221; button_border_radius__hover_enabled=&#8221;off&#8221; button_one_border_radius__hover_enabled=&#8221;off&#8221; button_two_border_radius__hover_enabled=&#8221;off&#8221; button_letter_spacing__hover_enabled=&#8221;off&#8221; button_one_letter_spacing__hover_enabled=&#8221;off&#8221; button_two_letter_spacing__hover_enabled=&#8221;off&#8221; button_bg_color__hover_enabled=&#8221;off&#8221; button_one_bg_color__hover_enabled=&#8221;off&#8221; button_two_bg_color__hover_enabled=&#8221;off&#8221;][\/et_pb_contact_field][\/et_pb_contact_form][\/et_pb_column][et_pb_column type=&#8221;2_5&#8243; _builder_version=&#8221;3.25&#8243; custom_padding=&#8221;|||&#8221; custom_padding__hover=&#8221;|||&#8221;][et_pb_text _builder_version=&#8221;4.0.11&#8243; text_font=&#8221;Kaushan Script||||||||&#8221; text_text_color=&#8221;#f0622a&#8221; text_font_size=&#8221;30px&#8221; header_font=&#8221;||||||||&#8221; background_layout=&#8221;dark&#8221;]<\/p>\n<p>Operatorul PDI 2020<\/p>\n<p>[\/et_pb_text][et_pb_text _builder_version=&#8221;4.0.11&#8243; text_font=&#8221;||||||||&#8221;]<\/p>\n<p><span><img loading=\"lazy\" decoding=\"async\" src=\"https:\/\/pdi.ro\/2020\/wp-content\/uploads\/2020\/02\/eventer_logo_150px.png\" width=\"151\" height=\"33\" alt=\"\" class=\"wp-image-774 alignleft size-full\" \/><\/span><\/p>\n<p><span><\/span><\/p>\n<p><span><\/span><\/p>\n<p><span>Adresa: Str. A. Panu nr. 13, Iasi<\/span><br \/> <span>Tel.: 0332.40.88.00-05<\/span><br \/> <span>E-mail: <a href=\"mailto:inscrieri@primaderma.ro\" target=\"_blank\" rel=\"noopener noreferrer\">inscrieri@primaderma.ro<\/a><br \/> <\/span><span>Website:\u00a0<\/span><a href=\"http:\/\/www.eventernet.ro\/\" target=\"Blank\" rel=\"noopener noreferrer\">www.eventernet.ro<\/a><\/p>\n<p>[\/et_pb_text][et_pb_text disabled_on=&#8221;off|off|off&#8221; _builder_version=&#8221;4.0.11&#8243; text_font=&#8221;Kaushan Script||||||||&#8221; text_text_color=&#8221;#f0622a&#8221; text_font_size=&#8221;30px&#8221; header_font=&#8221;||||||||&#8221; background_layout=&#8221;dark&#8221; locked=&#8221;off&#8221;]<\/p>\n<p>Parteneri Media<\/p>\n<p>[\/et_pb_text][et_pb_gallery gallery_ids=&#8221;7203,7204,7232,7231&#8243; fullwidth=&#8221;on&#8221; _builder_version=&#8221;4.0.11&#8243; transform_scale=&#8221;86%|86%&#8221; max_width=&#8221;63%&#8221; auto=&#8221;on&#8221; auto_speed=&#8221;3500&#8243; hover_transition_duration=&#8221;100ms&#8221; hover_transition_delay=&#8221;50ms&#8221; hover_transition_speed_curve=&#8221;ease-in-out&#8221; locked=&#8221;off&#8221;][\/et_pb_gallery][\/et_pb_column][\/et_pb_row][\/et_pb_section]<\/p>\n","protected":false},"excerpt":{"rendered":"<p>\u0218ef Lucr. Dr. Manolache Nicu\u021ba Universitatea &#8220;Dun\u0103rea de Jos\u201d, Gala\u0163iActivitatea profesional\u0103 \u0219i stilul de via\u021b\u0103 \u00een boala venoas\u0103 cronic\u0103 &#8211; Studiu personal Manolache Nicu\u021ba, Stoleriu Gabriela, Br\u0103ni\u0219teanu Elena Daciana, Filip Ciubotaru Florina Mihaela \u00cen prezenta lucrare, parte integrant\u0103 a unui studiu personal al c\u0103rui obiectiv a fost aprecierea rolului fiec\u0103rui factor favorizant \u00een parte \u015fi [&hellip;]<\/p>\n","protected":false},"author":2,"featured_media":0,"parent":0,"menu_order":0,"comment_status":"closed","ping_status":"closed","template":"","meta":{"_et_pb_use_builder":"on","_et_pb_old_content":"","_et_gb_content_width":"","footnotes":""},"class_list":["post-7564","page","type-page","status-publish","hentry"],"_links":{"self":[{"href":"https:\/\/pdi.ro\/2020\/wp-json\/wp\/v2\/pages\/7564","targetHints":{"allow":["GET"]}}],"collection":[{"href":"https:\/\/pdi.ro\/2020\/wp-json\/wp\/v2\/pages"}],"about":[{"href":"https:\/\/pdi.ro\/2020\/wp-json\/wp\/v2\/types\/page"}],"author":[{"embeddable":true,"href":"https:\/\/pdi.ro\/2020\/wp-json\/wp\/v2\/users\/2"}],"replies":[{"embeddable":true,"href":"https:\/\/pdi.ro\/2020\/wp-json\/wp\/v2\/comments?post=7564"}],"version-history":[{"count":6,"href":"https:\/\/pdi.ro\/2020\/wp-json\/wp\/v2\/pages\/7564\/revisions"}],"predecessor-version":[{"id":8168,"href":"https:\/\/pdi.ro\/2020\/wp-json\/wp\/v2\/pages\/7564\/revisions\/8168"}],"wp:attachment":[{"href":"https:\/\/pdi.ro\/2020\/wp-json\/wp\/v2\/media?parent=7564"}],"curies":[{"name":"wp","href":"https:\/\/api.w.org\/{rel}","templated":true}]}}