{"id":7583,"date":"2020-03-06T17:07:27","date_gmt":"2020-03-06T15:07:27","guid":{"rendered":"https:\/\/primaderma.ro\/?page_id=7583"},"modified":"2020-05-28T16:31:52","modified_gmt":"2020-05-28T14:31:52","slug":"c-s-i-dr-neagu-monica","status":"publish","type":"page","link":"https:\/\/pdi.ro\/2020\/c-s-i-dr-neagu-monica\/","title":{"rendered":"C.\u0218.I. Dr. Neagu Monica"},"content":{"rendered":"<p>[et_pb_section fb_built=&#8221;1&#8243; fullwidth=&#8221;on&#8221; disabled_on=&#8221;on|off|off&#8221; _builder_version=&#8221;3.22&#8243; custom_margin=&#8221;||&#8221; custom_padding=&#8221;15px||29px&#8221; top_divider_style=&#8221;waves2&#8243; top_divider_color=&#8221;#f0622a&#8221; top_divider_flip=&#8221;horizontal|vertical&#8221; bottom_divider_style=&#8221;waves2&#8243; bottom_divider_color=&#8221;#fcdedb&#8221; bottom_divider_height=&#8221;105px&#8221; bottom_divider_flip=&#8221;vertical&#8221; collapsed=&#8221;off&#8221;][et_pb_fullwidth_header title=&#8221;@ET-DC@eyJkeW5hbWljIjp0cnVlLCJjb250ZW50IjoicG9zdF90aXRsZSIsInNldHRpbmdzIjp7ImJlZm9yZSI6IiIsImFmdGVyIjoiIn19@&#8221; text_orientation=&#8221;right&#8221; header_image_url=&#8221;https:\/\/pdi.ro\/2020\/wp-content\/uploads\/2020\/05\/pdi_iulie_online.png&#8221; disabled_on=&#8221;on|on|off&#8221; _builder_version=&#8221;4.4.7&#8243; _dynamic_attributes=&#8221;title&#8221; title_font=&#8221;Kaushan Script||||||||&#8221; title_text_align=&#8221;right&#8221; title_text_color=&#8221;#f0622a&#8221; title_font_size=&#8221;50px&#8221; content_font=&#8221;|600||on|||||&#8221; content_text_align=&#8221;center&#8221; content_text_color=&#8221;#686766&#8243; content_font_size=&#8221;15px&#8221; subhead_font=&#8221;||||||||&#8221; background_color=&#8221;rgba(239,145,107,0.54)&#8221; background_image=&#8221;https:\/\/pdi.ro\/2020\/wp-content\/uploads\/2020\/02\/back.jpg&#8221; background_layout=&#8221;light&#8221; custom_margin=&#8221;0px||8px&#8221; custom_padding=&#8221;40px||40px||true&#8221; hover_enabled=&#8221;0&#8243; content_font_size_tablet=&#8221;&#8221; content_font_size_phone=&#8221;15px&#8221; content_font_size_last_edited=&#8221;on|desktop&#8221; title_text=&#8221;pdi_iulie_online&#8221;][\/et_pb_fullwidth_header][\/et_pb_section][et_pb_section fb_built=&#8221;1&#8243; _builder_version=&#8221;3.22&#8243; locked=&#8221;off&#8221;][et_pb_row column_structure=&#8221;2_5,3_5&#8243; _builder_version=&#8221;3.25&#8243;][et_pb_column type=&#8221;2_5&#8243; _builder_version=&#8221;3.25&#8243; custom_padding=&#8221;|||&#8221; custom_padding__hover=&#8221;|||&#8221;][et_pb_image src=&#8221;https:\/\/pdi.ro\/2020\/2019\/wp-content\/uploads\/2019\/03\/Neagu-Monica.png&#8221; align=&#8221;center&#8221; align_tablet=&#8221;center&#8221; align_phone=&#8221;&#8221; align_last_edited=&#8221;on|desktop&#8221; _builder_version=&#8221;3.23&#8243; max_width=&#8221;31%&#8221; border_radii=&#8221;on|100px|100px|100px|100px&#8221;][\/et_pb_image][\/et_pb_column][et_pb_column type=&#8221;3_5&#8243; _builder_version=&#8221;3.25&#8243; custom_padding=&#8221;|||&#8221; custom_padding__hover=&#8221;|||&#8221;][et_pb_text _builder_version=&#8221;3.27.4&#8243;]<\/p>\n<h4><span style=\"color: #ff6600;\"><strong><\/strong><\/span><\/h4>\n<h4><span style=\"color: #ff6600;\"><strong><\/strong><\/span><\/h4>\n<h4><span style=\"color: #ff6600;\"><strong><\/strong><\/span><\/h4>\n<h4><span style=\"color: #ff6600;\"><strong>C.\u0218.I. Dr. Neagu Monica<\/strong><\/span><br \/><span style=\"color: #ff6600;\"><strong> Institutul Na\u0163ional \u201cVictor Babe\u015f\u201d, Bucure\u015fti<\/strong><\/span><br \/><span style=\"color: #ff6600;\"><strong> Spitalul Clinic \u201dColentina\u201d, Bucure\u015fti<\/strong><\/span><\/h4>\n<p>[\/et_pb_text][\/et_pb_column][\/et_pb_row][et_pb_row _builder_version=&#8221;3.25&#8243;][et_pb_column type=&#8221;4_4&#8243; _builder_version=&#8221;3.25&#8243; custom_padding=&#8221;|||&#8221; custom_padding__hover=&#8221;|||&#8221;][et_pb_text _builder_version=&#8221;4.0.11&#8243;]<\/p>\n<p style=\"text-align: justify;\"><span style=\"color: #ff6600;\">Aspecte imunologice in carcinomul spinocelular <\/span><br \/> <span style=\"color: #ff6600;\">Autori: Monica Neagu, Carolina Constantin, Mihaela Surcel, Ana Caruntu, Sabina Zurac <\/span><\/p>\n<p style=\"text-align: justify;\">Carcinomul spinocelular invaziv este un cancer comun in populatia Caucaziana (cSCC) in si reprezinta aproximativ 20% din toate cancerele cutanate. Etiopatogeneza cSCC este se pare multi-factoriala. Astfel, factori de mediu ca expunerea la radiatia ultravioleta, imbatranirea, sexul masculin, fumatul alaturi de o serie de factori genetici contribuie la aparitia cSCC. Conditii care induc imunosupresia, ca de exemplu infectia HIV, transplantul sau leukemia limfocitara cronica (CLL), favorizeaza aparitia cSCC. In pacientii imunosupresati, recidivele locoregionale au o incidenta crescuta, the riscul de metastaze in cSCC se dubleaza, si in consecinta evolutia clinica a pacientului este nefavorabila.<br \/>In procesul identificarii markerilor care pot monitoriza si predictiona recidiva cSCC am investigat o serie de marker imuni care ar putea sa ofere noi indicia privind evolutia clinica a pacientului. <br \/>La pacientii diagnosticati cu cSCC au fost analizate inainte si dupa operatia de excizare a tumorii populatiile de cellule immune circulante utilizand citometria in flux si IVD kit BD Multitest&#x2122; IMK Kit. Au fost analizate o serie de populatii immune circulante: limfocite T (CD3+), limfocite B (CD19+), subpopulatiile T helper (CD3+CD4+), T cytotoxic (CD3+CD8+), si limfocite natural killer (NK) (CD3\u2013CD16+ sau\/si CD56+). In toate cazurile investigate inainte de excizia tumorala limfocitele T CD3+ si subpopulatia CD4+ T au fost regasite in domeniul valorilor normale. Limfocitele T CD8+ care sustin functia citotoxica au fost gasite statistic semnificativ reduse fata de normal, ceea ce a dus la un raport CD4\/CD8 crescut. In pacientii cu cCSC limfocitele B (CD19+) circulante au valori scazute fata de normal in timp ce limfocitele NK sunt crescute. Acest mechanism compensatoriu intre aceste doua tipuri de populatii celulare a fost identificat de noi associate si altor tipuri de neoplazii. Putem concluziona ca celulele immune circulante pot fi utilizate ca elemente de monitorizare ale progresiei tumorale in acest tip de cancer cutanat. <br \/>Studiu finantat prin proiectele PN-III-P1-1.2-PCCDI-2017-0341\/2018, PN 19.21.01.01\/2019, EPITRAN COST ACTION 16120\/2018<\/p>\n<p style=\"text-align: justify;\"><span style=\"color: #ff6600;\">Immunological advances in cutaneous squamous cell carcinoma<\/span><br \/> <span style=\"color: #ff6600;\">Authors: Monica Neagu, Carolina Constantin, Mihaela Surcel, Ana Caruntu, Sabina Zurac <\/span><\/p>\n<p style=\"text-align: justify;\">Invasive cutaneous squamous cell carcinoma (cSCC) in Caucazian population is one of the most common cancers accounting for 20% of all cutaneous malignancies. cSCC etiopathogenesis has multi-factorial trait. Therefore, environmental factors like ultraviolet radiation exposure, advanced age, male sex, smoking along with genetic factors are contributing to the onset of cSCC. Immunosuppressive conditions, like HIV infection, transplant, or chronic lymphocytic leukemia (CLL), are immune-based favoring condition for cSCC. In immunosuppressed patients, locoregional recurrence has an increased incidence, the risk of metastatic cSCC doubles, hence the outcome for advanced disease is significantly worse.<br \/>In the quest to both monitor and predict the disease recurrence we have embarked in the search of various immune-related markers that can hint towards the clinical outcome of patients.<br \/>In cSCC patients before and after surgery peripheral blood was immediately tested for immune cell populations using flow citometry and the IVD kit BD Multitest&#x2122; IMK Kit. Within the test we have analyzed various immune cell circulatory populations: T lymphocytes (CD3+), B lymphocytes (CD19+), helper\/inducer T lymphocytes (CD3+CD4+), suppressor\/cytotoxic T lymphocytes (CD3+CD8+), and natural killer (NK) lymphocytes (CD3\u2013CD16+ and\/ or CD56+). For the investigated cases prior to the surgical resection total CD3+ T cells and CD4+ T cell sub-population were in the normal ranges. CD8+ T cells depicting cytotoxic lymphocytes are statistically reduced compared the normal values, thus leading to an increased ratio CD4\/CD8. In cCSC patients circulatory B lymphocytes (CD19+) have a decreased value while peripheral NK cells are increased. This immune compensatory process between these two types of cell populations has been reported by us in other neoplasias as well. We can conclude that peripheral immune cells can be useful for monitoring disease progression in these types of cancer.<br \/>Acknowledgement. PN-III-P1-1.2-PCCDI-2017-0341\/2018, PN 19.21.01.01\/2019, EPITRAN COST ACTION 16120\/2018<\/p>\n<p style=\"text-align: justify;\"><span style=\"color: #ff6600;\">Scurt CV<\/span><\/p>\n<p style=\"text-align: justify;\">CS I, Profesor abilitat, \u015eef Laborator Imunologie, Institutul Na\u0163ional \u201cVictor Babes\u201d, Bucure\u015fti, Coordonator de Doctorat Facultatea de Biologie, Universitatea Bucure\u015fti, CS I \u00een colectivul de cercetare al Departamentului de Anatomie Patologic\u0103, Spitalul Clinic \u201dColentina\u201d, Bucure\u015fti.<br \/> 1996 \u2013 Doctoratul \u00een Imunologie \u00een cotutel\u0103 cu Departamentul R&amp;D Novartis, Ltd, Elvetia; din anul 2000 \u015eef de Laborator \u015fi din anul 2014 Profesor abilitat de Imunologie. \u00cen ultimii 5 ani a condus \u015fi participat \u00een peste 10 proiecte na\u0163ionale \u015fi 5 proiecte cu Fonduri structurale EU \u00een domeniul bio-medical, imunologie, proteomic\u0103, toxicologie. A fost membru \u00een echipe de cercetare interna\u0163ionale \u00een proiecte ERA-NET, FP7, Horizon2020. A condus proiecte interna\u0163ionale de cooperare bilateral\u0103 Rom\u00e2nia-China 511\/2011 cu Beijing Institute of Genomics, cooperare bilateral\u0103 Rom\u00e2nia-Grecia 7285\/02 cu University of Athens.<br \/> A fost director de proiect NATO SfP 982838\/2007 cu University of Tubingen. A fost membru al echipei de management pentru re\u0163eaua interna\u0163ional\u0103 COST Action D39, actualmente este membru al echipei de management pentru re\u0163elele interna\u0163ionale COST Action 16120\/2018 EPITRAN \u015fi COST Action 18125\/2019 AeroGels. Este co-inventator la 7 brevete de inven\u0163ie \u00een domeniul dermato-patologiei \u015fi dermato-oncologiei, brevete cu numeroase premii nterna\u0163ionale.<br \/> \u00cen perioada 2010-2013 a fost membru al Comisiei pentru Terapii Avansate \u2013 EMEA. Editor pentru c\u0103r\u0163i \u00een Edituri interna\u0163ionale, Editor pentru numere speciale \u00een reviste interna\u0163ionale Disease Markers, Journal of Immunology Research. Editor Asociat pentru Journal of Immunoassay and Immunochemistry. Evaluator pentru proiecte na\u0163ionale \u015fi interna\u0163ionale, evaluator la peste 50 de reviste interna\u0163ionale. Membru \u00een Editorial board pentru numeroase reviste interna\u0163ionale.<br \/> A publicat peste 100 de articole \u015ftiin\u0163ifice indexate ISI cu peste 1500 de cit\u0103ri, acumul\u00e2nd un Hirsch index de 17 (Clarivate), 21 (Google Academics).<\/p>\n<p>[\/et_pb_text][\/et_pb_column][\/et_pb_row][\/et_pb_section][et_pb_section fb_built=&#8221;1&#8243; _builder_version=&#8221;3.22&#8243; background_color=&#8221;rgba(117,194,33,0.23)&#8221; background_image=&#8221;https:\/\/pdi.ro\/2020\/wp-content\/uploads\/2020\/02\/back_justflowers_overlay1.png&#8221; background_blend=&#8221;luminosity&#8221; custom_padding=&#8221;54px|0px|0|0px|false|false&#8221; top_divider_style=&#8221;waves2&#8243; top_divider_color=&#8221;#ffffff&#8221; top_divider_height=&#8221;155px&#8221; top_divider_height_tablet=&#8221;&#8221; top_divider_height_phone=&#8221;97px&#8221; top_divider_height_last_edited=&#8221;on|desktop&#8221; bottom_divider_style=&#8221;waves2&#8243; bottom_divider_color=&#8221;#75c221&#8243; bottom_divider_flip=&#8221;vertical&#8221; bottom_divider_height_tablet=&#8221;&#8221; bottom_divider_height_phone=&#8221;59px&#8221; bottom_divider_height_last_edited=&#8221;on|desktop&#8221;][et_pb_row column_structure=&#8221;3_5,2_5&#8243; _builder_version=&#8221;3.25&#8243; custom_padding=&#8221;61px|0px|69px|0px|false|false&#8221;][et_pb_column type=&#8221;3_5&#8243; _builder_version=&#8221;3.25&#8243; custom_padding=&#8221;|||&#8221; custom_padding__hover=&#8221;|||&#8221;][et_pb_text _builder_version=&#8221;4.0.11&#8243; text_font=&#8221;Kaushan Script||||||||&#8221; text_text_color=&#8221;#f0622a&#8221; text_font_size=&#8221;30px&#8221; text_line_height=&#8221;1.2em&#8221; header_font=&#8221;||||||||&#8221; background_layout=&#8221;dark&#8221; text_font_size_tablet=&#8221;&#8221; text_font_size_phone=&#8221;&#8221; text_font_size_last_edited=&#8221;on|desktop&#8221;]<\/p>\n<p>Contacteaz\u0103 operatorul PDI 2020<\/p>\n<p>[\/et_pb_text][et_pb_contact_form email=&#8221;contact@primaderma.ro\/2019&#8243; submit_button_text=&#8221;Trimite mesajul&#8221; _builder_version=&#8221;3.19.4&#8243; title_font=&#8221;||||||||&#8221;][et_pb_contact_field field_id=&#8221;Name&#8221; field_title=&#8221;Nume&#8221; _builder_version=&#8221;3.18.9&#8243; button_text_size__hover_enabled=&#8221;off&#8221; button_one_text_size__hover_enabled=&#8221;off&#8221; button_two_text_size__hover_enabled=&#8221;off&#8221; button_text_color__hover_enabled=&#8221;off&#8221; button_one_text_color__hover_enabled=&#8221;off&#8221; button_two_text_color__hover_enabled=&#8221;off&#8221; button_border_width__hover_enabled=&#8221;off&#8221; button_one_border_width__hover_enabled=&#8221;off&#8221; button_two_border_width__hover_enabled=&#8221;off&#8221; button_border_color__hover_enabled=&#8221;off&#8221; button_one_border_color__hover_enabled=&#8221;off&#8221; button_two_border_color__hover_enabled=&#8221;off&#8221; button_border_radius__hover_enabled=&#8221;off&#8221; button_one_border_radius__hover_enabled=&#8221;off&#8221; button_two_border_radius__hover_enabled=&#8221;off&#8221; button_letter_spacing__hover_enabled=&#8221;off&#8221; button_one_letter_spacing__hover_enabled=&#8221;off&#8221; button_two_letter_spacing__hover_enabled=&#8221;off&#8221; button_bg_color__hover_enabled=&#8221;off&#8221; button_one_bg_color__hover_enabled=&#8221;off&#8221; button_two_bg_color__hover_enabled=&#8221;off&#8221;][\/et_pb_contact_field][et_pb_contact_field field_id=&#8221;Email&#8221; field_title=&#8221;Adresa de e-mail&#8221; field_type=&#8221;email&#8221; _builder_version=&#8221;3.19.4&#8243; button_text_size__hover_enabled=&#8221;off&#8221; button_one_text_size__hover_enabled=&#8221;off&#8221; button_two_text_size__hover_enabled=&#8221;off&#8221; button_text_color__hover_enabled=&#8221;off&#8221; button_one_text_color__hover_enabled=&#8221;off&#8221; button_two_text_color__hover_enabled=&#8221;off&#8221; button_border_width__hover_enabled=&#8221;off&#8221; button_one_border_width__hover_enabled=&#8221;off&#8221; button_two_border_width__hover_enabled=&#8221;off&#8221; button_border_color__hover_enabled=&#8221;off&#8221; button_one_border_color__hover_enabled=&#8221;off&#8221; button_two_border_color__hover_enabled=&#8221;off&#8221; button_border_radius__hover_enabled=&#8221;off&#8221; button_one_border_radius__hover_enabled=&#8221;off&#8221; button_two_border_radius__hover_enabled=&#8221;off&#8221; button_letter_spacing__hover_enabled=&#8221;off&#8221; button_one_letter_spacing__hover_enabled=&#8221;off&#8221; button_two_letter_spacing__hover_enabled=&#8221;off&#8221; button_bg_color__hover_enabled=&#8221;off&#8221; button_one_bg_color__hover_enabled=&#8221;off&#8221; button_two_bg_color__hover_enabled=&#8221;off&#8221;][\/et_pb_contact_field][et_pb_contact_field field_id=&#8221;Message&#8221; field_title=&#8221;Mesajul dvs.&#8221; field_type=&#8221;text&#8221; fullwidth_field=&#8221;on&#8221; _builder_version=&#8221;3.18.9&#8243; button_text_size__hover_enabled=&#8221;off&#8221; button_one_text_size__hover_enabled=&#8221;off&#8221; button_two_text_size__hover_enabled=&#8221;off&#8221; button_text_color__hover_enabled=&#8221;off&#8221; button_one_text_color__hover_enabled=&#8221;off&#8221; button_two_text_color__hover_enabled=&#8221;off&#8221; button_border_width__hover_enabled=&#8221;off&#8221; button_one_border_width__hover_enabled=&#8221;off&#8221; button_two_border_width__hover_enabled=&#8221;off&#8221; button_border_color__hover_enabled=&#8221;off&#8221; button_one_border_color__hover_enabled=&#8221;off&#8221; button_two_border_color__hover_enabled=&#8221;off&#8221; button_border_radius__hover_enabled=&#8221;off&#8221; button_one_border_radius__hover_enabled=&#8221;off&#8221; button_two_border_radius__hover_enabled=&#8221;off&#8221; button_letter_spacing__hover_enabled=&#8221;off&#8221; button_one_letter_spacing__hover_enabled=&#8221;off&#8221; button_two_letter_spacing__hover_enabled=&#8221;off&#8221; button_bg_color__hover_enabled=&#8221;off&#8221; button_one_bg_color__hover_enabled=&#8221;off&#8221; button_two_bg_color__hover_enabled=&#8221;off&#8221;][\/et_pb_contact_field][\/et_pb_contact_form][\/et_pb_column][et_pb_column type=&#8221;2_5&#8243; _builder_version=&#8221;3.25&#8243; custom_padding=&#8221;|||&#8221; custom_padding__hover=&#8221;|||&#8221;][et_pb_text _builder_version=&#8221;4.0.11&#8243; text_font=&#8221;Kaushan Script||||||||&#8221; text_text_color=&#8221;#f0622a&#8221; text_font_size=&#8221;30px&#8221; header_font=&#8221;||||||||&#8221; background_layout=&#8221;dark&#8221;]<\/p>\n<p>Operatorul PDI 2020<\/p>\n<p>[\/et_pb_text][et_pb_text _builder_version=&#8221;4.0.11&#8243; text_font=&#8221;||||||||&#8221;]<\/p>\n<p><span><img loading=\"lazy\" decoding=\"async\" src=\"https:\/\/pdi.ro\/2020\/wp-content\/uploads\/2020\/02\/eventer_logo_150px.png\" width=\"151\" height=\"33\" alt=\"\" class=\"wp-image-774 alignleft size-full\" \/><\/span><\/p>\n<p><span><\/span><\/p>\n<p><span><\/span><\/p>\n<p><span>Adresa: Str. A. Panu nr. 13, Iasi<\/span><br \/> <span>Tel.: 0332.40.88.00-05<\/span><br \/> <span>E-mail: <a href=\"mailto:inscrieri@primaderma.ro\" target=\"_blank\" rel=\"noopener noreferrer\">inscrieri@primaderma.ro<\/a><br \/> <\/span><span>Website:\u00a0<\/span><a href=\"http:\/\/www.eventernet.ro\/\" target=\"Blank\" rel=\"noopener noreferrer\">www.eventernet.ro<\/a><\/p>\n<p>[\/et_pb_text][et_pb_text disabled_on=&#8221;off|off|off&#8221; _builder_version=&#8221;4.0.11&#8243; text_font=&#8221;Kaushan Script||||||||&#8221; text_text_color=&#8221;#f0622a&#8221; text_font_size=&#8221;30px&#8221; header_font=&#8221;||||||||&#8221; background_layout=&#8221;dark&#8221; locked=&#8221;off&#8221;]<\/p>\n<p>Parteneri Media<\/p>\n<p>[\/et_pb_text][et_pb_gallery gallery_ids=&#8221;7203,7204,7232,7231&#8243; fullwidth=&#8221;on&#8221; _builder_version=&#8221;4.0.11&#8243; transform_scale=&#8221;86%|86%&#8221; max_width=&#8221;63%&#8221; auto=&#8221;on&#8221; auto_speed=&#8221;3500&#8243; hover_transition_duration=&#8221;100ms&#8221; hover_transition_delay=&#8221;50ms&#8221; hover_transition_speed_curve=&#8221;ease-in-out&#8221; locked=&#8221;off&#8221;][\/et_pb_gallery][\/et_pb_column][\/et_pb_row][\/et_pb_section]<\/p>\n","protected":false},"excerpt":{"rendered":"<p>C.\u0218.I. Dr. Neagu Monica Institutul Na\u0163ional \u201cVictor Babe\u015f\u201d, Bucure\u015fti Spitalul Clinic \u201dColentina\u201d, Bucure\u015ftiAspecte imunologice in carcinomul spinocelular Autori: Monica Neagu, Carolina Constantin, Mihaela Surcel, Ana Caruntu, Sabina Zurac Carcinomul spinocelular invaziv este un cancer comun in populatia Caucaziana (cSCC) in si reprezinta aproximativ 20% din toate cancerele cutanate. Etiopatogeneza cSCC este se pare multi-factoriala. Astfel, [&hellip;]<\/p>\n","protected":false},"author":2,"featured_media":0,"parent":0,"menu_order":0,"comment_status":"closed","ping_status":"closed","template":"","meta":{"_et_pb_use_builder":"on","_et_pb_old_content":"","_et_gb_content_width":"","footnotes":""},"class_list":["post-7583","page","type-page","status-publish","hentry"],"_links":{"self":[{"href":"https:\/\/pdi.ro\/2020\/wp-json\/wp\/v2\/pages\/7583","targetHints":{"allow":["GET"]}}],"collection":[{"href":"https:\/\/pdi.ro\/2020\/wp-json\/wp\/v2\/pages"}],"about":[{"href":"https:\/\/pdi.ro\/2020\/wp-json\/wp\/v2\/types\/page"}],"author":[{"embeddable":true,"href":"https:\/\/pdi.ro\/2020\/wp-json\/wp\/v2\/users\/2"}],"replies":[{"embeddable":true,"href":"https:\/\/pdi.ro\/2020\/wp-json\/wp\/v2\/comments?post=7583"}],"version-history":[{"count":4,"href":"https:\/\/pdi.ro\/2020\/wp-json\/wp\/v2\/pages\/7583\/revisions"}],"predecessor-version":[{"id":8179,"href":"https:\/\/pdi.ro\/2020\/wp-json\/wp\/v2\/pages\/7583\/revisions\/8179"}],"wp:attachment":[{"href":"https:\/\/pdi.ro\/2020\/wp-json\/wp\/v2\/media?parent=7583"}],"curies":[{"name":"wp","href":"https:\/\/api.w.org\/{rel}","templated":true}]}}