{"id":7646,"date":"2020-03-06T17:53:14","date_gmt":"2020-03-06T15:53:14","guid":{"rendered":"https:\/\/primaderma.ro\/?page_id=7646"},"modified":"2020-05-28T16:48:29","modified_gmt":"2020-05-28T14:48:29","slug":"cercetator-senior-carolina-constantin","status":"publish","type":"page","link":"https:\/\/pdi.ro\/2020\/cercetator-senior-carolina-constantin\/","title":{"rendered":"Cercet\u0103tor Senior Carolina Constantin"},"content":{"rendered":"<p>[et_pb_section fb_built=&#8221;1&#8243; fullwidth=&#8221;on&#8221; disabled_on=&#8221;on|off|off&#8221; _builder_version=&#8221;3.22&#8243; custom_margin=&#8221;||&#8221; custom_padding=&#8221;15px||29px&#8221; top_divider_style=&#8221;waves2&#8243; top_divider_color=&#8221;#f0622a&#8221; top_divider_flip=&#8221;horizontal|vertical&#8221; bottom_divider_style=&#8221;waves2&#8243; bottom_divider_color=&#8221;#fcdedb&#8221; bottom_divider_height=&#8221;105px&#8221; bottom_divider_flip=&#8221;vertical&#8221; collapsed=&#8221;off&#8221;][et_pb_fullwidth_header title=&#8221;@ET-DC@eyJkeW5hbWljIjp0cnVlLCJjb250ZW50IjoicG9zdF90aXRsZSIsInNldHRpbmdzIjp7ImJlZm9yZSI6IiIsImFmdGVyIjoiIn19@&#8221; text_orientation=&#8221;right&#8221; header_image_url=&#8221;https:\/\/pdi.ro\/2020\/wp-content\/uploads\/2020\/05\/pdi_iulie_online.png&#8221; disabled_on=&#8221;on|on|off&#8221; _builder_version=&#8221;4.4.7&#8243; _dynamic_attributes=&#8221;title&#8221; title_font=&#8221;Kaushan Script||||||||&#8221; title_text_align=&#8221;right&#8221; title_text_color=&#8221;#f0622a&#8221; title_font_size=&#8221;50px&#8221; content_font=&#8221;|600||on|||||&#8221; content_text_align=&#8221;center&#8221; content_text_color=&#8221;#686766&#8243; content_font_size=&#8221;15px&#8221; subhead_font=&#8221;||||||||&#8221; background_color=&#8221;rgba(239,145,107,0.54)&#8221; background_image=&#8221;https:\/\/pdi.ro\/2020\/wp-content\/uploads\/2020\/02\/back.jpg&#8221; background_layout=&#8221;light&#8221; custom_margin=&#8221;0px||8px&#8221; custom_padding=&#8221;40px||40px||true&#8221; hover_enabled=&#8221;0&#8243; content_font_size_tablet=&#8221;&#8221; content_font_size_phone=&#8221;15px&#8221; content_font_size_last_edited=&#8221;on|desktop&#8221; title_text=&#8221;pdi_iulie_online&#8221;][\/et_pb_fullwidth_header][\/et_pb_section][et_pb_section fb_built=&#8221;1&#8243; _builder_version=&#8221;3.22&#8243;][et_pb_row column_structure=&#8221;2_5,3_5&#8243; _builder_version=&#8221;3.25&#8243;][et_pb_column type=&#8221;2_5&#8243; _builder_version=&#8221;3.25&#8243; custom_padding=&#8221;|||&#8221; custom_padding__hover=&#8221;|||&#8221;][et_pb_image src=&#8221;https:\/\/pdi.ro\/2020\/wp-content\/uploads\/2020\/03\/Constantin-Carolina.jpg&#8221; align=&#8221;center&#8221; align_tablet=&#8221;center&#8221; align_phone=&#8221;&#8221; align_last_edited=&#8221;on|desktop&#8221; _builder_version=&#8221;4.4.0&#8243; max_width=&#8221;30%&#8221; border_radii=&#8221;on|100px|100px|100px|100px&#8221;][\/et_pb_image][\/et_pb_column][et_pb_column type=&#8221;3_5&#8243; _builder_version=&#8221;3.25&#8243; custom_padding=&#8221;|||&#8221; custom_padding__hover=&#8221;|||&#8221;][et_pb_text _builder_version=&#8221;4.4.7&#8243; hover_enabled=&#8221;0&#8243;]<\/p>\n<h4><strong><span style=\"color: #ff6600;\"><\/span><\/strong><\/h4>\n<h4><strong><span style=\"color: #ff6600;\"><\/span><\/strong><\/h4>\n<h4><strong><span style=\"color: #ff6600;\"><\/span><\/strong><\/h4>\n<h4><strong><span style=\"color: #ff6600;\">Cercet\u0103tor Senior Carolina Constantin<\/span><\/strong><br \/> <strong><span style=\"color: #ff6600;\"><\/span><\/strong><\/h4>\n<p><strong><span style=\"color: #ff6600;\">Victor Babe\u0219\u201d National Institute of Pathology, Immunology Laboratory &amp; Colentina Clinical Hospital, Research Core of Pathology Department, Bucharest <\/span><\/strong><\/p>\n<p>[\/et_pb_text][\/et_pb_column][\/et_pb_row][et_pb_row _builder_version=&#8221;3.25&#8243;][et_pb_column type=&#8221;4_4&#8243; _builder_version=&#8221;3.25&#8243; custom_padding=&#8221;|||&#8221; custom_padding__hover=&#8221;|||&#8221;][et_pb_text _builder_version=&#8221;4.4.7&#8243; hover_enabled=&#8221;0&#8243;]<\/p>\n<p style=\"text-align: justify;\"><span style=\"color: #ff6600;\">Abord\u0103ri proteomice pentru biomarkeri circulan\u0163i \u00een cancerul de piele<br \/>\nAutori: Carolina Constantin, Mihaela Surcel, Ana Caruntu, Sabina Zurac, Monica Neagu <\/span><\/p>\n<p>Contextul imunologic in relatia gazda \u2013 celula tumorala joaca un rol cheie in evaluarea eficientei (imuno)terapiei anti-tumorale. Evaluarea unor potentiali biomarkeri care pot prezice sensibilitatea\/raspunsul la tratament reprezinta un domeniu in plina expansiune in oncologie. Alaturi de biomarkeri, platformele omice si metodele biomedicale moderne reprezinta setul de instrumente necesar pentru consistenta, acuratetea si reproductibilitate datelor analizate. Dintre platformele proteomice, protein microarray ocupa o nisa specifica si importanta in descoperirea de biomarkeri, iar in ultima decada au fost dezvoltate si platforme dedicate diagnosticului. Populatiile celulare imune raman o sursa de biomarkeri ce trebuie corelati continuu cu terapiile actuale in cancer incluzand inhibitorii punctelor de control imun, anticorpi bispecifici sau vacinurile anti-tumorale. In cancerul cutanat, in special in melanomul malign, inalta heterogenitate tumorala si interactia complexa cu sistemul imun dicteaza combinarea metodelor de analiza, de la semnatura genica pana la fenotipul celular. Cum proteinele determina fenotipul, abordarea proteomica ofera posibilitatea de a masura efectele biologice cauzate de alterarile genomice. Biomarkerii solubili cum sunt citokinele si factorii de crestere (ex., MIF, IL-16, IL-10 etc) pot crea un micromediu inflamator care reprezinta o componenta consistenta a procesului malign. Alti factori \u201eneconventionali\u201d pentru seturile de markeri studiate in procesul tumoral (de ex., leptina) coreleaza axa imuna cu cea metabolica oferind suport potential pentru evaluarea efectelor terapiei. Astfel, studii recente releva faptula ca leptina &#8211; hormon crescut in obezitate, influenteaza direct functia limfocitelor T si implicit raspunsul la blocada axei PD-1. Elucidarea mecanismelor proceselor patologice este incompleta doar studiind peisajul genomic. Abordarile proteomice deceleaza alterarile proteice dar extind totodata corelatiile cu alte axe cheie din organism oferind date coroborate pentru caracterizarea de noi tinte terapeutice.<br \/>\nLucrarea a fost finantata prin proiectele: PNIII-P1-1.2-PCCDI-2017-0341\/2018 (acronim PATHDERM) si PN 19.29.01.01\/2019.<\/p>\n<p style=\"text-align: justify;\"><span style=\"color: #ff6600;\">Proteomics approaches for circulating biomarkers in skin cancer<br \/>\nAuthors: Carolina Constantin, Mihaela Surcel, Ana Caruntu, Sabina Zurac, Monica Neagu <\/span><\/p>\n<p>The immune backdrop in tumor process grasps a key role in antitumor therapy efficacy assessment. Evaluating certain potential biomarkers for therapy response prediction is nowadays an expanding domain. Besides biomarkers, omics methodologies and biomedical modern techniques are a robust tool mandatory for assuring data consistency, accuracy and reproducibility. Within proteomics platforms, protein microarray resides in a specific and important niche for biomarkers discovery, taking into account that in the last decade formats for diagnostic purposes has been also developed.<br \/>\nImmune cell populations are an invaluable biomarkers source that should be continuously correlated with actual therapeutic tendencies including immune checkpoint inhibitors, bi-specific antibodies and anti-tumor vaccines. In skin cancer, especially in cutaneous melanoma, high tumor heterogeneity and complex immune interactions claims combining analysis methods from genes signatures to cellular phenotype decoding. As proteins dictate phenotype fate, proteomic approaches would measure biological effects caused by genomic alterations. Soluble biomarkers such as cytokines or different growth factors (e.g., MIF, IL-6, IL-10 etc.) could generate an inflammatory milieu representing a steady component of neoplastic process. Other unconventional factors in relation to markers studied in tumor framework (e.g. leptin) could correlate immune and metabolic axis sustaining the tumor therapy efficacy assessment. Thus, recent data reveal that leptin, a hormone increased in obesity, directly influence T cells function and further PD-1 axis blockade response. Deciphering mechanisms underlying pathological processes would be insufficient only by genomic lens. Proteomic approaches detect protein alterations levels but also expand knowledge through important physiological axis to new therapeutic targets characterization.<br \/>\nAcknowledgment: study financed by PNIII-P1-1.2-PCCDI-2017-0341\/2018 (acronym PATHDERM) and PN 19.29.01.01\/2019 projects.<\/p>\n<p style=\"text-align: justify;\"><span style=\"color: #ff6600;\">Scurt CV<\/span><\/p>\n<p>Senior researcher I, PhD, biochemist, \u201cVictor Babe\u0219\u201d National Institute of Pathology, Immunology Laboratory &amp; Colentina Clinical Hospital, Research Core of Pathology Department, Bucharest.<br \/>\nResearch topics: immune parameters analysis and biomarker discovery in melanoma and non-melanoma skin cancer; co-inventor for 4 patents related to photodynamic therapy PDT in skin pathologies. Dr. Constantin conducted national research projects related to novel photosensitizers for PDT in cancer, and drug-delivery nanosystems for skin regeneration; partner responsible for MNT_ERANET project 7030-1\/2010 related to novel porphyrins in theranostics. Specialization in molecular biology at Ludwig Institute for Cancer Research, Signal Transduction Unit (Bruxelles); cellular biology specialization at University of Athens, Biochemistry and Physiology Department, in the frame of NATO SfP 982838\/2007 project. Technical expert in 5 EU projects for biomedical assays; teaching experience in protein microarray technology; volunteer reviewer for several ISI journals.<br \/>\nCurrently involved as MC member for COST Action CA18127 &#8211; International Nucleome Consortium (INC); MC substitute of the management committee for COST action CA16120 &#8211; European Epitranscriptomics Network (EPITRAN); alternate member of the management committee for CA18125 &#8211; Advanced Engineering and Research of Aerogels for Environment and Life Sciences (AEROGELS).[\/et_pb_text][\/et_pb_column][\/et_pb_row][\/et_pb_section][et_pb_section fb_built=&#8221;1&#8243; _builder_version=&#8221;3.22&#8243; background_color=&#8221;rgba(117,194,33,0.23)&#8221; background_image=&#8221;https:\/\/pdi.ro\/2020\/wp-content\/uploads\/2020\/02\/back_justflowers_overlay1.png&#8221; background_blend=&#8221;luminosity&#8221; custom_padding=&#8221;54px|0px|0|0px|false|false&#8221; top_divider_style=&#8221;waves2&#8243; top_divider_color=&#8221;#ffffff&#8221; top_divider_height=&#8221;155px&#8221; top_divider_height_tablet=&#8221;&#8221; top_divider_height_phone=&#8221;97px&#8221; top_divider_height_last_edited=&#8221;on|desktop&#8221; bottom_divider_style=&#8221;waves2&#8243; bottom_divider_color=&#8221;#75c221&#8243; bottom_divider_flip=&#8221;vertical&#8221; bottom_divider_height_tablet=&#8221;&#8221; bottom_divider_height_phone=&#8221;59px&#8221; bottom_divider_height_last_edited=&#8221;on|desktop&#8221;][et_pb_row column_structure=&#8221;3_5,2_5&#8243; _builder_version=&#8221;3.25&#8243; custom_padding=&#8221;61px|0px|69px|0px|false|false&#8221;][et_pb_column type=&#8221;3_5&#8243; _builder_version=&#8221;3.25&#8243; custom_padding=&#8221;|||&#8221; custom_padding__hover=&#8221;|||&#8221;][et_pb_text _builder_version=&#8221;4.0.11&#8243; text_font=&#8221;Kaushan Script||||||||&#8221; text_text_color=&#8221;#f0622a&#8221; text_font_size=&#8221;30px&#8221; text_line_height=&#8221;1.2em&#8221; header_font=&#8221;||||||||&#8221; background_layout=&#8221;dark&#8221; text_font_size_tablet=&#8221;&#8221; text_font_size_phone=&#8221;&#8221; text_font_size_last_edited=&#8221;on|desktop&#8221;]<\/p>\n<p>Contacteaz\u0103 operatorul PDI 2020<\/p>\n<p>[\/et_pb_text][et_pb_contact_form email=&#8221;contact@primaderma.ro\/2019&#8243; submit_button_text=&#8221;Trimite mesajul&#8221; _builder_version=&#8221;3.19.4&#8243; title_font=&#8221;||||||||&#8221;][et_pb_contact_field field_id=&#8221;Name&#8221; field_title=&#8221;Nume&#8221; _builder_version=&#8221;3.18.9&#8243; button_text_size__hover_enabled=&#8221;off&#8221; button_one_text_size__hover_enabled=&#8221;off&#8221; button_two_text_size__hover_enabled=&#8221;off&#8221; button_text_color__hover_enabled=&#8221;off&#8221; button_one_text_color__hover_enabled=&#8221;off&#8221; button_two_text_color__hover_enabled=&#8221;off&#8221; button_border_width__hover_enabled=&#8221;off&#8221; button_one_border_width__hover_enabled=&#8221;off&#8221; button_two_border_width__hover_enabled=&#8221;off&#8221; button_border_color__hover_enabled=&#8221;off&#8221; button_one_border_color__hover_enabled=&#8221;off&#8221; button_two_border_color__hover_enabled=&#8221;off&#8221; button_border_radius__hover_enabled=&#8221;off&#8221; button_one_border_radius__hover_enabled=&#8221;off&#8221; button_two_border_radius__hover_enabled=&#8221;off&#8221; button_letter_spacing__hover_enabled=&#8221;off&#8221; button_one_letter_spacing__hover_enabled=&#8221;off&#8221; button_two_letter_spacing__hover_enabled=&#8221;off&#8221; button_bg_color__hover_enabled=&#8221;off&#8221; button_one_bg_color__hover_enabled=&#8221;off&#8221; button_two_bg_color__hover_enabled=&#8221;off&#8221;][\/et_pb_contact_field][et_pb_contact_field field_id=&#8221;Email&#8221; field_title=&#8221;Adresa de e-mail&#8221; field_type=&#8221;email&#8221; _builder_version=&#8221;3.19.4&#8243; button_text_size__hover_enabled=&#8221;off&#8221; button_one_text_size__hover_enabled=&#8221;off&#8221; button_two_text_size__hover_enabled=&#8221;off&#8221; button_text_color__hover_enabled=&#8221;off&#8221; button_one_text_color__hover_enabled=&#8221;off&#8221; button_two_text_color__hover_enabled=&#8221;off&#8221; button_border_width__hover_enabled=&#8221;off&#8221; button_one_border_width__hover_enabled=&#8221;off&#8221; button_two_border_width__hover_enabled=&#8221;off&#8221; button_border_color__hover_enabled=&#8221;off&#8221; button_one_border_color__hover_enabled=&#8221;off&#8221; button_two_border_color__hover_enabled=&#8221;off&#8221; button_border_radius__hover_enabled=&#8221;off&#8221; button_one_border_radius__hover_enabled=&#8221;off&#8221; button_two_border_radius__hover_enabled=&#8221;off&#8221; button_letter_spacing__hover_enabled=&#8221;off&#8221; button_one_letter_spacing__hover_enabled=&#8221;off&#8221; button_two_letter_spacing__hover_enabled=&#8221;off&#8221; button_bg_color__hover_enabled=&#8221;off&#8221; button_one_bg_color__hover_enabled=&#8221;off&#8221; button_two_bg_color__hover_enabled=&#8221;off&#8221;][\/et_pb_contact_field][et_pb_contact_field field_id=&#8221;Message&#8221; field_title=&#8221;Mesajul dvs.&#8221; field_type=&#8221;text&#8221; fullwidth_field=&#8221;on&#8221; _builder_version=&#8221;3.18.9&#8243; button_text_size__hover_enabled=&#8221;off&#8221; button_one_text_size__hover_enabled=&#8221;off&#8221; button_two_text_size__hover_enabled=&#8221;off&#8221; button_text_color__hover_enabled=&#8221;off&#8221; button_one_text_color__hover_enabled=&#8221;off&#8221; button_two_text_color__hover_enabled=&#8221;off&#8221; button_border_width__hover_enabled=&#8221;off&#8221; button_one_border_width__hover_enabled=&#8221;off&#8221; button_two_border_width__hover_enabled=&#8221;off&#8221; button_border_color__hover_enabled=&#8221;off&#8221; button_one_border_color__hover_enabled=&#8221;off&#8221; button_two_border_color__hover_enabled=&#8221;off&#8221; button_border_radius__hover_enabled=&#8221;off&#8221; button_one_border_radius__hover_enabled=&#8221;off&#8221; button_two_border_radius__hover_enabled=&#8221;off&#8221; button_letter_spacing__hover_enabled=&#8221;off&#8221; button_one_letter_spacing__hover_enabled=&#8221;off&#8221; button_two_letter_spacing__hover_enabled=&#8221;off&#8221; button_bg_color__hover_enabled=&#8221;off&#8221; button_one_bg_color__hover_enabled=&#8221;off&#8221; button_two_bg_color__hover_enabled=&#8221;off&#8221;][\/et_pb_contact_field][\/et_pb_contact_form][\/et_pb_column][et_pb_column type=&#8221;2_5&#8243; _builder_version=&#8221;3.25&#8243; custom_padding=&#8221;|||&#8221; custom_padding__hover=&#8221;|||&#8221;][et_pb_text _builder_version=&#8221;4.0.11&#8243; text_font=&#8221;Kaushan Script||||||||&#8221; text_text_color=&#8221;#f0622a&#8221; text_font_size=&#8221;30px&#8221; header_font=&#8221;||||||||&#8221; background_layout=&#8221;dark&#8221;]<\/p>\n<p>Operatorul PDI 2020<\/p>\n<p>[\/et_pb_text][et_pb_text _builder_version=&#8221;4.0.11&#8243; text_font=&#8221;||||||||&#8221;]<\/p>\n<p><span><img loading=\"lazy\" decoding=\"async\" src=\"https:\/\/pdi.ro\/2020\/wp-content\/uploads\/2020\/02\/eventer_logo_150px.png\" width=\"151\" height=\"33\" alt=\"\" class=\"wp-image-774 alignleft size-full\" \/><\/span><\/p>\n<p><span><\/span><\/p>\n<p><span><\/span><\/p>\n<p><span>Adresa: Str. A. Panu nr. 13, Iasi<\/span><br \/> <span>Tel.: 0332.40.88.00-05<\/span><br \/> <span>E-mail: <a href=\"mailto:inscrieri@primaderma.ro\" target=\"_blank\" rel=\"noopener noreferrer\">inscrieri@primaderma.ro<\/a><br \/> <\/span><span>Website:\u00a0<\/span><a href=\"http:\/\/www.eventernet.ro\/\" target=\"Blank\" rel=\"noopener noreferrer\">www.eventernet.ro<\/a><\/p>\n<p>[\/et_pb_text][et_pb_text disabled_on=&#8221;off|off|off&#8221; _builder_version=&#8221;4.0.11&#8243; text_font=&#8221;Kaushan Script||||||||&#8221; text_text_color=&#8221;#f0622a&#8221; text_font_size=&#8221;30px&#8221; header_font=&#8221;||||||||&#8221; background_layout=&#8221;dark&#8221; locked=&#8221;off&#8221;]<\/p>\n<p>Parteneri Media<\/p>\n<p>[\/et_pb_text][et_pb_gallery gallery_ids=&#8221;7203,7204,7232,7231&#8243; fullwidth=&#8221;on&#8221; _builder_version=&#8221;4.0.11&#8243; transform_scale=&#8221;86%|86%&#8221; max_width=&#8221;63%&#8221; auto=&#8221;on&#8221; auto_speed=&#8221;3500&#8243; hover_transition_duration=&#8221;100ms&#8221; hover_transition_delay=&#8221;50ms&#8221; hover_transition_speed_curve=&#8221;ease-in-out&#8221; locked=&#8221;off&#8221;][\/et_pb_gallery][\/et_pb_column][\/et_pb_row][\/et_pb_section]<\/p>\n","protected":false},"excerpt":{"rendered":"<p>Cercet\u0103tor Senior Carolina Constantin Victor Babe\u0219\u201d National Institute of Pathology, Immunology Laboratory &amp; Colentina Clinical Hospital, Research Core of Pathology Department, Bucharest Abord\u0103ri proteomice pentru biomarkeri circulan\u0163i \u00een cancerul de piele Autori: Carolina Constantin, Mihaela Surcel, Ana Caruntu, Sabina Zurac, Monica Neagu Contextul imunologic in relatia gazda \u2013 celula tumorala joaca un rol cheie in [&hellip;]<\/p>\n","protected":false},"author":2,"featured_media":0,"parent":0,"menu_order":0,"comment_status":"closed","ping_status":"closed","template":"","meta":{"_et_pb_use_builder":"on","_et_pb_old_content":"","_et_gb_content_width":"","footnotes":""},"class_list":["post-7646","page","type-page","status-publish","hentry"],"_links":{"self":[{"href":"https:\/\/pdi.ro\/2020\/wp-json\/wp\/v2\/pages\/7646","targetHints":{"allow":["GET"]}}],"collection":[{"href":"https:\/\/pdi.ro\/2020\/wp-json\/wp\/v2\/pages"}],"about":[{"href":"https:\/\/pdi.ro\/2020\/wp-json\/wp\/v2\/types\/page"}],"author":[{"embeddable":true,"href":"https:\/\/pdi.ro\/2020\/wp-json\/wp\/v2\/users\/2"}],"replies":[{"embeddable":true,"href":"https:\/\/pdi.ro\/2020\/wp-json\/wp\/v2\/comments?post=7646"}],"version-history":[{"count":7,"href":"https:\/\/pdi.ro\/2020\/wp-json\/wp\/v2\/pages\/7646\/revisions"}],"predecessor-version":[{"id":8198,"href":"https:\/\/pdi.ro\/2020\/wp-json\/wp\/v2\/pages\/7646\/revisions\/8198"}],"wp:attachment":[{"href":"https:\/\/pdi.ro\/2020\/wp-json\/wp\/v2\/media?parent=7646"}],"curies":[{"name":"wp","href":"https:\/\/api.w.org\/{rel}","templated":true}]}}