{"id":7811,"date":"2020-03-10T14:22:38","date_gmt":"2020-03-10T12:22:38","guid":{"rendered":"https:\/\/primaderma.ro\/?page_id=7811"},"modified":"2020-06-26T14:49:10","modified_gmt":"2020-06-26T12:49:10","slug":"conf-univ-dr-popa-radu-florin","status":"publish","type":"page","link":"https:\/\/pdi.ro\/2020\/conf-univ-dr-popa-radu-florin\/","title":{"rendered":"Conf. Dr. Popa Radu Florin"},"content":{"rendered":"<p>[et_pb_section fb_built=&#8221;1&#8243; fullwidth=&#8221;on&#8221; disabled_on=&#8221;on|off|off&#8221; _builder_version=&#8221;3.22&#8243; custom_margin=&#8221;||&#8221; custom_padding=&#8221;15px||29px&#8221; top_divider_style=&#8221;waves2&#8243; top_divider_color=&#8221;#f0622a&#8221; top_divider_flip=&#8221;horizontal|vertical&#8221; bottom_divider_style=&#8221;waves2&#8243; bottom_divider_color=&#8221;#fcdedb&#8221; bottom_divider_height=&#8221;105px&#8221; bottom_divider_flip=&#8221;vertical&#8221; collapsed=&#8221;off&#8221;][et_pb_fullwidth_header title=&#8221;@ET-DC@eyJkeW5hbWljIjp0cnVlLCJjb250ZW50IjoicG9zdF90aXRsZSIsInNldHRpbmdzIjp7ImJlZm9yZSI6IiIsImFmdGVyIjoiIn19@&#8221; text_orientation=&#8221;right&#8221; header_image_url=&#8221;https:\/\/pdi.ro\/2020\/wp-content\/uploads\/2020\/05\/pdi_iulie_online.png&#8221; disabled_on=&#8221;on|on|off&#8221; _builder_version=&#8221;4.4.7&#8243; _dynamic_attributes=&#8221;title&#8221; title_font=&#8221;Kaushan Script||||||||&#8221; title_text_align=&#8221;right&#8221; title_text_color=&#8221;#f0622a&#8221; title_font_size=&#8221;50px&#8221; content_font=&#8221;|600||on|||||&#8221; content_text_align=&#8221;center&#8221; content_text_color=&#8221;#686766&#8243; content_font_size=&#8221;15px&#8221; subhead_font=&#8221;||||||||&#8221; background_color=&#8221;rgba(239,145,107,0.54)&#8221; background_image=&#8221;https:\/\/pdi.ro\/2020\/wp-content\/uploads\/2020\/02\/back.jpg&#8221; background_layout=&#8221;light&#8221; custom_margin=&#8221;0px||8px&#8221; custom_padding=&#8221;40px||40px||true&#8221; content_font_size_tablet=&#8221;&#8221; content_font_size_phone=&#8221;15px&#8221; content_font_size_last_edited=&#8221;on|desktop&#8221;][\/et_pb_fullwidth_header][\/et_pb_section][et_pb_section fb_built=&#8221;1&#8243; _builder_version=&#8221;3.22&#8243; locked=&#8221;off&#8221;][et_pb_row column_structure=&#8221;2_5,3_5&#8243; _builder_version=&#8221;3.25&#8243;][et_pb_column type=&#8221;2_5&#8243; _builder_version=&#8221;3.25&#8243; custom_padding=&#8221;|||&#8221; custom_padding__hover=&#8221;|||&#8221;][et_pb_image src=&#8221;https:\/\/pdi.ro\/2020\/wp-content\/uploads\/2020\/02\/Radu-Popa-2019.jpg&#8221; align=&#8221;center&#8221; align_tablet=&#8221;center&#8221; align_phone=&#8221;&#8221; align_last_edited=&#8221;on|desktop&#8221; _builder_version=&#8221;4.4.0&#8243; max_width=&#8221;31%&#8221; border_radii=&#8221;on|100px|100px|100px|100px&#8221;][\/et_pb_image][\/et_pb_column][et_pb_column type=&#8221;3_5&#8243; _builder_version=&#8221;3.25&#8243; custom_padding=&#8221;|||&#8221; custom_padding__hover=&#8221;|||&#8221;][et_pb_text _builder_version=&#8221;4.4.7&#8243;]<\/p>\n<h4><strong><span style=\"color: #ff6600;\"><\/span><\/strong><\/h4>\n<h4><strong><span style=\"color: #ff6600;\"><\/span><\/strong><\/h4>\n<h4><strong><span style=\"color: #ff6600;\"><\/span><\/strong><\/h4>\n<h4><strong><span style=\"color: #ff6600;\">Conf. Univ. Dr. Popa Radu Florin<\/span><\/strong><br \/><strong><span style=\"color: #ff6600;\"> Universitatea de Medicin\u0103 \u0219i Farmacie &#8220;Grigore.T.Popa\u201d, Ia\u0219i<\/span><\/strong><\/h4>\n<p>[\/et_pb_text][\/et_pb_column][\/et_pb_row][et_pb_row _builder_version=&#8221;3.25&#8243;][et_pb_column type=&#8221;4_4&#8243; _builder_version=&#8221;3.25&#8243; custom_padding=&#8221;|||&#8221; custom_padding__hover=&#8221;|||&#8221;][et_pb_text _builder_version=&#8221;4.4.8&#8243; hover_enabled=&#8221;0&#8243;]<\/p>\n<p style=\"text-align: justify;\"><span style=\"color: #ff6600;\">Tratamentul cu aspira\u021bie negativ\u0103 al ulcerelor venoase<\/span><br \/> <span style=\"color: #ff6600;\">Autori: R.F. Popa, Marina Gaina, Anda Bulgaru, S. Ticu, Livia Genoveva Baroi<\/span><\/p>\n<p style=\"text-align: justify;\">Introducere: Insuficien\u021ba venoas\u0103 cronic\u0103 afecteaz\u0103 \u00eentre 30 \u0219i 50% din popula\u021bia apt\u0103 de munc\u0103, ulcerul venos fiind cea mai frecvent\u0103 complica\u021bie ce afecteaz\u0103 circa 1% din popula\u021bia adult\u0103. Conform studiilor, durata medie de spitalizare pentru vindecarea ulcerului este de 67 zile, 15% din cazuri fiind internate \u00een sec\u021biile de dermatologie.<br \/>\nMaterial \u0219i metod\u0103: Am efectuat un studiu descriptiv observa\u021bional, \u00een care am urm\u0103rit evolu\u021bia pacien\u021bilor interna\u021bi \u00een Sec\u021bia Chirurgie Vascular\u0103 a Spitalului &#8220;Sf. Spiridon&#8221;, Ia\u0219i, cu diagnosticul de insuficien\u021b\u0103 venoas\u0103 cronic\u0103 clasa 6 CEAP \u00een perioada ianuarie 2014 &#8211; ianuarie 2019, la care s-a practicat grefa de piele liber despicat\u0103 la nivelul ulcerului venos, precedat\u0103 de tratamentul local al ulcerului venos cu aspira\u021bie negativ\u0103. S-au monitorizat efectele aspira\u021biei negative \u00een evolu\u021bia ulcerului, rezultatele antibiogramei \u0219i rolul acesteia \u00een gradul de acolare a grefei de piele.<br \/>\nRezultate: La 40 pacien\u021bi s-a practicat aspira\u021bie negativ\u0103 \u0219i grefa de piele liber despicat\u0103. Cu ajutorul aspira\u021biei negative s-a reu\u0219it negativarea antibiogramei \u00eentr-un interval cuprins \u00eentre 6 \u0219i 40 zile, la majoritatea ob\u021bin\u00e2ndu-se un rezultat favorabil la circa 10-20 zile \u0219i cu un grad de acolare a grefei de piele ce dep\u0103\u0219e\u0219te 75%.<br \/>\nConcluzii: Utilizarea aspira\u021biei negative reduce perioada de preg\u0103tire preoperatorie \u00een vederea gref\u0103rii cutanate \u0219i scurteaz\u0103 perioada de vindecare a ulceului.\n<\/p>\n<p style=\"text-align: justify;\"><span style=\"color: #ff6600;\">Treatment with negative aspiration of venous ulcers<\/span><br \/> <span style=\"color: #ff6600;\">Autori: Livia Genoveva Baroi,  Ioana Suhareanu, Marina Gaina, Cristina Strobescu Ciobanu,  I.M. Cazan,  R.F. Popa<\/span><\/p>\n<p style=\"text-align: justify;\">Introduction: Chronic venous insufficiency affects between 30 and 50% of the working population, venous ulcer being the most frequent complication affecting about 1% of the adult population. According to studies, the average length of hospitalization for ulcer healing is 67 days, 15% of cases being admitted to the dermatology sections.<br \/>\nMaterial and method: We performed a descriptive observational study, in which we followed the evolution of the patients admitted in the Vascular Surgery Department of \u201cSf. Spiridon\u201d Hospital, Iasi, with the diagnosis of chronic venous insufficiency class 6 CEAP during the period January 2014 &#8211; January 2019.  We practiced the skin graft splitting on venous ulcer, preceded by saphenous femoral junction interruption and local venous treatment with negative aspiration. We monitored the effects of negative aspiration in the evolution of ulcer, antibiogram results and its role in the degree of the skin graft attachment.<br \/>\nResults: 40  patients had  negative aspiration followed by split skin graft. Due to  negative aspiration, a negative antibiogram was obtained in an interval between 6 and 40 days, with a favorable result at about 10-20 days with acceptance of the skin graft exceeding 75%.<br \/>\nConclusions: The use of negative aspiration reduces the period of preoperative preparation for skin grafting and shortens the healing period of the ulcer.\n<\/p>\n<p style=\"text-align: justify;\"><span style=\"color: #ff6600;\">Scurt CV<\/span><\/p>\n<p><strong>Experien\u0163a profesional\u0103: <\/strong><br \/>1984 -1988 Medic stagiar Medicin\u0103 General\u0103<br \/>\n1988 &#8211; 1991 Medic secundar de chirurgie general\u0103 &#8211; Reziden\u021biat efectuat la Spitalul &#8220;Sf. Spiridon&#8221; Ia\u0219i (Clinica III\u2013a \u0219i a I-a de Chirurgie)<br \/>\n1991 Asistent universitar prin concurs U.M.F. &#8220;Grigore T. Popa&#8221; Ia\u0219i, Disciplina de chirurgie cardiovascular\u0103<br \/>\n1992 -1993 Stagiu de 3 luni la Clinica Saint Elisabeth &#8211; Bruxelles; stagiu de 1 an Spitalul Universitar Gasthuisberg &#8211; Leuven &#8211; Belgia &#8211; supervizat de Prof . Dr. Ralph Suy<br \/>\n1995 Stagiu de 6 luni la Institutul Inimii \u201cProf .Dr. C.C. Iliescu\u201d, Clinica  de Chirurgie cardiovascular\u0103 &#8211; Fundeni \u2013 Bucure\u0219ti<br \/>\n1996 Stagiu de 1 an Spitalul Hadassah &#8211; Ierusalim Israel &#8211; Chirurgie cardiac\u0103 &#8211; supervizat de Prof. Dr. Gideon Merrin<br \/>\n1997-1998 Stagiu de 2 ani la Institutul Inimii \u201cProf .Dr. C.C. Iliescu\u201d , Fundeni  &#8211; Bucure\u0219ti \u2013 Prof. Vasile Candea &#8211; \u00een vederea ob\u021binerii celei de a doua specialit\u0103\u021bi<br \/>\n1998 Bursa de 3 luni la Spitalul Mont Godinne Belgia \u2013 stagiu de chirurgie cardiovascular\u0103 supervizat de Prof. Dr. Schoevaerts\n<\/p>\n<p><strong>Func\u0163ie: <\/strong><br \/> Medic specialist<\/p>\n<p><strong>Loc de munc\u0103: <\/strong><br \/> Universitatea de Medicina si Farmacie &#8220;Grigore T. Popa\u201d, Ia\u0219i, Spitalului Clinic Jude\u021bean de Urgen\u021be &#8220;Sf. Spiridon&#8221; Ia\u0219i<\/p>\n<p><strong>Specializ\u0103ri:<\/strong><br \/>Chirurgie Vascular\u0103<\/p>\n<p><strong>Apartenen\u0163a la Societ\u0103\u0163i \u015ftiin\u0163ifice:<\/strong><br \/> Membru al Societ\u0103\u0163ii de Medici \u015fi Naturali\u015fti Ia\u015fi, Sec\u0163ia Chirurgie;<br \/>\nMembru al Societ\u0103\u0163ii Rom\u00e2ne de Chirurgie;<br \/>\nMembru al Societatii Rom\u00e2ne de Angiologie \u0219i Chirurgie Vascular\u0103 (Cluj-Napoca);<br \/>\nMembru al Societ\u0103\u021bii Rom\u00e2ne de Chirurgie CardioVascular\u0103;<br \/>\nMembru fondator al Societ\u0103\u021bii de Chirurgie Vascular\u0103 (SRCV-2013);<br \/>\nMembru al Societ\u0103\u021bii Europene de Chirurgie Vascular\u0103 \u0219i Endovascular\u0219 (ESVS);<br \/>\nMembru al Societ\u0103\u021bii Interna\u021bionale de Speciali\u0219ti \u00een Chirurgia Endovascular\u0103 (ISEVS)\n<\/p>\n<p>[\/et_pb_text][\/et_pb_column][\/et_pb_row][\/et_pb_section][et_pb_section fb_built=&#8221;1&#8243; _builder_version=&#8221;3.22&#8243; background_color=&#8221;rgba(117,194,33,0.23)&#8221; background_image=&#8221;https:\/\/pdi.ro\/2020\/wp-content\/uploads\/2020\/02\/back_justflowers_overlay1.png&#8221; background_blend=&#8221;luminosity&#8221; custom_padding=&#8221;54px|0px|0|0px|false|false&#8221; top_divider_style=&#8221;waves2&#8243; top_divider_color=&#8221;#ffffff&#8221; top_divider_height=&#8221;155px&#8221; top_divider_height_tablet=&#8221;&#8221; top_divider_height_phone=&#8221;97px&#8221; top_divider_height_last_edited=&#8221;on|desktop&#8221; bottom_divider_style=&#8221;waves2&#8243; bottom_divider_color=&#8221;#75c221&#8243; bottom_divider_flip=&#8221;vertical&#8221; bottom_divider_height_tablet=&#8221;&#8221; bottom_divider_height_phone=&#8221;59px&#8221; bottom_divider_height_last_edited=&#8221;on|desktop&#8221;][et_pb_row column_structure=&#8221;3_5,2_5&#8243; _builder_version=&#8221;3.25&#8243; custom_padding=&#8221;61px|0px|69px|0px|false|false&#8221;][et_pb_column type=&#8221;3_5&#8243; _builder_version=&#8221;3.25&#8243; custom_padding=&#8221;|||&#8221; custom_padding__hover=&#8221;|||&#8221;][et_pb_text _builder_version=&#8221;4.0.11&#8243; text_font=&#8221;Kaushan Script||||||||&#8221; text_text_color=&#8221;#f0622a&#8221; text_font_size=&#8221;30px&#8221; text_line_height=&#8221;1.2em&#8221; header_font=&#8221;||||||||&#8221; background_layout=&#8221;dark&#8221; text_font_size_tablet=&#8221;&#8221; text_font_size_phone=&#8221;&#8221; text_font_size_last_edited=&#8221;on|desktop&#8221;]<\/p>\n<p>Contacteaz\u0103 operatorul PDI 2020<\/p>\n<p>[\/et_pb_text][et_pb_contact_form email=&#8221;contact@primaderma.ro\/2019&#8243; submit_button_text=&#8221;Trimite mesajul&#8221; _builder_version=&#8221;3.19.4&#8243; title_font=&#8221;||||||||&#8221;][et_pb_contact_field field_id=&#8221;Name&#8221; field_title=&#8221;Nume&#8221; _builder_version=&#8221;3.18.9&#8243; button_text_size__hover_enabled=&#8221;off&#8221; button_one_text_size__hover_enabled=&#8221;off&#8221; button_two_text_size__hover_enabled=&#8221;off&#8221; button_text_color__hover_enabled=&#8221;off&#8221; button_one_text_color__hover_enabled=&#8221;off&#8221; button_two_text_color__hover_enabled=&#8221;off&#8221; button_border_width__hover_enabled=&#8221;off&#8221; button_one_border_width__hover_enabled=&#8221;off&#8221; button_two_border_width__hover_enabled=&#8221;off&#8221; button_border_color__hover_enabled=&#8221;off&#8221; button_one_border_color__hover_enabled=&#8221;off&#8221; button_two_border_color__hover_enabled=&#8221;off&#8221; button_border_radius__hover_enabled=&#8221;off&#8221; button_one_border_radius__hover_enabled=&#8221;off&#8221; button_two_border_radius__hover_enabled=&#8221;off&#8221; button_letter_spacing__hover_enabled=&#8221;off&#8221; button_one_letter_spacing__hover_enabled=&#8221;off&#8221; button_two_letter_spacing__hover_enabled=&#8221;off&#8221; button_bg_color__hover_enabled=&#8221;off&#8221; button_one_bg_color__hover_enabled=&#8221;off&#8221; button_two_bg_color__hover_enabled=&#8221;off&#8221;][\/et_pb_contact_field][et_pb_contact_field field_id=&#8221;Email&#8221; field_title=&#8221;Adresa de e-mail&#8221; field_type=&#8221;email&#8221; _builder_version=&#8221;3.19.4&#8243; button_text_size__hover_enabled=&#8221;off&#8221; button_one_text_size__hover_enabled=&#8221;off&#8221; button_two_text_size__hover_enabled=&#8221;off&#8221; button_text_color__hover_enabled=&#8221;off&#8221; button_one_text_color__hover_enabled=&#8221;off&#8221; button_two_text_color__hover_enabled=&#8221;off&#8221; button_border_width__hover_enabled=&#8221;off&#8221; button_one_border_width__hover_enabled=&#8221;off&#8221; button_two_border_width__hover_enabled=&#8221;off&#8221; button_border_color__hover_enabled=&#8221;off&#8221; button_one_border_color__hover_enabled=&#8221;off&#8221; button_two_border_color__hover_enabled=&#8221;off&#8221; button_border_radius__hover_enabled=&#8221;off&#8221; button_one_border_radius__hover_enabled=&#8221;off&#8221; button_two_border_radius__hover_enabled=&#8221;off&#8221; button_letter_spacing__hover_enabled=&#8221;off&#8221; button_one_letter_spacing__hover_enabled=&#8221;off&#8221; button_two_letter_spacing__hover_enabled=&#8221;off&#8221; button_bg_color__hover_enabled=&#8221;off&#8221; button_one_bg_color__hover_enabled=&#8221;off&#8221; button_two_bg_color__hover_enabled=&#8221;off&#8221;][\/et_pb_contact_field][et_pb_contact_field field_id=&#8221;Message&#8221; field_title=&#8221;Mesajul dvs.&#8221; field_type=&#8221;text&#8221; fullwidth_field=&#8221;on&#8221; _builder_version=&#8221;3.18.9&#8243; button_text_size__hover_enabled=&#8221;off&#8221; button_one_text_size__hover_enabled=&#8221;off&#8221; button_two_text_size__hover_enabled=&#8221;off&#8221; button_text_color__hover_enabled=&#8221;off&#8221; button_one_text_color__hover_enabled=&#8221;off&#8221; button_two_text_color__hover_enabled=&#8221;off&#8221; button_border_width__hover_enabled=&#8221;off&#8221; button_one_border_width__hover_enabled=&#8221;off&#8221; button_two_border_width__hover_enabled=&#8221;off&#8221; button_border_color__hover_enabled=&#8221;off&#8221; button_one_border_color__hover_enabled=&#8221;off&#8221; button_two_border_color__hover_enabled=&#8221;off&#8221; button_border_radius__hover_enabled=&#8221;off&#8221; button_one_border_radius__hover_enabled=&#8221;off&#8221; button_two_border_radius__hover_enabled=&#8221;off&#8221; button_letter_spacing__hover_enabled=&#8221;off&#8221; button_one_letter_spacing__hover_enabled=&#8221;off&#8221; button_two_letter_spacing__hover_enabled=&#8221;off&#8221; button_bg_color__hover_enabled=&#8221;off&#8221; button_one_bg_color__hover_enabled=&#8221;off&#8221; button_two_bg_color__hover_enabled=&#8221;off&#8221;][\/et_pb_contact_field][\/et_pb_contact_form][\/et_pb_column][et_pb_column type=&#8221;2_5&#8243; _builder_version=&#8221;3.25&#8243; custom_padding=&#8221;|||&#8221; custom_padding__hover=&#8221;|||&#8221;][et_pb_text _builder_version=&#8221;4.0.11&#8243; text_font=&#8221;Kaushan Script||||||||&#8221; text_text_color=&#8221;#f0622a&#8221; text_font_size=&#8221;30px&#8221; header_font=&#8221;||||||||&#8221; background_layout=&#8221;dark&#8221;]<\/p>\n<p>Operatorul PDI 2020<\/p>\n<p>[\/et_pb_text][et_pb_text _builder_version=&#8221;4.0.11&#8243; text_font=&#8221;||||||||&#8221;]<\/p>\n<p><span><img loading=\"lazy\" decoding=\"async\" src=\"https:\/\/pdi.ro\/2020\/wp-content\/uploads\/2020\/02\/eventer_logo_150px.png\" width=\"151\" height=\"33\" alt=\"\" class=\"wp-image-774 alignleft size-full\" \/><\/span><\/p>\n<p><span><\/span><\/p>\n<p><span><\/span><\/p>\n<p><span>Adresa: Str. A. Panu nr. 13, Iasi<\/span><br \/> <span>Tel.: 0332.40.88.00-05<\/span><br \/> <span>E-mail: <a href=\"mailto:inscrieri@primaderma.ro\" target=\"_blank\" rel=\"noopener noreferrer\">inscrieri@primaderma.ro<\/a><br \/> <\/span><span>Website:\u00a0<\/span><a href=\"http:\/\/www.eventernet.ro\/\" target=\"Blank\" rel=\"noopener noreferrer\">www.eventernet.ro<\/a><\/p>\n<p>[\/et_pb_text][et_pb_text disabled_on=&#8221;off|off|off&#8221; _builder_version=&#8221;4.0.11&#8243; text_font=&#8221;Kaushan Script||||||||&#8221; text_text_color=&#8221;#f0622a&#8221; text_font_size=&#8221;30px&#8221; header_font=&#8221;||||||||&#8221; background_layout=&#8221;dark&#8221; locked=&#8221;off&#8221;]<\/p>\n<p>Parteneri Media<\/p>\n<p>[\/et_pb_text][et_pb_gallery gallery_ids=&#8221;7203,7204,7232,7231&#8243; fullwidth=&#8221;on&#8221; _builder_version=&#8221;4.0.11&#8243; transform_scale=&#8221;86%|86%&#8221; max_width=&#8221;63%&#8221; auto=&#8221;on&#8221; auto_speed=&#8221;3500&#8243; hover_transition_duration=&#8221;100ms&#8221; hover_transition_delay=&#8221;50ms&#8221; hover_transition_speed_curve=&#8221;ease-in-out&#8221; locked=&#8221;off&#8221;][\/et_pb_gallery][\/et_pb_column][\/et_pb_row][\/et_pb_section]<\/p>\n","protected":false},"excerpt":{"rendered":"<p>Conf. Univ. Dr. Popa Radu Florin Universitatea de Medicin\u0103 \u0219i Farmacie &#8220;Grigore.T.Popa\u201d, Ia\u0219iTratamentul cu aspira\u021bie negativ\u0103 al ulcerelor venoase Autori: R.F. Popa, Marina Gaina, Anda Bulgaru, S. Ticu, Livia Genoveva Baroi Introducere: Insuficien\u021ba venoas\u0103 cronic\u0103 afecteaz\u0103 \u00eentre 30 \u0219i 50% din popula\u021bia apt\u0103 de munc\u0103, ulcerul venos fiind cea mai frecvent\u0103 complica\u021bie ce afecteaz\u0103 circa [&hellip;]<\/p>\n","protected":false},"author":2,"featured_media":0,"parent":0,"menu_order":0,"comment_status":"closed","ping_status":"closed","template":"","meta":{"_et_pb_use_builder":"on","_et_pb_old_content":"","_et_gb_content_width":"","footnotes":""},"class_list":["post-7811","page","type-page","status-publish","hentry"],"_links":{"self":[{"href":"https:\/\/pdi.ro\/2020\/wp-json\/wp\/v2\/pages\/7811","targetHints":{"allow":["GET"]}}],"collection":[{"href":"https:\/\/pdi.ro\/2020\/wp-json\/wp\/v2\/pages"}],"about":[{"href":"https:\/\/pdi.ro\/2020\/wp-json\/wp\/v2\/types\/page"}],"author":[{"embeddable":true,"href":"https:\/\/pdi.ro\/2020\/wp-json\/wp\/v2\/users\/2"}],"replies":[{"embeddable":true,"href":"https:\/\/pdi.ro\/2020\/wp-json\/wp\/v2\/comments?post=7811"}],"version-history":[{"count":6,"href":"https:\/\/pdi.ro\/2020\/wp-json\/wp\/v2\/pages\/7811\/revisions"}],"predecessor-version":[{"id":8435,"href":"https:\/\/pdi.ro\/2020\/wp-json\/wp\/v2\/pages\/7811\/revisions\/8435"}],"wp:attachment":[{"href":"https:\/\/pdi.ro\/2020\/wp-json\/wp\/v2\/media?parent=7811"}],"curies":[{"name":"wp","href":"https:\/\/api.w.org\/{rel}","templated":true}]}}