{"id":7835,"date":"2020-03-10T16:43:14","date_gmt":"2020-03-10T14:43:14","guid":{"rendered":"https:\/\/primaderma.ro\/?page_id=7835"},"modified":"2020-07-08T10:20:06","modified_gmt":"2020-07-08T08:20:06","slug":"asist-univ-dr-panduru-mihaela","status":"publish","type":"page","link":"https:\/\/pdi.ro\/2020\/asist-univ-dr-panduru-mihaela\/","title":{"rendered":"Asist. Univ. Dr. Panduru Mihaela"},"content":{"rendered":"<p>[et_pb_section fb_built=&#8221;1&#8243; fullwidth=&#8221;on&#8221; disabled_on=&#8221;on|off|off&#8221; _builder_version=&#8221;3.22&#8243; custom_margin=&#8221;||&#8221; custom_padding=&#8221;15px||29px&#8221; top_divider_style=&#8221;waves2&#8243; top_divider_color=&#8221;#f0622a&#8221; top_divider_flip=&#8221;horizontal|vertical&#8221; bottom_divider_style=&#8221;waves2&#8243; bottom_divider_color=&#8221;#fcdedb&#8221; bottom_divider_height=&#8221;105px&#8221; bottom_divider_flip=&#8221;vertical&#8221; collapsed=&#8221;off&#8221;][et_pb_fullwidth_header title=&#8221;@ET-DC@eyJkeW5hbWljIjp0cnVlLCJjb250ZW50IjoicG9zdF90aXRsZSIsInNldHRpbmdzIjp7ImJlZm9yZSI6IiIsImFmdGVyIjoiIn19@&#8221; text_orientation=&#8221;right&#8221; header_image_url=&#8221;https:\/\/pdi.ro\/2020\/wp-content\/uploads\/2020\/05\/pdi_iulie_online.png&#8221; disabled_on=&#8221;on|on|off&#8221; _builder_version=&#8221;4.4.7&#8243; _dynamic_attributes=&#8221;title&#8221; title_font=&#8221;Kaushan Script||||||||&#8221; title_text_align=&#8221;right&#8221; title_text_color=&#8221;#f0622a&#8221; title_font_size=&#8221;50px&#8221; content_font=&#8221;|600||on|||||&#8221; content_text_align=&#8221;center&#8221; content_text_color=&#8221;#686766&#8243; content_font_size=&#8221;15px&#8221; subhead_font=&#8221;||||||||&#8221; background_color=&#8221;rgba(239,145,107,0.54)&#8221; background_image=&#8221;https:\/\/pdi.ro\/2020\/wp-content\/uploads\/2020\/02\/back.jpg&#8221; background_layout=&#8221;light&#8221; custom_margin=&#8221;0px||8px&#8221; custom_padding=&#8221;40px||40px||true&#8221; content_font_size_tablet=&#8221;&#8221; content_font_size_phone=&#8221;15px&#8221; content_font_size_last_edited=&#8221;on|desktop&#8221;][\/et_pb_fullwidth_header][\/et_pb_section][et_pb_section fb_built=&#8221;1&#8243; _builder_version=&#8221;3.22&#8243; locked=&#8221;off&#8221;][et_pb_row column_structure=&#8221;2_5,3_5&#8243; _builder_version=&#8221;3.25&#8243;][et_pb_column type=&#8221;2_5&#8243; _builder_version=&#8221;3.25&#8243; custom_padding=&#8221;|||&#8221; custom_padding__hover=&#8221;|||&#8221;][et_pb_image src=&#8221;https:\/\/pdi.ro\/2020\/wp-content\/uploads\/2020\/03\/Panduru-Mihaela.png&#8221; align=&#8221;center&#8221; align_tablet=&#8221;center&#8221; align_phone=&#8221;&#8221; align_last_edited=&#8221;on|desktop&#8221; _builder_version=&#8221;4.4.0&#8243; max_width=&#8221;31%&#8221; border_radii=&#8221;on|100px|100px|100px|100px&#8221;][\/et_pb_image][\/et_pb_column][et_pb_column type=&#8221;3_5&#8243; _builder_version=&#8221;3.25&#8243; custom_padding=&#8221;|||&#8221; custom_padding__hover=&#8221;|||&#8221;][et_pb_text _builder_version=&#8221;4.4.0&#8243;]<\/p>\n<h4><strong><span style=\"color: #ff6600;\"><\/span><\/strong><\/h4>\n<h4><strong><span style=\"color: #ff6600;\"><\/span><\/strong><\/h4>\n<h4><strong><span style=\"color: #ff6600;\"><\/span><\/strong><\/h4>\n<h4><strong><span style=\"color: #ff6600;\">Asist. Univ. Dr. Panduru Mihaela<\/span><\/strong><br \/><strong><span style=\"color: #ff6600;\"> Universitatea de Medicin\u0103 \u0219i Farmacie \u2033Carol Davila\u2033, Bucure\u0219ti<\/span><\/strong><\/h4>\n<p>[\/et_pb_text][\/et_pb_column][\/et_pb_row][et_pb_row _builder_version=&#8221;3.25&#8243;][et_pb_column type=&#8221;4_4&#8243; _builder_version=&#8221;3.25&#8243; custom_padding=&#8221;|||&#8221; custom_padding__hover=&#8221;|||&#8221;][et_pb_text _builder_version=&#8221;4.4.8&#8243; hover_enabled=&#8221;0&#8243;]<\/p>\n<p style=\"text-align: justify;\"><span style=\"color: #ff6600;\">Psoriazisul \u0219i sarcina<\/span><br \/> <span style=\"color: #ff6600;\">Autori: Mihaela Panduru<\/span><\/p>\n<p style=\"text-align: justify;\">Sarcina este un moment deosebit \u00een fiecare familie. Totusi, multe \u00eengrijor\u0103ri pot s\u0103 apar\u0103 atunci c\u00e2nd viitoarea mam\u0103 prezint\u0103 o afec\u021biune cronic\u0103 precum psoriazisul. Aceasta devine preocupat\u0103 de efectul bolii precum \u0219i al terapiei psoriazisului asupra evolu\u021biei sarcinii.<br \/> Cu scopul de a clarifica aceste \u00eengrijor\u0103ri voi prezenta care sunt efectele psoriazisului asupra sarcinii \u0219i vice-versa \u0219i care este cea mai indicat\u0103 terapie la femeia \u00eens\u0103rcinat\u0103 \u00een func\u021bie de severitatea bolii.<br \/> Unele studii au sugerat c\u0103 femeile \u00eens\u0103rcinate afectate de psoriazis form\u0103 moderat\u0103 sau sever\u0103 prezint\u0103 risc de na\u0219tere prematur\u0103, avorturi spontane \u0219i nou-n\u0103scu\u021bi cu greutate mic\u0103 la na\u0219tere. De asemenea, sarcina poate determina agravarea psoriazisului \u00een aproximativ 23% din cazuri.<br \/> Atunci c\u00e2nd femeile \u00eens\u0103rcinate necesit\u0103 tratament pentru psoriazis, medicii dermatologii trebuie s\u0103 \u021bin\u0103 cont de beneficiile tratamentului precum \u0219i de poten\u021bialele riscuri pentru mam\u0103 \u0219i f\u0103t. Decizia terapeutica trebuie luat\u0103 \u00eempreun\u0103 cu pacientele, \u00een func\u021bie de gravitatea bolii \u0219i dup\u0103 o bun\u0103 analiz\u0103 a riscurilor \u0219i beneficiilor. Pentru psoriazisul form\u0103 u\u0219oar\u0103 tratamentul indicat este reprezentat de corticosteroizii topici. Pentru psoriazisul moderat p\u00e2n\u0103 la sever, fototerapia cu ultraviolete B este preferat\u0103. \u00cen cazuri grave, medicul dermatolog trebuie s\u0103 ia o decizie dificil\u0103 \u00een ceea ce prive\u0219te tratamentul sistemic. Unele dintre terapiile sistemice sunt con-traindicate \u00een sarcin\u0103, \u00een timp ce, pentru alte terapii, nu exist\u0103 date suficiente cu privire la siguran\u021ba lor.<br \/> \u00cen concluzie, psoriazisul la femeia \u00eens\u0103rcinat\u0103 este provocator, iar medicii dermatologi trebuie s\u0103 fie familiariza\u021bi cu evolu\u021bia psoriazisului \u0219i terapia acestuia \u00een timpul sarcinii.<\/p>\n<p style=\"text-align: justify;\"><span style=\"color: #ff6600;\">Psoriasis and pregnancy<\/span><br \/> <span style=\"color: #ff6600;\">Author: Mihaela Panduru<\/span><\/p>\n<p style=\"text-align: justify;\">Pregnancy is a special moment in each family. However, many concerns may appear when a chronic condition such as psoriasis affects the pregnant woman. The future mother becomes concerned about the effect of the disease as well as its therapy on pregnancy outcomes.<br \/> In order to clarify all these concerns I will present the effects of psoriasis on pregnancy and vice versa. In addition, the best therapy of psoriasis for the pregnant woman will be discussed.<br \/> Some studies have suggested that pregnant women with psoriasis are at risk of preterm birth, miscarriages and low birth weight babies. Pregnancy may induce a worsening of the disease in 23% of cases.<br \/> When pregnant women require treatment for psoriasis, dermatologists should consider the potential benefits of the treatment, as well as the risks to the mother and baby. The therapeutic decision must be made together with the patients according to the severity of the disease and after a good analysis of the risks and benefits. For localized psoriasis, the treatment chosen is topical corticosteroids. For moderate to severe psoriasis, ultraviolet B phototherapy is preferred. In severe cases, the dermatologist must make a difficult decision regarding systemic treatment. Some of the systemic therapies are contraindicated in pregnancy, while for other therapies there is insufficient data on their safety.<br \/> In conclusion, psoriasis in pregnant women is challenging, and dermatologists should be familiar with the evolution of psoriasis and its therapy during pregnancy.<\/p>\n<p style=\"text-align: justify;\"><span style=\"color: #ff6600;\">Scurt CV<\/span><\/p>\n<p><strong>Grad didactic: <\/strong><br \/> Asistent Universitar &#8211; Universitatea de Medicin\u0103 \u0219i Farmacie \u2033Carol Davila\u2033 din Bucure\u0219ti<\/p>\n<p><strong>Func\u0163ie: <\/strong><br \/> Medic primar\u00a0 &#8211; dermato-venerologie Spitalul Clinic Colentina<\/p>\n<p><strong>Experien\u021b\u0103 profesional\u0103<\/strong><br \/> 2014 \u2013 prezent &#8211; Medic primar Dermato-venerologie Cinica II Dermatologie, Spitalul Clinic Colentina<br \/> 2013 \u2013 prezent &#8211; Asistent universitar Universitatea de Medicina si Farmacie \u2033Carol Davila\u2033 din Bucuresti<br \/> 2014 &#8211; Radboud University Medical Center, Nijmegen, Olanda (Bursa postdoctorala)<br \/> 2011-2012 &#8211; Skin and Allergy Hospital, Helsinki Finlanda (Bursa doctorala)<br \/> 2010 \u2013 Dermato-cosmetologie &#8211; Spitalul \u201eA. Sygros\u201d, Atena, National University of Athens School of Medicine, Departament of Dermatology and Venereology<br \/> 2009 \u2013 prezent &#8211; Medic Dermato-venerologie MedLife<br \/> 2004-2009 &#8211; Medic rezident Dermatovenerologie Spitalul Clinic Colentina<\/p>\n<p><strong>Studii<\/strong><br \/> 2014 \u2013 2016 &#8211; Studii postdoctorale, Universitatea de Medicina si Farmacie \u201cCarol Davila\u201d din Bucuresti<br \/> 2009 \u2013 2012 \u2013 Doctor in stiinte medicale, Universitatea de Medicina si Farmacie \u201cCarol Davila\u201d din Bucuresti, Disciplina Fiziopatologie<br \/> 2012 &#8211; 2013 &#8211; Atestat de studii complementare in Dermato-Cosmetologie<br \/> 2004 \u2013 2006: master Genetica Medicala, Institutul National de Genetica al Universitatii Bucuresti<br \/> 2004 &#8211; 2009 &#8211; Medic rezident Dermatovenerologie Spitalul Clinic Colentina<br \/> 1997 \u2013 2003: Universitatea de Medicina si Farmacie din Craiova<\/p>\n<p><strong> Premii \u0219i Distinc\u021bii<\/strong><br \/> 2019 &#8211; World Congress of Dermatology Scholarship<br \/> 2014 &#8211; Michael Hornstein Memorial Scholarship<br \/> 2014 &#8211; European Society of Pediatric Dermatology<br \/> 2011 &#8211; AAF\/OSI Fellowship to OMI Salzburg Medical Seminars International \u2013 Dermatology<br \/> 2009 &#8211; Journ\u00e9es Dermatologiques de Paris<br \/> 2008 &#8211; EADV Fostering Dermatology and Venereology \u2013 Excellence in Education &#8211; Residets&#8217; Training Programme \u2013 Educational Grant<br \/> 2005 &#8211; Premiul \u201cAcademician Stefan Gh. Nicolau \u201d<\/p>\n<p>Activitate \u0219tiin\u021bific\u0103: 16 articole, 2 capitole de carte si 53 prezentari la congrese nationale si internationale<\/p>\n<p>[\/et_pb_text][\/et_pb_column][\/et_pb_row][\/et_pb_section][et_pb_section fb_built=&#8221;1&#8243; _builder_version=&#8221;3.22&#8243; background_color=&#8221;rgba(117,194,33,0.23)&#8221; background_image=&#8221;https:\/\/pdi.ro\/2020\/wp-content\/uploads\/2020\/02\/back_justflowers_overlay1.png&#8221; background_blend=&#8221;luminosity&#8221; custom_padding=&#8221;54px|0px|0|0px|false|false&#8221; top_divider_style=&#8221;waves2&#8243; top_divider_color=&#8221;#ffffff&#8221; top_divider_height=&#8221;155px&#8221; top_divider_height_tablet=&#8221;&#8221; top_divider_height_phone=&#8221;97px&#8221; top_divider_height_last_edited=&#8221;on|desktop&#8221; bottom_divider_style=&#8221;waves2&#8243; bottom_divider_color=&#8221;#75c221&#8243; bottom_divider_flip=&#8221;vertical&#8221; bottom_divider_height_tablet=&#8221;&#8221; bottom_divider_height_phone=&#8221;59px&#8221; bottom_divider_height_last_edited=&#8221;on|desktop&#8221;][et_pb_row column_structure=&#8221;3_5,2_5&#8243; _builder_version=&#8221;3.25&#8243; custom_padding=&#8221;61px|0px|69px|0px|false|false&#8221;][et_pb_column type=&#8221;3_5&#8243; _builder_version=&#8221;3.25&#8243; custom_padding=&#8221;|||&#8221; custom_padding__hover=&#8221;|||&#8221;][et_pb_text _builder_version=&#8221;4.0.11&#8243; text_font=&#8221;Kaushan Script||||||||&#8221; text_text_color=&#8221;#f0622a&#8221; text_font_size=&#8221;30px&#8221; text_line_height=&#8221;1.2em&#8221; header_font=&#8221;||||||||&#8221; background_layout=&#8221;dark&#8221; text_font_size_tablet=&#8221;&#8221; text_font_size_phone=&#8221;&#8221; text_font_size_last_edited=&#8221;on|desktop&#8221;]<\/p>\n<p>Contacteaz\u0103 operatorul PDI 2020<\/p>\n<p>[\/et_pb_text][et_pb_contact_form email=&#8221;contact@primaderma.ro\/2019&#8243; submit_button_text=&#8221;Trimite mesajul&#8221; _builder_version=&#8221;3.19.4&#8243; title_font=&#8221;||||||||&#8221;][et_pb_contact_field field_id=&#8221;Name&#8221; field_title=&#8221;Nume&#8221; _builder_version=&#8221;3.18.9&#8243; button_text_size__hover_enabled=&#8221;off&#8221; button_one_text_size__hover_enabled=&#8221;off&#8221; button_two_text_size__hover_enabled=&#8221;off&#8221; button_text_color__hover_enabled=&#8221;off&#8221; button_one_text_color__hover_enabled=&#8221;off&#8221; button_two_text_color__hover_enabled=&#8221;off&#8221; button_border_width__hover_enabled=&#8221;off&#8221; button_one_border_width__hover_enabled=&#8221;off&#8221; button_two_border_width__hover_enabled=&#8221;off&#8221; button_border_color__hover_enabled=&#8221;off&#8221; button_one_border_color__hover_enabled=&#8221;off&#8221; button_two_border_color__hover_enabled=&#8221;off&#8221; button_border_radius__hover_enabled=&#8221;off&#8221; button_one_border_radius__hover_enabled=&#8221;off&#8221; button_two_border_radius__hover_enabled=&#8221;off&#8221; button_letter_spacing__hover_enabled=&#8221;off&#8221; button_one_letter_spacing__hover_enabled=&#8221;off&#8221; button_two_letter_spacing__hover_enabled=&#8221;off&#8221; button_bg_color__hover_enabled=&#8221;off&#8221; button_one_bg_color__hover_enabled=&#8221;off&#8221; button_two_bg_color__hover_enabled=&#8221;off&#8221;][\/et_pb_contact_field][et_pb_contact_field field_id=&#8221;Email&#8221; field_title=&#8221;Adresa de e-mail&#8221; field_type=&#8221;email&#8221; _builder_version=&#8221;3.19.4&#8243; button_text_size__hover_enabled=&#8221;off&#8221; button_one_text_size__hover_enabled=&#8221;off&#8221; button_two_text_size__hover_enabled=&#8221;off&#8221; button_text_color__hover_enabled=&#8221;off&#8221; button_one_text_color__hover_enabled=&#8221;off&#8221; button_two_text_color__hover_enabled=&#8221;off&#8221; button_border_width__hover_enabled=&#8221;off&#8221; button_one_border_width__hover_enabled=&#8221;off&#8221; button_two_border_width__hover_enabled=&#8221;off&#8221; button_border_color__hover_enabled=&#8221;off&#8221; button_one_border_color__hover_enabled=&#8221;off&#8221; button_two_border_color__hover_enabled=&#8221;off&#8221; button_border_radius__hover_enabled=&#8221;off&#8221; button_one_border_radius__hover_enabled=&#8221;off&#8221; button_two_border_radius__hover_enabled=&#8221;off&#8221; button_letter_spacing__hover_enabled=&#8221;off&#8221; button_one_letter_spacing__hover_enabled=&#8221;off&#8221; button_two_letter_spacing__hover_enabled=&#8221;off&#8221; button_bg_color__hover_enabled=&#8221;off&#8221; button_one_bg_color__hover_enabled=&#8221;off&#8221; button_two_bg_color__hover_enabled=&#8221;off&#8221;][\/et_pb_contact_field][et_pb_contact_field field_id=&#8221;Message&#8221; field_title=&#8221;Mesajul dvs.&#8221; field_type=&#8221;text&#8221; fullwidth_field=&#8221;on&#8221; _builder_version=&#8221;3.18.9&#8243; button_text_size__hover_enabled=&#8221;off&#8221; button_one_text_size__hover_enabled=&#8221;off&#8221; button_two_text_size__hover_enabled=&#8221;off&#8221; button_text_color__hover_enabled=&#8221;off&#8221; button_one_text_color__hover_enabled=&#8221;off&#8221; button_two_text_color__hover_enabled=&#8221;off&#8221; button_border_width__hover_enabled=&#8221;off&#8221; button_one_border_width__hover_enabled=&#8221;off&#8221; button_two_border_width__hover_enabled=&#8221;off&#8221; button_border_color__hover_enabled=&#8221;off&#8221; button_one_border_color__hover_enabled=&#8221;off&#8221; button_two_border_color__hover_enabled=&#8221;off&#8221; button_border_radius__hover_enabled=&#8221;off&#8221; button_one_border_radius__hover_enabled=&#8221;off&#8221; button_two_border_radius__hover_enabled=&#8221;off&#8221; button_letter_spacing__hover_enabled=&#8221;off&#8221; button_one_letter_spacing__hover_enabled=&#8221;off&#8221; button_two_letter_spacing__hover_enabled=&#8221;off&#8221; button_bg_color__hover_enabled=&#8221;off&#8221; button_one_bg_color__hover_enabled=&#8221;off&#8221; button_two_bg_color__hover_enabled=&#8221;off&#8221;][\/et_pb_contact_field][\/et_pb_contact_form][\/et_pb_column][et_pb_column type=&#8221;2_5&#8243; _builder_version=&#8221;3.25&#8243; custom_padding=&#8221;|||&#8221; custom_padding__hover=&#8221;|||&#8221;][et_pb_text _builder_version=&#8221;4.0.11&#8243; text_font=&#8221;Kaushan Script||||||||&#8221; text_text_color=&#8221;#f0622a&#8221; text_font_size=&#8221;30px&#8221; header_font=&#8221;||||||||&#8221; background_layout=&#8221;dark&#8221;]<\/p>\n<p>Operatorul PDI 2020<\/p>\n<p>[\/et_pb_text][et_pb_text _builder_version=&#8221;4.0.11&#8243; text_font=&#8221;||||||||&#8221;]<\/p>\n<p><span><img loading=\"lazy\" decoding=\"async\" src=\"https:\/\/pdi.ro\/2020\/wp-content\/uploads\/2020\/02\/eventer_logo_150px.png\" width=\"151\" height=\"33\" alt=\"\" class=\"wp-image-774 alignleft size-full\" \/><\/span><\/p>\n<p><span><\/span><\/p>\n<p><span><\/span><\/p>\n<p><span>Adresa: Str. A. Panu nr. 13, Iasi<\/span><br \/> <span>Tel.: 0332.40.88.00-05<\/span><br \/> <span>E-mail: <a href=\"mailto:inscrieri@primaderma.ro\" target=\"_blank\" rel=\"noopener noreferrer\">inscrieri@primaderma.ro<\/a><br \/> <\/span><span>Website:\u00a0<\/span><a href=\"http:\/\/www.eventernet.ro\/\" target=\"Blank\" rel=\"noopener noreferrer\">www.eventernet.ro<\/a><\/p>\n<p>[\/et_pb_text][et_pb_text disabled_on=&#8221;off|off|off&#8221; _builder_version=&#8221;4.0.11&#8243; text_font=&#8221;Kaushan Script||||||||&#8221; text_text_color=&#8221;#f0622a&#8221; text_font_size=&#8221;30px&#8221; header_font=&#8221;||||||||&#8221; background_layout=&#8221;dark&#8221; locked=&#8221;off&#8221;]<\/p>\n<p>Parteneri Media<\/p>\n<p>[\/et_pb_text][et_pb_gallery gallery_ids=&#8221;7203,7204,7232,7231&#8243; fullwidth=&#8221;on&#8221; _builder_version=&#8221;4.0.11&#8243; transform_scale=&#8221;86%|86%&#8221; max_width=&#8221;63%&#8221; auto=&#8221;on&#8221; auto_speed=&#8221;3500&#8243; hover_transition_duration=&#8221;100ms&#8221; hover_transition_delay=&#8221;50ms&#8221; hover_transition_speed_curve=&#8221;ease-in-out&#8221; locked=&#8221;off&#8221;][\/et_pb_gallery][\/et_pb_column][\/et_pb_row][\/et_pb_section]<\/p>\n","protected":false},"excerpt":{"rendered":"<p>Asist. Univ. Dr. Panduru Mihaela Universitatea de Medicin\u0103 \u0219i Farmacie \u2033Carol Davila\u2033, Bucure\u0219tiPsoriazisul \u0219i sarcina Autori: Mihaela Panduru Sarcina este un moment deosebit \u00een fiecare familie. Totusi, multe \u00eengrijor\u0103ri pot s\u0103 apar\u0103 atunci c\u00e2nd viitoarea mam\u0103 prezint\u0103 o afec\u021biune cronic\u0103 precum psoriazisul. Aceasta devine preocupat\u0103 de efectul bolii precum \u0219i al terapiei psoriazisului asupra evolu\u021biei [&hellip;]<\/p>\n","protected":false},"author":2,"featured_media":0,"parent":0,"menu_order":0,"comment_status":"closed","ping_status":"closed","template":"","meta":{"_et_pb_use_builder":"on","_et_pb_old_content":"","_et_gb_content_width":"","footnotes":""},"class_list":["post-7835","page","type-page","status-publish","hentry"],"_links":{"self":[{"href":"https:\/\/pdi.ro\/2020\/wp-json\/wp\/v2\/pages\/7835","targetHints":{"allow":["GET"]}}],"collection":[{"href":"https:\/\/pdi.ro\/2020\/wp-json\/wp\/v2\/pages"}],"about":[{"href":"https:\/\/pdi.ro\/2020\/wp-json\/wp\/v2\/types\/page"}],"author":[{"embeddable":true,"href":"https:\/\/pdi.ro\/2020\/wp-json\/wp\/v2\/users\/2"}],"replies":[{"embeddable":true,"href":"https:\/\/pdi.ro\/2020\/wp-json\/wp\/v2\/comments?post=7835"}],"version-history":[{"count":7,"href":"https:\/\/pdi.ro\/2020\/wp-json\/wp\/v2\/pages\/7835\/revisions"}],"predecessor-version":[{"id":8595,"href":"https:\/\/pdi.ro\/2020\/wp-json\/wp\/v2\/pages\/7835\/revisions\/8595"}],"wp:attachment":[{"href":"https:\/\/pdi.ro\/2020\/wp-json\/wp\/v2\/media?parent=7835"}],"curies":[{"name":"wp","href":"https:\/\/api.w.org\/{rel}","templated":true}]}}