{"id":7853,"date":"2020-03-11T11:04:21","date_gmt":"2020-03-11T09:04:21","guid":{"rendered":"https:\/\/primaderma.ro\/?page_id=7853"},"modified":"2020-06-29T12:02:38","modified_gmt":"2020-06-29T10:02:38","slug":"sef-lucr-dr-florea-laura","status":"publish","type":"page","link":"https:\/\/pdi.ro\/2020\/sef-lucr-dr-florea-laura\/","title":{"rendered":"\u015eef lucr. Dr. Florea Laura"},"content":{"rendered":"<p>[et_pb_section fb_built=&#8221;1&#8243; fullwidth=&#8221;on&#8221; disabled_on=&#8221;on|off|off&#8221; _builder_version=&#8221;3.22&#8243; custom_margin=&#8221;||&#8221; custom_padding=&#8221;15px||29px&#8221; top_divider_style=&#8221;waves2&#8243; top_divider_color=&#8221;#f0622a&#8221; top_divider_flip=&#8221;horizontal|vertical&#8221; bottom_divider_style=&#8221;waves2&#8243; bottom_divider_color=&#8221;#fcdedb&#8221; bottom_divider_height=&#8221;105px&#8221; bottom_divider_flip=&#8221;vertical&#8221; collapsed=&#8221;off&#8221;][et_pb_fullwidth_header title=&#8221;@ET-DC@eyJkeW5hbWljIjp0cnVlLCJjb250ZW50IjoicG9zdF90aXRsZSIsInNldHRpbmdzIjp7ImJlZm9yZSI6IiIsImFmdGVyIjoiIn19@&#8221; text_orientation=&#8221;right&#8221; header_image_url=&#8221;https:\/\/pdi.ro\/2020\/wp-content\/uploads\/2020\/05\/pdi_iulie_online.png&#8221; disabled_on=&#8221;on|on|off&#8221; _builder_version=&#8221;4.4.7&#8243; _dynamic_attributes=&#8221;title&#8221; title_font=&#8221;Kaushan Script||||||||&#8221; title_text_align=&#8221;right&#8221; title_text_color=&#8221;#f0622a&#8221; title_font_size=&#8221;50px&#8221; content_font=&#8221;|600||on|||||&#8221; content_text_align=&#8221;center&#8221; content_text_color=&#8221;#686766&#8243; content_font_size=&#8221;15px&#8221; subhead_font=&#8221;||||||||&#8221; background_color=&#8221;rgba(239,145,107,0.54)&#8221; background_image=&#8221;https:\/\/pdi.ro\/2020\/wp-content\/uploads\/2020\/02\/back.jpg&#8221; background_layout=&#8221;light&#8221; custom_margin=&#8221;0px||8px&#8221; custom_padding=&#8221;40px||40px||true&#8221; content_font_size_tablet=&#8221;&#8221; content_font_size_phone=&#8221;15px&#8221; content_font_size_last_edited=&#8221;on|desktop&#8221;][\/et_pb_fullwidth_header][\/et_pb_section][et_pb_section fb_built=&#8221;1&#8243; _builder_version=&#8221;3.22&#8243; locked=&#8221;off&#8221;][et_pb_row column_structure=&#8221;2_5,3_5&#8243; _builder_version=&#8221;3.25&#8243;][et_pb_column type=&#8221;2_5&#8243; _builder_version=&#8221;3.25&#8243; custom_padding=&#8221;|||&#8221; custom_padding__hover=&#8221;|||&#8221;][et_pb_image src=&#8221;https:\/\/pdi.ro\/2020\/wp-content\/uploads\/2020\/03\/Florea-Laura.jpg&#8221; align=&#8221;center&#8221; align_tablet=&#8221;center&#8221; align_phone=&#8221;&#8221; align_last_edited=&#8221;on|desktop&#8221; _builder_version=&#8221;4.4.0&#8243; max_width=&#8221;31%&#8221; border_radii=&#8221;on|100px|100px|100px|100px&#8221;][\/et_pb_image][\/et_pb_column][et_pb_column type=&#8221;3_5&#8243; _builder_version=&#8221;3.25&#8243; custom_padding=&#8221;|||&#8221; custom_padding__hover=&#8221;|||&#8221;][et_pb_text _builder_version=&#8221;4.4.0&#8243;]<\/p>\n<h4><\/h4>\n<h4><\/h4>\n<h4><\/h4>\n<h4><strong><span style=\"color: #ff6600;\">\u015eef lucr. Dr. Florea Laura<\/span><\/strong><br \/>\n<strong><span style=\"color: #ff6600;\"> Universitatea de Medicin\u0103 \u015fi Farmacie &#8220;Grigore T. Popa\u201d Ia\u015fi<\/span><\/strong><\/h4>\n<p>[\/et_pb_text][\/et_pb_column][\/et_pb_row][et_pb_row _builder_version=&#8221;3.25&#8243;][et_pb_column type=&#8221;4_4&#8243; _builder_version=&#8221;3.25&#8243; custom_padding=&#8221;|||&#8221; custom_padding__hover=&#8221;|||&#8221;][et_pb_text _builder_version=&#8221;4.4.8&#8243; hover_enabled=&#8221;0&#8243;]<\/p>\n<p style=\"text-align: justify;\"><span style=\"color: #ff6600;\">Actualit\u0103\u021bi \u00een terapia vasculitelor sistemice asociate cu ANCA<\/span><br \/>\n<span style=\"color: #ff6600;\">Autori: Laura Florea, Cristiana-Elena Vlad<\/span><\/p>\n<p style=\"text-align: justify;\">Vasculitele sistemice sunt boli autoimune caracterizate prin inflama\u021bia pere\u021bilor vaselor mari, mijlocii \u0219i mici. Etiologia este plurifactorial\u0103 fiind implica\u021bi factori genetici, infec\u021bio\u0219i, de mediu, imuni.<br \/>\nPoliangeita microscopic\u0103, granulomatoza cu poliangeit\u0103 \u0219i granulomatoza eozinofilic\u0103 cu poliangeit\u0103 sunt \u00eencadrate \u00een vasculite de vase mici asociate cu ANCA (auto anticorpi dirija\u021bi contra citoplasmei neutrofilului). Anticorpii ANCA pot fi de dou\u0103 tipuri : p ANCA (Ac antimieloperoxidaz\u0103 MPO prin metoda ELISA, cu fluorescen\u021b\u0103 perinuclear\u0103 prin imunofluorescen\u021b\u0103 indirect\u0103) \u0219i c ANCA (Ac antiproteinaz\u0103 3 PR 3 prin metoda ELISA, cu fluorescen\u021b\u0103 citoplasmatic\u0103 prin imunofluorescen\u021b\u0103 indirect\u0103). MPO \u0219i PR3 se g\u0103sesc pe suprafa\u021ba neutrofilelor, iar interac\u021biunea dintre antigene \u0219i anticorpi se soldeaz\u0103 cu activarea neutrofilelor, eliberarea de enzime lizozomale \u0219i specii reactive de oxigen ce conduc \u00een final la lezarea pere\u021bilor vasculari.<br \/>\nManifest\u0103rile clinice sunt variate, caracteristice fiind cele renale, pulmonare \u0219i \u00een sfera ORL. Diagnosticul de certitudine se pune prin examen histologic.<br \/>\nTratamentul de induc\u021bie se face cu corticoterapie, methotrexat, ciclofosfamida, micofenolat de mofetil sau rituximab, imunosupresorul aleg\u00e2ndu \u2013se \u00een func\u021bie de forma clinic\u0103. Se poate asocia plasmafereza \u0219i \u00een unele cazuri hemodializa. Alte op\u021biuni pentru terapia de induc\u021bie sunt Avacopan \u2013 inhibitor oral al receptorului frac\u021biunii C5a a complementului, imunoglobuline, alemtuzumab, deoxysperguatine, etanercept.<br \/>\nTratamentul de \u00eentre\u021binere se face cu ciclofosfamid\u0103, azathioprina, methotrexat, rituximab, leflunomida, micofenolat de mofetil, belimumab asociat corticoterapiei.<br \/>\nLucrarea \u00ee\u0219i propune prezentarea schemelor de tratament \u00een induc\u021bie \u0219i \u00eentre\u021binere, evaluarea beneficiilor \u0219i efectelor adverse ale tratamentului vasculitelor la adult, date comparative privind mortalitatea, func\u021bia renal\u0103, necesitatea terapiei de supleere a func\u021biei renale, remisiunea \u0219i rec\u0103derea \u00een func\u021bie de tratamentul ales.<\/p>\n<p style=\"text-align: justify;\"><span style=\"color: #ff6600;\">New approaches to treatment in ANCA associated-vasculitis<\/span><br \/>\n<span style=\"color: #ff6600;\">Authors: Laura Florea, Cristiana-Elena Vlad<\/span><\/p>\n<p style=\"text-align: justify;\">Systemic vasculitis is a group of autoimmune diseases definited by wall inflammation of large, medium and small vessels. The etiology is multifactorial, involving genetic, infectious, environmental and immune factors.<br \/>\nMicroscopic polyangiitis, granulomatosis with polyangiitis and eosinophilic granulomatosis with polyangiitis are framed in ANCA-associated small-vessel vasculitis (antineutrophil cytoplasmic antibodies). There are two main kinds of ANCA: pANCA (MPO: antiodies antimieloperoxidase by ELISA method, with perinuclear fluorescence by indirect immunofluorescence) and cANCA (PR3: antiodies antiproteinase 3 by ELISA method, with cytoplasmic fluorescence by indirect immunofluorescence). MPO and PR3 are found on the surface of neutrophils, and the interaction between antigens and antibodies results in the activation of neutrophils, the release of lysosomal enzymes and of reactive oxygen species, that finally lead to damage of the vascular walls.<br \/>\nThe clinical manifestations are different, characterized by the renal, pulmonary and ORL disorders. The final diagnosis is performed by histological examination.<br \/>\nInduction therapy should be achieved with corticosteroid therapy, methotrexate, cyclophosphamide, mycophenolate mofetil or rituximab, the immunosuppressant being chosen according to the clinical form. Also, plasmapheresis and in some cases hemodialysis may be associated. Other options for induction therapy are Avacopan &#8211; an oral small-molecule C5a receptor antagonist that blocks the effects of C5a, immunoglobulins, alemtuzumab, deoxyspergualin, etanercept.<br \/>\nMaintenance therapy include an association between corticosteroids and cyclophosphamide, azathioprine, methotrexate, rituximab, leflunomide, mofetil mycophenolate, belimumab.<br \/>\nThe paper aims to expose the novel treatments for induction and maintenance, the evaluation of the benefits and the adverse effect of treatment of vasculitis in adults, comparative analysis of mortality, renal function, need for renal replacement therapy, the remission and the relapse depending on the treatment options.\n<\/p>\n<p style=\"text-align: justify;\"><span style=\"color: #ff6600;\">Scurt CV<\/span><\/p>\n<p>Este medic primar medicin\u0103 intern\u0103 \u015fi nefrologie, \u015fef de lucr\u0103ri la Universitatea de Medicin\u0103 \u015fi Farmacie &#8220;Grigore T. Popa\u201d Ia\u015fi, doctor \u00een \u015ftiin\u0163e medicale \u015fi are competen\u0163\u0103 \u00een ecografie general\u0103. Este coordonator al Compartimentului de Medicin\u0103 Intern\u0103, Spital \u201cDr C I Parhon\u201d \u0219i al Centrului de Dializ\u0103 DMD.<br \/>\nA lucrat ca Chef de Clinique la Universitatea Paris VII Denis Diderot.<br \/>\nA ob\u0163inut Attestation de Formation Specialisee de Nephrologie \u00een Fran\u0163a (Faculte de Medicine Amiens) \u015fi Formation Investigateurs aux Essais Cliniques (Universite Paris VII Denis Diderot).<br \/>\nEste autor \u015fi coautor a numeroase c\u0103r\u0163i, capitole de carte \u015fi articole ap\u0103rute \u00een reviste na\u0163ionale \u015fi interna\u0163ionale.<br \/>\nEste membru al Societ\u0103\u0163ii Rom\u00e2ne de Nefrologie, Societ\u0103\u0163ii Rom\u00e2ne de Medicin\u0103 Intern\u0103 \u015fi al Societ\u0103\u0163ii Europene de Dializ\u0103 \u015fi Transplant Renal (ERA-EDTA).<br \/>\nDomenii de interes: bolile autoimune, patologia cardio-vascular\u0103 \u00een popula\u021bia general\u0103 \u0219i \u00een boala cronic\u0103 de rinichi, nutri\u021bia pacientului cu boal\u0103 cronic\u0103 renal\u0103, hemodializa, dializa peritoneal\u0103.<br \/>\n\u00ce\u015fi desf\u0103\u015foar\u0103 activitatea \u00een Clinica de Medicin\u0103 Intern\u0103 &#8211; Nefrologie a Spitalului &#8220;Dr. C.I. Parhon\u201d \/ U.M.F. \u201cGrigore T. Popa&#8221; Ia\u0219i.[\/et_pb_text][\/et_pb_column][\/et_pb_row][\/et_pb_section][et_pb_section fb_built=&#8221;1&#8243; _builder_version=&#8221;3.22&#8243; background_color=&#8221;rgba(117,194,33,0.23)&#8221; background_image=&#8221;https:\/\/pdi.ro\/2020\/wp-content\/uploads\/2020\/02\/back_justflowers_overlay1.png&#8221; background_blend=&#8221;luminosity&#8221; custom_padding=&#8221;54px|0px|0|0px|false|false&#8221; top_divider_style=&#8221;waves2&#8243; top_divider_color=&#8221;#ffffff&#8221; top_divider_height=&#8221;155px&#8221; top_divider_height_tablet=&#8221;&#8221; top_divider_height_phone=&#8221;97px&#8221; top_divider_height_last_edited=&#8221;on|desktop&#8221; bottom_divider_style=&#8221;waves2&#8243; bottom_divider_color=&#8221;#75c221&#8243; bottom_divider_flip=&#8221;vertical&#8221; bottom_divider_height_tablet=&#8221;&#8221; bottom_divider_height_phone=&#8221;59px&#8221; bottom_divider_height_last_edited=&#8221;on|desktop&#8221;][et_pb_row column_structure=&#8221;3_5,2_5&#8243; _builder_version=&#8221;3.25&#8243; custom_padding=&#8221;61px|0px|69px|0px|false|false&#8221;][et_pb_column type=&#8221;3_5&#8243; _builder_version=&#8221;3.25&#8243; custom_padding=&#8221;|||&#8221; custom_padding__hover=&#8221;|||&#8221;][et_pb_text _builder_version=&#8221;4.0.11&#8243; text_font=&#8221;Kaushan Script||||||||&#8221; text_text_color=&#8221;#f0622a&#8221; text_font_size=&#8221;30px&#8221; text_line_height=&#8221;1.2em&#8221; header_font=&#8221;||||||||&#8221; background_layout=&#8221;dark&#8221; text_font_size_tablet=&#8221;&#8221; text_font_size_phone=&#8221;&#8221; text_font_size_last_edited=&#8221;on|desktop&#8221;]Contacteaz\u0103 operatorul PDI 2020[\/et_pb_text][et_pb_contact_form email=&#8221;contact@primaderma.ro\/2019&#8243; submit_button_text=&#8221;Trimite mesajul&#8221; _builder_version=&#8221;3.19.4&#8243; title_font=&#8221;||||||||&#8221;][et_pb_contact_field field_id=&#8221;Name&#8221; field_title=&#8221;Nume&#8221; _builder_version=&#8221;3.18.9&#8243; button_text_size__hover_enabled=&#8221;off&#8221; button_one_text_size__hover_enabled=&#8221;off&#8221; button_two_text_size__hover_enabled=&#8221;off&#8221; button_text_color__hover_enabled=&#8221;off&#8221; button_one_text_color__hover_enabled=&#8221;off&#8221; button_two_text_color__hover_enabled=&#8221;off&#8221; button_border_width__hover_enabled=&#8221;off&#8221; button_one_border_width__hover_enabled=&#8221;off&#8221; button_two_border_width__hover_enabled=&#8221;off&#8221; button_border_color__hover_enabled=&#8221;off&#8221; button_one_border_color__hover_enabled=&#8221;off&#8221; button_two_border_color__hover_enabled=&#8221;off&#8221; button_border_radius__hover_enabled=&#8221;off&#8221; button_one_border_radius__hover_enabled=&#8221;off&#8221; button_two_border_radius__hover_enabled=&#8221;off&#8221; button_letter_spacing__hover_enabled=&#8221;off&#8221; button_one_letter_spacing__hover_enabled=&#8221;off&#8221; button_two_letter_spacing__hover_enabled=&#8221;off&#8221; button_bg_color__hover_enabled=&#8221;off&#8221; button_one_bg_color__hover_enabled=&#8221;off&#8221; button_two_bg_color__hover_enabled=&#8221;off&#8221;][\/et_pb_contact_field][et_pb_contact_field field_id=&#8221;Email&#8221; field_title=&#8221;Adresa de e-mail&#8221; field_type=&#8221;email&#8221; _builder_version=&#8221;3.19.4&#8243; button_text_size__hover_enabled=&#8221;off&#8221; button_one_text_size__hover_enabled=&#8221;off&#8221; button_two_text_size__hover_enabled=&#8221;off&#8221; button_text_color__hover_enabled=&#8221;off&#8221; button_one_text_color__hover_enabled=&#8221;off&#8221; button_two_text_color__hover_enabled=&#8221;off&#8221; button_border_width__hover_enabled=&#8221;off&#8221; button_one_border_width__hover_enabled=&#8221;off&#8221; button_two_border_width__hover_enabled=&#8221;off&#8221; button_border_color__hover_enabled=&#8221;off&#8221; button_one_border_color__hover_enabled=&#8221;off&#8221; button_two_border_color__hover_enabled=&#8221;off&#8221; button_border_radius__hover_enabled=&#8221;off&#8221; button_one_border_radius__hover_enabled=&#8221;off&#8221; button_two_border_radius__hover_enabled=&#8221;off&#8221; button_letter_spacing__hover_enabled=&#8221;off&#8221; button_one_letter_spacing__hover_enabled=&#8221;off&#8221; button_two_letter_spacing__hover_enabled=&#8221;off&#8221; button_bg_color__hover_enabled=&#8221;off&#8221; button_one_bg_color__hover_enabled=&#8221;off&#8221; button_two_bg_color__hover_enabled=&#8221;off&#8221;][\/et_pb_contact_field][et_pb_contact_field field_id=&#8221;Message&#8221; field_title=&#8221;Mesajul dvs.&#8221; field_type=&#8221;text&#8221; fullwidth_field=&#8221;on&#8221; _builder_version=&#8221;3.18.9&#8243; button_text_size__hover_enabled=&#8221;off&#8221; button_one_text_size__hover_enabled=&#8221;off&#8221; button_two_text_size__hover_enabled=&#8221;off&#8221; button_text_color__hover_enabled=&#8221;off&#8221; button_one_text_color__hover_enabled=&#8221;off&#8221; button_two_text_color__hover_enabled=&#8221;off&#8221; button_border_width__hover_enabled=&#8221;off&#8221; button_one_border_width__hover_enabled=&#8221;off&#8221; button_two_border_width__hover_enabled=&#8221;off&#8221; button_border_color__hover_enabled=&#8221;off&#8221; button_one_border_color__hover_enabled=&#8221;off&#8221; button_two_border_color__hover_enabled=&#8221;off&#8221; button_border_radius__hover_enabled=&#8221;off&#8221; button_one_border_radius__hover_enabled=&#8221;off&#8221; button_two_border_radius__hover_enabled=&#8221;off&#8221; button_letter_spacing__hover_enabled=&#8221;off&#8221; button_one_letter_spacing__hover_enabled=&#8221;off&#8221; button_two_letter_spacing__hover_enabled=&#8221;off&#8221; button_bg_color__hover_enabled=&#8221;off&#8221; button_one_bg_color__hover_enabled=&#8221;off&#8221; button_two_bg_color__hover_enabled=&#8221;off&#8221;][\/et_pb_contact_field][\/et_pb_contact_form][\/et_pb_column][et_pb_column type=&#8221;2_5&#8243; _builder_version=&#8221;3.25&#8243; custom_padding=&#8221;|||&#8221; custom_padding__hover=&#8221;|||&#8221;][et_pb_text _builder_version=&#8221;4.0.11&#8243; text_font=&#8221;Kaushan Script||||||||&#8221; text_text_color=&#8221;#f0622a&#8221; text_font_size=&#8221;30px&#8221; header_font=&#8221;||||||||&#8221; background_layout=&#8221;dark&#8221;]Operatorul PDI 2020[\/et_pb_text][et_pb_text _builder_version=&#8221;4.0.11&#8243; text_font=&#8221;||||||||&#8221;]<img loading=\"lazy\" decoding=\"async\" class=\"wp-image-774 alignleft size-full\" src=\"https:\/\/pdi.ro\/2020\/wp-content\/uploads\/2020\/02\/eventer_logo_150px.png\" alt=\"\" width=\"151\" height=\"33\" \/><\/p>\n<p>&nbsp;<\/p>\n<p>&nbsp;<\/p>\n<p>Adresa: Str. A. Panu nr. 13, Iasi<br \/>\nTel.: 0332.40.88.00-05<br \/>\nE-mail: <a href=\"mailto:inscrieri@primaderma.ro\" target=\"_blank\" rel=\"noopener noreferrer\">inscrieri@primaderma.ro<\/a><br \/>\nWebsite:\u00a0<a href=\"http:\/\/www.eventernet.ro\/\" target=\"Blank\" rel=\"noopener noreferrer\">www.eventernet.ro<\/a>[\/et_pb_text][et_pb_text disabled_on=&#8221;off|off|off&#8221; _builder_version=&#8221;4.0.11&#8243; text_font=&#8221;Kaushan Script||||||||&#8221; text_text_color=&#8221;#f0622a&#8221; text_font_size=&#8221;30px&#8221; header_font=&#8221;||||||||&#8221; background_layout=&#8221;dark&#8221; locked=&#8221;off&#8221;]Parteneri Media[\/et_pb_text][et_pb_gallery gallery_ids=&#8221;7203,7204,7232,7231&#8243; fullwidth=&#8221;on&#8221; _builder_version=&#8221;4.0.11&#8243; transform_scale=&#8221;86%|86%&#8221; max_width=&#8221;63%&#8221; auto=&#8221;on&#8221; auto_speed=&#8221;3500&#8243; hover_transition_duration=&#8221;100ms&#8221; hover_transition_delay=&#8221;50ms&#8221; hover_transition_speed_curve=&#8221;ease-in-out&#8221; locked=&#8221;off&#8221;][\/et_pb_gallery][\/et_pb_column][\/et_pb_row][\/et_pb_section]<\/p>\n","protected":false},"excerpt":{"rendered":"<p>\u015eef lucr. Dr. Florea Laura Universitatea de Medicin\u0103 \u015fi Farmacie &#8220;Grigore T. Popa\u201d Ia\u015fiActualit\u0103\u021bi \u00een terapia vasculitelor sistemice asociate cu ANCA Autori: Laura Florea, Cristiana-Elena Vlad Vasculitele sistemice sunt boli autoimune caracterizate prin inflama\u021bia pere\u021bilor vaselor mari, mijlocii \u0219i mici. Etiologia este plurifactorial\u0103 fiind implica\u021bi factori genetici, infec\u021bio\u0219i, de mediu, imuni. Poliangeita microscopic\u0103, granulomatoza cu [&hellip;]<\/p>\n","protected":false},"author":2,"featured_media":0,"parent":0,"menu_order":0,"comment_status":"closed","ping_status":"closed","template":"","meta":{"_et_pb_use_builder":"on","_et_pb_old_content":"","_et_gb_content_width":"","footnotes":""},"class_list":["post-7853","page","type-page","status-publish","hentry"],"_links":{"self":[{"href":"https:\/\/pdi.ro\/2020\/wp-json\/wp\/v2\/pages\/7853","targetHints":{"allow":["GET"]}}],"collection":[{"href":"https:\/\/pdi.ro\/2020\/wp-json\/wp\/v2\/pages"}],"about":[{"href":"https:\/\/pdi.ro\/2020\/wp-json\/wp\/v2\/types\/page"}],"author":[{"embeddable":true,"href":"https:\/\/pdi.ro\/2020\/wp-json\/wp\/v2\/users\/2"}],"replies":[{"embeddable":true,"href":"https:\/\/pdi.ro\/2020\/wp-json\/wp\/v2\/comments?post=7853"}],"version-history":[{"count":7,"href":"https:\/\/pdi.ro\/2020\/wp-json\/wp\/v2\/pages\/7853\/revisions"}],"predecessor-version":[{"id":8458,"href":"https:\/\/pdi.ro\/2020\/wp-json\/wp\/v2\/pages\/7853\/revisions\/8458"}],"wp:attachment":[{"href":"https:\/\/pdi.ro\/2020\/wp-json\/wp\/v2\/media?parent=7853"}],"curies":[{"name":"wp","href":"https:\/\/api.w.org\/{rel}","templated":true}]}}