{"id":7977,"date":"2020-05-20T12:16:46","date_gmt":"2020-05-20T10:16:46","guid":{"rendered":"https:\/\/primaderma.ro\/?page_id=7977"},"modified":"2020-05-28T16:38:33","modified_gmt":"2020-05-28T14:38:33","slug":"conf-univ-dr-daniela-opris-belinski","status":"publish","type":"page","link":"https:\/\/pdi.ro\/2020\/conf-univ-dr-daniela-opris-belinski\/","title":{"rendered":"Conf. Univ. Dr. Daniela Opri\u015f-Belinski"},"content":{"rendered":"<p>[et_pb_section fb_built=&#8221;1&#8243; fullwidth=&#8221;on&#8221; disabled_on=&#8221;on|off|off&#8221; _builder_version=&#8221;3.22&#8243; custom_margin=&#8221;||&#8221; custom_padding=&#8221;15px||29px&#8221; top_divider_style=&#8221;waves2&#8243; top_divider_color=&#8221;#f0622a&#8221; top_divider_flip=&#8221;horizontal|vertical&#8221; bottom_divider_style=&#8221;waves2&#8243; bottom_divider_color=&#8221;#fcdedb&#8221; bottom_divider_height=&#8221;105px&#8221; bottom_divider_flip=&#8221;vertical&#8221; collapsed=&#8221;off&#8221;][et_pb_fullwidth_header title=&#8221;@ET-DC@eyJkeW5hbWljIjp0cnVlLCJjb250ZW50IjoicG9zdF90aXRsZSIsInNldHRpbmdzIjp7ImJlZm9yZSI6IiIsImFmdGVyIjoiIn19@&#8221; text_orientation=&#8221;right&#8221; header_image_url=&#8221;https:\/\/pdi.ro\/2020\/wp-content\/uploads\/2020\/05\/pdi_iulie_online.png&#8221; disabled_on=&#8221;on|on|off&#8221; _builder_version=&#8221;4.4.7&#8243; _dynamic_attributes=&#8221;title&#8221; title_font=&#8221;Kaushan Script||||||||&#8221; title_text_align=&#8221;right&#8221; title_text_color=&#8221;#f0622a&#8221; title_font_size=&#8221;50px&#8221; content_font=&#8221;|600||on|||||&#8221; content_text_align=&#8221;center&#8221; content_text_color=&#8221;#686766&#8243; content_font_size=&#8221;15px&#8221; subhead_font=&#8221;||||||||&#8221; background_color=&#8221;rgba(239,145,107,0.54)&#8221; background_image=&#8221;https:\/\/pdi.ro\/2020\/wp-content\/uploads\/2020\/02\/back.jpg&#8221; background_layout=&#8221;light&#8221; custom_margin=&#8221;0px||8px&#8221; custom_padding=&#8221;40px||40px||true&#8221; hover_enabled=&#8221;0&#8243; content_font_size_tablet=&#8221;&#8221; content_font_size_phone=&#8221;15px&#8221; content_font_size_last_edited=&#8221;on|desktop&#8221; title_text=&#8221;pdi_iulie_online&#8221;][\/et_pb_fullwidth_header][\/et_pb_section][et_pb_section fb_built=&#8221;1&#8243; _builder_version=&#8221;3.22&#8243; locked=&#8221;off&#8221;][et_pb_row column_structure=&#8221;2_5,3_5&#8243; _builder_version=&#8221;3.25&#8243;][et_pb_column type=&#8221;2_5&#8243; _builder_version=&#8221;3.25&#8243; custom_padding=&#8221;|||&#8221; custom_padding__hover=&#8221;|||&#8221;][et_pb_image src=&#8221;https:\/\/pdi.ro\/2020\/wp-content\/uploads\/2020\/05\/Opris-Daniela.jpg&#8221; align=&#8221;center&#8221; align_tablet=&#8221;center&#8221; align_phone=&#8221;&#8221; align_last_edited=&#8221;on|desktop&#8221; _builder_version=&#8221;4.4.1&#8243; max_width=&#8221;31%&#8221; border_radii=&#8221;on|100px|100px|100px|100px&#8221;][\/et_pb_image][\/et_pb_column][et_pb_column type=&#8221;3_5&#8243; _builder_version=&#8221;3.25&#8243; custom_padding=&#8221;|||&#8221; custom_padding__hover=&#8221;|||&#8221;][et_pb_text _builder_version=&#8221;4.4.1&#8243;]<\/p>\n<h4><strong><span style=\"color: #ff6600;\"><\/span><\/strong><\/h4>\n<h4><strong><span style=\"color: #ff6600;\"><\/span><\/strong><\/h4>\n<h4><strong><span style=\"color: #ff6600;\"><\/span><\/strong><\/h4>\n<h4><strong><span style=\"color: #ff6600;\">Conf. Dr. Opri\u015f-Belinski Daniela<\/span><\/strong><br \/><strong><span style=\"color: #ff6600;\">Spitalul Clinic &#8220;Sf\u00e2nta Maria&#8221;, U.M.F. &#8220;Carol Davila&#8221; Bucure\u015fti<\/span><\/strong><\/h4>\n<p>[\/et_pb_text][\/et_pb_column][\/et_pb_row][et_pb_row _builder_version=&#8221;3.25&#8243;][et_pb_column type=&#8221;4_4&#8243; _builder_version=&#8221;3.25&#8243; custom_padding=&#8221;|||&#8221; custom_padding__hover=&#8221;|||&#8221;][et_pb_text _builder_version=&#8221;4.4.7&#8243; hover_enabled=&#8221;0&#8243;]<\/p>\n<p style=\"text-align: justify;\"><span style=\"color: #ff6600;\">Nout\u0103\u0163i \u00een lupusul eritematos sistemic: Criteriile de clasificare ACR\/EULAR 2019 \u015fi o compara\u0163ie cu criteriile anterioare<\/span><br \/> <span style=\"color: #ff6600;\">Autor: Daniela Opri\u015f-Belinski<\/span><\/p>\n<p style=\"text-align: justify;\">Lupusul eritematos sistemic (LES) este o boal\u00e3 inflamatorie cronic\u00e3 caracterizeaz\u00e3 prin pierderea toleran\u0163ei la self \u015fi existen\u0163a fenomenelor autoimune. Apari\u0163ia de autoanticorpi determin\u00e3 distrugeri celulare \u015fi tisulare prin reac\u0163ia de citotoxicitate sau prin apari\u0163ia de complexe imune circulante. Toate acestea induc o heterogenitate marcat\u00e3 a manifest\u00e3rilor clinice \u015fi paraclinice fapt care asociaz\u0103 necesitatea existen\u0163ei unor criterii de clasificare validate cu sensibilitate \u015fi specificitate foarte \u00eenalte.<br \/>\nDe-a lungul timpului au existat mai multe criterii de clasificare, dintre care s-au remarcat criteriile ACR din 1982 revizuite \u00een 1997, apoi criteriile SLICC din 2012 \u015fi, ultimile ap\u0103rute, criteriile societ\u0103\u0163ilor american\u0103 \u015fi european\u0103 de reumatologie \u201cACR\/EULAR 2019\u201d. La fel ca \u015fi celelalte dou\u0103 criterii anterioare \u015fi \u00een cazul acestora din urm\u0103 exist\u0103 un sistem pe baz\u0103 de scor care evalueaz\u0103 at\u00e2t modific\u0103rile clinice \u00eenalt sugestive c\u00e2t \u015fi pe cele de laborator. Fiecare dintre elementele incluse \u00een cele 7 grupe de manifest\u0103ri clinice, hematologice \u015fi histologice (nefrita lupic\u0103) \u015fi 3 imunologice c\u00e2nt\u0103re\u015fte diferit (scor de la 2 la 10). Remarc\u0103m fa\u0163\u0103 de precedentele introducerea manifest\u0103rilor constitu\u0163ionale (febra), rezultatului la punc\u0163ia biopsie renal\u0103 dar \u015f\u00ee men\u0163inerea hipocomplementemiei, introdus\u0103 pentru prima data \u00een criteriile SLICC. Un pacient poate fi clasificat ca \u015fi LES numai dac\u0103 anticorpii anti nucleari sunt pozitivi (criteriu obligatoriu) \u015fi scorul cumulativ total este mai mare sau egal cu 10 puncte. Evaluarea cohortei de validare a acestor noi criterii a dus la o sensibilitate de 96,1% \u015fi o specificitate de 93,4%.\n<\/p>\n<p style=\"text-align: justify;\"><span style=\"color: #ff6600;\">What\u2019s new in systemic lupus: European League Against Rheumatism\/American College of Rheumatology Classification Criteria for Systemic Lupus Erythematosus<\/span><br \/> <span style=\"color: #ff6600;\">Author: Daniela Opri\u015f-Belinski<\/span><\/p>\n<p style=\"text-align: justify;\">Systemic lupus erythematosus (SLE) is a chronic inflammatory disease characterised by loss of self-tolerance and autoimmune manifestations. The appearance of autoantibodies produces tissue damage by both cytotoxicity reaction and type 3 immune complex reaction. Due to the marked heterogenicity of clinical and paraclinical features, the necessity of high specificity and sensibility classification criteria is very high.<br \/>\nSince 1982, with the first ACR criteria that were revised in 1997, we had SLICC criteria in 2012 and now, the new joint American and European EULAR\/ACR criteria. It uses a more complex scoring system that evaluates high suggestive clinical and paraclinical features. Every element that is included in the seven clinical, hematological, histological (lupus nephritis) and in the three immunologic domains is differently weighted according to importance (from 2 to 10). As compared to previous criteria we remark the inclusion of constitutional manifestations (fever) and the positive renal biopsy. Low complement levels, that were first introduced in SLICC, were preserved. Patients accumulating \u226510 points are classified, but only if anti-nuclear antibodies are positive (obligatory entry criterion). In the validation cohort, the new criteria had a sensitivity of 96.1% and specificity of 93.4%.\n<\/p>\n<p style=\"text-align: justify;\"><span style=\"color: #ff6600;\">Scurt CV<\/span><\/p>\n<p>Dr. Daniela Opris-Belinski a absolvit \u00een anul 2000  Universitatea de Medicin\u0103 \u0219i Farmacie Carol Davila din Bucure\u0219ti. Este medic primar medicin\u0103 intern\u0103 \u015fi reumatologie. Din anul 2015, dup\u0103 parcurgerea prin concurs a anterioarelor trepte ierarhice,  a devenit conferentiar la aceea\u0219i universitate.<br \/>\nInteresele sale de cercetare includ \u00een special bolile inflamatorii reumatologice artrita reumatoid\u0103, lupusul eritematos sistemic, sindromul Sj\u0151gen \u0219i c\u00e2teva forme de vasculit\u0103.<br \/>\nEste  autor \u015fi co-autor a peste 100 de lucr\u0103ri de specialitate publicate \u00een reviste na\u0163ionale \u015fi interna\u0163ionale. A publicat \u015fi coordonat mai multe c\u0103r\u0163i dar \u015fi capitole de carte.<br \/>\nA fost investigator principal \u015fi subinvestigator \u00een studii clinice interna\u021bionale de faz\u0103 a II-a \u0219i a III-a \u00een domeniul reumatologiei \u0219i, de asemenea, coordonatorul rom\u00e2n al unui grant interna\u0163ional Horizon 2020.<br \/>\nDr. Opris-Belinski este membru al Consiliului Editorial al Jurnalului Rom\u00e2n de Reumatologie, al mai multor reviste interna\u0163ionale,  membru activ al Societ\u0103\u021bii Rom\u00e2ne de Reumatologie,  Societ\u0103\u021bii Rom\u00e2ne de Medicin\u0103 Intern\u0103 \u0219i al mai multor societ\u0103\u021bi interna\u021bionale.\n<\/p>\n<p>[\/et_pb_text][\/et_pb_column][\/et_pb_row][\/et_pb_section][et_pb_section fb_built=&#8221;1&#8243; _builder_version=&#8221;3.22&#8243; background_color=&#8221;rgba(117,194,33,0.23)&#8221; background_image=&#8221;https:\/\/pdi.ro\/2020\/wp-content\/uploads\/2020\/02\/back_justflowers_overlay1.png&#8221; background_blend=&#8221;luminosity&#8221; custom_padding=&#8221;54px|0px|0|0px|false|false&#8221; top_divider_style=&#8221;waves2&#8243; top_divider_color=&#8221;#ffffff&#8221; top_divider_height=&#8221;155px&#8221; top_divider_height_tablet=&#8221;&#8221; top_divider_height_phone=&#8221;97px&#8221; top_divider_height_last_edited=&#8221;on|desktop&#8221; bottom_divider_style=&#8221;waves2&#8243; bottom_divider_color=&#8221;#75c221&#8243; bottom_divider_flip=&#8221;vertical&#8221; bottom_divider_height_tablet=&#8221;&#8221; bottom_divider_height_phone=&#8221;59px&#8221; bottom_divider_height_last_edited=&#8221;on|desktop&#8221;][et_pb_row column_structure=&#8221;3_5,2_5&#8243; _builder_version=&#8221;3.25&#8243; custom_padding=&#8221;61px|0px|69px|0px|false|false&#8221;][et_pb_column type=&#8221;3_5&#8243; _builder_version=&#8221;3.25&#8243; custom_padding=&#8221;|||&#8221; custom_padding__hover=&#8221;|||&#8221;][et_pb_text _builder_version=&#8221;4.0.11&#8243; text_font=&#8221;Kaushan Script||||||||&#8221; text_text_color=&#8221;#f0622a&#8221; text_font_size=&#8221;30px&#8221; text_line_height=&#8221;1.2em&#8221; header_font=&#8221;||||||||&#8221; background_layout=&#8221;dark&#8221; text_font_size_tablet=&#8221;&#8221; text_font_size_phone=&#8221;&#8221; text_font_size_last_edited=&#8221;on|desktop&#8221;]<\/p>\n<p>Contacteaz\u0103 operatorul PDI 2020<\/p>\n<p>[\/et_pb_text][et_pb_contact_form email=&#8221;contact@primaderma.ro\/2019&#8243; submit_button_text=&#8221;Trimite mesajul&#8221; _builder_version=&#8221;3.19.4&#8243; title_font=&#8221;||||||||&#8221;][et_pb_contact_field field_id=&#8221;Name&#8221; field_title=&#8221;Nume&#8221; _builder_version=&#8221;3.18.9&#8243; button_text_size__hover_enabled=&#8221;off&#8221; button_one_text_size__hover_enabled=&#8221;off&#8221; button_two_text_size__hover_enabled=&#8221;off&#8221; button_text_color__hover_enabled=&#8221;off&#8221; button_one_text_color__hover_enabled=&#8221;off&#8221; button_two_text_color__hover_enabled=&#8221;off&#8221; button_border_width__hover_enabled=&#8221;off&#8221; button_one_border_width__hover_enabled=&#8221;off&#8221; button_two_border_width__hover_enabled=&#8221;off&#8221; button_border_color__hover_enabled=&#8221;off&#8221; button_one_border_color__hover_enabled=&#8221;off&#8221; button_two_border_color__hover_enabled=&#8221;off&#8221; button_border_radius__hover_enabled=&#8221;off&#8221; button_one_border_radius__hover_enabled=&#8221;off&#8221; button_two_border_radius__hover_enabled=&#8221;off&#8221; button_letter_spacing__hover_enabled=&#8221;off&#8221; button_one_letter_spacing__hover_enabled=&#8221;off&#8221; button_two_letter_spacing__hover_enabled=&#8221;off&#8221; button_bg_color__hover_enabled=&#8221;off&#8221; button_one_bg_color__hover_enabled=&#8221;off&#8221; button_two_bg_color__hover_enabled=&#8221;off&#8221;][\/et_pb_contact_field][et_pb_contact_field field_id=&#8221;Email&#8221; field_title=&#8221;Adresa de e-mail&#8221; field_type=&#8221;email&#8221; _builder_version=&#8221;3.19.4&#8243; button_text_size__hover_enabled=&#8221;off&#8221; button_one_text_size__hover_enabled=&#8221;off&#8221; button_two_text_size__hover_enabled=&#8221;off&#8221; button_text_color__hover_enabled=&#8221;off&#8221; button_one_text_color__hover_enabled=&#8221;off&#8221; button_two_text_color__hover_enabled=&#8221;off&#8221; button_border_width__hover_enabled=&#8221;off&#8221; button_one_border_width__hover_enabled=&#8221;off&#8221; button_two_border_width__hover_enabled=&#8221;off&#8221; button_border_color__hover_enabled=&#8221;off&#8221; button_one_border_color__hover_enabled=&#8221;off&#8221; button_two_border_color__hover_enabled=&#8221;off&#8221; button_border_radius__hover_enabled=&#8221;off&#8221; button_one_border_radius__hover_enabled=&#8221;off&#8221; button_two_border_radius__hover_enabled=&#8221;off&#8221; button_letter_spacing__hover_enabled=&#8221;off&#8221; button_one_letter_spacing__hover_enabled=&#8221;off&#8221; button_two_letter_spacing__hover_enabled=&#8221;off&#8221; button_bg_color__hover_enabled=&#8221;off&#8221; button_one_bg_color__hover_enabled=&#8221;off&#8221; button_two_bg_color__hover_enabled=&#8221;off&#8221;][\/et_pb_contact_field][et_pb_contact_field field_id=&#8221;Message&#8221; field_title=&#8221;Mesajul dvs.&#8221; field_type=&#8221;text&#8221; fullwidth_field=&#8221;on&#8221; _builder_version=&#8221;3.18.9&#8243; button_text_size__hover_enabled=&#8221;off&#8221; button_one_text_size__hover_enabled=&#8221;off&#8221; button_two_text_size__hover_enabled=&#8221;off&#8221; button_text_color__hover_enabled=&#8221;off&#8221; button_one_text_color__hover_enabled=&#8221;off&#8221; button_two_text_color__hover_enabled=&#8221;off&#8221; button_border_width__hover_enabled=&#8221;off&#8221; button_one_border_width__hover_enabled=&#8221;off&#8221; button_two_border_width__hover_enabled=&#8221;off&#8221; button_border_color__hover_enabled=&#8221;off&#8221; button_one_border_color__hover_enabled=&#8221;off&#8221; button_two_border_color__hover_enabled=&#8221;off&#8221; button_border_radius__hover_enabled=&#8221;off&#8221; button_one_border_radius__hover_enabled=&#8221;off&#8221; button_two_border_radius__hover_enabled=&#8221;off&#8221; button_letter_spacing__hover_enabled=&#8221;off&#8221; button_one_letter_spacing__hover_enabled=&#8221;off&#8221; button_two_letter_spacing__hover_enabled=&#8221;off&#8221; button_bg_color__hover_enabled=&#8221;off&#8221; button_one_bg_color__hover_enabled=&#8221;off&#8221; button_two_bg_color__hover_enabled=&#8221;off&#8221;][\/et_pb_contact_field][\/et_pb_contact_form][\/et_pb_column][et_pb_column type=&#8221;2_5&#8243; _builder_version=&#8221;3.25&#8243; custom_padding=&#8221;|||&#8221; custom_padding__hover=&#8221;|||&#8221;][et_pb_text _builder_version=&#8221;4.0.11&#8243; text_font=&#8221;Kaushan Script||||||||&#8221; text_text_color=&#8221;#f0622a&#8221; text_font_size=&#8221;30px&#8221; header_font=&#8221;||||||||&#8221; background_layout=&#8221;dark&#8221;]<\/p>\n<p>Operatorul PDI 2020<\/p>\n<p>[\/et_pb_text][et_pb_text _builder_version=&#8221;4.0.11&#8243; text_font=&#8221;||||||||&#8221;]<\/p>\n<p><span><img loading=\"lazy\" decoding=\"async\" src=\"https:\/\/pdi.ro\/2020\/wp-content\/uploads\/2020\/02\/eventer_logo_150px.png\" width=\"151\" height=\"33\" alt=\"\" class=\"wp-image-774 alignleft size-full\" \/><\/span><\/p>\n<p><span><\/span><\/p>\n<p><span><\/span><\/p>\n<p><span>Adresa: Str. A. Panu nr. 13, Iasi<\/span><br \/> <span>Tel.: 0332.40.88.00-05<\/span><br \/> <span>E-mail: <a href=\"mailto:inscrieri@primaderma.ro\" target=\"_blank\" rel=\"noopener noreferrer\">inscrieri@primaderma.ro<\/a><br \/> <\/span><span>Website:\u00a0<\/span><a href=\"http:\/\/www.eventernet.ro\/\" target=\"Blank\" rel=\"noopener noreferrer\">www.eventernet.ro<\/a><\/p>\n<p>[\/et_pb_text][et_pb_text disabled_on=&#8221;off|off|off&#8221; _builder_version=&#8221;4.0.11&#8243; text_font=&#8221;Kaushan Script||||||||&#8221; text_text_color=&#8221;#f0622a&#8221; text_font_size=&#8221;30px&#8221; header_font=&#8221;||||||||&#8221; background_layout=&#8221;dark&#8221; locked=&#8221;off&#8221;]<\/p>\n<p>Parteneri Media<\/p>\n<p>[\/et_pb_text][et_pb_gallery gallery_ids=&#8221;7203,7204,7232,7231&#8243; fullwidth=&#8221;on&#8221; _builder_version=&#8221;4.0.11&#8243; transform_scale=&#8221;86%|86%&#8221; max_width=&#8221;63%&#8221; auto=&#8221;on&#8221; auto_speed=&#8221;3500&#8243; hover_transition_duration=&#8221;100ms&#8221; hover_transition_delay=&#8221;50ms&#8221; hover_transition_speed_curve=&#8221;ease-in-out&#8221; locked=&#8221;off&#8221;][\/et_pb_gallery][\/et_pb_column][\/et_pb_row][\/et_pb_section]<\/p>\n","protected":false},"excerpt":{"rendered":"<p>Conf. Dr. Opri\u015f-Belinski DanielaSpitalul Clinic &#8220;Sf\u00e2nta Maria&#8221;, U.M.F. &#8220;Carol Davila&#8221; Bucure\u015ftiNout\u0103\u0163i \u00een lupusul eritematos sistemic: Criteriile de clasificare ACR\/EULAR 2019 \u015fi o compara\u0163ie cu criteriile anterioare Autor: Daniela Opri\u015f-Belinski Lupusul eritematos sistemic (LES) este o boal\u00e3 inflamatorie cronic\u00e3 caracterizeaz\u00e3 prin pierderea toleran\u0163ei la self \u015fi existen\u0163a fenomenelor autoimune. Apari\u0163ia de autoanticorpi determin\u00e3 distrugeri celulare \u015fi [&hellip;]<\/p>\n","protected":false},"author":2,"featured_media":0,"parent":0,"menu_order":0,"comment_status":"closed","ping_status":"closed","template":"","meta":{"_et_pb_use_builder":"on","_et_pb_old_content":"","_et_gb_content_width":"","footnotes":""},"class_list":["post-7977","page","type-page","status-publish","hentry"],"_links":{"self":[{"href":"https:\/\/pdi.ro\/2020\/wp-json\/wp\/v2\/pages\/7977","targetHints":{"allow":["GET"]}}],"collection":[{"href":"https:\/\/pdi.ro\/2020\/wp-json\/wp\/v2\/pages"}],"about":[{"href":"https:\/\/pdi.ro\/2020\/wp-json\/wp\/v2\/types\/page"}],"author":[{"embeddable":true,"href":"https:\/\/pdi.ro\/2020\/wp-json\/wp\/v2\/users\/2"}],"replies":[{"embeddable":true,"href":"https:\/\/pdi.ro\/2020\/wp-json\/wp\/v2\/comments?post=7977"}],"version-history":[{"count":5,"href":"https:\/\/pdi.ro\/2020\/wp-json\/wp\/v2\/pages\/7977\/revisions"}],"predecessor-version":[{"id":8186,"href":"https:\/\/pdi.ro\/2020\/wp-json\/wp\/v2\/pages\/7977\/revisions\/8186"}],"wp:attachment":[{"href":"https:\/\/pdi.ro\/2020\/wp-json\/wp\/v2\/media?parent=7977"}],"curies":[{"name":"wp","href":"https:\/\/api.w.org\/{rel}","templated":true}]}}