{"id":7995,"date":"2020-05-25T15:07:49","date_gmt":"2020-05-25T13:07:49","guid":{"rendered":"https:\/\/primaderma.ro\/?page_id=7995"},"modified":"2020-05-29T12:54:23","modified_gmt":"2020-05-29T10:54:23","slug":"dr-ungureanu-gabriela","status":"publish","type":"page","link":"https:\/\/pdi.ro\/2020\/dr-ungureanu-gabriela\/","title":{"rendered":"Dr. Ungureanu Gabriela"},"content":{"rendered":"<p>[et_pb_section fb_built=&#8221;1&#8243; fullwidth=&#8221;on&#8221; disabled_on=&#8221;on|off|off&#8221; _builder_version=&#8221;3.22&#8243; custom_margin=&#8221;||&#8221; custom_padding=&#8221;15px||29px&#8221; top_divider_style=&#8221;waves2&#8243; top_divider_color=&#8221;#f0622a&#8221; top_divider_flip=&#8221;horizontal|vertical&#8221; bottom_divider_style=&#8221;waves2&#8243; bottom_divider_color=&#8221;#fcdedb&#8221; bottom_divider_height=&#8221;105px&#8221; bottom_divider_flip=&#8221;vertical&#8221; collapsed=&#8221;off&#8221;][et_pb_fullwidth_header title=&#8221;@ET-DC@eyJkeW5hbWljIjp0cnVlLCJjb250ZW50IjoicG9zdF90aXRsZSIsInNldHRpbmdzIjp7ImJlZm9yZSI6IiIsImFmdGVyIjoiIn19@&#8221; text_orientation=&#8221;right&#8221; header_image_url=&#8221;https:\/\/pdi.ro\/2020\/wp-content\/uploads\/2020\/05\/pdi_iulie_online.png&#8221; disabled_on=&#8221;on|on|off&#8221; _builder_version=&#8221;4.4.7&#8243; _dynamic_attributes=&#8221;title&#8221; title_font=&#8221;Kaushan Script||||||||&#8221; title_text_align=&#8221;right&#8221; title_text_color=&#8221;#f0622a&#8221; title_font_size=&#8221;50px&#8221; content_font=&#8221;|600||on|||||&#8221; content_text_align=&#8221;center&#8221; content_text_color=&#8221;#686766&#8243; content_font_size=&#8221;15px&#8221; subhead_font=&#8221;||||||||&#8221; background_color=&#8221;rgba(239,145,107,0.54)&#8221; background_image=&#8221;https:\/\/pdi.ro\/2020\/wp-content\/uploads\/2020\/02\/back.jpg&#8221; background_layout=&#8221;light&#8221; custom_margin=&#8221;0px||8px&#8221; custom_padding=&#8221;40px||40px||true&#8221; content_font_size_tablet=&#8221;&#8221; content_font_size_phone=&#8221;15px&#8221; content_font_size_last_edited=&#8221;on|desktop&#8221;][\/et_pb_fullwidth_header][\/et_pb_section][et_pb_section fb_built=&#8221;1&#8243; _builder_version=&#8221;3.22&#8243; locked=&#8221;off&#8221;][et_pb_row column_structure=&#8221;2_5,3_5&#8243; _builder_version=&#8221;3.25&#8243;][et_pb_column type=&#8221;2_5&#8243; _builder_version=&#8221;3.25&#8243; custom_padding=&#8221;|||&#8221; custom_padding__hover=&#8221;|||&#8221;][et_pb_image src=&#8221;https:\/\/pdi.ro\/2020\/wp-content\/uploads\/2020\/02\/POZA-gabriela-gabriela-ungureanu-1.jpg&#8221; align=&#8221;center&#8221; align_tablet=&#8221;center&#8221; align_phone=&#8221;&#8221; align_last_edited=&#8221;on|desktop&#8221; _builder_version=&#8221;4.4.1&#8243; max_width=&#8221;31%&#8221; border_radii=&#8221;on|100px|100px|100px|100px&#8221;][\/et_pb_image][\/et_pb_column][et_pb_column type=&#8221;3_5&#8243; _builder_version=&#8221;3.25&#8243; custom_padding=&#8221;|||&#8221; custom_padding__hover=&#8221;|||&#8221;][et_pb_text _builder_version=&#8221;4.4.1&#8243;]<\/p>\n<h4><strong><span style=\"color: #ff6600;\"><\/span><\/strong><\/h4>\n<h4><strong><span style=\"color: #ff6600;\"><\/span><\/strong><\/h4>\n<h4><strong><span style=\"color: #ff6600;\"><\/span><\/strong><\/h4>\n<h4><strong><span style=\"color: #ff6600;\">Dr. Ungureanu Gabriela<\/span><\/strong><br \/>\n<strong><span style=\"color: #ff6600;\"> Spitalul Jude\u0163ean de Urgen\u0163e Bac\u0103u<\/span><\/strong><\/h4>\n<p>[\/et_pb_text][\/et_pb_column][\/et_pb_row][et_pb_row _builder_version=&#8221;3.25&#8243;][et_pb_column type=&#8221;4_4&#8243; _builder_version=&#8221;3.25&#8243; custom_padding=&#8221;|||&#8221; custom_padding__hover=&#8221;|||&#8221;][et_pb_text _builder_version=&#8221;4.4.7&#8243; hover_enabled=&#8221;0&#8243;]<\/p>\n<p style=\"text-align: justify;\"><span style=\"color: #ff6600;\">Angioedemul ereditar \u2013 o provocare medical\u0103<\/span><br \/> <span style=\"color: #ff6600;\">Autor: Gabriela Ungureanu <\/span><\/p>\n<p style=\"text-align: justify;\">AEE este o boal\u0103 genetic\u0103 rar\u0103, cu poten\u021bial letal, cu transmitere autozomal dominant\u0103 indus\u0103 prin deficit enzimatic de C1INH, caracterizat\u0103 prin episoade recurente de angioedem (f\u0103r\u0103 urticarie), cu caracter de durere \u0219i arsur\u0103, manifestat la nivel cutanat \u0219i al mucoaselor.<br \/> Clinic, se poate identifica edem la nivelul extremit\u0103\u021bilor (membre, facial, OGE), atacuri abdominale acute \u0219i manifest\u0103ri respiratorii cu dificultate la \u00eenghi\u021bit, respirat, amenin\u021batoare de via\u021b\u0103 ce necesit\u0103 intuba\u021bie orotraheal\u0103.<br \/> Diagnosticul clinic necesit\u0103 o anamnez\u0103 familial\u0103 \u0219i personal\u0103 am\u0103nun\u021bit\u0103, teste serologice pentru determinare C1INH \u0219i C4 \u0219i test genetic F-XII.<br \/> Terapeutic, AEE nu r\u0103spunde la antihistaminice, corticoterapie sistemic\u0219 sau adrenalin\u0103. AEE r\u0103spunde la concentrate C1INH, C1INH recombinant, blocant al receptorului de bradikinin\u0103 \u0219i blocan\u021bi de kalicrein\u0103, deorece este un angiodem mediat de bradikinin\u0103 \u0219i nu de histamin\u0103.<\/p>\n<p style=\"text-align: justify;\"><span style=\"color: #ff6600;\">Hereditery angioedema \u201cHAE\u201d \u2013 a medical challenge<\/span><br \/> <span style=\"color: #ff6600;\">Author: Gabriela Ungureanu <\/span><\/p>\n<p style=\"text-align: justify;\">Heredetery angioedema is a rare genetic condition caused by mutation in the SERPING 1 gene.This condition is inherited in an autosomal dominant pattern. HAE is a disorder characterized by recurrent episodes of severe swelling \u2013 angioedema under the skin and lining of the gut and lung. Minor trauma or stress may trigger an attack.<br \/>The most commons areas of the body to develop swelling are the limbs, face, intestinal tract and airway. Itchiness does not tipically. If the intestinal truct is affected occur abdominal pain and vomiting, nausea and diarrhea. Swelling in the airway constrict breathing and lead to life threatening obstruction of the airway, and could be deadly. Simptomps of HAE typically begin in childhood and worsen during the puberty.<br \/>Mutation in the SERPING 1 induse HAE Type I \u2013 lead to reduced levels of C1Inhibitor in the blood, while Type II result in the normal production of C1Inhibitor that function is abnormally. Mutation in the F XII gene are associated with some case of HAE Type III. This mutation result in the production of F XII with increased activity. As a result, more bradykinine is generated, and blood vessel becomes more leaky, wich leads to sudden episodes of swelling.<br \/>Treatement :<br \/> \u2022 antihistamines and corticosteroid that treat allergies don\u2019t work well for this disease.<br \/> \u2022 treat or prevent attack with: &#8211; BERINERT, CINRYZE \u2013 C1 esteraze inhibitor;<br \/> &#8211; RUCONEST \u2013 conestalalfa recombined;<br \/> &#8211; FIRAZYR \u2013 icatibant \u2013 bradikynin receptor blocker;<br \/> &#8211; KALBITOR \u2013 ecallantinde \u2013 kalicrein blocker;<br \/> &#8211; TAKHZYRO &#8211; lanadelumab.<\/p>\n<p style=\"text-align: justify;\"><span style=\"color: #ff6600;\">Scurt CV<\/span><\/p>\n<p><strong>Experien\u021ba:<\/strong><br \/> 2014 &#8211; Prezent &#8211; Manager clinica \u201dNew Medical\u201d Bac\u0103u \u2013 Clinica alergologie\u2013imunologie clinic\u0103<br \/> 2004 &#8211; Prezent \u2013 Coordonator compartiment alergologie\u2013imunologie clinic\u0103, Sec\u021bia dermato\u2013venerice , Spitalul Jude\u0163ean de Urgen\u0163e Bac\u0103u<br \/> 2019 &#8211; Specialist dermato\u2013venerice<br \/> 2009 &#8211; Medic primar alergologie imunologie clinic\u0103<br \/> 2004 &#8211; Medic specialist alergologie imunologie clinic\u0103<br \/> 1999 &#8211; 2004 &#8211; Rezident alergologie imunologie clinic\u0103 Spital Clinic \u201cNicolae Malaxa\u201d Bucure\u0219ti, U.M.F. \u201cCarol Davila\u201d<br \/> 1996 &#8211; 1999 \u2013 Serviciu de Ambulan\u021b\u0103 Jude\u021bean Bac\u0103u<br \/> 1990 &#8211; 1996 \u2013 U.M.F. \u201cGrigore T. Popa\u201c Ia\u0219i \u2013 Medic Generalist<\/p>\n<p><strong>Apartenen\u0163a la Societ\u0103\u0163i \u015ftiin\u0163ifice:<\/strong><br \/> Membru Societatea Rom\u00e2n\u0103 Dermatologie<br \/> Membru Societatea Rom\u00e2n\u0103 de Alergologie Imunologie Clinic\u0103<br \/> Membru Academia European\u0103 de Alergologie Imunologie Clinic\u0103<br \/> Membru Asocia\u021bia Dermatologilor din Moldova<\/p>\n<p>[\/et_pb_text][\/et_pb_column][\/et_pb_row][\/et_pb_section][et_pb_section fb_built=&#8221;1&#8243; _builder_version=&#8221;3.22&#8243; background_color=&#8221;rgba(117,194,33,0.23)&#8221; background_image=&#8221;https:\/\/pdi.ro\/2020\/wp-content\/uploads\/2020\/02\/back_justflowers_overlay1.png&#8221; background_blend=&#8221;luminosity&#8221; custom_padding=&#8221;54px|0px|0|0px|false|false&#8221; top_divider_style=&#8221;waves2&#8243; top_divider_color=&#8221;#ffffff&#8221; top_divider_height=&#8221;155px&#8221; top_divider_height_tablet=&#8221;&#8221; top_divider_height_phone=&#8221;97px&#8221; top_divider_height_last_edited=&#8221;on|desktop&#8221; bottom_divider_style=&#8221;waves2&#8243; bottom_divider_color=&#8221;#75c221&#8243; bottom_divider_flip=&#8221;vertical&#8221; bottom_divider_height_tablet=&#8221;&#8221; bottom_divider_height_phone=&#8221;59px&#8221; bottom_divider_height_last_edited=&#8221;on|desktop&#8221;][et_pb_row column_structure=&#8221;3_5,2_5&#8243; _builder_version=&#8221;3.25&#8243; custom_padding=&#8221;61px|0px|69px|0px|false|false&#8221;][et_pb_column type=&#8221;3_5&#8243; _builder_version=&#8221;3.25&#8243; custom_padding=&#8221;|||&#8221; custom_padding__hover=&#8221;|||&#8221;][et_pb_text _builder_version=&#8221;4.0.11&#8243; text_font=&#8221;Kaushan Script||||||||&#8221; text_text_color=&#8221;#f0622a&#8221; text_font_size=&#8221;30px&#8221; text_line_height=&#8221;1.2em&#8221; header_font=&#8221;||||||||&#8221; background_layout=&#8221;dark&#8221; text_font_size_tablet=&#8221;&#8221; text_font_size_phone=&#8221;&#8221; text_font_size_last_edited=&#8221;on|desktop&#8221;]<\/p>\n<p>Contacteaz\u0103 operatorul PDI 2020<\/p>\n<p>[\/et_pb_text][et_pb_contact_form email=&#8221;contact@primaderma.ro\/2019&#8243; submit_button_text=&#8221;Trimite mesajul&#8221; _builder_version=&#8221;3.19.4&#8243; title_font=&#8221;||||||||&#8221;][et_pb_contact_field field_id=&#8221;Name&#8221; field_title=&#8221;Nume&#8221; _builder_version=&#8221;3.18.9&#8243; button_text_size__hover_enabled=&#8221;off&#8221; button_one_text_size__hover_enabled=&#8221;off&#8221; button_two_text_size__hover_enabled=&#8221;off&#8221; button_text_color__hover_enabled=&#8221;off&#8221; button_one_text_color__hover_enabled=&#8221;off&#8221; button_two_text_color__hover_enabled=&#8221;off&#8221; button_border_width__hover_enabled=&#8221;off&#8221; button_one_border_width__hover_enabled=&#8221;off&#8221; button_two_border_width__hover_enabled=&#8221;off&#8221; button_border_color__hover_enabled=&#8221;off&#8221; button_one_border_color__hover_enabled=&#8221;off&#8221; button_two_border_color__hover_enabled=&#8221;off&#8221; button_border_radius__hover_enabled=&#8221;off&#8221; button_one_border_radius__hover_enabled=&#8221;off&#8221; button_two_border_radius__hover_enabled=&#8221;off&#8221; button_letter_spacing__hover_enabled=&#8221;off&#8221; button_one_letter_spacing__hover_enabled=&#8221;off&#8221; button_two_letter_spacing__hover_enabled=&#8221;off&#8221; button_bg_color__hover_enabled=&#8221;off&#8221; button_one_bg_color__hover_enabled=&#8221;off&#8221; button_two_bg_color__hover_enabled=&#8221;off&#8221;][\/et_pb_contact_field][et_pb_contact_field field_id=&#8221;Email&#8221; field_title=&#8221;Adresa de e-mail&#8221; field_type=&#8221;email&#8221; _builder_version=&#8221;3.19.4&#8243; button_text_size__hover_enabled=&#8221;off&#8221; button_one_text_size__hover_enabled=&#8221;off&#8221; button_two_text_size__hover_enabled=&#8221;off&#8221; button_text_color__hover_enabled=&#8221;off&#8221; button_one_text_color__hover_enabled=&#8221;off&#8221; button_two_text_color__hover_enabled=&#8221;off&#8221; button_border_width__hover_enabled=&#8221;off&#8221; button_one_border_width__hover_enabled=&#8221;off&#8221; button_two_border_width__hover_enabled=&#8221;off&#8221; button_border_color__hover_enabled=&#8221;off&#8221; button_one_border_color__hover_enabled=&#8221;off&#8221; button_two_border_color__hover_enabled=&#8221;off&#8221; button_border_radius__hover_enabled=&#8221;off&#8221; button_one_border_radius__hover_enabled=&#8221;off&#8221; button_two_border_radius__hover_enabled=&#8221;off&#8221; button_letter_spacing__hover_enabled=&#8221;off&#8221; button_one_letter_spacing__hover_enabled=&#8221;off&#8221; button_two_letter_spacing__hover_enabled=&#8221;off&#8221; button_bg_color__hover_enabled=&#8221;off&#8221; button_one_bg_color__hover_enabled=&#8221;off&#8221; button_two_bg_color__hover_enabled=&#8221;off&#8221;][\/et_pb_contact_field][et_pb_contact_field field_id=&#8221;Message&#8221; field_title=&#8221;Mesajul dvs.&#8221; field_type=&#8221;text&#8221; fullwidth_field=&#8221;on&#8221; _builder_version=&#8221;3.18.9&#8243; button_text_size__hover_enabled=&#8221;off&#8221; button_one_text_size__hover_enabled=&#8221;off&#8221; button_two_text_size__hover_enabled=&#8221;off&#8221; button_text_color__hover_enabled=&#8221;off&#8221; button_one_text_color__hover_enabled=&#8221;off&#8221; button_two_text_color__hover_enabled=&#8221;off&#8221; button_border_width__hover_enabled=&#8221;off&#8221; button_one_border_width__hover_enabled=&#8221;off&#8221; button_two_border_width__hover_enabled=&#8221;off&#8221; button_border_color__hover_enabled=&#8221;off&#8221; button_one_border_color__hover_enabled=&#8221;off&#8221; button_two_border_color__hover_enabled=&#8221;off&#8221; button_border_radius__hover_enabled=&#8221;off&#8221; button_one_border_radius__hover_enabled=&#8221;off&#8221; button_two_border_radius__hover_enabled=&#8221;off&#8221; button_letter_spacing__hover_enabled=&#8221;off&#8221; button_one_letter_spacing__hover_enabled=&#8221;off&#8221; button_two_letter_spacing__hover_enabled=&#8221;off&#8221; button_bg_color__hover_enabled=&#8221;off&#8221; button_one_bg_color__hover_enabled=&#8221;off&#8221; button_two_bg_color__hover_enabled=&#8221;off&#8221;][\/et_pb_contact_field][\/et_pb_contact_form][\/et_pb_column][et_pb_column type=&#8221;2_5&#8243; _builder_version=&#8221;3.25&#8243; custom_padding=&#8221;|||&#8221; custom_padding__hover=&#8221;|||&#8221;][et_pb_text _builder_version=&#8221;4.0.11&#8243; text_font=&#8221;Kaushan Script||||||||&#8221; text_text_color=&#8221;#f0622a&#8221; text_font_size=&#8221;30px&#8221; header_font=&#8221;||||||||&#8221; background_layout=&#8221;dark&#8221;]<\/p>\n<p>Operatorul PDI 2020<\/p>\n<p>[\/et_pb_text][et_pb_text _builder_version=&#8221;4.0.11&#8243; text_font=&#8221;||||||||&#8221;]<\/p>\n<p><span><img loading=\"lazy\" decoding=\"async\" src=\"https:\/\/pdi.ro\/2020\/wp-content\/uploads\/2020\/02\/eventer_logo_150px.png\" width=\"151\" height=\"33\" alt=\"\" class=\"wp-image-774 alignleft size-full\" \/><\/span><\/p>\n<p><span><\/span><\/p>\n<p><span><\/span><\/p>\n<p><span>Adresa: Str. A. Panu nr. 13, Iasi<\/span><br \/> <span>Tel.: 0332.40.88.00-05<\/span><br \/> <span>E-mail: <a href=\"mailto:inscrieri@primaderma.ro\" target=\"_blank\" rel=\"noopener noreferrer\">inscrieri@primaderma.ro<\/a><br \/> <\/span><span>Website:\u00a0<\/span><a href=\"http:\/\/www.eventernet.ro\/\" target=\"Blank\" rel=\"noopener noreferrer\">www.eventernet.ro<\/a><\/p>\n<p>[\/et_pb_text][et_pb_text disabled_on=&#8221;off|off|off&#8221; _builder_version=&#8221;4.0.11&#8243; text_font=&#8221;Kaushan Script||||||||&#8221; text_text_color=&#8221;#f0622a&#8221; text_font_size=&#8221;30px&#8221; header_font=&#8221;||||||||&#8221; background_layout=&#8221;dark&#8221; locked=&#8221;off&#8221;]<\/p>\n<p>Parteneri Media<\/p>\n<p>[\/et_pb_text][et_pb_gallery gallery_ids=&#8221;7203,7204,7232,7231&#8243; fullwidth=&#8221;on&#8221; _builder_version=&#8221;4.0.11&#8243; transform_scale=&#8221;86%|86%&#8221; max_width=&#8221;63%&#8221; auto=&#8221;on&#8221; auto_speed=&#8221;3500&#8243; hover_transition_duration=&#8221;100ms&#8221; hover_transition_delay=&#8221;50ms&#8221; hover_transition_speed_curve=&#8221;ease-in-out&#8221; locked=&#8221;off&#8221;][\/et_pb_gallery][\/et_pb_column][\/et_pb_row][\/et_pb_section]<\/p>\n","protected":false},"excerpt":{"rendered":"<p>Dr. Ungureanu Gabriela Spitalul Jude\u0163ean de Urgen\u0163e Bac\u0103uAngioedemul ereditar \u2013 o provocare medical\u0103 Autor: Gabriela Ungureanu AEE este o boal\u0103 genetic\u0103 rar\u0103, cu poten\u021bial letal, cu transmitere autozomal dominant\u0103 indus\u0103 prin deficit enzimatic de C1INH, caracterizat\u0103 prin episoade recurente de angioedem (f\u0103r\u0103 urticarie), cu caracter de durere \u0219i arsur\u0103, manifestat la nivel cutanat \u0219i al [&hellip;]<\/p>\n","protected":false},"author":2,"featured_media":0,"parent":0,"menu_order":0,"comment_status":"closed","ping_status":"closed","template":"","meta":{"_et_pb_use_builder":"on","_et_pb_old_content":"","_et_gb_content_width":"","footnotes":""},"class_list":["post-7995","page","type-page","status-publish","hentry"],"_links":{"self":[{"href":"https:\/\/pdi.ro\/2020\/wp-json\/wp\/v2\/pages\/7995","targetHints":{"allow":["GET"]}}],"collection":[{"href":"https:\/\/pdi.ro\/2020\/wp-json\/wp\/v2\/pages"}],"about":[{"href":"https:\/\/pdi.ro\/2020\/wp-json\/wp\/v2\/types\/page"}],"author":[{"embeddable":true,"href":"https:\/\/pdi.ro\/2020\/wp-json\/wp\/v2\/users\/2"}],"replies":[{"embeddable":true,"href":"https:\/\/pdi.ro\/2020\/wp-json\/wp\/v2\/comments?post=7995"}],"version-history":[{"count":7,"href":"https:\/\/pdi.ro\/2020\/wp-json\/wp\/v2\/pages\/7995\/revisions"}],"predecessor-version":[{"id":8217,"href":"https:\/\/pdi.ro\/2020\/wp-json\/wp\/v2\/pages\/7995\/revisions\/8217"}],"wp:attachment":[{"href":"https:\/\/pdi.ro\/2020\/wp-json\/wp\/v2\/media?parent=7995"}],"curies":[{"name":"wp","href":"https:\/\/api.w.org\/{rel}","templated":true}]}}