{"id":8071,"date":"2020-05-28T13:39:06","date_gmt":"2020-05-28T11:39:06","guid":{"rendered":"https:\/\/primaderma.ro\/?page_id=8071"},"modified":"2020-07-09T10:52:06","modified_gmt":"2020-07-09T08:52:06","slug":"prof-univ-dr-miron-lucian","status":"publish","type":"page","link":"https:\/\/pdi.ro\/2020\/prof-univ-dr-miron-lucian\/","title":{"rendered":"Prof. Univ. Dr. Miron Lucian"},"content":{"rendered":"<p>[et_pb_section fb_built=&#8221;1&#8243; fullwidth=&#8221;on&#8221; disabled_on=&#8221;on|off|off&#8221; _builder_version=&#8221;3.22&#8243; custom_margin=&#8221;||&#8221; custom_padding=&#8221;15px||29px&#8221; top_divider_style=&#8221;waves2&#8243; top_divider_color=&#8221;#f0622a&#8221; top_divider_flip=&#8221;horizontal|vertical&#8221; bottom_divider_style=&#8221;waves2&#8243; bottom_divider_color=&#8221;#fcdedb&#8221; bottom_divider_height=&#8221;105px&#8221; bottom_divider_flip=&#8221;vertical&#8221; collapsed=&#8221;off&#8221;][et_pb_fullwidth_header title=&#8221;@ET-DC@eyJkeW5hbWljIjp0cnVlLCJjb250ZW50IjoicG9zdF90aXRsZSIsInNldHRpbmdzIjp7ImJlZm9yZSI6IiIsImFmdGVyIjoiIn19@&#8221; text_orientation=&#8221;right&#8221; header_image_url=&#8221;https:\/\/pdi.ro\/2020\/wp-content\/uploads\/2020\/05\/pdi_iulie_online.png&#8221; disabled_on=&#8221;on|on|off&#8221; _builder_version=&#8221;4.4.7&#8243; _dynamic_attributes=&#8221;title&#8221; title_font=&#8221;Kaushan Script||||||||&#8221; title_text_align=&#8221;right&#8221; title_text_color=&#8221;#f0622a&#8221; title_font_size=&#8221;50px&#8221; content_font=&#8221;|600||on|||||&#8221; content_text_align=&#8221;center&#8221; content_text_color=&#8221;#686766&#8243; content_font_size=&#8221;15px&#8221; subhead_font=&#8221;||||||||&#8221; background_color=&#8221;rgba(239,145,107,0.54)&#8221; background_image=&#8221;https:\/\/pdi.ro\/2020\/wp-content\/uploads\/2020\/02\/back.jpg&#8221; background_layout=&#8221;light&#8221; custom_margin=&#8221;0px||8px&#8221; custom_padding=&#8221;40px||40px||true&#8221; content_font_size_tablet=&#8221;&#8221; content_font_size_phone=&#8221;15px&#8221; content_font_size_last_edited=&#8221;on|desktop&#8221;][\/et_pb_fullwidth_header][\/et_pb_section][et_pb_section fb_built=&#8221;1&#8243; _builder_version=&#8221;3.22&#8243; locked=&#8221;off&#8221;][et_pb_row column_structure=&#8221;2_5,3_5&#8243; _builder_version=&#8221;3.25&#8243;][et_pb_column type=&#8221;2_5&#8243; _builder_version=&#8221;3.25&#8243; custom_padding=&#8221;|||&#8221; custom_padding__hover=&#8221;|||&#8221;][et_pb_image src=&#8221;https:\/\/pdi.ro\/2020\/wp-content\/uploads\/2020\/05\/Miron-Lucian.png&#8221; title_text=&#8221;Miron Lucian&#8221; align=&#8221;center&#8221; align_tablet=&#8221;center&#8221; align_phone=&#8221;&#8221; align_last_edited=&#8221;on|desktop&#8221; _builder_version=&#8221;4.4.7&#8243; max_width=&#8221;31%&#8221; border_radii=&#8221;on|100px|100px|100px|100px&#8221;][\/et_pb_image][\/et_pb_column][et_pb_column type=&#8221;3_5&#8243; _builder_version=&#8221;3.25&#8243; custom_padding=&#8221;|||&#8221; custom_padding__hover=&#8221;|||&#8221;][et_pb_text _builder_version=&#8221;4.4.7&#8243;]<\/p>\n<h4><strong><span style=\"color: #ff6600;\"><\/span><\/strong><\/h4>\n<h4><strong><span style=\"color: #ff6600;\"><\/span><\/strong><\/h4>\n<h4><strong><span style=\"color: #ff6600;\"><\/span><\/strong><\/h4>\n<h4><strong><span style=\"color: #ff6600;\">Prof. Univ. Dr. Lucian Miron <\/span><\/strong><br \/>\n<strong><span style=\"color: #ff6600;\">Universitatea de Medicin\u0103 \u0219i Farmacie &#8220;Grigore T. Popa\u201d Ia\u015fi<br \/>\nInstitutul Regional de Oncologie Ia\u015fi<\/span><\/strong><\/h4>\n<p>[\/et_pb_text][\/et_pb_column][\/et_pb_row][et_pb_row _builder_version=&#8221;3.25&#8243;][et_pb_column type=&#8221;4_4&#8243; _builder_version=&#8221;3.25&#8243; custom_padding=&#8221;|||&#8221; custom_padding__hover=&#8221;|||&#8221;][et_pb_text _builder_version=&#8221;4.4.8&#8243; hover_enabled=&#8221;0&#8243;]<\/p>\n<p style=\"text-align: justify;\"><span style=\"color: #ff6600;\">Efecte secundare dermatologice ale terapiilor sistemice la pacien\u021bii oncologici<\/span><br \/> <span style=\"color: #ff6600;\">Autor: Lucian Miron<\/span><\/p>\n<p style=\"text-align: justify;\">\u00cen ultimele decenii, tratamentele oncologice au cunoscut o dezvoltare important\u0103 prin apari\u0163ia de noi agen\u021bi. Printre cele mai frecvente efecte secundare ale terapiilor oncologice sunt \u015fi modific\u0103rile cutanate denumite toxicit\u0103\u021bi dermatologice.<br \/> Chimioterapia citotoxic\u0103 conven\u021bional\u0103 continu\u0103 s\u0103 joace un rol important \u00een tratamentul cancerului. Cele mai frecvente manifest\u0103ri adverse cutanate post-chimioterapie sunt: hiperpigmentarea, sindromul m\u00e2n\u0103-picior, recurgerea la radia\u021bii, hipersensibilitate, leziuni de extravazare \u0219i distrofii ale unghiilor.<br \/> Dermatita eritematoas\u0103 \u015fi hiperpigmentarea este asociat\u0103 cu tratamentul cu bleomicin\u0103 (20% -30% din pacien\u021bi), urmat\u0103 de dermatita\u201eAddison-like, sindromul m\u00e2n\u0103- picior, cunoscut \u0219i sub denumirea de eritrodisestezie palmoplantar\u0103, poate apare dup\u0103 tratamente cu agen\u021bi precum capecitabin\u0103, doxorubicin\u0103, cibarabin\u0103, 5-Fluorouracil. Toxicit\u0103\u0163ile dermatologice sunt rareori fatale, dar pot determina o morbiditate semnificativ\u0103, desfigurare cosmetic\u0103 \u0219i suferin\u021b\u0103 psihologic\u0103.<br \/> Inhibitori de tirozin\u0103 kinaz\u0103 &#8211; TKI). cetuximab, panitumumab, gefitinib, erlotinib, lapatinib); agen\u021bi antiangiogeni, inhibitori ai receptorului factorului de cre\u0219tere endotelial vascular &#8211; VEGFRi (de exemplu, bevacizumab, sorafenib); inhibitori ai c\u0103ii proteice activate cu mitogen (MAPK), cum ar fi RAF (de exemplu vemurafenib, dabrafenib), MEKi (de exemplu, cobimetinib, trametinib); inhibitori mTOR (de ex. everolimus); inhibitori de multikinaza (de exemplu, vandetanib, pazopanib, sunitinib) \u0219i inhibitori ai c\u0103ii arici (vismodegib) sunt exemple de terapii moleculare \u0163intite.<br \/> Terapiile moleculare \u0163intite pot provoca, de asemenea, modific\u0103ri pigmentare, cum ar fi o pigmentare galben\u0103 la pacien\u021bii trata\u021bi cu sunitinib (inhibitor VEGFR), hipopigmentarea (difuz\u0103 sau localizat\u0103) asociat\u0103 cu tratamentul cu imatinib. Inhibitorii EGFR sunt frecvent asocia\u0163i cu toxicitatea frecvent\u0103 a unghiilor ( 17,2% dintre pacien\u021bii afla\u021bi \u00eentr-o meta-analiz\u0103). Fisurile periunghiale, paronychia \u0219i leziunile de tip granulom piogen \u00eencep s\u0103 se dezvolte la dou\u0103 sau mai multe luni dup\u0103 ini\u021bierea terapiei.<br \/> Erup\u021bia papulopustular\u0103: cunoscut\u0103 \u0219i sub denumirea de \u201eerup\u021bie cutanat\u0103 acneic\u0103\u201d sau \u201efoliculit\u0103\u201d, aceasta este cea mai frecvent\u0103 toxicitate dermatologic\u0103 dup\u0103 tratamentul cu inhibitori EGFR (cetuximab)i. Alte caracteristici care sunt prezente, mai ales ulterior tratamentului, sunt, fisurile periunguale \u0219i granuloamele, xeroza, pruritul \u0219i alterarea p\u0103rului precumi trichomegalie, hipertricoz\u0103 \u0219i alopecie ne-cicatricial\u0103<br \/> Imunoterapia utilizeaz\u0103 activarea sistemului imun pentru a lupta contra cancerului! Recent, imunoterapia a devenit o nou\u0103 alternativ\u0103 terapeutic\u0103 pentru pacien\u0163i cu cancer. Terapiile cu anticorpii monoclonali tip inhibitorii checkpoint precum: ipilimumab, nivolumab, pembrolizumab, atezolizumab, durvolumab \u015fi al\u0163ii au devenit uzuale \u00een tratamentul unui num\u0103r din ce \u00een ce mai mare de cancere. Unul dintre cele mai frecvente efecte secundare ale imunoterapiei este toxicitatea cutanat\u0103. Aceasta este cea mai frecvent\u0103 \u015fi apare \u015fi cel mai precoce la debutul tratamentului (rash \u015fi prurit dup\u0103 prima administrare). Pacien\u021bii pot prezenta obi\u0219nuit erup\u021bie cutanat\u0103 maculo-papular\u0103, care seam\u0103n\u0103 deseori cu o reac\u021bie medicamentoas\u0103 ori cu prurit semnificativ. Pruritul poate apare si f\u0103r\u0103 leziuni cutanate vizibile. Cele mai frecvente efecte cutanate apar la pacien\u021bii trata\u021bi cu inhibitori ai CTLA4 (ipilimumab 40%-60%) \u0219i anti PD-1 (nivolumab 25%) \u0219i PDL-1 (pembrolizumab, atezolizumab) se dezvolt\u0103 de obicei la \u00eenceputul tratamenului. Cele mai frecvente afect\u0103ri cutanate sunt: erup\u021biile cutanate, pruritul \u0219i vitiligo. Vitiligo apare mai frecvent la pacien\u021bii trata\u021bi pentru melanom. Efecte adverse mai rare includ alopecia areata, stomatita, xeroza cutanat\u0103, fotosensibilitatea, exacerbarea psoriazisului, reac\u021bii cutanate psoriziforme sau lichenioide. Din punct de vedere histologic reac\u021biile cutanate pot fi clasificate \u00een: tulbur\u0103ri cutanate inflamatorii, leziuni buloase, keratozice \u015fi melanice.<br \/> Reac\u021bii lichenoide: acele erup\u021bii se pot dezvolta at\u00e2t pe piele, c\u00e2t \u0219i \/ sau pe mucoase (pe cale oral\u0103 \u0219i genital\u0103). Implicarea oral\u0103 poate include, de asemenea, xerostomia \u0219i schimbarea gustului;psoriazis \u0219i rozacee: ace\u0219ti agen\u021bi ar putea induce exacerbarea sau noua apari\u021bie a psoriazisului, boli autoimune de tipu pemfigoid buloase. Imunoterapia a fost legat\u0103 de leziuni asem\u0103n\u0103toare cu vitiligo, \u00een principal, dar nu numai la pacien\u021bii trata\u021bi cu<br \/> Evenimentele adverse dermatologice sunt una dintre cele mai frecvente toxicit\u0103\u021bi observate pentru tratamentele \u00eempotriva cancerului. Chiar dac\u0103 apar rar ca manifest\u0103ri care nu pun via\u021ba pacientului \u00een pericol, acestea pot conduce la reducerea dozei sau chiar la \u00eentreruperea terapiei oncologice, care interfereaz\u0103 cu rezultatul bolii ca \u015fi un impact mare \u00een calitatea vie\u021bii pacientului. Diagnosticul \u015fi tratamentul acestor efecte secundare ofer\u0103 dermatologilor un rol important \u00een echipa multidisciplinar\u0103, fundamental\u0103 pentru cea mai bun\u0103 \u00eengrijire \u00een sprijinul pacien\u021bilor cu cancer.<\/p>\n<p style=\"text-align: justify;\"><span style=\"color: #ff6600;\">Dermatological sides effects on systemic therapies in cancer patients<\/span><br \/> <span style=\"color: #ff6600;\">Author: Lucian Miron<\/span><\/p>\n<p style=\"text-align: justify;\">In the last decades, oncological treatments have undergone an important development through the emergence of new agents. Among the most common side effects of oncology therapies are skin changes called dermatological toxicities.<br \/> Conventional cytotoxic chemotherapy continues to play an important role in cancer treatment. The most common post-chemotherapy skin adverse events are: hyperpigmentation, hand-foot syndrome, radiation use, hypersensitivity, extravasation lesions and nail dystrophies.<br \/> Erythematous dermatitis and hyperpigmentation are associated with bleomycin treatment (20% -30% of patients), followed by &#8220;Addison-like dermatitis, known as palmoplantar erythrodysesthesia, which may occur after treatment with agents such as capecitabine, doxorubicin, cibarabine, 5-Fluorouracil. Dermatological toxicities are rarely fatal, but they can cause significant morbidity, cosmetic disfigurement and psychological distress.<br \/> Tyrosine kinase inhibitors (TKI). cetuximab, panitumumab, gefitinib, erlotinib, lapatinib), antiangiogenic agents, vascular endothelial growth factor receptor inhibitors &#8211; VEGFRi (eg, bevacizumab, sorafenib), mitogen-activated protein (MAPK) pathway inhibitors, such as RAF (eg, vemurafenib, dabrafenib), MEKi (eg, cobimetinib, trametinib); mTOR inhibitors (eg everolimus); multikinase inhibitors (eg, vandetanib, pazopanib, sunitinib) and hedgehog inhibitors (vismodegib) are examples of targeted molecular therapies.<br \/> Targeted molecular therapies may also cause pigmentation changes, such as yellow pigmentation in sunitinib (VEGFR inhibitor) treated patients, hypopigmentation (diffuse or localized) associated with imatinib treatment. EGFR inhibitors are frequently associated with frequent nail toxicity (17.2% of patients in a meta-analysis). Perioral fissures, paronychia and pyogenic granuloma lesions begin to develop two or more months after initiation of therapy.<br \/> .Pululopustular rash: also known as &#8220;acne rash&#8221; or &#8220;folliculitis&#8221;, this is the most common dermatological toxicity after treatment with EGFR inhibitors (cetuximab). Other features that are present, especially after the treatment, are, periungual cracks and granulomas, xerosis, pruritus and altered prichomegaly hair, hypertricosis and non-scarring alopecia.<br \/> Immunotherapy uses the activation of the immune system to fight cancer! Recently, immunotherapy has become a new therapeutic alternative for cancer patients. Monoclonal antibody therapies such as checkpoint inhibitors such as: ipilimumab, nivolumab, pembrolizumab, atezolizumab, durvolumab and others have become commonplace in the treatment of an increasing number of cancers. One of the most common side effects of immunotherapy is skin toxicity. This is the most common and appears even the earliest at the beginning of treatment (rash and pruritus after first administration). Patients may have a common macular-papular rash, which often resembles a drug reaction or significant itching. Ihting can also occur without visible skin lesions. The most common skin effects occur in patients treated with CTLA4 inhibitors (ipilimumab 40% -60%) and anti PD-1 (nivolumab 25%) and PDL-1 (pembrolizumab, atezolizumab) usually develops at the beginning of treatment. The most common skin conditions are: rash, itching and vitiligo. Vitiligo is more common in patients treated for melanoma. Rare side effects include alopecia areata, stomatitis, dermal kerosis, photosensitivity, exacerbation of psoriasis, psoriziform or lichenioid skin reactions. From the histological point of view, the skin reactions can be classified into: inflammatory skin disorders, bullous, keratotic and melanic lesions.<br \/> Lichenoid reactions: those rashes can develop on the skin and \/ or mucous membranes (orally and genitally). Oral involvement may also include xerostomia and taste change; psoriasis and rosacea: these agents may induce exacerbation or re-emergence of psoriasis, pemphigoid-type autoimmune diseases. Immunotherapy has been linked to vitiligo-like lesions, mainly, but not only to patients treated with<br \/> Dermatological adverse events are one of the most common toxicities observed for cancer treatments. Although they rarely occur as manifestations that do not endanger the patient&#8217;s life, they can lead to dose reduction or even discontinuation of oncological therapy, which interferes with the outcome of the disease.<\/p>\n<p style=\"text-align: justify;\"><span style=\"color: #ff6600;\">Scurt CV<\/span><\/p>\n<p><pabsolvent al=\"\" facultatii=\"\" de=\"\" medicina=\"\" si=\"\" farmacie=\"\" grigore=\"\" t=\"\" popa=\"\" ia=\"\" i=\"\" este=\"\" medic=\"\" primar=\"\" oncologie=\"\" medical=\"\" eful=\"\" clinicii=\"\" institutul=\"\" regional=\"\" iro=\"\" profesor=\"\" la=\"\" disciplina=\"\" oncologie-radioterapie=\"\" umf=\"\" br=\"\"><\/pabsolvent> Specializat la Institutul Oncologic \u201eAl Trestioreanu\u201d Bucure\u015fti \u015fi, ulterior cu stagii \u00een centre oncologice din Fran\u0163a si Italia. \u015ei-a sus\u0163ine teza de doctorat \u00een domeniul chimioterapiei citotoxice \u00een cancerele bronho-pulmonare non \u2013microcelulare, autor a numeroase articole \u015fi mai multe c\u0103r\u0163i de oncologie dintre care trei tratate de oncologie general\u0103 \u015fi de organ. Este specializat \u00een tratamentele sistemice actuale ale cancerelor: bronho-pulmonare, mamare, colo-rectale, genitale feminine, masculine, sarcoame \u015fi altele de interes (ex.Nutritia \u00een cancer). Pred\u0103 cursuri de oncologie la studen\u0163ii la medicin\u0103 UMF \u201e Grigore T. Popa\u201d Ia\u015fi \u015fi este responsabil de preg\u0103tirea medicilor reziden\u0163i \u00een specialitatea de Oncologie Medical\u0103 la IRO Ia\u015fi. Investigator principal in mai multe studii clinice interna\u0163ionale privind cancerele: mamare, bronho-pulmonare, heatocarcinom, colo-rectale, \u015fi cercetare a mai multe medica\u0163ii oncologice simptomatice. Participant la numeroase manifest\u0103rii oncologice regionale, na\u0163ionale \u015fi interna\u0163ionale este pre\u015fedintele manifest\u0103rii na\u0163ionale \u201dConferin\u0163ele Institutului Regional de Oncologie Ia\u015fi\u201d (CONFER), edi\u0163iile 2012-2020, organizatorul \u201e\u015ecolilor de Var\u0103\u201d IRO Iasi (edi\u0163iile 2014-2020), vicepresedintele Societatii Nationale de Oncologie Medicala din Romania (SNOMR) \u015fi membru a mai multe societ\u0103\u0163i de cancer interna\u0163ionale : ESMO, ASCO, IASCL \u015fi altele.<\/p>\n<p>[\/et_pb_text][\/et_pb_column][\/et_pb_row][\/et_pb_section][et_pb_section fb_built=&#8221;1&#8243; _builder_version=&#8221;3.22&#8243; background_color=&#8221;rgba(117,194,33,0.23)&#8221; background_image=&#8221;https:\/\/pdi.ro\/2020\/wp-content\/uploads\/2020\/02\/back_justflowers_overlay1.png&#8221; background_blend=&#8221;luminosity&#8221; custom_padding=&#8221;54px|0px|0|0px|false|false&#8221; top_divider_style=&#8221;waves2&#8243; top_divider_color=&#8221;#ffffff&#8221; top_divider_height=&#8221;155px&#8221; top_divider_height_tablet=&#8221;&#8221; top_divider_height_phone=&#8221;97px&#8221; top_divider_height_last_edited=&#8221;on|desktop&#8221; bottom_divider_style=&#8221;waves2&#8243; bottom_divider_color=&#8221;#75c221&#8243; bottom_divider_flip=&#8221;vertical&#8221; bottom_divider_height_tablet=&#8221;&#8221; bottom_divider_height_phone=&#8221;59px&#8221; bottom_divider_height_last_edited=&#8221;on|desktop&#8221;][et_pb_row column_structure=&#8221;3_5,2_5&#8243; _builder_version=&#8221;3.25&#8243; custom_padding=&#8221;61px|0px|69px|0px|false|false&#8221;][et_pb_column type=&#8221;3_5&#8243; _builder_version=&#8221;3.25&#8243; custom_padding=&#8221;|||&#8221; custom_padding__hover=&#8221;|||&#8221;][et_pb_text _builder_version=&#8221;4.0.11&#8243; text_font=&#8221;Kaushan Script||||||||&#8221; text_text_color=&#8221;#f0622a&#8221; text_font_size=&#8221;30px&#8221; text_line_height=&#8221;1.2em&#8221; header_font=&#8221;||||||||&#8221; background_layout=&#8221;dark&#8221; text_font_size_tablet=&#8221;&#8221; text_font_size_phone=&#8221;&#8221; text_font_size_last_edited=&#8221;on|desktop&#8221;]<\/p>\n<p>Contacteaz\u0103 operatorul PDI 2020<\/p>\n<p>[\/et_pb_text][et_pb_contact_form email=&#8221;contact@primaderma.ro\/2019&#8243; submit_button_text=&#8221;Trimite mesajul&#8221; _builder_version=&#8221;3.19.4&#8243; title_font=&#8221;||||||||&#8221;][et_pb_contact_field field_id=&#8221;Name&#8221; field_title=&#8221;Nume&#8221; _builder_version=&#8221;3.18.9&#8243; button_text_size__hover_enabled=&#8221;off&#8221; button_one_text_size__hover_enabled=&#8221;off&#8221; button_two_text_size__hover_enabled=&#8221;off&#8221; button_text_color__hover_enabled=&#8221;off&#8221; button_one_text_color__hover_enabled=&#8221;off&#8221; button_two_text_color__hover_enabled=&#8221;off&#8221; button_border_width__hover_enabled=&#8221;off&#8221; button_one_border_width__hover_enabled=&#8221;off&#8221; button_two_border_width__hover_enabled=&#8221;off&#8221; button_border_color__hover_enabled=&#8221;off&#8221; button_one_border_color__hover_enabled=&#8221;off&#8221; button_two_border_color__hover_enabled=&#8221;off&#8221; button_border_radius__hover_enabled=&#8221;off&#8221; button_one_border_radius__hover_enabled=&#8221;off&#8221; button_two_border_radius__hover_enabled=&#8221;off&#8221; button_letter_spacing__hover_enabled=&#8221;off&#8221; button_one_letter_spacing__hover_enabled=&#8221;off&#8221; button_two_letter_spacing__hover_enabled=&#8221;off&#8221; button_bg_color__hover_enabled=&#8221;off&#8221; button_one_bg_color__hover_enabled=&#8221;off&#8221; button_two_bg_color__hover_enabled=&#8221;off&#8221;][\/et_pb_contact_field][et_pb_contact_field field_id=&#8221;Email&#8221; field_title=&#8221;Adresa de e-mail&#8221; field_type=&#8221;email&#8221; _builder_version=&#8221;3.19.4&#8243; button_text_size__hover_enabled=&#8221;off&#8221; button_one_text_size__hover_enabled=&#8221;off&#8221; button_two_text_size__hover_enabled=&#8221;off&#8221; button_text_color__hover_enabled=&#8221;off&#8221; button_one_text_color__hover_enabled=&#8221;off&#8221; button_two_text_color__hover_enabled=&#8221;off&#8221; button_border_width__hover_enabled=&#8221;off&#8221; button_one_border_width__hover_enabled=&#8221;off&#8221; button_two_border_width__hover_enabled=&#8221;off&#8221; button_border_color__hover_enabled=&#8221;off&#8221; button_one_border_color__hover_enabled=&#8221;off&#8221; button_two_border_color__hover_enabled=&#8221;off&#8221; button_border_radius__hover_enabled=&#8221;off&#8221; button_one_border_radius__hover_enabled=&#8221;off&#8221; button_two_border_radius__hover_enabled=&#8221;off&#8221; button_letter_spacing__hover_enabled=&#8221;off&#8221; button_one_letter_spacing__hover_enabled=&#8221;off&#8221; button_two_letter_spacing__hover_enabled=&#8221;off&#8221; button_bg_color__hover_enabled=&#8221;off&#8221; button_one_bg_color__hover_enabled=&#8221;off&#8221; button_two_bg_color__hover_enabled=&#8221;off&#8221;][\/et_pb_contact_field][et_pb_contact_field field_id=&#8221;Message&#8221; field_title=&#8221;Mesajul dvs.&#8221; field_type=&#8221;text&#8221; fullwidth_field=&#8221;on&#8221; _builder_version=&#8221;3.18.9&#8243; button_text_size__hover_enabled=&#8221;off&#8221; button_one_text_size__hover_enabled=&#8221;off&#8221; button_two_text_size__hover_enabled=&#8221;off&#8221; button_text_color__hover_enabled=&#8221;off&#8221; button_one_text_color__hover_enabled=&#8221;off&#8221; button_two_text_color__hover_enabled=&#8221;off&#8221; button_border_width__hover_enabled=&#8221;off&#8221; button_one_border_width__hover_enabled=&#8221;off&#8221; button_two_border_width__hover_enabled=&#8221;off&#8221; button_border_color__hover_enabled=&#8221;off&#8221; button_one_border_color__hover_enabled=&#8221;off&#8221; button_two_border_color__hover_enabled=&#8221;off&#8221; button_border_radius__hover_enabled=&#8221;off&#8221; button_one_border_radius__hover_enabled=&#8221;off&#8221; button_two_border_radius__hover_enabled=&#8221;off&#8221; button_letter_spacing__hover_enabled=&#8221;off&#8221; button_one_letter_spacing__hover_enabled=&#8221;off&#8221; button_two_letter_spacing__hover_enabled=&#8221;off&#8221; button_bg_color__hover_enabled=&#8221;off&#8221; button_one_bg_color__hover_enabled=&#8221;off&#8221; button_two_bg_color__hover_enabled=&#8221;off&#8221;][\/et_pb_contact_field][\/et_pb_contact_form][\/et_pb_column][et_pb_column type=&#8221;2_5&#8243; _builder_version=&#8221;3.25&#8243; custom_padding=&#8221;|||&#8221; custom_padding__hover=&#8221;|||&#8221;][et_pb_text _builder_version=&#8221;4.0.11&#8243; text_font=&#8221;Kaushan Script||||||||&#8221; text_text_color=&#8221;#f0622a&#8221; text_font_size=&#8221;30px&#8221; header_font=&#8221;||||||||&#8221; background_layout=&#8221;dark&#8221;]<\/p>\n<p>Operatorul PDI 2020<\/p>\n<p>[\/et_pb_text][et_pb_text _builder_version=&#8221;4.0.11&#8243; text_font=&#8221;||||||||&#8221;]<\/p>\n<p><span><img loading=\"lazy\" decoding=\"async\" src=\"https:\/\/pdi.ro\/2020\/wp-content\/uploads\/2020\/02\/eventer_logo_150px.png\" width=\"151\" height=\"33\" alt=\"\" class=\"wp-image-774 alignleft size-full\" \/><\/span><\/p>\n<p><span><\/span><\/p>\n<p><span><\/span><\/p>\n<p><span>Adresa: Str. A. Panu nr. 13, Iasi<\/span><br \/> <span>Tel.: 0332.40.88.00-05<\/span><br \/> <span>E-mail: <a href=\"mailto:inscrieri@primaderma.ro\" target=\"_blank\" rel=\"noopener noreferrer\">inscrieri@primaderma.ro<\/a><br \/> <\/span><span>Website:\u00a0<\/span><a href=\"http:\/\/www.eventernet.ro\/\" target=\"Blank\" rel=\"noopener noreferrer\">www.eventernet.ro<\/a><\/p>\n<p>[\/et_pb_text][et_pb_text disabled_on=&#8221;off|off|off&#8221; _builder_version=&#8221;4.0.11&#8243; text_font=&#8221;Kaushan Script||||||||&#8221; text_text_color=&#8221;#f0622a&#8221; text_font_size=&#8221;30px&#8221; header_font=&#8221;||||||||&#8221; background_layout=&#8221;dark&#8221; locked=&#8221;off&#8221;]<\/p>\n<p>Parteneri Media<\/p>\n<p>[\/et_pb_text][et_pb_gallery gallery_ids=&#8221;7203,7204,7232,7231&#8243; fullwidth=&#8221;on&#8221; _builder_version=&#8221;4.0.11&#8243; transform_scale=&#8221;86%|86%&#8221; max_width=&#8221;63%&#8221; auto=&#8221;on&#8221; auto_speed=&#8221;3500&#8243; hover_transition_duration=&#8221;100ms&#8221; hover_transition_delay=&#8221;50ms&#8221; hover_transition_speed_curve=&#8221;ease-in-out&#8221; locked=&#8221;off&#8221;][\/et_pb_gallery][\/et_pb_column][\/et_pb_row][\/et_pb_section]<\/p>\n","protected":false},"excerpt":{"rendered":"<p>Prof. Univ. Dr. Lucian Miron Universitatea de Medicin\u0103 \u0219i Farmacie &#8220;Grigore T. Popa\u201d Ia\u015fi Institutul Regional de Oncologie Ia\u015fiEfecte secundare dermatologice ale terapiilor sistemice la pacien\u021bii oncologici Autor: Lucian Miron \u00cen ultimele decenii, tratamentele oncologice au cunoscut o dezvoltare important\u0103 prin apari\u0163ia de noi agen\u021bi. Printre cele mai frecvente efecte secundare ale terapiilor oncologice sunt [&hellip;]<\/p>\n","protected":false},"author":2,"featured_media":0,"parent":0,"menu_order":0,"comment_status":"closed","ping_status":"closed","template":"","meta":{"_et_pb_use_builder":"on","_et_pb_old_content":"","_et_gb_content_width":"","footnotes":""},"class_list":["post-8071","page","type-page","status-publish","hentry"],"_links":{"self":[{"href":"https:\/\/pdi.ro\/2020\/wp-json\/wp\/v2\/pages\/8071","targetHints":{"allow":["GET"]}}],"collection":[{"href":"https:\/\/pdi.ro\/2020\/wp-json\/wp\/v2\/pages"}],"about":[{"href":"https:\/\/pdi.ro\/2020\/wp-json\/wp\/v2\/types\/page"}],"author":[{"embeddable":true,"href":"https:\/\/pdi.ro\/2020\/wp-json\/wp\/v2\/users\/2"}],"replies":[{"embeddable":true,"href":"https:\/\/pdi.ro\/2020\/wp-json\/wp\/v2\/comments?post=8071"}],"version-history":[{"count":7,"href":"https:\/\/pdi.ro\/2020\/wp-json\/wp\/v2\/pages\/8071\/revisions"}],"predecessor-version":[{"id":8667,"href":"https:\/\/pdi.ro\/2020\/wp-json\/wp\/v2\/pages\/8071\/revisions\/8667"}],"wp:attachment":[{"href":"https:\/\/pdi.ro\/2020\/wp-json\/wp\/v2\/media?parent=8071"}],"curies":[{"name":"wp","href":"https:\/\/api.w.org\/{rel}","templated":true}]}}