{"id":8086,"date":"2020-05-28T13:51:01","date_gmt":"2020-05-28T11:51:01","guid":{"rendered":"https:\/\/primaderma.ro\/?page_id=8086"},"modified":"2020-06-03T16:23:29","modified_gmt":"2020-06-03T14:23:29","slug":"conf-univ-dr-onofrei-viviana","status":"publish","type":"page","link":"https:\/\/pdi.ro\/2020\/conf-univ-dr-onofrei-viviana\/","title":{"rendered":"Conf. Univ. Dr. Onofrei Viviana"},"content":{"rendered":"<p>[et_pb_section fb_built=&#8221;1&#8243; fullwidth=&#8221;on&#8221; disabled_on=&#8221;on|off|off&#8221; _builder_version=&#8221;3.22&#8243; custom_margin=&#8221;||&#8221; custom_padding=&#8221;15px||29px&#8221; top_divider_style=&#8221;waves2&#8243; top_divider_color=&#8221;#f0622a&#8221; top_divider_flip=&#8221;horizontal|vertical&#8221; bottom_divider_style=&#8221;waves2&#8243; bottom_divider_color=&#8221;#fcdedb&#8221; bottom_divider_height=&#8221;105px&#8221; bottom_divider_flip=&#8221;vertical&#8221; collapsed=&#8221;off&#8221;][et_pb_fullwidth_header title=&#8221;@ET-DC@eyJkeW5hbWljIjp0cnVlLCJjb250ZW50IjoicG9zdF90aXRsZSIsInNldHRpbmdzIjp7ImJlZm9yZSI6IiIsImFmdGVyIjoiIn19@&#8221; text_orientation=&#8221;right&#8221; header_image_url=&#8221;https:\/\/pdi.ro\/2020\/wp-content\/uploads\/2020\/05\/pdi_iulie_online.png&#8221; disabled_on=&#8221;on|on|off&#8221; _builder_version=&#8221;4.4.7&#8243; _dynamic_attributes=&#8221;title&#8221; title_font=&#8221;Kaushan Script||||||||&#8221; title_text_align=&#8221;right&#8221; title_text_color=&#8221;#f0622a&#8221; title_font_size=&#8221;50px&#8221; content_font=&#8221;|600||on|||||&#8221; content_text_align=&#8221;center&#8221; content_text_color=&#8221;#686766&#8243; content_font_size=&#8221;15px&#8221; subhead_font=&#8221;||||||||&#8221; background_color=&#8221;rgba(239,145,107,0.54)&#8221; background_image=&#8221;https:\/\/pdi.ro\/2020\/wp-content\/uploads\/2020\/02\/back.jpg&#8221; background_layout=&#8221;light&#8221; custom_margin=&#8221;0px||8px&#8221; custom_padding=&#8221;40px||40px||true&#8221; content_font_size_tablet=&#8221;&#8221; content_font_size_phone=&#8221;15px&#8221; content_font_size_last_edited=&#8221;on|desktop&#8221;][\/et_pb_fullwidth_header][\/et_pb_section][et_pb_section fb_built=&#8221;1&#8243; _builder_version=&#8221;3.22&#8243; locked=&#8221;off&#8221;][et_pb_row column_structure=&#8221;2_5,3_5&#8243; _builder_version=&#8221;3.25&#8243;][et_pb_column type=&#8221;2_5&#8243; _builder_version=&#8221;3.25&#8243; custom_padding=&#8221;|||&#8221; custom_padding__hover=&#8221;|||&#8221;][et_pb_image src=&#8221;https:\/\/pdi.ro\/2020\/wp-content\/uploads\/2020\/06\/conf.-dr-Viviana-Onofrei.jpg&#8221; title_text=&#8221;conf. dr Viviana Onofrei&#8221; align=&#8221;center&#8221; align_tablet=&#8221;center&#8221; align_phone=&#8221;&#8221; align_last_edited=&#8221;on|desktop&#8221; _builder_version=&#8221;4.4.7&#8243; max_width=&#8221;31%&#8221; hover_enabled=&#8221;0&#8243; border_radii=&#8221;on|100px|100px|100px|100px&#8221;][\/et_pb_image][\/et_pb_column][et_pb_column type=&#8221;3_5&#8243; _builder_version=&#8221;3.25&#8243; custom_padding=&#8221;|||&#8221; custom_padding__hover=&#8221;|||&#8221;][et_pb_text _builder_version=&#8221;4.4.7&#8243;]<\/p>\n<h4><strong><span style=\"color: #ff6600;\"><\/span><\/strong><\/h4>\n<h4><strong><span style=\"color: #ff6600;\"><\/span><\/strong><\/h4>\n<h4><strong><span style=\"color: #ff6600;\"><\/span><\/strong><\/h4>\n<h4><strong><span style=\"color: #ff6600;\">Conf. Univ. Dr. Onofrei Viviana<\/span><\/strong><br \/>\n<strong><span style=\"color: #ff6600;\">Universitatea de Medicin\u0103 \u0219i Farmacie \u201dGrigore T. Popa\u201d, Ia\u0219i<br \/>\nSpitalul Jude\u021bean Clinic de Urgen\u021be, Sec\u021bia Cardiologie, Ia\u0219i, Rom\u00e2nia<\/span><\/strong><\/h4>\n<p>[\/et_pb_text][\/et_pb_column][\/et_pb_row][et_pb_row _builder_version=&#8221;3.25&#8243;][et_pb_column type=&#8221;4_4&#8243; _builder_version=&#8221;3.25&#8243; custom_padding=&#8221;|||&#8221; custom_padding__hover=&#8221;|||&#8221;][et_pb_text _builder_version=&#8221;4.4.7&#8243; hover_enabled=&#8221;0&#8243;]<\/p>\n<p style=\"text-align: justify;\"><span style=\"color: #ff6600;\">Manifest\u0103ri cardiovasculare \u00een lupusul eritematos sistemic: actualizare critic\u0103<\/span><br \/> <span style=\"color: #ff6600;\">Autor: Viviana Onofrei<\/span><\/p>\n<p style=\"text-align: justify;\">Introducere: Acest subiect interdisciplinar este de actualitate av\u00e2nd \u00een vedere morbi-mortalitatea semnificativ\u0103 prin boli CV \u00een LES. \u00cen\u021belegerea patogenezei evenimentelor CV este foarte important\u0103, dar problema este incomplet elucidat\u0103.<br \/> Material \u0219i metod\u0103: Pornind de la revizuirea sistematic\u0103 a literaturii recente \u0219i experien\u021ba noastr\u0103 clinic\u0103, expunerea subliniaz\u0103 aspecte noi legate de fiziopatologie, noi biomarkeri moleculari, rolul metodelor imagistice de evaluare a aterosclerozei, tratamente poten\u021biale pentru bolile CV \u00een LES.<br \/> Rezultate: Bolile CV au inciden\u021b\u0103 propor\u021bional crescut\u0103 \u00een LES comparativ cu popula\u021bia general\u0103, tind s\u0103 fie clinic silen\u021bioase pentru o perioad\u0103 lung\u0103 de timp, dar sunt poten\u021bial fatale. Exist\u0103 multiple rezultate contradictorii referitoare la factorii de risc \u00een LES. Al\u021bi factori lega\u021bi de boal\u0103 ca injuria endotelial\u0103, inflama\u021bia cronic\u0103, adaptarea r\u0103spunsului imun, efectul protector\/nociv al diferitelor tipuri de medica\u021bie, ar putea fi mai importan\u021bi dec\u00e2t factorii conven\u021bionali de risc pentru ateroscleroz\u0103. Date recente demonstreaz\u0103 c\u0103 injuria tisular\u0103 este mai degrab\u0103 cauza complica\u021biilor CV dec\u00e2t inflama\u021bia. Este incomplet cunoscut dac\u0103 LES posed\u0103 un risc general crescut de boli CV sau bolile CV reprezint\u0103 un fenotip \u00eent\u00e2lnit la anumite subgrupuri de pacien\u021bi.<br \/> Concluzii: LES are o patogenez\u0103 multifactorial\u0103 \u0219i o rela\u021bie intricat\u0103 cu bolile CV. Nivelul actual al cercet\u0103rii fundamentale este incomplet. Este o nevoie stringent\u0103 de studii prospective care s\u0103 transpun\u0103 informa\u021biile \u00een modalit\u0103\u021bi eficiente de abordare terapeutic\u0103.<\/p>\n<p style=\"text-align: justify;\"><span style=\"color: #ff6600;\">Cardiovascular manifestations in systemic lupus erythematosus: a critical up-date<\/span><br \/> <span style=\"color: #ff6600;\">Author: Viviana Onofrei<\/span><\/p>\n<p style=\"text-align: justify;\">Introduction: This interdisciplinary topic is up to date because of the significant morbi-mortality related to the CV involvement in SLE. Understanding the pathogenesis of CV events is very important but it is incompletely understood.<br \/> Material and method: Based on the systematic review of recent literature and our clinical experience, the topic highlights the modern aspects on the physiopathology, new molecular biomarkers, imaging methods of atherosclerosis assessment, and the potential treatments of CV disease in SLE.<br \/> Results: CV disease have a proportionally higher incidence in SLE compared to general populations, tend to be clinically silent for long periods, but are potentially fatal. There are several conflicting results regarding lupus-related risk factors. Other disease-related factors may be more important than conventional atherosclerotic risk factors, namely, the endothelial damage, chronic inflammation, adaptive immune responses and the protective\/harmful effect of several drugs. There are also recent findings which argue that tissue injury rather than inflammation may be the cause of CV complications in SLE. It is incompletely defined whether SLE have a general elevated risk of CV disease or CV disease is a phenotype occurring in some subgroups of patients.<br \/> Conclusions: SLE has a multifactorial pathogenesis and an intricate relationship with CV disease. The current state of fundamental research remains incomplete. There is a great need for prospective studies to translate the information into effective approaches of treatment.<\/p>\n<p style=\"text-align: justify;\"><span style=\"color: #ff6600;\">Scurt CV<\/span><\/p>\n<p>Absolvent\u0103 a Facult\u0103\u0163ii de Medicin\u0103 \u015fi Farmacie \u201dGrigore T. Popa\u201d Ia\u015fi, promo\u021bia 1991<\/p>\n<p><strong>Experien\u0163a profesional\u0103:<\/strong><br \/> Conferen\u021biar universitar, Disciplina Medicin\u0103 Intern\u0103 (Cardiologie), Facultatea de Medicin\u0103, U.M.F. \u201cGrigore T. Popa\u201d Ia\u0219i<br \/> Activitate didactic\u0103 curicular\u0103 \u0219i extracuricular\u0103 continu\u0103 din 1996<br \/> Medic primar cardiologie \u0219i medicin\u0103 intern\u0103 la Clinica de Cardiologie, USTACC, Spitalul Jude\u021bean Clinic de Urgen\u021be \u201cSf. Spiridon\u201d Ia\u0219i<br \/> Doctor \u00een \u0219tiin\u021be medicale, teza de doctorat \u201dDisfunc\u021bia endotelial\u0103 \u00een hipertensiunea arterial\u0103\u201d, 2006<br \/> Competen\u021be \u00een Ecocardiografie General\u0103 \u0219i Ultrasonografie General\u0103<br \/> Masterat &#8220;Bazele nutri\u0163iei clinice&#8221;, 2011<\/p>\n<p><strong>Apartenen\u0163a la Societ\u0103\u0163i \u015ftiin\u0163ifice:<\/strong><br \/> Membr\u0103 \u00een Societatea Rom\u00e2n\u0103 de Cardiologie<br \/> Membr\u0103 \u00een Societatea European\u0103 de Cardiologie<br \/> Membr\u0103 \u00een Societatea European\u0103 de Hipertensiune<br \/> Membr\u0103 \u00een American Heart Association\/American College of Cardiology)<\/p>\n<p><strong>Distinc\u021bii:<\/strong><br \/> European Hypertension Specialist<br \/> Diplom\u0103 de excelen\u021b\u0103 din partea Societ\u0103\u021bii Rom\u00e2ne de Hipertensiune<br \/> Fellow of European Society of Cardiology<\/p>\n<p><strong>Domenii de interes \u015ftiin\u0163ific:<\/strong><br \/> Afectarea cardiovascular\u0103 \u00een patologia medical\u0103, hipertensiunea arterial\u0103, disfunc\u0163ia endotelial\u0103 \u015fi rigiditatea arterial\u0103, insuficien\u0163a cardiac\u0103, bolile vasculare, boli metabolice.<br \/> Implicare activ\u0103 \u00een activitatea de cercetare \u0219tiin\u021bific\u0103 (granturi de cercetare \u0219tiin\u021bific\u0103, coinvestigator \u00een studii clinice multicentrice interna\u021bionale, colaborator \u00een registre na\u021bionale \u0219i europene de specialitate)<br \/> Metode de investiga\u0163ie sau tratament originale introduse \u00een premier\u0103 na\u021bional\u0103 (studiul comparativ \u015fi integrat al disfunc\u0163iei endoteliale \u00een hipertensiunea arterial\u0103 prin metoda Complior \u015fi ecografie vascular\u0103 (2001), tromboliza ghidat\u0103 pe cateter \u00een trombozele venoase profunde (echipa Prof. Dr. Datcu \u2013 2004)<br \/> Editor de c\u0103r\u021bi de specialitate cu colectiv na\u021bional, manuale, peste 100 lucr\u0103ri \u0219tiin\u021bifice \u00een reviste ISI \u0219i BDI<\/p>\n<p>[\/et_pb_text][\/et_pb_column][\/et_pb_row][\/et_pb_section][et_pb_section fb_built=&#8221;1&#8243; _builder_version=&#8221;3.22&#8243; background_color=&#8221;rgba(117,194,33,0.23)&#8221; background_image=&#8221;https:\/\/pdi.ro\/2020\/wp-content\/uploads\/2020\/02\/back_justflowers_overlay1.png&#8221; background_blend=&#8221;luminosity&#8221; custom_padding=&#8221;54px|0px|0|0px|false|false&#8221; top_divider_style=&#8221;waves2&#8243; top_divider_color=&#8221;#ffffff&#8221; top_divider_height=&#8221;155px&#8221; top_divider_height_tablet=&#8221;&#8221; top_divider_height_phone=&#8221;97px&#8221; top_divider_height_last_edited=&#8221;on|desktop&#8221; bottom_divider_style=&#8221;waves2&#8243; bottom_divider_color=&#8221;#75c221&#8243; bottom_divider_flip=&#8221;vertical&#8221; bottom_divider_height_tablet=&#8221;&#8221; bottom_divider_height_phone=&#8221;59px&#8221; bottom_divider_height_last_edited=&#8221;on|desktop&#8221;][et_pb_row column_structure=&#8221;3_5,2_5&#8243; _builder_version=&#8221;3.25&#8243; custom_padding=&#8221;61px|0px|69px|0px|false|false&#8221;][et_pb_column type=&#8221;3_5&#8243; _builder_version=&#8221;3.25&#8243; custom_padding=&#8221;|||&#8221; custom_padding__hover=&#8221;|||&#8221;][et_pb_text _builder_version=&#8221;4.0.11&#8243; text_font=&#8221;Kaushan Script||||||||&#8221; text_text_color=&#8221;#f0622a&#8221; text_font_size=&#8221;30px&#8221; text_line_height=&#8221;1.2em&#8221; header_font=&#8221;||||||||&#8221; background_layout=&#8221;dark&#8221; text_font_size_tablet=&#8221;&#8221; text_font_size_phone=&#8221;&#8221; text_font_size_last_edited=&#8221;on|desktop&#8221;]<\/p>\n<p>Contacteaz\u0103 operatorul PDI 2020<\/p>\n<p>[\/et_pb_text][et_pb_contact_form email=&#8221;contact@primaderma.ro\/2019&#8243; submit_button_text=&#8221;Trimite mesajul&#8221; _builder_version=&#8221;3.19.4&#8243; title_font=&#8221;||||||||&#8221;][et_pb_contact_field field_id=&#8221;Name&#8221; field_title=&#8221;Nume&#8221; _builder_version=&#8221;3.18.9&#8243; button_text_size__hover_enabled=&#8221;off&#8221; button_one_text_size__hover_enabled=&#8221;off&#8221; button_two_text_size__hover_enabled=&#8221;off&#8221; button_text_color__hover_enabled=&#8221;off&#8221; button_one_text_color__hover_enabled=&#8221;off&#8221; button_two_text_color__hover_enabled=&#8221;off&#8221; button_border_width__hover_enabled=&#8221;off&#8221; button_one_border_width__hover_enabled=&#8221;off&#8221; button_two_border_width__hover_enabled=&#8221;off&#8221; button_border_color__hover_enabled=&#8221;off&#8221; button_one_border_color__hover_enabled=&#8221;off&#8221; button_two_border_color__hover_enabled=&#8221;off&#8221; button_border_radius__hover_enabled=&#8221;off&#8221; button_one_border_radius__hover_enabled=&#8221;off&#8221; button_two_border_radius__hover_enabled=&#8221;off&#8221; button_letter_spacing__hover_enabled=&#8221;off&#8221; button_one_letter_spacing__hover_enabled=&#8221;off&#8221; button_two_letter_spacing__hover_enabled=&#8221;off&#8221; button_bg_color__hover_enabled=&#8221;off&#8221; button_one_bg_color__hover_enabled=&#8221;off&#8221; button_two_bg_color__hover_enabled=&#8221;off&#8221;][\/et_pb_contact_field][et_pb_contact_field field_id=&#8221;Email&#8221; field_title=&#8221;Adresa de e-mail&#8221; field_type=&#8221;email&#8221; _builder_version=&#8221;3.19.4&#8243; button_text_size__hover_enabled=&#8221;off&#8221; button_one_text_size__hover_enabled=&#8221;off&#8221; button_two_text_size__hover_enabled=&#8221;off&#8221; button_text_color__hover_enabled=&#8221;off&#8221; button_one_text_color__hover_enabled=&#8221;off&#8221; button_two_text_color__hover_enabled=&#8221;off&#8221; button_border_width__hover_enabled=&#8221;off&#8221; button_one_border_width__hover_enabled=&#8221;off&#8221; button_two_border_width__hover_enabled=&#8221;off&#8221; button_border_color__hover_enabled=&#8221;off&#8221; button_one_border_color__hover_enabled=&#8221;off&#8221; button_two_border_color__hover_enabled=&#8221;off&#8221; button_border_radius__hover_enabled=&#8221;off&#8221; button_one_border_radius__hover_enabled=&#8221;off&#8221; button_two_border_radius__hover_enabled=&#8221;off&#8221; button_letter_spacing__hover_enabled=&#8221;off&#8221; button_one_letter_spacing__hover_enabled=&#8221;off&#8221; button_two_letter_spacing__hover_enabled=&#8221;off&#8221; button_bg_color__hover_enabled=&#8221;off&#8221; button_one_bg_color__hover_enabled=&#8221;off&#8221; button_two_bg_color__hover_enabled=&#8221;off&#8221;][\/et_pb_contact_field][et_pb_contact_field field_id=&#8221;Message&#8221; field_title=&#8221;Mesajul dvs.&#8221; field_type=&#8221;text&#8221; fullwidth_field=&#8221;on&#8221; _builder_version=&#8221;3.18.9&#8243; button_text_size__hover_enabled=&#8221;off&#8221; button_one_text_size__hover_enabled=&#8221;off&#8221; button_two_text_size__hover_enabled=&#8221;off&#8221; button_text_color__hover_enabled=&#8221;off&#8221; button_one_text_color__hover_enabled=&#8221;off&#8221; button_two_text_color__hover_enabled=&#8221;off&#8221; button_border_width__hover_enabled=&#8221;off&#8221; button_one_border_width__hover_enabled=&#8221;off&#8221; button_two_border_width__hover_enabled=&#8221;off&#8221; button_border_color__hover_enabled=&#8221;off&#8221; button_one_border_color__hover_enabled=&#8221;off&#8221; button_two_border_color__hover_enabled=&#8221;off&#8221; button_border_radius__hover_enabled=&#8221;off&#8221; button_one_border_radius__hover_enabled=&#8221;off&#8221; button_two_border_radius__hover_enabled=&#8221;off&#8221; button_letter_spacing__hover_enabled=&#8221;off&#8221; button_one_letter_spacing__hover_enabled=&#8221;off&#8221; button_two_letter_spacing__hover_enabled=&#8221;off&#8221; button_bg_color__hover_enabled=&#8221;off&#8221; button_one_bg_color__hover_enabled=&#8221;off&#8221; button_two_bg_color__hover_enabled=&#8221;off&#8221;][\/et_pb_contact_field][\/et_pb_contact_form][\/et_pb_column][et_pb_column type=&#8221;2_5&#8243; _builder_version=&#8221;3.25&#8243; custom_padding=&#8221;|||&#8221; custom_padding__hover=&#8221;|||&#8221;][et_pb_text _builder_version=&#8221;4.0.11&#8243; text_font=&#8221;Kaushan Script||||||||&#8221; text_text_color=&#8221;#f0622a&#8221; text_font_size=&#8221;30px&#8221; header_font=&#8221;||||||||&#8221; background_layout=&#8221;dark&#8221;]<\/p>\n<p>Operatorul PDI 2020<\/p>\n<p>[\/et_pb_text][et_pb_text _builder_version=&#8221;4.0.11&#8243; text_font=&#8221;||||||||&#8221;]<\/p>\n<p><span><img loading=\"lazy\" decoding=\"async\" src=\"https:\/\/pdi.ro\/2020\/wp-content\/uploads\/2020\/02\/eventer_logo_150px.png\" width=\"151\" height=\"33\" alt=\"\" class=\"wp-image-774 alignleft size-full\" \/><\/span><\/p>\n<p><span><\/span><\/p>\n<p><span><\/span><\/p>\n<p><span>Adresa: Str. A. Panu nr. 13, Iasi<\/span><br \/> <span>Tel.: 0332.40.88.00-05<\/span><br \/> <span>E-mail: <a href=\"mailto:inscrieri@primaderma.ro\" target=\"_blank\" rel=\"noopener noreferrer\">inscrieri@primaderma.ro<\/a><br \/> <\/span><span>Website:\u00a0<\/span><a href=\"http:\/\/www.eventernet.ro\/\" target=\"Blank\" rel=\"noopener noreferrer\">www.eventernet.ro<\/a><\/p>\n<p>[\/et_pb_text][et_pb_text disabled_on=&#8221;off|off|off&#8221; _builder_version=&#8221;4.0.11&#8243; text_font=&#8221;Kaushan Script||||||||&#8221; text_text_color=&#8221;#f0622a&#8221; text_font_size=&#8221;30px&#8221; header_font=&#8221;||||||||&#8221; background_layout=&#8221;dark&#8221; locked=&#8221;off&#8221;]<\/p>\n<p>Parteneri Media<\/p>\n<p>[\/et_pb_text][et_pb_gallery gallery_ids=&#8221;7203,7204,7232,7231&#8243; fullwidth=&#8221;on&#8221; _builder_version=&#8221;4.0.11&#8243; transform_scale=&#8221;86%|86%&#8221; max_width=&#8221;63%&#8221; auto=&#8221;on&#8221; auto_speed=&#8221;3500&#8243; hover_transition_duration=&#8221;100ms&#8221; hover_transition_delay=&#8221;50ms&#8221; hover_transition_speed_curve=&#8221;ease-in-out&#8221; locked=&#8221;off&#8221;][\/et_pb_gallery][\/et_pb_column][\/et_pb_row][\/et_pb_section]<\/p>\n","protected":false},"excerpt":{"rendered":"<p>Conf. Univ. Dr. Onofrei Viviana Universitatea de Medicin\u0103 \u0219i Farmacie \u201dGrigore T. Popa\u201d, Ia\u0219i Spitalul Jude\u021bean Clinic de Urgen\u021be, Sec\u021bia Cardiologie, Ia\u0219i, Rom\u00e2niaManifest\u0103ri cardiovasculare \u00een lupusul eritematos sistemic: actualizare critic\u0103 Autor: Viviana Onofrei Introducere: Acest subiect interdisciplinar este de actualitate av\u00e2nd \u00een vedere morbi-mortalitatea semnificativ\u0103 prin boli CV \u00een LES. \u00cen\u021belegerea patogenezei evenimentelor CV este [&hellip;]<\/p>\n","protected":false},"author":2,"featured_media":0,"parent":0,"menu_order":0,"comment_status":"closed","ping_status":"closed","template":"","meta":{"_et_pb_use_builder":"on","_et_pb_old_content":"","_et_gb_content_width":"","footnotes":""},"class_list":["post-8086","page","type-page","status-publish","hentry"],"_links":{"self":[{"href":"https:\/\/pdi.ro\/2020\/wp-json\/wp\/v2\/pages\/8086","targetHints":{"allow":["GET"]}}],"collection":[{"href":"https:\/\/pdi.ro\/2020\/wp-json\/wp\/v2\/pages"}],"about":[{"href":"https:\/\/pdi.ro\/2020\/wp-json\/wp\/v2\/types\/page"}],"author":[{"embeddable":true,"href":"https:\/\/pdi.ro\/2020\/wp-json\/wp\/v2\/users\/2"}],"replies":[{"embeddable":true,"href":"https:\/\/pdi.ro\/2020\/wp-json\/wp\/v2\/comments?post=8086"}],"version-history":[{"count":7,"href":"https:\/\/pdi.ro\/2020\/wp-json\/wp\/v2\/pages\/8086\/revisions"}],"predecessor-version":[{"id":8224,"href":"https:\/\/pdi.ro\/2020\/wp-json\/wp\/v2\/pages\/8086\/revisions\/8224"}],"wp:attachment":[{"href":"https:\/\/pdi.ro\/2020\/wp-json\/wp\/v2\/media?parent=8086"}],"curies":[{"name":"wp","href":"https:\/\/api.w.org\/{rel}","templated":true}]}}