{"id":8226,"date":"2020-06-03T16:42:06","date_gmt":"2020-06-03T14:42:06","guid":{"rendered":"https:\/\/primaderma.ro\/?page_id=8226"},"modified":"2020-06-03T16:42:06","modified_gmt":"2020-06-03T14:42:06","slug":"dr-placintescu-diana","status":"publish","type":"page","link":"https:\/\/pdi.ro\/2020\/dr-placintescu-diana\/","title":{"rendered":"Dr. Pl\u0103cintescu Diana"},"content":{"rendered":"<p>[et_pb_section fb_built=&#8221;1&#8243; fullwidth=&#8221;on&#8221; disabled_on=&#8221;on|off|off&#8221; _builder_version=&#8221;3.22&#8243; custom_margin=&#8221;||&#8221; custom_padding=&#8221;15px||29px&#8221; top_divider_style=&#8221;waves2&#8243; top_divider_color=&#8221;#f0622a&#8221; top_divider_flip=&#8221;horizontal|vertical&#8221; bottom_divider_style=&#8221;waves2&#8243; bottom_divider_color=&#8221;#fcdedb&#8221; bottom_divider_height=&#8221;105px&#8221; bottom_divider_flip=&#8221;vertical&#8221; collapsed=&#8221;off&#8221;][et_pb_fullwidth_header title=&#8221;@ET-DC@eyJkeW5hbWljIjp0cnVlLCJjb250ZW50IjoicG9zdF90aXRsZSIsInNldHRpbmdzIjp7ImJlZm9yZSI6IiIsImFmdGVyIjoiIn19@&#8221; text_orientation=&#8221;right&#8221; header_image_url=&#8221;https:\/\/pdi.ro\/2020\/wp-content\/uploads\/2020\/05\/pdi_iulie_online.png&#8221; disabled_on=&#8221;on|on|off&#8221; _builder_version=&#8221;4.4.7&#8243; _dynamic_attributes=&#8221;title&#8221; title_font=&#8221;Kaushan Script||||||||&#8221; title_text_align=&#8221;right&#8221; title_text_color=&#8221;#f0622a&#8221; title_font_size=&#8221;50px&#8221; content_font=&#8221;|600||on|||||&#8221; content_text_align=&#8221;center&#8221; content_text_color=&#8221;#686766&#8243; content_font_size=&#8221;15px&#8221; subhead_font=&#8221;||||||||&#8221; background_color=&#8221;rgba(239,145,107,0.54)&#8221; background_image=&#8221;https:\/\/pdi.ro\/2020\/wp-content\/uploads\/2020\/02\/back.jpg&#8221; background_layout=&#8221;light&#8221; custom_margin=&#8221;0px||8px&#8221; custom_padding=&#8221;40px||40px||true&#8221; content_font_size_tablet=&#8221;&#8221; content_font_size_phone=&#8221;15px&#8221; content_font_size_last_edited=&#8221;on|desktop&#8221;][\/et_pb_fullwidth_header][\/et_pb_section][et_pb_section fb_built=&#8221;1&#8243; _builder_version=&#8221;3.22&#8243; locked=&#8221;off&#8221;][et_pb_row column_structure=&#8221;2_5,3_5&#8243; _builder_version=&#8221;3.25&#8243;][et_pb_column type=&#8221;2_5&#8243; _builder_version=&#8221;3.25&#8243; custom_padding=&#8221;|||&#8221; custom_padding__hover=&#8221;|||&#8221;][et_pb_image src=&#8221;https:\/\/pdi.ro\/2020\/wp-content\/uploads\/2020\/06\/DIANA-PLACINTESCU-PDI-.jpg&#8221; title_text=&#8221;DIANA PLACINTESCU PDI&#8221; align=&#8221;center&#8221; align_tablet=&#8221;center&#8221; align_phone=&#8221;&#8221; align_last_edited=&#8221;on|desktop&#8221; _builder_version=&#8221;4.4.7&#8243; max_width=&#8221;31%&#8221; hover_enabled=&#8221;0&#8243; border_radii=&#8221;on|100px|100px|100px|100px&#8221;][\/et_pb_image][\/et_pb_column][et_pb_column type=&#8221;3_5&#8243; _builder_version=&#8221;3.25&#8243; custom_padding=&#8221;|||&#8221; custom_padding__hover=&#8221;|||&#8221;][et_pb_text _builder_version=&#8221;4.4.7&#8243; hover_enabled=&#8221;0&#8243;]<\/p>\n<h4><strong><span style=\"color: #ff6600;\"><\/span><\/strong><\/h4>\n<h4><strong><span style=\"color: #ff6600;\"><\/span><\/strong><\/h4>\n<h4><strong><span style=\"color: #ff6600;\"><\/span><\/strong><\/h4>\n<h4><strong><span style=\"color: #ff6600;\">Dr. Pl\u0103cintescu Diana <\/span><\/strong><br \/>\n<!--<strong><span style=\"color: #ff6600;\">Facultatea de Medicin\u0103 \u015fi Farmacie, Universitatea \u201dDun\u0103rea de Jos\u201d, Gala\u0163i<\/span><\/strong><\/h4>\n\n-->[\/et_pb_text][\/et_pb_column][\/et_pb_row][et_pb_row _builder_version=&#8221;3.25&#8243;][et_pb_column type=&#8221;4_4&#8243; _builder_version=&#8221;3.25&#8243; custom_padding=&#8221;|||&#8221; custom_padding__hover=&#8221;|||&#8221;][et_pb_text _builder_version=&#8221;4.4.7&#8243; hover_enabled=&#8221;0&#8243;]<\/p>\n<p style=\"text-align: justify;\"><span style=\"color: #ff6600;\">Femeie, 50+. Cum abordam menopauza din perspectiva dermatologica?<\/span><br \/> <span style=\"color: #ff6600;\">Autor: Diana Placintescu<\/span><\/p>\n<p style=\"text-align: justify;\">Suntem martorii unui proces demografic fara precedent, pe care inca ne straduim sa il intelegem si sa il gestionam din punct de vedere economic dar si psihologic. Imbatranirea populatiei schimba dinamica sociala, varsta este doar un numar, comportamente si proiecte personale nu mai respecta standarde, oprirea timpului in loc nu mai este doar un concept filozofic ci o cerinta si o cerere din ce in ce mai concreta, mai ales in cabinetul dermatologului.<br \/>\nInvelisul cutanat este oglinda statusului fizic al intregului organism si in acelasi timp cartea de vizita subliminala a fiecaruia dintre noi, cu atat mai importanta pentru femei, la care dintotdeauna, frumusetea fizica si cochetaria au fost subintelese.<br \/>\nMenopauza a reprezentat traditional o bariera complexa fizica, psihica si chiar sociala in viata femeii. Schimbarile de paradigma ale ultimilor 50 de ani se insotesc de noi  abordari ale stilului de viata, in care preocuparea pentru sanatate, forma fizica, frumusete a devenit element central.<br \/>\nModificarile hormonale ale menopauzei asupra pielii se adauga imbatranirii cronologice si celei fotoinduse, definind tablouri cutanate complexe, pe care doar dermatologul le poate intelege si aborda.<br \/>\nLucrarea prezentata isi propune sa treaca in revista aceste mecanisme complicate hormonale, manifestarile lor cutanate si instrumentele pe care dermatologul le are la indemana pentru a interveni in procesul considerat natural dar nu mai putin dezagreabil, de imbatranire cutanata.\n<\/p>\n<p style=\"text-align: justify;\"><span style=\"color: #ff6600;\">Woman, 50+. How to manage dermatological changes of the menopause?<\/span><br \/> <span style=\"color: #ff6600;\">Author: Diana Placintescu<\/span><\/p>\n<p style=\"text-align: justify;\">We are in the middle of an unprecedented demographic process, that we still try to understand an to manage, economically but also psychologically. The ageing process of the general population changes social dynamics, age is just a number, behaviours and social projects doesn\u2019t respect any standard.  We are asked to stop the time not just philosophically but also specifically, in our dermatologic offices.<br \/>\nThe cutaneous layer is the mirror of the physical status and shape and, in the meantime, our subliminal business card, even more important for women, ancestrally defined by their beauty and coquetry.<br \/>\nThe menopause was perceived traditionally as a complex physical, psychological and social barrier and even endpoint in the woman\u2019s life. The paradigm shifting of the last 5 decades brings also new approaches of the lifestyle, and the better health, shape and beauty are in the core of our needs.<br \/>\nHormonal changes of the menopause come with changes of the skin, on top of the chronological and photo-induced aging process, defining complex cutaneous pictures, which only the dermatologist could understand and manage.<br \/>\nThis paper intends to review the complex hormonal mechanisms, their cutaneous manifestations but also the dermatologist s tools to interfere in this natural but not less unpleasant process of ageing skin.\n<\/p>\n<p style=\"text-align: justify;\"><span style=\"color: #ff6600;\">Scurt CV<\/span><\/p>\n<p>Experienta profesionala<br \/>\n2015-2020 &#8211; Clinica Medicum, Bucure\u015fti;<br \/>\n2013-2020 &#8211; Cabinet privat de dermatologie \u00een Fran\u021ba, \u00een sta\u021biunea termal\u0103 Avene; experien\u021b\u0103 \u00een dermatologia termal\u0103, managementul alternativ al psoriazisului, dermatitei atopice, ihtiozelor; experien\u021b\u0103 \u0219i expertiz\u0103 \u00een educa\u021bia terapeutic\u0103 a pacientului;<br \/>\n2012-2015 &#8211; Centrul de excelen\u021b\u0103 \u00een dermatologie stetic\u0103 Dermalife, parte a grupului Medlife;<br \/>\n2002-2012 \u2013 Clinica Dermastyle din Bucure\u0219ti;<br \/>\n1999-2010 &#8211; Medic specialist, 2004-medic primar, dermato-venerolog la CMDTR Bucure\u0219ti, dermatologie general\u0103, management sanitar<br \/>\nSpecializ\u0103ri \u0219i competen\u021be<br \/>\n2013 &#8211; Competen\u021b\u0103 certificat\u0103 de Ministerul S\u0103n\u0103t\u0103\u021bii \u00een Dermato-Cosmetologie<br \/>\nDoctorand al Universit\u0103\u021bii de Medicin\u0103 \u0219i Farmacie &#8220;Carol Davila&#8221; Bucure\u0219ti, \u00een domeniul aplicabilit\u0103\u021bii laserelor ca tratamente anti-\u00eemb\u0103tr\u00e2nire<br \/>\nStagii de preg\u0103tire \u00een Fran\u021ba \u0219i Germania \u00een domeniul terapiilor oncologice la nivelul pielii (Nantes 2012) \u0219i al chirurgiei \u0219i terapiilor laser (Bonn 2003)<br \/>\nAbsolvent de master la \u0218coala Na\u021bional\u0103 de Studii Politice \u0219i Administrative Bucure\u0219ti<br \/>\n1999-Administratie Publica<br \/>\n 2005- Managementul Proiectelor Internationale<\/p>\n<p>Activitate \u0219tiin\u021bific\u0103<br \/>\nParticipant cu lucrari stiintifice la congresele Asociatiei Europene de Dermato-venerologie (dupa 2002), Societatii Romane de Dermatologie (din 1995), Societatii Romane de Medicina Estetica (din 2001)<br \/>\nMembru al Asociatiei Europene de Dermato-Venerologie (EADV), Asociatiei Americane de Dermatologie (AAD), Societatii Internationale de Dermatoscopie (IDS), Societatii Romane de Dermatologie (SRD)<br \/>\nMembru fondator si vicepresedinte AREA (Asociatia Romana de Educatie in Alergii). Initiator al proiectului  de educatie terapeutica a pacientului \u00ab Scoala Atopiei \u00bb<br \/>\nVicepresedinte al Societatii Romane de Medicina Estetica si Dermatologie Cosmetica si Chirurgicala (2001-2012). Membru in comitetul de organizare al celor 12 editii ale conferintelor si congreselor nationale si internationale ale acestei societati<br \/>\nParticipant in proiecte de dezvoltare a resurselor umane in dermatologie-domeniul dermato-oncologiei\n<\/p>\n<p>[\/et_pb_text][\/et_pb_column][\/et_pb_row][\/et_pb_section][et_pb_section fb_built=&#8221;1&#8243; _builder_version=&#8221;3.22&#8243; background_color=&#8221;rgba(117,194,33,0.23)&#8221; background_image=&#8221;https:\/\/pdi.ro\/2020\/wp-content\/uploads\/2020\/02\/back_justflowers_overlay1.png&#8221; background_blend=&#8221;luminosity&#8221; custom_padding=&#8221;54px|0px|0|0px|false|false&#8221; top_divider_style=&#8221;waves2&#8243; top_divider_color=&#8221;#ffffff&#8221; top_divider_height=&#8221;155px&#8221; top_divider_height_tablet=&#8221;&#8221; top_divider_height_phone=&#8221;97px&#8221; top_divider_height_last_edited=&#8221;on|desktop&#8221; bottom_divider_style=&#8221;waves2&#8243; bottom_divider_color=&#8221;#75c221&#8243; bottom_divider_flip=&#8221;vertical&#8221; bottom_divider_height_tablet=&#8221;&#8221; bottom_divider_height_phone=&#8221;59px&#8221; bottom_divider_height_last_edited=&#8221;on|desktop&#8221;][et_pb_row column_structure=&#8221;3_5,2_5&#8243; _builder_version=&#8221;3.25&#8243; custom_padding=&#8221;61px|0px|69px|0px|false|false&#8221;][et_pb_column type=&#8221;3_5&#8243; _builder_version=&#8221;3.25&#8243; custom_padding=&#8221;|||&#8221; custom_padding__hover=&#8221;|||&#8221;][et_pb_text _builder_version=&#8221;4.0.11&#8243; text_font=&#8221;Kaushan Script||||||||&#8221; text_text_color=&#8221;#f0622a&#8221; text_font_size=&#8221;30px&#8221; text_line_height=&#8221;1.2em&#8221; header_font=&#8221;||||||||&#8221; background_layout=&#8221;dark&#8221; text_font_size_tablet=&#8221;&#8221; text_font_size_phone=&#8221;&#8221; text_font_size_last_edited=&#8221;on|desktop&#8221;]<\/p>\n<p>Contacteaz\u0103 operatorul PDI 2020<\/p>\n<p>[\/et_pb_text][et_pb_contact_form email=&#8221;contact@primaderma.ro\/2019&#8243; submit_button_text=&#8221;Trimite mesajul&#8221; _builder_version=&#8221;3.19.4&#8243; title_font=&#8221;||||||||&#8221;][et_pb_contact_field field_id=&#8221;Name&#8221; field_title=&#8221;Nume&#8221; _builder_version=&#8221;3.18.9&#8243; button_text_size__hover_enabled=&#8221;off&#8221; button_one_text_size__hover_enabled=&#8221;off&#8221; button_two_text_size__hover_enabled=&#8221;off&#8221; button_text_color__hover_enabled=&#8221;off&#8221; button_one_text_color__hover_enabled=&#8221;off&#8221; button_two_text_color__hover_enabled=&#8221;off&#8221; button_border_width__hover_enabled=&#8221;off&#8221; button_one_border_width__hover_enabled=&#8221;off&#8221; button_two_border_width__hover_enabled=&#8221;off&#8221; button_border_color__hover_enabled=&#8221;off&#8221; button_one_border_color__hover_enabled=&#8221;off&#8221; button_two_border_color__hover_enabled=&#8221;off&#8221; button_border_radius__hover_enabled=&#8221;off&#8221; button_one_border_radius__hover_enabled=&#8221;off&#8221; button_two_border_radius__hover_enabled=&#8221;off&#8221; button_letter_spacing__hover_enabled=&#8221;off&#8221; button_one_letter_spacing__hover_enabled=&#8221;off&#8221; button_two_letter_spacing__hover_enabled=&#8221;off&#8221; button_bg_color__hover_enabled=&#8221;off&#8221; button_one_bg_color__hover_enabled=&#8221;off&#8221; button_two_bg_color__hover_enabled=&#8221;off&#8221;][\/et_pb_contact_field][et_pb_contact_field field_id=&#8221;Email&#8221; field_title=&#8221;Adresa de e-mail&#8221; field_type=&#8221;email&#8221; _builder_version=&#8221;3.19.4&#8243; button_text_size__hover_enabled=&#8221;off&#8221; button_one_text_size__hover_enabled=&#8221;off&#8221; button_two_text_size__hover_enabled=&#8221;off&#8221; button_text_color__hover_enabled=&#8221;off&#8221; button_one_text_color__hover_enabled=&#8221;off&#8221; button_two_text_color__hover_enabled=&#8221;off&#8221; button_border_width__hover_enabled=&#8221;off&#8221; button_one_border_width__hover_enabled=&#8221;off&#8221; button_two_border_width__hover_enabled=&#8221;off&#8221; button_border_color__hover_enabled=&#8221;off&#8221; button_one_border_color__hover_enabled=&#8221;off&#8221; button_two_border_color__hover_enabled=&#8221;off&#8221; button_border_radius__hover_enabled=&#8221;off&#8221; button_one_border_radius__hover_enabled=&#8221;off&#8221; button_two_border_radius__hover_enabled=&#8221;off&#8221; button_letter_spacing__hover_enabled=&#8221;off&#8221; button_one_letter_spacing__hover_enabled=&#8221;off&#8221; button_two_letter_spacing__hover_enabled=&#8221;off&#8221; button_bg_color__hover_enabled=&#8221;off&#8221; button_one_bg_color__hover_enabled=&#8221;off&#8221; button_two_bg_color__hover_enabled=&#8221;off&#8221;][\/et_pb_contact_field][et_pb_contact_field field_id=&#8221;Message&#8221; field_title=&#8221;Mesajul dvs.&#8221; field_type=&#8221;text&#8221; fullwidth_field=&#8221;on&#8221; _builder_version=&#8221;3.18.9&#8243; button_text_size__hover_enabled=&#8221;off&#8221; button_one_text_size__hover_enabled=&#8221;off&#8221; button_two_text_size__hover_enabled=&#8221;off&#8221; button_text_color__hover_enabled=&#8221;off&#8221; button_one_text_color__hover_enabled=&#8221;off&#8221; button_two_text_color__hover_enabled=&#8221;off&#8221; button_border_width__hover_enabled=&#8221;off&#8221; button_one_border_width__hover_enabled=&#8221;off&#8221; button_two_border_width__hover_enabled=&#8221;off&#8221; button_border_color__hover_enabled=&#8221;off&#8221; button_one_border_color__hover_enabled=&#8221;off&#8221; button_two_border_color__hover_enabled=&#8221;off&#8221; button_border_radius__hover_enabled=&#8221;off&#8221; button_one_border_radius__hover_enabled=&#8221;off&#8221; button_two_border_radius__hover_enabled=&#8221;off&#8221; button_letter_spacing__hover_enabled=&#8221;off&#8221; button_one_letter_spacing__hover_enabled=&#8221;off&#8221; button_two_letter_spacing__hover_enabled=&#8221;off&#8221; button_bg_color__hover_enabled=&#8221;off&#8221; button_one_bg_color__hover_enabled=&#8221;off&#8221; button_two_bg_color__hover_enabled=&#8221;off&#8221;][\/et_pb_contact_field][\/et_pb_contact_form][\/et_pb_column][et_pb_column type=&#8221;2_5&#8243; _builder_version=&#8221;3.25&#8243; custom_padding=&#8221;|||&#8221; custom_padding__hover=&#8221;|||&#8221;][et_pb_text _builder_version=&#8221;4.0.11&#8243; text_font=&#8221;Kaushan Script||||||||&#8221; text_text_color=&#8221;#f0622a&#8221; text_font_size=&#8221;30px&#8221; header_font=&#8221;||||||||&#8221; background_layout=&#8221;dark&#8221;]<\/p>\n<p>Operatorul PDI 2020<\/p>\n<p>[\/et_pb_text][et_pb_text _builder_version=&#8221;4.0.11&#8243; text_font=&#8221;||||||||&#8221;]<\/p>\n<p><span><img loading=\"lazy\" decoding=\"async\" src=\"https:\/\/pdi.ro\/2020\/wp-content\/uploads\/2020\/02\/eventer_logo_150px.png\" width=\"151\" height=\"33\" alt=\"\" class=\"wp-image-774 alignleft size-full\" \/><\/span><\/p>\n<p><span><\/span><\/p>\n<p><span><\/span><\/p>\n<p><span>Adresa: Str. A. Panu nr. 13, Iasi<\/span><br \/> <span>Tel.: 0332.40.88.00-05<\/span><br \/> <span>E-mail: <a href=\"mailto:inscrieri@primaderma.ro\" target=\"_blank\" rel=\"noopener noreferrer\">inscrieri@primaderma.ro<\/a><br \/> <\/span><span>Website:\u00a0<\/span><a href=\"http:\/\/www.eventernet.ro\/\" target=\"Blank\" rel=\"noopener noreferrer\">www.eventernet.ro<\/a><\/p>\n<p>[\/et_pb_text][et_pb_text disabled_on=&#8221;off|off|off&#8221; _builder_version=&#8221;4.0.11&#8243; text_font=&#8221;Kaushan Script||||||||&#8221; text_text_color=&#8221;#f0622a&#8221; text_font_size=&#8221;30px&#8221; header_font=&#8221;||||||||&#8221; background_layout=&#8221;dark&#8221; locked=&#8221;off&#8221;]<\/p>\n<p>Parteneri Media<\/p>\n<p>[\/et_pb_text][et_pb_gallery gallery_ids=&#8221;7203,7204,7232,7231&#8243; fullwidth=&#8221;on&#8221; _builder_version=&#8221;4.0.11&#8243; transform_scale=&#8221;86%|86%&#8221; max_width=&#8221;63%&#8221; auto=&#8221;on&#8221; auto_speed=&#8221;3500&#8243; hover_transition_duration=&#8221;100ms&#8221; hover_transition_delay=&#8221;50ms&#8221; hover_transition_speed_curve=&#8221;ease-in-out&#8221; locked=&#8221;off&#8221;][\/et_pb_gallery][\/et_pb_column][\/et_pb_row][\/et_pb_section]<\/p>\n","protected":false},"excerpt":{"rendered":"<p>Dr. Pl\u0103cintescu Diana Femeie, 50+. Cum abordam menopauza din perspectiva dermatologica? Autor: Diana Placintescu Suntem martorii unui proces demografic fara precedent, pe care inca ne straduim sa il intelegem si sa il gestionam din punct de vedere economic dar si psihologic. Imbatranirea populatiei schimba dinamica sociala, varsta este doar un numar, comportamente si proiecte personale [&hellip;]<\/p>\n","protected":false},"author":2,"featured_media":0,"parent":0,"menu_order":0,"comment_status":"closed","ping_status":"closed","template":"","meta":{"_et_pb_use_builder":"on","_et_pb_old_content":"","_et_gb_content_width":"","footnotes":""},"class_list":["post-8226","page","type-page","status-publish","hentry"],"_links":{"self":[{"href":"https:\/\/pdi.ro\/2020\/wp-json\/wp\/v2\/pages\/8226","targetHints":{"allow":["GET"]}}],"collection":[{"href":"https:\/\/pdi.ro\/2020\/wp-json\/wp\/v2\/pages"}],"about":[{"href":"https:\/\/pdi.ro\/2020\/wp-json\/wp\/v2\/types\/page"}],"author":[{"embeddable":true,"href":"https:\/\/pdi.ro\/2020\/wp-json\/wp\/v2\/users\/2"}],"replies":[{"embeddable":true,"href":"https:\/\/pdi.ro\/2020\/wp-json\/wp\/v2\/comments?post=8226"}],"version-history":[{"count":4,"href":"https:\/\/pdi.ro\/2020\/wp-json\/wp\/v2\/pages\/8226\/revisions"}],"predecessor-version":[{"id":8231,"href":"https:\/\/pdi.ro\/2020\/wp-json\/wp\/v2\/pages\/8226\/revisions\/8231"}],"wp:attachment":[{"href":"https:\/\/pdi.ro\/2020\/wp-json\/wp\/v2\/media?parent=8226"}],"curies":[{"name":"wp","href":"https:\/\/api.w.org\/{rel}","templated":true}]}}