{"id":8374,"date":"2020-06-22T14:20:39","date_gmt":"2020-06-22T12:20:39","guid":{"rendered":"https:\/\/primaderma.ro\/?page_id=8374"},"modified":"2020-06-22T14:37:30","modified_gmt":"2020-06-22T12:37:30","slug":"dr-jianu-dana-mihaela","status":"publish","type":"page","link":"https:\/\/pdi.ro\/2020\/dr-jianu-dana-mihaela\/","title":{"rendered":"Dr. Jianu Dana Mihaela"},"content":{"rendered":"<p>[et_pb_section fb_built=&#8221;1&#8243; fullwidth=&#8221;on&#8221; disabled_on=&#8221;on|off|off&#8221; _builder_version=&#8221;3.22&#8243; custom_margin=&#8221;||&#8221; custom_padding=&#8221;15px||29px&#8221; top_divider_style=&#8221;waves2&#8243; top_divider_color=&#8221;#f0622a&#8221; top_divider_flip=&#8221;horizontal|vertical&#8221; bottom_divider_style=&#8221;waves2&#8243; bottom_divider_color=&#8221;#fcdedb&#8221; bottom_divider_height=&#8221;105px&#8221; bottom_divider_flip=&#8221;vertical&#8221; collapsed=&#8221;off&#8221;][et_pb_fullwidth_header title=&#8221;@ET-DC@eyJkeW5hbWljIjp0cnVlLCJjb250ZW50IjoicG9zdF90aXRsZSIsInNldHRpbmdzIjp7ImJlZm9yZSI6IiIsImFmdGVyIjoiIn19@&#8221; text_orientation=&#8221;right&#8221; header_image_url=&#8221;https:\/\/pdi.ro\/2020\/wp-content\/uploads\/2020\/05\/pdi_iulie_online.png&#8221; disabled_on=&#8221;on|on|off&#8221; _builder_version=&#8221;4.4.7&#8243; _dynamic_attributes=&#8221;title&#8221; title_font=&#8221;Kaushan Script||||||||&#8221; title_text_align=&#8221;right&#8221; title_text_color=&#8221;#f0622a&#8221; title_font_size=&#8221;50px&#8221; content_font=&#8221;|600||on|||||&#8221; content_text_align=&#8221;center&#8221; content_text_color=&#8221;#686766&#8243; content_font_size=&#8221;15px&#8221; subhead_font=&#8221;||||||||&#8221; background_color=&#8221;rgba(239,145,107,0.54)&#8221; background_image=&#8221;https:\/\/pdi.ro\/2020\/wp-content\/uploads\/2020\/02\/back.jpg&#8221; background_layout=&#8221;light&#8221; custom_margin=&#8221;0px||8px&#8221; custom_padding=&#8221;40px||40px||true&#8221; content_font_size_tablet=&#8221;&#8221; content_font_size_phone=&#8221;15px&#8221; content_font_size_last_edited=&#8221;on|desktop&#8221;][\/et_pb_fullwidth_header][\/et_pb_section][et_pb_section fb_built=&#8221;1&#8243; _builder_version=&#8221;3.22&#8243; locked=&#8221;off&#8221;][et_pb_row column_structure=&#8221;2_5,3_5&#8243; _builder_version=&#8221;3.25&#8243;][et_pb_column type=&#8221;2_5&#8243; _builder_version=&#8221;3.25&#8243; custom_padding=&#8221;|||&#8221; custom_padding__hover=&#8221;|||&#8221;][et_pb_image src=&#8221;https:\/\/pdi.ro\/2020\/wp-content\/uploads\/2020\/02\/dana-jianu_1-293&#215;300-1.png&#8221; title_text=&#8221;dana-jianu_1-293&#215;300-1&#8243; align=&#8221;center&#8221; align_tablet=&#8221;center&#8221; align_phone=&#8221;&#8221; align_last_edited=&#8221;on|desktop&#8221; _builder_version=&#8221;4.4.8&#8243; max_width=&#8221;31%&#8221; hover_enabled=&#8221;0&#8243; border_radii=&#8221;on|100px|100px|100px|100px&#8221;][\/et_pb_image][\/et_pb_column][et_pb_column type=&#8221;3_5&#8243; _builder_version=&#8221;3.25&#8243; custom_padding=&#8221;|||&#8221; custom_padding__hover=&#8221;|||&#8221;][et_pb_text _builder_version=&#8221;4.4.8&#8243; hover_enabled=&#8221;0&#8243;]<\/p>\n<h4><strong><span style=\"color: #ff6600;\"><\/span><\/strong><\/h4>\n<h4><strong><span style=\"color: #ff6600;\"><\/span><\/strong><\/h4>\n<h4><strong><span style=\"color: #ff6600;\"><\/span><\/strong><\/h4>\n<h4><strong><span style=\"color: #ff6600;\">Dr. Jianu Dana Mihaela<\/span><\/strong><br \/>\n<strong><span style=\"color: #ff6600;\">Clinica ProEstetica, Bucure\u0219ti, Rom\u00e2nia<\/span><\/strong><\/h4>\n<p>[\/et_pb_text][\/et_pb_column][\/et_pb_row][et_pb_row _builder_version=&#8221;3.25&#8243;][et_pb_column type=&#8221;4_4&#8243; _builder_version=&#8221;3.25&#8243; custom_padding=&#8221;|||&#8221; custom_padding__hover=&#8221;|||&#8221;][et_pb_text _builder_version=&#8221;4.4.8&#8243; hover_enabled=&#8221;0&#8243;]<\/p>\n<p style=\"text-align: justify;\"><span style=\"color: #ff6600;\">Impactul \u0219i metodele chirurgiei regenerative asupra inveli\u0219ului corpului uman<\/span><br \/> <span style=\"color: #ff6600;\">Autori: Dana Mihaela Jianu, Ioana Ghiurco <\/span><\/p>\n<p style=\"text-align: justify;\">Capacitatea de regenerare intrinsec\u0103 a celulelor \u0219i \u021besuturilor corpului uman este obiectul unei activit\u0103\u021bi \u0219tiin\u021bifice \u0219i clinice sus\u021binute, care a dat na\u0219tere la noul domeniu de Medicin\u0103 Regenerativ\u0103. Ca parte a acestuia, Chirurgia Plastic\u0103 Regenerativ\u0103 respect\u0103 acelea\u0219i principii, folosind tehnici concepute pentru regenerare, scopul final fiind restabilirea structurii \u0219i func\u021biei pielii \u0219i \u021besuturilor moi ale corpului uman. Exist\u0103 numeroase dovezi \u0219tiin\u021bifice care au dus la utilizarea tot mai frecvent\u0103 a \u021besutului adipos, nu numai pentru volumizare, ci \u0219i pentru propriet\u0103\u021bile regenerative. \u00cen mod similar, plasma bogat\u0103 \u00een trombocite, cu o abunden\u021b\u0103 \u00een factori de cre\u0219tere, precum \u0219i a laserelor cu CO2 (dar nu numai) sunt dovedite a avea rezultate regenerative pe \u021besuturile rezidente \u0219i pe cele grefate (inclusiv \u021besut adipos). Folosite \u00een combina\u021bie, \u00een aceea\u0219i \u0219edin\u021b\u0103 chirurgical\u0103, acestea au un efect sinergic, poten\u021bat, de restructurare \u0219i remodelare a \u021besuturilor moi \u0219i a pielii.<br \/> S-a demonstrat c\u0103 \u021besutul adipos, plasma bogat\u0103 \u00een plachete \u0219i laserele au capacitatea de a regenera \u021besuturile individual. \u00cen practica noastr\u0103, am studiat \u0219i aplicat cele trei metode de regenerare simultan, \u00eentr-o singur\u0103 procedur\u0103 combinat\u0103, efectul fiind superior datorit\u0103 sinergismului lor.<br \/> Material \u0219i metod\u0103: \u00cencep\u00e2nd cu 2008, trat\u0103m prin tehnici regenerative, cel mai frecvent combinate, pacien\u021bi cu diferite afec\u021biuni: piele \u00eemb\u0103tr\u00e2nit\u0103, cearc\u0103ne, hipotrofie mamar\u0103, defecte congenitale, sechele postoperatorii \u0219i posttraumatice, av\u00e2nd p\u00e2n\u0103 \u00een prezent peste 900 de cazuri.<br \/> Rezultatele sunt \u00eentotdeauna pozitive \u0219i previzibile. Partea de cercetare pe care am condus-o a venit s\u0103 ne \u00eent\u0103reasc\u0103 observa\u021biile clinice \u0219i rezultatele. Tehnicile chirurgicale vor fi discutate, precum \u0219i exemplificarea prin cazuri clinice.<br \/> Concluzie: Tehnicile de regenerare sunt o alternativ\u0103 promi\u021b\u0103toare la chirurgia deschis\u0103, a\u0219a cum este demonstrat de experien\u021ba practic\u0103 \u0219i studiile clinice, pentru repararea \u0219i regenerarea \u021besuturilor deteriorate. Prin combinarea tehnicilor regenerative, se ob\u021bine un efect superior datorit\u0103 sinergismului lor.<\/p>\n<p style=\"text-align: justify;\"><span style=\"color: #ff6600;\">The impact and methods of regenerative surgery on the human body shell<\/span><br \/> <span style=\"color: #ff6600;\">Authors: Dana Mihaela Jianu, Ioana Ghiurco<\/span><\/p>\n<p style=\"text-align: justify;\">The intrinsic regenerative capacity of the cells and tissues of the human body is the subject of sustained scientific and clinical activity, originating the new domain of Regenerative Medicine. As a part of it, Regenerative Plastic Surgery follows the same principles, using techniques designed to regenerate, the ultimate goal being to restore the structure and function of the human body\u2019s skin and soft tissues. There is ample scientific evidence that has led to the increasing use of adipose tissue, not only for volumization, but also for the regenerative properties. Similarly, platelet-rich plasma with the abundance of growth factors, as well as of CO2 (but not only) lasers are demonstrated to have regenerative outcomes on the resident tissues and on the grafted ones (including fat). Used in combination, in the same surgical session, they have a potentiated effect of restructuring and reshaping the soft tissues, also redraping the skin.<br \/> Adipose tissue, platelet-rich plasma and lasers have been shown to have the ability to regenerate tissues individually. In our practice, we studied and applied the three regenerative methods simultaneously, in one combined procedure, the effect being superior due to their synergism.<br \/> Material and method: Starting with 2008, we treat by regenerative, most frequently combined techniques, patients with various conditions: skin ageing, dark circles, breast hypotrophy, congenital defects, postoperative and post-traumatic sequelae,900 cases.<br \/> The results are always positive and predictable. The part of the research that we conducted came to strengthen our clinicalobservations and results. Surgical techniques will be discussed as well as exemplification by clinical cases.<br \/> Conclusion: Regenerative techniques are a promising alternative to open surgery as demonstrated by practical experience and clinical trials, for the repair and regeneration of damaged tissues. By combining regenerative techniques, a superior effect is obtained due to their synergism.<\/p>\n<p style=\"text-align: justify;\"><span style=\"color: #ff6600;\">Scurt CV<\/span><\/p>\n<p>Medic primar chirurg plastician, Doctor \u00een \u0218tiin\u021be Medicale, Cercet\u0103tor \u0219tiin\u021bific<br \/> Dr. Dana Jianu s-a format ca specialist \u00een chirurgia plastic\u0103-estetic\u0103, reconstructiv\u0103 \u0219i arsuri \u00een cadrul sistemului de educa\u021bie medical\u0103 din Rom\u00e2nia, Spitalul Universitar de Chirurgie Plastic\u0103, Reconstructiv\u0103 \u0219i Arsuri, Bucure\u0219ti certificat de Ministerul S\u0103n\u0103t\u0103\u021bii din Rom\u00e2nia (1993). Este Pre\u0219edinte al Societ\u0103\u021bii Rom\u00e2ne de Chirurgie Estetic\u0103 (SRCE) \u0219i Vicepre\u0219edinte al Asocia\u021biei Chirurgilor Plasticieni din Rom\u00e2nia (ACPR) .<br \/> S-a specializat \u00een chirurgie estetic\u0103 \u00een str\u0103in\u0103tate cu reputa\u021bi mae\u0219tri: Valeriu Popescu (Hamburg, Germania), David Sharp (UK), Giovanni Botti (Salo, Italia), Giorgio Fischer (Roma, Italia), Pierre Fournier, Benjamin Ascher (Paris , Franta) \u0219i Steven Hoefflin (Santa Monica, USA) .<br \/> Este preocupat\u0103 de medicina translational\u0103, de aspecte inovative \u0219i de cercetare, de leg\u0103tur\u0103 \u00eentre masa de opera\u021bie, patul pacientului \u0219i masa de laborator. Este cercet\u0103tor \u0219tiin\u021bific al Centrului de Cercetare \u00een Medicina \u0219i Chirurgie Regenerativ\u0103 al ProEstetica Hospital pe platforma Academiei de \u0218tiin\u021be Medicale din Rom\u00e2nia \u0219i ex. profesor asociat al UMF \u201eCarol Davila\u201d Bucure\u0219ti.<br \/> Este membru al Consiliului Colegiului Medicilor Bucure\u0219ti \u0219i \u00een Comisia de Specialitate \u00een cadrul Colegiului Medicilor din Rom\u00e2nia. Este membru al Board-ului Editorial al Jurnalului Oficial ISAPS \u201eAesthetic Plastic Surgery\u201d Journal.<br \/> Este pionier al chirurgiei estetice \u00een Romania (din 1994). A organizat multiple manifest\u0103ri \u0219tiin\u021bifice \u2013 cursuri, simpozioane ISAPS, Congrese Interna\u021bionale \u00een Romania \u0219i str\u0103in\u0103tate, dintre care amintim Congres SRCE 2007, 2009, Curs ISAPS 2013 Sinaia, Congres SRCE \u2013 ACPR 2016, Co-Director Curs ISAPS Belgrad 2015, Cairo 2016, Conferinta SRCE- \u0218coala de vara- Curs ISAPS 2017.<br \/> Este co-proprietar ProEstetica Group (www.proestetica.ro) \u0219i coordonatoarea Departamentului de Chirurgie Plastic\u0103-Estetica \u00een cadrul Centrului Medical ProEstetica.<br \/> Coordoneaz\u0103 activitatea Societ\u0103\u021bii Rom\u00e2ne de Chirurgie Estetic\u0103 (SRCE) \u00een calitate de Pre\u0219edinte. Are o contribu\u021bie importan\u021b\u0103 na\u021bional\u0103 \u0219i interna\u021bional\u0103 \u00een chirurgia plastic\u0103 regenerativ\u0103 at\u00e2t ca \u0219i chirurg practician c\u00e2t \u0219i \u00een calitate de Pre\u0219edinte al Societ\u0103\u021bii Interna\u021bionale de Medicin\u0103 \u0219i Chirurgie Regenerativ\u0103 (SIMCR). Este preocupat\u0103 de performan\u021bele chirurgiei LASER; este Pre\u0219edinte al Societ\u0103\u021bii Europene de Chirurgie Estetic\u0103 Laser (ESLAS).<br \/> Dr. Dana Jianu se concentreaz\u0103 pe chirurgia mamar\u0103, primar\u0103 \u0219i secundar\u0103 \u0219i regenerativ\u0103 &#8211; postmastectomie, corec\u021bia siluetei prin liposculptura, cu un interes special pentru reintinerirea fe\u021bei \u0219i g\u00e2tului prin metode regenerative chirurgicale f\u0103r\u0103 bisturiu, pe transplant de \u021besut adipos, lasere \u0219i PRP, concomitent. Un interes deosebit acord\u0103 interven\u021biilor f\u0103r\u0103 cicatrice vizibile: m\u0103riri de s\u00e2ni cu implante transareolar sau tratamentul regenerativ al cicatricelor.<\/p>\n<p>[\/et_pb_text][\/et_pb_column][\/et_pb_row][\/et_pb_section][et_pb_section fb_built=&#8221;1&#8243; _builder_version=&#8221;3.22&#8243; background_color=&#8221;rgba(117,194,33,0.23)&#8221; background_image=&#8221;https:\/\/pdi.ro\/2020\/wp-content\/uploads\/2020\/02\/back_justflowers_overlay1.png&#8221; background_blend=&#8221;luminosity&#8221; custom_padding=&#8221;54px|0px|0|0px|false|false&#8221; top_divider_style=&#8221;waves2&#8243; top_divider_color=&#8221;#ffffff&#8221; top_divider_height=&#8221;155px&#8221; top_divider_height_tablet=&#8221;&#8221; top_divider_height_phone=&#8221;97px&#8221; top_divider_height_last_edited=&#8221;on|desktop&#8221; bottom_divider_style=&#8221;waves2&#8243; bottom_divider_color=&#8221;#75c221&#8243; bottom_divider_flip=&#8221;vertical&#8221; bottom_divider_height_tablet=&#8221;&#8221; bottom_divider_height_phone=&#8221;59px&#8221; bottom_divider_height_last_edited=&#8221;on|desktop&#8221;][et_pb_row column_structure=&#8221;3_5,2_5&#8243; _builder_version=&#8221;3.25&#8243; custom_padding=&#8221;61px|0px|69px|0px|false|false&#8221;][et_pb_column type=&#8221;3_5&#8243; _builder_version=&#8221;3.25&#8243; custom_padding=&#8221;|||&#8221; custom_padding__hover=&#8221;|||&#8221;][et_pb_text _builder_version=&#8221;4.0.11&#8243; text_font=&#8221;Kaushan Script||||||||&#8221; text_text_color=&#8221;#f0622a&#8221; text_font_size=&#8221;30px&#8221; text_line_height=&#8221;1.2em&#8221; header_font=&#8221;||||||||&#8221; background_layout=&#8221;dark&#8221; text_font_size_tablet=&#8221;&#8221; text_font_size_phone=&#8221;&#8221; text_font_size_last_edited=&#8221;on|desktop&#8221;]<\/p>\n<p>Contacteaz\u0103 operatorul PDI 2020<\/p>\n<p>[\/et_pb_text][et_pb_contact_form email=&#8221;contact@primaderma.ro\/2019&#8243; submit_button_text=&#8221;Trimite mesajul&#8221; _builder_version=&#8221;3.19.4&#8243; title_font=&#8221;||||||||&#8221;][et_pb_contact_field field_id=&#8221;Name&#8221; field_title=&#8221;Nume&#8221; _builder_version=&#8221;3.18.9&#8243; button_text_size__hover_enabled=&#8221;off&#8221; button_one_text_size__hover_enabled=&#8221;off&#8221; button_two_text_size__hover_enabled=&#8221;off&#8221; button_text_color__hover_enabled=&#8221;off&#8221; button_one_text_color__hover_enabled=&#8221;off&#8221; button_two_text_color__hover_enabled=&#8221;off&#8221; button_border_width__hover_enabled=&#8221;off&#8221; button_one_border_width__hover_enabled=&#8221;off&#8221; button_two_border_width__hover_enabled=&#8221;off&#8221; button_border_color__hover_enabled=&#8221;off&#8221; button_one_border_color__hover_enabled=&#8221;off&#8221; button_two_border_color__hover_enabled=&#8221;off&#8221; button_border_radius__hover_enabled=&#8221;off&#8221; button_one_border_radius__hover_enabled=&#8221;off&#8221; button_two_border_radius__hover_enabled=&#8221;off&#8221; button_letter_spacing__hover_enabled=&#8221;off&#8221; button_one_letter_spacing__hover_enabled=&#8221;off&#8221; button_two_letter_spacing__hover_enabled=&#8221;off&#8221; button_bg_color__hover_enabled=&#8221;off&#8221; button_one_bg_color__hover_enabled=&#8221;off&#8221; button_two_bg_color__hover_enabled=&#8221;off&#8221;][\/et_pb_contact_field][et_pb_contact_field field_id=&#8221;Email&#8221; field_title=&#8221;Adresa de e-mail&#8221; field_type=&#8221;email&#8221; _builder_version=&#8221;3.19.4&#8243; button_text_size__hover_enabled=&#8221;off&#8221; button_one_text_size__hover_enabled=&#8221;off&#8221; button_two_text_size__hover_enabled=&#8221;off&#8221; button_text_color__hover_enabled=&#8221;off&#8221; button_one_text_color__hover_enabled=&#8221;off&#8221; button_two_text_color__hover_enabled=&#8221;off&#8221; button_border_width__hover_enabled=&#8221;off&#8221; button_one_border_width__hover_enabled=&#8221;off&#8221; button_two_border_width__hover_enabled=&#8221;off&#8221; button_border_color__hover_enabled=&#8221;off&#8221; button_one_border_color__hover_enabled=&#8221;off&#8221; button_two_border_color__hover_enabled=&#8221;off&#8221; button_border_radius__hover_enabled=&#8221;off&#8221; button_one_border_radius__hover_enabled=&#8221;off&#8221; button_two_border_radius__hover_enabled=&#8221;off&#8221; button_letter_spacing__hover_enabled=&#8221;off&#8221; button_one_letter_spacing__hover_enabled=&#8221;off&#8221; button_two_letter_spacing__hover_enabled=&#8221;off&#8221; button_bg_color__hover_enabled=&#8221;off&#8221; button_one_bg_color__hover_enabled=&#8221;off&#8221; button_two_bg_color__hover_enabled=&#8221;off&#8221;][\/et_pb_contact_field][et_pb_contact_field field_id=&#8221;Message&#8221; field_title=&#8221;Mesajul dvs.&#8221; field_type=&#8221;text&#8221; fullwidth_field=&#8221;on&#8221; _builder_version=&#8221;3.18.9&#8243; button_text_size__hover_enabled=&#8221;off&#8221; button_one_text_size__hover_enabled=&#8221;off&#8221; button_two_text_size__hover_enabled=&#8221;off&#8221; button_text_color__hover_enabled=&#8221;off&#8221; button_one_text_color__hover_enabled=&#8221;off&#8221; button_two_text_color__hover_enabled=&#8221;off&#8221; button_border_width__hover_enabled=&#8221;off&#8221; button_one_border_width__hover_enabled=&#8221;off&#8221; button_two_border_width__hover_enabled=&#8221;off&#8221; button_border_color__hover_enabled=&#8221;off&#8221; button_one_border_color__hover_enabled=&#8221;off&#8221; button_two_border_color__hover_enabled=&#8221;off&#8221; button_border_radius__hover_enabled=&#8221;off&#8221; button_one_border_radius__hover_enabled=&#8221;off&#8221; button_two_border_radius__hover_enabled=&#8221;off&#8221; button_letter_spacing__hover_enabled=&#8221;off&#8221; button_one_letter_spacing__hover_enabled=&#8221;off&#8221; button_two_letter_spacing__hover_enabled=&#8221;off&#8221; button_bg_color__hover_enabled=&#8221;off&#8221; button_one_bg_color__hover_enabled=&#8221;off&#8221; button_two_bg_color__hover_enabled=&#8221;off&#8221;][\/et_pb_contact_field][\/et_pb_contact_form][\/et_pb_column][et_pb_column type=&#8221;2_5&#8243; _builder_version=&#8221;3.25&#8243; custom_padding=&#8221;|||&#8221; custom_padding__hover=&#8221;|||&#8221;][et_pb_text _builder_version=&#8221;4.0.11&#8243; text_font=&#8221;Kaushan Script||||||||&#8221; text_text_color=&#8221;#f0622a&#8221; text_font_size=&#8221;30px&#8221; header_font=&#8221;||||||||&#8221; background_layout=&#8221;dark&#8221;]<\/p>\n<p>Operatorul PDI 2020<\/p>\n<p>[\/et_pb_text][et_pb_text _builder_version=&#8221;4.0.11&#8243; text_font=&#8221;||||||||&#8221;]<\/p>\n<p><span><img loading=\"lazy\" decoding=\"async\" src=\"https:\/\/pdi.ro\/2020\/wp-content\/uploads\/2020\/02\/eventer_logo_150px.png\" width=\"151\" height=\"33\" alt=\"\" class=\"wp-image-774 alignleft size-full\" \/><\/span><\/p>\n<p><span><\/span><\/p>\n<p><span><\/span><\/p>\n<p><span>Adresa: Str. A. Panu nr. 13, Iasi<\/span><br \/> <span>Tel.: 0332.40.88.00-05<\/span><br \/> <span>E-mail: <a href=\"mailto:inscrieri@primaderma.ro\" target=\"_blank\" rel=\"noopener noreferrer\">inscrieri@primaderma.ro<\/a><br \/> <\/span><span>Website:\u00a0<\/span><a href=\"http:\/\/www.eventernet.ro\/\" target=\"Blank\" rel=\"noopener noreferrer\">www.eventernet.ro<\/a><\/p>\n<p>[\/et_pb_text][et_pb_text disabled_on=&#8221;off|off|off&#8221; _builder_version=&#8221;4.0.11&#8243; text_font=&#8221;Kaushan Script||||||||&#8221; text_text_color=&#8221;#f0622a&#8221; text_font_size=&#8221;30px&#8221; header_font=&#8221;||||||||&#8221; background_layout=&#8221;dark&#8221; locked=&#8221;off&#8221;]<\/p>\n<p>Parteneri Media<\/p>\n<p>[\/et_pb_text][et_pb_gallery gallery_ids=&#8221;7203,7204,7232,7231&#8243; fullwidth=&#8221;on&#8221; _builder_version=&#8221;4.0.11&#8243; transform_scale=&#8221;86%|86%&#8221; max_width=&#8221;63%&#8221; auto=&#8221;on&#8221; auto_speed=&#8221;3500&#8243; hover_transition_duration=&#8221;100ms&#8221; hover_transition_delay=&#8221;50ms&#8221; hover_transition_speed_curve=&#8221;ease-in-out&#8221; locked=&#8221;off&#8221;][\/et_pb_gallery][\/et_pb_column][\/et_pb_row][\/et_pb_section]<\/p>\n","protected":false},"excerpt":{"rendered":"<p>Dr. Jianu Dana Mihaela Clinica ProEstetica, Bucure\u0219ti, Rom\u00e2niaImpactul \u0219i metodele chirurgiei regenerative asupra inveli\u0219ului corpului uman Autori: Dana Mihaela Jianu, Ioana Ghiurco Capacitatea de regenerare intrinsec\u0103 a celulelor \u0219i \u021besuturilor corpului uman este obiectul unei activit\u0103\u021bi \u0219tiin\u021bifice \u0219i clinice sus\u021binute, care a dat na\u0219tere la noul domeniu de Medicin\u0103 Regenerativ\u0103. Ca parte a acestuia, Chirurgia [&hellip;]<\/p>\n","protected":false},"author":2,"featured_media":0,"parent":0,"menu_order":0,"comment_status":"closed","ping_status":"closed","template":"","meta":{"_et_pb_use_builder":"on","_et_pb_old_content":"","_et_gb_content_width":"","footnotes":""},"class_list":["post-8374","page","type-page","status-publish","hentry"],"_links":{"self":[{"href":"https:\/\/pdi.ro\/2020\/wp-json\/wp\/v2\/pages\/8374","targetHints":{"allow":["GET"]}}],"collection":[{"href":"https:\/\/pdi.ro\/2020\/wp-json\/wp\/v2\/pages"}],"about":[{"href":"https:\/\/pdi.ro\/2020\/wp-json\/wp\/v2\/types\/page"}],"author":[{"embeddable":true,"href":"https:\/\/pdi.ro\/2020\/wp-json\/wp\/v2\/users\/2"}],"replies":[{"embeddable":true,"href":"https:\/\/pdi.ro\/2020\/wp-json\/wp\/v2\/comments?post=8374"}],"version-history":[{"count":3,"href":"https:\/\/pdi.ro\/2020\/wp-json\/wp\/v2\/pages\/8374\/revisions"}],"predecessor-version":[{"id":8378,"href":"https:\/\/pdi.ro\/2020\/wp-json\/wp\/v2\/pages\/8374\/revisions\/8378"}],"wp:attachment":[{"href":"https:\/\/pdi.ro\/2020\/wp-json\/wp\/v2\/media?parent=8374"}],"curies":[{"name":"wp","href":"https:\/\/api.w.org\/{rel}","templated":true}]}}