{"id":8407,"date":"2020-06-24T12:50:23","date_gmt":"2020-06-24T10:50:23","guid":{"rendered":"https:\/\/primaderma.ro\/?page_id=8407"},"modified":"2020-07-07T19:54:09","modified_gmt":"2020-07-07T17:54:09","slug":"prof-dr-ancuta-codrina","status":"publish","type":"page","link":"https:\/\/pdi.ro\/2020\/prof-dr-ancuta-codrina\/","title":{"rendered":"Prof. Dr. Ancu\u021ba Codrina"},"content":{"rendered":"<p>[et_pb_section fb_built=&#8221;1&#8243; fullwidth=&#8221;on&#8221; disabled_on=&#8221;on|off|off&#8221; _builder_version=&#8221;3.22&#8243; custom_margin=&#8221;||&#8221; custom_padding=&#8221;15px||29px&#8221; top_divider_style=&#8221;waves2&#8243; top_divider_color=&#8221;#f0622a&#8221; top_divider_flip=&#8221;horizontal|vertical&#8221; bottom_divider_style=&#8221;waves2&#8243; bottom_divider_color=&#8221;#fcdedb&#8221; bottom_divider_height=&#8221;105px&#8221; bottom_divider_flip=&#8221;vertical&#8221; collapsed=&#8221;off&#8221;][et_pb_fullwidth_header title=&#8221;@ET-DC@eyJkeW5hbWljIjp0cnVlLCJjb250ZW50IjoicG9zdF90aXRsZSIsInNldHRpbmdzIjp7ImJlZm9yZSI6IiIsImFmdGVyIjoiIn19@&#8221; text_orientation=&#8221;right&#8221; header_image_url=&#8221;https:\/\/pdi.ro\/2020\/wp-content\/uploads\/2020\/05\/pdi_iulie_online.png&#8221; disabled_on=&#8221;on|on|off&#8221; _builder_version=&#8221;4.4.7&#8243; _dynamic_attributes=&#8221;title&#8221; title_font=&#8221;Kaushan Script||||||||&#8221; title_text_align=&#8221;right&#8221; title_text_color=&#8221;#f0622a&#8221; title_font_size=&#8221;50px&#8221; content_font=&#8221;|600||on|||||&#8221; content_text_align=&#8221;center&#8221; content_text_color=&#8221;#686766&#8243; content_font_size=&#8221;15px&#8221; subhead_font=&#8221;||||||||&#8221; background_color=&#8221;rgba(239,145,107,0.54)&#8221; background_image=&#8221;https:\/\/pdi.ro\/2020\/wp-content\/uploads\/2020\/02\/back.jpg&#8221; background_layout=&#8221;light&#8221; custom_margin=&#8221;0px||8px&#8221; custom_padding=&#8221;40px||40px||true&#8221; content_font_size_tablet=&#8221;&#8221; content_font_size_phone=&#8221;15px&#8221; content_font_size_last_edited=&#8221;on|desktop&#8221;][\/et_pb_fullwidth_header][\/et_pb_section][et_pb_section fb_built=&#8221;1&#8243; _builder_version=&#8221;3.22&#8243; locked=&#8221;off&#8221;][et_pb_row column_structure=&#8221;2_5,3_5&#8243; _builder_version=&#8221;3.25&#8243;][et_pb_column type=&#8221;2_5&#8243; _builder_version=&#8221;3.25&#8243; custom_padding=&#8221;|||&#8221; custom_padding__hover=&#8221;|||&#8221;][et_pb_image src=&#8221;https:\/\/pdi.ro\/2020\/wp-content\/uploads\/2020\/02\/CodrinaAncuta.jpg&#8221; title_text=&#8221;CodrinaAncuta&#8221; align=&#8221;center&#8221; align_tablet=&#8221;center&#8221; align_phone=&#8221;&#8221; align_last_edited=&#8221;on|desktop&#8221; _builder_version=&#8221;4.4.8&#8243; max_width=&#8221;31%&#8221; border_radii=&#8221;on|100px|100px|100px|100px&#8221;][\/et_pb_image][\/et_pb_column][et_pb_column type=&#8221;3_5&#8243; _builder_version=&#8221;3.25&#8243; custom_padding=&#8221;|||&#8221; custom_padding__hover=&#8221;|||&#8221;][et_pb_text _builder_version=&#8221;4.4.8&#8243; hover_enabled=&#8221;0&#8243;]<\/p>\n<h4><strong><span style=\"color: #ff6600;\"><\/span><\/strong><\/h4>\n<h4><strong><span style=\"color: #ff6600;\"><\/span><\/strong><\/h4>\n<h4><strong><span style=\"color: #ff6600;\"><\/span><\/strong><\/h4>\n<h4><strong><span style=\"color: #ff6600;\">Prof. Dr. Ancu\u021ba Codrina<\/span><\/strong><br \/>\n<strong><span style=\"color: #ff6600;\">Universitatea de Medicin\u0103 \u0219i Farmacie \u201cGrigore T. Popa\u201d Ia\u0219i<\/span><\/strong><\/h4>\n<p>[\/et_pb_text][\/et_pb_column][\/et_pb_row][et_pb_row _builder_version=&#8221;3.25&#8243;][et_pb_column type=&#8221;4_4&#8243; _builder_version=&#8221;3.25&#8243; custom_padding=&#8221;|||&#8221; custom_padding__hover=&#8221;|||&#8221;][et_pb_text _builder_version=&#8221;4.4.8&#8243;]<\/p>\n<p style=\"text-align: justify;\"><span style=\"color: #ff6600;\">Provoc\u0103ri \u00een managementul artritei psoriazice. Noile recomand\u0103ri EULAR 2019<\/span><br \/> <span style=\"color: #ff6600;\">Autor: Codrina Ancu\u0163a<\/span><\/p>\n<p style=\"text-align: justify;\">Obiective. Definit\u0103 ca o afec\u0163iune reumatic\u0103 cu determinism imun ce se developeaz\u0103 \u00een contextul psoriazisului, artropatia psoriazic\u0103 (APs) r\u0103m\u00e2ne o boal\u0103 multifa\u0163etat\u0103, complex\u0103, caracterizat\u0103 prin inflama\u0163ie cronic\u0103 \u015fi polimorfism clinic, cu impact major asupra calit\u0103\u0163ii vie\u0163ii.<br \/> Metode. Progresele f\u0103cute \u00een \u00een\u0163elegerea patobiologiei au permis dezvoltarea unui arsenal terapeutic multivalent, ce r\u0103spunde unei strategii bine definite, focusat\u0103 pe gestionare dual\u0103 a bolii, reumatologic\u0103 \u015fi dermatologic\u0103.<br \/> Rezultate. Menite s\u0103 jaloneze g\u00e2ndirea terapeutic\u0103, recomand\u0103rile EULAR 2019 men\u0163ioneaz\u0103 dezideratele (remisiunea sau boala cu activitate minim\u0103) \u015fi instrumentele de control \u00een strategia treat-to-target, anun\u0163\u0103 clasele terapeutice \u015fi stabilesc schemele de tratament \u00een func\u0163ie de fenotipul clinic articular, existen\u0163a manifest\u0103rilor sistemice, r\u0103spunsul\/ non-r\u0103spunsul la medica\u0163ie.<br \/> Astfel, AINS \u015fi glucocorticoizii local reprezint\u0103 medica\u0163ia de prim\u0103 inten\u0163ie, indiferent de pattern-ul musculocheletal; remisivele sintetice (cu prioritizarea metotrexatului) sunt apanajul afect\u0103rii articulare periferice, \u00een timp ce biologicele (inhibitorii TNF, IL-17A, IL-12\/23) se recomand\u0103 \u00een APs cu r\u0103spuns suboptimal la csDMARDs. Remisivele \u0163intite \u00ee\u015fi g\u0103sesc aplicabilitatea \u00een situa\u0163ii clar definite &#8211; inhibitorii JAK \u00een APs insuficient controlat\u0103 de biologice, iar inhibitorii PDE4 \u00een formele u\u015foare, ce nu se preteaz\u0103 la administrarea bioterapiei. Spre deosebire de artritele periferice, bDMARDs reprezint\u0103 prima linie de medica\u0163ie patogenic\u0103 \u00een formele axiale.<br \/> Mai mult, este anticipat atat momentul e\u015fecului terapeutic ce impune switching, dar \u015fi remisiunea persistent\u0103 ce permite adaptarea gradual\u0103 a schemei terapeutice (tapering).<br \/> Concluzie. Noile recomand\u0103ri EULAR 2019 constituie un punct de reper \u00een abordarea terapeutic\u0103 standardizat\u0103 a APs, promov\u00e2nd o strategie individualizat\u0103, progresiv\u0103, raportat\u0103 la fenotipul clinic \u015fi severitatea bolii.<\/p>\n<p style=\"text-align: justify;\"><span style=\"color: #ff6600;\">Challenges in the management of psoriasic arthritis. EULAR recommendations &#8211; 2019 update<\/span><br \/> <span style=\"color: #ff6600;\">Author: Codrina Ancu\u0163a<\/span><\/p>\n<p style=\"text-align: justify;\">Objectives. Defined as an immune-mediated rheumatic disorder developed in patients who have manifest or latent psoriasis, psoriatic arthritis (PsA) is considered a complex multifaceted condition characterized by chronic local and systemic inflammation and a broad spectrum of musculoskeletal as well as mon-musculoskeletal manifestations with significant burden.<br \/> Methods. Understanding the complex PsA pathobiology allowed the development of a multivalent therapeutic arsenal and a well-defined strategy focused on dual, rheumatologic and dermatologic management.<br \/> Results. Raising the standard of care for patients with PsA, recent European League Against Rheumatism (EULAR) recommendations not only focus on treat-to-target strategy (remission or, alternatively, low disease activity) and a gradual approach using different drug categories, but also provide a standardized algorithm covering the broad spectrum of disease phenotypes, indicating that a comprehensive therapeutic decision should also consider non-musculoskeletal manifestations, comorbidities and safety. Thus, non-steroidal anti-inflammatory drugs and local injections of glucocorticoids may be considered as first-line medication, irrespective of the musculoskeletal pattern. In patients with peripheral arthritis, a conventional synthetic disease-modifying antirheumatic drug (csDMARD) should be early initiated, with methotrexate preferred if relevant skin involvement, while biological drugs (bDMARD) (TNF, IL-17A or IL-12\/23 inhibitors) are recommended in active PsA with inadequate response to at least one csDMARD. Conversely, a TNF or IL-17A inhibitor represents the treatment of choice if axial PsA. JAK inhibitors are classically indicated after bDMARD failure, while phosphodiesterase-4 inhibitors in the context of mild disease.<br \/> The challenges of switching in patients with drug failure as well as tapering in those targeting sustained remission are also addressed.<br \/> Conclusion. 2019 updated EULAR recommendations remain a benchmark in the standardized therapeutic approach of PsA, providing a personalized, gradual process based on clinical phenotype and severity.<\/p>\n<p style=\"text-align: justify;\"><span style=\"color: #ff6600;\">Scurt CV<\/span><\/p>\n<p>Profesor universitar, Disciplina Reumatologie, Recuperare, Medicina Fizica si Balneologie, Universitatea de Medicina si Farmacie \u201cGrigore T. Popa\u201d Iasi.<br \/> Medic primar reumatologie si reabilitare, sef clinica Reumatologie 2, Spitalul Clinic Recuperare Iasi<br \/> Coordonator Centru EUSTAR 162, afiliat retelei EUSTAR (European Scleroderma Trials and Research Group),<br \/> Coordonator Centru Capilaroscopie \u2013 Network of imaging training center 2016-2021 (EULAR)<br \/> Training in capilaroscopie (Paris, Franta 2004), ecografie musculoscheletala (Paris, Franta, 2004; Barcelona, Spania, 2008); osteodensitometrie DXA (Bucuresti, Romania, 2006).<br \/> <strong>Membru in societati stiintifice internationale:<\/strong> EUSTAR, IASP (International Association for the Study of Pain) si Special Interest Group Musculoskeletal Pain, SLEuro (European Lupus Society)<br \/> <strong>Domenii de interes:<\/strong> terapia biologica in patologia reumatismala imun mediata, orphan disease (Sclerodermia sistemica, miopatii inflamatorii idiopatice), sarcina si patologia reumatismala imun mediata<\/p>\n<p>[\/et_pb_text][\/et_pb_column][\/et_pb_row][\/et_pb_section][et_pb_section fb_built=&#8221;1&#8243; _builder_version=&#8221;3.22&#8243; background_color=&#8221;rgba(117,194,33,0.23)&#8221; background_image=&#8221;https:\/\/pdi.ro\/2020\/wp-content\/uploads\/2020\/02\/back_justflowers_overlay1.png&#8221; background_blend=&#8221;luminosity&#8221; custom_padding=&#8221;54px|0px|0|0px|false|false&#8221; top_divider_style=&#8221;waves2&#8243; top_divider_color=&#8221;#ffffff&#8221; top_divider_height=&#8221;155px&#8221; top_divider_height_tablet=&#8221;&#8221; top_divider_height_phone=&#8221;97px&#8221; top_divider_height_last_edited=&#8221;on|desktop&#8221; bottom_divider_style=&#8221;waves2&#8243; bottom_divider_color=&#8221;#75c221&#8243; bottom_divider_flip=&#8221;vertical&#8221; bottom_divider_height_tablet=&#8221;&#8221; bottom_divider_height_phone=&#8221;59px&#8221; bottom_divider_height_last_edited=&#8221;on|desktop&#8221;][et_pb_row column_structure=&#8221;3_5,2_5&#8243; _builder_version=&#8221;3.25&#8243; custom_padding=&#8221;61px|0px|69px|0px|false|false&#8221;][et_pb_column type=&#8221;3_5&#8243; _builder_version=&#8221;3.25&#8243; custom_padding=&#8221;|||&#8221; custom_padding__hover=&#8221;|||&#8221;][et_pb_text _builder_version=&#8221;4.0.11&#8243; text_font=&#8221;Kaushan Script||||||||&#8221; text_text_color=&#8221;#f0622a&#8221; text_font_size=&#8221;30px&#8221; text_line_height=&#8221;1.2em&#8221; header_font=&#8221;||||||||&#8221; background_layout=&#8221;dark&#8221; text_font_size_tablet=&#8221;&#8221; text_font_size_phone=&#8221;&#8221; text_font_size_last_edited=&#8221;on|desktop&#8221;]<\/p>\n<p>Contacteaz\u0103 operatorul PDI 2020<\/p>\n<p>[\/et_pb_text][et_pb_contact_form email=&#8221;contact@primaderma.ro\/2019&#8243; submit_button_text=&#8221;Trimite mesajul&#8221; _builder_version=&#8221;3.19.4&#8243; title_font=&#8221;||||||||&#8221;][et_pb_contact_field field_id=&#8221;Name&#8221; field_title=&#8221;Nume&#8221; _builder_version=&#8221;3.18.9&#8243; button_text_size__hover_enabled=&#8221;off&#8221; button_one_text_size__hover_enabled=&#8221;off&#8221; button_two_text_size__hover_enabled=&#8221;off&#8221; button_text_color__hover_enabled=&#8221;off&#8221; button_one_text_color__hover_enabled=&#8221;off&#8221; button_two_text_color__hover_enabled=&#8221;off&#8221; button_border_width__hover_enabled=&#8221;off&#8221; button_one_border_width__hover_enabled=&#8221;off&#8221; button_two_border_width__hover_enabled=&#8221;off&#8221; button_border_color__hover_enabled=&#8221;off&#8221; button_one_border_color__hover_enabled=&#8221;off&#8221; button_two_border_color__hover_enabled=&#8221;off&#8221; button_border_radius__hover_enabled=&#8221;off&#8221; button_one_border_radius__hover_enabled=&#8221;off&#8221; button_two_border_radius__hover_enabled=&#8221;off&#8221; button_letter_spacing__hover_enabled=&#8221;off&#8221; button_one_letter_spacing__hover_enabled=&#8221;off&#8221; button_two_letter_spacing__hover_enabled=&#8221;off&#8221; button_bg_color__hover_enabled=&#8221;off&#8221; button_one_bg_color__hover_enabled=&#8221;off&#8221; button_two_bg_color__hover_enabled=&#8221;off&#8221;][\/et_pb_contact_field][et_pb_contact_field field_id=&#8221;Email&#8221; field_title=&#8221;Adresa de e-mail&#8221; field_type=&#8221;email&#8221; _builder_version=&#8221;3.19.4&#8243; button_text_size__hover_enabled=&#8221;off&#8221; button_one_text_size__hover_enabled=&#8221;off&#8221; button_two_text_size__hover_enabled=&#8221;off&#8221; button_text_color__hover_enabled=&#8221;off&#8221; button_one_text_color__hover_enabled=&#8221;off&#8221; button_two_text_color__hover_enabled=&#8221;off&#8221; button_border_width__hover_enabled=&#8221;off&#8221; button_one_border_width__hover_enabled=&#8221;off&#8221; button_two_border_width__hover_enabled=&#8221;off&#8221; button_border_color__hover_enabled=&#8221;off&#8221; button_one_border_color__hover_enabled=&#8221;off&#8221; button_two_border_color__hover_enabled=&#8221;off&#8221; button_border_radius__hover_enabled=&#8221;off&#8221; button_one_border_radius__hover_enabled=&#8221;off&#8221; button_two_border_radius__hover_enabled=&#8221;off&#8221; button_letter_spacing__hover_enabled=&#8221;off&#8221; button_one_letter_spacing__hover_enabled=&#8221;off&#8221; button_two_letter_spacing__hover_enabled=&#8221;off&#8221; button_bg_color__hover_enabled=&#8221;off&#8221; button_one_bg_color__hover_enabled=&#8221;off&#8221; button_two_bg_color__hover_enabled=&#8221;off&#8221;][\/et_pb_contact_field][et_pb_contact_field field_id=&#8221;Message&#8221; field_title=&#8221;Mesajul dvs.&#8221; field_type=&#8221;text&#8221; fullwidth_field=&#8221;on&#8221; _builder_version=&#8221;3.18.9&#8243; button_text_size__hover_enabled=&#8221;off&#8221; button_one_text_size__hover_enabled=&#8221;off&#8221; button_two_text_size__hover_enabled=&#8221;off&#8221; button_text_color__hover_enabled=&#8221;off&#8221; button_one_text_color__hover_enabled=&#8221;off&#8221; button_two_text_color__hover_enabled=&#8221;off&#8221; button_border_width__hover_enabled=&#8221;off&#8221; button_one_border_width__hover_enabled=&#8221;off&#8221; button_two_border_width__hover_enabled=&#8221;off&#8221; button_border_color__hover_enabled=&#8221;off&#8221; button_one_border_color__hover_enabled=&#8221;off&#8221; button_two_border_color__hover_enabled=&#8221;off&#8221; button_border_radius__hover_enabled=&#8221;off&#8221; button_one_border_radius__hover_enabled=&#8221;off&#8221; button_two_border_radius__hover_enabled=&#8221;off&#8221; button_letter_spacing__hover_enabled=&#8221;off&#8221; button_one_letter_spacing__hover_enabled=&#8221;off&#8221; button_two_letter_spacing__hover_enabled=&#8221;off&#8221; button_bg_color__hover_enabled=&#8221;off&#8221; button_one_bg_color__hover_enabled=&#8221;off&#8221; button_two_bg_color__hover_enabled=&#8221;off&#8221;][\/et_pb_contact_field][\/et_pb_contact_form][\/et_pb_column][et_pb_column type=&#8221;2_5&#8243; _builder_version=&#8221;3.25&#8243; custom_padding=&#8221;|||&#8221; custom_padding__hover=&#8221;|||&#8221;][et_pb_text _builder_version=&#8221;4.0.11&#8243; text_font=&#8221;Kaushan Script||||||||&#8221; text_text_color=&#8221;#f0622a&#8221; text_font_size=&#8221;30px&#8221; header_font=&#8221;||||||||&#8221; background_layout=&#8221;dark&#8221;]<\/p>\n<p>Operatorul PDI 2020<\/p>\n<p>[\/et_pb_text][et_pb_text _builder_version=&#8221;4.0.11&#8243; text_font=&#8221;||||||||&#8221;]<\/p>\n<p><span><img loading=\"lazy\" decoding=\"async\" src=\"https:\/\/pdi.ro\/2020\/wp-content\/uploads\/2020\/02\/eventer_logo_150px.png\" width=\"151\" height=\"33\" alt=\"\" class=\"wp-image-774 alignleft size-full\" \/><\/span><\/p>\n<p><span><\/span><\/p>\n<p><span><\/span><\/p>\n<p><span>Adresa: Str. A. Panu nr. 13, Iasi<\/span><br \/> <span>Tel.: 0332.40.88.00-05<\/span><br \/> <span>E-mail: <a href=\"mailto:inscrieri@primaderma.ro\" target=\"_blank\" rel=\"noopener noreferrer\">inscrieri@primaderma.ro<\/a><br \/> <\/span><span>Website:\u00a0<\/span><a href=\"http:\/\/www.eventernet.ro\/\" target=\"Blank\" rel=\"noopener noreferrer\">www.eventernet.ro<\/a><\/p>\n<p>[\/et_pb_text][et_pb_text disabled_on=&#8221;off|off|off&#8221; _builder_version=&#8221;4.0.11&#8243; text_font=&#8221;Kaushan Script||||||||&#8221; text_text_color=&#8221;#f0622a&#8221; text_font_size=&#8221;30px&#8221; header_font=&#8221;||||||||&#8221; background_layout=&#8221;dark&#8221; locked=&#8221;off&#8221;]<\/p>\n<p>Parteneri Media<\/p>\n<p>[\/et_pb_text][et_pb_gallery gallery_ids=&#8221;7203,7204,7232,7231&#8243; fullwidth=&#8221;on&#8221; _builder_version=&#8221;4.0.11&#8243; transform_scale=&#8221;86%|86%&#8221; max_width=&#8221;63%&#8221; auto=&#8221;on&#8221; auto_speed=&#8221;3500&#8243; hover_transition_duration=&#8221;100ms&#8221; hover_transition_delay=&#8221;50ms&#8221; hover_transition_speed_curve=&#8221;ease-in-out&#8221; locked=&#8221;off&#8221;][\/et_pb_gallery][\/et_pb_column][\/et_pb_row][\/et_pb_section]<\/p>\n","protected":false},"excerpt":{"rendered":"<p>Prof. Dr. Ancu\u021ba Codrina Universitatea de Medicin\u0103 \u0219i Farmacie \u201cGrigore T. Popa\u201d Ia\u0219iProvoc\u0103ri \u00een managementul artritei psoriazice. Noile recomand\u0103ri EULAR 2019 Autor: Codrina Ancu\u0163a Obiective. Definit\u0103 ca o afec\u0163iune reumatic\u0103 cu determinism imun ce se developeaz\u0103 \u00een contextul psoriazisului, artropatia psoriazic\u0103 (APs) r\u0103m\u00e2ne o boal\u0103 multifa\u0163etat\u0103, complex\u0103, caracterizat\u0103 prin inflama\u0163ie cronic\u0103 \u015fi polimorfism clinic, cu [&hellip;]<\/p>\n","protected":false},"author":2,"featured_media":0,"parent":0,"menu_order":0,"comment_status":"closed","ping_status":"closed","template":"","meta":{"_et_pb_use_builder":"on","_et_pb_old_content":"","_et_gb_content_width":"","footnotes":""},"class_list":["post-8407","page","type-page","status-publish","hentry"],"_links":{"self":[{"href":"https:\/\/pdi.ro\/2020\/wp-json\/wp\/v2\/pages\/8407","targetHints":{"allow":["GET"]}}],"collection":[{"href":"https:\/\/pdi.ro\/2020\/wp-json\/wp\/v2\/pages"}],"about":[{"href":"https:\/\/pdi.ro\/2020\/wp-json\/wp\/v2\/types\/page"}],"author":[{"embeddable":true,"href":"https:\/\/pdi.ro\/2020\/wp-json\/wp\/v2\/users\/2"}],"replies":[{"embeddable":true,"href":"https:\/\/pdi.ro\/2020\/wp-json\/wp\/v2\/comments?post=8407"}],"version-history":[{"count":6,"href":"https:\/\/pdi.ro\/2020\/wp-json\/wp\/v2\/pages\/8407\/revisions"}],"predecessor-version":[{"id":8592,"href":"https:\/\/pdi.ro\/2020\/wp-json\/wp\/v2\/pages\/8407\/revisions\/8592"}],"wp:attachment":[{"href":"https:\/\/pdi.ro\/2020\/wp-json\/wp\/v2\/media?parent=8407"}],"curies":[{"name":"wp","href":"https:\/\/api.w.org\/{rel}","templated":true}]}}