{"id":8421,"date":"2020-06-25T11:04:58","date_gmt":"2020-06-25T09:04:58","guid":{"rendered":"https:\/\/primaderma.ro\/?page_id=8421"},"modified":"2020-06-25T11:04:58","modified_gmt":"2020-06-25T09:04:58","slug":"sef-lucr-dr-baroi-livia-genoveva","status":"publish","type":"page","link":"https:\/\/pdi.ro\/2020\/sef-lucr-dr-baroi-livia-genoveva\/","title":{"rendered":"\u0218ef Lucr. Dr. Baroi Livia Genoveva"},"content":{"rendered":"<p>[et_pb_section fb_built=&#8221;1&#8243; fullwidth=&#8221;on&#8221; disabled_on=&#8221;on|off|off&#8221; _builder_version=&#8221;3.22&#8243; custom_margin=&#8221;||&#8221; custom_padding=&#8221;15px||29px&#8221; top_divider_style=&#8221;waves2&#8243; top_divider_color=&#8221;#f0622a&#8221; top_divider_flip=&#8221;horizontal|vertical&#8221; bottom_divider_style=&#8221;waves2&#8243; bottom_divider_color=&#8221;#fcdedb&#8221; bottom_divider_height=&#8221;105px&#8221; bottom_divider_flip=&#8221;vertical&#8221; collapsed=&#8221;off&#8221;][et_pb_fullwidth_header title=&#8221;@ET-DC@eyJkeW5hbWljIjp0cnVlLCJjb250ZW50IjoicG9zdF90aXRsZSIsInNldHRpbmdzIjp7ImJlZm9yZSI6IiIsImFmdGVyIjoiIn19@&#8221; text_orientation=&#8221;right&#8221; header_image_url=&#8221;https:\/\/pdi.ro\/2020\/wp-content\/uploads\/2020\/05\/pdi_iulie_online.png&#8221; disabled_on=&#8221;on|on|off&#8221; _builder_version=&#8221;4.4.7&#8243; _dynamic_attributes=&#8221;title&#8221; title_font=&#8221;Kaushan Script||||||||&#8221; title_text_align=&#8221;right&#8221; title_text_color=&#8221;#f0622a&#8221; title_font_size=&#8221;50px&#8221; content_font=&#8221;|600||on|||||&#8221; content_text_align=&#8221;center&#8221; content_text_color=&#8221;#686766&#8243; content_font_size=&#8221;15px&#8221; subhead_font=&#8221;||||||||&#8221; background_color=&#8221;rgba(239,145,107,0.54)&#8221; background_image=&#8221;https:\/\/pdi.ro\/2020\/wp-content\/uploads\/2020\/02\/back.jpg&#8221; background_layout=&#8221;light&#8221; custom_margin=&#8221;0px||8px&#8221; custom_padding=&#8221;40px||40px||true&#8221; content_font_size_tablet=&#8221;&#8221; content_font_size_phone=&#8221;15px&#8221; content_font_size_last_edited=&#8221;on|desktop&#8221;][\/et_pb_fullwidth_header][\/et_pb_section][et_pb_section fb_built=&#8221;1&#8243; _builder_version=&#8221;3.22&#8243; locked=&#8221;off&#8221;][et_pb_row column_structure=&#8221;2_5,3_5&#8243; _builder_version=&#8221;3.25&#8243;][et_pb_column type=&#8221;2_5&#8243; _builder_version=&#8221;3.25&#8243; custom_padding=&#8221;|||&#8221; custom_padding__hover=&#8221;|||&#8221;][et_pb_image src=&#8221;https:\/\/pdi.ro\/2020\/wp-content\/uploads\/2020\/06\/Baroi-Genoveva.png&#8221; title_text=&#8221;Baroi Genoveva&#8221; align=&#8221;center&#8221; align_tablet=&#8221;center&#8221; align_phone=&#8221;&#8221; align_last_edited=&#8221;on|desktop&#8221; _builder_version=&#8221;4.4.8&#8243; max_width=&#8221;31%&#8221; hover_enabled=&#8221;0&#8243; border_radii=&#8221;on|100px|100px|100px|100px&#8221;][\/et_pb_image][\/et_pb_column][et_pb_column type=&#8221;3_5&#8243; _builder_version=&#8221;3.25&#8243; custom_padding=&#8221;|||&#8221; custom_padding__hover=&#8221;|||&#8221;][et_pb_text _builder_version=&#8221;4.4.8&#8243; hover_enabled=&#8221;0&#8243;]<\/p>\n<h4><strong><span style=\"color: #ff6600;\"><\/span><\/strong><\/h4>\n<h4><strong><span style=\"color: #ff6600;\"><\/span><\/strong><\/h4>\n<h4><strong><span style=\"color: #ff6600;\"><\/span><\/strong><\/h4>\n<h4><strong><span style=\"color: #ff6600;\">\u0218ef Lucr. Dr. Baroi Livia Genoveva<\/span><\/strong><br \/>\n<strong><span style=\"color: #ff6600;\">Universitatea de Medicin\u0103 \u0219i Farmacie \u201cGrigore T. Popa\u201d Ia\u0219i<\/span><\/strong><\/h4>\n<p>[\/et_pb_text][\/et_pb_column][\/et_pb_row][et_pb_row _builder_version=&#8221;3.25&#8243;][et_pb_column type=&#8221;4_4&#8243; _builder_version=&#8221;3.25&#8243; custom_padding=&#8221;|||&#8221; custom_padding__hover=&#8221;|||&#8221;][et_pb_text _builder_version=&#8221;4.4.8&#8243; hover_enabled=&#8221;0&#8243;]<\/p>\n<p style=\"text-align: justify;\"><span style=\"color: #ff6600;\">Serie de cazuri clinice cu abordare pluridisciplinar\u0103 a ulcerelor de cauz\u0103 arterial\u0103<\/span><br \/> <span style=\"color: #ff6600;\">Autori: Livia Genoveva Baroi,  Ioana Suhareanu, Marina Gaina, Cristina Strobescu Ciobanu, I.M. Cazan, R.F. Popa<\/span><\/p>\n<p style=\"text-align: justify;\">Lucrarea prezint\u0103 o serie de trei cazuri de boal\u0103 arterial\u0103 periferic\u0103 stadiul WIfI 4, cu ischemie critic\u0103 \u0219i ulcere de gamb\u0103 suprainfectate \u00eengrijite \u00een servicii de dermatologie teritoriale \u0219i adresate apoi clinicii de Chirurgie Vascular\u0103, Spitalul \u201cSf. Spiridon\u201d, Ia\u0219i.<br \/>\nLa ace\u0219ti pacien\u021bi s-a practicat revascularizare chirurgical\u0103 urmat\u0103 de preg\u0103tirea zonei ulcerate pentru grefare cutanat\u0103 prin negativarea antibiogramei cu ajutorul aspira\u021biei negative cu aparat VivanoTec.<br \/>\nEvolu\u021bia favorabil\u0103 a pacien\u021bilor s-a datorat abord\u0103rii pluridisciplinare a cazurilor de c\u0103tre o echipa format\u0103 din dermatolog, chirurg vascular, chirurg plastician \u0219i chirurg ortoped (\u00eentr-unul din cazuri).<br \/>\nMedicul dermatolog are rolul de a recunoa\u0219te componen\u021ba arterial\u0103 \u00een etiologia unui ulcer de gamb\u0103 \u0219i de a adresa pacientul \u00een timp util serviciului de chirurgie vascular\u0103 \u00een vederea tratamentului adecvat.\n<\/p>\n<p style=\"text-align: justify;\"><span style=\"color: #ff6600;\">A series of clinical cases with a multidisciplinary approach of arterial ulcers<\/span><br \/> <span style=\"color: #ff6600;\">Authors: Livia Genoveva Baroi,  Ioana Suhareanu, Marina Gaina, Cristina Strobescu Ciobanu, I.M. Cazan, R.F. Popa<\/span><\/p>\n<p style=\"text-align: justify;\">This is a case series of three patients with peripheral arterial disease stage WIfI4, with critical lower limb ischemia and profound leg ulcers treated in dermatology departments and then addressed to the Vascular Surgery Department \u201cSf. Spiridon\u201d Hospital, Iasi.<br \/>\nIn these patients, surgical revascularization was performed followed by the preparation of the ulcerated area for skin grafting using the vacuum aspiration with VivanoTec device.<br \/>\nThe favorable evolution of the patients was due to the multidisciplinary approach of the cases by a team of dermatologist, vascular surgeon, plastic surgeon and orthopedic surgeon (in one of the cases).<br \/>\n The dermatologist has the role of recognizing the arterial component in the etiology of a leg ulcer and to refer the patient in time to the vascular surgery service for the appropriate treatment.\n<\/p>\n<p style=\"text-align: justify;\"><span style=\"color: #ff6600;\">Scurt CV<\/span><\/p>\n<p>Dr. Livia Genoveva Baroi este \u0218ef lucr\u0103ri la disciplina Chirurgie Vascular\u0103, Universitatea de Medicin\u0103 \u0219i Farmacie \u201dGrigore T. Popa\u201d \u0219i medic primar Chirurgie Vascular\u0103, la Spitalul \u201cSf. Spiridon\u201d, Ia\u0219i, Rom\u00e2nia.<br \/>\nA absolvit Facultatea de Medicin\u0103 General\u0103 la Universitatea de Medicin\u0103 \u0219i Farmacie \u201cGrigore T. Popa\u201d, Ia\u0219i, este doctor \u00een \u0219tiin\u021be medicale, autor \u0219i co-autor a 7 c\u0103r\u021bi \u0219i 29 articole publicate \u00een reviste na\u021bionale \u0219i interna\u021bionale. A participat la 49 congrese \u0219i manifest\u0103ri \u0219tiin\u021bifice organizate \u00een \u021bar\u0103 \u0219i \u00een str\u0103in\u0103tate. Este membru fondator al Societ\u0103\u021bii Rom\u00e2ne de Chirurgie Vascular\u0103 din anul 2014 \u0219i membru al Societ\u0103\u021bii Europene de Chirurgie Vascular\u0103 din anul 2011.<\/p>\n<p>[\/et_pb_text][\/et_pb_column][\/et_pb_row][\/et_pb_section][et_pb_section fb_built=&#8221;1&#8243; _builder_version=&#8221;3.22&#8243; background_color=&#8221;rgba(117,194,33,0.23)&#8221; background_image=&#8221;https:\/\/pdi.ro\/2020\/wp-content\/uploads\/2020\/02\/back_justflowers_overlay1.png&#8221; background_blend=&#8221;luminosity&#8221; custom_padding=&#8221;54px|0px|0|0px|false|false&#8221; top_divider_style=&#8221;waves2&#8243; top_divider_color=&#8221;#ffffff&#8221; top_divider_height=&#8221;155px&#8221; top_divider_height_tablet=&#8221;&#8221; top_divider_height_phone=&#8221;97px&#8221; top_divider_height_last_edited=&#8221;on|desktop&#8221; bottom_divider_style=&#8221;waves2&#8243; bottom_divider_color=&#8221;#75c221&#8243; bottom_divider_flip=&#8221;vertical&#8221; bottom_divider_height_tablet=&#8221;&#8221; bottom_divider_height_phone=&#8221;59px&#8221; bottom_divider_height_last_edited=&#8221;on|desktop&#8221;][et_pb_row column_structure=&#8221;3_5,2_5&#8243; _builder_version=&#8221;3.25&#8243; custom_padding=&#8221;61px|0px|69px|0px|false|false&#8221;][et_pb_column type=&#8221;3_5&#8243; _builder_version=&#8221;3.25&#8243; custom_padding=&#8221;|||&#8221; custom_padding__hover=&#8221;|||&#8221;][et_pb_text _builder_version=&#8221;4.0.11&#8243; text_font=&#8221;Kaushan Script||||||||&#8221; text_text_color=&#8221;#f0622a&#8221; text_font_size=&#8221;30px&#8221; text_line_height=&#8221;1.2em&#8221; header_font=&#8221;||||||||&#8221; background_layout=&#8221;dark&#8221; text_font_size_tablet=&#8221;&#8221; text_font_size_phone=&#8221;&#8221; text_font_size_last_edited=&#8221;on|desktop&#8221;]<\/p>\n<p>Contacteaz\u0103 operatorul PDI 2020<\/p>\n<p>[\/et_pb_text][et_pb_contact_form email=&#8221;contact@primaderma.ro\/2019&#8243; submit_button_text=&#8221;Trimite mesajul&#8221; _builder_version=&#8221;3.19.4&#8243; title_font=&#8221;||||||||&#8221;][et_pb_contact_field field_id=&#8221;Name&#8221; field_title=&#8221;Nume&#8221; _builder_version=&#8221;3.18.9&#8243; button_text_size__hover_enabled=&#8221;off&#8221; button_one_text_size__hover_enabled=&#8221;off&#8221; button_two_text_size__hover_enabled=&#8221;off&#8221; button_text_color__hover_enabled=&#8221;off&#8221; button_one_text_color__hover_enabled=&#8221;off&#8221; button_two_text_color__hover_enabled=&#8221;off&#8221; button_border_width__hover_enabled=&#8221;off&#8221; button_one_border_width__hover_enabled=&#8221;off&#8221; button_two_border_width__hover_enabled=&#8221;off&#8221; button_border_color__hover_enabled=&#8221;off&#8221; button_one_border_color__hover_enabled=&#8221;off&#8221; button_two_border_color__hover_enabled=&#8221;off&#8221; button_border_radius__hover_enabled=&#8221;off&#8221; button_one_border_radius__hover_enabled=&#8221;off&#8221; button_two_border_radius__hover_enabled=&#8221;off&#8221; button_letter_spacing__hover_enabled=&#8221;off&#8221; button_one_letter_spacing__hover_enabled=&#8221;off&#8221; button_two_letter_spacing__hover_enabled=&#8221;off&#8221; button_bg_color__hover_enabled=&#8221;off&#8221; button_one_bg_color__hover_enabled=&#8221;off&#8221; button_two_bg_color__hover_enabled=&#8221;off&#8221;][\/et_pb_contact_field][et_pb_contact_field field_id=&#8221;Email&#8221; field_title=&#8221;Adresa de e-mail&#8221; field_type=&#8221;email&#8221; _builder_version=&#8221;3.19.4&#8243; button_text_size__hover_enabled=&#8221;off&#8221; button_one_text_size__hover_enabled=&#8221;off&#8221; button_two_text_size__hover_enabled=&#8221;off&#8221; button_text_color__hover_enabled=&#8221;off&#8221; button_one_text_color__hover_enabled=&#8221;off&#8221; button_two_text_color__hover_enabled=&#8221;off&#8221; button_border_width__hover_enabled=&#8221;off&#8221; button_one_border_width__hover_enabled=&#8221;off&#8221; button_two_border_width__hover_enabled=&#8221;off&#8221; button_border_color__hover_enabled=&#8221;off&#8221; button_one_border_color__hover_enabled=&#8221;off&#8221; button_two_border_color__hover_enabled=&#8221;off&#8221; button_border_radius__hover_enabled=&#8221;off&#8221; button_one_border_radius__hover_enabled=&#8221;off&#8221; button_two_border_radius__hover_enabled=&#8221;off&#8221; button_letter_spacing__hover_enabled=&#8221;off&#8221; button_one_letter_spacing__hover_enabled=&#8221;off&#8221; button_two_letter_spacing__hover_enabled=&#8221;off&#8221; button_bg_color__hover_enabled=&#8221;off&#8221; button_one_bg_color__hover_enabled=&#8221;off&#8221; button_two_bg_color__hover_enabled=&#8221;off&#8221;][\/et_pb_contact_field][et_pb_contact_field field_id=&#8221;Message&#8221; field_title=&#8221;Mesajul dvs.&#8221; field_type=&#8221;text&#8221; fullwidth_field=&#8221;on&#8221; _builder_version=&#8221;3.18.9&#8243; button_text_size__hover_enabled=&#8221;off&#8221; button_one_text_size__hover_enabled=&#8221;off&#8221; button_two_text_size__hover_enabled=&#8221;off&#8221; button_text_color__hover_enabled=&#8221;off&#8221; button_one_text_color__hover_enabled=&#8221;off&#8221; button_two_text_color__hover_enabled=&#8221;off&#8221; button_border_width__hover_enabled=&#8221;off&#8221; button_one_border_width__hover_enabled=&#8221;off&#8221; button_two_border_width__hover_enabled=&#8221;off&#8221; button_border_color__hover_enabled=&#8221;off&#8221; button_one_border_color__hover_enabled=&#8221;off&#8221; button_two_border_color__hover_enabled=&#8221;off&#8221; button_border_radius__hover_enabled=&#8221;off&#8221; button_one_border_radius__hover_enabled=&#8221;off&#8221; button_two_border_radius__hover_enabled=&#8221;off&#8221; button_letter_spacing__hover_enabled=&#8221;off&#8221; button_one_letter_spacing__hover_enabled=&#8221;off&#8221; button_two_letter_spacing__hover_enabled=&#8221;off&#8221; button_bg_color__hover_enabled=&#8221;off&#8221; button_one_bg_color__hover_enabled=&#8221;off&#8221; button_two_bg_color__hover_enabled=&#8221;off&#8221;][\/et_pb_contact_field][\/et_pb_contact_form][\/et_pb_column][et_pb_column type=&#8221;2_5&#8243; _builder_version=&#8221;3.25&#8243; custom_padding=&#8221;|||&#8221; custom_padding__hover=&#8221;|||&#8221;][et_pb_text _builder_version=&#8221;4.0.11&#8243; text_font=&#8221;Kaushan Script||||||||&#8221; text_text_color=&#8221;#f0622a&#8221; text_font_size=&#8221;30px&#8221; header_font=&#8221;||||||||&#8221; background_layout=&#8221;dark&#8221;]<\/p>\n<p>Operatorul PDI 2020<\/p>\n<p>[\/et_pb_text][et_pb_text _builder_version=&#8221;4.0.11&#8243; text_font=&#8221;||||||||&#8221;]<\/p>\n<p><span><img loading=\"lazy\" decoding=\"async\" src=\"https:\/\/pdi.ro\/2020\/wp-content\/uploads\/2020\/02\/eventer_logo_150px.png\" width=\"151\" height=\"33\" alt=\"\" class=\"wp-image-774 alignleft size-full\" \/><\/span><\/p>\n<p><span><\/span><\/p>\n<p><span><\/span><\/p>\n<p><span>Adresa: Str. A. Panu nr. 13, Iasi<\/span><br \/> <span>Tel.: 0332.40.88.00-05<\/span><br \/> <span>E-mail: <a href=\"mailto:inscrieri@primaderma.ro\" target=\"_blank\" rel=\"noopener noreferrer\">inscrieri@primaderma.ro<\/a><br \/> <\/span><span>Website:\u00a0<\/span><a href=\"http:\/\/www.eventernet.ro\/\" target=\"Blank\" rel=\"noopener noreferrer\">www.eventernet.ro<\/a><\/p>\n<p>[\/et_pb_text][et_pb_text disabled_on=&#8221;off|off|off&#8221; _builder_version=&#8221;4.0.11&#8243; text_font=&#8221;Kaushan Script||||||||&#8221; text_text_color=&#8221;#f0622a&#8221; text_font_size=&#8221;30px&#8221; header_font=&#8221;||||||||&#8221; background_layout=&#8221;dark&#8221; locked=&#8221;off&#8221;]<\/p>\n<p>Parteneri Media<\/p>\n<p>[\/et_pb_text][et_pb_gallery gallery_ids=&#8221;7203,7204,7232,7231&#8243; fullwidth=&#8221;on&#8221; _builder_version=&#8221;4.0.11&#8243; transform_scale=&#8221;86%|86%&#8221; max_width=&#8221;63%&#8221; auto=&#8221;on&#8221; auto_speed=&#8221;3500&#8243; hover_transition_duration=&#8221;100ms&#8221; hover_transition_delay=&#8221;50ms&#8221; hover_transition_speed_curve=&#8221;ease-in-out&#8221; locked=&#8221;off&#8221;][\/et_pb_gallery][\/et_pb_column][\/et_pb_row][\/et_pb_section]<\/p>\n","protected":false},"excerpt":{"rendered":"<p>\u0218ef Lucr. Dr. Baroi Livia Genoveva Universitatea de Medicin\u0103 \u0219i Farmacie \u201cGrigore T. Popa\u201d Ia\u0219iSerie de cazuri clinice cu abordare pluridisciplinar\u0103 a ulcerelor de cauz\u0103 arterial\u0103 Autori: Livia Genoveva Baroi, Ioana Suhareanu, Marina Gaina, Cristina Strobescu Ciobanu, I.M. Cazan, R.F. Popa Lucrarea prezint\u0103 o serie de trei cazuri de boal\u0103 arterial\u0103 periferic\u0103 stadiul WIfI 4, [&hellip;]<\/p>\n","protected":false},"author":2,"featured_media":0,"parent":0,"menu_order":0,"comment_status":"closed","ping_status":"closed","template":"","meta":{"_et_pb_use_builder":"on","_et_pb_old_content":"","_et_gb_content_width":"","footnotes":""},"class_list":["post-8421","page","type-page","status-publish","hentry"],"_links":{"self":[{"href":"https:\/\/pdi.ro\/2020\/wp-json\/wp\/v2\/pages\/8421","targetHints":{"allow":["GET"]}}],"collection":[{"href":"https:\/\/pdi.ro\/2020\/wp-json\/wp\/v2\/pages"}],"about":[{"href":"https:\/\/pdi.ro\/2020\/wp-json\/wp\/v2\/types\/page"}],"author":[{"embeddable":true,"href":"https:\/\/pdi.ro\/2020\/wp-json\/wp\/v2\/users\/2"}],"replies":[{"embeddable":true,"href":"https:\/\/pdi.ro\/2020\/wp-json\/wp\/v2\/comments?post=8421"}],"version-history":[{"count":4,"href":"https:\/\/pdi.ro\/2020\/wp-json\/wp\/v2\/pages\/8421\/revisions"}],"predecessor-version":[{"id":8426,"href":"https:\/\/pdi.ro\/2020\/wp-json\/wp\/v2\/pages\/8421\/revisions\/8426"}],"wp:attachment":[{"href":"https:\/\/pdi.ro\/2020\/wp-json\/wp\/v2\/media?parent=8421"}],"curies":[{"name":"wp","href":"https:\/\/api.w.org\/{rel}","templated":true}]}}