{"id":8439,"date":"2020-06-29T11:34:18","date_gmt":"2020-06-29T09:34:18","guid":{"rendered":"https:\/\/primaderma.ro\/?page_id=8439"},"modified":"2020-06-29T11:34:18","modified_gmt":"2020-06-29T09:34:18","slug":"prof-univ-dr-profire-lenuta","status":"publish","type":"page","link":"https:\/\/pdi.ro\/2020\/prof-univ-dr-profire-lenuta\/","title":{"rendered":"Prof. Univ. Dr. Profire Lenu\u021ba"},"content":{"rendered":"<p>[et_pb_section fb_built=&#8221;1&#8243; fullwidth=&#8221;on&#8221; disabled_on=&#8221;on|off|off&#8221; _builder_version=&#8221;3.22&#8243; custom_margin=&#8221;||&#8221; custom_padding=&#8221;15px||29px&#8221; top_divider_style=&#8221;waves2&#8243; top_divider_color=&#8221;#f0622a&#8221; top_divider_flip=&#8221;horizontal|vertical&#8221; bottom_divider_style=&#8221;waves2&#8243; bottom_divider_color=&#8221;#fcdedb&#8221; bottom_divider_height=&#8221;105px&#8221; bottom_divider_flip=&#8221;vertical&#8221; collapsed=&#8221;off&#8221;][et_pb_fullwidth_header title=&#8221;@ET-DC@eyJkeW5hbWljIjp0cnVlLCJjb250ZW50IjoicG9zdF90aXRsZSIsInNldHRpbmdzIjp7ImJlZm9yZSI6IiIsImFmdGVyIjoiIn19@&#8221; text_orientation=&#8221;right&#8221; header_image_url=&#8221;https:\/\/pdi.ro\/2020\/wp-content\/uploads\/2020\/05\/pdi_iulie_online.png&#8221; disabled_on=&#8221;on|on|off&#8221; _builder_version=&#8221;4.4.7&#8243; _dynamic_attributes=&#8221;title&#8221; title_font=&#8221;Kaushan Script||||||||&#8221; title_text_align=&#8221;right&#8221; title_text_color=&#8221;#f0622a&#8221; title_font_size=&#8221;50px&#8221; content_font=&#8221;|600||on|||||&#8221; content_text_align=&#8221;center&#8221; content_text_color=&#8221;#686766&#8243; content_font_size=&#8221;15px&#8221; subhead_font=&#8221;||||||||&#8221; background_color=&#8221;rgba(239,145,107,0.54)&#8221; background_image=&#8221;https:\/\/pdi.ro\/2020\/wp-content\/uploads\/2020\/02\/back.jpg&#8221; background_layout=&#8221;light&#8221; custom_margin=&#8221;0px||8px&#8221; custom_padding=&#8221;40px||40px||true&#8221; content_font_size_tablet=&#8221;&#8221; content_font_size_phone=&#8221;15px&#8221; content_font_size_last_edited=&#8221;on|desktop&#8221;][\/et_pb_fullwidth_header][\/et_pb_section][et_pb_section fb_built=&#8221;1&#8243; _builder_version=&#8221;3.22&#8243; locked=&#8221;off&#8221;][et_pb_row column_structure=&#8221;2_5,3_5&#8243; _builder_version=&#8221;3.25&#8243;][et_pb_column type=&#8221;2_5&#8243; _builder_version=&#8221;3.25&#8243; custom_padding=&#8221;|||&#8221; custom_padding__hover=&#8221;|||&#8221;][et_pb_image src=&#8221;https:\/\/pdi.ro\/2020\/wp-content\/uploads\/2020\/06\/Profire-Lenuta.png&#8221; title_text=&#8221;Profire Lenuta&#8221; align=&#8221;center&#8221; align_tablet=&#8221;center&#8221; align_phone=&#8221;&#8221; align_last_edited=&#8221;on|desktop&#8221; _builder_version=&#8221;4.4.8&#8243; max_width=&#8221;31%&#8221; hover_enabled=&#8221;0&#8243; border_radii=&#8221;on|100px|100px|100px|100px&#8221;][\/et_pb_image][\/et_pb_column][et_pb_column type=&#8221;3_5&#8243; _builder_version=&#8221;3.25&#8243; custom_padding=&#8221;|||&#8221; custom_padding__hover=&#8221;|||&#8221;][et_pb_text _builder_version=&#8221;4.4.8&#8243; hover_enabled=&#8221;0&#8243;]<\/p>\n<h4><strong><span style=\"color: #ff6600;\"><\/span><\/strong><\/h4>\n<h4><strong><span style=\"color: #ff6600;\"><\/span><\/strong><\/h4>\n<h4><strong><span style=\"color: #ff6600;\"><\/span><\/strong><\/h4>\n<h4><strong><span style=\"color: #ff6600;\">Prof. Dr. Profire Lenu\u021ba<\/span><\/strong><br \/>\n<strong><span style=\"color: #ff6600;\">Universitatea de Medicin\u0103 \u0219i Farmacie \u201cGrigore T. Popa\u201d Ia\u0219i<\/span><\/strong><\/h4>\n<p>[\/et_pb_text][\/et_pb_column][\/et_pb_row][et_pb_row _builder_version=&#8221;3.25&#8243;][et_pb_column type=&#8221;4_4&#8243; _builder_version=&#8221;3.25&#8243; custom_padding=&#8221;|||&#8221; custom_padding__hover=&#8221;|||&#8221;][et_pb_text _builder_version=&#8221;4.4.8&#8243; hover_enabled=&#8221;0&#8243;]<\/p>\n<p style=\"text-align: justify;\"><span style=\"color: #ff6600;\">Poten\u021bialul cicatrizant al unor noi hidrogeluri pe baz\u0103 de chitosan-acid hialuronic<\/span><br \/> <span style=\"color: #ff6600;\">Autori: Lenu\u021ba Profire, Andreea Teodora Iacob, Lumini\u021ba Confederat, Mihaela Iustina Avram, Claudia Andries, Mihaela Mo\u0219negutu, Simona-Eliza Giusca, Bianca-\u0218tefania Profire, Irina-Draga C\u0103runtu<\/span><\/p>\n<p style=\"text-align: justify;\">Leziunile \u021besuturilor moi, ca de exemplu arsurile, ulcerele sau alte afec\u021biuni traumatice, reprezint\u0103 o grav\u0103 problem\u0103 de s\u0103n\u0103tate \u00een \u00eentreaga lume [1]. De\u0219i pentru tratarea acestor leziuni s-au ob\u021binut diferite materiale, problema unui tratament optim este departe de a fi rezolvat\u0103. Scopul acestui studiu a fost de a dezvolta noi hidrogeluri hidride, pe baz\u0103 de chitosan-acid hialuronic-bentonit\u0103. Chitosanul \u0219i acidul hialuronic sunt biopolimeri cu importante efecte antimicrobiene, hemostatice \u0219i cicatrizante [2, 3]. Bentonita are propriet\u0103\u021bi absorbante, dovedindu-se a fi ideal\u0103 pentru procesul de cicatrizare [4]. \u00cen matricea de hidrogel au fost \u00eencorporate arginina \u0219i betulina, cunoscute pentru efectele lor benefice \u00een procesul de cicatrizare [5, 6]. Prin varierea concentra\u021biei componentelor au fost ob\u021binute \u0219ase noi formul\u0103ri. Formul\u0103rile au fost caracterizate din punct de vedere morfologic, utiliz\u00e2nd microscopia electronic\u0103 de scanare, prin spectroscopie IR, grad de porozitate \u0219i umflare, studii de cinetic\u0103 \u0219i de stabilitate. Cele mai stabile formul\u0103ri au fost evaluate din punct de vedere biologic utiliz\u00e2nd teste in vitro (teste antimicrobiene \u0219i antioxidante) \u0219i in vivo (pe model de ran\u0103 indus\u0103 la \u0219obolanul diabetic). Cea mai bun\u0103 formulare s-a dovedit a fi hidrogelul chitosan-acid hialuronic-bentonit\u0103 (1,8:0,5:4,5) cu un con\u021binut de arginin\u0103 \u0219i betulin\u0103 de 1%. Aceast\u0103 formulare a prezentat caracteristici fizico-chimice \u0219i reologice \u00eembun\u0103t\u0103\u021bite. Studiile de cinetic\u0103 au eviden\u021biat faptul c\u0103 substan\u021bele active (arginina\/betulina) sunt eliberate \u00een propor\u021bie de 70% \u00een decurs de 6 ore, ceea ce \u00eenseamn\u0103 c\u0103 formularea are o ac\u021biune de lung\u0103 durat\u0103. \u00cen plus, aceast\u0103 formulare a prezentat efecte antimicrobiene, antioxidante \u0219i cicatrizante \u00eembun\u0103t\u0103\u021bite.<\/p>\n<p style=\"text-align: justify;\"><span style=\"color: #ff6600;\">The healing potential of new chitosan-hyaluronic acid based hydrogels<\/span><br \/> <span style=\"color: #ff6600;\">Authors: Lenu\u021ba Profire, Andreea Teodora Iacob, Lumini\u021ba Confederat, Mihaela Iustina Avram, Claudia Andries, Mihaela Mo\u0219negutu, Simona-Eliza Giusca, Bianca-\u0218tefania Profire, Irina-Draga C\u0103runtu<\/span><\/p>\n<p style=\"text-align: justify;\">The soft tissue injuries, such as burn, ulcer or other traumatic damages, represent a major health care problem in the entire world [1]. Although several wound dressings materials have been developed, the problem of the wounds management is far from being solved. The aim of this study was to develop new hybrid hydrogels based on chitosan-hyaluronic acid-bentonite. Chitosan and hyaluronic acid are biopolymers which mimic the properties of the extracellular matrix and have important biological effects such as antimicrobial, haemostatic and wound healing [2, 3]. Bentonite is an absorbent natural clay which has ideal properties for wound healing [4]. Into hydrogel matrix, arginine and betulin, known for their important biological effects for healing process, have been incorporated [4, 5]. Varying the concentration of components, six new innovative formulations have been developed. The formulations were characterized in terms of morphology using scanning electron microscopy, IR spectroscopy, swelling and porosity degree, kinetic studies and stability properties. The most proper and stable formulations were biologically evaluated using in vitro (antimicrobial, antioxidant assays) and in vivo tests (using wound model induced to diabetic rat). The best formulation was the chitosan:hyaluronic acid: bentonite (1.8:0.5:4.5) hydrogel containing arginine and betulin in concentration of 1%. This formulation showed improved physico-chemical and rheological characteristics. The kinetic study revealed that the active substances (arginine\/betulin) is released during 6 h in ratio of 70%, which means this formulation remain active long time. Moreover this formulation showed improved antimicrobial, antioxidant and healing effects.<\/p>\n<p style=\"text-align: justify;\"><span style=\"color: #ff6600;\">Scurt CV<\/span><\/p>\n<p>Dr. Lenuta Profire is Professor of Pharmaceutical Chemistry, Faculty of Pharmacy, \u201cGrigore T. Popa\u201d University of Medicine and Pharmacy, Iasi, Romania. She received her PhD in 1991 with the thesis Research concerning synthesis of new bioactive xanthine derivatives. Since 2016 she is Dean of Faculty of Pharmacy. She is member of the scientific and professional organisations and managed several national and international research projects. Other important achievements: PhD supervisor (since 2008), Director of Doctoral School (2012-2016), Member of Doctoral School Council (2012-present), Member of the National Council for Attesting University Titles, Diplomas and Certificates (2011-2012, 2016-present).<br \/> <strong>Research Interests:<\/strong><br \/> Improving the pharmacological and pharmacokinetic profile of the biological active compounds and drugs using biopolymers as delivery systems (based on chitosan, chitosan\/hyaluronic acid, chitosan\/xanthan, cellulose\/chondroitin sulphate). Design and characterization of new biological active compounds focused on new heterocycle derivatives (based on xanthine, thiazolidine-4-one, pyrazolin-5-one, azetidin-2-one, aminoacids scaffold) and their biological evaluation (antimicrobial, antioxidant, anti-inflammatory, antidiabetes effects).<\/p>\n<p>[\/et_pb_text][\/et_pb_column][\/et_pb_row][\/et_pb_section][et_pb_section fb_built=&#8221;1&#8243; _builder_version=&#8221;3.22&#8243; background_color=&#8221;rgba(117,194,33,0.23)&#8221; background_image=&#8221;https:\/\/pdi.ro\/2020\/wp-content\/uploads\/2020\/02\/back_justflowers_overlay1.png&#8221; background_blend=&#8221;luminosity&#8221; custom_padding=&#8221;54px|0px|0|0px|false|false&#8221; top_divider_style=&#8221;waves2&#8243; top_divider_color=&#8221;#ffffff&#8221; top_divider_height=&#8221;155px&#8221; top_divider_height_tablet=&#8221;&#8221; top_divider_height_phone=&#8221;97px&#8221; top_divider_height_last_edited=&#8221;on|desktop&#8221; bottom_divider_style=&#8221;waves2&#8243; bottom_divider_color=&#8221;#75c221&#8243; bottom_divider_flip=&#8221;vertical&#8221; bottom_divider_height_tablet=&#8221;&#8221; bottom_divider_height_phone=&#8221;59px&#8221; bottom_divider_height_last_edited=&#8221;on|desktop&#8221;][et_pb_row column_structure=&#8221;3_5,2_5&#8243; _builder_version=&#8221;3.25&#8243; custom_padding=&#8221;61px|0px|69px|0px|false|false&#8221;][et_pb_column type=&#8221;3_5&#8243; _builder_version=&#8221;3.25&#8243; custom_padding=&#8221;|||&#8221; custom_padding__hover=&#8221;|||&#8221;][et_pb_text _builder_version=&#8221;4.0.11&#8243; text_font=&#8221;Kaushan Script||||||||&#8221; text_text_color=&#8221;#f0622a&#8221; text_font_size=&#8221;30px&#8221; text_line_height=&#8221;1.2em&#8221; header_font=&#8221;||||||||&#8221; background_layout=&#8221;dark&#8221; text_font_size_tablet=&#8221;&#8221; text_font_size_phone=&#8221;&#8221; text_font_size_last_edited=&#8221;on|desktop&#8221;]<\/p>\n<p>Contacteaz\u0103 operatorul PDI 2020<\/p>\n<p>[\/et_pb_text][et_pb_contact_form email=&#8221;contact@primaderma.ro\/2019&#8243; submit_button_text=&#8221;Trimite mesajul&#8221; _builder_version=&#8221;3.19.4&#8243; title_font=&#8221;||||||||&#8221;][et_pb_contact_field field_id=&#8221;Name&#8221; field_title=&#8221;Nume&#8221; _builder_version=&#8221;3.18.9&#8243; button_text_size__hover_enabled=&#8221;off&#8221; button_one_text_size__hover_enabled=&#8221;off&#8221; button_two_text_size__hover_enabled=&#8221;off&#8221; button_text_color__hover_enabled=&#8221;off&#8221; button_one_text_color__hover_enabled=&#8221;off&#8221; button_two_text_color__hover_enabled=&#8221;off&#8221; button_border_width__hover_enabled=&#8221;off&#8221; button_one_border_width__hover_enabled=&#8221;off&#8221; button_two_border_width__hover_enabled=&#8221;off&#8221; button_border_color__hover_enabled=&#8221;off&#8221; button_one_border_color__hover_enabled=&#8221;off&#8221; button_two_border_color__hover_enabled=&#8221;off&#8221; button_border_radius__hover_enabled=&#8221;off&#8221; button_one_border_radius__hover_enabled=&#8221;off&#8221; button_two_border_radius__hover_enabled=&#8221;off&#8221; button_letter_spacing__hover_enabled=&#8221;off&#8221; button_one_letter_spacing__hover_enabled=&#8221;off&#8221; button_two_letter_spacing__hover_enabled=&#8221;off&#8221; button_bg_color__hover_enabled=&#8221;off&#8221; button_one_bg_color__hover_enabled=&#8221;off&#8221; button_two_bg_color__hover_enabled=&#8221;off&#8221;][\/et_pb_contact_field][et_pb_contact_field field_id=&#8221;Email&#8221; field_title=&#8221;Adresa de e-mail&#8221; field_type=&#8221;email&#8221; _builder_version=&#8221;3.19.4&#8243; button_text_size__hover_enabled=&#8221;off&#8221; button_one_text_size__hover_enabled=&#8221;off&#8221; button_two_text_size__hover_enabled=&#8221;off&#8221; button_text_color__hover_enabled=&#8221;off&#8221; button_one_text_color__hover_enabled=&#8221;off&#8221; button_two_text_color__hover_enabled=&#8221;off&#8221; button_border_width__hover_enabled=&#8221;off&#8221; button_one_border_width__hover_enabled=&#8221;off&#8221; button_two_border_width__hover_enabled=&#8221;off&#8221; button_border_color__hover_enabled=&#8221;off&#8221; button_one_border_color__hover_enabled=&#8221;off&#8221; button_two_border_color__hover_enabled=&#8221;off&#8221; button_border_radius__hover_enabled=&#8221;off&#8221; button_one_border_radius__hover_enabled=&#8221;off&#8221; button_two_border_radius__hover_enabled=&#8221;off&#8221; button_letter_spacing__hover_enabled=&#8221;off&#8221; button_one_letter_spacing__hover_enabled=&#8221;off&#8221; button_two_letter_spacing__hover_enabled=&#8221;off&#8221; button_bg_color__hover_enabled=&#8221;off&#8221; button_one_bg_color__hover_enabled=&#8221;off&#8221; button_two_bg_color__hover_enabled=&#8221;off&#8221;][\/et_pb_contact_field][et_pb_contact_field field_id=&#8221;Message&#8221; field_title=&#8221;Mesajul dvs.&#8221; field_type=&#8221;text&#8221; fullwidth_field=&#8221;on&#8221; _builder_version=&#8221;3.18.9&#8243; button_text_size__hover_enabled=&#8221;off&#8221; button_one_text_size__hover_enabled=&#8221;off&#8221; button_two_text_size__hover_enabled=&#8221;off&#8221; button_text_color__hover_enabled=&#8221;off&#8221; button_one_text_color__hover_enabled=&#8221;off&#8221; button_two_text_color__hover_enabled=&#8221;off&#8221; button_border_width__hover_enabled=&#8221;off&#8221; button_one_border_width__hover_enabled=&#8221;off&#8221; button_two_border_width__hover_enabled=&#8221;off&#8221; button_border_color__hover_enabled=&#8221;off&#8221; button_one_border_color__hover_enabled=&#8221;off&#8221; button_two_border_color__hover_enabled=&#8221;off&#8221; button_border_radius__hover_enabled=&#8221;off&#8221; button_one_border_radius__hover_enabled=&#8221;off&#8221; button_two_border_radius__hover_enabled=&#8221;off&#8221; button_letter_spacing__hover_enabled=&#8221;off&#8221; button_one_letter_spacing__hover_enabled=&#8221;off&#8221; button_two_letter_spacing__hover_enabled=&#8221;off&#8221; button_bg_color__hover_enabled=&#8221;off&#8221; button_one_bg_color__hover_enabled=&#8221;off&#8221; button_two_bg_color__hover_enabled=&#8221;off&#8221;][\/et_pb_contact_field][\/et_pb_contact_form][\/et_pb_column][et_pb_column type=&#8221;2_5&#8243; _builder_version=&#8221;3.25&#8243; custom_padding=&#8221;|||&#8221; custom_padding__hover=&#8221;|||&#8221;][et_pb_text _builder_version=&#8221;4.0.11&#8243; text_font=&#8221;Kaushan Script||||||||&#8221; text_text_color=&#8221;#f0622a&#8221; text_font_size=&#8221;30px&#8221; header_font=&#8221;||||||||&#8221; background_layout=&#8221;dark&#8221;]<\/p>\n<p>Operatorul PDI 2020<\/p>\n<p>[\/et_pb_text][et_pb_text _builder_version=&#8221;4.0.11&#8243; text_font=&#8221;||||||||&#8221;]<\/p>\n<p><span><img loading=\"lazy\" decoding=\"async\" src=\"https:\/\/pdi.ro\/2020\/wp-content\/uploads\/2020\/02\/eventer_logo_150px.png\" width=\"151\" height=\"33\" alt=\"\" class=\"wp-image-774 alignleft size-full\" \/><\/span><\/p>\n<p><span><\/span><\/p>\n<p><span><\/span><\/p>\n<p><span>Adresa: Str. A. Panu nr. 13, Iasi<\/span><br \/> <span>Tel.: 0332.40.88.00-05<\/span><br \/> <span>E-mail: <a href=\"mailto:inscrieri@primaderma.ro\" target=\"_blank\" rel=\"noopener noreferrer\">inscrieri@primaderma.ro<\/a><br \/> <\/span><span>Website:\u00a0<\/span><a href=\"http:\/\/www.eventernet.ro\/\" target=\"Blank\" rel=\"noopener noreferrer\">www.eventernet.ro<\/a><\/p>\n<p>[\/et_pb_text][et_pb_text disabled_on=&#8221;off|off|off&#8221; _builder_version=&#8221;4.0.11&#8243; text_font=&#8221;Kaushan Script||||||||&#8221; text_text_color=&#8221;#f0622a&#8221; text_font_size=&#8221;30px&#8221; header_font=&#8221;||||||||&#8221; background_layout=&#8221;dark&#8221; locked=&#8221;off&#8221;]<\/p>\n<p>Parteneri Media<\/p>\n<p>[\/et_pb_text][et_pb_gallery gallery_ids=&#8221;7203,7204,7232,7231&#8243; fullwidth=&#8221;on&#8221; _builder_version=&#8221;4.0.11&#8243; transform_scale=&#8221;86%|86%&#8221; max_width=&#8221;63%&#8221; auto=&#8221;on&#8221; auto_speed=&#8221;3500&#8243; hover_transition_duration=&#8221;100ms&#8221; hover_transition_delay=&#8221;50ms&#8221; hover_transition_speed_curve=&#8221;ease-in-out&#8221; locked=&#8221;off&#8221;][\/et_pb_gallery][\/et_pb_column][\/et_pb_row][\/et_pb_section]<\/p>\n","protected":false},"excerpt":{"rendered":"<p>Prof. Dr. Profire Lenu\u021ba Universitatea de Medicin\u0103 \u0219i Farmacie \u201cGrigore T. Popa\u201d Ia\u0219iPoten\u021bialul cicatrizant al unor noi hidrogeluri pe baz\u0103 de chitosan-acid hialuronic Autori: Lenu\u021ba Profire, Andreea Teodora Iacob, Lumini\u021ba Confederat, Mihaela Iustina Avram, Claudia Andries, Mihaela Mo\u0219negutu, Simona-Eliza Giusca, Bianca-\u0218tefania Profire, Irina-Draga C\u0103runtu Leziunile \u021besuturilor moi, ca de exemplu arsurile, ulcerele sau alte afec\u021biuni [&hellip;]<\/p>\n","protected":false},"author":2,"featured_media":0,"parent":0,"menu_order":0,"comment_status":"closed","ping_status":"closed","template":"","meta":{"_et_pb_use_builder":"on","_et_pb_old_content":"","_et_gb_content_width":"","footnotes":""},"class_list":["post-8439","page","type-page","status-publish","hentry"],"_links":{"self":[{"href":"https:\/\/pdi.ro\/2020\/wp-json\/wp\/v2\/pages\/8439","targetHints":{"allow":["GET"]}}],"collection":[{"href":"https:\/\/pdi.ro\/2020\/wp-json\/wp\/v2\/pages"}],"about":[{"href":"https:\/\/pdi.ro\/2020\/wp-json\/wp\/v2\/types\/page"}],"author":[{"embeddable":true,"href":"https:\/\/pdi.ro\/2020\/wp-json\/wp\/v2\/users\/2"}],"replies":[{"embeddable":true,"href":"https:\/\/pdi.ro\/2020\/wp-json\/wp\/v2\/comments?post=8439"}],"version-history":[{"count":4,"href":"https:\/\/pdi.ro\/2020\/wp-json\/wp\/v2\/pages\/8439\/revisions"}],"predecessor-version":[{"id":8444,"href":"https:\/\/pdi.ro\/2020\/wp-json\/wp\/v2\/pages\/8439\/revisions\/8444"}],"wp:attachment":[{"href":"https:\/\/pdi.ro\/2020\/wp-json\/wp\/v2\/media?parent=8439"}],"curies":[{"name":"wp","href":"https:\/\/api.w.org\/{rel}","templated":true}]}}