{"id":8447,"date":"2020-06-29T11:48:58","date_gmt":"2020-06-29T09:48:58","guid":{"rendered":"https:\/\/primaderma.ro\/?page_id=8447"},"modified":"2020-06-29T11:49:32","modified_gmt":"2020-06-29T09:49:32","slug":"dr-benea-vasile","status":"publish","type":"page","link":"https:\/\/pdi.ro\/2020\/dr-benea-vasile\/","title":{"rendered":"C.\u0218. gr. I Dr. Benea Vasile"},"content":{"rendered":"<p>[et_pb_section fb_built=&#8221;1&#8243; fullwidth=&#8221;on&#8221; disabled_on=&#8221;on|off|off&#8221; _builder_version=&#8221;3.22&#8243; custom_margin=&#8221;||&#8221; custom_padding=&#8221;15px||29px&#8221; top_divider_style=&#8221;waves2&#8243; top_divider_color=&#8221;#f0622a&#8221; top_divider_flip=&#8221;horizontal|vertical&#8221; bottom_divider_style=&#8221;waves2&#8243; bottom_divider_color=&#8221;#fcdedb&#8221; bottom_divider_height=&#8221;105px&#8221; bottom_divider_flip=&#8221;vertical&#8221; collapsed=&#8221;off&#8221;][et_pb_fullwidth_header title=&#8221;@ET-DC@eyJkeW5hbWljIjp0cnVlLCJjb250ZW50IjoicG9zdF90aXRsZSIsInNldHRpbmdzIjp7ImJlZm9yZSI6IiIsImFmdGVyIjoiIn19@&#8221; text_orientation=&#8221;right&#8221; header_image_url=&#8221;https:\/\/pdi.ro\/2020\/wp-content\/uploads\/2020\/05\/pdi_iulie_online.png&#8221; disabled_on=&#8221;on|on|off&#8221; _builder_version=&#8221;4.4.7&#8243; _dynamic_attributes=&#8221;title&#8221; title_font=&#8221;Kaushan Script||||||||&#8221; title_text_align=&#8221;right&#8221; title_text_color=&#8221;#f0622a&#8221; title_font_size=&#8221;50px&#8221; content_font=&#8221;|600||on|||||&#8221; content_text_align=&#8221;center&#8221; content_text_color=&#8221;#686766&#8243; content_font_size=&#8221;15px&#8221; subhead_font=&#8221;||||||||&#8221; background_color=&#8221;rgba(239,145,107,0.54)&#8221; background_image=&#8221;https:\/\/pdi.ro\/2020\/wp-content\/uploads\/2020\/02\/back.jpg&#8221; background_layout=&#8221;light&#8221; custom_margin=&#8221;0px||8px&#8221; custom_padding=&#8221;40px||40px||true&#8221; content_font_size_tablet=&#8221;&#8221; content_font_size_phone=&#8221;15px&#8221; content_font_size_last_edited=&#8221;on|desktop&#8221;][\/et_pb_fullwidth_header][\/et_pb_section][et_pb_section fb_built=&#8221;1&#8243; _builder_version=&#8221;3.22&#8243; locked=&#8221;off&#8221;][et_pb_row column_structure=&#8221;2_5,3_5&#8243; _builder_version=&#8221;3.25&#8243;][et_pb_column type=&#8221;2_5&#8243; _builder_version=&#8221;3.25&#8243; custom_padding=&#8221;|||&#8221; custom_padding__hover=&#8221;|||&#8221;][et_pb_image src=&#8221;https:\/\/pdi.ro\/2020\/wp-content\/uploads\/2020\/02\/vasile-benea.jpg&#8221; title_text=&#8221;vasile-benea&#8221; align=&#8221;center&#8221; align_tablet=&#8221;center&#8221; align_phone=&#8221;&#8221; align_last_edited=&#8221;on|desktop&#8221; _builder_version=&#8221;4.4.8&#8243; max_width=&#8221;31%&#8221; border_radii=&#8221;on|100px|100px|100px|100px&#8221;][\/et_pb_image][\/et_pb_column][et_pb_column type=&#8221;3_5&#8243; _builder_version=&#8221;3.25&#8243; custom_padding=&#8221;|||&#8221; custom_padding__hover=&#8221;|||&#8221;][et_pb_text _builder_version=&#8221;4.4.8&#8243;]<\/p>\n<h4><strong><span style=\"color: #ff6600;\"><\/span><\/strong><\/h4>\n<h4><strong><span style=\"color: #ff6600;\"><\/span><\/strong><\/h4>\n<h4><strong><span style=\"color: #ff6600;\"><\/span><\/strong><\/h4>\n<h4><strong><span style=\"color: #ff6600;\">C.\u0218. gr. I Dr. Benea Vasile<\/span><\/strong><br \/>\n<strong><span style=\"color: #ff6600;\">Spitalul Clinic de Boli Infec\u0163ioase \u015fi Tropicale &#8220;Victor Babe\u015f\u201d Bucure\u015fti<\/span><\/strong><\/h4>\n<p>[\/et_pb_text][\/et_pb_column][\/et_pb_row][et_pb_row _builder_version=&#8221;3.25&#8243;][et_pb_column type=&#8221;4_4&#8243; _builder_version=&#8221;3.25&#8243; custom_padding=&#8221;|||&#8221; custom_padding__hover=&#8221;|||&#8221;][et_pb_text _builder_version=&#8221;4.4.8&#8243;]<\/p>\n<p style=\"text-align: justify;\"><span style=\"color: #ff6600;\">Actualit\u0103\u0163i terapeutice \u00een angioedemul ereditar<\/span><br \/> <span style=\"color: #ff6600;\">Autor: Vasile Benea<\/span><\/p>\n<p style=\"text-align: justify;\">Angioedemul ereditar (HAE) este o afec\u0163iune rar\u0103, transmis\u0103 autozomal dominant, determinat\u0103 de un deficit par\u0163ial de inhibitor de C1 esteraz\u0103 (C1-INH). S-au descris trei variante de HAE; \u00een timp ce tipurile I \u015fi II exist\u0103 un deficit cantitativ \u015fi\/sau func\u0163ional de C1-INH (care rezult\u0103 din muta\u0163ii heterogene la nivelul SERPING1, gena ce codific\u0103 C1-INH, localizat\u0103 \u00een regiunea cromozomiala 11q12-q13.1.), tipul III este caracterizat prin valori normale ale C1-INH \u015fi este determinat de muta\u0163ii ale genelor factorului XII, angiopoietinei-1 sau plasminogenului. Nivelul redus al C1-INH determin\u0103 o activitate local\u0103 crescut\u0103 a bradikininei care contribuie la apari\u021bia \u0219i dezvoltarea angioedemului.<br \/> Diagnosticul precoce al HAE reprezint\u0103 premiza pentru un management corect. Cele mai utilizate teste diagnostice sunt reprezentate de dozarea complementului, inclusiv a frac\u021biunii C4 \u015fi a C1-INH (func\u021bional \u0219i cantitativ).<br \/> Tratamentul HAE const\u0103 \u00een profilaxia pe termen scurt \u015fi \u00eendelungat \u015fi \u00een managementul episoadelor acute. Este important\u0103 evitarea factorilor declan\u015fatori. Baza profilaxiei a fost reprezentat\u0103 de terapia cu androgeni atenua\u0163i (danazolul, stanozololul); agen\u0163ii antifibrinolitici (acidul tranexamic \u015fi acidul epsilon-aminocaproic) sunt terapii alternative. Recent FDA a aprobat C1-INH pentru profilaxia HAE. Ca profilaxie pe termen scurt \u00eenainte de interven\u0163iile chirurgicale se poate administra concentrat de C1-INH sau danazol. Tratamentul de elec\u0163ie \u00een cazul atacurilor acute este reprezentat de concentratul de C1-INH. Sunt disponibile \u015fi un C1-INH recombinant \u015fi un derivat nanofiltrat din plasm\u0103. Icatibant (un inhibitor al receptorului BK-2), ecalantid \u0219i lanadelumab (inhibitori ai kalicreinei) au fost de cur\u00e2nd aproba\u021bi pentru tratamentul HAE.<\/p>\n<p style=\"text-align: justify;\"><span style=\"color: #ff6600;\">Hereditary angioedema: an update<\/span><br \/> <span style=\"color: #ff6600;\">Author: Vasile Benea<\/span><\/p>\n<p style=\"text-align: justify;\">Hereditary angioedema (HAE) is a rare autosomal dominant disorder caused by partial deficiency of C1 esterase inhibitor (C1-INH). Three variants of HAE have been described; whereas types I and II are characterized by quantitative and\/or functional C1-INH (that result from heterogeneous mutations in SERPING1, the C1-INH gene located in the chromosomal region 11q12\u2013q13.1.), type III is characterized by normal complement levels and may be caused by mutations in the factor XII gene, in the angiopoietin-1 gene or in the plasminogen gene. Low C1-INH concentration results in increased bradykinin local activity which contributes to angioedema.<br \/> Early diagnosis of HAE is an absolute prerequisite for correct management. Complement studies, including C4 and C1- INH (both antigenic and functional) are the most commonly used tests in the diagnosis of HAE.<br \/> Treatment of hereditary angioedema consists of the short and long-term prophylaxis and the management of acute episodes. Avoidance of triggers is important. The mainstay of prophylaxis has been attenuated androgen therapy (such as danazol and stanozolol); antifibrinolytic agents, such as tranexamic acid and epsilon-aminocaproic acid, are alternative therapies. Recently, a Cl-INH was approved by the FDA for HAE prophylaxis. As short-term prophylaxis before surgical procedures, C1-INH concentrate or danazol can be administered before the procedure. Plasma-derived C1-INH concentrate represents the drug of choice in the acute attacks. A recombinant C1-INH and a plasma-derived nanofiltered C1-INH are available. Icatibant, a BK-2 receptor inhibitor; ecallantide and lanadelumab, kallikrein inhibitors have recently been licensed for the treatment of acute HAE attacks.<\/p>\n<p style=\"text-align: justify;\"><span style=\"color: #ff6600;\">Scurt CV<\/span><\/p>\n<p><strong>Experien\u0163a profesional\u0103:<\/strong><br \/> Perioada:<br \/> Prezent: cercet\u0103tor \u015ftiin\u0163ific principal gr. I, Laboratorul de cercetare dermato-venerologie, Spitalul Clinic de Boli Infec\u0163ioase \u015fi Tropicale \u201eVictor Babe\u015f\u201d Bucure\u015fti<br \/> 2002 \u2013 2012: cercet\u0103tor \u015ftiin\u0163ific principal gr. I, Centrul Dermato-venerologic, Spitalul Clinic de Dermatologie \u201cProf. dr. Scarlat Longhin\u201d Bucure\u015fti;<br \/> 1996: cercet\u0103tor \u015ftiin\u0163ific gr II, Centrul Dermato-venerologic, Spitalul Clinic de Dermatologie \u201cProf. dr. Scarlat Longhin\u201d Bucure\u015fti;<br \/> 1994: medic primar dermato-venerolog, Spitalul Clinic de Dermatologie \u201cProf. dr. Scarlat Longhin\u201d Bucure\u015fti;<br \/> 1989: cercet\u0103tor \u015ftiin\u0163ific gr III, Centrul Dermato-venerologic, Spitalul Clinic de Dermatologie \u201cProf. dr. Scarlat Longhin\u201d Bucure\u015fti;<br \/> 1989: medic specialist dermato-venerolog; Spitalul Clinic de Dermatologie \u201cProf. dr. Scarlat Longhin\u201d Bucure\u015fti;<br \/> 1983: medic-doctor \u00een medicin\u0103 general\u0103, Universitatea de Medicin\u0103 \u015fi Farmacie \u201cCarol Davila\u201d Bucure\u015fti; prereparti\u0163ie \u00een cercetarea clinic\u0103 medical\u0103 la Centrul Dermato-venerologic Bucure\u015fti;<br \/> Coordonator al Laboratorului de cercetare dermato-venerologie, Spitalul Clinic de Boli Infec\u0163ioase \u015fi Tropicale \u201eVictor Babe\u015f\u201d Bucure\u015fti<br \/> 2009-2012: Manager, Spitalul Clinic de Dermatologie \u201cScarlat Longhin\u201d, Bucure\u015fti<br \/> 2004-2009: Director Medical, Spitalul Clinic de Dermatologie \u201cScarlat Longhin\u201d, Bucure\u015fti<br \/> 1993 \u2013 prezent: \u015eeful Laboratorului de Alergologie, Laboratorul de cercetare dermato-venerologie;<br \/> Activit\u0103\u0163i \u015fi responsabilit\u0103\u0163i principale:<br \/> Activitate de cercetare \u2013 Laboratorul de cercetare dermato-venerologie, Spitalul Clinic de Boli Infec\u0163ioase \u015fi Tropicale \u201eVictor Babe\u015f\u201d Bucure\u015fti;<br \/> Asisten\u0163\u0103 medical\u0103 specialitatea dermato-venerologie \u2013 Spitalul Clinic de Boli Infec\u0163ioase \u015fi Tropicale \u201eVictor Babe\u015f\u201d Bucure\u015fti;<br \/> Spitalul Clinic de Boli Infec\u0163ioase \u015fi Tropicale \u201eVictor Babe\u015f\u201d, \u015eoseaua Mihai Bravu 281, sector 3, 030303 Bucure\u015fti<br \/> <strong>Educa\u0163ie \u015fi formare:<\/strong><br \/> Perioada:<br \/> Calificarea \/ diploma ob\u0163inut\u0103:<br \/> 2002: cercet\u0103tor \u015ftiin\u0163ific principal gr. I, Academia de \u015etiin\u0163e Medicale, Rom\u00e2nia;<br \/> 2001: doctor \u00een \u015ftiin\u0163e medicale, Universitatea de Medicin\u0103 \u015fi Farmacie \u201cCarol Davila\u201d Bucure\u015fti;<br \/> 1996: cercet\u0103tor \u015ftiin\u0163ific gr II, Academia de \u015etiin\u0163e Medicale, Rom\u00e2nia;<br \/> 1994: medic primar dermato-venerolog;<br \/> 1989: cercet\u0103tor \u015ftiin\u0163ific gr III, Academia de \u015etiin\u0163e Medicale, Rom\u00e2nia;<br \/> 1989: medic specialist dermato-venerolog;<br \/> 1977-1983: Universitatea de Medicin\u0103 \u015fi Farmacie \u201cCarol Davila\u201d Bucure\u015fti, medic-doctor \u00een medicin\u0103 general\u0103,<br \/> 1972-1976: Colegiul Na\u0163ional \u201eVasile Alecsandri\u201d Gala\u0163i.<\/p>\n<p>[\/et_pb_text][\/et_pb_column][\/et_pb_row][\/et_pb_section][et_pb_section fb_built=&#8221;1&#8243; _builder_version=&#8221;3.22&#8243; background_color=&#8221;rgba(117,194,33,0.23)&#8221; background_image=&#8221;https:\/\/pdi.ro\/2020\/wp-content\/uploads\/2020\/02\/back_justflowers_overlay1.png&#8221; background_blend=&#8221;luminosity&#8221; custom_padding=&#8221;54px|0px|0|0px|false|false&#8221; top_divider_style=&#8221;waves2&#8243; top_divider_color=&#8221;#ffffff&#8221; top_divider_height=&#8221;155px&#8221; top_divider_height_tablet=&#8221;&#8221; top_divider_height_phone=&#8221;97px&#8221; top_divider_height_last_edited=&#8221;on|desktop&#8221; bottom_divider_style=&#8221;waves2&#8243; bottom_divider_color=&#8221;#75c221&#8243; bottom_divider_flip=&#8221;vertical&#8221; bottom_divider_height_tablet=&#8221;&#8221; bottom_divider_height_phone=&#8221;59px&#8221; bottom_divider_height_last_edited=&#8221;on|desktop&#8221;][et_pb_row column_structure=&#8221;3_5,2_5&#8243; _builder_version=&#8221;3.25&#8243; custom_padding=&#8221;61px|0px|69px|0px|false|false&#8221;][et_pb_column type=&#8221;3_5&#8243; _builder_version=&#8221;3.25&#8243; custom_padding=&#8221;|||&#8221; custom_padding__hover=&#8221;|||&#8221;][et_pb_text _builder_version=&#8221;4.0.11&#8243; text_font=&#8221;Kaushan Script||||||||&#8221; text_text_color=&#8221;#f0622a&#8221; text_font_size=&#8221;30px&#8221; text_line_height=&#8221;1.2em&#8221; header_font=&#8221;||||||||&#8221; background_layout=&#8221;dark&#8221; text_font_size_tablet=&#8221;&#8221; text_font_size_phone=&#8221;&#8221; text_font_size_last_edited=&#8221;on|desktop&#8221;]<\/p>\n<p>Contacteaz\u0103 operatorul PDI 2020<\/p>\n<p>[\/et_pb_text][et_pb_contact_form email=&#8221;contact@primaderma.ro\/2019&#8243; submit_button_text=&#8221;Trimite mesajul&#8221; _builder_version=&#8221;3.19.4&#8243; title_font=&#8221;||||||||&#8221;][et_pb_contact_field field_id=&#8221;Name&#8221; field_title=&#8221;Nume&#8221; _builder_version=&#8221;3.18.9&#8243; button_text_size__hover_enabled=&#8221;off&#8221; button_one_text_size__hover_enabled=&#8221;off&#8221; button_two_text_size__hover_enabled=&#8221;off&#8221; button_text_color__hover_enabled=&#8221;off&#8221; button_one_text_color__hover_enabled=&#8221;off&#8221; button_two_text_color__hover_enabled=&#8221;off&#8221; button_border_width__hover_enabled=&#8221;off&#8221; button_one_border_width__hover_enabled=&#8221;off&#8221; button_two_border_width__hover_enabled=&#8221;off&#8221; button_border_color__hover_enabled=&#8221;off&#8221; button_one_border_color__hover_enabled=&#8221;off&#8221; button_two_border_color__hover_enabled=&#8221;off&#8221; button_border_radius__hover_enabled=&#8221;off&#8221; button_one_border_radius__hover_enabled=&#8221;off&#8221; button_two_border_radius__hover_enabled=&#8221;off&#8221; button_letter_spacing__hover_enabled=&#8221;off&#8221; button_one_letter_spacing__hover_enabled=&#8221;off&#8221; button_two_letter_spacing__hover_enabled=&#8221;off&#8221; button_bg_color__hover_enabled=&#8221;off&#8221; button_one_bg_color__hover_enabled=&#8221;off&#8221; button_two_bg_color__hover_enabled=&#8221;off&#8221;][\/et_pb_contact_field][et_pb_contact_field field_id=&#8221;Email&#8221; field_title=&#8221;Adresa de e-mail&#8221; field_type=&#8221;email&#8221; _builder_version=&#8221;3.19.4&#8243; button_text_size__hover_enabled=&#8221;off&#8221; button_one_text_size__hover_enabled=&#8221;off&#8221; button_two_text_size__hover_enabled=&#8221;off&#8221; button_text_color__hover_enabled=&#8221;off&#8221; button_one_text_color__hover_enabled=&#8221;off&#8221; button_two_text_color__hover_enabled=&#8221;off&#8221; button_border_width__hover_enabled=&#8221;off&#8221; button_one_border_width__hover_enabled=&#8221;off&#8221; button_two_border_width__hover_enabled=&#8221;off&#8221; button_border_color__hover_enabled=&#8221;off&#8221; button_one_border_color__hover_enabled=&#8221;off&#8221; button_two_border_color__hover_enabled=&#8221;off&#8221; button_border_radius__hover_enabled=&#8221;off&#8221; button_one_border_radius__hover_enabled=&#8221;off&#8221; button_two_border_radius__hover_enabled=&#8221;off&#8221; button_letter_spacing__hover_enabled=&#8221;off&#8221; button_one_letter_spacing__hover_enabled=&#8221;off&#8221; button_two_letter_spacing__hover_enabled=&#8221;off&#8221; button_bg_color__hover_enabled=&#8221;off&#8221; button_one_bg_color__hover_enabled=&#8221;off&#8221; button_two_bg_color__hover_enabled=&#8221;off&#8221;][\/et_pb_contact_field][et_pb_contact_field field_id=&#8221;Message&#8221; field_title=&#8221;Mesajul dvs.&#8221; field_type=&#8221;text&#8221; fullwidth_field=&#8221;on&#8221; _builder_version=&#8221;3.18.9&#8243; button_text_size__hover_enabled=&#8221;off&#8221; button_one_text_size__hover_enabled=&#8221;off&#8221; button_two_text_size__hover_enabled=&#8221;off&#8221; button_text_color__hover_enabled=&#8221;off&#8221; button_one_text_color__hover_enabled=&#8221;off&#8221; button_two_text_color__hover_enabled=&#8221;off&#8221; button_border_width__hover_enabled=&#8221;off&#8221; button_one_border_width__hover_enabled=&#8221;off&#8221; button_two_border_width__hover_enabled=&#8221;off&#8221; button_border_color__hover_enabled=&#8221;off&#8221; button_one_border_color__hover_enabled=&#8221;off&#8221; button_two_border_color__hover_enabled=&#8221;off&#8221; button_border_radius__hover_enabled=&#8221;off&#8221; button_one_border_radius__hover_enabled=&#8221;off&#8221; button_two_border_radius__hover_enabled=&#8221;off&#8221; button_letter_spacing__hover_enabled=&#8221;off&#8221; button_one_letter_spacing__hover_enabled=&#8221;off&#8221; button_two_letter_spacing__hover_enabled=&#8221;off&#8221; button_bg_color__hover_enabled=&#8221;off&#8221; button_one_bg_color__hover_enabled=&#8221;off&#8221; button_two_bg_color__hover_enabled=&#8221;off&#8221;][\/et_pb_contact_field][\/et_pb_contact_form][\/et_pb_column][et_pb_column type=&#8221;2_5&#8243; _builder_version=&#8221;3.25&#8243; custom_padding=&#8221;|||&#8221; custom_padding__hover=&#8221;|||&#8221;][et_pb_text _builder_version=&#8221;4.0.11&#8243; text_font=&#8221;Kaushan Script||||||||&#8221; text_text_color=&#8221;#f0622a&#8221; text_font_size=&#8221;30px&#8221; header_font=&#8221;||||||||&#8221; background_layout=&#8221;dark&#8221;]<\/p>\n<p>Operatorul PDI 2020<\/p>\n<p>[\/et_pb_text][et_pb_text _builder_version=&#8221;4.0.11&#8243; text_font=&#8221;||||||||&#8221;]<\/p>\n<p><span><img loading=\"lazy\" decoding=\"async\" src=\"https:\/\/pdi.ro\/2020\/wp-content\/uploads\/2020\/02\/eventer_logo_150px.png\" width=\"151\" height=\"33\" alt=\"\" class=\"wp-image-774 alignleft size-full\" \/><\/span><\/p>\n<p><span><\/span><\/p>\n<p><span><\/span><\/p>\n<p><span>Adresa: Str. A. Panu nr. 13, Iasi<\/span><br \/> <span>Tel.: 0332.40.88.00-05<\/span><br \/> <span>E-mail: <a href=\"mailto:inscrieri@primaderma.ro\" target=\"_blank\" rel=\"noopener noreferrer\">inscrieri@primaderma.ro<\/a><br \/> <\/span><span>Website:\u00a0<\/span><a href=\"http:\/\/www.eventernet.ro\/\" target=\"Blank\" rel=\"noopener noreferrer\">www.eventernet.ro<\/a><\/p>\n<p>[\/et_pb_text][et_pb_text disabled_on=&#8221;off|off|off&#8221; _builder_version=&#8221;4.0.11&#8243; text_font=&#8221;Kaushan Script||||||||&#8221; text_text_color=&#8221;#f0622a&#8221; text_font_size=&#8221;30px&#8221; header_font=&#8221;||||||||&#8221; background_layout=&#8221;dark&#8221; locked=&#8221;off&#8221;]<\/p>\n<p>Parteneri Media<\/p>\n<p>[\/et_pb_text][et_pb_gallery gallery_ids=&#8221;7203,7204,7232,7231&#8243; fullwidth=&#8221;on&#8221; _builder_version=&#8221;4.0.11&#8243; transform_scale=&#8221;86%|86%&#8221; max_width=&#8221;63%&#8221; auto=&#8221;on&#8221; auto_speed=&#8221;3500&#8243; hover_transition_duration=&#8221;100ms&#8221; hover_transition_delay=&#8221;50ms&#8221; hover_transition_speed_curve=&#8221;ease-in-out&#8221; locked=&#8221;off&#8221;][\/et_pb_gallery][\/et_pb_column][\/et_pb_row][\/et_pb_section]<\/p>\n","protected":false},"excerpt":{"rendered":"<p>C.\u0218. gr. I Dr. Benea Vasile Spitalul Clinic de Boli Infec\u0163ioase \u015fi Tropicale &#8220;Victor Babe\u015f\u201d Bucure\u015ftiActualit\u0103\u0163i terapeutice \u00een angioedemul ereditar Autor: Vasile Benea Angioedemul ereditar (HAE) este o afec\u0163iune rar\u0103, transmis\u0103 autozomal dominant, determinat\u0103 de un deficit par\u0163ial de inhibitor de C1 esteraz\u0103 (C1-INH). S-au descris trei variante de HAE; \u00een timp ce tipurile I [&hellip;]<\/p>\n","protected":false},"author":2,"featured_media":0,"parent":0,"menu_order":0,"comment_status":"closed","ping_status":"closed","template":"","meta":{"_et_pb_use_builder":"on","_et_pb_old_content":"","_et_gb_content_width":"","footnotes":""},"class_list":["post-8447","page","type-page","status-publish","hentry"],"_links":{"self":[{"href":"https:\/\/pdi.ro\/2020\/wp-json\/wp\/v2\/pages\/8447","targetHints":{"allow":["GET"]}}],"collection":[{"href":"https:\/\/pdi.ro\/2020\/wp-json\/wp\/v2\/pages"}],"about":[{"href":"https:\/\/pdi.ro\/2020\/wp-json\/wp\/v2\/types\/page"}],"author":[{"embeddable":true,"href":"https:\/\/pdi.ro\/2020\/wp-json\/wp\/v2\/users\/2"}],"replies":[{"embeddable":true,"href":"https:\/\/pdi.ro\/2020\/wp-json\/wp\/v2\/comments?post=8447"}],"version-history":[{"count":7,"href":"https:\/\/pdi.ro\/2020\/wp-json\/wp\/v2\/pages\/8447\/revisions"}],"predecessor-version":[{"id":8455,"href":"https:\/\/pdi.ro\/2020\/wp-json\/wp\/v2\/pages\/8447\/revisions\/8455"}],"wp:attachment":[{"href":"https:\/\/pdi.ro\/2020\/wp-json\/wp\/v2\/media?parent=8447"}],"curies":[{"name":"wp","href":"https:\/\/api.w.org\/{rel}","templated":true}]}}