{"id":8550,"date":"2020-07-06T10:26:26","date_gmt":"2020-07-06T08:26:26","guid":{"rendered":"https:\/\/primaderma.ro\/?page_id=8550"},"modified":"2020-07-06T12:49:21","modified_gmt":"2020-07-06T10:49:21","slug":"prof-dr-doina-draganescu","status":"publish","type":"page","link":"https:\/\/pdi.ro\/2020\/prof-dr-doina-draganescu\/","title":{"rendered":"Prof. Dr. Doina Dr\u0103g\u0103nescu"},"content":{"rendered":"<p>[et_pb_section fb_built=&#8221;1&#8243; fullwidth=&#8221;on&#8221; disabled_on=&#8221;on|off|off&#8221; _builder_version=&#8221;3.22&#8243; custom_margin=&#8221;||&#8221; custom_padding=&#8221;15px||29px&#8221; top_divider_style=&#8221;waves2&#8243; top_divider_color=&#8221;#f0622a&#8221; top_divider_flip=&#8221;horizontal|vertical&#8221; bottom_divider_style=&#8221;waves2&#8243; bottom_divider_color=&#8221;#fcdedb&#8221; bottom_divider_height=&#8221;105px&#8221; bottom_divider_flip=&#8221;vertical&#8221; collapsed=&#8221;off&#8221;][et_pb_fullwidth_header title=&#8221;@ET-DC@eyJkeW5hbWljIjp0cnVlLCJjb250ZW50IjoicG9zdF90aXRsZSIsInNldHRpbmdzIjp7ImJlZm9yZSI6IiIsImFmdGVyIjoiIn19@&#8221; text_orientation=&#8221;right&#8221; header_image_url=&#8221;https:\/\/pdi.ro\/2020\/wp-content\/uploads\/2020\/05\/pdi_iulie_online.png&#8221; disabled_on=&#8221;on|on|off&#8221; _builder_version=&#8221;4.4.7&#8243; _dynamic_attributes=&#8221;title&#8221; title_font=&#8221;Kaushan Script||||||||&#8221; title_text_align=&#8221;right&#8221; title_text_color=&#8221;#f0622a&#8221; title_font_size=&#8221;50px&#8221; content_font=&#8221;|600||on|||||&#8221; content_text_align=&#8221;center&#8221; content_text_color=&#8221;#686766&#8243; content_font_size=&#8221;15px&#8221; subhead_font=&#8221;||||||||&#8221; background_color=&#8221;rgba(239,145,107,0.54)&#8221; background_image=&#8221;https:\/\/pdi.ro\/2020\/wp-content\/uploads\/2020\/02\/back.jpg&#8221; background_layout=&#8221;light&#8221; custom_margin=&#8221;0px||8px&#8221; custom_padding=&#8221;40px||40px||true&#8221; content_font_size_tablet=&#8221;&#8221; content_font_size_phone=&#8221;15px&#8221; content_font_size_last_edited=&#8221;on|desktop&#8221;][\/et_pb_fullwidth_header][\/et_pb_section][et_pb_section fb_built=&#8221;1&#8243; _builder_version=&#8221;3.22&#8243; locked=&#8221;off&#8221;][et_pb_row column_structure=&#8221;2_5,3_5&#8243; _builder_version=&#8221;3.25&#8243;][et_pb_column type=&#8221;2_5&#8243; _builder_version=&#8221;3.25&#8243; custom_padding=&#8221;|||&#8221; custom_padding__hover=&#8221;|||&#8221;][et_pb_image src=&#8221;https:\/\/pdi.ro\/2020\/wp-content\/uploads\/2020\/07\/Doina-Draganescu.png&#8221; title_text=&#8221;Doina Draganescu&#8221; align=&#8221;center&#8221; align_tablet=&#8221;center&#8221; align_phone=&#8221;&#8221; align_last_edited=&#8221;on|desktop&#8221; _builder_version=&#8221;4.4.8&#8243; max_width=&#8221;31%&#8221; border_radii=&#8221;on|100px|100px|100px|100px&#8221;][\/et_pb_image][\/et_pb_column][et_pb_column type=&#8221;3_5&#8243; _builder_version=&#8221;3.25&#8243; custom_padding=&#8221;|||&#8221; custom_padding__hover=&#8221;|||&#8221;][et_pb_text _builder_version=&#8221;4.4.8&#8243;]<\/p>\n<h4><strong><span style=\"color: #ff6600;\"><\/span><\/strong><\/h4>\n<h4><strong><span style=\"color: #ff6600;\"><\/span><\/strong><\/h4>\n<h4><strong><span style=\"color: #ff6600;\"><\/span><\/strong><\/h4>\n<h4><strong><span style=\"color: #ff6600;\">Prof. Dr. Dr\u0103g\u0103nescu Doina<\/span><\/strong><br \/>\n<strong><span style=\"color: #ff6600;\">Facultatea de Farmacie, Universitatea de Medicin\u0103 \u0219i Farmacie \u201dCarol Davila\u201d<\/span><\/strong><\/h4>\n<p>[\/et_pb_text][\/et_pb_column][\/et_pb_row][et_pb_row _builder_version=&#8221;3.25&#8243;][et_pb_column type=&#8221;4_4&#8243; _builder_version=&#8221;3.25&#8243; custom_padding=&#8221;|||&#8221; custom_padding__hover=&#8221;|||&#8221;][et_pb_text _builder_version=&#8221;4.4.8&#8243; hover_enabled=&#8221;0&#8243;]<\/p>\n<p style=\"text-align: justify;\"><span style=\"color: #ff6600;\">Psihoreologia \u2013 C\u00e2t este de important\u0103?<br \/>\nAutor: Doina Dr\u0103g\u0103nescu<\/span><\/p>\n<p style=\"text-align: justify;\">Reologia, ca \u0219tiin\u021b\u0103 a deform\u0103rii \u0219i a curgerii materiei, poate fi aplicat\u0103 pric\u0103rui tip de materiale sau produse industriale sau manufacturate. Ea a fost dezvoltat\u0103 ca domeniu \u0219tiin\u021bific cu scopul studierii comport\u0103rii unor materiale ob\u021binute \u00een laborator. Aceasta \u0219tiin\u021b\u0103 coroborat\u0103 cu elemente de psihofizic\u0103 au generat posibilitatea de a avea noi domenii \u00een care s\u0103 avem aplica\u021bii concrete \u0219i anume cel alimentar \u0219i cel al produselor cosmetice. Elementele esen\u021biale c\u0103ror li se datoreaz\u0103 acceptarea de c\u0103tre public, respectiv aparen\u021ba, aroma \u0219i modul \u00een care se simte la palpare, le reg\u0103sim ca repere esen\u021biale \u00een evaluarea produselor \u00eenainte de a fi puse pe pia\u021b\u0103.<br \/>\nCosmeticele au propriet\u0103\u021bi reologice complicate, care pot fi descrise prin intermediul unor m\u0103rimi fizice m\u0103surabile, care corelate cu evaluarea senzorial\u0103 permit o caracterizare complet\u0103 a acestora.\n<\/p>\n<p style=\"text-align: justify;\"><span style=\"color: #ff6600;\">Psychorheology &#8211; How important it is?<br \/>\nAuthor: Doina Dr\u0103g\u0103nescu<\/span><\/p>\n<p style=\"text-align: justify;\">Rheology, as the science of the deformation and flow of matter, can be applied to any type of industrial or manufactured materials or products. It was developed as a scientific field in order to study the behavior of materials obtained in the laboratory. This science corroborated with elements of psycho-physics have generated the possibility to have new fields in which we can have concrete applications, namely in food and cosmetics domains. The essential elements that are due to the acceptance by the public, namely the appearance, aroma and the touch, are essential landmarks in the evaluation of products before they are placed on the market.<br \/>\nCosmetics have complicated rheological properties, which can be described by means of measurable physical properties, which correlated with the sensory evaluation allow a complete characterization.\n<\/p>\n<p style=\"text-align: justify;\"><strong><span style=\"color: #ff6600;\">Scurt CV<\/span><\/strong><\/p>\n<p>Doina Dr\u0103ganescu a absolvit \u00een 1988 Universitatea de Medicin\u0103 \u0219i Farmacie &#8220;Carol Davila&#8221;, Facultatea de Farmacie.<br \/>\n\u0218i-a \u00eenceput activitatea ca farmacist stagiar \u0219i \u00eencep\u00e2nd cu 1990 c\u00e2nd a promovat concursul de asistent universitar \u0219i apoi doctorand\u0103 lucreaz\u0103 la Disciplina de Fizic\u0103 farmaceutic\u0103 \u0219i Informatic\u0103. \u00cen prezent, Doina Dr\u0103ganescu este profesor la acela\u0219i departament, iar de la absolvire a sus\u021binut at\u00e2t activit\u0103\u021bi profesionale, c\u00e2t \u0219i administrative.<br \/>\nUrm\u0103toarele domenii pot fi men\u021bionate ca domenii de interes profesional: tehnologii medicale \u0219i farmaceutice, medicamente homeopate, medicamente radiofarmaceutice, fiind \u00een prezent implicat\u0103 \u0219i \u00een activit\u0103\u021bi profesionale la Institutul de Fizic\u0103 \u0219i Inginerie Nuclear\u0103 Horia Hulubei (M\u0103gurele) la Centrul de cercetare radiofarmaceutice. Din 2017 este persoan\u0103 calificat\u0103 \u00een domeniul produc\u021biei de medicamente pentru radiofarmaceutice \u0219i membru al echipei de cercetare a centrului ca personal auxiliar, fiind membru al echipei de cercetare \u00een mai multe proiecte realizate \u00een Universitatea de Medicin\u0103 \u0219i Farmacie &#8220;Carol Davila&#8221;, Bucure\u0219ti.<br \/>\nDin 2018 este membru al Comisiei de Bioetic\u0103 a Academiei de \u0218tiin\u021be Medicale, \u00een prezent vicepre\u0219edinte, unde este implicat\u0103 \u00een evaluarea cererilor de studii clinice din Rom\u00e2nia.<br \/>\nDr. Dr\u0103ganescu este membr\u0103 a Colegiului Farmaci\u0219tilor din Rom\u00e2nia \u0219i a Societ\u0103\u021bii Farmaceutice din Rom\u00e2nia din 1990, membr\u0103 a Societ\u0103\u021bii Na\u021bionale de Chimie, a Societ\u0103\u021bii Na\u021bionale de Istorie a Farmaciei \u0219i a altor societ\u0103\u021bi profesionale din Rom\u00e2nia sau din str\u0103in\u0103tate.<br \/>\nDin 2016 este decanul Facult\u0103\u021bii de Farmacie, membru al Consiliului de Administra\u021bie al Universit\u0103\u021bii \u0219i membru al Senatului Universit\u0103\u021bii. A fost membru al comitetului de organizare al mai multor simpozioane \u0219i conferin\u021be farmaceutice, inclusiv la edi\u021biile 2016 \u0219i 2018 ale Congresului Na\u021bional de Farmacie, unde a fost pre\u0219edinte al Comitetului de organizare \u0219i coordonator al Comitetului \u0219tiin\u021bific. A fost manager al mai multor proiecte dedicate dezvolt\u0103rii resurselor umane (POSDRU) \u00een domeniul farmaceutic \u0219i este implicat\u0103 \u00een prezent \u00een proiecte de dezvoltare institu\u021bional\u0103 privind etic\u0103 \u0219i integritatea academic\u0103 \u00een activitatea didactic\u0103 \u00een universitate, expert \u00een managementul universit\u0103\u021bii proiecte ale Academiei Rom\u00e2ne \u0219i ale Ministerului Educa\u021biei Na\u021bionale.<br \/>\n\u00cencep\u00e2nd cu 2012, este pre\u0219edintele filialei din Bucure\u0219ti a Societ\u0103\u021bii de \u0218tiin\u021be Farmaceutice din Rom\u00e2nia \u0219i reprezint\u0103 Rom\u00e2nia \u00een Comitetul Executiv al Societ\u0103\u021bii Europene de \u0218tiin\u021be Farmaceutice. \u00cen prezent este numit\u0103 responsabil\u0103 pentru activitatea de audit a EUFEPS.<\/p>\n<p>[\/et_pb_text][\/et_pb_column][\/et_pb_row][\/et_pb_section][et_pb_section fb_built=&#8221;1&#8243; _builder_version=&#8221;3.22&#8243; background_color=&#8221;rgba(117,194,33,0.23)&#8221; background_image=&#8221;https:\/\/pdi.ro\/2020\/wp-content\/uploads\/2020\/02\/back_justflowers_overlay1.png&#8221; background_blend=&#8221;luminosity&#8221; custom_padding=&#8221;54px|0px|0|0px|false|false&#8221; top_divider_style=&#8221;waves2&#8243; top_divider_color=&#8221;#ffffff&#8221; top_divider_height=&#8221;155px&#8221; top_divider_height_tablet=&#8221;&#8221; top_divider_height_phone=&#8221;97px&#8221; top_divider_height_last_edited=&#8221;on|desktop&#8221; bottom_divider_style=&#8221;waves2&#8243; bottom_divider_color=&#8221;#75c221&#8243; bottom_divider_flip=&#8221;vertical&#8221; bottom_divider_height_tablet=&#8221;&#8221; bottom_divider_height_phone=&#8221;59px&#8221; bottom_divider_height_last_edited=&#8221;on|desktop&#8221;][et_pb_row column_structure=&#8221;3_5,2_5&#8243; _builder_version=&#8221;3.25&#8243; custom_padding=&#8221;61px|0px|69px|0px|false|false&#8221;][et_pb_column type=&#8221;3_5&#8243; _builder_version=&#8221;3.25&#8243; custom_padding=&#8221;|||&#8221; custom_padding__hover=&#8221;|||&#8221;][et_pb_text _builder_version=&#8221;4.0.11&#8243; text_font=&#8221;Kaushan Script||||||||&#8221; text_text_color=&#8221;#f0622a&#8221; text_font_size=&#8221;30px&#8221; text_line_height=&#8221;1.2em&#8221; header_font=&#8221;||||||||&#8221; background_layout=&#8221;dark&#8221; text_font_size_tablet=&#8221;&#8221; text_font_size_phone=&#8221;&#8221; text_font_size_last_edited=&#8221;on|desktop&#8221;]<\/p>\n<p>Contacteaz\u0103 operatorul PDI 2020<\/p>\n<p>[\/et_pb_text][et_pb_contact_form email=&#8221;contact@primaderma.ro\/2019&#8243; submit_button_text=&#8221;Trimite mesajul&#8221; _builder_version=&#8221;3.19.4&#8243; title_font=&#8221;||||||||&#8221;][et_pb_contact_field field_id=&#8221;Name&#8221; field_title=&#8221;Nume&#8221; _builder_version=&#8221;3.18.9&#8243; button_text_size__hover_enabled=&#8221;off&#8221; button_one_text_size__hover_enabled=&#8221;off&#8221; button_two_text_size__hover_enabled=&#8221;off&#8221; button_text_color__hover_enabled=&#8221;off&#8221; button_one_text_color__hover_enabled=&#8221;off&#8221; button_two_text_color__hover_enabled=&#8221;off&#8221; button_border_width__hover_enabled=&#8221;off&#8221; button_one_border_width__hover_enabled=&#8221;off&#8221; button_two_border_width__hover_enabled=&#8221;off&#8221; button_border_color__hover_enabled=&#8221;off&#8221; button_one_border_color__hover_enabled=&#8221;off&#8221; button_two_border_color__hover_enabled=&#8221;off&#8221; button_border_radius__hover_enabled=&#8221;off&#8221; button_one_border_radius__hover_enabled=&#8221;off&#8221; button_two_border_radius__hover_enabled=&#8221;off&#8221; button_letter_spacing__hover_enabled=&#8221;off&#8221; button_one_letter_spacing__hover_enabled=&#8221;off&#8221; button_two_letter_spacing__hover_enabled=&#8221;off&#8221; button_bg_color__hover_enabled=&#8221;off&#8221; button_one_bg_color__hover_enabled=&#8221;off&#8221; button_two_bg_color__hover_enabled=&#8221;off&#8221;][\/et_pb_contact_field][et_pb_contact_field field_id=&#8221;Email&#8221; field_title=&#8221;Adresa de e-mail&#8221; field_type=&#8221;email&#8221; _builder_version=&#8221;3.19.4&#8243; button_text_size__hover_enabled=&#8221;off&#8221; button_one_text_size__hover_enabled=&#8221;off&#8221; button_two_text_size__hover_enabled=&#8221;off&#8221; button_text_color__hover_enabled=&#8221;off&#8221; button_one_text_color__hover_enabled=&#8221;off&#8221; button_two_text_color__hover_enabled=&#8221;off&#8221; button_border_width__hover_enabled=&#8221;off&#8221; button_one_border_width__hover_enabled=&#8221;off&#8221; button_two_border_width__hover_enabled=&#8221;off&#8221; button_border_color__hover_enabled=&#8221;off&#8221; button_one_border_color__hover_enabled=&#8221;off&#8221; button_two_border_color__hover_enabled=&#8221;off&#8221; button_border_radius__hover_enabled=&#8221;off&#8221; button_one_border_radius__hover_enabled=&#8221;off&#8221; button_two_border_radius__hover_enabled=&#8221;off&#8221; button_letter_spacing__hover_enabled=&#8221;off&#8221; button_one_letter_spacing__hover_enabled=&#8221;off&#8221; button_two_letter_spacing__hover_enabled=&#8221;off&#8221; button_bg_color__hover_enabled=&#8221;off&#8221; button_one_bg_color__hover_enabled=&#8221;off&#8221; button_two_bg_color__hover_enabled=&#8221;off&#8221;][\/et_pb_contact_field][et_pb_contact_field field_id=&#8221;Message&#8221; field_title=&#8221;Mesajul dvs.&#8221; field_type=&#8221;text&#8221; fullwidth_field=&#8221;on&#8221; _builder_version=&#8221;3.18.9&#8243; button_text_size__hover_enabled=&#8221;off&#8221; button_one_text_size__hover_enabled=&#8221;off&#8221; button_two_text_size__hover_enabled=&#8221;off&#8221; button_text_color__hover_enabled=&#8221;off&#8221; button_one_text_color__hover_enabled=&#8221;off&#8221; button_two_text_color__hover_enabled=&#8221;off&#8221; button_border_width__hover_enabled=&#8221;off&#8221; button_one_border_width__hover_enabled=&#8221;off&#8221; button_two_border_width__hover_enabled=&#8221;off&#8221; button_border_color__hover_enabled=&#8221;off&#8221; button_one_border_color__hover_enabled=&#8221;off&#8221; button_two_border_color__hover_enabled=&#8221;off&#8221; button_border_radius__hover_enabled=&#8221;off&#8221; button_one_border_radius__hover_enabled=&#8221;off&#8221; button_two_border_radius__hover_enabled=&#8221;off&#8221; button_letter_spacing__hover_enabled=&#8221;off&#8221; button_one_letter_spacing__hover_enabled=&#8221;off&#8221; button_two_letter_spacing__hover_enabled=&#8221;off&#8221; button_bg_color__hover_enabled=&#8221;off&#8221; button_one_bg_color__hover_enabled=&#8221;off&#8221; button_two_bg_color__hover_enabled=&#8221;off&#8221;][\/et_pb_contact_field][\/et_pb_contact_form][\/et_pb_column][et_pb_column type=&#8221;2_5&#8243; _builder_version=&#8221;3.25&#8243; custom_padding=&#8221;|||&#8221; custom_padding__hover=&#8221;|||&#8221;][et_pb_text _builder_version=&#8221;4.0.11&#8243; text_font=&#8221;Kaushan Script||||||||&#8221; text_text_color=&#8221;#f0622a&#8221; text_font_size=&#8221;30px&#8221; header_font=&#8221;||||||||&#8221; background_layout=&#8221;dark&#8221;]<\/p>\n<p>Operatorul PDI 2020<\/p>\n<p>[\/et_pb_text][et_pb_text _builder_version=&#8221;4.0.11&#8243; text_font=&#8221;||||||||&#8221;]<\/p>\n<p><span><img loading=\"lazy\" decoding=\"async\" src=\"https:\/\/pdi.ro\/2020\/wp-content\/uploads\/2020\/02\/eventer_logo_150px.png\" width=\"151\" height=\"33\" alt=\"\" class=\"wp-image-774 alignleft size-full\" \/><\/span><\/p>\n<p><span><\/span><\/p>\n<p><span><\/span><\/p>\n<p><span>Adresa: Str. A. Panu nr. 13, Iasi<\/span><br \/> <span>Tel.: 0332.40.88.00-05<\/span><br \/> <span>E-mail: <a href=\"mailto:inscrieri@primaderma.ro\" target=\"_blank\" rel=\"noopener noreferrer\">inscrieri@primaderma.ro<\/a><br \/> <\/span><span>Website:\u00a0<\/span><a href=\"http:\/\/www.eventernet.ro\/\" target=\"Blank\" rel=\"noopener noreferrer\">www.eventernet.ro<\/a><\/p>\n<p>[\/et_pb_text][et_pb_text disabled_on=&#8221;off|off|off&#8221; _builder_version=&#8221;4.0.11&#8243; text_font=&#8221;Kaushan Script||||||||&#8221; text_text_color=&#8221;#f0622a&#8221; text_font_size=&#8221;30px&#8221; header_font=&#8221;||||||||&#8221; background_layout=&#8221;dark&#8221; locked=&#8221;off&#8221;]<\/p>\n<p>Parteneri Media<\/p>\n<p>[\/et_pb_text][et_pb_gallery gallery_ids=&#8221;7203,7204,7232,7231&#8243; fullwidth=&#8221;on&#8221; _builder_version=&#8221;4.0.11&#8243; transform_scale=&#8221;86%|86%&#8221; max_width=&#8221;63%&#8221; auto=&#8221;on&#8221; auto_speed=&#8221;3500&#8243; hover_transition_duration=&#8221;100ms&#8221; hover_transition_delay=&#8221;50ms&#8221; hover_transition_speed_curve=&#8221;ease-in-out&#8221; locked=&#8221;off&#8221;][\/et_pb_gallery][\/et_pb_column][\/et_pb_row][\/et_pb_section]<\/p>\n","protected":false},"excerpt":{"rendered":"<p>Prof. Dr. Dr\u0103g\u0103nescu Doina Facultatea de Farmacie, Universitatea de Medicin\u0103 \u0219i Farmacie \u201dCarol Davila\u201dPsihoreologia \u2013 C\u00e2t este de important\u0103? Autor: Doina Dr\u0103g\u0103nescu Reologia, ca \u0219tiin\u021b\u0103 a deform\u0103rii \u0219i a curgerii materiei, poate fi aplicat\u0103 pric\u0103rui tip de materiale sau produse industriale sau manufacturate. Ea a fost dezvoltat\u0103 ca domeniu \u0219tiin\u021bific cu scopul studierii comport\u0103rii unor [&hellip;]<\/p>\n","protected":false},"author":2,"featured_media":0,"parent":0,"menu_order":0,"comment_status":"closed","ping_status":"closed","template":"","meta":{"_et_pb_use_builder":"on","_et_pb_old_content":"","_et_gb_content_width":"","footnotes":""},"class_list":["post-8550","page","type-page","status-publish","hentry"],"_links":{"self":[{"href":"https:\/\/pdi.ro\/2020\/wp-json\/wp\/v2\/pages\/8550","targetHints":{"allow":["GET"]}}],"collection":[{"href":"https:\/\/pdi.ro\/2020\/wp-json\/wp\/v2\/pages"}],"about":[{"href":"https:\/\/pdi.ro\/2020\/wp-json\/wp\/v2\/types\/page"}],"author":[{"embeddable":true,"href":"https:\/\/pdi.ro\/2020\/wp-json\/wp\/v2\/users\/2"}],"replies":[{"embeddable":true,"href":"https:\/\/pdi.ro\/2020\/wp-json\/wp\/v2\/comments?post=8550"}],"version-history":[{"count":6,"href":"https:\/\/pdi.ro\/2020\/wp-json\/wp\/v2\/pages\/8550\/revisions"}],"predecessor-version":[{"id":8575,"href":"https:\/\/pdi.ro\/2020\/wp-json\/wp\/v2\/pages\/8550\/revisions\/8575"}],"wp:attachment":[{"href":"https:\/\/pdi.ro\/2020\/wp-json\/wp\/v2\/media?parent=8550"}],"curies":[{"name":"wp","href":"https:\/\/api.w.org\/{rel}","templated":true}]}}