{"id":10023,"date":"2021-07-06T17:19:05","date_gmt":"2021-07-06T15:19:05","guid":{"rendered":"https:\/\/primaderma.ro\/?page_id=10023"},"modified":"2021-07-13T18:40:50","modified_gmt":"2021-07-13T16:40:50","slug":"dr-matei-andreea","status":"publish","type":"page","link":"https:\/\/pdi.ro\/2021\/dr-matei-andreea\/","title":{"rendered":"Dr. Matei Andreea"},"content":{"rendered":"<p>[et_pb_section fb_built=&#8221;1&#8243; fullwidth=&#8221;on&#8221; disabled_on=&#8221;on|off|off&#8221; _builder_version=&#8221;3.22&#8243; custom_margin=&#8221;||&#8221; custom_padding=&#8221;15px||29px&#8221; top_divider_style=&#8221;waves2&#8243; top_divider_color=&#8221;#f0622a&#8221; top_divider_flip=&#8221;horizontal|vertical&#8221; bottom_divider_style=&#8221;waves2&#8243; bottom_divider_color=&#8221;#fcdedb&#8221; bottom_divider_height=&#8221;105px&#8221; bottom_divider_flip=&#8221;vertical&#8221; global_module=&#8221;9062&#8243; collapsed=&#8221;off&#8221;][et_pb_fullwidth_header title=&#8221;@ET-DC@eyJkeW5hbWljIjp0cnVlLCJjb250ZW50IjoicG9zdF90aXRsZSIsInNldHRpbmdzIjp7ImJlZm9yZSI6IiIsImFmdGVyIjoiIn19@&#8221; text_orientation=&#8221;right&#8221; header_image_url=&#8221;https:\/\/pdi.ro\/2021\/wp-content\/uploads\/2021\/05\/PDI2021_logo_header_int_600x300px.png&#8221; disabled_on=&#8221;on|on|off&#8221; _builder_version=&#8221;4.9.4&#8243; _dynamic_attributes=&#8221;title&#8221; title_font=&#8221;Kaushan Script||||||||&#8221; title_text_align=&#8221;right&#8221; title_text_color=&#8221;#f0622a&#8221; title_font_size=&#8221;50px&#8221; content_font=&#8221;|600||on|||||&#8221; content_text_align=&#8221;center&#8221; content_text_color=&#8221;#686766&#8243; content_font_size=&#8221;15px&#8221; subhead_font=&#8221;||||||||&#8221; background_color=&#8221;#ef916b&#8221; background_image=&#8221;https:\/\/pdi.ro\/2021\/wp-content\/uploads\/2021\/05\/PDI2021_header_1920x550px.jpg&#8221; background_blend=&#8221;luminosity&#8221; background_layout=&#8221;light&#8221; custom_margin=&#8221;0px||8px&#8221; custom_padding=&#8221;40px||40px||true&#8221; content_font_size_tablet=&#8221;&#8221; content_font_size_phone=&#8221;15px&#8221; content_font_size_last_edited=&#8221;on|desktop&#8221;][\/et_pb_fullwidth_header][\/et_pb_section][et_pb_section fb_built=&#8221;1&#8243; _builder_version=&#8221;3.22&#8243; locked=&#8221;off&#8221;][et_pb_row column_structure=&#8221;2_5,3_5&#8243; _builder_version=&#8221;3.25&#8243;][et_pb_column type=&#8221;2_5&#8243; _builder_version=&#8221;3.25&#8243; custom_padding=&#8221;|||&#8221; custom_padding__hover=&#8221;|||&#8221;][et_pb_image src=&#8221;https:\/\/pdi.ro\/2021\/wp-content\/uploads\/2021\/07\/Poza-Andreea-Matei_1.jpg&#8221; title_text=&#8221;Poza Andreea Matei_1&#8243; align=&#8221;center&#8221; align_tablet=&#8221;center&#8221; align_phone=&#8221;&#8221; align_last_edited=&#8221;on|desktop&#8221; _builder_version=&#8221;4.9.7&#8243; max_width=&#8221;31%&#8221; border_radii=&#8221;on|100px|100px|100px|100px&#8221;][\/et_pb_image][\/et_pb_column][et_pb_column type=&#8221;3_5&#8243; _builder_version=&#8221;3.25&#8243; custom_padding=&#8221;|||&#8221; custom_padding__hover=&#8221;|||&#8221;][et_pb_text _builder_version=&#8221;4.9.7&#8243; hover_enabled=&#8221;0&#8243; sticky_enabled=&#8221;0&#8243;]<\/p>\n<h4><strong><span style=\"color: #ff6600;\"><\/span><\/strong><\/h4>\n<h4><strong><span style=\"color: #ff6600;\"><\/span><\/strong><\/h4>\n<h4><strong><span style=\"color: #ff6600;\"><\/span><\/strong><\/h4>\n<h4><strong><span style=\"color: #ff6600;\">Dr. Matei Andreea<\/span><\/strong><br \/>\n<strong><span style=\"color: #ff6600;\">Spitalul Clinic Colentina, Bucure\u0219ti, Rom\u00e2nia<\/span><\/strong><\/h4>\n<p>[\/et_pb_text][\/et_pb_column][\/et_pb_row][et_pb_row _builder_version=&#8221;3.25&#8243;][et_pb_column type=&#8221;4_4&#8243; _builder_version=&#8221;3.25&#8243; custom_padding=&#8221;|||&#8221; custom_padding__hover=&#8221;|||&#8221;][et_pb_text _builder_version=&#8221;4.9.7&#8243;]<\/p>\n<p style=\"text-align: justify;\"><span style=\"color: #ff6600;\">Noi abord\u0103ri \u00een domeniul cicatriz\u0103rii cutanate<\/span><br \/><span style=\"color: #ff6600;\">Autori: Andreea-Mariana Matei 1,2, Amalia-Elena Anghel 3, C Mare\u0219 4, C Scheau1, Ana C\u0103runtu 5,6, Ioana Anca B\u0103d\u0103r\u0103u 1, C C\u0103runtu 1,7a<\/span><br \/>1Disciplina Fiziologie, Universitatea de Medicin\u0103 \u0219i Farmacie \u201cCarol Davila\u201d, Bucure\u0219ti, Rom\u00e2nia<br \/>2Spitalul Clinic Colentina, Bucure\u0219ti, Rom\u00e2nia<br \/>3Departamentul de Dermatologie \u201cSkinMed Clinic\u201d, Bucure\u0219ti, Rom\u00e2nia<br \/>4Departamentul de Urologie, Universitatea de Medicin\u0103 \u0219i Farmacie \u201cCarol Davil\u0103\u201d, Bucure\u0219ti, Rom\u00e2nia<br \/>5Departamentul de Chirurgie Oral\u0103 \u0219i Maxilo-facial\u0103, Spitalul Militar Central \u201cCarol Davila\u201d, Bucure\u0219ti, Rom\u00e2nia<br \/>6Facultatea de Medicin\u0103 Dentar\u0103, Universitatea \u201cTitu Maiorescu\u201d, Bucure\u0219ti, Rom\u00e2nia<br \/>7Departamentul de Dermatologie, \u201cProf. N.C. Paulescu\u201d Institutul Na\u021bional de Diabet, Nutri\u021bie si Boli metabolice, Bucure\u0219ti, Rom\u00e2nia<\/p>\n<p style=\"text-align: justify;\">Cuvinte cheie: vindecare, piele, cicatrizare, leziuni cutanate, regenerare<\/p>\n<p style=\"text-align: justify;\">Integritatea cutanat\u0103 joac\u0103 un rol primordial \u00een men\u021binerea homeostaziei organismului. Pierderea acesteia, asociat\u0103 leziunilor acute sau cronice, poate reprezenta o mare provocare pentru clinician. De asemenea, poate genera \u0219i o presiune crescut\u0103 asupra sistemului de s\u0103n\u0103tate public\u0103, aspect care se manifest\u0103 la nivel global. Astfel, cunoa\u0219terea aprofundat\u0103 a mecanismelor complexe ale procesului de cicatrizare reprezint\u0103 o tem\u0103 de o permanent\u0103 actualitate, iar identificarea factorilor locali sau sistemici asocia\u021bi vindec\u0103rii defectuoase a r\u0103nilor poate avea implica\u021bii clinice majore. \u00cen ultimii ani au fost descrise multiple metode de evaluare a procesului de vindecare cutanat\u0103 care permit depistarea precoce a factorilor asocia\u021bi dezvolt\u0103rii unui \u021besut cicatricial vicios, precum si o palet\u0103 larg\u0103 de noi abord\u0103ri terapeutice. \u00cen cadrul acestei lucr\u0103ri ne propunem sa aducem \u00een aten\u021bie cele mai recente informa\u021bii \u00een ceea ce prive\u0219te fiziopatologia procesului de cicatrizare \u0219i noile technologii utilizate \u00een evaluarea \u0219i terapia diferitelor etape ale procesului de cicatrizare cutanat\u0103.<\/p>\n<p style=\"text-align: justify;\"><span style=\"color: #ff6600;\">Recent advances in wound healing<\/span><br \/><span style=\"color: #ff6600;\">Autori: Andreea-Mariana Matei 1,2, Amalia-Elena Anghel 3, C Mare\u0219 4, C Scheau1, Ana C\u0103runtu 5,6, Ioana Anca B\u0103d\u0103r\u0103u 1, C C\u0103runtu 1,7a<\/span><br \/>1Department of Physiology, \u201cCarol Davila\u201d University of Medicine and Pharmacy, Bucharest, Romania<br \/>2Colentina Clinical Hospital, Bucharest, Romania<br \/>3Department of Dermatology \u201cSkinMed Clinic\u201d, Bucharest, Romania<br \/>4Department of Urology, \u201cCarol Davila\u201d University of Medicine and Pharmacy, Bucharest, Romania<br \/>5Department of Oral and Maxillofacial Surgery, \u201cCarol Davila\u201d Central Military Emergency Hospital, Bucharest, Romania<br \/>6Faculty of Dental Medicine, \u201cTitu Maiorescu\u201d University, Bucharest, Romania<br \/>7Department of Dermatology, \u201cProf. N.C. Paulescu\u201d National Institute of Diabetes, Nutrition and Metabolic Diseases, Bucharest, Romania;<\/p>\n<p style=\"text-align: justify;\">Keywords: wound healing, skin, cutaneous lesions, regeneration<\/p>\n<p style=\"text-align: justify;\">Skin integrity plays an essential role in maintaining body homeostasis. Therefore, its disruption related to acute or chronic skin injuries may represent a tremendous challenge for the physician. Moreover, it implies a significant pressure on the health systems, an issue encountered on a global scale. Thus, an in-depth understanding of the complex mechanisms involved in the wound healing process is of major importance, and identifying the local and systemic factors associated with impaired wound healing has significant clinical implications. In recent years, various wound healing assessment methods, allowing early detection of factors associated with impaired wound healing as well as a wide range of treatment approaches have been described. In our presentation, we aim to emphasize the recent advances in wound healing pathophysiology and the new technologies utilized in the assessment and treatment of the skin repair process in different stages.<\/p>\n<p style=\"text-align: justify;\"><span style=\"color: #ff6600;\">Scurt CV<\/span><\/p>\n<p style=\"text-align: justify;\">Dr. Andreea Matei este medic rezident anul al-IV-lea \u00een specialitatea Dermato-venerologie \u00een cadrul Spitalului Clinic Colentina, doctorand \u00een cadrul \u0219colii doctorale UMF &#8220;Carol Davila&#8221;, asistent universitar asociat catedrei de Fiziologie a UMF &#8220;Carol Davila&#8221;. A urmat multiple cursuri de formare pe parcursul reziden\u021biatului \u00een domenii precum dermatoscopie, chirurgie dermatologic\u0103, estetic\u0103 \u0219i are un profund interes \u00een dezvoltarea pe plan profesional, c\u00e2t \u0219i \u00een activitatea \u0219tiin\u021bific\u0103. Dr. Andreea Matei este membru al Academiei Europene de Dermatologie \u0219i Venerologie \u0219i al Societ\u0103\u021bii Interna\u021bionale de Dermatoscopie \u0219i doreste s\u0103 \u00ee\u0219i dedice o mare parte din timp cercet\u0103rii \u0219tiin\u021bifice \u00een domeniul microscopiei confocale de reflectan\u021b\u0103 in vivo, fiind subiectul de interes al tezei sale de doctorat.<br \/>Subiecte de interes \u00een cercetare: dermatoscopie, cicatrizare, dermato-oncologie, microscopie confocal\u0103 de reflectan\u021b\u0103 in vivo, lasere medicale.<\/p>\n<p>[\/et_pb_text][\/et_pb_column][\/et_pb_row][\/et_pb_section][et_pb_section fb_built=&#8221;1&#8243; _builder_version=&#8221;3.22&#8243; background_color=&#8221;rgba(117,194,33,0.23)&#8221; background_image=&#8221;https:\/\/pdi.ro\/2021\/wp-content\/uploads\/2020\/02\/back_justflowers_overlay1.png&#8221; background_blend=&#8221;luminosity&#8221; custom_padding=&#8221;54px|0px|0|0px|false|false&#8221; top_divider_style=&#8221;waves2&#8243; top_divider_color=&#8221;#ffffff&#8221; top_divider_height=&#8221;155px&#8221; top_divider_height_tablet=&#8221;&#8221; top_divider_height_phone=&#8221;97px&#8221; top_divider_height_last_edited=&#8221;on|desktop&#8221; bottom_divider_style=&#8221;waves2&#8243; bottom_divider_color=&#8221;#75c221&#8243; bottom_divider_flip=&#8221;vertical&#8221; bottom_divider_height_tablet=&#8221;&#8221; bottom_divider_height_phone=&#8221;59px&#8221; bottom_divider_height_last_edited=&#8221;on|desktop&#8221;][et_pb_row column_structure=&#8221;3_5,2_5&#8243; _builder_version=&#8221;3.25&#8243; custom_padding=&#8221;61px|0px|69px|0px|false|false&#8221;][et_pb_column type=&#8221;3_5&#8243; _builder_version=&#8221;3.25&#8243; custom_padding=&#8221;|||&#8221; custom_padding__hover=&#8221;|||&#8221;][et_pb_text _builder_version=&#8221;4.9.4&#8243; text_font=&#8221;Kaushan Script||||||||&#8221; text_text_color=&#8221;#f0622a&#8221; text_font_size=&#8221;30px&#8221; text_line_height=&#8221;1.2em&#8221; header_font=&#8221;||||||||&#8221; background_layout=&#8221;dark&#8221; text_font_size_tablet=&#8221;&#8221; text_font_size_phone=&#8221;&#8221; text_font_size_last_edited=&#8221;on|desktop&#8221;]<\/p>\n<p>Contacteaz\u0103 operatorul PDI 2021<\/p>\n<p>[\/et_pb_text][et_pb_contact_form email=&#8221;contact@pdi.ro\/2021\/2019&#8243; submit_button_text=&#8221;Trimite mesajul&#8221; _builder_version=&#8221;3.19.4&#8243; title_font=&#8221;||||||||&#8221;][et_pb_contact_field field_id=&#8221;Name&#8221; field_title=&#8221;Nume&#8221; _builder_version=&#8221;3.18.9&#8243; button_text_size__hover_enabled=&#8221;off&#8221; button_one_text_size__hover_enabled=&#8221;off&#8221; button_two_text_size__hover_enabled=&#8221;off&#8221; button_text_color__hover_enabled=&#8221;off&#8221; button_one_text_color__hover_enabled=&#8221;off&#8221; button_two_text_color__hover_enabled=&#8221;off&#8221; button_border_width__hover_enabled=&#8221;off&#8221; button_one_border_width__hover_enabled=&#8221;off&#8221; button_two_border_width__hover_enabled=&#8221;off&#8221; button_border_color__hover_enabled=&#8221;off&#8221; button_one_border_color__hover_enabled=&#8221;off&#8221; button_two_border_color__hover_enabled=&#8221;off&#8221; button_border_radius__hover_enabled=&#8221;off&#8221; button_one_border_radius__hover_enabled=&#8221;off&#8221; button_two_border_radius__hover_enabled=&#8221;off&#8221; button_letter_spacing__hover_enabled=&#8221;off&#8221; button_one_letter_spacing__hover_enabled=&#8221;off&#8221; button_two_letter_spacing__hover_enabled=&#8221;off&#8221; button_bg_color__hover_enabled=&#8221;off&#8221; button_one_bg_color__hover_enabled=&#8221;off&#8221; button_two_bg_color__hover_enabled=&#8221;off&#8221;][\/et_pb_contact_field][et_pb_contact_field field_id=&#8221;Email&#8221; field_title=&#8221;Adresa de e-mail&#8221; field_type=&#8221;email&#8221; _builder_version=&#8221;3.19.4&#8243; button_text_size__hover_enabled=&#8221;off&#8221; button_one_text_size__hover_enabled=&#8221;off&#8221; button_two_text_size__hover_enabled=&#8221;off&#8221; button_text_color__hover_enabled=&#8221;off&#8221; button_one_text_color__hover_enabled=&#8221;off&#8221; button_two_text_color__hover_enabled=&#8221;off&#8221; button_border_width__hover_enabled=&#8221;off&#8221; button_one_border_width__hover_enabled=&#8221;off&#8221; button_two_border_width__hover_enabled=&#8221;off&#8221; button_border_color__hover_enabled=&#8221;off&#8221; button_one_border_color__hover_enabled=&#8221;off&#8221; button_two_border_color__hover_enabled=&#8221;off&#8221; button_border_radius__hover_enabled=&#8221;off&#8221; button_one_border_radius__hover_enabled=&#8221;off&#8221; button_two_border_radius__hover_enabled=&#8221;off&#8221; button_letter_spacing__hover_enabled=&#8221;off&#8221; button_one_letter_spacing__hover_enabled=&#8221;off&#8221; button_two_letter_spacing__hover_enabled=&#8221;off&#8221; button_bg_color__hover_enabled=&#8221;off&#8221; button_one_bg_color__hover_enabled=&#8221;off&#8221; button_two_bg_color__hover_enabled=&#8221;off&#8221;][\/et_pb_contact_field][et_pb_contact_field field_id=&#8221;Message&#8221; field_title=&#8221;Mesajul dvs.&#8221; field_type=&#8221;text&#8221; fullwidth_field=&#8221;on&#8221; _builder_version=&#8221;3.18.9&#8243; button_text_size__hover_enabled=&#8221;off&#8221; button_one_text_size__hover_enabled=&#8221;off&#8221; button_two_text_size__hover_enabled=&#8221;off&#8221; button_text_color__hover_enabled=&#8221;off&#8221; button_one_text_color__hover_enabled=&#8221;off&#8221; button_two_text_color__hover_enabled=&#8221;off&#8221; button_border_width__hover_enabled=&#8221;off&#8221; button_one_border_width__hover_enabled=&#8221;off&#8221; button_two_border_width__hover_enabled=&#8221;off&#8221; button_border_color__hover_enabled=&#8221;off&#8221; button_one_border_color__hover_enabled=&#8221;off&#8221; button_two_border_color__hover_enabled=&#8221;off&#8221; button_border_radius__hover_enabled=&#8221;off&#8221; button_one_border_radius__hover_enabled=&#8221;off&#8221; button_two_border_radius__hover_enabled=&#8221;off&#8221; button_letter_spacing__hover_enabled=&#8221;off&#8221; button_one_letter_spacing__hover_enabled=&#8221;off&#8221; button_two_letter_spacing__hover_enabled=&#8221;off&#8221; button_bg_color__hover_enabled=&#8221;off&#8221; button_one_bg_color__hover_enabled=&#8221;off&#8221; button_two_bg_color__hover_enabled=&#8221;off&#8221;][\/et_pb_contact_field][\/et_pb_contact_form][\/et_pb_column][et_pb_column type=&#8221;2_5&#8243; _builder_version=&#8221;3.25&#8243; custom_padding=&#8221;|||&#8221; custom_padding__hover=&#8221;|||&#8221;][et_pb_text _builder_version=&#8221;4.9.4&#8243; text_font=&#8221;Kaushan Script||||||||&#8221; text_text_color=&#8221;#f0622a&#8221; text_font_size=&#8221;30px&#8221; header_font=&#8221;||||||||&#8221; background_layout=&#8221;dark&#8221;]<\/p>\n<p>Operatorul PDI 2021<\/p>\n<p>[\/et_pb_text][et_pb_text _builder_version=&#8221;4.0.11&#8243; text_font=&#8221;||||||||&#8221;]<\/p>\n<p><span><img loading=\"lazy\" decoding=\"async\" src=\"https:\/\/pdi.ro\/2021\/wp-content\/uploads\/2020\/02\/eventer_logo_150px.png\" width=\"151\" height=\"33\" alt=\"\" class=\"wp-image-774 alignleft size-full\" \/><\/span><\/p>\n<p><span><\/span><\/p>\n<p><span><\/span><\/p>\n<p><span>Adresa: Str. A. Panu nr. 13, Iasi<\/span><br \/> <span>Tel.: 0332.40.88.00-05<\/span><br \/> <span>E-mail: <a href=\"mailto:inscrieri@primaderma.ro\" target=\"_blank\" rel=\"noopener noreferrer\">inscrieri@primaderma.ro<\/a><br \/> <\/span><span>Website:\u00a0<\/span><a href=\"http:\/\/www.eventernet.ro\/\" target=\"Blank\" rel=\"noopener noreferrer\">www.eventernet.ro<\/a><\/p>\n<p>[\/et_pb_text][et_pb_text disabled_on=&#8221;off|off|off&#8221; _builder_version=&#8221;4.0.11&#8243; text_font=&#8221;Kaushan Script||||||||&#8221; text_text_color=&#8221;#f0622a&#8221; text_font_size=&#8221;30px&#8221; header_font=&#8221;||||||||&#8221; background_layout=&#8221;dark&#8221; locked=&#8221;off&#8221;]<\/p>\n<p>Parteneri Media<\/p>\n<p>[\/et_pb_text][et_pb_gallery gallery_ids=&#8221;7203,7204,7232,7231&#8243; fullwidth=&#8221;on&#8221; _builder_version=&#8221;4.0.11&#8243; transform_scale=&#8221;86%|86%&#8221; max_width=&#8221;63%&#8221; auto=&#8221;on&#8221; auto_speed=&#8221;3500&#8243; hover_transition_duration=&#8221;100ms&#8221; hover_transition_delay=&#8221;50ms&#8221; hover_transition_speed_curve=&#8221;ease-in-out&#8221; locked=&#8221;off&#8221;][\/et_pb_gallery][\/et_pb_column][\/et_pb_row][\/et_pb_section]<\/p>\n","protected":false},"excerpt":{"rendered":"<p>Dr. Matei Andreea Spitalul Clinic Colentina, Bucure\u0219ti, Rom\u00e2niaNoi abord\u0103ri \u00een domeniul cicatriz\u0103rii cutanateAutori: Andreea-Mariana Matei 1,2, Amalia-Elena Anghel 3, C Mare\u0219 4, C Scheau1, Ana C\u0103runtu 5,6, Ioana Anca B\u0103d\u0103r\u0103u 1, C C\u0103runtu 1,7a1Disciplina Fiziologie, Universitatea de Medicin\u0103 \u0219i Farmacie \u201cCarol Davila\u201d, Bucure\u0219ti, Rom\u00e2nia2Spitalul Clinic Colentina, Bucure\u0219ti, Rom\u00e2nia3Departamentul de Dermatologie \u201cSkinMed Clinic\u201d, Bucure\u0219ti, Rom\u00e2nia4Departamentul de [&hellip;]<\/p>\n","protected":false},"author":2,"featured_media":0,"parent":0,"menu_order":0,"comment_status":"closed","ping_status":"closed","template":"","meta":{"_et_pb_use_builder":"on","_et_pb_old_content":"","_et_gb_content_width":"","footnotes":""},"class_list":["post-10023","page","type-page","status-publish","hentry"],"_links":{"self":[{"href":"https:\/\/pdi.ro\/2021\/wp-json\/wp\/v2\/pages\/10023","targetHints":{"allow":["GET"]}}],"collection":[{"href":"https:\/\/pdi.ro\/2021\/wp-json\/wp\/v2\/pages"}],"about":[{"href":"https:\/\/pdi.ro\/2021\/wp-json\/wp\/v2\/types\/page"}],"author":[{"embeddable":true,"href":"https:\/\/pdi.ro\/2021\/wp-json\/wp\/v2\/users\/2"}],"replies":[{"embeddable":true,"href":"https:\/\/pdi.ro\/2021\/wp-json\/wp\/v2\/comments?post=10023"}],"version-history":[{"count":4,"href":"https:\/\/pdi.ro\/2021\/wp-json\/wp\/v2\/pages\/10023\/revisions"}],"predecessor-version":[{"id":10524,"href":"https:\/\/pdi.ro\/2021\/wp-json\/wp\/v2\/pages\/10023\/revisions\/10524"}],"wp:attachment":[{"href":"https:\/\/pdi.ro\/2021\/wp-json\/wp\/v2\/media?parent=10023"}],"curies":[{"name":"wp","href":"https:\/\/api.w.org\/{rel}","templated":true}]}}