{"id":10100,"date":"2021-07-07T14:12:08","date_gmt":"2021-07-07T12:12:08","guid":{"rendered":"https:\/\/primaderma.ro\/?page_id=10100"},"modified":"2021-07-07T14:12:08","modified_gmt":"2021-07-07T12:12:08","slug":"prof-dr-tuta-liliana-lili","status":"publish","type":"page","link":"https:\/\/pdi.ro\/2021\/prof-dr-tuta-liliana-lili\/","title":{"rendered":"Prof. Dr.\u00a0Tu\u021b\u0103 Liliana Lili"},"content":{"rendered":"<p>[et_pb_section fb_built=&#8221;1&#8243; fullwidth=&#8221;on&#8221; disabled_on=&#8221;on|off|off&#8221; _builder_version=&#8221;3.22&#8243; custom_margin=&#8221;||&#8221; custom_padding=&#8221;15px||29px&#8221; top_divider_style=&#8221;waves2&#8243; top_divider_color=&#8221;#f0622a&#8221; top_divider_flip=&#8221;horizontal|vertical&#8221; bottom_divider_style=&#8221;waves2&#8243; bottom_divider_color=&#8221;#fcdedb&#8221; bottom_divider_height=&#8221;105px&#8221; bottom_divider_flip=&#8221;vertical&#8221; global_module=&#8221;9062&#8243; collapsed=&#8221;off&#8221;][et_pb_fullwidth_header title=&#8221;@ET-DC@eyJkeW5hbWljIjp0cnVlLCJjb250ZW50IjoicG9zdF90aXRsZSIsInNldHRpbmdzIjp7ImJlZm9yZSI6IiIsImFmdGVyIjoiIn19@&#8221; text_orientation=&#8221;right&#8221; header_image_url=&#8221;https:\/\/pdi.ro\/2021\/wp-content\/uploads\/2021\/05\/PDI2021_logo_header_int_600x300px.png&#8221; disabled_on=&#8221;on|on|off&#8221; _builder_version=&#8221;4.9.4&#8243; _dynamic_attributes=&#8221;title&#8221; title_font=&#8221;Kaushan Script||||||||&#8221; title_text_align=&#8221;right&#8221; title_text_color=&#8221;#f0622a&#8221; title_font_size=&#8221;50px&#8221; content_font=&#8221;|600||on|||||&#8221; content_text_align=&#8221;center&#8221; content_text_color=&#8221;#686766&#8243; content_font_size=&#8221;15px&#8221; subhead_font=&#8221;||||||||&#8221; background_color=&#8221;#ef916b&#8221; background_image=&#8221;https:\/\/pdi.ro\/2021\/wp-content\/uploads\/2021\/05\/PDI2021_header_1920x550px.jpg&#8221; background_blend=&#8221;luminosity&#8221; background_layout=&#8221;light&#8221; custom_margin=&#8221;0px||8px&#8221; custom_padding=&#8221;40px||40px||true&#8221; content_font_size_tablet=&#8221;&#8221; content_font_size_phone=&#8221;15px&#8221; content_font_size_last_edited=&#8221;on|desktop&#8221;][\/et_pb_fullwidth_header][\/et_pb_section][et_pb_section fb_built=&#8221;1&#8243; _builder_version=&#8221;3.22&#8243;][et_pb_row column_structure=&#8221;2_5,3_5&#8243; _builder_version=&#8221;3.25&#8243;][et_pb_column type=&#8221;2_5&#8243; _builder_version=&#8221;3.25&#8243; custom_padding=&#8221;|||&#8221; custom_padding__hover=&#8221;|||&#8221;][et_pb_image src=&#8221;https:\/\/pdi.ro\/2021\/wp-content\/uploads\/2021\/07\/Tuta_L_1.jpg&#8221; title_text=&#8221;Tuta_L_1&#8243; align=&#8221;center&#8221; align_tablet=&#8221;center&#8221; align_phone=&#8221;&#8221; align_last_edited=&#8221;on|desktop&#8221; _builder_version=&#8221;4.9.7&#8243; max_width=&#8221;30%&#8221; hover_enabled=&#8221;0&#8243; border_radii=&#8221;on|100px|100px|100px|100px&#8221; sticky_enabled=&#8221;0&#8243;][\/et_pb_image][\/et_pb_column][et_pb_column type=&#8221;3_5&#8243; _builder_version=&#8221;3.25&#8243; custom_padding=&#8221;|||&#8221; custom_padding__hover=&#8221;|||&#8221;][et_pb_text _builder_version=&#8221;4.9.7&#8243; hover_enabled=&#8221;0&#8243; sticky_enabled=&#8221;0&#8243;]<\/p>\n<h4><strong><span style=\"color: #ff6600;\"><\/span><\/strong><\/h4>\n<h4><strong><span style=\"color: #ff6600;\"><\/span><\/strong><\/h4>\n<h4><strong><span style=\"color: #ff6600;\"><\/span><\/strong><\/h4>\n<h4><strong><span style=\"color: #ff6600;\"><\/span><\/strong><\/h4>\n<h4><strong><span style=\"color: #ff6600;\"><\/span><\/strong><\/h4>\n<h4><strong><span style=\"color: #ff6600;\">Prof. Dr.\u00a0Tu\u021b\u0103 Liliana Lili<\/span><\/strong><br \/>\n<strong><span style=\"color: #ff6600;\">Facultatea de Medicin\u0103, Universitatea Ovidius Constan\u021ba, Rom\u00e2nia<\/span><\/strong><\/h4>\n<p><strong><span style=\"color: #ff6600;\"> <\/span><\/strong>[\/et_pb_text][\/et_pb_column][\/et_pb_row][et_pb_row _builder_version=&#8221;3.25&#8243;][et_pb_column type=&#8221;4_4&#8243; _builder_version=&#8221;3.25&#8243; custom_padding=&#8221;|||&#8221; custom_padding__hover=&#8221;|||&#8221;][et_pb_text _builder_version=&#8221;4.9.7&#8243; hover_enabled=&#8221;0&#8243; sticky_enabled=&#8221;0&#8243;]<\/p>\n<p style=\"text-align: justify;\"><span style=\"color: #ff6600;\">Impactul afect\u0103rii renale asupra evolu\u021biei \u0219i terapiei bolilor de \u021besut conjunctiv<br \/>Liliana-Ana Tu\u021b\u01031, Claudia Mihailov\u00b9, Emma Gheorghe2<\/span><br \/>1Departamentul Discipline Clinice Medicale, Facultatea de Medicin\u0103, Universitatea Ovidius Constan\u021ba, Rom\u00e2nia<br \/>2Departamentul Discipline Preclinice, Facultatea de Medicin\u0103, Universitatea &#8220;Ovidius&#8221; Constan\u021ba, Rom\u00e2nia<\/p>\n<p style=\"text-align: justify;\">Cuvinte cheie: afectare renal\u0103, boli de \u021besut conjunctiv, punc\u021bie renal\u0103, lupus eritematos sistemic, boala mixt\u0103 de \u021besut conjunctiv<\/p>\n<p style=\"text-align: justify;\">Afectarea renal\u0103 este frecvent semnalat\u0103 \u00een bolile \u021besutului conjunctiv, sub forma unei mari variet\u0103\u021bi de leziuni glomerulare, tubulointerstitiale, vasculare sau mixte ale rinichiului, decelabile la punc\u021bia-biopsie renal\u0103. Cu toate acestea, informa\u021biile, chiar \u0219i cele mai recente sunt limitate cu privire la leziunile renale \u00een bolile \u021besutului conjunctiv, cu excep\u021bia lupusului eritematos sistemic (LES).<br \/>\u00cen prima parte a prezent\u0103rii vom trece \u00een revist\u0103 afectarea renal\u0103 \u00een bolile autoimune ale \u021besutului conjunctiv: lupus eritematos sistemic, artrit\u0103 reumatoid\u0103, scleroz\u0103 sistemic\u0103, sindrom Sj\u00f6gren, polimiozit\u0103\/dermatomiozit\u0103, dar \u0219i boala mixt\u0103 de \u021besut conjunctiv. Subliniem faptul c\u0103 manifest\u0103rile renale pot fi foarte variabile: de la hematurie microscopic\u0103 \u0219i\/sau proteinurie asimptomatic\u0103, p\u00e2n\u0103 la sindrom nefritic\/nefrotic sau vasculit\u0103 rapid progresiv\u0103.<br \/>Deseori, afectarea renal\u0103 este determinat\u0103 de tratamentul bolii de \u021besut conjunctiv \u0219i poate reprezenta o cauz\u0103 major\u0103 de morbiditate \u0219i mortalitate. De aceea, este important ca dermatologii, reumatologii \u0219i nefrologii s\u0103 monitorizeze \u0219i s\u0103 ajusteze terapia acestor pacien\u021bi, \u00een echip\u0103 multidisciplinar\u0103, \u0219tiind faptul c\u0103 disfunc\u021bia renal\u0103 poate apare \u00een contextul bolii autoimune primare sau este o consecin\u021b\u0103 a farmacoterapiei sale. \u00cen ambele situa\u021bii, apari\u021bia bolii cronice de rinichi impune, de multe ori, ajustarea dozelor medicamentoase \u0219i chiar \u00eengustarea spectrului terapeutic, cu impact negativ asupra prognosticului pacientului, c\u00e2t \u0219i asupra speran\u021bei \u0219i calit\u0103\u021bii vie\u021bii acestuia.<\/p>\n<p style=\"text-align: justify;\"><span style=\"color: #ff6600;\">Impact of kidney dysfunction in connective tissue diseases<br \/>Liliana-Ana Tu\u021b\u01031, Claudia Mihailov\u00b9, Emma Gheorghe2<\/span><br \/>1Department of Medical Clinical Disciplines, Faculty of Medicine, Ovidius University Constan\u021ba, Romania<br \/>2Department of Preclinical Disciplines, Faculty of Medicine, Ovidius University Constan\u021ba, Romania<\/p>\n<p style=\"text-align: justify;\">Keywords: renal involvement, connective tissue disease, renal biopsy, systemic lupus erythematosus, mixed connective tissue disease<\/p>\n<p style=\"text-align: justify;\">Renal impairment is frequently reported in connective tissue diseases, in the form of a wide variety of glomerular, tubulointerstitial, vascular or mixed kidney lesions, detectable by kidney biopsy. However, even the most recent information is limited on kidney damage in connective tissue diseases, excepting systemic lupus erythematosus (SLE).<br \/>In the first part of our presentation, we will review the involvement of the kidneys in autoimmune connective tissue diseases: systemic lupus erythematosus, rheumatoid arthritis, systemic sclerosis, Sj\u00f6gren&#8217;s syndrome, polymyositis\/dermatomyositis and mixed connective tissue disease (MCTD). We emphasize that the renal manifestations can be very variable: from microscopic hematuria and\/or asymptomatic proteinuria, to nephritic\/nephrotic syndrome or rapidly progressive vasculitis.<br \/>Frequently, kidney damage is caused by the treatment of connective tissue disease itself and can be a major cause of morbidity and mortality. Therefore, it is important that dermatologists, rheumatologists and nephrologists monitor and adjust the therapy of these patients in a multidisciplinary team, knowing that renal dysfunction may occur in the context of primary autoimmune disease or is a consequence of its pharmacotherapy. In both cases, the onset of chronic kidney disease often requires adjustment of drug doses and even narrowing of the therapeutic spectrum, with a negative impact on the patient&#8217;s prognosis, as well as on his life expectancy and quality of life.<\/p>\n<p style=\"text-align: justify;\"><span style=\"color: #ff6600;\">Scurt CV<\/span><\/p>\n<p style=\"text-align: justify;\">Prof. Univ. Dr. Habil.<br \/>Medic primar medicin\u0103 intern\u0103 si nefrologie<br \/>Doctor \u00een medicin\u0103<br \/>Medic-\u0219ef Sec\u021bie Clinic\u0103 Nefrologie Spital Clinic Jude\u021bean de Urgen\u021b\u0103 Constan\u021ba<br \/>Pre\u0219edintele Comisiei de Nefrologie a Ministerului S\u0103n\u0103t\u0103\u021bii (2019- prezent)<\/p>\n<p><strong>Afiliere profesional\u0103:<\/strong><br \/>Societatea Rom\u00e2n\u0103 de Nefrologie (SRN)- Pre\u0219edinte SRN (2017-2019)<br \/>Societatea Rom\u00e2n\u0103 de Medicin\u0103 Intern\u0103 (SRMI)<br \/>Asocia\u021bia European\u0103 de Nefrologie, Dializ\u0103 \u0219i Transplant renal (ERA-ADTA)<br \/>Societatea Interna\u021bional\u0103 de Nefrologie (ISN)<br \/>Societatea American\u0103 de Nefrologie (ASN)<\/p>\n<p>[\/et_pb_text][\/et_pb_column][\/et_pb_row][\/et_pb_section][et_pb_section fb_built=&#8221;1&#8243; _builder_version=&#8221;4.9.6&#8243; background_color=&#8221;rgba(117,194,33,0.23)&#8221; background_image=&#8221;https:\/\/pdi.ro\/2021\/wp-content\/uploads\/2021\/05\/PDI2021_header_1920x550px.jpg&#8221; background_blend=&#8221;multiply&#8221; custom_padding=&#8221;54px|0px|0|0px|false|false&#8221; top_divider_style=&#8221;waves2&#8243; top_divider_color=&#8221;#ffffff&#8221; top_divider_height=&#8221;155px&#8221; top_divider_height_tablet=&#8221;&#8221; top_divider_height_phone=&#8221;97px&#8221; top_divider_height_last_edited=&#8221;on|desktop&#8221; bottom_divider_style=&#8221;waves2&#8243; bottom_divider_color=&#8221;#75c221&#8243; bottom_divider_flip=&#8221;vertical&#8221; bottom_divider_height_tablet=&#8221;&#8221; bottom_divider_height_phone=&#8221;59px&#8221; bottom_divider_height_last_edited=&#8221;on|desktop&#8221; global_module=&#8221;9177&#8243; saved_tabs=&#8221;all&#8221;][et_pb_row column_structure=&#8221;3_5,2_5&#8243; _builder_version=&#8221;3.25&#8243; custom_padding=&#8221;61px|0px|69px|0px|false|false&#8221;][et_pb_column type=&#8221;3_5&#8243; _builder_version=&#8221;3.25&#8243; custom_padding=&#8221;|||&#8221; custom_padding__hover=&#8221;|||&#8221;][et_pb_text _builder_version=&#8221;4.9.4&#8243; text_font=&#8221;Kaushan Script||||||||&#8221; text_text_color=&#8221;#f0622a&#8221; text_font_size=&#8221;30px&#8221; text_line_height=&#8221;1.2em&#8221; header_font=&#8221;||||||||&#8221; background_layout=&#8221;dark&#8221; text_font_size_tablet=&#8221;&#8221; text_font_size_phone=&#8221;&#8221; text_font_size_last_edited=&#8221;on|desktop&#8221;]<\/p>\n<p>Contacteaz\u0103 operatorul PDI 2021<\/p>\n<p>[\/et_pb_text][et_pb_contact_form email=&#8221;contact@pdi.ro\/2021\/2019&#8243; submit_button_text=&#8221;Trimite mesajul&#8221; _builder_version=&#8221;4.9.4&#8243; title_font=&#8221;||||||||&#8221; custom_button=&#8221;on&#8221; button_text_color=&#8221;#F0622A&#8221;][et_pb_contact_field field_id=&#8221;Name&#8221; field_title=&#8221;Nume&#8221; _builder_version=&#8221;3.18.9&#8243; button_text_size__hover_enabled=&#8221;off&#8221; button_one_text_size__hover_enabled=&#8221;off&#8221; button_two_text_size__hover_enabled=&#8221;off&#8221; button_text_color__hover_enabled=&#8221;off&#8221; button_one_text_color__hover_enabled=&#8221;off&#8221; button_two_text_color__hover_enabled=&#8221;off&#8221; button_border_width__hover_enabled=&#8221;off&#8221; button_one_border_width__hover_enabled=&#8221;off&#8221; button_two_border_width__hover_enabled=&#8221;off&#8221; button_border_color__hover_enabled=&#8221;off&#8221; button_one_border_color__hover_enabled=&#8221;off&#8221; button_two_border_color__hover_enabled=&#8221;off&#8221; button_border_radius__hover_enabled=&#8221;off&#8221; button_one_border_radius__hover_enabled=&#8221;off&#8221; button_two_border_radius__hover_enabled=&#8221;off&#8221; button_letter_spacing__hover_enabled=&#8221;off&#8221; button_one_letter_spacing__hover_enabled=&#8221;off&#8221; button_two_letter_spacing__hover_enabled=&#8221;off&#8221; button_bg_color__hover_enabled=&#8221;off&#8221; button_one_bg_color__hover_enabled=&#8221;off&#8221; button_two_bg_color__hover_enabled=&#8221;off&#8221;][\/et_pb_contact_field][et_pb_contact_field field_id=&#8221;Email&#8221; field_title=&#8221;Adresa de e-mail&#8221; field_type=&#8221;email&#8221; _builder_version=&#8221;3.19.4&#8243; button_text_size__hover_enabled=&#8221;off&#8221; button_one_text_size__hover_enabled=&#8221;off&#8221; button_two_text_size__hover_enabled=&#8221;off&#8221; button_text_color__hover_enabled=&#8221;off&#8221; button_one_text_color__hover_enabled=&#8221;off&#8221; button_two_text_color__hover_enabled=&#8221;off&#8221; button_border_width__hover_enabled=&#8221;off&#8221; button_one_border_width__hover_enabled=&#8221;off&#8221; button_two_border_width__hover_enabled=&#8221;off&#8221; button_border_color__hover_enabled=&#8221;off&#8221; button_one_border_color__hover_enabled=&#8221;off&#8221; button_two_border_color__hover_enabled=&#8221;off&#8221; button_border_radius__hover_enabled=&#8221;off&#8221; button_one_border_radius__hover_enabled=&#8221;off&#8221; button_two_border_radius__hover_enabled=&#8221;off&#8221; button_letter_spacing__hover_enabled=&#8221;off&#8221; button_one_letter_spacing__hover_enabled=&#8221;off&#8221; button_two_letter_spacing__hover_enabled=&#8221;off&#8221; button_bg_color__hover_enabled=&#8221;off&#8221; button_one_bg_color__hover_enabled=&#8221;off&#8221; button_two_bg_color__hover_enabled=&#8221;off&#8221;][\/et_pb_contact_field][et_pb_contact_field field_id=&#8221;Message&#8221; field_title=&#8221;Mesajul dvs.&#8221; field_type=&#8221;text&#8221; fullwidth_field=&#8221;on&#8221; _builder_version=&#8221;3.18.9&#8243; button_text_size__hover_enabled=&#8221;off&#8221; button_one_text_size__hover_enabled=&#8221;off&#8221; button_two_text_size__hover_enabled=&#8221;off&#8221; button_text_color__hover_enabled=&#8221;off&#8221; button_one_text_color__hover_enabled=&#8221;off&#8221; button_two_text_color__hover_enabled=&#8221;off&#8221; button_border_width__hover_enabled=&#8221;off&#8221; button_one_border_width__hover_enabled=&#8221;off&#8221; button_two_border_width__hover_enabled=&#8221;off&#8221; button_border_color__hover_enabled=&#8221;off&#8221; button_one_border_color__hover_enabled=&#8221;off&#8221; button_two_border_color__hover_enabled=&#8221;off&#8221; button_border_radius__hover_enabled=&#8221;off&#8221; button_one_border_radius__hover_enabled=&#8221;off&#8221; button_two_border_radius__hover_enabled=&#8221;off&#8221; button_letter_spacing__hover_enabled=&#8221;off&#8221; button_one_letter_spacing__hover_enabled=&#8221;off&#8221; button_two_letter_spacing__hover_enabled=&#8221;off&#8221; button_bg_color__hover_enabled=&#8221;off&#8221; button_one_bg_color__hover_enabled=&#8221;off&#8221; button_two_bg_color__hover_enabled=&#8221;off&#8221;][\/et_pb_contact_field][\/et_pb_contact_form][\/et_pb_column][et_pb_column type=&#8221;2_5&#8243; _builder_version=&#8221;3.25&#8243; custom_padding=&#8221;|||&#8221; custom_padding__hover=&#8221;|||&#8221;][et_pb_text _builder_version=&#8221;4.9.4&#8243; text_font=&#8221;Kaushan Script||||||||&#8221; text_text_color=&#8221;#f0622a&#8221; text_font_size=&#8221;30px&#8221; header_font=&#8221;||||||||&#8221; background_layout=&#8221;dark&#8221;]<\/p>\n<p>Operatorul PDI 2021<\/p>\n<p>[\/et_pb_text][et_pb_text _builder_version=&#8221;4.0.11&#8243; text_font=&#8221;||||||||&#8221;]<\/p>\n<p><span><img loading=\"lazy\" decoding=\"async\" src=\"https:\/\/pdi.ro\/2021\/wp-content\/uploads\/2020\/02\/eventer_logo_150px.png\" width=\"151\" height=\"33\" alt=\"\" class=\"wp-image-774 alignleft size-full\" \/><\/span><\/p>\n<p><span><\/span><\/p>\n<p><span><\/span><\/p>\n<p><span>Adresa: Str. A. Panu nr. 13, Iasi<\/span><br \/> <span>Tel.: 0332.40.88.00-05<\/span><br \/> <span>E-mail: <a href=\"mailto:inscrieri@primaderma.ro\" target=\"_blank\" rel=\"noopener noreferrer\">inscrieri@primaderma.ro<\/a><br \/> <\/span><span>Website:\u00a0<\/span><a href=\"http:\/\/www.eventernet.ro\/\" target=\"Blank\" rel=\"noopener noreferrer\">www.eventernet.ro<\/a><\/p>\n<p>[\/et_pb_text][et_pb_text disabled_on=&#8221;off|off|off&#8221; _builder_version=&#8221;4.0.11&#8243; text_font=&#8221;Kaushan Script||||||||&#8221; text_text_color=&#8221;#f0622a&#8221; text_font_size=&#8221;30px&#8221; header_font=&#8221;||||||||&#8221; background_layout=&#8221;dark&#8221; locked=&#8221;off&#8221;]<\/p>\n<p>Parteneri Media<\/p>\n<p>[\/et_pb_text][et_pb_gallery gallery_ids=&#8221;7203,7204,9252,9464&#8243; fullwidth=&#8221;on&#8221; _builder_version=&#8221;4.9.6&#8243; transform_scale=&#8221;86%|86%&#8221; max_width=&#8221;63%&#8221; auto=&#8221;on&#8221; auto_speed=&#8221;3500&#8243; hover_transition_duration=&#8221;100ms&#8221; hover_transition_delay=&#8221;50ms&#8221; hover_transition_speed_curve=&#8221;ease-in-out&#8221; locked=&#8221;off&#8221;][\/et_pb_gallery][\/et_pb_column][\/et_pb_row][\/et_pb_section]<\/p>\n","protected":false},"excerpt":{"rendered":"<p>Prof. Dr.\u00a0Tu\u021b\u0103 Liliana Lili Facultatea de Medicin\u0103, Universitatea Ovidius Constan\u021ba, Rom\u00e2nia Impactul afect\u0103rii renale asupra evolu\u021biei \u0219i terapiei bolilor de \u021besut conjunctivLiliana-Ana Tu\u021b\u01031, Claudia Mihailov\u00b9, Emma Gheorghe21Departamentul Discipline Clinice Medicale, Facultatea de Medicin\u0103, Universitatea Ovidius Constan\u021ba, Rom\u00e2nia2Departamentul Discipline Preclinice, Facultatea de Medicin\u0103, Universitatea &#8220;Ovidius&#8221; Constan\u021ba, Rom\u00e2nia Cuvinte cheie: afectare renal\u0103, boli de \u021besut conjunctiv, punc\u021bie [&hellip;]<\/p>\n","protected":false},"author":2,"featured_media":0,"parent":0,"menu_order":0,"comment_status":"closed","ping_status":"closed","template":"","meta":{"_et_pb_use_builder":"on","_et_pb_old_content":"","_et_gb_content_width":"","footnotes":""},"class_list":["post-10100","page","type-page","status-publish","hentry"],"_links":{"self":[{"href":"https:\/\/pdi.ro\/2021\/wp-json\/wp\/v2\/pages\/10100","targetHints":{"allow":["GET"]}}],"collection":[{"href":"https:\/\/pdi.ro\/2021\/wp-json\/wp\/v2\/pages"}],"about":[{"href":"https:\/\/pdi.ro\/2021\/wp-json\/wp\/v2\/types\/page"}],"author":[{"embeddable":true,"href":"https:\/\/pdi.ro\/2021\/wp-json\/wp\/v2\/users\/2"}],"replies":[{"embeddable":true,"href":"https:\/\/pdi.ro\/2021\/wp-json\/wp\/v2\/comments?post=10100"}],"version-history":[{"count":3,"href":"https:\/\/pdi.ro\/2021\/wp-json\/wp\/v2\/pages\/10100\/revisions"}],"predecessor-version":[{"id":10104,"href":"https:\/\/pdi.ro\/2021\/wp-json\/wp\/v2\/pages\/10100\/revisions\/10104"}],"wp:attachment":[{"href":"https:\/\/pdi.ro\/2021\/wp-json\/wp\/v2\/media?parent=10100"}],"curies":[{"name":"wp","href":"https:\/\/api.w.org\/{rel}","templated":true}]}}