{"id":10112,"date":"2021-07-07T14:40:08","date_gmt":"2021-07-07T12:40:08","guid":{"rendered":"https:\/\/primaderma.ro\/?page_id=10112"},"modified":"2021-07-07T14:40:08","modified_gmt":"2021-07-07T12:40:08","slug":"dr-vidan-popa-mihaela","status":"publish","type":"page","link":"https:\/\/pdi.ro\/2021\/dr-vidan-popa-mihaela\/","title":{"rendered":"Dr.\u00a0Vidan Popa Mihaela"},"content":{"rendered":"<p>[et_pb_section fb_built=&#8221;1&#8243; fullwidth=&#8221;on&#8221; disabled_on=&#8221;on|off|off&#8221; _builder_version=&#8221;3.22&#8243; custom_margin=&#8221;||&#8221; custom_padding=&#8221;15px||29px&#8221; top_divider_style=&#8221;waves2&#8243; top_divider_color=&#8221;#f0622a&#8221; top_divider_flip=&#8221;horizontal|vertical&#8221; bottom_divider_style=&#8221;waves2&#8243; bottom_divider_color=&#8221;#fcdedb&#8221; bottom_divider_height=&#8221;105px&#8221; bottom_divider_flip=&#8221;vertical&#8221; global_module=&#8221;9062&#8243; collapsed=&#8221;off&#8221;][et_pb_fullwidth_header title=&#8221;@ET-DC@eyJkeW5hbWljIjp0cnVlLCJjb250ZW50IjoicG9zdF90aXRsZSIsInNldHRpbmdzIjp7ImJlZm9yZSI6IiIsImFmdGVyIjoiIn19@&#8221; text_orientation=&#8221;right&#8221; header_image_url=&#8221;https:\/\/pdi.ro\/2021\/wp-content\/uploads\/2021\/05\/PDI2021_logo_header_int_600x300px.png&#8221; disabled_on=&#8221;on|on|off&#8221; _builder_version=&#8221;4.9.4&#8243; _dynamic_attributes=&#8221;title&#8221; title_font=&#8221;Kaushan Script||||||||&#8221; title_text_align=&#8221;right&#8221; title_text_color=&#8221;#f0622a&#8221; title_font_size=&#8221;50px&#8221; content_font=&#8221;|600||on|||||&#8221; content_text_align=&#8221;center&#8221; content_text_color=&#8221;#686766&#8243; content_font_size=&#8221;15px&#8221; subhead_font=&#8221;||||||||&#8221; background_color=&#8221;#ef916b&#8221; background_image=&#8221;https:\/\/pdi.ro\/2021\/wp-content\/uploads\/2021\/05\/PDI2021_header_1920x550px.jpg&#8221; background_blend=&#8221;luminosity&#8221; background_layout=&#8221;light&#8221; custom_margin=&#8221;0px||8px&#8221; custom_padding=&#8221;40px||40px||true&#8221; content_font_size_tablet=&#8221;&#8221; content_font_size_phone=&#8221;15px&#8221; content_font_size_last_edited=&#8221;on|desktop&#8221;][\/et_pb_fullwidth_header][\/et_pb_section][et_pb_section fb_built=&#8221;1&#8243; _builder_version=&#8221;3.22&#8243; locked=&#8221;off&#8221;][et_pb_row column_structure=&#8221;2_5,3_5&#8243; _builder_version=&#8221;3.25&#8243;][et_pb_column type=&#8221;2_5&#8243; _builder_version=&#8221;3.25&#8243; custom_padding=&#8221;|||&#8221; custom_padding__hover=&#8221;|||&#8221;][et_pb_image src=&#8221;https:\/\/pdi.ro\/2021\/wp-content\/uploads\/2021\/07\/Vidan-Popa_1.jpg&#8221; title_text=&#8221;Vidan Popa_1&#8243; align=&#8221;center&#8221; align_tablet=&#8221;center&#8221; align_phone=&#8221;&#8221; align_last_edited=&#8221;on|desktop&#8221; _builder_version=&#8221;4.9.7&#8243; max_width=&#8221;31%&#8221; hover_enabled=&#8221;0&#8243; border_radii=&#8221;on|100px|100px|100px|100px&#8221; sticky_enabled=&#8221;0&#8243;][\/et_pb_image][\/et_pb_column][et_pb_column type=&#8221;3_5&#8243; _builder_version=&#8221;3.25&#8243; custom_padding=&#8221;|||&#8221; custom_padding__hover=&#8221;|||&#8221;][et_pb_text _builder_version=&#8221;4.9.7&#8243; hover_enabled=&#8221;0&#8243; sticky_enabled=&#8221;0&#8243;]<\/p>\n<h4><strong><span style=\"color: #ff6600;\"><\/span><\/strong><\/h4>\n<h4><strong><span style=\"color: #ff6600;\"><\/span><\/strong><\/h4>\n<h4><strong><span style=\"color: #ff6600;\"><\/span><\/strong><\/h4>\n<h4><strong><span style=\"color: #ff6600;\">Dr.\u00a0Vidan Popa Mihaela<\/span><\/strong><br \/>\n<strong><span style=\"color: #ff6600;\">Hyperclinica MedLife Grivita, Bucure\u0219ti<\/span><\/strong><\/h4>\n<p>[\/et_pb_text][\/et_pb_column][\/et_pb_row][et_pb_row _builder_version=&#8221;3.25&#8243;][et_pb_column type=&#8221;4_4&#8243; _builder_version=&#8221;3.25&#8243; custom_padding=&#8221;|||&#8221; custom_padding__hover=&#8221;|||&#8221;][et_pb_text _builder_version=&#8221;4.9.7&#8243; hover_enabled=&#8221;0&#8243; sticky_enabled=&#8221;0&#8243;]<\/p>\n<p style=\"text-align: justify;\"><span style=\"color: #ff6600;\">Utilizarea alogrefelor cutanate \u00een managementul r\u0103nilor extinse<\/span><br \/><span style=\"color: #ff6600;\">Autori: Liliana Gabriela Popa1,2, C\u0103lin Giurc\u0103neanu1,2, Mihaela Vidan Popa3, Mara M\u0103d\u0103lina Mihai1,2 <\/span><br \/>1Departamentul de Dermatologie, Spitalul Universitar de Urgen\u021b\u0103 Elias, Bucure\u0219ti, Rom\u00e2nia<br \/>2Departamentul de Dermatologie, Universitatea de Medicin\u0103 \u0219i Farmacie &#8220;Carol Davila&#8221;, Bucure\u0219ti, Rom\u00e2nia<br \/>3Departamentul de Dermatologie, Hyperclinica MedLife Grivita, Bucure\u0219ti, Rom\u00e2nia<\/p>\n<p style=\"text-align: justify;\">Grefarea cutanat\u0103 este un element cheie \u00een managementul r\u0103nilor extinse. De\u0219i acoperirea definitiv\u0103 a r\u0103nilor cu gref\u0103 de pilele autolog\u0103 este \u021binta final\u0103, acest scenariu nu este realist de cele mai multe ori, datorit\u0103 limit\u0103rii disponibilita\u021bii de piele autolog\u0103. De aceea, substituen\u021bii sintetici sau biologici cutana\u021bi sunt necesari \u00een vederea acoperirii temporare a r\u0103nilor extinse. Printre acestea, alogrefele cutanate cadaverice r\u0103m\u00e2n ca prim\u0103 alternativ\u0103 datorit\u0103 numeroaselor avantaje. Acestea scad pierderea apei, proteinelor \u0219i electroli\u021bilor, \u00eembun\u0103t\u0103\u021besc termoreglarea, reduc durerea \u0219i diminueaz\u0103 riscul de infec\u021bii cutanate. Mai mult, \u00eembun\u0103t\u0103\u021besc autogrefarea succesiv\u0103, stimul\u00e2nd epitelizarea \u0219i preg\u0103tind patul de grefare. Cur\u0103\u021barea promt\u0103 a pielii marilor ar\u0219i \u0219i acoperirea cu piele alogrefat\u0103, reduce semnificativ mortalitatea \u0219i scurteaz\u0103 perioada de spitalizare.<br \/>Cercet\u0103rile viitoare ar trebui sa evalueze dezvantajele actuale asociate cu utilizarea alogrefelor cutanate, \u00een special disponibilitatea limitat\u0103 a acestora, antigenitatea \u00eenalt\u0103, riscul de infec\u021bii, c\u00e2t \u0219i optimizarea tehnicilor de procesare \u0219i depozitare.<\/p>\n<p style=\"text-align: justify;\"><span style=\"color: #ff6600;\">The use of cadaveric skin allografts in the management of extensive wounds<\/span><br \/><span style=\"color: #ff6600;\">Autori: Liliana Gabriela Popa1,2, C\u0103lin Giurc\u0103neanu1,2, Mihaela Vidan Popa3, Mara M\u0103d\u0103lina Mihai1,2<\/span><br \/>1Department of Dermatology, Elias Emergency University Hospital, Bucharest, Romania<br \/>2Department of Dermatology, Carol Davila University of Medicine and Pharmacy, Bucharest, Romania<br \/>3Department of Dermatology, Hyperclinic Medlife Grivita, Bucharest<\/p>\n<p style=\"text-align: justify;\">Skin grafting is a major element in the management of extensive wounds. Although the permanent closure of extensive wounds using autologous skin grafts is the gold standard, this scenario is rarely feasible due to the limited availability of autograft skin in these patients. Hence, biological or synthetic skin substitutes are necessary for the temporary coverage of massive wounds. Among these, cadaveric skin allografts remain the first choice due to their numerous advantages. They reduce the loss of water, proteins and electrolytes, improve thermoregulation, reduce pain and lower the risk of wound infection. Furthermore, they improve subsequent autograft take by stimulating epithelization and preparing the wound bed. Prompt excision of massive burn wounds and temporary coverage with allograft skin significantly reduces mortality and shortens hospitalization.<br \/>Future research must address the current disadvantages associated with the use of allograft skin, mainly the limited availability, high antigenicity, risk of infection transmission, as well as optimization of the processing and storage techniques.<\/p>\n<p style=\"text-align: justify;\"><span style=\"color: #ff6600;\">Scurt CV<\/span><\/p>\n<p style=\"text-align: justify;\">Absolvent\u0103 a Facult\u0103\u021bii de Medicin\u0103 General\u0103, Universitatea de Medicin\u0103 \u0219i Farmacie Craiova, \u00een anul 1999.<br \/>\u0218i-a efectuat reziden\u021biatul \u00een specialitatea Dermato-Venerologie \u00een Spitalul Elias Bucure\u0219ti, sub \u00eendrumarea Prof. C\u0103lin Giurc\u0103neanu. De atunci p\u00e2n\u0103 \u00een prezent, \u0219i-a desf\u0103\u0219urat activitatea ca medic specialist, ulterior medic primar, \u00een Hyperclinica Medlife Grivi\u021ba Bucure\u0219ti.<br \/>Ariile de interes sunt dermato-patologia, acces\u00e2nd cursul de \u201eDermatopatologie Diagnostic\u0103\u201d acreditat de London Royal Collage of Pathologist in 2015, precum \u0219i dermato-chirurgia \u0219i dermato-estetic\u0103.<br \/>Este membr\u0103 a Societ\u0103\u021bii Europene de Dermato-Venerologie (EADV), a Societ\u0103\u021bii Rom\u00e2ne de Dermato-Venerologie \u0219i a Prim\u0103verii Ie\u0219ene.<br \/>Are competen\u021b\u0103 \u00een chirurgie dermatologic\u0103, dermatoscopie \u0219i dermatologie estetic\u0103, av\u00e2nd experien\u021b\u0103 \u00een augmentarea cu fillere de umplere, inject\u0103ri toxin\u0103 botulinic\u0103, peelinguri chimice, tratamente de re\u00eentinerire cu laser, mezoterapie \u0219i liftare cu fire.<\/p>\n<p>[\/et_pb_text][\/et_pb_column][\/et_pb_row][\/et_pb_section][et_pb_section fb_built=&#8221;1&#8243; _builder_version=&#8221;4.9.6&#8243; background_color=&#8221;rgba(117,194,33,0.23)&#8221; background_image=&#8221;https:\/\/pdi.ro\/2021\/wp-content\/uploads\/2021\/05\/PDI2021_header_1920x550px.jpg&#8221; background_blend=&#8221;multiply&#8221; custom_padding=&#8221;54px|0px|0|0px|false|false&#8221; top_divider_style=&#8221;waves2&#8243; top_divider_color=&#8221;#ffffff&#8221; top_divider_height=&#8221;155px&#8221; top_divider_height_tablet=&#8221;&#8221; top_divider_height_phone=&#8221;97px&#8221; top_divider_height_last_edited=&#8221;on|desktop&#8221; bottom_divider_style=&#8221;waves2&#8243; bottom_divider_color=&#8221;#75c221&#8243; bottom_divider_flip=&#8221;vertical&#8221; bottom_divider_height_tablet=&#8221;&#8221; bottom_divider_height_phone=&#8221;59px&#8221; bottom_divider_height_last_edited=&#8221;on|desktop&#8221; global_module=&#8221;9177&#8243; saved_tabs=&#8221;all&#8221;][et_pb_row column_structure=&#8221;3_5,2_5&#8243; _builder_version=&#8221;3.25&#8243; custom_padding=&#8221;61px|0px|69px|0px|false|false&#8221;][et_pb_column type=&#8221;3_5&#8243; _builder_version=&#8221;3.25&#8243; custom_padding=&#8221;|||&#8221; custom_padding__hover=&#8221;|||&#8221;][et_pb_text _builder_version=&#8221;4.9.4&#8243; text_font=&#8221;Kaushan Script||||||||&#8221; text_text_color=&#8221;#f0622a&#8221; text_font_size=&#8221;30px&#8221; text_line_height=&#8221;1.2em&#8221; header_font=&#8221;||||||||&#8221; background_layout=&#8221;dark&#8221; text_font_size_tablet=&#8221;&#8221; text_font_size_phone=&#8221;&#8221; text_font_size_last_edited=&#8221;on|desktop&#8221;]<\/p>\n<p>Contacteaz\u0103 operatorul PDI 2021<\/p>\n<p>[\/et_pb_text][et_pb_contact_form email=&#8221;contact@pdi.ro\/2021\/2019&#8243; submit_button_text=&#8221;Trimite mesajul&#8221; _builder_version=&#8221;4.9.4&#8243; title_font=&#8221;||||||||&#8221; custom_button=&#8221;on&#8221; button_text_color=&#8221;#F0622A&#8221;][et_pb_contact_field field_id=&#8221;Name&#8221; field_title=&#8221;Nume&#8221; _builder_version=&#8221;3.18.9&#8243; button_text_size__hover_enabled=&#8221;off&#8221; button_one_text_size__hover_enabled=&#8221;off&#8221; button_two_text_size__hover_enabled=&#8221;off&#8221; button_text_color__hover_enabled=&#8221;off&#8221; button_one_text_color__hover_enabled=&#8221;off&#8221; button_two_text_color__hover_enabled=&#8221;off&#8221; button_border_width__hover_enabled=&#8221;off&#8221; button_one_border_width__hover_enabled=&#8221;off&#8221; button_two_border_width__hover_enabled=&#8221;off&#8221; button_border_color__hover_enabled=&#8221;off&#8221; button_one_border_color__hover_enabled=&#8221;off&#8221; button_two_border_color__hover_enabled=&#8221;off&#8221; button_border_radius__hover_enabled=&#8221;off&#8221; button_one_border_radius__hover_enabled=&#8221;off&#8221; button_two_border_radius__hover_enabled=&#8221;off&#8221; button_letter_spacing__hover_enabled=&#8221;off&#8221; button_one_letter_spacing__hover_enabled=&#8221;off&#8221; button_two_letter_spacing__hover_enabled=&#8221;off&#8221; button_bg_color__hover_enabled=&#8221;off&#8221; button_one_bg_color__hover_enabled=&#8221;off&#8221; button_two_bg_color__hover_enabled=&#8221;off&#8221;][\/et_pb_contact_field][et_pb_contact_field field_id=&#8221;Email&#8221; field_title=&#8221;Adresa de e-mail&#8221; field_type=&#8221;email&#8221; _builder_version=&#8221;3.19.4&#8243; button_text_size__hover_enabled=&#8221;off&#8221; button_one_text_size__hover_enabled=&#8221;off&#8221; button_two_text_size__hover_enabled=&#8221;off&#8221; button_text_color__hover_enabled=&#8221;off&#8221; button_one_text_color__hover_enabled=&#8221;off&#8221; button_two_text_color__hover_enabled=&#8221;off&#8221; button_border_width__hover_enabled=&#8221;off&#8221; button_one_border_width__hover_enabled=&#8221;off&#8221; button_two_border_width__hover_enabled=&#8221;off&#8221; button_border_color__hover_enabled=&#8221;off&#8221; button_one_border_color__hover_enabled=&#8221;off&#8221; button_two_border_color__hover_enabled=&#8221;off&#8221; button_border_radius__hover_enabled=&#8221;off&#8221; button_one_border_radius__hover_enabled=&#8221;off&#8221; button_two_border_radius__hover_enabled=&#8221;off&#8221; button_letter_spacing__hover_enabled=&#8221;off&#8221; button_one_letter_spacing__hover_enabled=&#8221;off&#8221; button_two_letter_spacing__hover_enabled=&#8221;off&#8221; button_bg_color__hover_enabled=&#8221;off&#8221; button_one_bg_color__hover_enabled=&#8221;off&#8221; button_two_bg_color__hover_enabled=&#8221;off&#8221;][\/et_pb_contact_field][et_pb_contact_field field_id=&#8221;Message&#8221; field_title=&#8221;Mesajul dvs.&#8221; field_type=&#8221;text&#8221; fullwidth_field=&#8221;on&#8221; _builder_version=&#8221;3.18.9&#8243; button_text_size__hover_enabled=&#8221;off&#8221; button_one_text_size__hover_enabled=&#8221;off&#8221; button_two_text_size__hover_enabled=&#8221;off&#8221; button_text_color__hover_enabled=&#8221;off&#8221; button_one_text_color__hover_enabled=&#8221;off&#8221; button_two_text_color__hover_enabled=&#8221;off&#8221; button_border_width__hover_enabled=&#8221;off&#8221; button_one_border_width__hover_enabled=&#8221;off&#8221; button_two_border_width__hover_enabled=&#8221;off&#8221; button_border_color__hover_enabled=&#8221;off&#8221; button_one_border_color__hover_enabled=&#8221;off&#8221; button_two_border_color__hover_enabled=&#8221;off&#8221; button_border_radius__hover_enabled=&#8221;off&#8221; button_one_border_radius__hover_enabled=&#8221;off&#8221; button_two_border_radius__hover_enabled=&#8221;off&#8221; button_letter_spacing__hover_enabled=&#8221;off&#8221; button_one_letter_spacing__hover_enabled=&#8221;off&#8221; button_two_letter_spacing__hover_enabled=&#8221;off&#8221; button_bg_color__hover_enabled=&#8221;off&#8221; button_one_bg_color__hover_enabled=&#8221;off&#8221; button_two_bg_color__hover_enabled=&#8221;off&#8221;][\/et_pb_contact_field][\/et_pb_contact_form][\/et_pb_column][et_pb_column type=&#8221;2_5&#8243; _builder_version=&#8221;3.25&#8243; custom_padding=&#8221;|||&#8221; custom_padding__hover=&#8221;|||&#8221;][et_pb_text _builder_version=&#8221;4.9.4&#8243; text_font=&#8221;Kaushan Script||||||||&#8221; text_text_color=&#8221;#f0622a&#8221; text_font_size=&#8221;30px&#8221; header_font=&#8221;||||||||&#8221; background_layout=&#8221;dark&#8221;]<\/p>\n<p>Operatorul PDI 2021<\/p>\n<p>[\/et_pb_text][et_pb_text _builder_version=&#8221;4.0.11&#8243; text_font=&#8221;||||||||&#8221;]<\/p>\n<p><span><img loading=\"lazy\" decoding=\"async\" src=\"https:\/\/pdi.ro\/2021\/wp-content\/uploads\/2020\/02\/eventer_logo_150px.png\" width=\"151\" height=\"33\" alt=\"\" class=\"wp-image-774 alignleft size-full\" \/><\/span><\/p>\n<p><span><\/span><\/p>\n<p><span><\/span><\/p>\n<p><span>Adresa: Str. A. Panu nr. 13, Iasi<\/span><br \/> <span>Tel.: 0332.40.88.00-05<\/span><br \/> <span>E-mail: <a href=\"mailto:inscrieri@primaderma.ro\" target=\"_blank\" rel=\"noopener noreferrer\">inscrieri@primaderma.ro<\/a><br \/> <\/span><span>Website:\u00a0<\/span><a href=\"http:\/\/www.eventernet.ro\/\" target=\"Blank\" rel=\"noopener noreferrer\">www.eventernet.ro<\/a><\/p>\n<p>[\/et_pb_text][et_pb_text disabled_on=&#8221;off|off|off&#8221; _builder_version=&#8221;4.0.11&#8243; text_font=&#8221;Kaushan Script||||||||&#8221; text_text_color=&#8221;#f0622a&#8221; text_font_size=&#8221;30px&#8221; header_font=&#8221;||||||||&#8221; background_layout=&#8221;dark&#8221; locked=&#8221;off&#8221;]<\/p>\n<p>Parteneri Media<\/p>\n<p>[\/et_pb_text][et_pb_gallery gallery_ids=&#8221;7203,7204,9252,9464&#8243; fullwidth=&#8221;on&#8221; _builder_version=&#8221;4.9.6&#8243; transform_scale=&#8221;86%|86%&#8221; max_width=&#8221;63%&#8221; auto=&#8221;on&#8221; auto_speed=&#8221;3500&#8243; hover_transition_duration=&#8221;100ms&#8221; hover_transition_delay=&#8221;50ms&#8221; hover_transition_speed_curve=&#8221;ease-in-out&#8221; locked=&#8221;off&#8221;][\/et_pb_gallery][\/et_pb_column][\/et_pb_row][\/et_pb_section]<\/p>\n","protected":false},"excerpt":{"rendered":"<p>Dr.\u00a0Vidan Popa Mihaela Hyperclinica MedLife Grivita, Bucure\u0219tiUtilizarea alogrefelor cutanate \u00een managementul r\u0103nilor extinseAutori: Liliana Gabriela Popa1,2, C\u0103lin Giurc\u0103neanu1,2, Mihaela Vidan Popa3, Mara M\u0103d\u0103lina Mihai1,2 1Departamentul de Dermatologie, Spitalul Universitar de Urgen\u021b\u0103 Elias, Bucure\u0219ti, Rom\u00e2nia2Departamentul de Dermatologie, Universitatea de Medicin\u0103 \u0219i Farmacie &#8220;Carol Davila&#8221;, Bucure\u0219ti, Rom\u00e2nia3Departamentul de Dermatologie, Hyperclinica MedLife Grivita, Bucure\u0219ti, Rom\u00e2nia Grefarea cutanat\u0103 este [&hellip;]<\/p>\n","protected":false},"author":2,"featured_media":0,"parent":0,"menu_order":0,"comment_status":"closed","ping_status":"closed","template":"","meta":{"_et_pb_use_builder":"on","_et_pb_old_content":"","_et_gb_content_width":"","footnotes":""},"class_list":["post-10112","page","type-page","status-publish","hentry"],"_links":{"self":[{"href":"https:\/\/pdi.ro\/2021\/wp-json\/wp\/v2\/pages\/10112","targetHints":{"allow":["GET"]}}],"collection":[{"href":"https:\/\/pdi.ro\/2021\/wp-json\/wp\/v2\/pages"}],"about":[{"href":"https:\/\/pdi.ro\/2021\/wp-json\/wp\/v2\/types\/page"}],"author":[{"embeddable":true,"href":"https:\/\/pdi.ro\/2021\/wp-json\/wp\/v2\/users\/2"}],"replies":[{"embeddable":true,"href":"https:\/\/pdi.ro\/2021\/wp-json\/wp\/v2\/comments?post=10112"}],"version-history":[{"count":3,"href":"https:\/\/pdi.ro\/2021\/wp-json\/wp\/v2\/pages\/10112\/revisions"}],"predecessor-version":[{"id":10116,"href":"https:\/\/pdi.ro\/2021\/wp-json\/wp\/v2\/pages\/10112\/revisions\/10116"}],"wp:attachment":[{"href":"https:\/\/pdi.ro\/2021\/wp-json\/wp\/v2\/media?parent=10112"}],"curies":[{"name":"wp","href":"https:\/\/api.w.org\/{rel}","templated":true}]}}