{"id":10117,"date":"2021-07-07T14:46:34","date_gmt":"2021-07-07T12:46:34","guid":{"rendered":"https:\/\/primaderma.ro\/?page_id=10117"},"modified":"2021-07-15T19:06:08","modified_gmt":"2021-07-15T17:06:08","slug":"asist-univ-dr-voiculescu-vlad","status":"publish","type":"page","link":"https:\/\/pdi.ro\/2021\/asist-univ-dr-voiculescu-vlad\/","title":{"rendered":"\u0218ef Lucr. Dr.\u00a0Voiculescu Vlad"},"content":{"rendered":"<p>[et_pb_section fb_built=&#8221;1&#8243; fullwidth=&#8221;on&#8221; disabled_on=&#8221;on|off|off&#8221; _builder_version=&#8221;3.22&#8243; custom_margin=&#8221;||&#8221; custom_padding=&#8221;15px||29px&#8221; top_divider_style=&#8221;waves2&#8243; top_divider_color=&#8221;#f0622a&#8221; top_divider_flip=&#8221;horizontal|vertical&#8221; bottom_divider_style=&#8221;waves2&#8243; bottom_divider_color=&#8221;#fcdedb&#8221; bottom_divider_height=&#8221;105px&#8221; bottom_divider_flip=&#8221;vertical&#8221; global_module=&#8221;9062&#8243; collapsed=&#8221;off&#8221;][et_pb_fullwidth_header title=&#8221;@ET-DC@eyJkeW5hbWljIjp0cnVlLCJjb250ZW50IjoicG9zdF90aXRsZSIsInNldHRpbmdzIjp7ImJlZm9yZSI6IiIsImFmdGVyIjoiIn19@&#8221; text_orientation=&#8221;right&#8221; header_image_url=&#8221;https:\/\/pdi.ro\/2021\/wp-content\/uploads\/2021\/05\/PDI2021_logo_header_int_600x300px.png&#8221; disabled_on=&#8221;on|on|off&#8221; _builder_version=&#8221;4.9.4&#8243; _dynamic_attributes=&#8221;title&#8221; title_font=&#8221;Kaushan Script||||||||&#8221; title_text_align=&#8221;right&#8221; title_text_color=&#8221;#f0622a&#8221; title_font_size=&#8221;50px&#8221; content_font=&#8221;|600||on|||||&#8221; content_text_align=&#8221;center&#8221; content_text_color=&#8221;#686766&#8243; content_font_size=&#8221;15px&#8221; subhead_font=&#8221;||||||||&#8221; background_color=&#8221;#ef916b&#8221; background_image=&#8221;https:\/\/pdi.ro\/2021\/wp-content\/uploads\/2021\/05\/PDI2021_header_1920x550px.jpg&#8221; background_blend=&#8221;luminosity&#8221; background_layout=&#8221;light&#8221; custom_margin=&#8221;0px||8px&#8221; custom_padding=&#8221;40px||40px||true&#8221; content_font_size_tablet=&#8221;&#8221; content_font_size_phone=&#8221;15px&#8221; content_font_size_last_edited=&#8221;on|desktop&#8221;][\/et_pb_fullwidth_header][\/et_pb_section][et_pb_section fb_built=&#8221;1&#8243; _builder_version=&#8221;3.22&#8243; locked=&#8221;off&#8221;][et_pb_row column_structure=&#8221;2_5,3_5&#8243; _builder_version=&#8221;3.25&#8243;][et_pb_column type=&#8221;2_5&#8243; _builder_version=&#8221;3.25&#8243; custom_padding=&#8221;|||&#8221; custom_padding__hover=&#8221;|||&#8221;][et_pb_image src=&#8221;https:\/\/pdi.ro\/2021\/wp-content\/uploads\/2021\/07\/Voiculescu-Vlad.png&#8221; title_text=&#8221;Voiculescu Vlad&#8221; align=&#8221;center&#8221; align_tablet=&#8221;center&#8221; align_phone=&#8221;&#8221; align_last_edited=&#8221;on|desktop&#8221; _builder_version=&#8221;4.9.7&#8243; max_width=&#8221;31%&#8221; border_radii=&#8221;on|100px|100px|100px|100px&#8221;][\/et_pb_image][\/et_pb_column][et_pb_column type=&#8221;3_5&#8243; _builder_version=&#8221;3.25&#8243; custom_padding=&#8221;|||&#8221; custom_padding__hover=&#8221;|||&#8221;][et_pb_text _builder_version=&#8221;4.9.7&#8243;]<\/p>\n<h4><strong><span style=\"color: #ff6600;\"><\/span><\/strong><\/h4>\n<h4><strong><span style=\"color: #ff6600;\"><\/span><\/strong><\/h4>\n<h4><strong><span style=\"color: #ff6600;\"><\/span><\/strong><\/h4>\n<h4><strong><span style=\"color: #ff6600;\">\u0218ef. Lucr. Dr.\u00a0Voiculescu Vlad<\/span><\/strong><br \/>\n<strong><span style=\"color: #ff6600;\"> Universitatea de Medicin\u0103 \u015fi Farmacie &#8220;Carol Davila\u201d Bucure\u015fti, Rom\u00e2nia<\/span><\/strong><\/h4>\n<p>[\/et_pb_text][\/et_pb_column][\/et_pb_row][et_pb_row _builder_version=&#8221;3.25&#8243;][et_pb_column type=&#8221;4_4&#8243; _builder_version=&#8221;3.25&#8243; custom_padding=&#8221;|||&#8221; custom_padding__hover=&#8221;|||&#8221;][et_pb_text _builder_version=&#8221;4.9.7&#8243;]<\/p>\n<p style=\"text-align: justify;\"><span style=\"color: #ff6600;\">Microscopia confocal\u0103 de reflectan\u021b\u0103: diagnostic de precizie neinvaziv al unor afec\u021biuni cu localizare special\u0103<\/span><br \/><span style=\"color: #ff6600;\">Autori: Vlad Mihai Voiculescu1,2, Ana Maria Malciu1, Mihai Lupu2<\/span><br \/>1Clinica de Dermatologie, Spitalul Universitar de Urgen\u021b\u0103 \u201cElias\u201d, Bucure\u0219ti, Rom\u00e2nia<br \/>2Disciplina de Dermatologie, Universitatea de Medicin\u0103 \u0219i Farmacie \u201cCarol Davila\u201d, Bucure\u0219ti, Rom\u00e2nia<\/p>\n<p style=\"text-align: justify;\">Cuvinte cheie: microscopie confocal\u0103 de reflectan\u021b\u0103, cheilit\u0103, lichen, eritroplazie, psoriazis<\/p>\n<p style=\"text-align: justify;\">Microscopia confocal\u0103 de reflectan\u021b\u0103 (MCR) este o metod\u0103 imagistic\u0103 neinvaziv\u0103 care permite vizualizarea straturilor pielii la o rezolu\u021bie comparabil\u0103 examenului histopatologic, sc\u0103z\u00e2nd astfel num\u0103rul biopsiilor inutile. MCR are o sensibilitate \u0219i specificitate mai mare de 70% pentru detectarea cancerelor cutanate melanocitare \u0219i non-melanocitare, dar \u0219i pentru diagnosticarea \u0219i monitorizarea psoriazisului sau altor afec\u021biuni ale pielii. Uneori este dificil de realizat diagnosticul diferen\u021bial al unor leziuni doar pe baza aspectului clinic \u0219i \u00een acest caz avem nevoie de investiga\u021bii suplimentare. Localizarea leziunilor cutanate influen\u021beaz\u0103 alegerea metodelor de diagnostic de certitudine. Vom prezenta cazul a trei pacien\u021bi la care, din cauza localiz\u0103rii leziunilor la nivelul buzelor \u0219i la nivelul penisului, s-a ales efectuarea MCR \u00een detrimentul biopsiei clasice. \u00cen cazul primei paciente, pe baza aspecului clinic s-a stabilit diagnosticul de cheilit\u0103 actinic\u0103 la nivelul buzei inferioare \u0219i aceasta a primit tratament timp de un an pentru aceast\u0103 afec\u021biune, f\u0103r\u0103 \u00eembun\u0103t\u0103\u021birea semnificativ\u0103 a aspectului clinic. Se prezint\u0103 pentru o a doua opinie \u0219i pe baza imaginii microscopice s-a stabilit diagnosticul de lichen plan oral. Pacienta a primit tratament sub care s-a observat o involu\u021bie semnificativ\u0103 a leziunilor.<br \/>Din punct de vedere clinic este greu de efectuat diagnosticul diferen\u021bial \u00eentre psoriazisul penian \u0219i eritroplazia Queyrat, ambele av\u00e2nd aspect clinic de pl\u0103ci eritematoase bine delimitate localizate la nivelul glandului sau prepu\u021bului. Prezent\u0103m cazurile a doi pacien\u021bi care s-au prezentat cu leziuni la nivelul penisului pentru confirmarea diagnosticului de eritroplazie Queyrat. De\u0219i din punct de vedere clinic leziunile erau asem\u0103n\u0103toare, pe baza imaginilor de MCR diagnosticul a fost confirmat \u00eentr-un singur caz, iar la cel\u0103lalt pacient s-a stabilit diagnosticul de psoriazis penian. MCR ajut\u0103 la efectuarea unui diagnostic de precizie neinvaziv, permite instituirea tratamentului de specialitate adecvat mult mai rapid, dar \u0219i monitorizarea leziunilor sau urm\u0103rirea evolu\u021biei sub tratament.<\/p>\n<p style=\"text-align: justify;\"><span style=\"color: #ff6600;\">Reflectance confocal microscopy: non-invasive diagnosis of special location diseases<\/span><br \/><span style=\"color: #ff6600;\">Autori: Vlad Mihai Voiculescu1,2, Ana Maria Malciu1, Mihai Lupu2<\/span><br \/>1Department of Dermatology, \u201cElias\u201d University Emergency Hospital, Bucharest, Romania<br \/>2Department of Dermatology, \u201cCarol Davila\u201d University of Medicine and Pharmacy, Bucharest, Romania<\/p>\n<p style=\"text-align: justify;\">Keywords: reflectance confocal microscopy, cheilitis, lichen, erythroplasia, psoriasis<\/p>\n<p style=\"text-align: justify;\">Reflectance confocal microscopy (RCM) is a non-invasive imaging technique that allows viewing of skin layers at a resolution comparable to histopathological examination, reducing the number of unnecessary biopsies. RCM has a sensitivity and specificity of more than 70% for detecting melanocytic and non-melanocytic skin cancers, but also for diagnosing and monitoring psoriasis or other skin conditions. Sometimes it is difficult to differentiate between certain lesions based just on clinical appearance and in this case additional investigations are required. The location of skin lesions influences the choice of diagnostic methods. We will present the cases of three patients in whom, due to the location of the lesions on the lips and penis, RCM was chosen over traditional biopsy. The first patient was diagnosed with actinic cheilitis of the lower lip based on the clinical aspect and she received one year of treatment for this condition, without a significant improvement in the clinical appearance. She presented for a second opinion and based on the microscopic image we establish the diagnosis of oral lichen planus. The patient received treatment, which resulted in a considerable involution of the lesions.<br \/>It&#8217;s difficult to tell the difference between genital psoriasis and erythroplasia of Queyrat from a clinical standpoint because they both appear as well-defined erythematous plaques on the penis. We propose the cases of two patients who presented with lesions on the penis to confirm the diagnosis of erythroplasia of Queyrat. Although the lesions were clinically similar, only one patient&#8217;s diagnosis was confirmed based on RCM images, and the other patient was diagnosed with genital psoriasis. RCM helps to make a non-invasive precision diagnosis, allows the appropriate treatment to be established much faster as well as the monitoring of lesions or the follow-up of the treatment&#8217;s progress.<\/p>\n<p style=\"text-align: justify;\"><span style=\"color: #ff6600;\">Scurt CV<\/span><\/p>\n<p>Experien\u021ba Personal\u0103:<br \/>2018-prezent &#8211; \u0218ef de lucr\u0103ri &#8211; Universitatea de Medicin\u0103 \u015fi Farmacie &#8220;Carol Davila\u201d Bucure\u015fti, Rom\u00e2nia<\/p>\n<p>Educa\u0163ie \u015fi formare:<br \/>2013 &#8211; prezent &#8211; Medic primar dermato-venerolog &#8211; Spitalul Universitar de Urgen\u0163\u0103 \u201eElias\u201d, Bucure\u015fti<br \/>2014 &#8211; prezent &#8211; Doctor in stiinte medicale &#8211; Universitatea de Medicin\u0103 \u015fi Farmacie &#8220;Carol Davila\u201d Bucure\u015fti, Rom\u00e2nia<\/p>\n<p>Membru \u00een organiza\u0163ii profesionale:<br \/>\u2022 2015 &#8211; prezent: membru al Consiliului director al SRD (Romanian Society of Dermatology)<br \/>\u2022 2013 &#8211; prezent: membru al European Academy of Dermatology and Venerology (EADV) Alumi Club<br \/>\u2022 2011 &#8211; prezent: membru al International Dermoscopy Society (IDS)<br \/>\u2022 2010 &#8211; prezent: membru al EADV (European Academy of Dermatology and Venerology)<br \/>\u2022 2008 &#8211; prezent: membru al Societ\u0103\u0163ii Romane de Dermatologie<br \/>\u2022 2008 &#8211; prezent: membru \u00een Colegiul Medicilor din Bucure\u015fti<\/p>\n<p>Lista lucr\u0103rilor \u015ftiin\u0163ifice publicate:<br \/>\u2022 2008 \u2013 prezent: am publicat 21 articole ISI in extenso, 32 de articole IDB (international data-base indexed) in extenso si peste 40 de articole in resumat (prezentate ca postre sau comunicari oreale la diferite manifestari stiintifice nationale sau internationale)<br \/>\u2022 2016 \u2013 prezent: speaker invitat la peste 10 manifestari nationale de Dermatologie<br \/>\u2022 2008 \u2013 prezent: am participat la peste 18 manifestari stiintifice internationale si peste 20 de manifestari stiintifice nationale (din domeniul meu de activitate)<\/p>\n<p>[\/et_pb_text][\/et_pb_column][\/et_pb_row][\/et_pb_section][et_pb_section fb_built=&#8221;1&#8243; _builder_version=&#8221;4.9.6&#8243; background_color=&#8221;rgba(117,194,33,0.23)&#8221; background_image=&#8221;https:\/\/pdi.ro\/2021\/wp-content\/uploads\/2021\/05\/PDI2021_header_1920x550px.jpg&#8221; background_blend=&#8221;multiply&#8221; custom_padding=&#8221;54px|0px|0|0px|false|false&#8221; top_divider_style=&#8221;waves2&#8243; top_divider_color=&#8221;#ffffff&#8221; top_divider_height=&#8221;155px&#8221; top_divider_height_tablet=&#8221;&#8221; top_divider_height_phone=&#8221;97px&#8221; top_divider_height_last_edited=&#8221;on|desktop&#8221; bottom_divider_style=&#8221;waves2&#8243; bottom_divider_color=&#8221;#75c221&#8243; bottom_divider_flip=&#8221;vertical&#8221; bottom_divider_height_tablet=&#8221;&#8221; bottom_divider_height_phone=&#8221;59px&#8221; bottom_divider_height_last_edited=&#8221;on|desktop&#8221; global_module=&#8221;9177&#8243; saved_tabs=&#8221;all&#8221;][et_pb_row column_structure=&#8221;3_5,2_5&#8243; _builder_version=&#8221;3.25&#8243; custom_padding=&#8221;61px|0px|69px|0px|false|false&#8221;][et_pb_column type=&#8221;3_5&#8243; _builder_version=&#8221;3.25&#8243; custom_padding=&#8221;|||&#8221; custom_padding__hover=&#8221;|||&#8221;][et_pb_text _builder_version=&#8221;4.9.4&#8243; text_font=&#8221;Kaushan Script||||||||&#8221; text_text_color=&#8221;#f0622a&#8221; text_font_size=&#8221;30px&#8221; text_line_height=&#8221;1.2em&#8221; header_font=&#8221;||||||||&#8221; background_layout=&#8221;dark&#8221; text_font_size_tablet=&#8221;&#8221; text_font_size_phone=&#8221;&#8221; text_font_size_last_edited=&#8221;on|desktop&#8221;]<\/p>\n<p>Contacteaz\u0103 operatorul PDI 2021<\/p>\n<p>[\/et_pb_text][et_pb_contact_form email=&#8221;contact@pdi.ro\/2021\/2019&#8243; submit_button_text=&#8221;Trimite mesajul&#8221; _builder_version=&#8221;4.9.4&#8243; title_font=&#8221;||||||||&#8221; custom_button=&#8221;on&#8221; button_text_color=&#8221;#F0622A&#8221;][et_pb_contact_field field_id=&#8221;Name&#8221; field_title=&#8221;Nume&#8221; _builder_version=&#8221;3.18.9&#8243; button_text_size__hover_enabled=&#8221;off&#8221; button_one_text_size__hover_enabled=&#8221;off&#8221; button_two_text_size__hover_enabled=&#8221;off&#8221; button_text_color__hover_enabled=&#8221;off&#8221; button_one_text_color__hover_enabled=&#8221;off&#8221; button_two_text_color__hover_enabled=&#8221;off&#8221; button_border_width__hover_enabled=&#8221;off&#8221; button_one_border_width__hover_enabled=&#8221;off&#8221; button_two_border_width__hover_enabled=&#8221;off&#8221; button_border_color__hover_enabled=&#8221;off&#8221; button_one_border_color__hover_enabled=&#8221;off&#8221; button_two_border_color__hover_enabled=&#8221;off&#8221; button_border_radius__hover_enabled=&#8221;off&#8221; button_one_border_radius__hover_enabled=&#8221;off&#8221; button_two_border_radius__hover_enabled=&#8221;off&#8221; button_letter_spacing__hover_enabled=&#8221;off&#8221; button_one_letter_spacing__hover_enabled=&#8221;off&#8221; button_two_letter_spacing__hover_enabled=&#8221;off&#8221; button_bg_color__hover_enabled=&#8221;off&#8221; button_one_bg_color__hover_enabled=&#8221;off&#8221; button_two_bg_color__hover_enabled=&#8221;off&#8221;][\/et_pb_contact_field][et_pb_contact_field field_id=&#8221;Email&#8221; field_title=&#8221;Adresa de e-mail&#8221; field_type=&#8221;email&#8221; _builder_version=&#8221;3.19.4&#8243; button_text_size__hover_enabled=&#8221;off&#8221; button_one_text_size__hover_enabled=&#8221;off&#8221; button_two_text_size__hover_enabled=&#8221;off&#8221; button_text_color__hover_enabled=&#8221;off&#8221; button_one_text_color__hover_enabled=&#8221;off&#8221; button_two_text_color__hover_enabled=&#8221;off&#8221; button_border_width__hover_enabled=&#8221;off&#8221; button_one_border_width__hover_enabled=&#8221;off&#8221; button_two_border_width__hover_enabled=&#8221;off&#8221; button_border_color__hover_enabled=&#8221;off&#8221; button_one_border_color__hover_enabled=&#8221;off&#8221; button_two_border_color__hover_enabled=&#8221;off&#8221; button_border_radius__hover_enabled=&#8221;off&#8221; button_one_border_radius__hover_enabled=&#8221;off&#8221; button_two_border_radius__hover_enabled=&#8221;off&#8221; button_letter_spacing__hover_enabled=&#8221;off&#8221; button_one_letter_spacing__hover_enabled=&#8221;off&#8221; button_two_letter_spacing__hover_enabled=&#8221;off&#8221; button_bg_color__hover_enabled=&#8221;off&#8221; button_one_bg_color__hover_enabled=&#8221;off&#8221; button_two_bg_color__hover_enabled=&#8221;off&#8221;][\/et_pb_contact_field][et_pb_contact_field field_id=&#8221;Message&#8221; field_title=&#8221;Mesajul dvs.&#8221; field_type=&#8221;text&#8221; fullwidth_field=&#8221;on&#8221; _builder_version=&#8221;3.18.9&#8243; button_text_size__hover_enabled=&#8221;off&#8221; button_one_text_size__hover_enabled=&#8221;off&#8221; button_two_text_size__hover_enabled=&#8221;off&#8221; button_text_color__hover_enabled=&#8221;off&#8221; button_one_text_color__hover_enabled=&#8221;off&#8221; button_two_text_color__hover_enabled=&#8221;off&#8221; button_border_width__hover_enabled=&#8221;off&#8221; button_one_border_width__hover_enabled=&#8221;off&#8221; button_two_border_width__hover_enabled=&#8221;off&#8221; button_border_color__hover_enabled=&#8221;off&#8221; button_one_border_color__hover_enabled=&#8221;off&#8221; button_two_border_color__hover_enabled=&#8221;off&#8221; button_border_radius__hover_enabled=&#8221;off&#8221; button_one_border_radius__hover_enabled=&#8221;off&#8221; button_two_border_radius__hover_enabled=&#8221;off&#8221; button_letter_spacing__hover_enabled=&#8221;off&#8221; button_one_letter_spacing__hover_enabled=&#8221;off&#8221; button_two_letter_spacing__hover_enabled=&#8221;off&#8221; button_bg_color__hover_enabled=&#8221;off&#8221; button_one_bg_color__hover_enabled=&#8221;off&#8221; button_two_bg_color__hover_enabled=&#8221;off&#8221;][\/et_pb_contact_field][\/et_pb_contact_form][\/et_pb_column][et_pb_column type=&#8221;2_5&#8243; _builder_version=&#8221;3.25&#8243; custom_padding=&#8221;|||&#8221; custom_padding__hover=&#8221;|||&#8221;][et_pb_text _builder_version=&#8221;4.9.4&#8243; text_font=&#8221;Kaushan Script||||||||&#8221; text_text_color=&#8221;#f0622a&#8221; text_font_size=&#8221;30px&#8221; header_font=&#8221;||||||||&#8221; background_layout=&#8221;dark&#8221;]<\/p>\n<p>Operatorul PDI 2021<\/p>\n<p>[\/et_pb_text][et_pb_text _builder_version=&#8221;4.0.11&#8243; text_font=&#8221;||||||||&#8221;]<\/p>\n<p><span><img loading=\"lazy\" decoding=\"async\" src=\"https:\/\/pdi.ro\/2021\/wp-content\/uploads\/2020\/02\/eventer_logo_150px.png\" width=\"151\" height=\"33\" alt=\"\" class=\"wp-image-774 alignleft size-full\" \/><\/span><\/p>\n<p><span><\/span><\/p>\n<p><span><\/span><\/p>\n<p><span>Adresa: Str. A. Panu nr. 13, Iasi<\/span><br \/> <span>Tel.: 0332.40.88.00-05<\/span><br \/> <span>E-mail: <a href=\"mailto:inscrieri@primaderma.ro\" target=\"_blank\" rel=\"noopener noreferrer\">inscrieri@primaderma.ro<\/a><br \/> <\/span><span>Website:\u00a0<\/span><a href=\"http:\/\/www.eventernet.ro\/\" target=\"Blank\" rel=\"noopener noreferrer\">www.eventernet.ro<\/a><\/p>\n<p>[\/et_pb_text][et_pb_text disabled_on=&#8221;off|off|off&#8221; _builder_version=&#8221;4.0.11&#8243; text_font=&#8221;Kaushan Script||||||||&#8221; text_text_color=&#8221;#f0622a&#8221; text_font_size=&#8221;30px&#8221; header_font=&#8221;||||||||&#8221; background_layout=&#8221;dark&#8221; locked=&#8221;off&#8221;]<\/p>\n<p>Parteneri Media<\/p>\n<p>[\/et_pb_text][et_pb_gallery gallery_ids=&#8221;7203,7204,9252,9464,10156,10157,10556&#8243; fullwidth=&#8221;on&#8221; _builder_version=&#8221;4.9.7&#8243; transform_scale=&#8221;86%|86%&#8221; max_width=&#8221;63%&#8221; auto=&#8221;on&#8221; auto_speed=&#8221;3500&#8243; hover_transition_duration=&#8221;100ms&#8221; hover_transition_delay=&#8221;50ms&#8221; hover_transition_speed_curve=&#8221;ease-in-out&#8221; locked=&#8221;off&#8221;][\/et_pb_gallery][\/et_pb_column][\/et_pb_row][\/et_pb_section]<\/p>\n","protected":false},"excerpt":{"rendered":"<p>\u0218ef. Lucr. Dr.\u00a0Voiculescu Vlad Universitatea de Medicin\u0103 \u015fi Farmacie &#8220;Carol Davila\u201d Bucure\u015fti, Rom\u00e2niaMicroscopia confocal\u0103 de reflectan\u021b\u0103: diagnostic de precizie neinvaziv al unor afec\u021biuni cu localizare special\u0103Autori: Vlad Mihai Voiculescu1,2, Ana Maria Malciu1, Mihai Lupu21Clinica de Dermatologie, Spitalul Universitar de Urgen\u021b\u0103 \u201cElias\u201d, Bucure\u0219ti, Rom\u00e2nia2Disciplina de Dermatologie, Universitatea de Medicin\u0103 \u0219i Farmacie \u201cCarol Davila\u201d, Bucure\u0219ti, Rom\u00e2nia Cuvinte [&hellip;]<\/p>\n","protected":false},"author":2,"featured_media":0,"parent":0,"menu_order":0,"comment_status":"closed","ping_status":"closed","template":"","meta":{"_et_pb_use_builder":"on","_et_pb_old_content":"","_et_gb_content_width":"","footnotes":""},"class_list":["post-10117","page","type-page","status-publish","hentry"],"_links":{"self":[{"href":"https:\/\/pdi.ro\/2021\/wp-json\/wp\/v2\/pages\/10117","targetHints":{"allow":["GET"]}}],"collection":[{"href":"https:\/\/pdi.ro\/2021\/wp-json\/wp\/v2\/pages"}],"about":[{"href":"https:\/\/pdi.ro\/2021\/wp-json\/wp\/v2\/types\/page"}],"author":[{"embeddable":true,"href":"https:\/\/pdi.ro\/2021\/wp-json\/wp\/v2\/users\/2"}],"replies":[{"embeddable":true,"href":"https:\/\/pdi.ro\/2021\/wp-json\/wp\/v2\/comments?post=10117"}],"version-history":[{"count":6,"href":"https:\/\/pdi.ro\/2021\/wp-json\/wp\/v2\/pages\/10117\/revisions"}],"predecessor-version":[{"id":10593,"href":"https:\/\/pdi.ro\/2021\/wp-json\/wp\/v2\/pages\/10117\/revisions\/10593"}],"wp:attachment":[{"href":"https:\/\/pdi.ro\/2021\/wp-json\/wp\/v2\/media?parent=10117"}],"curies":[{"name":"wp","href":"https:\/\/api.w.org\/{rel}","templated":true}]}}