{"id":10244,"date":"2021-07-08T14:55:38","date_gmt":"2021-07-08T12:55:38","guid":{"rendered":"https:\/\/primaderma.ro\/?page_id=10244"},"modified":"2021-07-13T19:07:06","modified_gmt":"2021-07-13T17:07:06","slug":"dr-plamadeala-petru","status":"publish","type":"page","link":"https:\/\/pdi.ro\/2021\/dr-plamadeala-petru\/","title":{"rendered":"Dr. Pl\u0103m\u0103deal\u0103 Petru"},"content":{"rendered":"<p>[et_pb_section fb_built=&#8221;1&#8243; fullwidth=&#8221;on&#8221; disabled_on=&#8221;on|off|off&#8221; _builder_version=&#8221;3.22&#8243; custom_margin=&#8221;||&#8221; custom_padding=&#8221;15px||29px&#8221; top_divider_style=&#8221;waves2&#8243; top_divider_color=&#8221;#f0622a&#8221; top_divider_flip=&#8221;horizontal|vertical&#8221; bottom_divider_style=&#8221;waves2&#8243; bottom_divider_color=&#8221;#fcdedb&#8221; bottom_divider_height=&#8221;105px&#8221; bottom_divider_flip=&#8221;vertical&#8221; global_module=&#8221;9062&#8243; collapsed=&#8221;off&#8221;][et_pb_fullwidth_header title=&#8221;@ET-DC@eyJkeW5hbWljIjp0cnVlLCJjb250ZW50IjoicG9zdF90aXRsZSIsInNldHRpbmdzIjp7ImJlZm9yZSI6IiIsImFmdGVyIjoiIn19@&#8221; text_orientation=&#8221;right&#8221; header_image_url=&#8221;https:\/\/pdi.ro\/2021\/wp-content\/uploads\/2021\/05\/PDI2021_logo_header_int_600x300px.png&#8221; disabled_on=&#8221;on|on|off&#8221; _builder_version=&#8221;4.9.4&#8243; _dynamic_attributes=&#8221;title&#8221; title_font=&#8221;Kaushan Script||||||||&#8221; title_text_align=&#8221;right&#8221; title_text_color=&#8221;#f0622a&#8221; title_font_size=&#8221;50px&#8221; content_font=&#8221;|600||on|||||&#8221; content_text_align=&#8221;center&#8221; content_text_color=&#8221;#686766&#8243; content_font_size=&#8221;15px&#8221; subhead_font=&#8221;||||||||&#8221; background_color=&#8221;#ef916b&#8221; background_image=&#8221;https:\/\/pdi.ro\/2021\/wp-content\/uploads\/2021\/05\/PDI2021_header_1920x550px.jpg&#8221; background_blend=&#8221;luminosity&#8221; background_layout=&#8221;light&#8221; custom_margin=&#8221;0px||8px&#8221; custom_padding=&#8221;40px||40px||true&#8221; content_font_size_tablet=&#8221;&#8221; content_font_size_phone=&#8221;15px&#8221; content_font_size_last_edited=&#8221;on|desktop&#8221;][\/et_pb_fullwidth_header][\/et_pb_section][et_pb_section fb_built=&#8221;1&#8243; _builder_version=&#8221;3.22&#8243;][et_pb_row column_structure=&#8221;2_5,3_5&#8243; _builder_version=&#8221;3.25&#8243; locked=&#8221;off&#8221;][et_pb_column type=&#8221;2_5&#8243; _builder_version=&#8221;3.25&#8243; custom_padding=&#8221;|||&#8221; custom_padding__hover=&#8221;|||&#8221;][et_pb_image src=&#8221;https:\/\/pdi.ro\/2021\/wp-content\/uploads\/2021\/07\/Plamadeala-Petru.jpg&#8221; title_text=&#8221;Plamadeala Petru&#8221; align=&#8221;center&#8221; align_tablet=&#8221;center&#8221; align_phone=&#8221;&#8221; align_last_edited=&#8221;on|desktop&#8221; _builder_version=&#8221;4.9.7&#8243; max_width=&#8221;30%&#8221; border_radii=&#8221;on|100px|100px|100px|100px&#8221;][\/et_pb_image][\/et_pb_column][et_pb_column type=&#8221;3_5&#8243; _builder_version=&#8221;3.25&#8243; custom_padding=&#8221;|||&#8221; custom_padding__hover=&#8221;|||&#8221;][et_pb_text _builder_version=&#8221;4.9.7&#8243;]<\/p>\n<h4><strong><span style=\"color: #ff6600;\"><\/span><\/strong><\/h4>\n<h4><strong><span style=\"color: #ff6600;\"><\/span><\/strong><\/h4>\n<h4><strong><span style=\"color: #ff6600;\"><\/span><\/strong><\/h4>\n<h4><strong><span style=\"color: #ff6600;\"><\/span><\/strong><\/h4>\n<h4><strong><span style=\"color: #ff6600;\">Dr. Pl\u0103m\u0103deal\u0103 Petru<\/span><\/strong><br \/><strong><span style=\"color: #ff6600;\">Spitalul Clinic de Urgen\u021be pentru Copii \u201cSf\u00e2nta Maria&#8221; Ia\u0219i<\/span><\/strong><\/h4>\n<p>[\/et_pb_text][\/et_pb_column][\/et_pb_row][et_pb_row _builder_version=&#8221;3.25&#8243; locked=&#8221;off&#8221;][et_pb_column type=&#8221;4_4&#8243; _builder_version=&#8221;3.25&#8243; custom_padding=&#8221;|||&#8221; custom_padding__hover=&#8221;|||&#8221;][et_pb_text _builder_version=&#8221;4.9.7&#8243; hover_enabled=&#8221;0&#8243; sticky_enabled=&#8221;0&#8243;]<\/p>\n<p style=\"text-align: justify;\"><span style=\"color: #ff6600;\">CD1a \u00een diagnosticul leziunilor ce afecteaz\u0103 poten\u021bial \u0219i pielea la copil<\/span><br \/><span style=\"color: #ff6600;\">Autori: P. Pl\u0103m\u0103deal\u0103\u00b9, Doina Mih\u0103il\u0103\u00b9, Elena Cojocaru\u00b2, Laura Dacu\u00b3, A.V. Patra\u0219cu\u00b3, C.A. Costin\u00b3, L. Pl\u0103m\u0103deal\u0103\u2074, M. Pl\u0103m\u0103deal\u0103\u2074<\/span><br \/>1Spitalul Clinic de Urgen\u021be pentru Copii \u201cSf. Maria\u201d Ia\u0219i<br \/>2Departament \u0218tiin\u021be Morfo-Func\u021bionale I, Facultatea de Medicin\u0103, U.M.F. \u201dGrigore T. Popa\u201d Ia\u0219i<br \/>3Medici reziden\u021bi Anatomie Patologic\u0103, U.M.F. \u201dGrigore T. Popa\u201d Ia\u0219i<br \/>4Studen\u021bi Facultatea de Medicin\u0103, U.M.F. \u201dGrigore T. Popa\u201d Ia\u0219i<\/p>\n<p style=\"text-align: justify;\">Cuvinte cheie: CD1a, histiocitoza cu celule Langerhans, imunohistochimie<\/p>\n<p>La Spitalul Clinic de Urgen\u021be pentru Copii \u201cSf. Maria\u201d Ia\u0219i am introdus tehnica imunohistochimic\u0103 de diagnostic \u00een anul 2008. Printre marcherii utiliza\u021bi \u00een patologia tumoral\u0103 \u0219i netumoral\u0103 am folosit \u0219i CD1a pentru diagnosticul diferen\u021bial al formelor de histiocitoz\u0103 cu celule Langerhans de alte leziuni. Dintr-un num\u0103r de 20 de cazuri cu leziuni variate din perioada 2008-2021, am statuat diagnosticul de histiocitoz\u0103 cu celule Langerhans \u00een 11 cazuri cu ajutorul metodei imunohistochimice, printre markerii imunohistochimici fiind utilizat \u0219i CD1a. Afectarea cutanat\u0103 \u00een histiocitoz\u0103 a fost prezent\u0103 la 8 cazuri din 11, alte trei cazuri fiind granuloame eozinofile. \u00cen celelalte 9 cazuri cu suspiciune de histiocitoz\u0103, diagnostiscul a fost diferit, respectiv: limfadenit\u0103 &#8211; 2 cazuri, dermatit\u0103 cronic\u0103 nespecific\u0103 &#8211; 2 cazuri \u0219i c\u00e2te 1 caz de infiltrat leucemic cu celule dendritice, boal\u0103 Castelman, osteoblastom, xantogranulom juvenil \u0219i histiocitom fibros. Marcherul CD1a a fost esen\u021bial \u00een diagnosticul histiocitozei cu celule Langerhans \u00een toate formele ei de prezentare \u0219i \u00een diagnosticul diferen\u021bial cu alte leziuni ce mimeaz\u0103 histiocitoza cu afectare inclusiv cutanat\u0103.<\/p>\n<p style=\"text-align: justify;\"><span style=\"color: #ff6600;\">CD1a in the diagnosis of various lesions that potentially affect the skin in children <\/span><br \/><span style=\"color: #ff6600;\">Autori: P. Pl\u0103m\u0103deal\u0103\u00b9, Doina Mih\u0103il\u0103\u00b9, Elena Cojocaru\u00b2, Laura Dacu\u00b3, A.V. Patra\u0219cu\u00b3, C.A. Costin\u00b3, L. Pl\u0103m\u0103deal\u0103\u2074, M. Pl\u0103m\u0103deal\u0103\u2074<\/span><br \/>1Children&#8217;s Clinical Hospital &#8220;St. Maria \u201dIasi<br \/>2U.M.Ph. \u201dGrigore T. Popa\u201d Iasi<br \/>3Resident doctors pathological anatomy Iasi<br \/>4Student U.M.Ph. \u201dGrigore T. Popa\u201d Iasi<\/p>\n<p style=\"text-align: justify;\">Keywords: CD1a, Langerhans cell histiocytosis, immunohistochemistry<\/p>\n<p>At the Emergency Clinical Hospital for Children \u201cSt. Maria\u201d Iasi we introduced the immunohistochemical diagnostic technique in 2008. Among the markers for tumor and non-tumor pathology we also used CD1a for the differential diagnosis of Langerhans cell histiocytosis types from other lesions. Out of a number of 20 cases with various lesions during 2008-2021, we diagnosed Langerhans cell histiocytosis in 11 cases using various immunohistochemical markers, including CD1a. Skin damage in histiocytosis was present in 8 of 11cases, the remaining 3 cases being eosinophilic granuloma. In the other 9 cases with suspected histiocytosis, the diagnosis was dissimilar, respectively lymphadenitis &#8211; 2 cases, chronic nonspecific dermatitis &#8211; 2 cases and 1 case each of leukemic infiltrate with dendritic cells, Castelman&#8217;s disease, osteoblastoma, juvenile xanthogranuloma and fibrous histiocytoma. The marker CD1a was essential in the diagnosis of Langerhans cell histiocytosis in all its forms of presentation and in the differential diagnosis with other lesions that mimic histiocytosis with damage including skin.<\/p>\n<p><span style=\"color: #ff6600;\">Scurt CV<\/span><\/p>\n<p><strong>Experien\u021b\u0103 profesional\u0103:<\/strong><br \/>1992 &#8211; 1994 &#8211; Spitalul Clinic \u201cSf. Spiridon\u201d Ia\u015fi<br \/>1994 &#8211; 2006 &#8211; asistent universitar &#8211; Universitatea de medicin\u0103 \u0219i farmacie &#8220;Grigore T. Popa&#8221; Ia\u0219i<br \/>1995 &#8211; prezent &#8211; Medic primar Anatomie Patologic\u0103 &#8211; Spitalul Clinic de Urgen\u021be pentru Copii \u201cSf\u00e2nta Maria&#8221; Ia\u0219i<br \/>2007 &#8211; prezent &#8211; Univeristatea APOLLONIA Ia\u0219i<\/p>\n<p><strong>Stagii de specializare \u00een str\u0103in\u0103tate:<\/strong><br \/>1993 Laboratoire d\u2019anatomie patologique CHRU de Lille, Lille,Franta, Stadiu de studiu si cercetare in patologie, bursa CHRU Lille.<br \/>2007 \u2013 St. Jude Children&#8217;s Research Hospital, Memphis (Tn ), SUA, Pathology Department, Specializare \u00een imunohistochimie, sponsorizat de International Outreach Program<\/p>\n<p><strong>Membru al asocia\u0163iilor profesionale:<\/strong><br \/>&#8211; Societatea de Medici si Naturali\u015fti Iasi<br \/>&#8211; Academia Interna\u0163ionala de Patologie<br \/>&#8211; Societatea Rom\u00e2n\u0103 de Citologie<\/p>\n<p>[\/et_pb_text][\/et_pb_column][\/et_pb_row][\/et_pb_section][et_pb_section fb_built=&#8221;1&#8243; _builder_version=&#8221;4.9.6&#8243; background_color=&#8221;rgba(117,194,33,0.23)&#8221; background_image=&#8221;https:\/\/pdi.ro\/2021\/wp-content\/uploads\/2021\/05\/PDI2021_header_1920x550px.jpg&#8221; background_blend=&#8221;multiply&#8221; custom_padding=&#8221;54px|0px|0|0px|false|false&#8221; top_divider_style=&#8221;waves2&#8243; top_divider_color=&#8221;#ffffff&#8221; top_divider_height=&#8221;155px&#8221; top_divider_height_tablet=&#8221;&#8221; top_divider_height_phone=&#8221;97px&#8221; top_divider_height_last_edited=&#8221;on|desktop&#8221; bottom_divider_style=&#8221;waves2&#8243; bottom_divider_color=&#8221;#75c221&#8243; bottom_divider_flip=&#8221;vertical&#8221; bottom_divider_height_tablet=&#8221;&#8221; bottom_divider_height_phone=&#8221;59px&#8221; bottom_divider_height_last_edited=&#8221;on|desktop&#8221; global_module=&#8221;9177&#8243; saved_tabs=&#8221;all&#8221;][et_pb_row column_structure=&#8221;3_5,2_5&#8243; _builder_version=&#8221;3.25&#8243; custom_padding=&#8221;61px|0px|69px|0px|false|false&#8221;][et_pb_column type=&#8221;3_5&#8243; _builder_version=&#8221;3.25&#8243; custom_padding=&#8221;|||&#8221; custom_padding__hover=&#8221;|||&#8221;][et_pb_text _builder_version=&#8221;4.9.4&#8243; text_font=&#8221;Kaushan Script||||||||&#8221; text_text_color=&#8221;#f0622a&#8221; text_font_size=&#8221;30px&#8221; text_line_height=&#8221;1.2em&#8221; header_font=&#8221;||||||||&#8221; background_layout=&#8221;dark&#8221; text_font_size_tablet=&#8221;&#8221; text_font_size_phone=&#8221;&#8221; text_font_size_last_edited=&#8221;on|desktop&#8221;]<\/p>\n<p>Contacteaz\u0103 operatorul PDI 2021<\/p>\n<p>[\/et_pb_text][et_pb_contact_form email=&#8221;contact@pdi.ro\/2021\/2019&#8243; submit_button_text=&#8221;Trimite mesajul&#8221; _builder_version=&#8221;4.9.4&#8243; title_font=&#8221;||||||||&#8221; custom_button=&#8221;on&#8221; button_text_color=&#8221;#F0622A&#8221;][et_pb_contact_field field_id=&#8221;Name&#8221; field_title=&#8221;Nume&#8221; _builder_version=&#8221;3.18.9&#8243; button_text_size__hover_enabled=&#8221;off&#8221; button_one_text_size__hover_enabled=&#8221;off&#8221; button_two_text_size__hover_enabled=&#8221;off&#8221; button_text_color__hover_enabled=&#8221;off&#8221; button_one_text_color__hover_enabled=&#8221;off&#8221; button_two_text_color__hover_enabled=&#8221;off&#8221; button_border_width__hover_enabled=&#8221;off&#8221; button_one_border_width__hover_enabled=&#8221;off&#8221; button_two_border_width__hover_enabled=&#8221;off&#8221; button_border_color__hover_enabled=&#8221;off&#8221; button_one_border_color__hover_enabled=&#8221;off&#8221; button_two_border_color__hover_enabled=&#8221;off&#8221; button_border_radius__hover_enabled=&#8221;off&#8221; button_one_border_radius__hover_enabled=&#8221;off&#8221; button_two_border_radius__hover_enabled=&#8221;off&#8221; button_letter_spacing__hover_enabled=&#8221;off&#8221; button_one_letter_spacing__hover_enabled=&#8221;off&#8221; button_two_letter_spacing__hover_enabled=&#8221;off&#8221; button_bg_color__hover_enabled=&#8221;off&#8221; button_one_bg_color__hover_enabled=&#8221;off&#8221; button_two_bg_color__hover_enabled=&#8221;off&#8221;][\/et_pb_contact_field][et_pb_contact_field field_id=&#8221;Email&#8221; field_title=&#8221;Adresa de e-mail&#8221; field_type=&#8221;email&#8221; _builder_version=&#8221;3.19.4&#8243; button_text_size__hover_enabled=&#8221;off&#8221; button_one_text_size__hover_enabled=&#8221;off&#8221; button_two_text_size__hover_enabled=&#8221;off&#8221; button_text_color__hover_enabled=&#8221;off&#8221; button_one_text_color__hover_enabled=&#8221;off&#8221; button_two_text_color__hover_enabled=&#8221;off&#8221; button_border_width__hover_enabled=&#8221;off&#8221; button_one_border_width__hover_enabled=&#8221;off&#8221; button_two_border_width__hover_enabled=&#8221;off&#8221; button_border_color__hover_enabled=&#8221;off&#8221; button_one_border_color__hover_enabled=&#8221;off&#8221; button_two_border_color__hover_enabled=&#8221;off&#8221; button_border_radius__hover_enabled=&#8221;off&#8221; button_one_border_radius__hover_enabled=&#8221;off&#8221; button_two_border_radius__hover_enabled=&#8221;off&#8221; button_letter_spacing__hover_enabled=&#8221;off&#8221; button_one_letter_spacing__hover_enabled=&#8221;off&#8221; button_two_letter_spacing__hover_enabled=&#8221;off&#8221; button_bg_color__hover_enabled=&#8221;off&#8221; button_one_bg_color__hover_enabled=&#8221;off&#8221; button_two_bg_color__hover_enabled=&#8221;off&#8221;][\/et_pb_contact_field][et_pb_contact_field field_id=&#8221;Message&#8221; field_title=&#8221;Mesajul dvs.&#8221; field_type=&#8221;text&#8221; fullwidth_field=&#8221;on&#8221; _builder_version=&#8221;3.18.9&#8243; button_text_size__hover_enabled=&#8221;off&#8221; button_one_text_size__hover_enabled=&#8221;off&#8221; button_two_text_size__hover_enabled=&#8221;off&#8221; button_text_color__hover_enabled=&#8221;off&#8221; button_one_text_color__hover_enabled=&#8221;off&#8221; button_two_text_color__hover_enabled=&#8221;off&#8221; button_border_width__hover_enabled=&#8221;off&#8221; button_one_border_width__hover_enabled=&#8221;off&#8221; button_two_border_width__hover_enabled=&#8221;off&#8221; button_border_color__hover_enabled=&#8221;off&#8221; button_one_border_color__hover_enabled=&#8221;off&#8221; button_two_border_color__hover_enabled=&#8221;off&#8221; button_border_radius__hover_enabled=&#8221;off&#8221; button_one_border_radius__hover_enabled=&#8221;off&#8221; button_two_border_radius__hover_enabled=&#8221;off&#8221; button_letter_spacing__hover_enabled=&#8221;off&#8221; button_one_letter_spacing__hover_enabled=&#8221;off&#8221; button_two_letter_spacing__hover_enabled=&#8221;off&#8221; button_bg_color__hover_enabled=&#8221;off&#8221; button_one_bg_color__hover_enabled=&#8221;off&#8221; button_two_bg_color__hover_enabled=&#8221;off&#8221;][\/et_pb_contact_field][\/et_pb_contact_form][\/et_pb_column][et_pb_column type=&#8221;2_5&#8243; _builder_version=&#8221;3.25&#8243; custom_padding=&#8221;|||&#8221; custom_padding__hover=&#8221;|||&#8221;][et_pb_text _builder_version=&#8221;4.9.4&#8243; text_font=&#8221;Kaushan Script||||||||&#8221; text_text_color=&#8221;#f0622a&#8221; text_font_size=&#8221;30px&#8221; header_font=&#8221;||||||||&#8221; background_layout=&#8221;dark&#8221;]<\/p>\n<p>Operatorul PDI 2021<\/p>\n<p>[\/et_pb_text][et_pb_text _builder_version=&#8221;4.0.11&#8243; text_font=&#8221;||||||||&#8221;]<\/p>\n<p><span><img loading=\"lazy\" decoding=\"async\" src=\"https:\/\/pdi.ro\/2021\/wp-content\/uploads\/2020\/02\/eventer_logo_150px.png\" width=\"151\" height=\"33\" alt=\"\" class=\"wp-image-774 alignleft size-full\" \/><\/span><\/p>\n<p><span><\/span><\/p>\n<p><span><\/span><\/p>\n<p><span>Adresa: Str. A. Panu nr. 13, Iasi<\/span><br \/> <span>Tel.: 0332.40.88.00-05<\/span><br \/> <span>E-mail: <a href=\"mailto:inscrieri@primaderma.ro\" target=\"_blank\" rel=\"noopener noreferrer\">inscrieri@primaderma.ro<\/a><br \/> <\/span><span>Website:\u00a0<\/span><a href=\"http:\/\/www.eventernet.ro\/\" target=\"Blank\" rel=\"noopener noreferrer\">www.eventernet.ro<\/a><\/p>\n<p>[\/et_pb_text][et_pb_text disabled_on=&#8221;off|off|off&#8221; _builder_version=&#8221;4.0.11&#8243; text_font=&#8221;Kaushan Script||||||||&#8221; text_text_color=&#8221;#f0622a&#8221; text_font_size=&#8221;30px&#8221; header_font=&#8221;||||||||&#8221; background_layout=&#8221;dark&#8221; locked=&#8221;off&#8221;]<\/p>\n<p>Parteneri Media<\/p>\n<p>[\/et_pb_text][et_pb_gallery gallery_ids=&#8221;7203,7204,9252,9464,10156,10157&#8243; fullwidth=&#8221;on&#8221; _builder_version=&#8221;4.9.7&#8243; transform_scale=&#8221;86%|86%&#8221; max_width=&#8221;63%&#8221; auto=&#8221;on&#8221; auto_speed=&#8221;3500&#8243; hover_transition_duration=&#8221;100ms&#8221; hover_transition_delay=&#8221;50ms&#8221; hover_transition_speed_curve=&#8221;ease-in-out&#8221; locked=&#8221;off&#8221;][\/et_pb_gallery][\/et_pb_column][\/et_pb_row][\/et_pb_section]<\/p>\n","protected":false},"excerpt":{"rendered":"<p>Dr. Pl\u0103m\u0103deal\u0103 PetruSpitalul Clinic de Urgen\u021be pentru Copii \u201cSf\u00e2nta Maria&#8221; Ia\u0219iCD1a \u00een diagnosticul leziunilor ce afecteaz\u0103 poten\u021bial \u0219i pielea la copilAutori: P. Pl\u0103m\u0103deal\u0103\u00b9, Doina Mih\u0103il\u0103\u00b9, Elena Cojocaru\u00b2, Laura Dacu\u00b3, A.V. Patra\u0219cu\u00b3, C.A. Costin\u00b3, L. Pl\u0103m\u0103deal\u0103\u2074, M. Pl\u0103m\u0103deal\u0103\u20741Spitalul Clinic de Urgen\u021be pentru Copii \u201cSf. Maria\u201d Ia\u0219i2Departament \u0218tiin\u021be Morfo-Func\u021bionale I, Facultatea de Medicin\u0103, U.M.F. \u201dGrigore T. Popa\u201d [&hellip;]<\/p>\n","protected":false},"author":2,"featured_media":0,"parent":0,"menu_order":0,"comment_status":"closed","ping_status":"closed","template":"","meta":{"_et_pb_use_builder":"on","_et_pb_old_content":"","_et_gb_content_width":"","footnotes":""},"class_list":["post-10244","page","type-page","status-publish","hentry"],"_links":{"self":[{"href":"https:\/\/pdi.ro\/2021\/wp-json\/wp\/v2\/pages\/10244","targetHints":{"allow":["GET"]}}],"collection":[{"href":"https:\/\/pdi.ro\/2021\/wp-json\/wp\/v2\/pages"}],"about":[{"href":"https:\/\/pdi.ro\/2021\/wp-json\/wp\/v2\/types\/page"}],"author":[{"embeddable":true,"href":"https:\/\/pdi.ro\/2021\/wp-json\/wp\/v2\/users\/2"}],"replies":[{"embeddable":true,"href":"https:\/\/pdi.ro\/2021\/wp-json\/wp\/v2\/comments?post=10244"}],"version-history":[{"count":5,"href":"https:\/\/pdi.ro\/2021\/wp-json\/wp\/v2\/pages\/10244\/revisions"}],"predecessor-version":[{"id":10527,"href":"https:\/\/pdi.ro\/2021\/wp-json\/wp\/v2\/pages\/10244\/revisions\/10527"}],"wp:attachment":[{"href":"https:\/\/pdi.ro\/2021\/wp-json\/wp\/v2\/media?parent=10244"}],"curies":[{"name":"wp","href":"https:\/\/api.w.org\/{rel}","templated":true}]}}