{"id":10633,"date":"2021-07-17T16:38:45","date_gmt":"2021-07-17T14:38:45","guid":{"rendered":"https:\/\/primaderma.ro\/?page_id=10633"},"modified":"2021-07-17T16:46:56","modified_gmt":"2021-07-17T14:46:56","slug":"dr-stefana-maria-capsa","status":"publish","type":"page","link":"https:\/\/pdi.ro\/2021\/dr-stefana-maria-capsa\/","title":{"rendered":"Dr. \u0218tefana Maria Cap\u0219a"},"content":{"rendered":"<p>[et_pb_section fb_built=&#8221;1&#8243; fullwidth=&#8221;on&#8221; disabled_on=&#8221;on|off|off&#8221; _builder_version=&#8221;3.22&#8243; custom_margin=&#8221;||&#8221; custom_padding=&#8221;15px||29px&#8221; top_divider_style=&#8221;waves2&#8243; top_divider_color=&#8221;#f0622a&#8221; top_divider_flip=&#8221;horizontal|vertical&#8221; bottom_divider_style=&#8221;waves2&#8243; bottom_divider_color=&#8221;#fcdedb&#8221; bottom_divider_height=&#8221;105px&#8221; bottom_divider_flip=&#8221;vertical&#8221; global_module=&#8221;9062&#8243; collapsed=&#8221;off&#8221;][et_pb_fullwidth_header title=&#8221;@ET-DC@eyJkeW5hbWljIjp0cnVlLCJjb250ZW50IjoicG9zdF90aXRsZSIsInNldHRpbmdzIjp7ImJlZm9yZSI6IiIsImFmdGVyIjoiIn19@&#8221; text_orientation=&#8221;right&#8221; header_image_url=&#8221;https:\/\/pdi.ro\/2021\/wp-content\/uploads\/2021\/05\/PDI2021_logo_header_int_600x300px.png&#8221; disabled_on=&#8221;on|on|off&#8221; _builder_version=&#8221;4.9.4&#8243; _dynamic_attributes=&#8221;title&#8221; title_font=&#8221;Kaushan Script||||||||&#8221; title_text_align=&#8221;right&#8221; title_text_color=&#8221;#f0622a&#8221; title_font_size=&#8221;50px&#8221; content_font=&#8221;|600||on|||||&#8221; content_text_align=&#8221;center&#8221; content_text_color=&#8221;#686766&#8243; content_font_size=&#8221;15px&#8221; subhead_font=&#8221;||||||||&#8221; background_color=&#8221;#ef916b&#8221; background_image=&#8221;https:\/\/pdi.ro\/2021\/wp-content\/uploads\/2021\/05\/PDI2021_header_1920x550px.jpg&#8221; background_blend=&#8221;luminosity&#8221; background_layout=&#8221;light&#8221; custom_margin=&#8221;0px||8px&#8221; custom_padding=&#8221;40px||40px||true&#8221; content_font_size_tablet=&#8221;&#8221; content_font_size_phone=&#8221;15px&#8221; content_font_size_last_edited=&#8221;on|desktop&#8221;][\/et_pb_fullwidth_header][\/et_pb_section][et_pb_section fb_built=&#8221;1&#8243; _builder_version=&#8221;3.22&#8243; locked=&#8221;off&#8221;][et_pb_row column_structure=&#8221;2_5,3_5&#8243; _builder_version=&#8221;3.25&#8243;][et_pb_column type=&#8221;2_5&#8243; _builder_version=&#8221;3.25&#8243; custom_padding=&#8221;|||&#8221; custom_padding__hover=&#8221;|||&#8221;][et_pb_image src=&#8221;https:\/\/pdi.ro\/2021\/wp-content\/uploads\/2021\/07\/CapsaStefaniaMaria_1.jpg&#8221; title_text=&#8221;CapsaStefaniaMaria_1&#8243; align=&#8221;center&#8221; align_tablet=&#8221;center&#8221; align_phone=&#8221;&#8221; align_last_edited=&#8221;on|desktop&#8221; _builder_version=&#8221;4.9.7&#8243; max_width=&#8221;31%&#8221; hover_enabled=&#8221;0&#8243; border_radii=&#8221;on|100px|100px|100px|100px&#8221; sticky_enabled=&#8221;0&#8243;][\/et_pb_image][\/et_pb_column][et_pb_column type=&#8221;3_5&#8243; _builder_version=&#8221;3.25&#8243; custom_padding=&#8221;|||&#8221; custom_padding__hover=&#8221;|||&#8221;][et_pb_text _builder_version=&#8221;4.9.7&#8243; hover_enabled=&#8221;0&#8243; sticky_enabled=&#8221;0&#8243;]<\/p>\n<h4><strong><span style=\"color: #ff6600;\"><\/span><\/strong><\/h4>\n<h4><strong><span style=\"color: #ff6600;\"><\/span><\/strong><\/h4>\n<h4><strong><span style=\"color: #ff6600;\"><\/span><\/strong><\/h4>\n<h4><strong><span style=\"color: #ff6600;\">Dr. \u0218tefana Maria Cap\u0219a<\/span><\/strong><br \/><strong><span style=\"color: #ff6600;\">Departamentul de Dermatologie, Spitalul CF Ia\u0219i<\/span><\/strong><\/h4>\n<p>[\/et_pb_text][\/et_pb_column][\/et_pb_row][et_pb_row _builder_version=&#8221;3.25&#8243;][et_pb_column type=&#8221;4_4&#8243; _builder_version=&#8221;3.25&#8243; custom_padding=&#8221;|||&#8221; custom_padding__hover=&#8221;|||&#8221;][et_pb_text _builder_version=&#8221;4.9.7&#8243; hover_enabled=&#8221;0&#8243; sticky_enabled=&#8221;0&#8243;]<\/p>\n<p style=\"text-align: justify;\"><span style=\"color: #ff6600;\">Napkin psoriazis: o povar\u0103 ce apas\u0103 pe umerii fragili ai nou-n\u0103scutului<br \/><\/span><\/p>\n<p>Autori: \u0218tefana Maria Cap\u0219a3, Mihaela-Paula Toader2, Diana Stefania D\u00eerzu3, Alina Elena Sp\u00eenu3, Andreea Corina Dr\u0103goi3, Anastasia Vicovan3, Roxana Bilib\u0103u3, Andreea Tucaliuc3, Isabela Alexandra Fartu\u0219nic3, C\u0103t\u0103lina Cojocaru3, C\u0103t\u0103lina Elena Br\u0103ni\u0219teanu4, Mirela M\u0103r\u0103nduc\u01031, Mirela Andrese Porumb1, M. Glod4, Daciana-Elena Br\u0103ni\u0219teanu1<br \/>1Departamentul de Dermatologie, Universitatea de Medicin\u0103 \u0219i Farmacie \u201dGrigore T. Popa\u201d Ia\u0219i, Rom\u00e2nia<br \/>2Departamentul de Dermatologie Oral\u0103, Universitatea de Medicin\u0103 \u0219i Farmacie \u201dGrigore T. Popa\u201d, Ia\u0219i, Rom\u00e2nia<br \/>3Departamentul de Dermatologie, Spitalul CF, Ia\u0219i, Rom\u00e2nia<br \/>4Universitatea de Medicin\u0103 \u0219i Farmacie \u201dGrigore T. Popa\u201d, Ia\u0219i, Rom\u00e2nia, Departamentul de Chirurgie, Universitatea de Medicin\u0103 \u0219i Farmacie \u201dGrigore T. Popa\u201d, Ia\u0219i, Rom\u00e2nia<\/p>\n<p style=\"text-align: justify;\">Cuvinte cheie: napkin, psoriazis, nou-n\u0103scut, provocare, tratament<\/p>\n<p style=\"text-align: justify;\">Psoriazisul vulgar este o boal\u0103 inflamatorie cronic\u0103 a pielii, mediat\u0103 de limfocitele T helper, ce are o prevalen\u021b\u0103 de aproximativ 1% \u00een cazul copiilor. Psoriazisul pediatric se \u00eemparte \u00een 3 grupuri distincte: psoriazis infantil, psoriazis cu debut precoce \u0219i psoriazis pediatric asociat cu artropatie psoriazic\u0103. Napkin psoriazis reprezint\u0103 un subtip al psoriazisului infantil care afecteaz\u0103 \u00een principal copiii cu v\u00e2rsta sub 2 ani.<br \/>Prezent\u0103m cazul unui sugar de 2 luni, n\u0103scut la termen, \u00een mod natural, cu greutatea \u0219i \u00een\u0103l\u021bimea \u00een limite normale, care este adus \u00een contextul prezen\u021bei unor placi \u0219i placarde eritemato-scuamoase \u00een zona anogenital\u0103, regiunea gluteal\u0103, pe membrele superioare, inferioare, pe abdomen \u0219i la nivelul fe\u021bei.<br \/>Declarativ, debutul leziunilor cutanate a fost \u00een prima lun\u0103 de via\u021b\u0103, la c\u00e2teva zile dup\u0103 o infec\u021bie a tractului respirator superior, ini\u021bial la nivelul fe\u021bei \u0219i \u00een zona scutecului, cu extinderea ulterioar\u0103 a leziunilor.<br \/>Pe de o parte, din cauza v\u00e2rstei fragede \u0219i a st\u0103rii alterate a pacientului, examenul histopatologic pentru confirmare nu s-a putut realiza. Pe de alt\u0103 parte, prezen\u021ba de leziuni tipice \u00een alte arii anatomice, semnul sperman\u021betului \u0219i semnul Auspitz pozitive la gratajul metodic Brocq, aspectul dermatoscopic cu vase punctiforme distribuite regulat pe fond eritematos sunt argumente \u00een favoarea diagnosticului de napkin psoriasis.<br \/>Tratamentul topic a constat \u00een \u00eendep\u0103rtarea factorilor predispozan\u021bi \u0219i a iritan\u021bilor (scutec, urin\u0103) prin igien\u0103 riguroas\u0103 cu s\u0103pun dermatologic, aplicarea dermatocorticosteroizilor non-fluorina\u021bi topici, utilizarea emolientelor, terapia cu lumina polarizat\u0103, toate acestea urmate de evolu\u021bia favorabil\u0103 a leziunilor.<br \/>Napkin psoriasis este o form\u0103 relativ rar\u0103 de psoriazis infantil. Acesta pune probleme de diagnostic diferen\u021bial cu dermatita iritativ\u0103 de contact \u0219i intertrigo-ul levuric. Considerat de noi a fi o \u201cpovar\u0103 ce apas\u0103 pe umeri mult prea fragili\u201d, tratamentul trebuie abordat cu precau\u021bie, av\u00e2nd \u00een vedere particularit\u0103\u021bile morfofunc\u021bionale ale pielii sugarului. Ace\u0219ti mici pacien\u021bi trebuie urm\u0103ri\u021bi cu mare aten\u021bie, iar p\u0103rin\u021bii trebuie informa\u021bi despre aceast\u0103 boal\u0103 \u0219i posibilit\u0103\u021bile ei de evolu\u021bie.<\/p>\n<p style=\"text-align: justify;\"><span style=\"color: #ff6600;\">Napkin psoriazis: a burden that presses on the fragile shoulders of the new-born<br \/><\/span><\/p>\n<p>Authors: \u0218tefana Maria Cap\u0219a3, Mihaela-Paula Toader2, Diana Stefania D\u00eerzu3, Alina Elena Sp\u00eenu3, Andreea Corina Dr\u0103goi3, Anastasia Vicovan3, Roxana Bilib\u0103u3, Andreea Tucaliuc3, Isabela Alexandra Fartu\u0219nic3, C\u0103t\u0103lina Cojocaru3, C\u0103t\u0103lina Elena Br\u0103ni\u0219teanu4, Mirela M\u0103r\u0103nduc\u01031, Mirela Andrese Porumb1, M. Glod4, Daciana-Elena Br\u0103ni\u0219teanu1<\/p>\n<p>1Department of Dermatology, \u201cGrigore T. Popa\u201d University of Medicine and Pharmacy, Iasi, Romania<br \/>2Department of Oral Dermatology, \u201cGrigore T. Popa\u201d University of Medicine and Pharmacy, Iasi, Romania<br \/>3Department of Dermatology, \u201cRailway Clinical Hospital\u201d, Iasi, Romania<br \/>4\u201cGrigore T. Popa\u201d University of Medicine and Pharmacy, Iasi, Romania Department of Surgery, \u201cGrigore T. Popa\u201d University of Medicine and Pharmacy, Iasi, Romania<\/p>\n<p>Keywords: napkin, psoriasis, new-born, challenge, therapy<\/p>\n<p style=\"text-align: justify;\">Psoriasis vulgaris is a chronic inflammatory disease of the skin, mediated by T helper lymphocytes, which has a prevalence of 1% in children. Pediatric psoriasis is divided into 3 distinct groups: infantile psoriasis, early onset psoriasis and pediatric psoriasis associated with psoriatic arthropathy. Napkin psoriasis is a subtype of infantile psoriasis that mainly affects children under the age of 2. <br \/>We present the case of a 2-month-old infant, born at term, naturally, with normal weight and height, who was brought in our clinic for the presence of some erythematous-squamous plaques and placards located in the anogenital area, gluteal region, on the upper, lower limbs, on the abdomen and face. <br \/>According to the family, the onset of the skin lesions was in the first month of life, a few days after an infection of the upper respiratory tract, initially affecting the face and the diaper area, with subsequent extension. On the one hand, due to the young age of the patient, the histopathological confirmation could not be performed. On the other hand, the presence of typical lesions in other anatomical areas, the positive Auspitz sign, the characteristic dermatoscopic appearance with pointy little vessels regularly distributed on erythematous background are all arguments for the diagnosis of napkin psoriasis. Topical treatment consisted in removing predisposing factors and irritants (diaper, urine) through rigorous hygiene with dermatological soap, use of topical non-fluorinated dermatocorticosteroids, use of emollients, polarized light therapy, all followed by favorable evolution of the lesions. Napkin psoriasis is a rare form of infantile psoriasis. The differential diagnosis includes irritant contact dermatitis and intertrigo. Considered by us a &#8220;burden that presses on the fragile shoulders of the new-born&#8221;, the treatment of this problematic disease must be approached with caution, especially because of specific morphofunctional features of the baby&#8217;s skin. These small patients need special care and parents must be informed about this disease and its possibilities of evolution.<\/p>\n<p>&nbsp;<\/p>\n<p>[\/et_pb_text][\/et_pb_column][\/et_pb_row][\/et_pb_section][et_pb_section fb_built=&#8221;1&#8243; _builder_version=&#8221;4.9.6&#8243; background_color=&#8221;rgba(117,194,33,0.23)&#8221; background_image=&#8221;https:\/\/pdi.ro\/2021\/wp-content\/uploads\/2021\/05\/PDI2021_header_1920x550px.jpg&#8221; background_blend=&#8221;multiply&#8221; custom_padding=&#8221;54px|0px|0|0px|false|false&#8221; top_divider_style=&#8221;waves2&#8243; top_divider_color=&#8221;#ffffff&#8221; top_divider_height=&#8221;155px&#8221; top_divider_height_tablet=&#8221;&#8221; top_divider_height_phone=&#8221;97px&#8221; top_divider_height_last_edited=&#8221;on|desktop&#8221; bottom_divider_style=&#8221;waves2&#8243; bottom_divider_color=&#8221;#75c221&#8243; bottom_divider_flip=&#8221;vertical&#8221; bottom_divider_height_tablet=&#8221;&#8221; bottom_divider_height_phone=&#8221;59px&#8221; bottom_divider_height_last_edited=&#8221;on|desktop&#8221; global_module=&#8221;9177&#8243; saved_tabs=&#8221;all&#8221;][et_pb_row column_structure=&#8221;3_5,2_5&#8243; _builder_version=&#8221;3.25&#8243; custom_padding=&#8221;61px|0px|69px|0px|false|false&#8221;][et_pb_column type=&#8221;3_5&#8243; _builder_version=&#8221;3.25&#8243; custom_padding=&#8221;|||&#8221; custom_padding__hover=&#8221;|||&#8221;][et_pb_text _builder_version=&#8221;4.9.4&#8243; text_font=&#8221;Kaushan Script||||||||&#8221; text_text_color=&#8221;#f0622a&#8221; text_font_size=&#8221;30px&#8221; text_line_height=&#8221;1.2em&#8221; header_font=&#8221;||||||||&#8221; background_layout=&#8221;dark&#8221; text_font_size_tablet=&#8221;&#8221; text_font_size_phone=&#8221;&#8221; text_font_size_last_edited=&#8221;on|desktop&#8221;]<\/p>\n<p>Contacteaz\u0103 operatorul PDI 2021<\/p>\n<p>[\/et_pb_text][et_pb_contact_form email=&#8221;contact@pdi.ro\/2021\/2019&#8243; submit_button_text=&#8221;Trimite mesajul&#8221; _builder_version=&#8221;4.9.4&#8243; title_font=&#8221;||||||||&#8221; custom_button=&#8221;on&#8221; button_text_color=&#8221;#F0622A&#8221;][et_pb_contact_field field_id=&#8221;Name&#8221; field_title=&#8221;Nume&#8221; _builder_version=&#8221;3.18.9&#8243; button_text_size__hover_enabled=&#8221;off&#8221; button_one_text_size__hover_enabled=&#8221;off&#8221; button_two_text_size__hover_enabled=&#8221;off&#8221; button_text_color__hover_enabled=&#8221;off&#8221; button_one_text_color__hover_enabled=&#8221;off&#8221; button_two_text_color__hover_enabled=&#8221;off&#8221; button_border_width__hover_enabled=&#8221;off&#8221; button_one_border_width__hover_enabled=&#8221;off&#8221; button_two_border_width__hover_enabled=&#8221;off&#8221; button_border_color__hover_enabled=&#8221;off&#8221; button_one_border_color__hover_enabled=&#8221;off&#8221; button_two_border_color__hover_enabled=&#8221;off&#8221; button_border_radius__hover_enabled=&#8221;off&#8221; button_one_border_radius__hover_enabled=&#8221;off&#8221; button_two_border_radius__hover_enabled=&#8221;off&#8221; button_letter_spacing__hover_enabled=&#8221;off&#8221; button_one_letter_spacing__hover_enabled=&#8221;off&#8221; button_two_letter_spacing__hover_enabled=&#8221;off&#8221; button_bg_color__hover_enabled=&#8221;off&#8221; button_one_bg_color__hover_enabled=&#8221;off&#8221; button_two_bg_color__hover_enabled=&#8221;off&#8221;][\/et_pb_contact_field][et_pb_contact_field field_id=&#8221;Email&#8221; field_title=&#8221;Adresa de e-mail&#8221; field_type=&#8221;email&#8221; _builder_version=&#8221;3.19.4&#8243; button_text_size__hover_enabled=&#8221;off&#8221; button_one_text_size__hover_enabled=&#8221;off&#8221; button_two_text_size__hover_enabled=&#8221;off&#8221; button_text_color__hover_enabled=&#8221;off&#8221; button_one_text_color__hover_enabled=&#8221;off&#8221; button_two_text_color__hover_enabled=&#8221;off&#8221; button_border_width__hover_enabled=&#8221;off&#8221; button_one_border_width__hover_enabled=&#8221;off&#8221; button_two_border_width__hover_enabled=&#8221;off&#8221; button_border_color__hover_enabled=&#8221;off&#8221; button_one_border_color__hover_enabled=&#8221;off&#8221; button_two_border_color__hover_enabled=&#8221;off&#8221; button_border_radius__hover_enabled=&#8221;off&#8221; button_one_border_radius__hover_enabled=&#8221;off&#8221; button_two_border_radius__hover_enabled=&#8221;off&#8221; button_letter_spacing__hover_enabled=&#8221;off&#8221; button_one_letter_spacing__hover_enabled=&#8221;off&#8221; button_two_letter_spacing__hover_enabled=&#8221;off&#8221; button_bg_color__hover_enabled=&#8221;off&#8221; button_one_bg_color__hover_enabled=&#8221;off&#8221; button_two_bg_color__hover_enabled=&#8221;off&#8221;][\/et_pb_contact_field][et_pb_contact_field field_id=&#8221;Message&#8221; field_title=&#8221;Mesajul dvs.&#8221; field_type=&#8221;text&#8221; fullwidth_field=&#8221;on&#8221; _builder_version=&#8221;3.18.9&#8243; button_text_size__hover_enabled=&#8221;off&#8221; button_one_text_size__hover_enabled=&#8221;off&#8221; button_two_text_size__hover_enabled=&#8221;off&#8221; button_text_color__hover_enabled=&#8221;off&#8221; button_one_text_color__hover_enabled=&#8221;off&#8221; button_two_text_color__hover_enabled=&#8221;off&#8221; button_border_width__hover_enabled=&#8221;off&#8221; button_one_border_width__hover_enabled=&#8221;off&#8221; button_two_border_width__hover_enabled=&#8221;off&#8221; button_border_color__hover_enabled=&#8221;off&#8221; button_one_border_color__hover_enabled=&#8221;off&#8221; button_two_border_color__hover_enabled=&#8221;off&#8221; button_border_radius__hover_enabled=&#8221;off&#8221; button_one_border_radius__hover_enabled=&#8221;off&#8221; button_two_border_radius__hover_enabled=&#8221;off&#8221; button_letter_spacing__hover_enabled=&#8221;off&#8221; button_one_letter_spacing__hover_enabled=&#8221;off&#8221; button_two_letter_spacing__hover_enabled=&#8221;off&#8221; button_bg_color__hover_enabled=&#8221;off&#8221; button_one_bg_color__hover_enabled=&#8221;off&#8221; button_two_bg_color__hover_enabled=&#8221;off&#8221;][\/et_pb_contact_field][\/et_pb_contact_form][\/et_pb_column][et_pb_column type=&#8221;2_5&#8243; _builder_version=&#8221;3.25&#8243; custom_padding=&#8221;|||&#8221; custom_padding__hover=&#8221;|||&#8221;][et_pb_text _builder_version=&#8221;4.9.4&#8243; text_font=&#8221;Kaushan Script||||||||&#8221; text_text_color=&#8221;#f0622a&#8221; text_font_size=&#8221;30px&#8221; header_font=&#8221;||||||||&#8221; background_layout=&#8221;dark&#8221;]<\/p>\n<p>Operatorul PDI 2021<\/p>\n<p>[\/et_pb_text][et_pb_text _builder_version=&#8221;4.0.11&#8243; text_font=&#8221;||||||||&#8221;]<\/p>\n<p><span><img loading=\"lazy\" decoding=\"async\" src=\"https:\/\/pdi.ro\/2021\/wp-content\/uploads\/2020\/02\/eventer_logo_150px.png\" width=\"151\" height=\"33\" alt=\"\" class=\"wp-image-774 alignleft size-full\" \/><\/span><\/p>\n<p><span><\/span><\/p>\n<p><span><\/span><\/p>\n<p><span>Adresa: Str. A. Panu nr. 13, Iasi<\/span><br \/> <span>Tel.: 0332.40.88.00-05<\/span><br \/> <span>E-mail: <a href=\"mailto:inscrieri@primaderma.ro\" target=\"_blank\" rel=\"noopener noreferrer\">inscrieri@primaderma.ro<\/a><br \/> <\/span><span>Website:\u00a0<\/span><a href=\"http:\/\/www.eventernet.ro\/\" target=\"Blank\" rel=\"noopener noreferrer\">www.eventernet.ro<\/a><\/p>\n<p>[\/et_pb_text][et_pb_text disabled_on=&#8221;off|off|off&#8221; _builder_version=&#8221;4.0.11&#8243; text_font=&#8221;Kaushan Script||||||||&#8221; text_text_color=&#8221;#f0622a&#8221; text_font_size=&#8221;30px&#8221; header_font=&#8221;||||||||&#8221; background_layout=&#8221;dark&#8221; locked=&#8221;off&#8221;]<\/p>\n<p>Parteneri Media<\/p>\n<p>[\/et_pb_text][et_pb_gallery gallery_ids=&#8221;7203,7204,9252,9464,10156,10157,10556&#8243; fullwidth=&#8221;on&#8221; _builder_version=&#8221;4.9.7&#8243; transform_scale=&#8221;86%|86%&#8221; max_width=&#8221;63%&#8221; auto=&#8221;on&#8221; auto_speed=&#8221;3500&#8243; hover_transition_duration=&#8221;100ms&#8221; hover_transition_delay=&#8221;50ms&#8221; hover_transition_speed_curve=&#8221;ease-in-out&#8221; locked=&#8221;off&#8221;][\/et_pb_gallery][\/et_pb_column][\/et_pb_row][\/et_pb_section]<\/p>\n","protected":false},"excerpt":{"rendered":"<p>Dr. \u0218tefana Maria Cap\u0219aDepartamentul de Dermatologie, Spitalul CF Ia\u0219iNapkin psoriazis: o povar\u0103 ce apas\u0103 pe umerii fragili ai nou-n\u0103scutului Autori: \u0218tefana Maria Cap\u0219a3, Mihaela-Paula Toader2, Diana Stefania D\u00eerzu3, Alina Elena Sp\u00eenu3, Andreea Corina Dr\u0103goi3, Anastasia Vicovan3, Roxana Bilib\u0103u3, Andreea Tucaliuc3, Isabela Alexandra Fartu\u0219nic3, C\u0103t\u0103lina Cojocaru3, C\u0103t\u0103lina Elena Br\u0103ni\u0219teanu4, Mirela M\u0103r\u0103nduc\u01031, Mirela Andrese Porumb1, M. Glod4, [&hellip;]<\/p>\n","protected":false},"author":2,"featured_media":0,"parent":0,"menu_order":0,"comment_status":"closed","ping_status":"closed","template":"","meta":{"_et_pb_use_builder":"on","_et_pb_old_content":"","_et_gb_content_width":"","footnotes":""},"class_list":["post-10633","page","type-page","status-publish","hentry"],"_links":{"self":[{"href":"https:\/\/pdi.ro\/2021\/wp-json\/wp\/v2\/pages\/10633","targetHints":{"allow":["GET"]}}],"collection":[{"href":"https:\/\/pdi.ro\/2021\/wp-json\/wp\/v2\/pages"}],"about":[{"href":"https:\/\/pdi.ro\/2021\/wp-json\/wp\/v2\/types\/page"}],"author":[{"embeddable":true,"href":"https:\/\/pdi.ro\/2021\/wp-json\/wp\/v2\/users\/2"}],"replies":[{"embeddable":true,"href":"https:\/\/pdi.ro\/2021\/wp-json\/wp\/v2\/comments?post=10633"}],"version-history":[{"count":2,"href":"https:\/\/pdi.ro\/2021\/wp-json\/wp\/v2\/pages\/10633\/revisions"}],"predecessor-version":[{"id":10635,"href":"https:\/\/pdi.ro\/2021\/wp-json\/wp\/v2\/pages\/10633\/revisions\/10635"}],"wp:attachment":[{"href":"https:\/\/pdi.ro\/2021\/wp-json\/wp\/v2\/media?parent=10633"}],"curies":[{"name":"wp","href":"https:\/\/api.w.org\/{rel}","templated":true}]}}