{"id":10637,"date":"2021-07-17T16:48:41","date_gmt":"2021-07-17T14:48:41","guid":{"rendered":"https:\/\/primaderma.ro\/?page_id=10637"},"modified":"2021-07-17T16:54:27","modified_gmt":"2021-07-17T14:54:27","slug":"dr-alina-elena-spinu","status":"publish","type":"page","link":"https:\/\/pdi.ro\/2021\/dr-alina-elena-spinu\/","title":{"rendered":"Dr. Alina Elena Sp\u00eenu"},"content":{"rendered":"<p>[et_pb_section fb_built=&#8221;1&#8243; fullwidth=&#8221;on&#8221; disabled_on=&#8221;on|off|off&#8221; _builder_version=&#8221;3.22&#8243; custom_margin=&#8221;||&#8221; custom_padding=&#8221;15px||29px&#8221; top_divider_style=&#8221;waves2&#8243; top_divider_color=&#8221;#f0622a&#8221; top_divider_flip=&#8221;horizontal|vertical&#8221; bottom_divider_style=&#8221;waves2&#8243; bottom_divider_color=&#8221;#fcdedb&#8221; bottom_divider_height=&#8221;105px&#8221; bottom_divider_flip=&#8221;vertical&#8221; global_module=&#8221;9062&#8243; collapsed=&#8221;off&#8221;][et_pb_fullwidth_header title=&#8221;@ET-DC@eyJkeW5hbWljIjp0cnVlLCJjb250ZW50IjoicG9zdF90aXRsZSIsInNldHRpbmdzIjp7ImJlZm9yZSI6IiIsImFmdGVyIjoiIn19@&#8221; text_orientation=&#8221;right&#8221; header_image_url=&#8221;https:\/\/pdi.ro\/2021\/wp-content\/uploads\/2021\/05\/PDI2021_logo_header_int_600x300px.png&#8221; disabled_on=&#8221;on|on|off&#8221; _builder_version=&#8221;4.9.4&#8243; _dynamic_attributes=&#8221;title&#8221; title_font=&#8221;Kaushan Script||||||||&#8221; title_text_align=&#8221;right&#8221; title_text_color=&#8221;#f0622a&#8221; title_font_size=&#8221;50px&#8221; content_font=&#8221;|600||on|||||&#8221; content_text_align=&#8221;center&#8221; content_text_color=&#8221;#686766&#8243; content_font_size=&#8221;15px&#8221; subhead_font=&#8221;||||||||&#8221; background_color=&#8221;#ef916b&#8221; background_image=&#8221;https:\/\/pdi.ro\/2021\/wp-content\/uploads\/2021\/05\/PDI2021_header_1920x550px.jpg&#8221; background_blend=&#8221;luminosity&#8221; background_layout=&#8221;light&#8221; custom_margin=&#8221;0px||8px&#8221; custom_padding=&#8221;40px||40px||true&#8221; content_font_size_tablet=&#8221;&#8221; content_font_size_phone=&#8221;15px&#8221; content_font_size_last_edited=&#8221;on|desktop&#8221;][\/et_pb_fullwidth_header][\/et_pb_section][et_pb_section fb_built=&#8221;1&#8243; _builder_version=&#8221;3.22&#8243; locked=&#8221;off&#8221;][et_pb_row column_structure=&#8221;2_5,3_5&#8243; _builder_version=&#8221;3.25&#8243;][et_pb_column type=&#8221;2_5&#8243; _builder_version=&#8221;3.25&#8243; custom_padding=&#8221;|||&#8221; custom_padding__hover=&#8221;|||&#8221;][et_pb_image src=&#8221;https:\/\/pdi.ro\/2021\/wp-content\/uploads\/2021\/07\/SpinuAlina-Elena-web.jpg&#8221; title_text=&#8221;Sp\u00eenuAlina Elena web&#8221; align=&#8221;center&#8221; align_tablet=&#8221;center&#8221; align_phone=&#8221;&#8221; align_last_edited=&#8221;on|desktop&#8221; _builder_version=&#8221;4.9.7&#8243; max_width=&#8221;31%&#8221; hover_enabled=&#8221;0&#8243; border_radii=&#8221;on|100px|100px|100px|100px&#8221; sticky_enabled=&#8221;0&#8243;][\/et_pb_image][\/et_pb_column][et_pb_column type=&#8221;3_5&#8243; _builder_version=&#8221;3.25&#8243; custom_padding=&#8221;|||&#8221; custom_padding__hover=&#8221;|||&#8221;][et_pb_text _builder_version=&#8221;4.9.7&#8243; hover_enabled=&#8221;0&#8243; sticky_enabled=&#8221;0&#8243;]<\/p>\n<h4><strong><span style=\"color: #ff6600;\"><\/span><\/strong><\/h4>\n<h4><strong><span style=\"color: #ff6600;\"><\/span><\/strong><\/h4>\n<h4><strong><span style=\"color: #ff6600;\"><\/span><\/strong><\/h4>\n<h4><strong><span style=\"color: #ff6600;\">Dr. Alina Elena Sp\u00eenu<\/span><\/strong><br \/><strong><span style=\"color: #ff6600;\">Departamentul de Dermatologie, Spitalul CF Ia\u0219i<\/span><\/strong><\/h4>\n<p>[\/et_pb_text][\/et_pb_column][\/et_pb_row][et_pb_row _builder_version=&#8221;3.25&#8243;][et_pb_column type=&#8221;4_4&#8243; _builder_version=&#8221;3.25&#8243; custom_padding=&#8221;|||&#8221; custom_padding__hover=&#8221;|||&#8221;][et_pb_text _builder_version=&#8221;4.9.7&#8243; hover_enabled=&#8221;0&#8243; sticky_enabled=&#8221;0&#8243;]<\/p>\n<p style=\"text-align: justify;\"><span style=\"color: #ff6600;\">Leziunile erozive orale \u2013 o continu\u0103 provocare \u00een practica dermatologic\u0103<br \/><\/span><\/p>\n<p>Autori: Alina Elena Sp\u00eenu1, Daciana Elena Br\u0103ni\u0219teanu2, Anastasia Vicovan1, Diana \u0218tefania D\u00eerzu1, Andreea Corina Dr\u0103goi1, \u0218tefana Maria Cap\u0219a1, Roxana Bilib\u0103u1, Andreea Tucaliuc1, Isabela Alexandra Fartu\u0219nic1, C\u0103t\u0103lina Cojocaru1, Mihaela Paula Toader3<br \/>1Clinica de Dermatologie, Spitalul Clinic CF Ia\u0219i, Rom\u00e2nia<br \/>2Disciplina Dermatologie, Facultatea de Medicin\u0103 General\u0103, U.M.F. \u201dGrigore T. Popa\u201d Ia\u0219i, Rom\u00e2nia<br \/>3Disciplina Dermatologie oral\u0103, Facultatea de Medicin\u0103 Dentar\u0103, U.M.F. \u201dGrigore T. Popa\u201d Ia\u0219i, Rom\u00e2nia<\/p>\n<p style=\"text-align: justify;\">Cuvinte cheie: napkin, psoriazis, nou-n\u0103scut, provocare, tratament<\/p>\n<p style=\"text-align: justify;\">Leziunile erozive ale cavit\u0103\u021bii orale sunt o prezentare clinic\u0103 comun\u0103, nespecific\u0103, a unui spectru larg de patologii de natur\u0103 \u0219i severitate foarte diferite, astfel \u00eenc\u00e2t diagnosticul pozitiv este deseori o adev\u0103rat\u0103 provocare pentru clinician. Prezent\u0103m cazul unei paciente \u00een v\u00e2rst\u0103 de 30 de ani, cunoscut\u0103 cu alergie confirmat\u0103 prin patch-test la materiale de restaurare dentar\u0103, cu implanturi dentare metalice, care s-a internat pentru plaje erozive intens dureroase, par\u021bial acoperite de pseudomembrane localizate la nivelul cavit\u0103\u021bii orale, cu extindere vermilionar\u0103, \u00eenso\u021bite de disfagie \u0219i dificult\u0103\u021bi \u00een alimenta\u021bie. Aspectul clinic nespecific \u0219i absen\u021ba leziunilor cutanate asociate, a impus efectuarea examenului histopatologic \u0219i detectarea anticorpilor circulan\u021bi anti Dsg-1 \u0219i anti Dsg-3 prin metoda ELISA, care au stabilit diagnosticul de pemfigus oral. Pemfigusul este o boal\u0103 autoimun\u0103 cronic\u0103 sever\u0103, cu poten\u021bial risc vital, care debuteaz\u0103 \u00een 60% din cazuri la nivelul cavit\u0103\u021bii orale, moment \u00een care se afl\u0103 la grani\u021ba dintre specialit\u0103\u021bi. Diagnosticul precoce necesit\u0103 un grad mare de suspiciune clinic\u0103 \u0219i impune nevoia elabor\u0103rii unui algoritm de diagnostic. De\u0219i leziunile erozive de la nivelul cavit\u0103\u021bii orale \u00een absen\u021ba manifest\u0103rilor tegumentare sunt dificil de diagnosticat, medicul dermatolog are un rol cheie \u00een gestionarea acestor cazuri.<\/p>\n<p style=\"text-align: justify;\"><span style=\"color: #ff6600;\">Oral erosive lesions &#8211; a continuous challenge in dermatological practice<br \/><\/span><\/p>\n<p>Authors: Alina Elena Sp\u00eenu1, Daciana Elena Br\u0103ni\u0219teanu2, Anastasia Vicovan1, Diana \u0218tefania D\u00eerzu1, Andreea Corina Dr\u0103goi1, \u0218tefana Maria Cap\u0219a1, Roxana Bilib\u0103u1, Andreea Tucaliuc1, Isabela Alexandra Fartu\u0219nic1, C\u0103t\u0103lina Cojocaru1, Mihaela Paula Toader3<\/p>\n<p>1Department of Dermatology, \u201cRailway Clinical Hospital\u201d, Iasi, Romania<br \/>2Department of Dermatology, \u201cGrigore T. Popa\u201d University of Medicine and Pharmacy, Iasi, Romania<br \/>3Department of Oral Dermatology, \u201cGrigore T. Popa\u201d University of Medicine and Pharmacy, Iasi, Romania<\/p>\n<p>Keywords: oral erosions, oral pemphigus, antidesmoglein antibodies<\/p>\n<p style=\"text-align: justify;\">Erosive lesions of the oral cavity are a common, nonspecific clinical presentation of a wide range of morbid conditions of very different nature and severity, making the positive diagnosis a real challenge for the clinician. We present the case of a 30-year-old patient, known with allergy to metallic dental restoration materials confirmed by cutaneous patch-tests, with metallic dental implants, who was hospitalized for extensive, intensely painful erosive lesions, partially covered by pseudomembranes located on the oral mucosa, with vermillion involvement, accompanied by dysphagia and eating difficulties. The non-specific clinical appearance and the absence of associated skin lesions required histopathological examination and detection of circulating anti-Dsg-1 and anti-Dsg-3 antibodies by ELISA method, which established the diagnosis of oral pemphigus. Pemphigus is a severe potentially life-threatening, chronic autoimmune disease, with onset on the oral mucosa in 60% of cases. In the absence of cutaneous lesions, the diagnosis lies at the border between specialties. Early diagnosis requires a high degree of clinical suspicion and imposes the need to develop a diagnostic algorithm. Although erosive lesions in the oral cavity in the absence of skin manifestations are difficult to diagnose, the dermatologist has a key role in managing these cases.<\/p>\n<p>&nbsp;<\/p>\n<p>[\/et_pb_text][\/et_pb_column][\/et_pb_row][\/et_pb_section][et_pb_section fb_built=&#8221;1&#8243; _builder_version=&#8221;4.9.6&#8243; background_color=&#8221;rgba(117,194,33,0.23)&#8221; background_image=&#8221;https:\/\/pdi.ro\/2021\/wp-content\/uploads\/2021\/05\/PDI2021_header_1920x550px.jpg&#8221; background_blend=&#8221;multiply&#8221; custom_padding=&#8221;54px|0px|0|0px|false|false&#8221; top_divider_style=&#8221;waves2&#8243; top_divider_color=&#8221;#ffffff&#8221; top_divider_height=&#8221;155px&#8221; top_divider_height_tablet=&#8221;&#8221; top_divider_height_phone=&#8221;97px&#8221; top_divider_height_last_edited=&#8221;on|desktop&#8221; bottom_divider_style=&#8221;waves2&#8243; bottom_divider_color=&#8221;#75c221&#8243; bottom_divider_flip=&#8221;vertical&#8221; bottom_divider_height_tablet=&#8221;&#8221; bottom_divider_height_phone=&#8221;59px&#8221; bottom_divider_height_last_edited=&#8221;on|desktop&#8221; global_module=&#8221;9177&#8243; saved_tabs=&#8221;all&#8221;][et_pb_row column_structure=&#8221;3_5,2_5&#8243; _builder_version=&#8221;3.25&#8243; custom_padding=&#8221;61px|0px|69px|0px|false|false&#8221;][et_pb_column type=&#8221;3_5&#8243; _builder_version=&#8221;3.25&#8243; custom_padding=&#8221;|||&#8221; custom_padding__hover=&#8221;|||&#8221;][et_pb_text _builder_version=&#8221;4.9.4&#8243; text_font=&#8221;Kaushan Script||||||||&#8221; text_text_color=&#8221;#f0622a&#8221; text_font_size=&#8221;30px&#8221; text_line_height=&#8221;1.2em&#8221; header_font=&#8221;||||||||&#8221; background_layout=&#8221;dark&#8221; text_font_size_tablet=&#8221;&#8221; text_font_size_phone=&#8221;&#8221; text_font_size_last_edited=&#8221;on|desktop&#8221;]<\/p>\n<p>Contacteaz\u0103 operatorul PDI 2021<\/p>\n<p>[\/et_pb_text][et_pb_contact_form email=&#8221;contact@pdi.ro\/2021\/2019&#8243; submit_button_text=&#8221;Trimite mesajul&#8221; _builder_version=&#8221;4.9.4&#8243; title_font=&#8221;||||||||&#8221; custom_button=&#8221;on&#8221; button_text_color=&#8221;#F0622A&#8221;][et_pb_contact_field field_id=&#8221;Name&#8221; field_title=&#8221;Nume&#8221; _builder_version=&#8221;3.18.9&#8243; button_text_size__hover_enabled=&#8221;off&#8221; button_one_text_size__hover_enabled=&#8221;off&#8221; button_two_text_size__hover_enabled=&#8221;off&#8221; button_text_color__hover_enabled=&#8221;off&#8221; button_one_text_color__hover_enabled=&#8221;off&#8221; button_two_text_color__hover_enabled=&#8221;off&#8221; button_border_width__hover_enabled=&#8221;off&#8221; button_one_border_width__hover_enabled=&#8221;off&#8221; button_two_border_width__hover_enabled=&#8221;off&#8221; button_border_color__hover_enabled=&#8221;off&#8221; button_one_border_color__hover_enabled=&#8221;off&#8221; button_two_border_color__hover_enabled=&#8221;off&#8221; button_border_radius__hover_enabled=&#8221;off&#8221; button_one_border_radius__hover_enabled=&#8221;off&#8221; button_two_border_radius__hover_enabled=&#8221;off&#8221; button_letter_spacing__hover_enabled=&#8221;off&#8221; button_one_letter_spacing__hover_enabled=&#8221;off&#8221; button_two_letter_spacing__hover_enabled=&#8221;off&#8221; button_bg_color__hover_enabled=&#8221;off&#8221; button_one_bg_color__hover_enabled=&#8221;off&#8221; button_two_bg_color__hover_enabled=&#8221;off&#8221;][\/et_pb_contact_field][et_pb_contact_field field_id=&#8221;Email&#8221; field_title=&#8221;Adresa de e-mail&#8221; field_type=&#8221;email&#8221; _builder_version=&#8221;3.19.4&#8243; button_text_size__hover_enabled=&#8221;off&#8221; button_one_text_size__hover_enabled=&#8221;off&#8221; button_two_text_size__hover_enabled=&#8221;off&#8221; button_text_color__hover_enabled=&#8221;off&#8221; button_one_text_color__hover_enabled=&#8221;off&#8221; button_two_text_color__hover_enabled=&#8221;off&#8221; button_border_width__hover_enabled=&#8221;off&#8221; button_one_border_width__hover_enabled=&#8221;off&#8221; button_two_border_width__hover_enabled=&#8221;off&#8221; button_border_color__hover_enabled=&#8221;off&#8221; button_one_border_color__hover_enabled=&#8221;off&#8221; button_two_border_color__hover_enabled=&#8221;off&#8221; button_border_radius__hover_enabled=&#8221;off&#8221; button_one_border_radius__hover_enabled=&#8221;off&#8221; button_two_border_radius__hover_enabled=&#8221;off&#8221; button_letter_spacing__hover_enabled=&#8221;off&#8221; button_one_letter_spacing__hover_enabled=&#8221;off&#8221; button_two_letter_spacing__hover_enabled=&#8221;off&#8221; button_bg_color__hover_enabled=&#8221;off&#8221; button_one_bg_color__hover_enabled=&#8221;off&#8221; button_two_bg_color__hover_enabled=&#8221;off&#8221;][\/et_pb_contact_field][et_pb_contact_field field_id=&#8221;Message&#8221; field_title=&#8221;Mesajul dvs.&#8221; field_type=&#8221;text&#8221; fullwidth_field=&#8221;on&#8221; _builder_version=&#8221;3.18.9&#8243; button_text_size__hover_enabled=&#8221;off&#8221; button_one_text_size__hover_enabled=&#8221;off&#8221; button_two_text_size__hover_enabled=&#8221;off&#8221; button_text_color__hover_enabled=&#8221;off&#8221; button_one_text_color__hover_enabled=&#8221;off&#8221; button_two_text_color__hover_enabled=&#8221;off&#8221; button_border_width__hover_enabled=&#8221;off&#8221; button_one_border_width__hover_enabled=&#8221;off&#8221; button_two_border_width__hover_enabled=&#8221;off&#8221; button_border_color__hover_enabled=&#8221;off&#8221; button_one_border_color__hover_enabled=&#8221;off&#8221; button_two_border_color__hover_enabled=&#8221;off&#8221; button_border_radius__hover_enabled=&#8221;off&#8221; button_one_border_radius__hover_enabled=&#8221;off&#8221; button_two_border_radius__hover_enabled=&#8221;off&#8221; button_letter_spacing__hover_enabled=&#8221;off&#8221; button_one_letter_spacing__hover_enabled=&#8221;off&#8221; button_two_letter_spacing__hover_enabled=&#8221;off&#8221; button_bg_color__hover_enabled=&#8221;off&#8221; button_one_bg_color__hover_enabled=&#8221;off&#8221; button_two_bg_color__hover_enabled=&#8221;off&#8221;][\/et_pb_contact_field][\/et_pb_contact_form][\/et_pb_column][et_pb_column type=&#8221;2_5&#8243; _builder_version=&#8221;3.25&#8243; custom_padding=&#8221;|||&#8221; custom_padding__hover=&#8221;|||&#8221;][et_pb_text _builder_version=&#8221;4.9.4&#8243; text_font=&#8221;Kaushan Script||||||||&#8221; text_text_color=&#8221;#f0622a&#8221; text_font_size=&#8221;30px&#8221; header_font=&#8221;||||||||&#8221; background_layout=&#8221;dark&#8221;]<\/p>\n<p>Operatorul PDI 2021<\/p>\n<p>[\/et_pb_text][et_pb_text _builder_version=&#8221;4.0.11&#8243; text_font=&#8221;||||||||&#8221;]<\/p>\n<p><span><img loading=\"lazy\" decoding=\"async\" src=\"https:\/\/pdi.ro\/2021\/wp-content\/uploads\/2020\/02\/eventer_logo_150px.png\" width=\"151\" height=\"33\" alt=\"\" class=\"wp-image-774 alignleft size-full\" \/><\/span><\/p>\n<p><span><\/span><\/p>\n<p><span><\/span><\/p>\n<p><span>Adresa: Str. A. Panu nr. 13, Iasi<\/span><br \/> <span>Tel.: 0332.40.88.00-05<\/span><br \/> <span>E-mail: <a href=\"mailto:inscrieri@primaderma.ro\" target=\"_blank\" rel=\"noopener noreferrer\">inscrieri@primaderma.ro<\/a><br \/> <\/span><span>Website:\u00a0<\/span><a href=\"http:\/\/www.eventernet.ro\/\" target=\"Blank\" rel=\"noopener noreferrer\">www.eventernet.ro<\/a><\/p>\n<p>[\/et_pb_text][et_pb_text disabled_on=&#8221;off|off|off&#8221; _builder_version=&#8221;4.0.11&#8243; text_font=&#8221;Kaushan Script||||||||&#8221; text_text_color=&#8221;#f0622a&#8221; text_font_size=&#8221;30px&#8221; header_font=&#8221;||||||||&#8221; background_layout=&#8221;dark&#8221; locked=&#8221;off&#8221;]<\/p>\n<p>Parteneri Media<\/p>\n<p>[\/et_pb_text][et_pb_gallery gallery_ids=&#8221;7203,7204,9252,9464,10156,10157,10556&#8243; fullwidth=&#8221;on&#8221; _builder_version=&#8221;4.9.7&#8243; transform_scale=&#8221;86%|86%&#8221; max_width=&#8221;63%&#8221; auto=&#8221;on&#8221; auto_speed=&#8221;3500&#8243; hover_transition_duration=&#8221;100ms&#8221; hover_transition_delay=&#8221;50ms&#8221; hover_transition_speed_curve=&#8221;ease-in-out&#8221; locked=&#8221;off&#8221;][\/et_pb_gallery][\/et_pb_column][\/et_pb_row][\/et_pb_section]<\/p>\n","protected":false},"excerpt":{"rendered":"<p>Dr. Alina Elena Sp\u00eenuDepartamentul de Dermatologie, Spitalul CF Ia\u0219iLeziunile erozive orale \u2013 o continu\u0103 provocare \u00een practica dermatologic\u0103 Autori: Alina Elena Sp\u00eenu1, Daciana Elena Br\u0103ni\u0219teanu2, Anastasia Vicovan1, Diana \u0218tefania D\u00eerzu1, Andreea Corina Dr\u0103goi1, \u0218tefana Maria Cap\u0219a1, Roxana Bilib\u0103u1, Andreea Tucaliuc1, Isabela Alexandra Fartu\u0219nic1, C\u0103t\u0103lina Cojocaru1, Mihaela Paula Toader31Clinica de Dermatologie, Spitalul Clinic CF Ia\u0219i, Rom\u00e2nia2Disciplina [&hellip;]<\/p>\n","protected":false},"author":2,"featured_media":0,"parent":0,"menu_order":0,"comment_status":"closed","ping_status":"closed","template":"","meta":{"_et_pb_use_builder":"on","_et_pb_old_content":"","_et_gb_content_width":"","footnotes":""},"class_list":["post-10637","page","type-page","status-publish","hentry"],"_links":{"self":[{"href":"https:\/\/pdi.ro\/2021\/wp-json\/wp\/v2\/pages\/10637","targetHints":{"allow":["GET"]}}],"collection":[{"href":"https:\/\/pdi.ro\/2021\/wp-json\/wp\/v2\/pages"}],"about":[{"href":"https:\/\/pdi.ro\/2021\/wp-json\/wp\/v2\/types\/page"}],"author":[{"embeddable":true,"href":"https:\/\/pdi.ro\/2021\/wp-json\/wp\/v2\/users\/2"}],"replies":[{"embeddable":true,"href":"https:\/\/pdi.ro\/2021\/wp-json\/wp\/v2\/comments?post=10637"}],"version-history":[{"count":2,"href":"https:\/\/pdi.ro\/2021\/wp-json\/wp\/v2\/pages\/10637\/revisions"}],"predecessor-version":[{"id":10640,"href":"https:\/\/pdi.ro\/2021\/wp-json\/wp\/v2\/pages\/10637\/revisions\/10640"}],"wp:attachment":[{"href":"https:\/\/pdi.ro\/2021\/wp-json\/wp\/v2\/media?parent=10637"}],"curies":[{"name":"wp","href":"https:\/\/api.w.org\/{rel}","templated":true}]}}