{"id":45,"date":"2020-02-04T13:48:51","date_gmt":"2020-02-04T13:48:51","guid":{"rendered":"https:\/\/primaderma.ro\/?page_id=45"},"modified":"2021-07-20T07:04:09","modified_gmt":"2021-07-20T05:04:09","slug":"comitete","status":"publish","type":"page","link":"https:\/\/pdi.ro\/2021\/comitete\/","title":{"rendered":"Comitete"},"content":{"rendered":"<p>[et_pb_section fb_built=&#8221;1&#8243; fullwidth=&#8221;on&#8221; disabled_on=&#8221;on|off|off&#8221; _builder_version=&#8221;3.22&#8243; custom_margin=&#8221;||&#8221; custom_padding=&#8221;15px||29px&#8221; top_divider_style=&#8221;waves2&#8243; top_divider_color=&#8221;#f0622a&#8221; top_divider_flip=&#8221;horizontal|vertical&#8221; bottom_divider_style=&#8221;waves2&#8243; bottom_divider_color=&#8221;#fcdedb&#8221; bottom_divider_height=&#8221;105px&#8221; bottom_divider_flip=&#8221;vertical&#8221; global_module=&#8221;9062&#8243; saved_tabs=&#8221;all&#8221; collapsed=&#8221;off&#8221;][et_pb_fullwidth_header title=&#8221;@ET-DC@eyJkeW5hbWljIjp0cnVlLCJjb250ZW50IjoicG9zdF90aXRsZSIsInNldHRpbmdzIjp7ImJlZm9yZSI6IiIsImFmdGVyIjoiIn19@&#8221; text_orientation=&#8221;right&#8221; header_image_url=&#8221;https:\/\/pdi.ro\/2021\/wp-content\/uploads\/2021\/05\/PDI2021_logo_header_int_600x300px.png&#8221; disabled_on=&#8221;on|on|off&#8221; _builder_version=&#8221;4.9.4&#8243; _dynamic_attributes=&#8221;title&#8221; title_font=&#8221;Kaushan Script||||||||&#8221; title_text_align=&#8221;right&#8221; title_text_color=&#8221;#f0622a&#8221; title_font_size=&#8221;50px&#8221; content_font=&#8221;|600||on|||||&#8221; content_text_align=&#8221;center&#8221; content_text_color=&#8221;#686766&#8243; content_font_size=&#8221;15px&#8221; subhead_font=&#8221;||||||||&#8221; background_color=&#8221;#ef916b&#8221; background_image=&#8221;https:\/\/pdi.ro\/2021\/wp-content\/uploads\/2021\/05\/PDI2021_header_1920x550px.jpg&#8221; background_blend=&#8221;luminosity&#8221; background_layout=&#8221;light&#8221; custom_margin=&#8221;0px||8px&#8221; custom_padding=&#8221;40px||40px||true&#8221; content_font_size_tablet=&#8221;&#8221; content_font_size_phone=&#8221;15px&#8221; content_font_size_last_edited=&#8221;on|desktop&#8221;][\/et_pb_fullwidth_header][\/et_pb_section][et_pb_section fb_built=&#8221;1&#8243; disabled_on=&#8221;off|off|off&#8221; _builder_version=&#8221;4.9.7&#8243; top_divider_style=&#8221;waves2&#8243; top_divider_color=&#8221;#fcdedb&#8221; top_divider_height=&#8221;95px&#8221; top_divider_flip=&#8221;horizontal|vertical&#8221;][et_pb_row _builder_version=&#8221;4.9.7&#8243; custom_margin=&#8221;60px||||false|false&#8221; border_width_top=&#8221;3px&#8221; border_color_top=&#8221;#f0622a&#8221;][et_pb_column type=&#8221;4_4&#8243; _builder_version=&#8221;3.25&#8243; custom_padding=&#8221;|||&#8221; custom_padding__hover=&#8221;|||&#8221;][et_pb_text _builder_version=&#8221;4.9.4&#8243;]<\/p>\n<h2 style=\"text-align: center;\"><span style=\"color: #ff6600;\"><strong>Comitet de organizare<\/strong><\/span><\/h2>\n<h2 style=\"text-align: center;\"><span style=\"color: #ff6600;\"><strong>PDI 2021<\/strong><\/span><\/h2>\n<p>[\/et_pb_text][\/et_pb_column][\/et_pb_row][et_pb_row _builder_version=&#8221;3.25&#8243; custom_margin=&#8221;-44px||&#8221;][et_pb_column type=&#8221;4_4&#8243; _builder_version=&#8221;3.25&#8243; custom_padding=&#8221;|||&#8221; custom_padding__hover=&#8221;|||&#8221;][et_pb_text _builder_version=&#8221;4.9.7&#8243;]<\/p>\n<h3 style=\"text-align: center;\"><strong>Pre\u0219edin\u0163i<\/strong><\/h3>\n<p style=\"text-align: center;\">Prof. Dr. Daciana Elena Br\u0103ni\u015fteanu (Ia\u015fi)<br \/>Prof. Dr. Simona Roxana Georgescu (Bucure\u0219ti)<\/p>\n<h3 style=\"text-align: center;\"><strong>Pre\u015fedin\u0163i de Onoare<\/strong><\/h3>\n<p style=\"text-align: center;\">Prof. Dr. Andrew Nicolaides (Marea Britanie)<br \/>Prof. Dr. Torello Lotti (Italia)<br \/>Prof. Dr. Niazi Khursow (S.U.A.)<br \/>Prof. Dr. Viorel Scripcariu (Ia\u015fi)<br \/>Prof. Dr. C\u0103lin Giurc\u0103neanu (Bucure\u0219ti)<br \/>Prof.\u00a0 Dr. L\u0103cr\u0103mioara Ionela \u015eerban (Ia\u015fi)<\/p>\n<h3 style=\"text-align: center;\"><strong>Vicepre\u0219edin\u0163i<\/strong><\/h3>\n<p style=\"text-align: center;\">Prof. Dr. Diana Deleanu (Cluj)<br \/>Prof. Dr. Monica H\u0103ncianu (Ia\u0219i)<br \/>Prof. Dr. Lumini\u021ba Smaranda Iancu (Ia\u015fi)<br \/>Cercet. \u0218t. gr. I Dr. Vasile Benea (Bucure\u015fti)<br \/>Conf. Dr. Daniel Boda (Bucure\u015fti)<br \/>Conf. Dr. Daniel Constantin Br\u0103ni\u015fteanu (Ia\u015fi)<br \/>\u0218ef Lucr\u0103ri Dr. Mihai Glod (Ia\u0219i)<br \/>Dr. Alin Nicolescu (Bucure\u0219ti)<br \/>Dr. Daniel Costache (Bucure\u0219ti)<br \/>Dr. Dana Mihaela Jianu (Bucure\u0219ti)<\/p>\n<h3 style=\"text-align: center;\"><strong>Membri<\/strong><\/h3>\n<p style=\"text-align: center;\">Dr. Andreea Molodoi (Roman)<br \/>Dr. Daniela Vasilu\u0163 (Vatra Dornei)<br \/>Dr. Andreea Dimitriu (Ia\u0219i)<br \/>Dr. Georgiana Mih\u0103il\u0103 (B\u00e2rlad)<br \/>\u0218ef Lucr. Dr. Aida B\u0103descu (Ia\u0219i)<br \/>Conf. Dr. Aida M\u0103r\u0103nduca (Ia\u0219i)<br \/>C\u0103t\u0103lina Ioana Br\u0103ni\u0219teanu (Ia\u0219i)<br \/>Roxana Bilib\u0103u (Ia\u0219i)<br \/>\u0218tefana Maria Cap\u0219a (Ia\u0219i)<br \/>C\u0103t\u0103lina Cojocaru (Ia\u0219i)<br \/>Diana \u0218tefania D\u00eerzu (Ia\u0219i)<br \/>George Iulian Br\u0103ni\u0219teanu (Ia\u0219i)<br \/>Corina Andreea Dr\u0103goi (Ia\u0219i)<br \/>Isabela Fartu\u0219nic (Ia\u0219i)<br \/>Alina P\u0103lie (Ia\u0219i)<br \/>Andreea Tucaliuc (Ia\u0219i)<br \/>Anastasia Vicovan (Ia\u0219i)<\/p>\n<h3 style=\"text-align: center;\"><strong>Secretariat \u0218tiin\u0163ific:<\/strong><\/h3>\n<p style=\"text-align: center;\">\u0218ef. lucr. Dr. Paula Toader (Ia\u0219i)<br \/>\u0218ef. lucr. Dr. Porumb Andrese Elena (Ia\u0219i)<\/p>\n<p>[\/et_pb_text][\/et_pb_column][\/et_pb_row][et_pb_row disabled_on=&#8221;off|off|off&#8221; _builder_version=&#8221;4.9.7&#8243; border_width_top=&#8221;3px&#8221; border_color_top=&#8221;#f0622a&#8221;][et_pb_column type=&#8221;4_4&#8243; _builder_version=&#8221;3.25&#8243; custom_padding=&#8221;|||&#8221; custom_padding__hover=&#8221;|||&#8221;][et_pb_text _builder_version=&#8221;4.9.4&#8243;]<\/p>\n<h2 style=\"text-align: center;\"><span style=\"color: #ff6600;\"><strong>Comitet \u0219tiin\u0163ific<\/strong><\/span><\/h2>\n<h2 style=\"text-align: center;\"><span style=\"color: #ff6600;\"><strong>PDI 2021<\/strong><\/span><\/h2>\n<p>[\/et_pb_text][\/et_pb_column][\/et_pb_row][et_pb_row column_structure=&#8221;1_5,1_5,1_5,1_5,1_5&#8243; disabled_on=&#8221;off|off|off&#8221; _builder_version=&#8221;4.9.7&#8243; max_width=&#8221;1338px&#8221; custom_margin=&#8221;-43px||&#8221; use_custom_width=&#8221;on&#8221; custom_width_px=&#8221;1338px&#8221;][et_pb_column type=&#8221;1_5&#8243; _builder_version=&#8221;3.25&#8243; custom_padding=&#8221;|||&#8221; custom_padding__hover=&#8221;|||&#8221;][et_pb_text _builder_version=&#8221;4.9.9&#8243; custom_margin=&#8221;|-50px|||false|false&#8221; hover_enabled=&#8221;0&#8243; sticky_enabled=&#8221;0&#8243;]<\/p>\n<p>Prof. Dr. Razvigor Darlenski (Bulgaria)<br \/>Prof. Dr. Khusrow Niazi (S.U.A)<br \/>Prof. Dr. Dragana Nikitovic (Grecia)<br \/>Prof. Dr. Luc Moraglia (Fran\u021ba)<br \/>Prof. Dr. Devinder Parshad (India)<br \/>Prof. Dr. Iulia Popescu (S.U.A.)<br \/>Prof. Dr. Lotti Torello (Italia)<br \/>Prof. Dr. Donato Zipeto (Italia)<br \/>Dr. Riccardo Pampena (Italia)<br \/>Dr. Roxanna Sadoughifar (Iran)<\/p>\n<p>[\/et_pb_text][\/et_pb_column][et_pb_column type=&#8221;1_5&#8243; _builder_version=&#8221;3.25&#8243; custom_padding=&#8221;|||&#8221; custom_padding__hover=&#8221;|||&#8221;][et_pb_text _builder_version=&#8221;4.9.7&#8243; custom_margin=&#8221;|-50px|||false|false&#8221; custom_padding=&#8221;||||false|false&#8221;]Prof. Dr. Mihail Alecu<br \/>\nProf. Dr. Robert Ancuceanu<br \/>\nProf. Dr. Codrina Ancu\u021ba<br \/>\nProf. Dr. C\u0103t\u0103lina Arsenescu Georgescu<br \/>\nProf. Dr. Magda B\u0103descu<br \/>\nProf. Dr. Camelia Bogd\u0103nici<br \/>\nProf. Dr. Mihai Bojinc\u0103<br \/>\nProf. Dr. Daciana Br\u0103ni\u015fteanu<br \/>\nProf. Dr. Daniela C\u0103lina<br \/>\nProf. Dr. Constantin C\u0103runtu<br \/>\nProf. Dr. Diana Cimpoe\u0219u<br \/>\nProf. Dr. Anamaria Ciubar\u0103<br \/>\nProf. Dr. C\u0103t\u0103lin Codreanu<br \/>\nProf. Dr. Diana Deleanu<br \/>\nProf. Dr. Doina Dr\u0103g\u0103nescu<br \/>\nProf. Dr. Simona Georgescu<br \/>\nProf. Dr. Claudia Gherman<br \/>\nProf. Dr. C\u0103lin Giurc\u0103neanu<br \/>\nProf. Dr. Monica H\u0103ncianu<br \/>\nProf. Dr. Simona Iano\u0219i<br \/>\nProf. Dr. C\u0103t\u0103lina Luca<br \/>\nProf. Dr. Egidia Miftode<br \/>\nProf. Dr. Evelina Moraru<br \/>\nProf. Dr. Alexandru Oan\u0163\u0103<br \/>\nProf. Dr. Mircea Onofriescu<br \/>\nProf. Dr. Alin Lauren\u021biu Tatu[\/et_pb_text][\/et_pb_column][et_pb_column type=&#8221;1_5&#8243; _builder_version=&#8221;3.25&#8243; custom_padding=&#8221;|||&#8221; custom_padding__hover=&#8221;|||&#8221;][et_pb_text _builder_version=&#8221;4.9.7&#8243;]<\/p>\n<p>Prof. Dr. Gabriela T\u0103t\u0103r\u00e2ng\u0103<br \/>Prof. Dr. George Sorin \u021aiplic\u0103<br \/>Prof. Dr. Liliana Ana Tu\u021b\u0103<br \/>Prof. Dr. Florentin Vreju<br \/>Prof. Dr. Sabina Zurac<br \/>C.\u0218t. gr. I Dr. Vasile Benea<br \/>C.\u0218t. gr. I Dr. Carolina Constantin<br \/>C.\u0218t. gr. I Dr. Monica Neagu<br \/>Conf. Dr. Andra B\u0103l\u0103nescu<br \/>Conf. Dr. Daniel Boda<br \/>Conf. Dr. Daniel Br\u0103ni\u0219teanu<br \/>Conf. Dr. Magda Constantin<br \/>Conf. Dr. Victor Costan<br \/>Conf. Dr. Patricia Cristodor<br \/>Conf. Dr. Anca Docea<br \/>Conf. Dr. Laura Endres<br \/>Conf. Dr. Cristina Furnic\u0103<br \/>Conf. Dr. C\u0103t\u0103lina Lionte<br \/>Conf. Dr. Viviana Onofrei<br \/>Conf. Dr. Liviu Oprea<br \/>Conf. Dr. Daniela Opri\u0219-Belinski<br \/>Conf. Dr. Cristina Popa<br \/>Conf. Dr. C\u0103t\u0103lin Popescu<br \/>Conf. Dr. Cristina Preda<\/p>\n<p>[\/et_pb_text][\/et_pb_column][et_pb_column type=&#8221;1_5&#8243; _builder_version=&#8221;3.25&#8243; custom_padding=&#8221;|||&#8221; custom_padding__hover=&#8221;|||&#8221;][et_pb_text _builder_version=&#8221;4.9.7&#8243;]Conf. Dr. Daniela Radu<br \/>\nConf. Dr. Gabriela Stoleriu<br \/>\n\u0218ef Lucr. Dr. Aida Corina B\u0103descu<br \/>\n\u0218ef lucr. Dr. Ilarie Brihan<br \/>\n\u0218ef Lucr. Dr. Petra Decean<br \/>\n\u0218ef Lucr. Dr. Florina Filip Ciubotaru<br \/>\n\u0218ef Lucr. Dr. Ileana Filipescu<br \/>\n\u0218ef Lucr. Dr. Laura Florea<br \/>\n\u0218ef Lucr. Dr. Mihail Glod<br \/>\n\u0218ef Lucr. Dr. Nicu\u021ba Manolache<br \/>\n\u0218ef Lucr. Dr. Elena Porumb Andrese<br \/>\n\u0218ef Lucr. Dr. Camelia Tama\u0219<br \/>\n\u0218ef Lucr. Dr. Paula Toader<br \/>\nAsist. Univ. Dr. Anisia Iuliana Alexa<br \/>\nAsist. Univ. Dr. Mihaela Panduru<br \/>\nAsist. Univ. Dr. Irena Pintea<br \/>\nAsist. Univ. Dr. Antonia Radu<br \/>\nAsist. Univ. Dr. Gloria Suciu<br \/>\nAsist. Univ. Dr. Vlad Voiculescu<br \/>\nDr. Sonia B\u0103dulici[\/et_pb_text][\/et_pb_column][et_pb_column type=&#8221;1_5&#8243; _builder_version=&#8221;3.25&#8243; custom_padding=&#8221;|||&#8221; custom_padding__hover=&#8221;|||&#8221;][et_pb_text _builder_version=&#8221;4.9.7&#8243;]Dr. Mirela Cherciu<br \/>\nDr. Daniel Costache<br \/>\nDr. Raluca Cojocariu<br \/>\nDr. Petronela Cozma<br \/>\nDr. Carmen Curea<br \/>\nDr. Adriana Diaconeasa<br \/>\nDr. Andreea Dimitriu<br \/>\nDr. Costel Dobre<br \/>\nDr. Toni Feodor<br \/>\nDr. Laura Florea<br \/>\nDr. Razvan Adrian Ionescu<br \/>\nDr. Nicolae Iordache Iordache<br \/>\nDr. Dana Jianu<br \/>\nDr. \u0218tefan Jianu<br \/>\nDr. Andreea Matei<br \/>\nDr. Liliana Mihailov<br \/>\nDr. Andreea Molodoi<br \/>\nDr. Irinel Nedelcu<br \/>\nDr. Alin Nicolescu<br \/>\nDr. Marcela Poenaru<br \/>\nDr. Diana Pl\u0103cintescu<br \/>\nDr. Petru Pl\u0103m\u0103deal\u0103<br \/>\nDr. Mihaela Vidan Popa<br \/>\nDr. Gabriela Ungureanu<br \/>\nPsih. Liliana Luca[\/et_pb_text][\/et_pb_column][\/et_pb_row][et_pb_row disabled_on=&#8221;on|on|on&#8221; _builder_version=&#8221;4.9.7&#8243; border_width_top=&#8221;3px&#8221; border_color_top=&#8221;#f0622a&#8221; disabled=&#8221;on&#8221;][et_pb_column type=&#8221;4_4&#8243; _builder_version=&#8221;3.25&#8243; custom_padding=&#8221;|||&#8221; custom_padding__hover=&#8221;|||&#8221;][et_pb_text _builder_version=&#8221;4.9.4&#8243;]<\/p>\n<h2 style=\"text-align: center;\"><span style=\"color: #ff6600;\"><strong>Comitet organizare studen\u021bi<\/strong><\/span><\/h2>\n<h2 style=\"text-align: center;\"><span style=\"color: #ff6600;\"><strong>PDI 2021<\/strong><\/span><\/h2>\n<p>[\/et_pb_text][\/et_pb_column][\/et_pb_row][et_pb_row column_structure=&#8221;1_3,1_3,1_3&#8243; disabled_on=&#8221;on|on|on&#8221; _builder_version=&#8221;4.9.7&#8243; disabled=&#8221;on&#8221;][et_pb_column type=&#8221;1_3&#8243; _builder_version=&#8221;3.25&#8243; custom_padding=&#8221;|||&#8221; custom_padding__hover=&#8221;|||&#8221;][et_pb_text _builder_version=&#8221;4.4.8&#8243;]<\/p>\n<p style=\"text-align: center;\">C\u0103t\u0103lina Ioana Br\u0103ni\u0219teanu<br \/> George Iulian Br\u0103ni\u0219teanu<br \/> Alina Andreea Bombea<\/p>\n<p>[\/et_pb_text][\/et_pb_column][et_pb_column type=&#8221;1_3&#8243; _builder_version=&#8221;3.25&#8243; custom_padding=&#8221;|||&#8221; custom_padding__hover=&#8221;|||&#8221;][et_pb_text _builder_version=&#8221;4.4.8&#8243;][\/et_pb_text][\/et_pb_column][et_pb_column type=&#8221;1_3&#8243; _builder_version=&#8221;3.25&#8243; custom_padding=&#8221;|||&#8221; custom_padding__hover=&#8221;|||&#8221;][et_pb_text _builder_version=&#8221;4.4.8&#8243;]<\/p>\n<p style=\"text-align: center;\">Ana C\u0103t\u0103lina Chiro\u0219c\u0103<br \/>\nAna Maria Ghine\u021b<br \/> Ioana Tama\u0219<\/p>\n<p>[\/et_pb_text][\/et_pb_column][\/et_pb_row][\/et_pb_section][et_pb_section fb_built=&#8221;1&#8243; disabled_on=&#8221;on|on|on&#8221; _builder_version=&#8221;4.9.7&#8243; _module_preset=&#8221;default&#8221; top_divider_style=&#8221;waves2&#8243; top_divider_color=&#8221;#fcdedb&#8221; top_divider_height=&#8221;95px&#8221; top_divider_flip=&#8221;horizontal|vertical&#8221; disabled=&#8221;on&#8221;][\/et_pb_section][et_pb_section fb_built=&#8221;1&#8243; _builder_version=&#8221;4.9.6&#8243; background_color=&#8221;rgba(117,194,33,0.23)&#8221; background_image=&#8221;https:\/\/pdi.ro\/2021\/wp-content\/uploads\/2021\/05\/PDI2021_header_1920x550px.jpg&#8221; background_blend=&#8221;multiply&#8221; custom_padding=&#8221;54px|0px|0|0px|false|false&#8221; top_divider_style=&#8221;waves2&#8243; top_divider_color=&#8221;#ffffff&#8221; top_divider_height=&#8221;155px&#8221; top_divider_height_tablet=&#8221;&#8221; top_divider_height_phone=&#8221;97px&#8221; top_divider_height_last_edited=&#8221;on|desktop&#8221; bottom_divider_style=&#8221;waves2&#8243; bottom_divider_color=&#8221;#75c221&#8243; bottom_divider_flip=&#8221;vertical&#8221; bottom_divider_height_tablet=&#8221;&#8221; bottom_divider_height_phone=&#8221;59px&#8221; bottom_divider_height_last_edited=&#8221;on|desktop&#8221; global_module=&#8221;9177&#8243; saved_tabs=&#8221;all&#8221;][et_pb_row column_structure=&#8221;3_5,2_5&#8243; _builder_version=&#8221;3.25&#8243; custom_padding=&#8221;61px|0px|69px|0px|false|false&#8221;][et_pb_column type=&#8221;3_5&#8243; _builder_version=&#8221;3.25&#8243; custom_padding=&#8221;|||&#8221; custom_padding__hover=&#8221;|||&#8221;][et_pb_text _builder_version=&#8221;4.9.4&#8243; text_font=&#8221;Kaushan Script||||||||&#8221; text_text_color=&#8221;#f0622a&#8221; text_font_size=&#8221;30px&#8221; text_line_height=&#8221;1.2em&#8221; header_font=&#8221;||||||||&#8221; background_layout=&#8221;dark&#8221; text_font_size_tablet=&#8221;&#8221; text_font_size_phone=&#8221;&#8221; text_font_size_last_edited=&#8221;on|desktop&#8221;]<\/p>\n<p>Contacteaz\u0103 operatorul PDI 2021<\/p>\n<p>[\/et_pb_text][et_pb_contact_form email=&#8221;contact@pdi.ro\/2021\/2019&#8243; submit_button_text=&#8221;Trimite mesajul&#8221; _builder_version=&#8221;4.9.4&#8243; title_font=&#8221;||||||||&#8221; custom_button=&#8221;on&#8221; button_text_color=&#8221;#F0622A&#8221;][et_pb_contact_field field_id=&#8221;Name&#8221; field_title=&#8221;Nume&#8221; _builder_version=&#8221;3.18.9&#8243; button_text_size__hover_enabled=&#8221;off&#8221; button_one_text_size__hover_enabled=&#8221;off&#8221; button_two_text_size__hover_enabled=&#8221;off&#8221; button_text_color__hover_enabled=&#8221;off&#8221; button_one_text_color__hover_enabled=&#8221;off&#8221; button_two_text_color__hover_enabled=&#8221;off&#8221; button_border_width__hover_enabled=&#8221;off&#8221; button_one_border_width__hover_enabled=&#8221;off&#8221; button_two_border_width__hover_enabled=&#8221;off&#8221; button_border_color__hover_enabled=&#8221;off&#8221; button_one_border_color__hover_enabled=&#8221;off&#8221; button_two_border_color__hover_enabled=&#8221;off&#8221; button_border_radius__hover_enabled=&#8221;off&#8221; button_one_border_radius__hover_enabled=&#8221;off&#8221; button_two_border_radius__hover_enabled=&#8221;off&#8221; button_letter_spacing__hover_enabled=&#8221;off&#8221; button_one_letter_spacing__hover_enabled=&#8221;off&#8221; button_two_letter_spacing__hover_enabled=&#8221;off&#8221; button_bg_color__hover_enabled=&#8221;off&#8221; button_one_bg_color__hover_enabled=&#8221;off&#8221; button_two_bg_color__hover_enabled=&#8221;off&#8221;][\/et_pb_contact_field][et_pb_contact_field field_id=&#8221;Email&#8221; field_title=&#8221;Adresa de e-mail&#8221; field_type=&#8221;email&#8221; _builder_version=&#8221;3.19.4&#8243; button_text_size__hover_enabled=&#8221;off&#8221; button_one_text_size__hover_enabled=&#8221;off&#8221; button_two_text_size__hover_enabled=&#8221;off&#8221; button_text_color__hover_enabled=&#8221;off&#8221; button_one_text_color__hover_enabled=&#8221;off&#8221; button_two_text_color__hover_enabled=&#8221;off&#8221; button_border_width__hover_enabled=&#8221;off&#8221; button_one_border_width__hover_enabled=&#8221;off&#8221; button_two_border_width__hover_enabled=&#8221;off&#8221; button_border_color__hover_enabled=&#8221;off&#8221; button_one_border_color__hover_enabled=&#8221;off&#8221; button_two_border_color__hover_enabled=&#8221;off&#8221; button_border_radius__hover_enabled=&#8221;off&#8221; button_one_border_radius__hover_enabled=&#8221;off&#8221; button_two_border_radius__hover_enabled=&#8221;off&#8221; button_letter_spacing__hover_enabled=&#8221;off&#8221; button_one_letter_spacing__hover_enabled=&#8221;off&#8221; button_two_letter_spacing__hover_enabled=&#8221;off&#8221; button_bg_color__hover_enabled=&#8221;off&#8221; button_one_bg_color__hover_enabled=&#8221;off&#8221; button_two_bg_color__hover_enabled=&#8221;off&#8221;][\/et_pb_contact_field][et_pb_contact_field field_id=&#8221;Message&#8221; field_title=&#8221;Mesajul dvs.&#8221; field_type=&#8221;text&#8221; fullwidth_field=&#8221;on&#8221; _builder_version=&#8221;3.18.9&#8243; button_text_size__hover_enabled=&#8221;off&#8221; button_one_text_size__hover_enabled=&#8221;off&#8221; button_two_text_size__hover_enabled=&#8221;off&#8221; button_text_color__hover_enabled=&#8221;off&#8221; button_one_text_color__hover_enabled=&#8221;off&#8221; button_two_text_color__hover_enabled=&#8221;off&#8221; button_border_width__hover_enabled=&#8221;off&#8221; button_one_border_width__hover_enabled=&#8221;off&#8221; button_two_border_width__hover_enabled=&#8221;off&#8221; button_border_color__hover_enabled=&#8221;off&#8221; button_one_border_color__hover_enabled=&#8221;off&#8221; button_two_border_color__hover_enabled=&#8221;off&#8221; button_border_radius__hover_enabled=&#8221;off&#8221; button_one_border_radius__hover_enabled=&#8221;off&#8221; button_two_border_radius__hover_enabled=&#8221;off&#8221; button_letter_spacing__hover_enabled=&#8221;off&#8221; button_one_letter_spacing__hover_enabled=&#8221;off&#8221; button_two_letter_spacing__hover_enabled=&#8221;off&#8221; button_bg_color__hover_enabled=&#8221;off&#8221; button_one_bg_color__hover_enabled=&#8221;off&#8221; button_two_bg_color__hover_enabled=&#8221;off&#8221;][\/et_pb_contact_field][\/et_pb_contact_form][\/et_pb_column][et_pb_column type=&#8221;2_5&#8243; _builder_version=&#8221;3.25&#8243; custom_padding=&#8221;|||&#8221; custom_padding__hover=&#8221;|||&#8221;][et_pb_text _builder_version=&#8221;4.9.4&#8243; text_font=&#8221;Kaushan Script||||||||&#8221; text_text_color=&#8221;#f0622a&#8221; text_font_size=&#8221;30px&#8221; header_font=&#8221;||||||||&#8221; background_layout=&#8221;dark&#8221;]<\/p>\n<p>Operatorul PDI 2021<\/p>\n<p>[\/et_pb_text][et_pb_text _builder_version=&#8221;4.0.11&#8243; text_font=&#8221;||||||||&#8221;]<\/p>\n<p><span><img loading=\"lazy\" decoding=\"async\" src=\"https:\/\/pdi.ro\/2021\/wp-content\/uploads\/2020\/02\/eventer_logo_150px.png\" width=\"151\" height=\"33\" alt=\"\" class=\"wp-image-774 alignleft size-full\" \/><\/span><\/p>\n<p><span><\/span><\/p>\n<p><span><\/span><\/p>\n<p><span>Adresa: Str. A. Panu nr. 13, Iasi<\/span><br \/> <span>Tel.: 0332.40.88.00-05<\/span><br \/> <span>E-mail: <a href=\"mailto:inscrieri@primaderma.ro\" target=\"_blank\" rel=\"noopener noreferrer\">inscrieri@primaderma.ro<\/a><br \/> <\/span><span>Website:\u00a0<\/span><a href=\"http:\/\/www.eventernet.ro\/\" target=\"Blank\" rel=\"noopener noreferrer\">www.eventernet.ro<\/a><\/p>\n<p>[\/et_pb_text][et_pb_text disabled_on=&#8221;off|off|off&#8221; _builder_version=&#8221;4.0.11&#8243; text_font=&#8221;Kaushan Script||||||||&#8221; text_text_color=&#8221;#f0622a&#8221; text_font_size=&#8221;30px&#8221; header_font=&#8221;||||||||&#8221; background_layout=&#8221;dark&#8221; locked=&#8221;off&#8221;]<\/p>\n<p>Parteneri Media<\/p>\n<p>[\/et_pb_text][et_pb_gallery gallery_ids=&#8221;7203,7204,9252,9464,10156,10157,10556&#8243; fullwidth=&#8221;on&#8221; _builder_version=&#8221;4.9.7&#8243; transform_scale=&#8221;86%|86%&#8221; max_width=&#8221;63%&#8221; auto=&#8221;on&#8221; auto_speed=&#8221;3500&#8243; hover_transition_duration=&#8221;100ms&#8221; hover_transition_delay=&#8221;50ms&#8221; hover_transition_speed_curve=&#8221;ease-in-out&#8221; locked=&#8221;off&#8221;][\/et_pb_gallery][\/et_pb_column][\/et_pb_row][\/et_pb_section]<\/p>\n","protected":false},"excerpt":{"rendered":"<p>Comitet de organizare PDI 2021Pre\u0219edin\u0163i Prof. Dr. Daciana Elena Br\u0103ni\u015fteanu (Ia\u015fi)Prof. Dr. Simona Roxana Georgescu (Bucure\u0219ti) Pre\u015fedin\u0163i de Onoare Prof. Dr. Andrew Nicolaides (Marea Britanie)Prof. Dr. Torello Lotti (Italia)Prof. Dr. Niazi Khursow (S.U.A.)Prof. Dr. Viorel Scripcariu (Ia\u015fi)Prof. Dr. C\u0103lin Giurc\u0103neanu (Bucure\u0219ti)Prof.\u00a0 Dr. L\u0103cr\u0103mioara Ionela \u015eerban (Ia\u015fi) Vicepre\u0219edin\u0163i Prof. Dr. Diana Deleanu (Cluj)Prof. Dr. Monica H\u0103ncianu [&hellip;]<\/p>\n","protected":false},"author":2,"featured_media":0,"parent":0,"menu_order":0,"comment_status":"closed","ping_status":"closed","template":"","meta":{"_et_pb_use_builder":"on","_et_pb_old_content":"","_et_gb_content_width":"","footnotes":""},"class_list":["post-45","page","type-page","status-publish","hentry"],"_links":{"self":[{"href":"https:\/\/pdi.ro\/2021\/wp-json\/wp\/v2\/pages\/45","targetHints":{"allow":["GET"]}}],"collection":[{"href":"https:\/\/pdi.ro\/2021\/wp-json\/wp\/v2\/pages"}],"about":[{"href":"https:\/\/pdi.ro\/2021\/wp-json\/wp\/v2\/types\/page"}],"author":[{"embeddable":true,"href":"https:\/\/pdi.ro\/2021\/wp-json\/wp\/v2\/users\/2"}],"replies":[{"embeddable":true,"href":"https:\/\/pdi.ro\/2021\/wp-json\/wp\/v2\/comments?post=45"}],"version-history":[{"count":76,"href":"https:\/\/pdi.ro\/2021\/wp-json\/wp\/v2\/pages\/45\/revisions"}],"predecessor-version":[{"id":10681,"href":"https:\/\/pdi.ro\/2021\/wp-json\/wp\/v2\/pages\/45\/revisions\/10681"}],"wp:attachment":[{"href":"https:\/\/pdi.ro\/2021\/wp-json\/wp\/v2\/media?parent=45"}],"curies":[{"name":"wp","href":"https:\/\/api.w.org\/{rel}","templated":true}]}}