{"id":6858,"date":"2020-02-04T14:29:23","date_gmt":"2020-02-04T14:29:23","guid":{"rendered":"https:\/\/primaderma.ro\/?page_id=6858"},"modified":"2021-06-16T15:51:07","modified_gmt":"2021-06-16T13:51:07","slug":"taxa-de-participare","status":"publish","type":"page","link":"https:\/\/pdi.ro\/2021\/taxa-de-participare\/","title":{"rendered":"Taxa de participare"},"content":{"rendered":"<p>[et_pb_section fb_built=&#8221;1&#8243; fullwidth=&#8221;on&#8221; disabled_on=&#8221;on|off|off&#8221; _builder_version=&#8221;3.22&#8243; custom_margin=&#8221;||&#8221; custom_padding=&#8221;15px||29px&#8221; top_divider_style=&#8221;waves2&#8243; top_divider_color=&#8221;#f0622a&#8221; top_divider_flip=&#8221;horizontal|vertical&#8221; bottom_divider_style=&#8221;waves2&#8243; bottom_divider_color=&#8221;#fcdedb&#8221; bottom_divider_height=&#8221;105px&#8221; bottom_divider_flip=&#8221;vertical&#8221; global_module=&#8221;9062&#8243; collapsed=&#8221;off&#8221;][et_pb_fullwidth_header title=&#8221;@ET-DC@eyJkeW5hbWljIjp0cnVlLCJjb250ZW50IjoicG9zdF90aXRsZSIsInNldHRpbmdzIjp7ImJlZm9yZSI6IiIsImFmdGVyIjoiIn19@&#8221; text_orientation=&#8221;right&#8221; header_image_url=&#8221;https:\/\/pdi.ro\/2021\/wp-content\/uploads\/2021\/05\/PDI2021_logo_header_int_600x300px.png&#8221; disabled_on=&#8221;on|on|off&#8221; _builder_version=&#8221;4.9.4&#8243; _dynamic_attributes=&#8221;title&#8221; title_font=&#8221;Kaushan Script||||||||&#8221; title_text_align=&#8221;right&#8221; title_text_color=&#8221;#f0622a&#8221; title_font_size=&#8221;50px&#8221; content_font=&#8221;|600||on|||||&#8221; content_text_align=&#8221;center&#8221; content_text_color=&#8221;#686766&#8243; content_font_size=&#8221;15px&#8221; subhead_font=&#8221;||||||||&#8221; background_color=&#8221;#ef916b&#8221; background_image=&#8221;https:\/\/pdi.ro\/2021\/wp-content\/uploads\/2021\/05\/PDI2021_header_1920x550px.jpg&#8221; background_blend=&#8221;luminosity&#8221; background_layout=&#8221;light&#8221; custom_margin=&#8221;0px||8px&#8221; custom_padding=&#8221;40px||40px||true&#8221; content_font_size_tablet=&#8221;&#8221; content_font_size_phone=&#8221;15px&#8221; content_font_size_last_edited=&#8221;on|desktop&#8221;][\/et_pb_fullwidth_header][\/et_pb_section][et_pb_section fb_built=&#8221;1&#8243; _builder_version=&#8221;3.22&#8243; top_divider_style=&#8221;waves2&#8243; top_divider_color=&#8221;#fcdedb&#8221; top_divider_height=&#8221;95px&#8221; top_divider_flip=&#8221;horizontal|vertical&#8221;][et_pb_row _builder_version=&#8221;3.25&#8243;][et_pb_column type=&#8221;4_4&#8243; _builder_version=&#8221;3.25&#8243; custom_padding=&#8221;|||&#8221; custom_padding__hover=&#8221;|||&#8221;][et_pb_text _builder_version=&#8221;4.9.4&#8243;]<strong>Pentru a deveni <em>membru<\/em>, \u00een mod <em>gratuit (nu se achit\u0103 cotiza\u021bie de membru)<\/em>, al\u00a0<span style=\"color: #f0622a;\"><em>Asocia\u021biei Dermatologilor din Moldova<\/em><\/span> \u0219i pentru a beneficia de<em> tax\u0103 de participare redus\u0103<\/em> la \u00eenscrierea la<span style=\"color: #f0622a;\"> PDI 2021<\/span>, v\u0103 rug\u0103m s\u0103 completa\u021bi formularul reg\u0103sit <a href=\"https:\/\/pdi.ro\/2021\/wp-content\/uploads\/2020\/02\/ADEZIUNE-ADEM.doc\" target=\"_blank\" rel=\"noopener noreferrer\">aici<\/a>\u00a0\u0219i s\u0103 ne trimite\u021bi formularul completat la adresa de email <a href=\"contact@primaderma.ro\" target=\"_blank\" rel=\"noopener noreferrer\">contact@primaderma.ro.<\/a><\/strong><o:p><\/o:p><\/p>\n<p>&nbsp;[\/et_pb_text][et_pb_text _builder_version=&#8221;4.9.4&#8243; custom_margin=&#8221;-40px||&#8221; border_width_top=&#8221;3px&#8221; border_color_top=&#8221;#f0622a&#8221;]<\/p>\n<div class=\"t4p-table table-2\">\n<table width=\"100%\" style=\"height: 303px; width: 100%;\">\n<tbody>\n<tr style=\"height: 111px;\">\n<td style=\"text-align: center; height: 111px;\" colspan=\"4\">\n<h4><span style=\"color: #ff6600;\"><strong><\/strong><\/span><\/h4>\n<h4><span style=\"color: #ff6600;\"><strong>Taxe PDI 2021<\/strong><\/span><\/h4>\n<\/td>\n<\/tr>\n<tr bgcolor=\"#f2eded\" style=\"height: 48px;\">\n<td style=\"text-align: center; height: 48px;\"><strong>Categoria de participant<\/strong><\/td>\n<td style=\"text-align: center; height: 48px;\"><strong>P\u00e2n\u0103 la data de 05.07.2021<br \/>(inclusiv)<\/strong><\/td>\n<td style=\"text-align: center; height: 48px;\"><b>Dup\u0103 05.07.2021 \u0219i pe loc*<\/b><\/td>\n<\/tr>\n<\/tbody>\n<tbody>\n<tr style=\"height: 24px;\">\n<td style=\"text-align: center; height: 24px;\">Medic primar\/specialist membru ADEM<\/td>\n<td style=\"text-align: center; height: 24px;\">200 lei<\/td>\n<td style=\"text-align: center; height: 24px;\">300 lei<\/td>\n<\/tr>\n<tr style=\"height: 24px;\">\n<td style=\"text-align: center; height: 24px;\">Medic primar\/specialist non-membru ADEM<\/td>\n<td style=\"text-align: center; height: 24px;\">250 lei<\/td>\n<td style=\"text-align: center; height: 24px;\">350 lei<\/td>\n<\/tr>\n<tr style=\"height: 24px;\">\n<td style=\"text-align: center; height: 24px;\">Farmacist<\/td>\n<td style=\"text-align: center; height: 24px;\">200 lei<\/td>\n<td style=\"text-align: center; height: 24px;\">300 lei<\/td>\n<\/tr>\n<tr style=\"height: 24px;\">\n<td style=\"text-align: center; height: 24px;\">Medic rezident\/Medic pensionar\/Asistent medical<\/td>\n<td style=\"text-align: center; height: 24px;\">100 lei<\/td>\n<td style=\"text-align: center; height: 24px;\">200 lei<\/td>\n<\/tr>\n<tr style=\"height: 24px;\">\n<td style=\"text-align: center; height: 24px;\">Student<\/td>\n<td style=\"text-align: center; height: 24px;\">gratuit<\/td>\n<td style=\"text-align: center; height: 24px;\">nu se mai efectueaz\u0103 \u00eenscrieri<\/td>\n<\/tr>\n<tr style=\"height: 24px;\">\n<td style=\"text-align: center; height: 24px;\" colspan=\"4\">*participan\u0163ii \u00eenscri\u015fi dup\u0103 05.07.2021 vor primi geanta de eveniment \u00een limita stocului disponibil<\/td>\n<\/tr>\n<\/tbody>\n<\/table>\n<\/div>\n<p>[\/et_pb_text][\/et_pb_column][\/et_pb_row][et_pb_row _builder_version=&#8221;3.25&#8243; custom_padding=&#8221;27px|0px|27px|0px|false|false&#8221; border_width_top=&#8221;3px&#8221; border_color_top=&#8221;#f0622a&#8221;][et_pb_column type=&#8221;4_4&#8243; _builder_version=&#8221;3.25&#8243; custom_padding=&#8221;|||&#8221; custom_padding__hover=&#8221;|||&#8221;][et_pb_text _builder_version=&#8221;4.9.6&#8243; hover_enabled=&#8221;0&#8243; sticky_enabled=&#8221;0&#8243;]<\/p>\n<p style=\"text-align: justify;\"><strong>Taxa de participare<\/strong> se poate pl\u0103ti folosind una din urm\u0103toarele metode:<br \/>\n&#8211; prin <strong>transfer bancar<\/strong> \u00een contul <strong>Asocia\u0163iei Dermatologilor din Moldova<\/strong> (<strong>ADEM<\/strong>) , cod IBAN: <strong>RO74INGB0000999903852419<\/strong>, deschis la ING Bank la\u0219i, cod fiscal <strong>32172195<\/strong>;<br \/>\n&#8211; <a href=\"http:\/\/inscrieri.pdi.ro\/2021\/primaderma\/event\/login\" target=\"_blank\" rel=\"noopener\"><strong>online<\/strong><\/a>, prin intermediul aplica\u021biei de pe site-ul www.primaderma.ro, acces\u00e2nd sec\u0163iunea &#8220;Plata serviciilor achizi\u0163ionate&#8221;, dup\u0103 autentificarea \u00een <a href=\"http:\/\/inscrieri.pdi.ro\/2021\/primaderma\/event\/login\" target=\"_blank\" rel=\"noopener noreferrer\"><span style=\"color: #ff6600;\"><strong>Pagina Personal\u0103<\/strong><\/span><\/a> (este necesar\u0103 \u00eenscrierea pe site pentru a putea accesa Pagina Personal\u0103).<\/p>\n<p style=\"text-align: justify;\"><strong>VALIDAREA \u00ceNREGISTR\u0102RII LA EVENIMENT<\/strong><br \/>\n\u00cenregistrarea dvs. la eveniment va fi validat\u0103 dup\u0103 ce operatorul evenimentului prime\u015fte copiile documentelor de plat\u0103 sau a datelor din documentele de plat\u0103.<br \/>\nCopiile sau datele documentelor care atest\u0103 plata pot fi trimise folosind una dintre urm\u0103toarele metode:<br \/>\n<strong>ONLINE<\/strong><br \/>\n\u2022 prin completarea sec\u0163iunii \u201cPlata serviciilor achizi\u0163ionate\u201d din sec\u0163iunea <a href=\"http:\/\/inscrieri.pdi.ro\/2021\/primaderma\/event\/login\" target=\"_blank\" rel=\"noopener noreferrer\"><span style=\"color: #ff6600;\"><strong>Pagina mea<\/strong><\/span><\/a><br \/>\n\u2022 prin <strong>e-mail<\/strong>, ca document scanat \u015fi ata\u015fat e-mailului, pe adresa: <span style=\"color: #ff6600;\"><a href=\"mailto:contact@primaderma.ro\" target=\"_blank\" rel=\"noopener noreferrer\" style=\"color: #ff6600;\"><strong>contact@primaderma.ro<\/strong><\/a><\/span><\/p>\n<p style=\"text-align: justify;\"><strong>Pe documentul care atest\u0103 plata taxelor trebuie specificat lizibil numele participantului, ora\u015ful \u015fi men\u0163iunea:\u00a0<\/strong>\u201c<span style=\"color: #ff6600;\"><strong>PDI 2021 \u2013 Taxa participare<\/strong><\/span>&#8220;;<\/p>\n<p style=\"text-align: justify;\"><strong>P\u00e2n\u0103 la data de 05.07.2021 (inclusiv) taxa de participare se poate returna (mai pu\u0163in comisioanele bancare) la cererea participantului. \u00cencep\u00e2nd cu data de 05.07.2021 taxa de participare nu se mai returneaz\u0103. Mul\u0163umim pentru \u00een\u0163elegere!<\/strong><\/p>\n<p style=\"text-align: justify;\">Serviciile incluse \u00een taxa de participare pentru medici, farmaci\u0219ti, asisten\u021bi medicali:<br \/>\n&#8211; accesul online la lucr\u0103rile \u0219tiin\u021bifice;<br \/>\n&#8211; accesul la expozi\u021bia medical\u0103 virtual\u0103;<br \/>\n&#8211; diploma de participare cu credite EMC.<\/p>\n<p><!-- geanta cu materialele evenimentului, expediat\u0103 prin curier;--><br \/>\n[\/et_pb_text][\/et_pb_column][\/et_pb_row][\/et_pb_section][et_pb_section fb_built=&#8221;1&#8243; _builder_version=&#8221;4.9.4&#8243; background_color=&#8221;rgba(117,194,33,0.23)&#8221; background_image=&#8221;https:\/\/pdi.ro\/2021\/wp-content\/uploads\/2021\/05\/PDI2021_header_1920x550px.jpg&#8221; background_blend=&#8221;multiply&#8221; custom_padding=&#8221;54px|0px|0|0px|false|false&#8221; top_divider_style=&#8221;waves2&#8243; top_divider_color=&#8221;#ffffff&#8221; top_divider_height=&#8221;155px&#8221; top_divider_height_tablet=&#8221;&#8221; top_divider_height_phone=&#8221;97px&#8221; top_divider_height_last_edited=&#8221;on|desktop&#8221; bottom_divider_style=&#8221;waves2&#8243; bottom_divider_color=&#8221;#75c221&#8243; bottom_divider_flip=&#8221;vertical&#8221; bottom_divider_height_tablet=&#8221;&#8221; bottom_divider_height_phone=&#8221;59px&#8221; bottom_divider_height_last_edited=&#8221;on|desktop&#8221; global_module=&#8221;9177&#8243; saved_tabs=&#8221;all&#8221;][et_pb_row column_structure=&#8221;3_5,2_5&#8243; _builder_version=&#8221;3.25&#8243; custom_padding=&#8221;61px|0px|69px|0px|false|false&#8221;][et_pb_column type=&#8221;3_5&#8243; _builder_version=&#8221;3.25&#8243; custom_padding=&#8221;|||&#8221; custom_padding__hover=&#8221;|||&#8221;][et_pb_text _builder_version=&#8221;4.9.4&#8243; text_font=&#8221;Kaushan Script||||||||&#8221; text_text_color=&#8221;#f0622a&#8221; text_font_size=&#8221;30px&#8221; text_line_height=&#8221;1.2em&#8221; header_font=&#8221;||||||||&#8221; background_layout=&#8221;dark&#8221; text_font_size_tablet=&#8221;&#8221; text_font_size_phone=&#8221;&#8221; text_font_size_last_edited=&#8221;on|desktop&#8221;]<\/p>\n<p>Contacteaz\u0103 operatorul PDI 2021<\/p>\n<p>[\/et_pb_text][et_pb_contact_form email=&#8221;contact@pdi.ro\/2021\/2019&#8243; submit_button_text=&#8221;Trimite mesajul&#8221; _builder_version=&#8221;4.9.4&#8243; title_font=&#8221;||||||||&#8221; custom_button=&#8221;on&#8221; button_text_color=&#8221;#F0622A&#8221;][et_pb_contact_field field_id=&#8221;Name&#8221; field_title=&#8221;Nume&#8221; _builder_version=&#8221;3.18.9&#8243; button_text_size__hover_enabled=&#8221;off&#8221; button_one_text_size__hover_enabled=&#8221;off&#8221; button_two_text_size__hover_enabled=&#8221;off&#8221; button_text_color__hover_enabled=&#8221;off&#8221; button_one_text_color__hover_enabled=&#8221;off&#8221; button_two_text_color__hover_enabled=&#8221;off&#8221; button_border_width__hover_enabled=&#8221;off&#8221; button_one_border_width__hover_enabled=&#8221;off&#8221; button_two_border_width__hover_enabled=&#8221;off&#8221; button_border_color__hover_enabled=&#8221;off&#8221; button_one_border_color__hover_enabled=&#8221;off&#8221; button_two_border_color__hover_enabled=&#8221;off&#8221; button_border_radius__hover_enabled=&#8221;off&#8221; button_one_border_radius__hover_enabled=&#8221;off&#8221; button_two_border_radius__hover_enabled=&#8221;off&#8221; button_letter_spacing__hover_enabled=&#8221;off&#8221; button_one_letter_spacing__hover_enabled=&#8221;off&#8221; button_two_letter_spacing__hover_enabled=&#8221;off&#8221; button_bg_color__hover_enabled=&#8221;off&#8221; button_one_bg_color__hover_enabled=&#8221;off&#8221; button_two_bg_color__hover_enabled=&#8221;off&#8221;][\/et_pb_contact_field][et_pb_contact_field field_id=&#8221;Email&#8221; field_title=&#8221;Adresa de e-mail&#8221; field_type=&#8221;email&#8221; _builder_version=&#8221;3.19.4&#8243; button_text_size__hover_enabled=&#8221;off&#8221; button_one_text_size__hover_enabled=&#8221;off&#8221; button_two_text_size__hover_enabled=&#8221;off&#8221; button_text_color__hover_enabled=&#8221;off&#8221; button_one_text_color__hover_enabled=&#8221;off&#8221; button_two_text_color__hover_enabled=&#8221;off&#8221; button_border_width__hover_enabled=&#8221;off&#8221; button_one_border_width__hover_enabled=&#8221;off&#8221; button_two_border_width__hover_enabled=&#8221;off&#8221; button_border_color__hover_enabled=&#8221;off&#8221; button_one_border_color__hover_enabled=&#8221;off&#8221; button_two_border_color__hover_enabled=&#8221;off&#8221; button_border_radius__hover_enabled=&#8221;off&#8221; button_one_border_radius__hover_enabled=&#8221;off&#8221; button_two_border_radius__hover_enabled=&#8221;off&#8221; button_letter_spacing__hover_enabled=&#8221;off&#8221; button_one_letter_spacing__hover_enabled=&#8221;off&#8221; button_two_letter_spacing__hover_enabled=&#8221;off&#8221; button_bg_color__hover_enabled=&#8221;off&#8221; button_one_bg_color__hover_enabled=&#8221;off&#8221; button_two_bg_color__hover_enabled=&#8221;off&#8221;][\/et_pb_contact_field][et_pb_contact_field field_id=&#8221;Message&#8221; field_title=&#8221;Mesajul dvs.&#8221; field_type=&#8221;text&#8221; fullwidth_field=&#8221;on&#8221; _builder_version=&#8221;3.18.9&#8243; button_text_size__hover_enabled=&#8221;off&#8221; button_one_text_size__hover_enabled=&#8221;off&#8221; button_two_text_size__hover_enabled=&#8221;off&#8221; button_text_color__hover_enabled=&#8221;off&#8221; button_one_text_color__hover_enabled=&#8221;off&#8221; button_two_text_color__hover_enabled=&#8221;off&#8221; button_border_width__hover_enabled=&#8221;off&#8221; button_one_border_width__hover_enabled=&#8221;off&#8221; button_two_border_width__hover_enabled=&#8221;off&#8221; button_border_color__hover_enabled=&#8221;off&#8221; button_one_border_color__hover_enabled=&#8221;off&#8221; button_two_border_color__hover_enabled=&#8221;off&#8221; button_border_radius__hover_enabled=&#8221;off&#8221; button_one_border_radius__hover_enabled=&#8221;off&#8221; button_two_border_radius__hover_enabled=&#8221;off&#8221; button_letter_spacing__hover_enabled=&#8221;off&#8221; button_one_letter_spacing__hover_enabled=&#8221;off&#8221; button_two_letter_spacing__hover_enabled=&#8221;off&#8221; button_bg_color__hover_enabled=&#8221;off&#8221; button_one_bg_color__hover_enabled=&#8221;off&#8221; button_two_bg_color__hover_enabled=&#8221;off&#8221;][\/et_pb_contact_field][\/et_pb_contact_form][\/et_pb_column][et_pb_column type=&#8221;2_5&#8243; _builder_version=&#8221;3.25&#8243; custom_padding=&#8221;|||&#8221; custom_padding__hover=&#8221;|||&#8221;][et_pb_text _builder_version=&#8221;4.9.4&#8243; text_font=&#8221;Kaushan Script||||||||&#8221; text_text_color=&#8221;#f0622a&#8221; text_font_size=&#8221;30px&#8221; header_font=&#8221;||||||||&#8221; background_layout=&#8221;dark&#8221;]<\/p>\n<p>Operatorul PDI 2021<\/p>\n<p>[\/et_pb_text][et_pb_text _builder_version=&#8221;4.0.11&#8243; text_font=&#8221;||||||||&#8221;]<\/p>\n<p><span><img loading=\"lazy\" decoding=\"async\" src=\"https:\/\/pdi.ro\/2021\/wp-content\/uploads\/2020\/02\/eventer_logo_150px.png\" width=\"151\" height=\"33\" alt=\"\" class=\"wp-image-774 alignleft size-full\" \/><\/span><\/p>\n<p><span><\/span><\/p>\n<p><span><\/span><\/p>\n<p><span>Adresa: Str. A. Panu nr. 13, Iasi<\/span><br \/> <span>Tel.: 0332.40.88.00-05<\/span><br \/> <span>E-mail: <a href=\"mailto:inscrieri@primaderma.ro\" target=\"_blank\" rel=\"noopener noreferrer\">inscrieri@primaderma.ro<\/a><br \/> <\/span><span>Website:\u00a0<\/span><a href=\"http:\/\/www.eventernet.ro\/\" target=\"Blank\" rel=\"noopener noreferrer\">www.eventernet.ro<\/a><\/p>\n<p>[\/et_pb_text][et_pb_text disabled_on=&#8221;off|off|off&#8221; _builder_version=&#8221;4.0.11&#8243; text_font=&#8221;Kaushan Script||||||||&#8221; text_text_color=&#8221;#f0622a&#8221; text_font_size=&#8221;30px&#8221; header_font=&#8221;||||||||&#8221; background_layout=&#8221;dark&#8221; locked=&#8221;off&#8221;]<\/p>\n<p>Parteneri Media<\/p>\n<p>[\/et_pb_text][et_pb_gallery gallery_ids=&#8221;7203,7204,9252&#8243; fullwidth=&#8221;on&#8221; _builder_version=&#8221;4.9.4&#8243; transform_scale=&#8221;86%|86%&#8221; max_width=&#8221;63%&#8221; auto=&#8221;on&#8221; auto_speed=&#8221;3500&#8243; hover_transition_duration=&#8221;100ms&#8221; hover_transition_delay=&#8221;50ms&#8221; hover_transition_speed_curve=&#8221;ease-in-out&#8221; locked=&#8221;off&#8221;][\/et_pb_gallery][\/et_pb_column][\/et_pb_row][\/et_pb_section]<\/p>\n","protected":false},"excerpt":{"rendered":"<p>Pentru a deveni membru, \u00een mod gratuit (nu se achit\u0103 cotiza\u021bie de membru), al\u00a0Asocia\u021biei Dermatologilor din Moldova \u0219i pentru a beneficia de tax\u0103 de participare redus\u0103 la \u00eenscrierea la PDI 2021, v\u0103 rug\u0103m s\u0103 completa\u021bi formularul reg\u0103sit aici\u00a0\u0219i s\u0103 ne trimite\u021bi formularul completat la adresa de email contact@primaderma.ro. &nbsp; Taxe PDI 2021 Categoria de participant [&hellip;]<\/p>\n","protected":false},"author":2,"featured_media":0,"parent":0,"menu_order":0,"comment_status":"closed","ping_status":"closed","template":"","meta":{"_et_pb_use_builder":"on","_et_pb_old_content":"","_et_gb_content_width":"","footnotes":""},"class_list":["post-6858","page","type-page","status-publish","hentry"],"_links":{"self":[{"href":"https:\/\/pdi.ro\/2021\/wp-json\/wp\/v2\/pages\/6858","targetHints":{"allow":["GET"]}}],"collection":[{"href":"https:\/\/pdi.ro\/2021\/wp-json\/wp\/v2\/pages"}],"about":[{"href":"https:\/\/pdi.ro\/2021\/wp-json\/wp\/v2\/types\/page"}],"author":[{"embeddable":true,"href":"https:\/\/pdi.ro\/2021\/wp-json\/wp\/v2\/users\/2"}],"replies":[{"embeddable":true,"href":"https:\/\/pdi.ro\/2021\/wp-json\/wp\/v2\/comments?post=6858"}],"version-history":[{"count":37,"href":"https:\/\/pdi.ro\/2021\/wp-json\/wp\/v2\/pages\/6858\/revisions"}],"predecessor-version":[{"id":9444,"href":"https:\/\/pdi.ro\/2021\/wp-json\/wp\/v2\/pages\/6858\/revisions\/9444"}],"wp:attachment":[{"href":"https:\/\/pdi.ro\/2021\/wp-json\/wp\/v2\/media?parent=6858"}],"curies":[{"name":"wp","href":"https:\/\/api.w.org\/{rel}","templated":true}]}}