{"id":7441,"date":"2020-03-06T15:15:39","date_gmt":"2020-03-06T13:15:39","guid":{"rendered":"https:\/\/primaderma.ro\/?page_id=7441"},"modified":"2021-07-07T16:26:09","modified_gmt":"2021-07-07T14:26:09","slug":"prof-dr-alecu-mihail","status":"publish","type":"page","link":"https:\/\/pdi.ro\/2021\/prof-dr-alecu-mihail\/","title":{"rendered":"Prof. Dr. Alecu Mihail"},"content":{"rendered":"<p>[et_pb_section fb_built=&#8221;1&#8243; fullwidth=&#8221;on&#8221; disabled_on=&#8221;on|off|off&#8221; _builder_version=&#8221;3.22&#8243; custom_margin=&#8221;||&#8221; custom_padding=&#8221;15px||29px&#8221; top_divider_style=&#8221;waves2&#8243; top_divider_color=&#8221;#f0622a&#8221; top_divider_flip=&#8221;horizontal|vertical&#8221; bottom_divider_style=&#8221;waves2&#8243; bottom_divider_color=&#8221;#fcdedb&#8221; bottom_divider_height=&#8221;105px&#8221; bottom_divider_flip=&#8221;vertical&#8221; global_module=&#8221;9062&#8243; collapsed=&#8221;off&#8221;][et_pb_fullwidth_header title=&#8221;@ET-DC@eyJkeW5hbWljIjp0cnVlLCJjb250ZW50IjoicG9zdF90aXRsZSIsInNldHRpbmdzIjp7ImJlZm9yZSI6IiIsImFmdGVyIjoiIn19@&#8221; text_orientation=&#8221;right&#8221; header_image_url=&#8221;https:\/\/pdi.ro\/2021\/wp-content\/uploads\/2021\/05\/PDI2021_logo_header_int_600x300px.png&#8221; disabled_on=&#8221;on|on|off&#8221; _builder_version=&#8221;4.9.4&#8243; _dynamic_attributes=&#8221;title&#8221; title_font=&#8221;Kaushan Script||||||||&#8221; title_text_align=&#8221;right&#8221; title_text_color=&#8221;#f0622a&#8221; title_font_size=&#8221;50px&#8221; content_font=&#8221;|600||on|||||&#8221; content_text_align=&#8221;center&#8221; content_text_color=&#8221;#686766&#8243; content_font_size=&#8221;15px&#8221; subhead_font=&#8221;||||||||&#8221; background_color=&#8221;#ef916b&#8221; background_image=&#8221;https:\/\/pdi.ro\/2021\/wp-content\/uploads\/2021\/05\/PDI2021_header_1920x550px.jpg&#8221; background_blend=&#8221;luminosity&#8221; background_layout=&#8221;light&#8221; custom_margin=&#8221;0px||8px&#8221; custom_padding=&#8221;40px||40px||true&#8221; content_font_size_tablet=&#8221;&#8221; content_font_size_phone=&#8221;15px&#8221; content_font_size_last_edited=&#8221;on|desktop&#8221;][\/et_pb_fullwidth_header][\/et_pb_section][et_pb_section fb_built=&#8221;1&#8243; _builder_version=&#8221;3.22&#8243;][et_pb_row column_structure=&#8221;2_5,3_5&#8243; _builder_version=&#8221;3.25&#8243;][et_pb_column type=&#8221;2_5&#8243; _builder_version=&#8221;3.25&#8243; custom_padding=&#8221;|||&#8221; custom_padding__hover=&#8221;|||&#8221;][et_pb_image src=&#8221;https:\/\/pdi.ro\/2021\/2019\/wp-content\/uploads\/2019\/03\/AlecuMIhail.jpg&#8221; align=&#8221;center&#8221; align_tablet=&#8221;center&#8221; align_phone=&#8221;&#8221; align_last_edited=&#8221;on|desktop&#8221; _builder_version=&#8221;3.23&#8243; max_width=&#8221;31%&#8221; border_radii=&#8221;on|100px|100px|100px|100px&#8221; locked=&#8221;off&#8221;][\/et_pb_image][\/et_pb_column][et_pb_column type=&#8221;3_5&#8243; _builder_version=&#8221;3.25&#8243; custom_padding=&#8221;|||&#8221; custom_padding__hover=&#8221;|||&#8221;][et_pb_text _builder_version=&#8221;4.4.7&#8243; locked=&#8221;off&#8221;]<\/p>\n<h4><span style=\"color: #ff9900;\"><strong><\/strong><\/span><\/h4>\n<h4><span style=\"color: #ff9900;\"><strong><\/strong><\/span><\/h4>\n<h4><span style=\"color: #ff9900;\"><strong><\/strong><\/span><\/h4>\n<h4><span style=\"color: #ff9900;\"><strong>Prof. Univ. Dr. Alecu Mihail<\/strong><\/span><br \/><span style=\"color: #ff9900;\"><strong> Spitalul Clinic de Boli Infec\u0163ioase \u015fi Tropicale &#8220;Dr. Victor Babe\u015f\u201d Bucure\u015fti<\/strong><\/span><br \/><span style=\"color: #ff9900;\"><strong> Universitatea &#8220;Titu Maiorescu&#8221; Facultatea de Medicin\u0103, Bucure\u015fti<\/strong><\/span><\/h4>\n<p>[\/et_pb_text][\/et_pb_column][\/et_pb_row][et_pb_row _builder_version=&#8221;3.25&#8243; locked=&#8221;off&#8221;][et_pb_column type=&#8221;4_4&#8243; _builder_version=&#8221;3.25&#8243; custom_padding=&#8221;|||&#8221; custom_padding__hover=&#8221;|||&#8221;][et_pb_text _builder_version=&#8221;4.9.7&#8243; hover_enabled=&#8221;0&#8243; sticky_enabled=&#8221;0&#8243;]<\/p>\n<p style=\"text-align: justify;\"><span style=\"color: #ff9900;\">Manifest\u0103ri alergice \u0219i non alergice post vaccinare anti SARS CoV2<\/span><br \/><span style=\"color: #ff9900;\">Autori: M. Alecu1 , Gabriela Coman2, Alina Mu\u0219etescu1, Ionica R\u0103dulescu1<\/span><br \/>1Universitatea &#8220;Titu Maiorescu&#8221;, Facultatea de Medicin\u0103, Bucure\u0219ti, Rom\u00e2nia<br \/>2Spitalul Clinic de Boli Infec\u021bioase \u0219i Tropicale &#8220;Dr. Victor Babe\u0219&#8221;, Bucure\u0219ti, Rom\u00e2nia<\/p>\n<p style=\"text-align: justify;\">Cuvinte cheie: reac\u021bii adverse, vaccin, SARS COV2<br \/>Administrarea \u00een mas\u0103 \u00eentr-un interval scurt de timp a vaccinurilor \u00eempotriva virusului Sars Cov2 necesit\u0103 cunoa\u0219terea aprofundat\u0103 \u0219i rapid\u0103 a reac\u021biilor adverse produse de aceste vaccinuri.<br \/>Datele ob\u021binute din studiile clinice efectuate \u00eenaintea administr\u0103rii vaccinurilor trebuie corelate cu datele ob\u021binute de la persoanele vaccinate p\u00e2n\u0103 \u00een prezent. Pe de alt\u0103 parte, frecven\u021ba \u0219i gravitatea reac\u021biilor adverse la pacien\u021bii vaccina\u021bi trebuie comparat\u0103 cu apari\u021bia spontan\u0103 a acestor reac\u021bii \u00een popula\u021bia normal\u0103, nevaccinat\u0103.<br \/>Vaccinurile anti Sars Cov 2 utilizate \u00een prezent, at\u00e2t cele cu ARNm (Pfizer, Moderna) c\u00e2t \u0219i cele cu vector viral ((Janssen) produc reac\u021bii adverse cu aspecte clinice multiple dar cu grade de gravitate diverse, cele mai multe fiind reac\u021bii minore, care nu pun \u00een pericol via\u021ba pacien\u021bilor.<br \/>\u00cen studiul nostru se face o prezentare general\u0103 a reac\u021biilor alergice \u00eent\u00e2lnite la aceste vaccinuri (\u0219ocul anafilactic, edemul Quinque), a reac\u021biilor nealergice (autoimunitatea), a inflama\u021biei \u0219i reac\u021biilor cu mecanism incert. Sunt prezentate mecanismele de producere a reac\u021biilor adverse \u00eent\u00e2lnite, aspecte terapeutice ca \u0219i frecven\u021ba cu care apar aceste reac\u021bii comparativ cu popula\u021bia normal\u0103, nevaccinat\u0103. \u00cen final, pe baza acestor date, \u0219i a raportului risc\/beneficiu, se face o analiz\u0103 a deciziei de recomandare, utilizare sau interzicere a vaccinurilor \u00een situa\u021bii normale sau la pacien\u021bii cu situa\u021bii clinice deosebite.<\/p>\n<p style=\"text-align: justify;\"><span style=\"color: #ff9900;\">Allergic and non-allergic manifestations post vaccination anti SARS CoV2<\/span><br \/><span style=\"color: #ff9900;\">Autori: M. Alecu1, Gabriela Coman2, Alina Mu\u0219etescu1, Ionica R\u0103dulescu1<\/span><br \/>1&#8243;Titu Maiorescu&#8221; University, Faculty of Medicine, Bucharest, Romania<br \/>2&#8243;Dr. Victor Babe\u0219&#8221; Infectious and Tropical Diseases Clinical Hospital, Bucharest, Romania<\/p>\n<p style=\"text-align: justify;\">Keywords: side effects, vaccine, SARS COV2<br \/>Mass administration of Sars Cov2 virus vaccines in a short period of time requires a thorough and rapid understanding of the adverse reactions produced by these vaccines.<br \/>Data obtained from clinical trials performed prior to vaccination should be correlated with data obtained from vaccinated individuals to date. On the other hand, the frequency and severity of adverse reactions in vaccinated patients should be compared with the spontaneous occurrence of these reactions in the normal, unvaccinated population.<br \/>The Sars Cov 2 vaccines currently used, both those with mRNA (Pfizer, Moderna) and those with viral vector (Janssen) produce side effects with multiple clinical aspects but with varying degrees of severity, most of which are minor reactions, which they do not endanger the lives of patients.<br \/>Our study provides an overview of allergic reactions to these vaccines (anaphylactic shock, Quinque edema), non-allergic reactions (autoimmunity), inflammation and reactions with an uncertain mechanism. The mechanisms of production of the adverse reactions encountered are presented, therapeutic aspect as well as the frequency with which these reactions appear compared to the normal, unvaccinated population. Finally, based on these data, and the risk &amp; benefit ratio, an analysis is made of the decision to recommend, use or prohibit vaccines in normal situations or in patients with special clinical situations.<\/p>\n<p style=\"text-align: justify;\"><span style=\"color: #ff9900;\">Scurt CV<\/span><\/p>\n<p style=\"text-align: justify;\"><strong>Studii:<\/strong> Facultatea de Medicin\u0103 Bucure\u0219ti<br \/><strong>Specialitatea<\/strong>: Medicin\u0103 general\u0103<br \/><strong>Titluri didactice, \u0219tiin\u021bifice \u0219i academice<\/strong><br \/>Cercetator \u0219tiin\u021bific principal gradul I<br \/>Doctor \u00een medicin\u0103 cu teza \u201dCitochinele \u00een tratamentul local al unor tumori maligne cutanate\u201d (1994), UMF Bucure\u0219ti<br \/>Profesor titular de curs Dermato-venerologie, Univ. Titu Maiorescu, Bucure\u0219ti<br \/><strong>Specialitate:<\/strong> &#8211; medic primar dermato-venerologie<br \/>medic primar alergologie \u0219i imunologie clinic\u0103<br \/><strong>Membru \u00een asocia\u021bii profesionale, academii:<\/strong><br \/>Societatea Rom\u00e2na de Dermatologie<br \/>Societatea Rom\u00e2na de Alergologie \u0219i Imunologie Clinica<br \/>ISIR (Asocia\u021bia Interna\u021bionala de Studiu a Interferonului \u0219i a citokinelor)<br \/>EADV (Asocia\u021bia Europeana de Dermato-Venerologie) Distinc\u021bii :<br \/>Premiul Academiei Rom\u00e2ne \u201d Daniel Danielopolu\u201d &#8211; 1990<br \/>Premiul Conferin\u021bei Interbalcanice de alergologie -Bucuresti \u2014 1995 e Premiul Academiei Rom\u00e2ne \u201dGheorghe Marinescu\u201d \u2013 2001<br \/><strong>\u00cencadrarea prezenta \u0219i cea anterioara:<\/strong><br \/>Bucure\u0219ti, Spitalul Clinic de Boli Infec\u021bioase \u0219i Tropicale Dr. Victor Babe\u0219 Laboratorul de<br \/>Imunologie, din 1981 p\u00e2na in prezent \u2014 Conducator Laborator Imunologie<br \/><strong>Lucrari \u0219tiin\u021bifice publicate:<\/strong><br \/>-un numar de 100 de comunic\u0103ri \u0219i articole dintre care 25 articole publicate \u00een reviste de specialitate de circula\u021bie interna\u021bional\u0103, indexate<br \/>monografii: \u201dSarcomul Kaposi\u201d Editura Tehnic\u0103, 1998, 230 pagini, unic autor \u201dApoptoza-Moartea celular\u0103 programat\u0103\u201d Ed. Academiei, 1999, 410 pagini, coautor Reac\u021bii alergice la medicamente\u201d Ed. Medical\u0103, 2002, 400 pagini, prim autor \u201dPatologia molecular\u0103 a pielii\u201d Ed. Medical\u0103, 2006, 495 pagini, unic autor \u201dDermato-Venerologie\u201d Ed. Didactic\u0103 \u0219i Pedagogic\u0103 2010, 300 pagini<\/p>\n<p>[\/et_pb_text][\/et_pb_column][\/et_pb_row][\/et_pb_section][et_pb_section fb_built=&#8221;1&#8243; _builder_version=&#8221;4.9.6&#8243; background_color=&#8221;rgba(117,194,33,0.23)&#8221; background_image=&#8221;https:\/\/pdi.ro\/2021\/wp-content\/uploads\/2021\/05\/PDI2021_header_1920x550px.jpg&#8221; background_blend=&#8221;multiply&#8221; custom_padding=&#8221;54px|0px|0|0px|false|false&#8221; top_divider_style=&#8221;waves2&#8243; top_divider_color=&#8221;#ffffff&#8221; top_divider_height=&#8221;155px&#8221; top_divider_height_tablet=&#8221;&#8221; top_divider_height_phone=&#8221;97px&#8221; top_divider_height_last_edited=&#8221;on|desktop&#8221; bottom_divider_style=&#8221;waves2&#8243; bottom_divider_color=&#8221;#75c221&#8243; bottom_divider_flip=&#8221;vertical&#8221; bottom_divider_height_tablet=&#8221;&#8221; bottom_divider_height_phone=&#8221;59px&#8221; bottom_divider_height_last_edited=&#8221;on|desktop&#8221; global_module=&#8221;9177&#8243; saved_tabs=&#8221;all&#8221;][et_pb_row column_structure=&#8221;3_5,2_5&#8243; _builder_version=&#8221;3.25&#8243; custom_padding=&#8221;61px|0px|69px|0px|false|false&#8221;][et_pb_column type=&#8221;3_5&#8243; _builder_version=&#8221;3.25&#8243; custom_padding=&#8221;|||&#8221; custom_padding__hover=&#8221;|||&#8221;][et_pb_text _builder_version=&#8221;4.9.4&#8243; text_font=&#8221;Kaushan Script||||||||&#8221; text_text_color=&#8221;#f0622a&#8221; text_font_size=&#8221;30px&#8221; text_line_height=&#8221;1.2em&#8221; header_font=&#8221;||||||||&#8221; background_layout=&#8221;dark&#8221; text_font_size_tablet=&#8221;&#8221; text_font_size_phone=&#8221;&#8221; text_font_size_last_edited=&#8221;on|desktop&#8221;]<\/p>\n<p>Contacteaz\u0103 operatorul PDI 2021<\/p>\n<p>[\/et_pb_text][et_pb_contact_form email=&#8221;contact@pdi.ro\/2021\/2019&#8243; submit_button_text=&#8221;Trimite mesajul&#8221; _builder_version=&#8221;4.9.4&#8243; title_font=&#8221;||||||||&#8221; custom_button=&#8221;on&#8221; button_text_color=&#8221;#F0622A&#8221;][et_pb_contact_field field_id=&#8221;Name&#8221; field_title=&#8221;Nume&#8221; _builder_version=&#8221;3.18.9&#8243; button_text_size__hover_enabled=&#8221;off&#8221; button_one_text_size__hover_enabled=&#8221;off&#8221; button_two_text_size__hover_enabled=&#8221;off&#8221; button_text_color__hover_enabled=&#8221;off&#8221; button_one_text_color__hover_enabled=&#8221;off&#8221; button_two_text_color__hover_enabled=&#8221;off&#8221; button_border_width__hover_enabled=&#8221;off&#8221; button_one_border_width__hover_enabled=&#8221;off&#8221; button_two_border_width__hover_enabled=&#8221;off&#8221; button_border_color__hover_enabled=&#8221;off&#8221; button_one_border_color__hover_enabled=&#8221;off&#8221; button_two_border_color__hover_enabled=&#8221;off&#8221; button_border_radius__hover_enabled=&#8221;off&#8221; button_one_border_radius__hover_enabled=&#8221;off&#8221; button_two_border_radius__hover_enabled=&#8221;off&#8221; button_letter_spacing__hover_enabled=&#8221;off&#8221; button_one_letter_spacing__hover_enabled=&#8221;off&#8221; button_two_letter_spacing__hover_enabled=&#8221;off&#8221; button_bg_color__hover_enabled=&#8221;off&#8221; button_one_bg_color__hover_enabled=&#8221;off&#8221; button_two_bg_color__hover_enabled=&#8221;off&#8221;][\/et_pb_contact_field][et_pb_contact_field field_id=&#8221;Email&#8221; field_title=&#8221;Adresa de e-mail&#8221; field_type=&#8221;email&#8221; _builder_version=&#8221;3.19.4&#8243; button_text_size__hover_enabled=&#8221;off&#8221; button_one_text_size__hover_enabled=&#8221;off&#8221; button_two_text_size__hover_enabled=&#8221;off&#8221; button_text_color__hover_enabled=&#8221;off&#8221; button_one_text_color__hover_enabled=&#8221;off&#8221; button_two_text_color__hover_enabled=&#8221;off&#8221; button_border_width__hover_enabled=&#8221;off&#8221; button_one_border_width__hover_enabled=&#8221;off&#8221; button_two_border_width__hover_enabled=&#8221;off&#8221; button_border_color__hover_enabled=&#8221;off&#8221; button_one_border_color__hover_enabled=&#8221;off&#8221; button_two_border_color__hover_enabled=&#8221;off&#8221; button_border_radius__hover_enabled=&#8221;off&#8221; button_one_border_radius__hover_enabled=&#8221;off&#8221; button_two_border_radius__hover_enabled=&#8221;off&#8221; button_letter_spacing__hover_enabled=&#8221;off&#8221; button_one_letter_spacing__hover_enabled=&#8221;off&#8221; button_two_letter_spacing__hover_enabled=&#8221;off&#8221; button_bg_color__hover_enabled=&#8221;off&#8221; button_one_bg_color__hover_enabled=&#8221;off&#8221; button_two_bg_color__hover_enabled=&#8221;off&#8221;][\/et_pb_contact_field][et_pb_contact_field field_id=&#8221;Message&#8221; field_title=&#8221;Mesajul dvs.&#8221; field_type=&#8221;text&#8221; fullwidth_field=&#8221;on&#8221; _builder_version=&#8221;3.18.9&#8243; button_text_size__hover_enabled=&#8221;off&#8221; button_one_text_size__hover_enabled=&#8221;off&#8221; button_two_text_size__hover_enabled=&#8221;off&#8221; button_text_color__hover_enabled=&#8221;off&#8221; button_one_text_color__hover_enabled=&#8221;off&#8221; button_two_text_color__hover_enabled=&#8221;off&#8221; button_border_width__hover_enabled=&#8221;off&#8221; button_one_border_width__hover_enabled=&#8221;off&#8221; button_two_border_width__hover_enabled=&#8221;off&#8221; button_border_color__hover_enabled=&#8221;off&#8221; button_one_border_color__hover_enabled=&#8221;off&#8221; button_two_border_color__hover_enabled=&#8221;off&#8221; button_border_radius__hover_enabled=&#8221;off&#8221; button_one_border_radius__hover_enabled=&#8221;off&#8221; button_two_border_radius__hover_enabled=&#8221;off&#8221; button_letter_spacing__hover_enabled=&#8221;off&#8221; button_one_letter_spacing__hover_enabled=&#8221;off&#8221; button_two_letter_spacing__hover_enabled=&#8221;off&#8221; button_bg_color__hover_enabled=&#8221;off&#8221; button_one_bg_color__hover_enabled=&#8221;off&#8221; button_two_bg_color__hover_enabled=&#8221;off&#8221;][\/et_pb_contact_field][\/et_pb_contact_form][\/et_pb_column][et_pb_column type=&#8221;2_5&#8243; _builder_version=&#8221;3.25&#8243; custom_padding=&#8221;|||&#8221; custom_padding__hover=&#8221;|||&#8221;][et_pb_text _builder_version=&#8221;4.9.4&#8243; text_font=&#8221;Kaushan Script||||||||&#8221; text_text_color=&#8221;#f0622a&#8221; text_font_size=&#8221;30px&#8221; header_font=&#8221;||||||||&#8221; background_layout=&#8221;dark&#8221;]<\/p>\n<p>Operatorul PDI 2021<\/p>\n<p>[\/et_pb_text][et_pb_text _builder_version=&#8221;4.0.11&#8243; text_font=&#8221;||||||||&#8221;]<\/p>\n<p><span><img loading=\"lazy\" decoding=\"async\" src=\"https:\/\/pdi.ro\/2021\/wp-content\/uploads\/2020\/02\/eventer_logo_150px.png\" width=\"151\" height=\"33\" alt=\"\" class=\"wp-image-774 alignleft size-full\" \/><\/span><\/p>\n<p><span><\/span><\/p>\n<p><span><\/span><\/p>\n<p><span>Adresa: Str. A. Panu nr. 13, Iasi<\/span><br \/> <span>Tel.: 0332.40.88.00-05<\/span><br \/> <span>E-mail: <a href=\"mailto:inscrieri@primaderma.ro\" target=\"_blank\" rel=\"noopener noreferrer\">inscrieri@primaderma.ro<\/a><br \/> <\/span><span>Website:\u00a0<\/span><a href=\"http:\/\/www.eventernet.ro\/\" target=\"Blank\" rel=\"noopener noreferrer\">www.eventernet.ro<\/a><\/p>\n<p>[\/et_pb_text][et_pb_text disabled_on=&#8221;off|off|off&#8221; _builder_version=&#8221;4.0.11&#8243; text_font=&#8221;Kaushan Script||||||||&#8221; text_text_color=&#8221;#f0622a&#8221; text_font_size=&#8221;30px&#8221; header_font=&#8221;||||||||&#8221; background_layout=&#8221;dark&#8221; locked=&#8221;off&#8221;]<\/p>\n<p>Parteneri Media<\/p>\n<p>[\/et_pb_text][et_pb_gallery gallery_ids=&#8221;7203,7204,9252,9464,10156,10157&#8243; fullwidth=&#8221;on&#8221; _builder_version=&#8221;4.9.7&#8243; transform_scale=&#8221;86%|86%&#8221; max_width=&#8221;63%&#8221; auto=&#8221;on&#8221; auto_speed=&#8221;3500&#8243; hover_transition_duration=&#8221;100ms&#8221; hover_transition_delay=&#8221;50ms&#8221; hover_transition_speed_curve=&#8221;ease-in-out&#8221; locked=&#8221;off&#8221;][\/et_pb_gallery][\/et_pb_column][\/et_pb_row][\/et_pb_section]<\/p>\n","protected":false},"excerpt":{"rendered":"<p>Prof. Univ. Dr. Alecu Mihail Spitalul Clinic de Boli Infec\u0163ioase \u015fi Tropicale &#8220;Dr. Victor Babe\u015f\u201d Bucure\u015fti Universitatea &#8220;Titu Maiorescu&#8221; Facultatea de Medicin\u0103, Bucure\u015ftiManifest\u0103ri alergice \u0219i non alergice post vaccinare anti SARS CoV2Autori: M. Alecu1 , Gabriela Coman2, Alina Mu\u0219etescu1, Ionica R\u0103dulescu11Universitatea &#8220;Titu Maiorescu&#8221;, Facultatea de Medicin\u0103, Bucure\u0219ti, Rom\u00e2nia2Spitalul Clinic de Boli Infec\u021bioase \u0219i Tropicale &#8220;Dr. [&hellip;]<\/p>\n","protected":false},"author":2,"featured_media":0,"parent":0,"menu_order":0,"comment_status":"closed","ping_status":"closed","template":"","meta":{"_et_pb_use_builder":"on","_et_pb_old_content":"","_et_gb_content_width":"","footnotes":""},"class_list":["post-7441","page","type-page","status-publish","hentry"],"_links":{"self":[{"href":"https:\/\/pdi.ro\/2021\/wp-json\/wp\/v2\/pages\/7441","targetHints":{"allow":["GET"]}}],"collection":[{"href":"https:\/\/pdi.ro\/2021\/wp-json\/wp\/v2\/pages"}],"about":[{"href":"https:\/\/pdi.ro\/2021\/wp-json\/wp\/v2\/types\/page"}],"author":[{"embeddable":true,"href":"https:\/\/pdi.ro\/2021\/wp-json\/wp\/v2\/users\/2"}],"replies":[{"embeddable":true,"href":"https:\/\/pdi.ro\/2021\/wp-json\/wp\/v2\/comments?post=7441"}],"version-history":[{"count":10,"href":"https:\/\/pdi.ro\/2021\/wp-json\/wp\/v2\/pages\/7441\/revisions"}],"predecessor-version":[{"id":10165,"href":"https:\/\/pdi.ro\/2021\/wp-json\/wp\/v2\/pages\/7441\/revisions\/10165"}],"wp:attachment":[{"href":"https:\/\/pdi.ro\/2021\/wp-json\/wp\/v2\/media?parent=7441"}],"curies":[{"name":"wp","href":"https:\/\/api.w.org\/{rel}","templated":true}]}}