{"id":7459,"date":"2020-03-06T15:27:51","date_gmt":"2020-03-06T13:27:51","guid":{"rendered":"https:\/\/primaderma.ro\/?page_id=7459"},"modified":"2021-06-25T16:59:22","modified_gmt":"2021-06-25T14:59:22","slug":"prof-dr-ancuceanu-robert","status":"publish","type":"page","link":"https:\/\/pdi.ro\/2021\/prof-dr-ancuceanu-robert\/","title":{"rendered":"Prof. Dr. Ancuceanu Robert"},"content":{"rendered":"<p>[et_pb_section fb_built=&#8221;1&#8243; fullwidth=&#8221;on&#8221; disabled_on=&#8221;on|off|off&#8221; _builder_version=&#8221;3.22&#8243; custom_margin=&#8221;||&#8221; custom_padding=&#8221;15px||29px&#8221; top_divider_style=&#8221;waves2&#8243; top_divider_color=&#8221;#f0622a&#8221; top_divider_flip=&#8221;horizontal|vertical&#8221; bottom_divider_style=&#8221;waves2&#8243; bottom_divider_color=&#8221;#fcdedb&#8221; bottom_divider_height=&#8221;105px&#8221; bottom_divider_flip=&#8221;vertical&#8221; collapsed=&#8221;off&#8221; global_module=&#8221;9062&#8243;][et_pb_fullwidth_header title=&#8221;@ET-DC@eyJkeW5hbWljIjp0cnVlLCJjb250ZW50IjoicG9zdF90aXRsZSIsInNldHRpbmdzIjp7ImJlZm9yZSI6IiIsImFmdGVyIjoiIn19@&#8221; text_orientation=&#8221;right&#8221; header_image_url=&#8221;https:\/\/pdi.ro\/2021\/wp-content\/uploads\/2021\/05\/PDI2021_logo_header_int_600x300px.png&#8221; disabled_on=&#8221;on|on|off&#8221; _builder_version=&#8221;4.9.4&#8243; _dynamic_attributes=&#8221;title&#8221; title_font=&#8221;Kaushan Script||||||||&#8221; title_text_align=&#8221;right&#8221; title_text_color=&#8221;#f0622a&#8221; title_font_size=&#8221;50px&#8221; content_font=&#8221;|600||on|||||&#8221; content_text_align=&#8221;center&#8221; content_text_color=&#8221;#686766&#8243; content_font_size=&#8221;15px&#8221; subhead_font=&#8221;||||||||&#8221; background_color=&#8221;#ef916b&#8221; background_image=&#8221;https:\/\/pdi.ro\/2021\/wp-content\/uploads\/2021\/05\/PDI2021_header_1920x550px.jpg&#8221; background_blend=&#8221;luminosity&#8221; background_layout=&#8221;light&#8221; custom_margin=&#8221;0px||8px&#8221; custom_padding=&#8221;40px||40px||true&#8221; content_font_size_tablet=&#8221;&#8221; content_font_size_phone=&#8221;15px&#8221; content_font_size_last_edited=&#8221;on|desktop&#8221;][\/et_pb_fullwidth_header][\/et_pb_section][et_pb_section fb_built=&#8221;1&#8243; _builder_version=&#8221;3.22&#8243;][et_pb_row column_structure=&#8221;2_5,3_5&#8243; _builder_version=&#8221;3.25&#8243; locked=&#8221;off&#8221;][et_pb_column type=&#8221;2_5&#8243; _builder_version=&#8221;3.25&#8243; custom_padding=&#8221;|||&#8221; custom_padding__hover=&#8221;|||&#8221;][et_pb_image src=&#8221;https:\/\/pdi.ro\/2021\/2019\/wp-content\/uploads\/2019\/02\/Robert-Ancuceanu.jpg&#8221; align=&#8221;center&#8221; align_tablet=&#8221;center&#8221; align_phone=&#8221;&#8221; align_last_edited=&#8221;on|desktop&#8221; _builder_version=&#8221;3.23&#8243; max_width=&#8221;25%&#8221; border_radii=&#8221;on|100px|100px|100px|100px&#8221;][\/et_pb_image][\/et_pb_column][et_pb_column type=&#8221;3_5&#8243; _builder_version=&#8221;3.25&#8243; custom_padding=&#8221;|||&#8221; custom_padding__hover=&#8221;|||&#8221;][et_pb_text _builder_version=&#8221;3.27.4&#8243;]<\/p>\n<h4><span style=\"color: #ff6600;\"><strong><\/strong><\/span><\/h4>\n<h4><span style=\"color: #ff6600;\"><strong><\/strong><\/span><\/h4>\n<h4><span style=\"color: #ff6600;\"><strong><\/strong><\/span><\/h4>\n<h4><span style=\"color: #ff6600;\"><strong>Prof. Dr. Ancuceanu Robert<\/strong><\/span><br \/><span style=\"color: #ff6600;\"><strong> U.M.F. &#8220;Carol Davila&#8221;, Bucure\u015fti<\/strong><\/span><\/h4>\n<p>[\/et_pb_text][\/et_pb_column][\/et_pb_row][et_pb_row _builder_version=&#8221;3.25&#8243; locked=&#8221;off&#8221;][et_pb_column type=&#8221;4_4&#8243; _builder_version=&#8221;3.25&#8243; custom_padding=&#8221;|||&#8221; custom_padding__hover=&#8221;|||&#8221;][et_pb_text _builder_version=&#8221;4.9.6&#8243;]<\/p>\n<p style=\"text-align: justify;\"><span style=\"color: #ff6600;\">Dezvoltarea de medicamente pentru epidermoliza buloas\u0103<\/span><br \/><span style=\"color: #ff6600;\"> Autori: R. Ancuceanu, Mihaela Dinu<\/span><\/p>\n<p style=\"text-align: justify;\"><span style=\"color: #000000;\">Cuvinte cheie: Epidermoliza buloas\u0103, medicamente orfane, studii clinice<\/span><\/p>\n<p style=\"text-align: justify;\"><span style=\"color: #000000;\">Obiective: Epidermoliza buloas\u0103 reprezint\u0103 un grup heterogen de afec\u0163iuni cutanate de natur\u0103 genetic\u0103, rare \u015fi nevindecabile, cauzate de muta\u0163ii ale unor gene codific\u00e2nd proteine structurale cheie din piele. Care afec\u021biuni ar trebui incluse \u00een cadrul spectrului cunoscut generic drept \u201eepidermoliz\u0103 buloas\u0103\u201c \u0219i care nu, r\u0103m\u00e2ne o chestiune deschis\u0103. Cum aceste maladii sunt rare, ne-am propus identificarea medicamentelor desemnate ca orfane p\u00e2n\u0103 \u00een prezent \u0219i a provoc\u0103rilor pe care le prezint\u0103 dezvoltarea acestei categorii de medicamente.<\/span><br \/><span style=\"color: #000000;\">Materiale \u0219i metode: s-au examinat toate medicamentele \u00eenregistrate \u00een Registrul Uniunii Europene de medicamente orfane \u0219i \u00een web-site-ul FDA \u0219i s-au c\u0103utat informa\u021bii despre stadiul de dezvoltare clinic\u0103 al medicamentelor respective. De asemenea, printr-o interogare Medline s-au identificat studii clinice publicate p\u00e2n\u0103 \u00een prezent \u00een diverse forme de epidermoliz\u0103 buloas\u0103. Interog\u0103ri relevante au permis identificarea de studii clinice \u00een derulare sau ale c\u0103ror rezultate nu au fost \u00eenc\u0103 publicate.<\/span><br \/><span style=\"color: #000000;\">Rezultate: \u00cen Registrul Uniunii Europene de medicamente orfane s-au identificat un num\u0103r de 21 de intr\u0103ri (cel pu\u0163in dou\u0103 sunt duplicate), dintre care 20 se refer\u0103 la \u201etratamentul epidermoliezei buloase\u201c (f\u0103r\u0103 alte calificative sau identificatori), iar unul la tratamentul epidermolizei buloase distrofice. \u00cen SUA num\u0103rul medicamentelor orfane indicate pentru aceste grup de afec\u021biuni este ceva mai mare (25, dintre care cel pu\u021bin un duplicat \u0219i dou\u0103 retrase) \u0219i numai aproape jum\u0103tate sunt desemnate generic \u00een \u201eepidermoliza buloas\u0103\u201c.<\/span><\/p>\n<p style=\"text-align: justify;\">\n<p style=\"text-align: justify;\"><span style=\"color: #ff6600;\">Developing drugs for epidermolysis bullosa<\/span><br \/><span style=\"color: #ff6600;\">Autori: R. Ancuceanu, Mihaela Dinu<\/span><\/p>\n<p style=\"text-align: justify;\"><span style=\"color: #000000;\">Keywords: Epidermolysis bullosa, orphan medicines, clinical trials<\/span><\/p>\n<p style=\"text-align: justify;\"><span style=\"color: #000000;\">Objectives: Epidermolysis bullosa is a heterogeneous group of skin disorders of genetic nature, rare and incurable, caused by mutations in genes encoding key structural proteins in the skin. Which conditions should be included within the spectrum known generically as &#8220;epidermolysis bullosa&#8221; and which should not, remains an open question. As these diseases are rare, we set out to identify which drugs have been designated as orphan drugs to date and the challenges of developing this category of drugs.<\/span><br \/><span style=\"color: #000000;\">Materials and methods: All drugs registered in the European Union Register of Orphan Medicinal Products and on the FDA website were reviewed and information on the clinical development status of these drugs was sought. A Medline search also identified clinical trials published to date in various forms of epidermolysis bullosa. Relevant queries identified ongoing clinical trials or trials whose results have not yet been published.<\/span><br \/><span style=\"color: #000000;\">Results: A total of 21 entries were identified in the European Union Register of Orphan Medicinal Products (at least two are duplicates), of which 20 refer to the &#8220;treatment of epidermolysis bullosa&#8221; (with no other qualifiers or identifiers) and one to the treatment of dystrophic epidermolysis bullosa. In the US the number of orphan drugs indicated for this group of conditions is somewhat higher (25, of which at least one duplicate and two withdrawn) and only about half are generically designated in &#8220;epidermolysis bullosa&#8221;.<\/span><\/p>\n<p style=\"text-align: justify;\"><span style=\"color: #ff6600;\">Scurt CV<\/span><\/p>\n<p style=\"text-align: justify;\"><span style=\"color: #000000;\">Robert Ancuceanu este profesor \u015fi prodecan \u00een cadrul Facult\u0103\u0163ii de Farmacie din Bucure\u015fti, disciplina Botanic\u0103 farmaceutic\u0103 \u015fi biologie celular\u0103. Cu un doctorat \u00een farmacie, un masterat \u00een biostatistic\u0103 \u015fi licen\u0163\u0103 \u00een drept, a lucrat \u00een diferite domenii farmaceutice, de la cel academic la cel industrial \u015fi \u00een cadrul autorit\u0103\u0163ilor de reglementare. A fost director general al Direc\u0163iei Generale Farmaceutice \u015fi Aparatur\u0103 Medical\u0103 din Ministerul S\u0103n\u0103t\u0103\u0163ii \u015fi Vicepre\u015fedinte al Agen\u0163iei Na\u0163ionale a Medicamentului. A fost membru al Comitetului pentru Medicamente de Uz Uman (CHMP) \u015fi al Comitetului Pediatric (PDCO) \u015fi membru altern (supleant) al Comitetului pentru Medicamente pe baz\u0103 de Plante din cadrul Agen\u0163iei Europene a Medicamentului (EMA), precum \u015fi membru \u00een mai multe comitete sau grupuri de lucru din domeniul farmaceutic. A publicat 56 articole \u015ftiin\u0163ifice indexate ISI, este autor a dou\u0103 c\u0103r\u0163i \u015fi co-autor la alte patru. Pe l\u00e2ng\u0103 interesul s\u0103u larg pentru toate aspectele domeniului farmaceutic, Robert se consider\u0103 un renascentist \u00eent\u00e2rziat, fiind interesat \u015fi de drept, istorie, muzic\u0103, biostatistic\u0103 \u0219i machine learning, sociologie \u015fi literatur\u0103.<\/span><\/p>\n<p>[\/et_pb_text][\/et_pb_column][\/et_pb_row][\/et_pb_section][et_pb_section fb_built=&#8221;1&#8243; _builder_version=&#8221;4.9.6&#8243; background_color=&#8221;rgba(117,194,33,0.23)&#8221; background_image=&#8221;https:\/\/pdi.ro\/2021\/wp-content\/uploads\/2021\/05\/PDI2021_header_1920x550px.jpg&#8221; background_blend=&#8221;multiply&#8221; custom_padding=&#8221;54px|0px|0|0px|false|false&#8221; top_divider_style=&#8221;waves2&#8243; top_divider_color=&#8221;#ffffff&#8221; top_divider_height=&#8221;155px&#8221; top_divider_height_tablet=&#8221;&#8221; top_divider_height_phone=&#8221;97px&#8221; top_divider_height_last_edited=&#8221;on|desktop&#8221; bottom_divider_style=&#8221;waves2&#8243; bottom_divider_color=&#8221;#75c221&#8243; bottom_divider_flip=&#8221;vertical&#8221; bottom_divider_height_tablet=&#8221;&#8221; bottom_divider_height_phone=&#8221;59px&#8221; bottom_divider_height_last_edited=&#8221;on|desktop&#8221; saved_tabs=&#8221;all&#8221; global_module=&#8221;9177&#8243;][et_pb_row column_structure=&#8221;3_5,2_5&#8243; _builder_version=&#8221;3.25&#8243; custom_padding=&#8221;61px|0px|69px|0px|false|false&#8221;][et_pb_column type=&#8221;3_5&#8243; _builder_version=&#8221;3.25&#8243; custom_padding=&#8221;|||&#8221; custom_padding__hover=&#8221;|||&#8221;][et_pb_text _builder_version=&#8221;4.9.4&#8243; text_font=&#8221;Kaushan Script||||||||&#8221; text_text_color=&#8221;#f0622a&#8221; text_font_size=&#8221;30px&#8221; text_line_height=&#8221;1.2em&#8221; header_font=&#8221;||||||||&#8221; background_layout=&#8221;dark&#8221; text_font_size_tablet=&#8221;&#8221; text_font_size_phone=&#8221;&#8221; text_font_size_last_edited=&#8221;on|desktop&#8221;]<\/p>\n<p>Contacteaz\u0103 operatorul PDI 2021<\/p>\n<p>[\/et_pb_text][et_pb_contact_form email=&#8221;contact@pdi.ro\/2021\/2019&#8243; submit_button_text=&#8221;Trimite mesajul&#8221; _builder_version=&#8221;4.9.4&#8243; title_font=&#8221;||||||||&#8221; custom_button=&#8221;on&#8221; button_text_color=&#8221;#F0622A&#8221;][et_pb_contact_field field_id=&#8221;Name&#8221; field_title=&#8221;Nume&#8221; _builder_version=&#8221;3.18.9&#8243; button_text_size__hover_enabled=&#8221;off&#8221; button_one_text_size__hover_enabled=&#8221;off&#8221; button_two_text_size__hover_enabled=&#8221;off&#8221; button_text_color__hover_enabled=&#8221;off&#8221; button_one_text_color__hover_enabled=&#8221;off&#8221; button_two_text_color__hover_enabled=&#8221;off&#8221; button_border_width__hover_enabled=&#8221;off&#8221; button_one_border_width__hover_enabled=&#8221;off&#8221; button_two_border_width__hover_enabled=&#8221;off&#8221; button_border_color__hover_enabled=&#8221;off&#8221; button_one_border_color__hover_enabled=&#8221;off&#8221; button_two_border_color__hover_enabled=&#8221;off&#8221; button_border_radius__hover_enabled=&#8221;off&#8221; button_one_border_radius__hover_enabled=&#8221;off&#8221; button_two_border_radius__hover_enabled=&#8221;off&#8221; button_letter_spacing__hover_enabled=&#8221;off&#8221; button_one_letter_spacing__hover_enabled=&#8221;off&#8221; button_two_letter_spacing__hover_enabled=&#8221;off&#8221; button_bg_color__hover_enabled=&#8221;off&#8221; button_one_bg_color__hover_enabled=&#8221;off&#8221; button_two_bg_color__hover_enabled=&#8221;off&#8221;][\/et_pb_contact_field][et_pb_contact_field field_id=&#8221;Email&#8221; field_title=&#8221;Adresa de e-mail&#8221; field_type=&#8221;email&#8221; _builder_version=&#8221;3.19.4&#8243; button_text_size__hover_enabled=&#8221;off&#8221; button_one_text_size__hover_enabled=&#8221;off&#8221; button_two_text_size__hover_enabled=&#8221;off&#8221; button_text_color__hover_enabled=&#8221;off&#8221; button_one_text_color__hover_enabled=&#8221;off&#8221; button_two_text_color__hover_enabled=&#8221;off&#8221; button_border_width__hover_enabled=&#8221;off&#8221; button_one_border_width__hover_enabled=&#8221;off&#8221; button_two_border_width__hover_enabled=&#8221;off&#8221; button_border_color__hover_enabled=&#8221;off&#8221; button_one_border_color__hover_enabled=&#8221;off&#8221; button_two_border_color__hover_enabled=&#8221;off&#8221; button_border_radius__hover_enabled=&#8221;off&#8221; button_one_border_radius__hover_enabled=&#8221;off&#8221; button_two_border_radius__hover_enabled=&#8221;off&#8221; button_letter_spacing__hover_enabled=&#8221;off&#8221; button_one_letter_spacing__hover_enabled=&#8221;off&#8221; button_two_letter_spacing__hover_enabled=&#8221;off&#8221; button_bg_color__hover_enabled=&#8221;off&#8221; button_one_bg_color__hover_enabled=&#8221;off&#8221; button_two_bg_color__hover_enabled=&#8221;off&#8221;][\/et_pb_contact_field][et_pb_contact_field field_id=&#8221;Message&#8221; field_title=&#8221;Mesajul dvs.&#8221; field_type=&#8221;text&#8221; fullwidth_field=&#8221;on&#8221; _builder_version=&#8221;3.18.9&#8243; button_text_size__hover_enabled=&#8221;off&#8221; button_one_text_size__hover_enabled=&#8221;off&#8221; button_two_text_size__hover_enabled=&#8221;off&#8221; button_text_color__hover_enabled=&#8221;off&#8221; button_one_text_color__hover_enabled=&#8221;off&#8221; button_two_text_color__hover_enabled=&#8221;off&#8221; button_border_width__hover_enabled=&#8221;off&#8221; button_one_border_width__hover_enabled=&#8221;off&#8221; button_two_border_width__hover_enabled=&#8221;off&#8221; button_border_color__hover_enabled=&#8221;off&#8221; button_one_border_color__hover_enabled=&#8221;off&#8221; button_two_border_color__hover_enabled=&#8221;off&#8221; button_border_radius__hover_enabled=&#8221;off&#8221; button_one_border_radius__hover_enabled=&#8221;off&#8221; button_two_border_radius__hover_enabled=&#8221;off&#8221; button_letter_spacing__hover_enabled=&#8221;off&#8221; button_one_letter_spacing__hover_enabled=&#8221;off&#8221; button_two_letter_spacing__hover_enabled=&#8221;off&#8221; button_bg_color__hover_enabled=&#8221;off&#8221; button_one_bg_color__hover_enabled=&#8221;off&#8221; button_two_bg_color__hover_enabled=&#8221;off&#8221;][\/et_pb_contact_field][\/et_pb_contact_form][\/et_pb_column][et_pb_column type=&#8221;2_5&#8243; _builder_version=&#8221;3.25&#8243; custom_padding=&#8221;|||&#8221; custom_padding__hover=&#8221;|||&#8221;][et_pb_text _builder_version=&#8221;4.9.4&#8243; text_font=&#8221;Kaushan Script||||||||&#8221; text_text_color=&#8221;#f0622a&#8221; text_font_size=&#8221;30px&#8221; header_font=&#8221;||||||||&#8221; background_layout=&#8221;dark&#8221;]<\/p>\n<p>Operatorul PDI 2021<\/p>\n<p>[\/et_pb_text][et_pb_text _builder_version=&#8221;4.0.11&#8243; text_font=&#8221;||||||||&#8221;]<\/p>\n<p><span><img loading=\"lazy\" decoding=\"async\" src=\"https:\/\/pdi.ro\/2021\/wp-content\/uploads\/2020\/02\/eventer_logo_150px.png\" width=\"151\" height=\"33\" alt=\"\" class=\"wp-image-774 alignleft size-full\" \/><\/span><\/p>\n<p><span><\/span><\/p>\n<p><span><\/span><\/p>\n<p><span>Adresa: Str. A. Panu nr. 13, Iasi<\/span><br \/> <span>Tel.: 0332.40.88.00-05<\/span><br \/> <span>E-mail: <a href=\"mailto:inscrieri@primaderma.ro\" target=\"_blank\" rel=\"noopener noreferrer\">inscrieri@primaderma.ro<\/a><br \/> <\/span><span>Website:\u00a0<\/span><a href=\"http:\/\/www.eventernet.ro\/\" target=\"Blank\" rel=\"noopener noreferrer\">www.eventernet.ro<\/a><\/p>\n<p>[\/et_pb_text][et_pb_text disabled_on=&#8221;off|off|off&#8221; _builder_version=&#8221;4.0.11&#8243; text_font=&#8221;Kaushan Script||||||||&#8221; text_text_color=&#8221;#f0622a&#8221; text_font_size=&#8221;30px&#8221; header_font=&#8221;||||||||&#8221; background_layout=&#8221;dark&#8221; locked=&#8221;off&#8221;]<\/p>\n<p>Parteneri Media<\/p>\n<p>[\/et_pb_text][et_pb_gallery gallery_ids=&#8221;7203,7204,9252,9464&#8243; fullwidth=&#8221;on&#8221; _builder_version=&#8221;4.9.6&#8243; transform_scale=&#8221;86%|86%&#8221; max_width=&#8221;63%&#8221; auto=&#8221;on&#8221; auto_speed=&#8221;3500&#8243; hover_transition_duration=&#8221;100ms&#8221; hover_transition_delay=&#8221;50ms&#8221; hover_transition_speed_curve=&#8221;ease-in-out&#8221; locked=&#8221;off&#8221;][\/et_pb_gallery][\/et_pb_column][\/et_pb_row][\/et_pb_section]<\/p>\n","protected":false},"excerpt":{"rendered":"<p>Prof. Dr. Ancuceanu Robert U.M.F. &#8220;Carol Davila&#8221;, Bucure\u015ftiDezvoltarea de medicamente pentru epidermoliza buloas\u0103 Autori: R. Ancuceanu, Mihaela Dinu Cuvinte cheie: Epidermoliza buloas\u0103, medicamente orfane, studii clinice Obiective: Epidermoliza buloas\u0103 reprezint\u0103 un grup heterogen de afec\u0163iuni cutanate de natur\u0103 genetic\u0103, rare \u015fi nevindecabile, cauzate de muta\u0163ii ale unor gene codific\u00e2nd proteine structurale cheie din piele. Care [&hellip;]<\/p>\n","protected":false},"author":2,"featured_media":0,"parent":0,"menu_order":0,"comment_status":"closed","ping_status":"closed","template":"","meta":{"_et_pb_use_builder":"on","_et_pb_old_content":"","_et_gb_content_width":"","footnotes":""},"class_list":["post-7459","page","type-page","status-publish","hentry"],"_links":{"self":[{"href":"https:\/\/pdi.ro\/2021\/wp-json\/wp\/v2\/pages\/7459","targetHints":{"allow":["GET"]}}],"collection":[{"href":"https:\/\/pdi.ro\/2021\/wp-json\/wp\/v2\/pages"}],"about":[{"href":"https:\/\/pdi.ro\/2021\/wp-json\/wp\/v2\/types\/page"}],"author":[{"embeddable":true,"href":"https:\/\/pdi.ro\/2021\/wp-json\/wp\/v2\/users\/2"}],"replies":[{"embeddable":true,"href":"https:\/\/pdi.ro\/2021\/wp-json\/wp\/v2\/comments?post=7459"}],"version-history":[{"count":8,"href":"https:\/\/pdi.ro\/2021\/wp-json\/wp\/v2\/pages\/7459\/revisions"}],"predecessor-version":[{"id":9572,"href":"https:\/\/pdi.ro\/2021\/wp-json\/wp\/v2\/pages\/7459\/revisions\/9572"}],"wp:attachment":[{"href":"https:\/\/pdi.ro\/2021\/wp-json\/wp\/v2\/media?parent=7459"}],"curies":[{"name":"wp","href":"https:\/\/api.w.org\/{rel}","templated":true}]}}