{"id":7478,"date":"2020-03-06T17:27:52","date_gmt":"2020-03-06T15:27:52","guid":{"rendered":"https:\/\/primaderma.ro\/?page_id=7478"},"modified":"2021-06-25T17:01:19","modified_gmt":"2021-06-25T15:01:19","slug":"prof-dr-badescu-magda-mariana","status":"publish","type":"page","link":"https:\/\/pdi.ro\/2021\/prof-dr-badescu-magda-mariana\/","title":{"rendered":"Prof. Dr. B\u0103descu Magda Mariana"},"content":{"rendered":"<p>[et_pb_section fb_built=&#8221;1&#8243; fullwidth=&#8221;on&#8221; disabled_on=&#8221;on|off|off&#8221; _builder_version=&#8221;3.22&#8243; custom_margin=&#8221;||&#8221; custom_padding=&#8221;15px||29px&#8221; top_divider_style=&#8221;waves2&#8243; top_divider_color=&#8221;#f0622a&#8221; top_divider_flip=&#8221;horizontal|vertical&#8221; bottom_divider_style=&#8221;waves2&#8243; bottom_divider_color=&#8221;#fcdedb&#8221; bottom_divider_height=&#8221;105px&#8221; bottom_divider_flip=&#8221;vertical&#8221; global_module=&#8221;9062&#8243; collapsed=&#8221;off&#8221;][et_pb_fullwidth_header title=&#8221;@ET-DC@eyJkeW5hbWljIjp0cnVlLCJjb250ZW50IjoicG9zdF90aXRsZSIsInNldHRpbmdzIjp7ImJlZm9yZSI6IiIsImFmdGVyIjoiIn19@&#8221; text_orientation=&#8221;right&#8221; header_image_url=&#8221;https:\/\/pdi.ro\/2021\/wp-content\/uploads\/2021\/05\/PDI2021_logo_header_int_600x300px.png&#8221; disabled_on=&#8221;on|on|off&#8221; _builder_version=&#8221;4.9.4&#8243; _dynamic_attributes=&#8221;title&#8221; title_font=&#8221;Kaushan Script||||||||&#8221; title_text_align=&#8221;right&#8221; title_text_color=&#8221;#f0622a&#8221; title_font_size=&#8221;50px&#8221; content_font=&#8221;|600||on|||||&#8221; content_text_align=&#8221;center&#8221; content_text_color=&#8221;#686766&#8243; content_font_size=&#8221;15px&#8221; subhead_font=&#8221;||||||||&#8221; background_color=&#8221;#ef916b&#8221; background_image=&#8221;https:\/\/pdi.ro\/2021\/wp-content\/uploads\/2021\/05\/PDI2021_header_1920x550px.jpg&#8221; background_blend=&#8221;luminosity&#8221; background_layout=&#8221;light&#8221; custom_margin=&#8221;0px||8px&#8221; custom_padding=&#8221;40px||40px||true&#8221; content_font_size_tablet=&#8221;&#8221; content_font_size_phone=&#8221;15px&#8221; content_font_size_last_edited=&#8221;on|desktop&#8221;][\/et_pb_fullwidth_header][\/et_pb_section][et_pb_section fb_built=&#8221;1&#8243; _builder_version=&#8221;3.22&#8243;][et_pb_row column_structure=&#8221;2_5,3_5&#8243; _builder_version=&#8221;3.25&#8243; locked=&#8221;off&#8221;][et_pb_column type=&#8221;2_5&#8243; _builder_version=&#8221;3.25&#8243; custom_padding=&#8221;|||&#8221; custom_padding__hover=&#8221;|||&#8221;][et_pb_image src=&#8221;https:\/\/pdi.ro\/2021\/2019\/wp-content\/uploads\/2019\/02\/Magda-Badescu.jpg&#8221; align=&#8221;center&#8221; align_tablet=&#8221;center&#8221; align_phone=&#8221;&#8221; align_last_edited=&#8221;on|desktop&#8221; _builder_version=&#8221;3.23&#8243; max_width=&#8221;32%&#8221; border_radii=&#8221;on|100px|100px|100px|100px&#8221;][\/et_pb_image][\/et_pb_column][et_pb_column type=&#8221;3_5&#8243; _builder_version=&#8221;3.25&#8243; custom_padding=&#8221;|||&#8221; custom_padding__hover=&#8221;|||&#8221;][et_pb_text _builder_version=&#8221;3.27.4&#8243;]<\/p>\n<h5><span style=\"color: #ff6600;\"><strong><\/strong><\/span><\/h5>\n<h5><span style=\"color: #ff6600;\"><strong><\/strong><\/span><\/h5>\n<h5><span style=\"color: #ff6600;\"><strong><\/strong><\/span><\/h5>\n<h5><span style=\"color: #ff6600;\"><strong><\/strong><\/span><\/h5>\n<h5><span style=\"color: #ff6600;\"><strong><\/strong><\/span><\/h5>\n<h5><span style=\"color: #ff6600;\"><strong>Prof. Dr. B\u0103descu Magda Mariana<\/strong><\/span><br \/><span style=\"color: #ff6600;\"><strong> Universitatea de Medicin\u0103 \u015fi Farmacie &#8220;Grigore T. Popa&#8221;, Ia\u015fi<\/strong><\/span><\/h5>\n<p>[\/et_pb_text][\/et_pb_column][\/et_pb_row][et_pb_row _builder_version=&#8221;3.25&#8243; locked=&#8221;off&#8221;][et_pb_column type=&#8221;4_4&#8243; _builder_version=&#8221;3.25&#8243; custom_padding=&#8221;|||&#8221; custom_padding__hover=&#8221;|||&#8221;][et_pb_text _builder_version=&#8221;4.9.6&#8243;]<\/p>\n<p style=\"text-align: justify;\"><span style=\"color: #ff6600;\">Peptidele antimicrobiene o speran\u021b\u0103 \u00een terapia melanomului malign<\/span><br \/>\n<span style=\"color: #ff6600;\"> Autori: Magda B\u0103descu1, Manuela Ciocoiu1, Daniela Jitaru2, B.M. Diaconescu3, Maria Cristina Vl\u0103deanu1, Iris Bararu-Bojan1, Carmen Anton4, Codru\u021ba B\u0103descu4<\/span><\/p>\n<p>1Disciplina Fiziopatologie<br \/>\n2Institutul Regional de Oncologie Ia\u0219i<br \/>\n3Medicina muncii<br \/>\n4Departamentul de Medicin\u0103 intern\u0103<br \/>\nUniversitatea de Medicin\u0103 \u0219i Farmacie &#8220;Grigore T. Popa&#8221;, Ia\u015fi<\/p>\n<p style=\"text-align: justify;\">Cuvinte cheie: peptide antimicrobiene, melanom malign, defensin\u0103, catelicidin\u0103<\/p>\n<p style=\"text-align: justify;\">Introducere: Melanomul malign este cea mai grav\u0103 form\u0103 de cancer de piele. \u00cen ciuda progreselor realizate \u00een reducerea ratelor mortalit\u0103\u021bii cauzate de cancer din ultimii ani, dezvoltarea unor noi abord\u0103ri terapeutice r\u0103m\u00e2ne o prioritate.<\/p>\n<p style=\"text-align: justify;\">Material \u0219i metod\u0103: Plec\u00e2nd de la datele din literatur\u0103, conform c\u0103rora peptidele antimicrobiene (PAM) au poten\u021bial antitumoral, s-a evaluat in vitro poten\u021bialul tumoricid al defensinei beta1 \u0219i catelicidinei LL37 asupra unei linii celulare de melanom malign (A375) \u0219i a unei linii de celule epiteliale normale (HMLE). Ambele linii celulare au fost de provenien\u021b\u0103 uman\u0103.<\/p>\n<p style=\"text-align: justify;\">Rezultate: Am analizat efectele acestor PAM asupra viabilit\u0103\u021bii, citotoxicit\u0103\u021bii \u0219i prolifer\u0103rii melanocitelor tumorale \u0219i keratinocitelor normale. Studiul de viabilitate a fost realizat folosind anexin\u0103 \u0219i 7-AAD (7-amino-actinomicin\u0103 D), pentru detectarea \u0219i m\u0103surarea apoptozei prin tehnica citometriei \u00een flux. Rezultatele studiului nostru au relevat faptul c\u0103 citotoxicitatea catelicidinei LL37 \u0219i a defensinei a fost semnificativ\u0103 pentru linia de celule tumorale de tip melanom malign (A375) \u0219i nu a afectat semnificativ linia de celule epiteliale normale (HMLE), pentru care apoptoza celular\u0103 a fost de 4% la concentra\u021bii mici de LL37 \u0219i de 16% pentru defensin\u0103. La concentra\u021bii mari (15 \u00b5M) dup\u0103 o incubare de 48 h, apoptoza liniei HMLE a fost sub 30% at\u00e2t pentru defensin\u0103 c\u00e2t \u0219i pentru catelicidina LL37.<\/p>\n<p style=\"text-align: justify;\">Concluzii: PAM studiate pot deveni o alternativ\u0103 terapeutic\u0103 pentru melanomul malign, cu at\u00e2t mai mult cu c\u00e2t acestea nu afecteaz\u0103 integritatea celulelor epitaliale normale.<\/p>\n<p><span style=\"color: #ff6600;\">Antimicrobial peptides a hope in melanoma therapy<\/span><br \/>\n<span style=\"color: #ff6600;\">Autori: Magda B\u0103descu1, Manuela Ciocoiu1, Daniela Jitaru2, B.M. Diaconescu3, Maria Cristina Vl\u0103deanu1, Iris Bararu-Bojan1, Carmen Anton4, Codru\u021ba B\u0103descu4<\/span><br \/>\n1Pathophysiology Department<br \/>\n2Regional Institute of Oncology Iasi<br \/>\n3Occupational medicine<br \/>\n4Internal Medicine Department<br \/>\nUniversity of Medicine and Pharmacy &#8220;Grigore T. Popa&#8221;, Ia\u015fi<\/p>\n<p style=\"text-align: justify;\">Keywords: antimicrobial peptides, malignant melanoma, defensin, catelicidin<\/p>\n<p style=\"text-align: justify;\">Introduction: Malignant melanoma is the most serious form of skin cancer. Despite progress in reducing cancer mortality rates in recent years, the development of new therapeutic approaches remains a priority.<\/p>\n<p style=\"text-align: justify;\">Material and method: Based on literature data that antimicrobial peptides (MAPs) have antitumor potential, the tumoricidal potential of defensin beta1 and catelicidine LL37 was evaluated in vitro on a malignant melanoma cell line (A375) and a normal epithelial cell line (HMLE). ). Both cell lines were of human origin.<\/p>\n<p style=\"text-align: justify;\">Results: We analyzed the effects of these MAPs on the viability, cytotoxicity and proliferation of tumor melanocytes and normal keratinocytes. The feasibility study was performed using annexin and 7-AAD (7-amino-actinomycin D), to detect and measure apoptosis by flow cytometry. The results of our study revealed that the cytotoxicity of catelicidin LL37 and defensin was significant for the malignant melanoma tumor cell line (A375) and did not significantly affect the normal epithelial cell line (HMLE), for which cell apoptosis was 4 % at low concentrations of LL37 and 16% for defensin. At high concentrations (15 \u00b5M) after a 48 h incubation, HMLE line apoptosis was below 30% for both defensin and catelicidin LL37.<\/p>\n<p style=\"text-align: justify;\">Conclusions: The studied PAMs {defensin beta1 and catelicidine LL37) can become a therapeutic alternative for malignant melanoma, especially since they do not affect the integrity of normal epithelial cells.<\/p>\n<p style=\"text-align: justify;\"><span style=\"color: #ff6600;\">Scurt CV<\/span><\/p>\n<p style=\"text-align: justify;\">Profesor emerit, Profesor Universitar Asociat Disciplina Fiziopatologie, Facultatea de Medicin\u0103, U.M.F. &#8220;Grigore T. Popa\u201d Ia\u015fi<br \/>\nConduc\u0103tor de doctorat<br \/>\nMedic primar medicin\u0103 intern\u0103<br \/>\nMembru a 15 societ\u0103\u0163i \u015ftiin\u0163ifice na\u0163ionale \u015fi interna\u0163ionale:<br \/>\nActivitatea \u015ftiin\u0163ific\u0103 se materializeaz\u0103 \u00een:<br \/>\n\u2022 16 manuale didactice \u015fi 6 monografii<br \/>\n\u2022 51 lucr\u0103ri \u00een reviste de specialitate cotate ISI in extenso<br \/>\n\u2022 131 lucr\u0103ri \u00een reviste de specialitate indexate BDI<br \/>\n\u2022 Factor de impact cumulat (pentru toate articolele) = 74,28<br \/>\n\u2022 C\u0103r\u0163i, capitole \u00een c\u0103r\u0163i publicate \u00een edituri na\u0163ionale: 53<br \/>\n\u2022 Capitole \u00een c\u0103r\u0163i publicate \u00een edituri interna\u0163ionale: 3<br \/>\n\u2022 Publica\u0163ii web: 159<br \/>\n\u2022 Index Hirsch: 9<br \/>\n\u2022 11 programe de cercetare din care director la 2 granturi<br \/>\n\u2022 24 teze de doctorat \u00eendrumate, finalizate \u0219i confirmate de CNATDCU<\/p>\n<p style=\"text-align: justify;\">[\/et_pb_text][\/et_pb_column][\/et_pb_row][\/et_pb_section][et_pb_section fb_built=&#8221;1&#8243; _builder_version=&#8221;4.9.6&#8243; background_color=&#8221;rgba(117,194,33,0.23)&#8221; background_image=&#8221;https:\/\/pdi.ro\/2021\/wp-content\/uploads\/2021\/05\/PDI2021_header_1920x550px.jpg&#8221; background_blend=&#8221;multiply&#8221; custom_padding=&#8221;54px|0px|0|0px|false|false&#8221; top_divider_style=&#8221;waves2&#8243; top_divider_color=&#8221;#ffffff&#8221; top_divider_height=&#8221;155px&#8221; top_divider_height_tablet=&#8221;&#8221; top_divider_height_phone=&#8221;97px&#8221; top_divider_height_last_edited=&#8221;on|desktop&#8221; bottom_divider_style=&#8221;waves2&#8243; bottom_divider_color=&#8221;#75c221&#8243; bottom_divider_flip=&#8221;vertical&#8221; bottom_divider_height_tablet=&#8221;&#8221; bottom_divider_height_phone=&#8221;59px&#8221; bottom_divider_height_last_edited=&#8221;on|desktop&#8221; global_module=&#8221;9177&#8243; saved_tabs=&#8221;all&#8221;][et_pb_row column_structure=&#8221;3_5,2_5&#8243; _builder_version=&#8221;3.25&#8243; custom_padding=&#8221;61px|0px|69px|0px|false|false&#8221;][et_pb_column type=&#8221;3_5&#8243; _builder_version=&#8221;3.25&#8243; custom_padding=&#8221;|||&#8221; custom_padding__hover=&#8221;|||&#8221;][et_pb_text _builder_version=&#8221;4.9.4&#8243; text_font=&#8221;Kaushan Script||||||||&#8221; text_text_color=&#8221;#f0622a&#8221; text_font_size=&#8221;30px&#8221; text_line_height=&#8221;1.2em&#8221; header_font=&#8221;||||||||&#8221; background_layout=&#8221;dark&#8221; text_font_size_tablet=&#8221;&#8221; text_font_size_phone=&#8221;&#8221; text_font_size_last_edited=&#8221;on|desktop&#8221;]<\/p>\n<p>Contacteaz\u0103 operatorul PDI 2021<\/p>\n<p>[\/et_pb_text][et_pb_contact_form email=&#8221;contact@pdi.ro\/2021\/2019&#8243; submit_button_text=&#8221;Trimite mesajul&#8221; _builder_version=&#8221;4.9.4&#8243; title_font=&#8221;||||||||&#8221; custom_button=&#8221;on&#8221; button_text_color=&#8221;#F0622A&#8221;][et_pb_contact_field field_id=&#8221;Name&#8221; field_title=&#8221;Nume&#8221; _builder_version=&#8221;3.18.9&#8243; button_text_size__hover_enabled=&#8221;off&#8221; button_one_text_size__hover_enabled=&#8221;off&#8221; button_two_text_size__hover_enabled=&#8221;off&#8221; button_text_color__hover_enabled=&#8221;off&#8221; button_one_text_color__hover_enabled=&#8221;off&#8221; button_two_text_color__hover_enabled=&#8221;off&#8221; button_border_width__hover_enabled=&#8221;off&#8221; button_one_border_width__hover_enabled=&#8221;off&#8221; button_two_border_width__hover_enabled=&#8221;off&#8221; button_border_color__hover_enabled=&#8221;off&#8221; button_one_border_color__hover_enabled=&#8221;off&#8221; button_two_border_color__hover_enabled=&#8221;off&#8221; button_border_radius__hover_enabled=&#8221;off&#8221; button_one_border_radius__hover_enabled=&#8221;off&#8221; button_two_border_radius__hover_enabled=&#8221;off&#8221; button_letter_spacing__hover_enabled=&#8221;off&#8221; button_one_letter_spacing__hover_enabled=&#8221;off&#8221; button_two_letter_spacing__hover_enabled=&#8221;off&#8221; button_bg_color__hover_enabled=&#8221;off&#8221; button_one_bg_color__hover_enabled=&#8221;off&#8221; button_two_bg_color__hover_enabled=&#8221;off&#8221;][\/et_pb_contact_field][et_pb_contact_field field_id=&#8221;Email&#8221; field_title=&#8221;Adresa de e-mail&#8221; field_type=&#8221;email&#8221; _builder_version=&#8221;3.19.4&#8243; button_text_size__hover_enabled=&#8221;off&#8221; button_one_text_size__hover_enabled=&#8221;off&#8221; button_two_text_size__hover_enabled=&#8221;off&#8221; button_text_color__hover_enabled=&#8221;off&#8221; button_one_text_color__hover_enabled=&#8221;off&#8221; button_two_text_color__hover_enabled=&#8221;off&#8221; button_border_width__hover_enabled=&#8221;off&#8221; button_one_border_width__hover_enabled=&#8221;off&#8221; button_two_border_width__hover_enabled=&#8221;off&#8221; button_border_color__hover_enabled=&#8221;off&#8221; button_one_border_color__hover_enabled=&#8221;off&#8221; button_two_border_color__hover_enabled=&#8221;off&#8221; button_border_radius__hover_enabled=&#8221;off&#8221; button_one_border_radius__hover_enabled=&#8221;off&#8221; button_two_border_radius__hover_enabled=&#8221;off&#8221; button_letter_spacing__hover_enabled=&#8221;off&#8221; button_one_letter_spacing__hover_enabled=&#8221;off&#8221; button_two_letter_spacing__hover_enabled=&#8221;off&#8221; button_bg_color__hover_enabled=&#8221;off&#8221; button_one_bg_color__hover_enabled=&#8221;off&#8221; button_two_bg_color__hover_enabled=&#8221;off&#8221;][\/et_pb_contact_field][et_pb_contact_field field_id=&#8221;Message&#8221; field_title=&#8221;Mesajul dvs.&#8221; field_type=&#8221;text&#8221; fullwidth_field=&#8221;on&#8221; _builder_version=&#8221;3.18.9&#8243; button_text_size__hover_enabled=&#8221;off&#8221; button_one_text_size__hover_enabled=&#8221;off&#8221; button_two_text_size__hover_enabled=&#8221;off&#8221; button_text_color__hover_enabled=&#8221;off&#8221; button_one_text_color__hover_enabled=&#8221;off&#8221; button_two_text_color__hover_enabled=&#8221;off&#8221; button_border_width__hover_enabled=&#8221;off&#8221; button_one_border_width__hover_enabled=&#8221;off&#8221; button_two_border_width__hover_enabled=&#8221;off&#8221; button_border_color__hover_enabled=&#8221;off&#8221; button_one_border_color__hover_enabled=&#8221;off&#8221; button_two_border_color__hover_enabled=&#8221;off&#8221; button_border_radius__hover_enabled=&#8221;off&#8221; button_one_border_radius__hover_enabled=&#8221;off&#8221; button_two_border_radius__hover_enabled=&#8221;off&#8221; button_letter_spacing__hover_enabled=&#8221;off&#8221; button_one_letter_spacing__hover_enabled=&#8221;off&#8221; button_two_letter_spacing__hover_enabled=&#8221;off&#8221; button_bg_color__hover_enabled=&#8221;off&#8221; button_one_bg_color__hover_enabled=&#8221;off&#8221; button_two_bg_color__hover_enabled=&#8221;off&#8221;][\/et_pb_contact_field][\/et_pb_contact_form][\/et_pb_column][et_pb_column type=&#8221;2_5&#8243; _builder_version=&#8221;3.25&#8243; custom_padding=&#8221;|||&#8221; custom_padding__hover=&#8221;|||&#8221;][et_pb_text _builder_version=&#8221;4.9.4&#8243; text_font=&#8221;Kaushan Script||||||||&#8221; text_text_color=&#8221;#f0622a&#8221; text_font_size=&#8221;30px&#8221; header_font=&#8221;||||||||&#8221; background_layout=&#8221;dark&#8221;]<\/p>\n<p>Operatorul PDI 2021<\/p>\n<p>[\/et_pb_text][et_pb_text _builder_version=&#8221;4.0.11&#8243; text_font=&#8221;||||||||&#8221;]<\/p>\n<p><span><img loading=\"lazy\" decoding=\"async\" src=\"https:\/\/pdi.ro\/2021\/wp-content\/uploads\/2020\/02\/eventer_logo_150px.png\" width=\"151\" height=\"33\" alt=\"\" class=\"wp-image-774 alignleft size-full\" \/><\/span><\/p>\n<p><span><\/span><\/p>\n<p><span><\/span><\/p>\n<p><span>Adresa: Str. A. Panu nr. 13, Iasi<\/span><br \/> <span>Tel.: 0332.40.88.00-05<\/span><br \/> <span>E-mail: <a href=\"mailto:inscrieri@primaderma.ro\" target=\"_blank\" rel=\"noopener noreferrer\">inscrieri@primaderma.ro<\/a><br \/> <\/span><span>Website:\u00a0<\/span><a href=\"http:\/\/www.eventernet.ro\/\" target=\"Blank\" rel=\"noopener noreferrer\">www.eventernet.ro<\/a><\/p>\n<p>[\/et_pb_text][et_pb_text disabled_on=&#8221;off|off|off&#8221; _builder_version=&#8221;4.0.11&#8243; text_font=&#8221;Kaushan Script||||||||&#8221; text_text_color=&#8221;#f0622a&#8221; text_font_size=&#8221;30px&#8221; header_font=&#8221;||||||||&#8221; background_layout=&#8221;dark&#8221; locked=&#8221;off&#8221;]<\/p>\n<p>Parteneri Media<\/p>\n<p>[\/et_pb_text][et_pb_gallery gallery_ids=&#8221;7203,7204,9252,9464&#8243; fullwidth=&#8221;on&#8221; _builder_version=&#8221;4.9.6&#8243; transform_scale=&#8221;86%|86%&#8221; max_width=&#8221;63%&#8221; auto=&#8221;on&#8221; auto_speed=&#8221;3500&#8243; hover_transition_duration=&#8221;100ms&#8221; hover_transition_delay=&#8221;50ms&#8221; hover_transition_speed_curve=&#8221;ease-in-out&#8221; locked=&#8221;off&#8221;][\/et_pb_gallery][\/et_pb_column][\/et_pb_row][\/et_pb_section]<\/p>\n","protected":false},"excerpt":{"rendered":"<p>Prof. Dr. B\u0103descu Magda Mariana Universitatea de Medicin\u0103 \u015fi Farmacie &#8220;Grigore T. Popa&#8221;, Ia\u015fiPeptidele antimicrobiene o speran\u021b\u0103 \u00een terapia melanomului malign Autori: Magda B\u0103descu1, Manuela Ciocoiu1, Daniela Jitaru2, B.M. Diaconescu3, Maria Cristina Vl\u0103deanu1, Iris Bararu-Bojan1, Carmen Anton4, Codru\u021ba B\u0103descu4 1Disciplina Fiziopatologie 2Institutul Regional de Oncologie Ia\u0219i 3Medicina muncii 4Departamentul de Medicin\u0103 intern\u0103 Universitatea de Medicin\u0103 [&hellip;]<\/p>\n","protected":false},"author":2,"featured_media":0,"parent":0,"menu_order":0,"comment_status":"closed","ping_status":"closed","template":"","meta":{"_et_pb_use_builder":"on","_et_pb_old_content":"","_et_gb_content_width":"","footnotes":""},"class_list":["post-7478","page","type-page","status-publish","hentry"],"_links":{"self":[{"href":"https:\/\/pdi.ro\/2021\/wp-json\/wp\/v2\/pages\/7478","targetHints":{"allow":["GET"]}}],"collection":[{"href":"https:\/\/pdi.ro\/2021\/wp-json\/wp\/v2\/pages"}],"about":[{"href":"https:\/\/pdi.ro\/2021\/wp-json\/wp\/v2\/types\/page"}],"author":[{"embeddable":true,"href":"https:\/\/pdi.ro\/2021\/wp-json\/wp\/v2\/users\/2"}],"replies":[{"embeddable":true,"href":"https:\/\/pdi.ro\/2021\/wp-json\/wp\/v2\/comments?post=7478"}],"version-history":[{"count":9,"href":"https:\/\/pdi.ro\/2021\/wp-json\/wp\/v2\/pages\/7478\/revisions"}],"predecessor-version":[{"id":9576,"href":"https:\/\/pdi.ro\/2021\/wp-json\/wp\/v2\/pages\/7478\/revisions\/9576"}],"wp:attachment":[{"href":"https:\/\/pdi.ro\/2021\/wp-json\/wp\/v2\/media?parent=7478"}],"curies":[{"name":"wp","href":"https:\/\/api.w.org\/{rel}","templated":true}]}}