{"id":7495,"date":"2020-03-06T17:27:02","date_gmt":"2020-03-06T15:27:02","guid":{"rendered":"https:\/\/primaderma.ro\/?page_id=7495"},"modified":"2021-07-07T16:43:32","modified_gmt":"2021-07-07T14:43:32","slug":"prof-dr-bogdanici-camelia","status":"publish","type":"page","link":"https:\/\/pdi.ro\/2021\/prof-dr-bogdanici-camelia\/","title":{"rendered":"Prof. Dr. Bogd\u0103nici Camelia"},"content":{"rendered":"<p>[et_pb_section fb_built=&#8221;1&#8243; fullwidth=&#8221;on&#8221; disabled_on=&#8221;on|off|off&#8221; _builder_version=&#8221;3.22&#8243; custom_margin=&#8221;||&#8221; custom_padding=&#8221;15px||29px&#8221; top_divider_style=&#8221;waves2&#8243; top_divider_color=&#8221;#f0622a&#8221; top_divider_flip=&#8221;horizontal|vertical&#8221; bottom_divider_style=&#8221;waves2&#8243; bottom_divider_color=&#8221;#fcdedb&#8221; bottom_divider_height=&#8221;105px&#8221; bottom_divider_flip=&#8221;vertical&#8221; global_module=&#8221;9062&#8243; collapsed=&#8221;off&#8221;][et_pb_fullwidth_header title=&#8221;@ET-DC@eyJkeW5hbWljIjp0cnVlLCJjb250ZW50IjoicG9zdF90aXRsZSIsInNldHRpbmdzIjp7ImJlZm9yZSI6IiIsImFmdGVyIjoiIn19@&#8221; text_orientation=&#8221;right&#8221; header_image_url=&#8221;https:\/\/pdi.ro\/2021\/wp-content\/uploads\/2021\/05\/PDI2021_logo_header_int_600x300px.png&#8221; disabled_on=&#8221;on|on|off&#8221; _builder_version=&#8221;4.9.4&#8243; _dynamic_attributes=&#8221;title&#8221; title_font=&#8221;Kaushan Script||||||||&#8221; title_text_align=&#8221;right&#8221; title_text_color=&#8221;#f0622a&#8221; title_font_size=&#8221;50px&#8221; content_font=&#8221;|600||on|||||&#8221; content_text_align=&#8221;center&#8221; content_text_color=&#8221;#686766&#8243; content_font_size=&#8221;15px&#8221; subhead_font=&#8221;||||||||&#8221; background_color=&#8221;#ef916b&#8221; background_image=&#8221;https:\/\/pdi.ro\/2021\/wp-content\/uploads\/2021\/05\/PDI2021_header_1920x550px.jpg&#8221; background_blend=&#8221;luminosity&#8221; background_layout=&#8221;light&#8221; custom_margin=&#8221;0px||8px&#8221; custom_padding=&#8221;40px||40px||true&#8221; content_font_size_tablet=&#8221;&#8221; content_font_size_phone=&#8221;15px&#8221; content_font_size_last_edited=&#8221;on|desktop&#8221;][\/et_pb_fullwidth_header][\/et_pb_section][et_pb_section fb_built=&#8221;1&#8243; _builder_version=&#8221;3.22&#8243;][et_pb_row column_structure=&#8221;2_5,3_5&#8243; _builder_version=&#8221;3.25&#8243; locked=&#8221;off&#8221;][et_pb_column type=&#8221;2_5&#8243; _builder_version=&#8221;3.25&#8243; custom_padding=&#8221;|||&#8221; custom_padding__hover=&#8221;|||&#8221;][et_pb_image src=&#8221;https:\/\/pdi.ro\/2021\/wp-content\/uploads\/2020\/06\/Bogdanici.png&#8221; title_text=&#8221;Bogdanici&#8221; align=&#8221;center&#8221; align_tablet=&#8221;center&#8221; align_phone=&#8221;&#8221; align_last_edited=&#8221;on|desktop&#8221; _builder_version=&#8221;4.4.8&#8243; max_width=&#8221;31%&#8221; border_radii=&#8221;on|100px|100px|100px|100px&#8221;][\/et_pb_image][\/et_pb_column][et_pb_column type=&#8221;3_5&#8243; _builder_version=&#8221;3.25&#8243; custom_padding=&#8221;|||&#8221; custom_padding__hover=&#8221;|||&#8221;][et_pb_text _builder_version=&#8221;4.9.7&#8243; hover_enabled=&#8221;0&#8243; sticky_enabled=&#8221;0&#8243;]<\/p>\n<h4><span style=\"color: #ff6600;\"><strong><\/strong><\/span><\/h4>\n<h4><span style=\"color: #ff6600;\"><strong><\/strong><\/span><\/h4>\n<h4><span style=\"color: #ff6600;\"><strong><\/strong><\/span><\/h4>\n<h4><span style=\"color: #ff6600;\"><strong>Prof. Dr. Bogd\u0103nici Camelia<\/strong><\/span><br \/> <span style=\"color: #ff6600;\"><strong> Universitatea de Medicin\u0103 \u0219i Farmacie &#8220;Grigore T. Popa&#8221;, Ia\u0219i<br \/>\nSpitalul Clinic Jude\u021bean de Urgen\u021be &#8220;Sf. Spiridon&#8221; Ia\u0219i<\/strong><\/span><\/h4>\n<p>[\/et_pb_text][\/et_pb_column][\/et_pb_row][et_pb_row _builder_version=&#8221;3.25&#8243; locked=&#8221;off&#8221;][et_pb_column type=&#8221;4_4&#8243; _builder_version=&#8221;3.25&#8243; custom_padding=&#8221;|||&#8221; custom_padding__hover=&#8221;|||&#8221;][et_pb_text _builder_version=&#8221;4.9.7&#8243;]<\/p>\n<p style=\"text-align: justify;\"><span style=\"color: #ff6600;\">Influen\u021ba afec\u021biunilor oftalmologice asupra calit\u0103\u021bii vederii pictorilor celebri<\/span><br \/>\n<span style=\"color: #ff6600;\">Autori: Camelia-Margareta Bogd\u0103nici, Irina Andreea Niagu<\/span><\/p>\n<p style=\"text-align: justify;\">Vederea reprezint\u0103 un instrument indispensabil pentru crearea operelor de art\u0103. F\u0103r\u0103 vedere, arti\u0219tii nu \u00ee\u0219i pot \u00eendruma mi\u0219c\u0103rile pensulei peste p\u00e2nz\u0103 \u0219i nu pot observa culoarea \u0219i forma operei lor de art\u0103. Aceast\u0103 lucrare prezint\u0103 numeroase patologii oftalmologice care au afectat unii dintre cei mai renumi\u021bi arti\u0219ti din toate timpurile. Stilul unei picturi poate fi creat inten\u021bionat de c\u0103tre artist, dar poate fi afectat \u0219i de acuitatea vizual\u0103. Cele mai semnificative afec\u021biuni oculare care ar putea afecta acuitatea vizual\u0103 \u0219i stilul de pictur\u0103 sunt reprezentate de strabism, erori refractive, cataract\u0103, afec\u021biuni retiniene, deficite ale vederii cromatice, precum \u0219i traume oculare. De-a lungul timpului pot fi \u00eent\u00e2lnite diverse stiluri de pictur\u0103 \u0219i de multe ori ne \u00eentreb\u0103m dac\u0103 stilul este influen\u021bat de acuitatea vizual\u0103 a arti\u0219tilor sau dac\u0103 vederea nu influen\u021beaza acest fapt. Scopul acestei prezent\u0103ri este de a demonstra modul \u00een care patologiile oculare ar fi putut afecta crea\u021bia de art\u0103 \u00een ultimele secole.<\/p>\n<p style=\"text-align: justify;\"><span style=\"color: #ff6600;\">The influence of ophthalmological diseases on the vision quality of famous painters<\/span><br \/>\n<span style=\"color: #ff6600;\">Autori: Camelia-Margareta Bogd\u0103nici, Irina Andreea Niagu<\/span><\/p>\n<p style=\"text-align: justify;\">Sight represents an indispensable tool for creating works of art. Without sight, artists can`t guide their brush movements over the canvas and can`t observe the color and shape of their art work. This paper reviews numerous ophthalmic pathologies which affected some of the most famous artists from all the time. The style of a painting can be created on purpose by the artist, but it can also be affected by the visual acuity. The most significant ocular diseases, which might affect visual acuity and style of painting are represented by strabismus, refractive errors, cataract, retinal diseases, color vision deficiency and ocular trauma. During the time, various styles of paintings can be encountered and very often we wonder if whether the style is influenced by the visual acuity of the artists or visual acuity do not affect at all the styles. The purpose of this presentation is to prove how ocular pathologies might have affected art creation during the past centuries.<\/p>\n<p style=\"text-align: justify;\"><span style=\"color: #ff6600;\">Scurt CV<\/span><\/p>\n<p style=\"text-align: justify;\">Sunt absolvent\u0103 a Universit\u0103\u0163ii de Medicin\u0103 \u015fi Farmacie \u201cGrigore T. Popa\u201d Ia\u015fi, Rom\u00e2nia din 1985.<br \/>\n\u00cen perioada 1990-1994 am urmat reziden\u0163iatul \u00een Specialitatea Oftalmologie, Spital \u201dSf. Spiridon\u201d, Ia\u015fi unde \u00eemi continui activitatea ca medic primar \u015fi \u00een prezent.<br \/>\n\u00cen perioada 1987-1990, am fost Asistent Universitar, la Disciplina Histologie, iar \u00eentre 1991 \u2013 1999 la Disciplina Oftalmologie, U.M.F. \u201cGrigore T. Popa\u201d Ia\u015fi. \u00centre 1999 \u2013 2007 am fost \u015eef de lucr\u0103ri iar din 2007 sunt Conferen\u0163iar la Disciplina Oftalmologie, U.M.F. Iasi, Spital \u201dSf. Spiridon\u201d Ia\u015fi.<br \/>\nDin 2017 sunt Coordonatorul activit\u0103\u0163ii didactice la Disciplina Oftralmologie, Departamentul Chirurgie II.<br \/>\n\u00cen 1999 am sus\u0163inut Doctoratul \u00een Medicin\u0103, specialitatea Oftalmologie, cu tema: \u201cCercet\u0103ri clinice privind echilibrul presor intraocular la Normali, Hipertensivi \u015fi Glaucomato\u015fi.<br \/>\nAm avut Burse de cercetare \u015fi de lucru \u00een: K\u00f6ln &#8211; Germania (1994); Kfar-Saba Israel (1997); Louisville Kentucky (1997); Regensburg &#8211; Germania (1994). \u00centre 2007 &#8211; 2012, am fost Directorul Medical din Spitalul Clinic de Urgen\u0163e \u201cSf. Spiridon\u201d Ia\u015fi, iar \u00eentre 2012 &#8211; 2016, Deputat \u00een Parlamentul Rom\u00e2niei, \u015fi membr\u0103 a Comisiei pentru S\u0103n\u0103tate \u015fi Familie.<br \/>\nSunt membr\u0103 \u00een bordul de conducere al Societ\u0103\u0163ii Rom\u00e2ne de Oftalmologie, vicepre\u015fedinta Societ\u0103\u0163ii Rom\u00e2ne de Oftalmopediatrie \u015fi Strabism, membr\u0103 a Societ\u0103\u0163ii Rom\u00e2ne de Lentile de Contact, membr\u0103 a Academiei Europene de Ortokeratologie.<br \/>\nSunt autor \u015fi coautor a numeroase lucr\u0103ri \u015ftiin\u0163ifice la Congrese din Rom\u00e2nia precum \u015fi Interna\u0163ionale, a 17 publica\u0163ii \u015ftiin\u0163ifice ISI \u015fi 36 BDI, precum \u015fi a 15 c\u0103r\u0163i \u00een oftalmologie.<br \/>\nSubiecte preferate: Oftalmopediatrie, Ambliopie, Ortokeratologie, Lentile de Contact, Low-Vision.<\/p>\n<p>[\/et_pb_text][\/et_pb_column][\/et_pb_row][\/et_pb_section][et_pb_section fb_built=&#8221;1&#8243; _builder_version=&#8221;4.9.6&#8243; background_color=&#8221;rgba(117,194,33,0.23)&#8221; background_image=&#8221;https:\/\/pdi.ro\/2021\/wp-content\/uploads\/2021\/05\/PDI2021_header_1920x550px.jpg&#8221; background_blend=&#8221;multiply&#8221; custom_padding=&#8221;54px|0px|0|0px|false|false&#8221; top_divider_style=&#8221;waves2&#8243; top_divider_color=&#8221;#ffffff&#8221; top_divider_height=&#8221;155px&#8221; top_divider_height_tablet=&#8221;&#8221; top_divider_height_phone=&#8221;97px&#8221; top_divider_height_last_edited=&#8221;on|desktop&#8221; bottom_divider_style=&#8221;waves2&#8243; bottom_divider_color=&#8221;#75c221&#8243; bottom_divider_flip=&#8221;vertical&#8221; bottom_divider_height_tablet=&#8221;&#8221; bottom_divider_height_phone=&#8221;59px&#8221; bottom_divider_height_last_edited=&#8221;on|desktop&#8221; global_module=&#8221;9177&#8243; saved_tabs=&#8221;all&#8221;][et_pb_row column_structure=&#8221;3_5,2_5&#8243; _builder_version=&#8221;3.25&#8243; custom_padding=&#8221;61px|0px|69px|0px|false|false&#8221;][et_pb_column type=&#8221;3_5&#8243; _builder_version=&#8221;3.25&#8243; custom_padding=&#8221;|||&#8221; custom_padding__hover=&#8221;|||&#8221;][et_pb_text _builder_version=&#8221;4.9.4&#8243; text_font=&#8221;Kaushan Script||||||||&#8221; text_text_color=&#8221;#f0622a&#8221; text_font_size=&#8221;30px&#8221; text_line_height=&#8221;1.2em&#8221; header_font=&#8221;||||||||&#8221; background_layout=&#8221;dark&#8221; text_font_size_tablet=&#8221;&#8221; text_font_size_phone=&#8221;&#8221; text_font_size_last_edited=&#8221;on|desktop&#8221;]<\/p>\n<p>Contacteaz\u0103 operatorul PDI 2021<\/p>\n<p>[\/et_pb_text][et_pb_contact_form email=&#8221;contact@pdi.ro\/2021\/2019&#8243; submit_button_text=&#8221;Trimite mesajul&#8221; _builder_version=&#8221;4.9.4&#8243; title_font=&#8221;||||||||&#8221; custom_button=&#8221;on&#8221; button_text_color=&#8221;#F0622A&#8221;][et_pb_contact_field field_id=&#8221;Name&#8221; field_title=&#8221;Nume&#8221; _builder_version=&#8221;3.18.9&#8243; button_text_size__hover_enabled=&#8221;off&#8221; button_one_text_size__hover_enabled=&#8221;off&#8221; button_two_text_size__hover_enabled=&#8221;off&#8221; button_text_color__hover_enabled=&#8221;off&#8221; button_one_text_color__hover_enabled=&#8221;off&#8221; button_two_text_color__hover_enabled=&#8221;off&#8221; button_border_width__hover_enabled=&#8221;off&#8221; button_one_border_width__hover_enabled=&#8221;off&#8221; button_two_border_width__hover_enabled=&#8221;off&#8221; button_border_color__hover_enabled=&#8221;off&#8221; button_one_border_color__hover_enabled=&#8221;off&#8221; button_two_border_color__hover_enabled=&#8221;off&#8221; button_border_radius__hover_enabled=&#8221;off&#8221; button_one_border_radius__hover_enabled=&#8221;off&#8221; button_two_border_radius__hover_enabled=&#8221;off&#8221; button_letter_spacing__hover_enabled=&#8221;off&#8221; button_one_letter_spacing__hover_enabled=&#8221;off&#8221; button_two_letter_spacing__hover_enabled=&#8221;off&#8221; button_bg_color__hover_enabled=&#8221;off&#8221; button_one_bg_color__hover_enabled=&#8221;off&#8221; button_two_bg_color__hover_enabled=&#8221;off&#8221;][\/et_pb_contact_field][et_pb_contact_field field_id=&#8221;Email&#8221; field_title=&#8221;Adresa de e-mail&#8221; field_type=&#8221;email&#8221; _builder_version=&#8221;3.19.4&#8243; button_text_size__hover_enabled=&#8221;off&#8221; button_one_text_size__hover_enabled=&#8221;off&#8221; button_two_text_size__hover_enabled=&#8221;off&#8221; button_text_color__hover_enabled=&#8221;off&#8221; button_one_text_color__hover_enabled=&#8221;off&#8221; button_two_text_color__hover_enabled=&#8221;off&#8221; button_border_width__hover_enabled=&#8221;off&#8221; button_one_border_width__hover_enabled=&#8221;off&#8221; button_two_border_width__hover_enabled=&#8221;off&#8221; button_border_color__hover_enabled=&#8221;off&#8221; button_one_border_color__hover_enabled=&#8221;off&#8221; button_two_border_color__hover_enabled=&#8221;off&#8221; button_border_radius__hover_enabled=&#8221;off&#8221; button_one_border_radius__hover_enabled=&#8221;off&#8221; button_two_border_radius__hover_enabled=&#8221;off&#8221; button_letter_spacing__hover_enabled=&#8221;off&#8221; button_one_letter_spacing__hover_enabled=&#8221;off&#8221; button_two_letter_spacing__hover_enabled=&#8221;off&#8221; button_bg_color__hover_enabled=&#8221;off&#8221; button_one_bg_color__hover_enabled=&#8221;off&#8221; button_two_bg_color__hover_enabled=&#8221;off&#8221;][\/et_pb_contact_field][et_pb_contact_field field_id=&#8221;Message&#8221; field_title=&#8221;Mesajul dvs.&#8221; field_type=&#8221;text&#8221; fullwidth_field=&#8221;on&#8221; _builder_version=&#8221;3.18.9&#8243; button_text_size__hover_enabled=&#8221;off&#8221; button_one_text_size__hover_enabled=&#8221;off&#8221; button_two_text_size__hover_enabled=&#8221;off&#8221; button_text_color__hover_enabled=&#8221;off&#8221; button_one_text_color__hover_enabled=&#8221;off&#8221; button_two_text_color__hover_enabled=&#8221;off&#8221; button_border_width__hover_enabled=&#8221;off&#8221; button_one_border_width__hover_enabled=&#8221;off&#8221; button_two_border_width__hover_enabled=&#8221;off&#8221; button_border_color__hover_enabled=&#8221;off&#8221; button_one_border_color__hover_enabled=&#8221;off&#8221; button_two_border_color__hover_enabled=&#8221;off&#8221; button_border_radius__hover_enabled=&#8221;off&#8221; button_one_border_radius__hover_enabled=&#8221;off&#8221; button_two_border_radius__hover_enabled=&#8221;off&#8221; button_letter_spacing__hover_enabled=&#8221;off&#8221; button_one_letter_spacing__hover_enabled=&#8221;off&#8221; button_two_letter_spacing__hover_enabled=&#8221;off&#8221; button_bg_color__hover_enabled=&#8221;off&#8221; button_one_bg_color__hover_enabled=&#8221;off&#8221; button_two_bg_color__hover_enabled=&#8221;off&#8221;][\/et_pb_contact_field][\/et_pb_contact_form][\/et_pb_column][et_pb_column type=&#8221;2_5&#8243; _builder_version=&#8221;3.25&#8243; custom_padding=&#8221;|||&#8221; custom_padding__hover=&#8221;|||&#8221;][et_pb_text _builder_version=&#8221;4.9.4&#8243; text_font=&#8221;Kaushan Script||||||||&#8221; text_text_color=&#8221;#f0622a&#8221; text_font_size=&#8221;30px&#8221; header_font=&#8221;||||||||&#8221; background_layout=&#8221;dark&#8221;]<\/p>\n<p>Operatorul PDI 2021<\/p>\n<p>[\/et_pb_text][et_pb_text _builder_version=&#8221;4.0.11&#8243; text_font=&#8221;||||||||&#8221;]<\/p>\n<p><span><img loading=\"lazy\" decoding=\"async\" src=\"https:\/\/pdi.ro\/2021\/wp-content\/uploads\/2020\/02\/eventer_logo_150px.png\" width=\"151\" height=\"33\" alt=\"\" class=\"wp-image-774 alignleft size-full\" \/><\/span><\/p>\n<p><span><\/span><\/p>\n<p><span><\/span><\/p>\n<p><span>Adresa: Str. A. Panu nr. 13, Iasi<\/span><br \/> <span>Tel.: 0332.40.88.00-05<\/span><br \/> <span>E-mail: <a href=\"mailto:inscrieri@primaderma.ro\" target=\"_blank\" rel=\"noopener noreferrer\">inscrieri@primaderma.ro<\/a><br \/> <\/span><span>Website:\u00a0<\/span><a href=\"http:\/\/www.eventernet.ro\/\" target=\"Blank\" rel=\"noopener noreferrer\">www.eventernet.ro<\/a><\/p>\n<p>[\/et_pb_text][et_pb_text disabled_on=&#8221;off|off|off&#8221; _builder_version=&#8221;4.0.11&#8243; text_font=&#8221;Kaushan Script||||||||&#8221; text_text_color=&#8221;#f0622a&#8221; text_font_size=&#8221;30px&#8221; header_font=&#8221;||||||||&#8221; background_layout=&#8221;dark&#8221; locked=&#8221;off&#8221;]<\/p>\n<p>Parteneri Media<\/p>\n<p>[\/et_pb_text][et_pb_gallery gallery_ids=&#8221;7203,7204,9252,9464,10156,10157&#8243; fullwidth=&#8221;on&#8221; _builder_version=&#8221;4.9.7&#8243; transform_scale=&#8221;86%|86%&#8221; max_width=&#8221;63%&#8221; auto=&#8221;on&#8221; auto_speed=&#8221;3500&#8243; hover_transition_duration=&#8221;100ms&#8221; hover_transition_delay=&#8221;50ms&#8221; hover_transition_speed_curve=&#8221;ease-in-out&#8221; locked=&#8221;off&#8221;][\/et_pb_gallery][\/et_pb_column][\/et_pb_row][\/et_pb_section]<\/p>\n","protected":false},"excerpt":{"rendered":"<p>Prof. Dr. Bogd\u0103nici Camelia Universitatea de Medicin\u0103 \u0219i Farmacie &#8220;Grigore T. Popa&#8221;, Ia\u0219i Spitalul Clinic Jude\u021bean de Urgen\u021be &#8220;Sf. Spiridon&#8221; Ia\u0219i Influen\u021ba afec\u021biunilor oftalmologice asupra calit\u0103\u021bii vederii pictorilor celebri Autori: Camelia-Margareta Bogd\u0103nici, Irina Andreea Niagu Vederea reprezint\u0103 un instrument indispensabil pentru crearea operelor de art\u0103. F\u0103r\u0103 vedere, arti\u0219tii nu \u00ee\u0219i pot \u00eendruma mi\u0219c\u0103rile pensulei peste [&hellip;]<\/p>\n","protected":false},"author":2,"featured_media":0,"parent":0,"menu_order":0,"comment_status":"closed","ping_status":"closed","template":"","meta":{"_et_pb_use_builder":"on","_et_pb_old_content":"","_et_gb_content_width":"","footnotes":""},"class_list":["post-7495","page","type-page","status-publish","hentry"],"_links":{"self":[{"href":"https:\/\/pdi.ro\/2021\/wp-json\/wp\/v2\/pages\/7495","targetHints":{"allow":["GET"]}}],"collection":[{"href":"https:\/\/pdi.ro\/2021\/wp-json\/wp\/v2\/pages"}],"about":[{"href":"https:\/\/pdi.ro\/2021\/wp-json\/wp\/v2\/types\/page"}],"author":[{"embeddable":true,"href":"https:\/\/pdi.ro\/2021\/wp-json\/wp\/v2\/users\/2"}],"replies":[{"embeddable":true,"href":"https:\/\/pdi.ro\/2021\/wp-json\/wp\/v2\/comments?post=7495"}],"version-history":[{"count":10,"href":"https:\/\/pdi.ro\/2021\/wp-json\/wp\/v2\/pages\/7495\/revisions"}],"predecessor-version":[{"id":10170,"href":"https:\/\/pdi.ro\/2021\/wp-json\/wp\/v2\/pages\/7495\/revisions\/10170"}],"wp:attachment":[{"href":"https:\/\/pdi.ro\/2021\/wp-json\/wp\/v2\/media?parent=7495"}],"curies":[{"name":"wp","href":"https:\/\/api.w.org\/{rel}","templated":true}]}}