{"id":7516,"date":"2020-03-06T16:08:27","date_gmt":"2020-03-06T14:08:27","guid":{"rendered":"https:\/\/primaderma.ro\/?page_id=7516"},"modified":"2021-07-09T16:25:35","modified_gmt":"2021-07-09T14:25:35","slug":"dr-dimitriu-andreea","status":"publish","type":"page","link":"https:\/\/pdi.ro\/2021\/dr-dimitriu-andreea\/","title":{"rendered":"Dr. Dimitriu Andreea"},"content":{"rendered":"<p>[et_pb_section fb_built=&#8221;1&#8243; fullwidth=&#8221;on&#8221; disabled_on=&#8221;on|off|off&#8221; _builder_version=&#8221;3.22&#8243; custom_margin=&#8221;||&#8221; custom_padding=&#8221;15px||29px&#8221; top_divider_style=&#8221;waves2&#8243; top_divider_color=&#8221;#f0622a&#8221; top_divider_flip=&#8221;horizontal|vertical&#8221; bottom_divider_style=&#8221;waves2&#8243; bottom_divider_color=&#8221;#fcdedb&#8221; bottom_divider_height=&#8221;105px&#8221; bottom_divider_flip=&#8221;vertical&#8221; global_module=&#8221;9062&#8243; collapsed=&#8221;off&#8221;][et_pb_fullwidth_header title=&#8221;@ET-DC@eyJkeW5hbWljIjp0cnVlLCJjb250ZW50IjoicG9zdF90aXRsZSIsInNldHRpbmdzIjp7ImJlZm9yZSI6IiIsImFmdGVyIjoiIn19@&#8221; text_orientation=&#8221;right&#8221; header_image_url=&#8221;https:\/\/pdi.ro\/2021\/wp-content\/uploads\/2021\/05\/PDI2021_logo_header_int_600x300px.png&#8221; disabled_on=&#8221;on|on|off&#8221; _builder_version=&#8221;4.9.4&#8243; _dynamic_attributes=&#8221;title&#8221; title_font=&#8221;Kaushan Script||||||||&#8221; title_text_align=&#8221;right&#8221; title_text_color=&#8221;#f0622a&#8221; title_font_size=&#8221;50px&#8221; content_font=&#8221;|600||on|||||&#8221; content_text_align=&#8221;center&#8221; content_text_color=&#8221;#686766&#8243; content_font_size=&#8221;15px&#8221; subhead_font=&#8221;||||||||&#8221; background_color=&#8221;#ef916b&#8221; background_image=&#8221;https:\/\/pdi.ro\/2021\/wp-content\/uploads\/2021\/05\/PDI2021_header_1920x550px.jpg&#8221; background_blend=&#8221;luminosity&#8221; background_layout=&#8221;light&#8221; custom_margin=&#8221;0px||8px&#8221; custom_padding=&#8221;40px||40px||true&#8221; content_font_size_tablet=&#8221;&#8221; content_font_size_phone=&#8221;15px&#8221; content_font_size_last_edited=&#8221;on|desktop&#8221;][\/et_pb_fullwidth_header][\/et_pb_section][et_pb_section fb_built=&#8221;1&#8243; _builder_version=&#8221;3.22&#8243;][et_pb_row column_structure=&#8221;2_5,3_5&#8243; _builder_version=&#8221;3.25&#8243; locked=&#8221;off&#8221;][et_pb_column type=&#8221;2_5&#8243; _builder_version=&#8221;3.25&#8243; custom_padding=&#8221;|||&#8221; custom_padding__hover=&#8221;|||&#8221;][et_pb_image src=&#8221;https:\/\/pdi.ro\/2021\/wp-content\/uploads\/2021\/07\/Dimitriu-Andreea_1.jpg&#8221; title_text=&#8221;Dimitriu Andreea_1&#8243; align=&#8221;center&#8221; align_tablet=&#8221;center&#8221; align_phone=&#8221;&#8221; align_last_edited=&#8221;on|desktop&#8221; _builder_version=&#8221;4.9.7&#8243; max_width=&#8221;31%&#8221; border_radii=&#8221;on|100px|100px|100px|100px&#8221;][\/et_pb_image][\/et_pb_column][et_pb_column type=&#8221;3_5&#8243; _builder_version=&#8221;3.25&#8243; custom_padding=&#8221;|||&#8221; custom_padding__hover=&#8221;|||&#8221;][et_pb_text _builder_version=&#8221;3.27.4&#8243;]<\/p>\n<h4><strong><span style=\"color: #ff6600;\"><\/span><\/strong><\/h4>\n<h4><strong><span style=\"color: #ff6600;\"><\/span><\/strong><\/h4>\n<h4><strong><span style=\"color: #ff6600;\"><\/span><\/strong><\/h4>\n<h4><strong><span style=\"color: #ff6600;\"><\/span><\/strong><\/h4>\n<h4><strong><span style=\"color: #ff6600;\">Dr.\u00a0Dimitriu Andreea<\/span><\/strong><br \/><strong><span style=\"color: #ff6600;\"> Spitalul ARCADIA<\/span><\/strong><\/h4>\n<p>[\/et_pb_text][\/et_pb_column][\/et_pb_row][et_pb_row _builder_version=&#8221;3.25&#8243; locked=&#8221;off&#8221;][et_pb_column type=&#8221;4_4&#8243; _builder_version=&#8221;3.25&#8243; custom_padding=&#8221;|||&#8221; custom_padding__hover=&#8221;|||&#8221;][et_pb_text _builder_version=&#8221;4.9.7&#8243; hover_enabled=&#8221;0&#8243; sticky_enabled=&#8221;0&#8243;]<\/p>\n<p style=\"text-align: justify;\"><span style=\"color: #ff6600;\">Manifest\u0103ri cutanate post-vaccinare COVID-19 &#8211; \u00eentre mit \u0219i realitate<\/span><br \/><span style=\"color: #ff6600;\">Autori: Daciana Elena Br\u0103ni\u015fteanu1, Andreea Dimitriu2<\/span><br \/>1Sec\u0163ia de Dermatovenerologie, Spitalul Clinic C.F. Ia\u015fi, Rom\u00e2nia<br \/>2Departamentul de Dermatovenerologie, Arcadia Spitale \u015fi Centre Medicale, Ia\u015fi, Rom\u00e2nia<\/p>\n<p style=\"text-align: justify;\">Cuvinte cheie: COVID-19, vaccin, dermatologie, reac\u021bii adverse<\/p>\n<p style=\"text-align: justify;\">Infec\u0163ia cu coronavirus (COVID-19) este cauzat\u0103 de coronavirusul sindromului respirator acut sever 2 (SARS-CoV-2) \u0219i a determinat apari\u021bia unei pandemii provocatoare \u0219i amenin\u021b\u0103toare la nivel mondial, cu importante pierderi economice \u0219i de s\u0103n\u0103tate.<br \/>Numeroase manifest\u0103ri cutanate au fost asociate cu infec\u021bia cu COVID-19, cum ar fi: erup\u021bii cutanate veziculare sau maculo-papulare, leziuni livedoide\/necrotice, urticarie, leziuni de tip chilblains \u0219i erup\u021bii induse medicamentos.<br \/>P\u00e2n\u0103 \u00een prezent, exist\u0103 trei tipuri principale de vaccinuri anti-COVID-19 utilizate \u00een \u00eentreaga lume: vaccinuri bazate pe ARN, vaccinuri vector adenovirale \u0219i vaccinuri cu virusuri \u00eentregi inactivate.<br \/>Pe m\u0103sur\u0103 ce vaccinarea COVID-19 devine global\u0103, noile cercet\u0103ri demonstreaz\u0103 o varietate de erup\u021bii cutanate, majoritatea fiind reac\u021bii u\u0219oare sau moderate la locul inject\u0103rii (durere, eritem, edem, m\u00e2nc\u0103rime), de obicei autolimitate \u0219i f\u0103r\u0103 consecin\u021be grave. Reac\u021biile inflamatorii \u00eent\u00e2rziate sunt mai pu\u021bin frecvente, cu un debut la 8 sau mai multe zile dup\u0103 vaccinare \u0219i constau \u00een eritem, indura\u021bie \u0219i sensibilitate. Majoritatea reac\u021biilor locale \u00eent\u00e2rziate au fost moderate \u0219i tranzitorii, cu pu\u021bine recuren\u021be la a doua doz\u0103.<br \/>Efectele secundare dermatologice variaz\u0103 de la erup\u021bie morbilliform\u0103 \u0219i pernio la pitiriazis rozat \u0219i eritem multiform. Unele reac\u021bii precum, eritromelalgia, eritemul multiform \u0219i pitiriazisul rozat imit\u0103 manifest\u0103rile cutanate cunoscute ale infec\u021biei cu COVID-19. \u00cen mod similar, reactiv\u0103rile virusurilor varicelo-zosterian \u0219i herpes simplex au fost raportate \u0219i \u00een cazurile de infec\u021bie COVID-19 \u0219i \u00een cazul vaccin\u0103rilor post-COVID-19.<br \/><img decoding=\"async\" src=\"https:\/\/pdi.ro\/2021\/wp-content\/uploads\/2021\/07\/IMAGE_1.jpg\" style=\"display: block; margin-left: auto; margin-right: auto;\" \/><\/p>\n<p style=\"text-align: justify;\"><span style=\"color: #ff6600;\">Cutaneous reactions to COVID-19 vaccination &#8211; between myth and reality<\/span><br \/><span style=\"color: #ff6600;\">Autori: Daciana Elena Br\u0103ni\u0219teanu1, Andreea Dimitriu2<\/span><br \/>1Dermatovenereology Department, C.F. Clinical Hospital, Iasi, Romania<br \/>2Dermatovenereology Department, Arcadia Hospital and Medical Center, Iasi, Romania<\/p>\n<p style=\"text-align: justify;\">Keywords: COVID-19, vaccine, dermatology, adverse reactions<\/p>\n<p style=\"text-align: justify;\">Coronavirus disease 2019 (COVID-19) is caused by severe acute respiratory syndrome coronavirus 2 (SARS-CoV-2) and it caused a worldwide challenging and threatening pandemic, with important health and economic losses.<br \/>Numerous skin manifestations were associated with COVID-19 infection, such as: vesicular or maculo-papular skin rashes, livedoid\/ necrotic lesions, urticaria, chilblains-like lesions and drug induced eruptions.<br \/>So far, there are three main types of COVID-19 vaccines in use around the world: messenger RNA\u2013based vaccines, adenoviral vector vaccines, and inactivated whole-virus vaccines.<br \/>As COVID-19 vaccination gets globally, new research demonstrates a variety of skin rashes, most of them mild or moderate injection-site reactions (pain, erythema, oedema, itch), usually self-limited, and without serious consequences. Delayed inflammatory reactions are less frequent, with an onset of 8 days or more after vaccination and it consists of erythema, induration and tenderness. Most of delayed large local reactions were moderated and transient, with few recurrences at the second dose.<br \/>Dermatological side effects range from morbilliform rash and pernio to pityriasis rosea and erythema multiforme. Some reactions such as erythromelalgia, erythema multiforme and pityriasis rosea mimic known cutaneous manifestations of COVID-19 infection. Similarly, varicella zoster and herpes simplex reactivations have also been reported with COVID-19 infection cases and post COVID-19 vaccinations.<br \/><img decoding=\"async\" src=\"https:\/\/pdi.ro\/2021\/wp-content\/uploads\/2021\/07\/IMAGE_1.jpg\" style=\"display: block; margin-left: auto; margin-right: auto;\" \/><\/p>\n<p style=\"text-align: justify;\"><span style=\"color: #ff6600;\">\u00a0Scurt CV<\/span><\/p>\n<p style=\"text-align: justify;\"><strong>Educa\u021bie \u0219i formare<\/strong><br \/>&#8211; Diplom\u0103 medic specialist dermato-venerolog (pe baza examenului sustinut \u00een sesiunea noiembrie 2017)<br \/>&#8211; Medic rezident dermato-venerologie (2012- 2017)- Spitalul Clinic Jude\u021bean de Urgen\u021b\u0103 &#8220;Sf. Spiridon\u201d, Ia\u0219i, Clinica de Dermatovenerologie<br \/>&#8211; Diplom\u0103 doctor-medic (2010)- Universitatea de Medicin\u0103 \u0219i Farmacie&#8221;Grigore T. Popa\u201d, Ia\u0219i &#8211; Facultatea de Medicin\u0103<br \/>&#8211; Diplom\u0103 de bacalaureat (2004)- Colegiul Na\u021bional, Ia\u0219i<br \/>&#8211; Multiple cursuri de preg\u0103tire profesional\u0103 continu\u0103 at\u00e2t na\u0163ionale, c\u00e2t \u015fi interna\u0163ionale: EADV Resident Course &#8211; Dermoscopy; Dermapen\u2019s Training Program &#8211; Advanced Class; &#8220;Bazele anatomice pentru injectarea de acid hialuronic la nivelul fe\u0163ei. Rezultatele tratamentelor cu acid hialuronic\u201d; EADV Resident Course &#8211; &#8220;Paediatric Dermatology\u201d; &#8220;Terapii bazate pe lumina inteligent\u0103\u201d; &#8220;Injectare de plasma autolog\u0103 PRP\u201d; Curs postuniversitar de Dermatopediatrie, &#8220;Present and future in Dermatocosmetology\u201d; &#8220;Skin ultrasound\u201d; &#8220;Scleroderma at the border between specialities\u201d; &#8220;Dermato-allergology\u201d; &#8220;Dermatological surgery &#8211; from simple to complex\u201d etc.<\/p>\n<p><strong>Activitatea \u015ftiin\u0163ific\u0103:<\/strong><br \/>Autor a 2 capitole de carte, coautor in 2 lucr\u0103ri \u00een extenso publicate \u00een reviste cotate ISI Web of Science, 6 lucr\u0103ri publicate \u00een rezumat \u00een jurnale indexate ISI, 6 lucr\u0103ri \u00een extenso \u00een revista indexata ISI \u015fi BDI, autor principal \u015fi coautor de postere la manifest\u0103ri na\u0163ionale \u015fi interna\u0163ionale, comunic\u0103ri orale.<\/p>\n<p style=\"text-align: justify;\"><strong>Membru al unor societ\u0103\u0163i \u015ftiin\u0163ifice<\/strong><br \/>European Academy of Dermatology and Venereology<br \/>Societatea Rom\u00e2n\u0103 de Dermatologie<br \/>Asocia\u0163ia Dermatologilor din Moldova<br \/>International Dermoscopy Society<\/p>\n<p style=\"text-align: justify;\">[\/et_pb_text][\/et_pb_column][\/et_pb_row][\/et_pb_section][et_pb_section fb_built=&#8221;1&#8243; _builder_version=&#8221;4.9.6&#8243; background_color=&#8221;rgba(117,194,33,0.23)&#8221; background_image=&#8221;https:\/\/pdi.ro\/2021\/wp-content\/uploads\/2021\/05\/PDI2021_header_1920x550px.jpg&#8221; background_blend=&#8221;multiply&#8221; custom_padding=&#8221;54px|0px|0|0px|false|false&#8221; top_divider_style=&#8221;waves2&#8243; top_divider_color=&#8221;#ffffff&#8221; top_divider_height=&#8221;155px&#8221; top_divider_height_tablet=&#8221;&#8221; top_divider_height_phone=&#8221;97px&#8221; top_divider_height_last_edited=&#8221;on|desktop&#8221; bottom_divider_style=&#8221;waves2&#8243; bottom_divider_color=&#8221;#75c221&#8243; bottom_divider_flip=&#8221;vertical&#8221; bottom_divider_height_tablet=&#8221;&#8221; bottom_divider_height_phone=&#8221;59px&#8221; bottom_divider_height_last_edited=&#8221;on|desktop&#8221; global_module=&#8221;9177&#8243; saved_tabs=&#8221;all&#8221;][et_pb_row column_structure=&#8221;3_5,2_5&#8243; _builder_version=&#8221;3.25&#8243; custom_padding=&#8221;61px|0px|69px|0px|false|false&#8221;][et_pb_column type=&#8221;3_5&#8243; _builder_version=&#8221;3.25&#8243; custom_padding=&#8221;|||&#8221; custom_padding__hover=&#8221;|||&#8221;][et_pb_text _builder_version=&#8221;4.9.4&#8243; text_font=&#8221;Kaushan Script||||||||&#8221; text_text_color=&#8221;#f0622a&#8221; text_font_size=&#8221;30px&#8221; text_line_height=&#8221;1.2em&#8221; header_font=&#8221;||||||||&#8221; background_layout=&#8221;dark&#8221; text_font_size_tablet=&#8221;&#8221; text_font_size_phone=&#8221;&#8221; text_font_size_last_edited=&#8221;on|desktop&#8221;]<\/p>\n<p>Contacteaz\u0103 operatorul PDI 2021<\/p>\n<p>[\/et_pb_text][et_pb_contact_form email=&#8221;contact@pdi.ro\/2021\/2019&#8243; submit_button_text=&#8221;Trimite mesajul&#8221; _builder_version=&#8221;4.9.4&#8243; title_font=&#8221;||||||||&#8221; custom_button=&#8221;on&#8221; button_text_color=&#8221;#F0622A&#8221;][et_pb_contact_field field_id=&#8221;Name&#8221; field_title=&#8221;Nume&#8221; _builder_version=&#8221;3.18.9&#8243; button_text_size__hover_enabled=&#8221;off&#8221; button_one_text_size__hover_enabled=&#8221;off&#8221; button_two_text_size__hover_enabled=&#8221;off&#8221; button_text_color__hover_enabled=&#8221;off&#8221; button_one_text_color__hover_enabled=&#8221;off&#8221; button_two_text_color__hover_enabled=&#8221;off&#8221; button_border_width__hover_enabled=&#8221;off&#8221; button_one_border_width__hover_enabled=&#8221;off&#8221; button_two_border_width__hover_enabled=&#8221;off&#8221; button_border_color__hover_enabled=&#8221;off&#8221; button_one_border_color__hover_enabled=&#8221;off&#8221; button_two_border_color__hover_enabled=&#8221;off&#8221; button_border_radius__hover_enabled=&#8221;off&#8221; button_one_border_radius__hover_enabled=&#8221;off&#8221; button_two_border_radius__hover_enabled=&#8221;off&#8221; button_letter_spacing__hover_enabled=&#8221;off&#8221; button_one_letter_spacing__hover_enabled=&#8221;off&#8221; button_two_letter_spacing__hover_enabled=&#8221;off&#8221; button_bg_color__hover_enabled=&#8221;off&#8221; button_one_bg_color__hover_enabled=&#8221;off&#8221; button_two_bg_color__hover_enabled=&#8221;off&#8221;][\/et_pb_contact_field][et_pb_contact_field field_id=&#8221;Email&#8221; field_title=&#8221;Adresa de e-mail&#8221; field_type=&#8221;email&#8221; _builder_version=&#8221;3.19.4&#8243; button_text_size__hover_enabled=&#8221;off&#8221; button_one_text_size__hover_enabled=&#8221;off&#8221; button_two_text_size__hover_enabled=&#8221;off&#8221; button_text_color__hover_enabled=&#8221;off&#8221; button_one_text_color__hover_enabled=&#8221;off&#8221; button_two_text_color__hover_enabled=&#8221;off&#8221; button_border_width__hover_enabled=&#8221;off&#8221; button_one_border_width__hover_enabled=&#8221;off&#8221; button_two_border_width__hover_enabled=&#8221;off&#8221; button_border_color__hover_enabled=&#8221;off&#8221; button_one_border_color__hover_enabled=&#8221;off&#8221; button_two_border_color__hover_enabled=&#8221;off&#8221; button_border_radius__hover_enabled=&#8221;off&#8221; button_one_border_radius__hover_enabled=&#8221;off&#8221; button_two_border_radius__hover_enabled=&#8221;off&#8221; button_letter_spacing__hover_enabled=&#8221;off&#8221; button_one_letter_spacing__hover_enabled=&#8221;off&#8221; button_two_letter_spacing__hover_enabled=&#8221;off&#8221; button_bg_color__hover_enabled=&#8221;off&#8221; button_one_bg_color__hover_enabled=&#8221;off&#8221; button_two_bg_color__hover_enabled=&#8221;off&#8221;][\/et_pb_contact_field][et_pb_contact_field field_id=&#8221;Message&#8221; field_title=&#8221;Mesajul dvs.&#8221; field_type=&#8221;text&#8221; fullwidth_field=&#8221;on&#8221; _builder_version=&#8221;3.18.9&#8243; button_text_size__hover_enabled=&#8221;off&#8221; button_one_text_size__hover_enabled=&#8221;off&#8221; button_two_text_size__hover_enabled=&#8221;off&#8221; button_text_color__hover_enabled=&#8221;off&#8221; button_one_text_color__hover_enabled=&#8221;off&#8221; button_two_text_color__hover_enabled=&#8221;off&#8221; button_border_width__hover_enabled=&#8221;off&#8221; button_one_border_width__hover_enabled=&#8221;off&#8221; button_two_border_width__hover_enabled=&#8221;off&#8221; button_border_color__hover_enabled=&#8221;off&#8221; button_one_border_color__hover_enabled=&#8221;off&#8221; button_two_border_color__hover_enabled=&#8221;off&#8221; button_border_radius__hover_enabled=&#8221;off&#8221; button_one_border_radius__hover_enabled=&#8221;off&#8221; button_two_border_radius__hover_enabled=&#8221;off&#8221; button_letter_spacing__hover_enabled=&#8221;off&#8221; button_one_letter_spacing__hover_enabled=&#8221;off&#8221; button_two_letter_spacing__hover_enabled=&#8221;off&#8221; button_bg_color__hover_enabled=&#8221;off&#8221; button_one_bg_color__hover_enabled=&#8221;off&#8221; button_two_bg_color__hover_enabled=&#8221;off&#8221;][\/et_pb_contact_field][\/et_pb_contact_form][\/et_pb_column][et_pb_column type=&#8221;2_5&#8243; _builder_version=&#8221;3.25&#8243; custom_padding=&#8221;|||&#8221; custom_padding__hover=&#8221;|||&#8221;][et_pb_text _builder_version=&#8221;4.9.4&#8243; text_font=&#8221;Kaushan Script||||||||&#8221; text_text_color=&#8221;#f0622a&#8221; text_font_size=&#8221;30px&#8221; header_font=&#8221;||||||||&#8221; background_layout=&#8221;dark&#8221;]<\/p>\n<p>Operatorul PDI 2021<\/p>\n<p>[\/et_pb_text][et_pb_text _builder_version=&#8221;4.0.11&#8243; text_font=&#8221;||||||||&#8221;]<\/p>\n<p><span><img loading=\"lazy\" decoding=\"async\" src=\"https:\/\/pdi.ro\/2021\/wp-content\/uploads\/2020\/02\/eventer_logo_150px.png\" width=\"151\" height=\"33\" alt=\"\" class=\"wp-image-774 alignleft size-full\" \/><\/span><\/p>\n<p><span><\/span><\/p>\n<p><span><\/span><\/p>\n<p><span>Adresa: Str. A. Panu nr. 13, Iasi<\/span><br \/> <span>Tel.: 0332.40.88.00-05<\/span><br \/> <span>E-mail: <a href=\"mailto:inscrieri@primaderma.ro\" target=\"_blank\" rel=\"noopener noreferrer\">inscrieri@primaderma.ro<\/a><br \/> <\/span><span>Website:\u00a0<\/span><a href=\"http:\/\/www.eventernet.ro\/\" target=\"Blank\" rel=\"noopener noreferrer\">www.eventernet.ro<\/a><\/p>\n<p>[\/et_pb_text][et_pb_text disabled_on=&#8221;off|off|off&#8221; _builder_version=&#8221;4.0.11&#8243; text_font=&#8221;Kaushan Script||||||||&#8221; text_text_color=&#8221;#f0622a&#8221; text_font_size=&#8221;30px&#8221; header_font=&#8221;||||||||&#8221; background_layout=&#8221;dark&#8221; locked=&#8221;off&#8221;]<\/p>\n<p>Parteneri Media<\/p>\n<p>[\/et_pb_text][et_pb_gallery gallery_ids=&#8221;7203,7204,9252,9464,10156,10157&#8243; fullwidth=&#8221;on&#8221; _builder_version=&#8221;4.9.7&#8243; transform_scale=&#8221;86%|86%&#8221; max_width=&#8221;63%&#8221; auto=&#8221;on&#8221; auto_speed=&#8221;3500&#8243; hover_transition_duration=&#8221;100ms&#8221; hover_transition_delay=&#8221;50ms&#8221; hover_transition_speed_curve=&#8221;ease-in-out&#8221; locked=&#8221;off&#8221;][\/et_pb_gallery][\/et_pb_column][\/et_pb_row][\/et_pb_section]<\/p>\n","protected":false},"excerpt":{"rendered":"<p>Dr.\u00a0Dimitriu Andreea Spitalul ARCADIAManifest\u0103ri cutanate post-vaccinare COVID-19 &#8211; \u00eentre mit \u0219i realitateAutori: Daciana Elena Br\u0103ni\u015fteanu1, Andreea Dimitriu21Sec\u0163ia de Dermatovenerologie, Spitalul Clinic C.F. Ia\u015fi, Rom\u00e2nia2Departamentul de Dermatovenerologie, Arcadia Spitale \u015fi Centre Medicale, Ia\u015fi, Rom\u00e2nia Cuvinte cheie: COVID-19, vaccin, dermatologie, reac\u021bii adverse Infec\u0163ia cu coronavirus (COVID-19) este cauzat\u0103 de coronavirusul sindromului respirator acut sever 2 (SARS-CoV-2) \u0219i [&hellip;]<\/p>\n","protected":false},"author":2,"featured_media":0,"parent":0,"menu_order":0,"comment_status":"closed","ping_status":"closed","template":"","meta":{"_et_pb_use_builder":"on","_et_pb_old_content":"","_et_gb_content_width":"","footnotes":""},"class_list":["post-7516","page","type-page","status-publish","hentry"],"_links":{"self":[{"href":"https:\/\/pdi.ro\/2021\/wp-json\/wp\/v2\/pages\/7516","targetHints":{"allow":["GET"]}}],"collection":[{"href":"https:\/\/pdi.ro\/2021\/wp-json\/wp\/v2\/pages"}],"about":[{"href":"https:\/\/pdi.ro\/2021\/wp-json\/wp\/v2\/types\/page"}],"author":[{"embeddable":true,"href":"https:\/\/pdi.ro\/2021\/wp-json\/wp\/v2\/users\/2"}],"replies":[{"embeddable":true,"href":"https:\/\/pdi.ro\/2021\/wp-json\/wp\/v2\/comments?post=7516"}],"version-history":[{"count":9,"href":"https:\/\/pdi.ro\/2021\/wp-json\/wp\/v2\/pages\/7516\/revisions"}],"predecessor-version":[{"id":10323,"href":"https:\/\/pdi.ro\/2021\/wp-json\/wp\/v2\/pages\/7516\/revisions\/10323"}],"wp:attachment":[{"href":"https:\/\/pdi.ro\/2021\/wp-json\/wp\/v2\/media?parent=7516"}],"curies":[{"name":"wp","href":"https:\/\/api.w.org\/{rel}","templated":true}]}}