{"id":7526,"date":"2020-03-06T16:29:48","date_gmt":"2020-03-06T14:29:48","guid":{"rendered":"https:\/\/primaderma.ro\/?page_id=7526"},"modified":"2021-07-06T16:42:36","modified_gmt":"2021-07-06T14:42:36","slug":"sef-lucr-dr-filip-ciubotaru-florina-mihaela","status":"publish","type":"page","link":"https:\/\/pdi.ro\/2021\/sef-lucr-dr-filip-ciubotaru-florina-mihaela\/","title":{"rendered":"\u0218ef Lucr. Dr. Filip-Ciubotaru Florina-Mihaela"},"content":{"rendered":"<p>[et_pb_section fb_built=&#8221;1&#8243; fullwidth=&#8221;on&#8221; disabled_on=&#8221;on|off|off&#8221; _builder_version=&#8221;3.22&#8243; custom_margin=&#8221;||&#8221; custom_padding=&#8221;15px||29px&#8221; top_divider_style=&#8221;waves2&#8243; top_divider_color=&#8221;#f0622a&#8221; top_divider_flip=&#8221;horizontal|vertical&#8221; bottom_divider_style=&#8221;waves2&#8243; bottom_divider_color=&#8221;#fcdedb&#8221; bottom_divider_height=&#8221;105px&#8221; bottom_divider_flip=&#8221;vertical&#8221; collapsed=&#8221;off&#8221; global_module=&#8221;9062&#8243;][et_pb_fullwidth_header title=&#8221;@ET-DC@eyJkeW5hbWljIjp0cnVlLCJjb250ZW50IjoicG9zdF90aXRsZSIsInNldHRpbmdzIjp7ImJlZm9yZSI6IiIsImFmdGVyIjoiIn19@&#8221; text_orientation=&#8221;right&#8221; header_image_url=&#8221;https:\/\/pdi.ro\/2021\/wp-content\/uploads\/2021\/05\/PDI2021_logo_header_int_600x300px.png&#8221; disabled_on=&#8221;on|on|off&#8221; _builder_version=&#8221;4.9.4&#8243; _dynamic_attributes=&#8221;title&#8221; title_font=&#8221;Kaushan Script||||||||&#8221; title_text_align=&#8221;right&#8221; title_text_color=&#8221;#f0622a&#8221; title_font_size=&#8221;50px&#8221; content_font=&#8221;|600||on|||||&#8221; content_text_align=&#8221;center&#8221; content_text_color=&#8221;#686766&#8243; content_font_size=&#8221;15px&#8221; subhead_font=&#8221;||||||||&#8221; background_color=&#8221;#ef916b&#8221; background_image=&#8221;https:\/\/pdi.ro\/2021\/wp-content\/uploads\/2021\/05\/PDI2021_header_1920x550px.jpg&#8221; background_blend=&#8221;luminosity&#8221; background_layout=&#8221;light&#8221; custom_margin=&#8221;0px||8px&#8221; custom_padding=&#8221;40px||40px||true&#8221; content_font_size_tablet=&#8221;&#8221; content_font_size_phone=&#8221;15px&#8221; content_font_size_last_edited=&#8221;on|desktop&#8221;][\/et_pb_fullwidth_header][\/et_pb_section][et_pb_section fb_built=&#8221;1&#8243; _builder_version=&#8221;3.22&#8243;][et_pb_row column_structure=&#8221;2_5,3_5&#8243; _builder_version=&#8221;3.25&#8243; locked=&#8221;off&#8221;][et_pb_column type=&#8221;2_5&#8243; _builder_version=&#8221;3.25&#8243; custom_padding=&#8221;|||&#8221; custom_padding__hover=&#8221;|||&#8221;][et_pb_image src=&#8221;https:\/\/pdi.ro\/2021\/2019\/wp-content\/uploads\/2019\/03\/FILIP-pdi-site.jpg&#8221; align_tablet=&#8221;center&#8221; align_phone=&#8221;&#8221; align_last_edited=&#8221;on|desktop&#8221; _builder_version=&#8221;4.9.7&#8243; max_width=&#8221;32%&#8221; hover_enabled=&#8221;0&#8243; border_radii=&#8221;on|100px|100px|100px|100px&#8221; align=&#8221;center&#8221; sticky_enabled=&#8221;0&#8243;][\/et_pb_image][\/et_pb_column][et_pb_column type=&#8221;3_5&#8243; _builder_version=&#8221;3.25&#8243; custom_padding=&#8221;|||&#8221; custom_padding__hover=&#8221;|||&#8221;][et_pb_text _builder_version=&#8221;3.27.4&#8243;]<\/p>\n<h4><strong><span style=\"color: #ff6600;\"><\/span><\/strong><\/h4>\n<h4><strong><span style=\"color: #ff6600;\"><\/span><\/strong><\/h4>\n<h4><strong><span style=\"color: #ff6600;\"><\/span><\/strong><\/h4>\n<h4><strong><span style=\"color: #ff6600;\"><\/span><\/strong><\/h4>\n<h4><strong><span style=\"color: #ff6600;\">\u0218ef Lucr. Dr. Filip-Ciubotaru Florina-Mihaela<\/span><\/strong><br \/><strong><span style=\"color: #ff6600;\"> Universitatea de Medicin\u0103 \u015fi Farmacie &#8220;Grigore T. Popa\u201d, Ia\u0219i<\/span><\/strong><\/h4>\n<p>[\/et_pb_text][\/et_pb_column][\/et_pb_row][et_pb_row _builder_version=&#8221;3.25&#8243; locked=&#8221;off&#8221;][et_pb_column type=&#8221;4_4&#8243; _builder_version=&#8221;3.25&#8243; custom_padding=&#8221;|||&#8221; custom_padding__hover=&#8221;|||&#8221;][et_pb_text _builder_version=&#8221;4.9.7&#8243; hover_enabled=&#8221;0&#8243; sticky_enabled=&#8221;0&#8243;]<\/p>\n<p style=\"text-align: justify;\"><span style=\"color: #ff6600;\">Corela\u021bia semiologiei dermatologice cu bolile interne<\/span><br \/><span style=\"color: #ff6600;\">Florina Filip-Ciubotaru\u00b9, Gabriela Stoleriu2, Nicu\u021ba Manolache3, Carmen Manciuc4, Ana-Maria Holicov\u00b9, Daciana Elena Br\u0103ni\u0219teanu5<\/span><br \/>1Disciplina Medicin\u0103 de Familie Adul\u021bi, Facultatea de Medicin\u0103, Universitatea de Medicin\u0103 \u015fi Farmacie &#8220;Grigore T. Popa\u201d, Ia\u0219i, Rom\u00e2nia<br \/>2Departamentul Clinic Medical, Facultatea de Medicin\u0103 \u015fi Farmacie, Universitatea &#8220;Dun\u0103rea de Jos&#8221; din Gala\u0163i, Rom\u00e2nia<br \/>3Departamentul \u015etiin\u0163e Farmaceutice, Facultatea de Medicin\u0103 \u015fi Farmacie, Universitatea &#8220;Dun\u0103rea de Jos&#8221; din Gala\u0163i, Rom\u00e2nia<br \/>4Disciplina Boli infec\u0163ioase, Facultatea de Medicin\u0103, Universitatea de Medicin\u0103 \u015fi Farmacie &#8220;Grigore T. Popa\u201d, Ia\u0219i, Rom\u00e2nia<br \/>5Disciplina Dermatologie, Facultatea de Medicin\u0103, Universitatea de Medicin\u0103 \u015fi Farmacie &#8220;Grigore T. Popa\u201d, Ia\u0219i, Rom\u00e2nia<\/p>\n<p style=\"text-align: justify;\">Cuvinte cheie: psoriazis, sarcoidoz\u0103, dermatita atopic\u0103, afec\u021biuni interne, tratament holistic<\/p>\n<p style=\"text-align: justify;\">Leziunile cutanate sunt o continu\u0103 provocare \u00een prezent, chiar dac\u0103 dispunem de metode \u015fi tehnici imagistice \u015fi de laborator avansate. Dac\u0103 semnele dermatologice sunt leziuni de sine st\u0103t\u0103toare, cantonate doar tegumentar, dac\u0103 sunt o expresie a unor tulbur\u0103ri interne sau cum gestion\u0103m cazurile rezistente la tratament sunt \u00eentreb\u0103ri la care doar un medic cu experien\u0163\u0103 poate reflecta. Exist\u0103 multiple maladii care prezint\u0103 debut cutanat \u0219i ulterior se pot visceraliza, astfel \u00eenc\u00e2t este prudent s\u0103 fie interpretate \u015fi tratate drept boli sistemice de la primele semne. Majoritatea leziunilor cutanate presupun prezen\u021ba unui proces inflamator important, a c\u0103rei consecin\u021b\u0103 este eliberarea de produse farmacologic active cu impact generalizat asupra organismului. Astfel, psoriasisul, frecvent cu manifest\u0103ri articulare \u0219i inducerea unui status inflamator intens, creeaz\u0103 \u00een timp un factor de risc pentru boala cardio-vascular\u0103 etc.; inflama\u021bia cronic\u0103, incorect\/ par\u021bial gestionat\u0103 terapeutic, poate duce la amiloidoz\u0103. Sarcoidoza cutanat\u0103 impune monitorizarea statusului pulmonar, renal, cerebral, ocular etc, \u0219tiut fiind c\u0103 leziunea cutanat\u0103 precede implicarea sistemic\u0103. Dermatitele alergice, \u00een marea lor diversitate de manifest\u0103ri, capricioase ca evolu\u021bie, trebuie considerate ca maladii sistemice. Succesul terapeutic \u00eenseamn\u0103 tratarea organismului ca un \u00eentreg. Exist\u0103 situa\u021bii relativ rar \u00eent\u00e2lnite \u00een practic\u0103, precum leziunile de grataj la nivelul membrelor inferioare, secundare pruritului intens de la acest nivel: prurit sine materia, av\u00e2nd drept cauz\u0103 disestezia cutanat\u0103 neuropatic\u0103. Tratamentul nu este unul topic, ci unul al cauzei, care adesea este o leziune a coloanei cervicale. Aceste note vor s\u0103 eviden\u021bieze importan\u021ba stabilirii unei conexiuni \u00eentre leziunea evident\u0103 \u0219i semnele interne, ini\u0163ial imperceptibile.<\/p>\n<p style=\"text-align: justify;\"><span style=\"color: #ff6600;\">Correlation of dermatological semiology with internal medicine diseases<\/span><br \/><span style=\"color: #ff6600;\">Florina Filip-Ciubotaru\u00b9, Gabriela Stoleriu2, Nicu\u021ba Manolache3, Carmen Manciuc4, Ana-Maria Holicov\u00b9, Daciana Elena Br\u0103ni\u0219teanu5<\/span><br \/>1Discipline Family Medicine Adults, Faculty of Medicine, &#8220;Grigore T. Popa&#8221; University of Medicine and Pharmacy, Iasi, Romania<br \/>2Department of Clinical Medicine, Faculty of Medicine and Pharmacy, &#8220;Dun\u0103rea de Jos&#8221; University of Galati, Romania<br \/>3Department of Pharmaceutical Sciences, Faculty of Medicine and Pharmacy, &#8220;Dun\u0103rea de Jos&#8221; University of Galati, Romania<br \/>4Discipline Infectious Diseases, Faculty of Medicine, &#8220;Grigore T. Popa&#8221; University of Medicine and Pharmacy, Iasi, Romania<br \/>5Dermatology, Faculty of Medicine, &#8220;Grigore T. Popa&#8221; University of Medicine and Pharmacy, Iasi, Romania<\/p>\n<p style=\"text-align: justify;\">Keywords: psoriasis, sarcoidosis, atopic dermatitis, internal conditions, holistic treatment<\/p>\n<p style=\"text-align: justify;\">Skin lesions are still a challenge, even though we have advanced imaging and laboratory methods and techniques. If the dermatological signs are independent lesions found only on the skin, if they are an expression of internal medical disorders or how we manage the treatment-resistant cases, these are questions that only an experienced doctor can reflect. There are multiple diseases that have a skin onset and with later affecting the viscera, so it is prudent to consider and treat them as systemic diseases at the first signs. Most skin lesions involve an important inflammatory process, with pharmacologically active products as treatment, with widespread impact on the body. Thus, psoriasis often related with psoriatic arthritis and an intense inflammatory status, develops over the time a risk factor for cardiovascular disease, etc; chronic inflammation, incorrectly \/ partially managed therapeutically, can lead to amyloidosis. Skin sarcoidosis requires monitoring the status of the lungs, kidneys, brain, eyes, etc, because the skin lesion precedes systemic involvement. Allergic dermatitis, with many different manifestations and capricious evolution, must be considered as systemic diseases. Therapeutic success means treating the body as a whole. There are relatively rare situations in practice, such as lower limbs excoriations, secondary to intense pruritus at this level: pruritus itself or caused by neuropathic skin dysesthesia. The treatment is not only topical, but causal, often a lesion of the cervical spine. These notes want to highlight the importance of establishing a connection between the obvious lesion and the internal signs, initially imperceptible.<\/p>\n<p style=\"text-align: justify;\"><span style=\"color: #ff6600;\">Scurt CV<\/span><\/p>\n<p style=\"text-align: justify;\">\u0218ef lucr\u0103ri U.M.F. &#8220;Grigore T. Popa\u201d, Ia\u0219i-Disciplina Medicin\u0103 de Familie Adul\u021bi<br \/>Medic primar Medicin\u0103 Intern\u0103<br \/>Medic primar Medicina Muncii<br \/>Medic specialist Medicin\u0103 de Familie<br \/>Doctor \u00een \u0218tiin\u021be Medicale<br \/>Competen\u021b\u0103 \u00een Ecografie General\u0103<br \/>Membru al Societ\u0103\u021bii de Medici \u0219i Naturali\u0219ti, Ia\u0219i<br \/>Membru al Societ\u0103\u021bii de Gastroenterologie \u0219i Hepatologie, Ia\u0219i<br \/>Autor principal\/co-autor 15 c\u0103r\u021bi cu subiect medical<br \/>Lector program Erasmus-Socrates la Universitp\u021bile din Freiburg \u0219i L\u00fcbeck<\/p>\n<p>[\/et_pb_text][\/et_pb_column][\/et_pb_row][\/et_pb_section][et_pb_section fb_built=&#8221;1&#8243; _builder_version=&#8221;4.9.6&#8243; background_color=&#8221;rgba(117,194,33,0.23)&#8221; background_image=&#8221;https:\/\/pdi.ro\/2021\/wp-content\/uploads\/2021\/05\/PDI2021_header_1920x550px.jpg&#8221; background_blend=&#8221;multiply&#8221; custom_padding=&#8221;54px|0px|0|0px|false|false&#8221; top_divider_style=&#8221;waves2&#8243; top_divider_color=&#8221;#ffffff&#8221; top_divider_height=&#8221;155px&#8221; top_divider_height_tablet=&#8221;&#8221; top_divider_height_phone=&#8221;97px&#8221; top_divider_height_last_edited=&#8221;on|desktop&#8221; bottom_divider_style=&#8221;waves2&#8243; bottom_divider_color=&#8221;#75c221&#8243; bottom_divider_flip=&#8221;vertical&#8221; bottom_divider_height_tablet=&#8221;&#8221; bottom_divider_height_phone=&#8221;59px&#8221; bottom_divider_height_last_edited=&#8221;on|desktop&#8221; saved_tabs=&#8221;all&#8221; global_module=&#8221;9177&#8243;][et_pb_row column_structure=&#8221;3_5,2_5&#8243; _builder_version=&#8221;3.25&#8243; custom_padding=&#8221;61px|0px|69px|0px|false|false&#8221;][et_pb_column type=&#8221;3_5&#8243; _builder_version=&#8221;3.25&#8243; custom_padding=&#8221;|||&#8221; custom_padding__hover=&#8221;|||&#8221;][et_pb_text _builder_version=&#8221;4.9.4&#8243; text_font=&#8221;Kaushan Script||||||||&#8221; text_text_color=&#8221;#f0622a&#8221; text_font_size=&#8221;30px&#8221; text_line_height=&#8221;1.2em&#8221; header_font=&#8221;||||||||&#8221; background_layout=&#8221;dark&#8221; text_font_size_tablet=&#8221;&#8221; text_font_size_phone=&#8221;&#8221; text_font_size_last_edited=&#8221;on|desktop&#8221;]<\/p>\n<p>Contacteaz\u0103 operatorul PDI 2021<\/p>\n<p>[\/et_pb_text][et_pb_contact_form email=&#8221;contact@pdi.ro\/2021\/2019&#8243; submit_button_text=&#8221;Trimite mesajul&#8221; _builder_version=&#8221;4.9.4&#8243; title_font=&#8221;||||||||&#8221; custom_button=&#8221;on&#8221; button_text_color=&#8221;#F0622A&#8221;][et_pb_contact_field field_id=&#8221;Name&#8221; field_title=&#8221;Nume&#8221; _builder_version=&#8221;3.18.9&#8243; button_text_size__hover_enabled=&#8221;off&#8221; button_one_text_size__hover_enabled=&#8221;off&#8221; button_two_text_size__hover_enabled=&#8221;off&#8221; button_text_color__hover_enabled=&#8221;off&#8221; button_one_text_color__hover_enabled=&#8221;off&#8221; button_two_text_color__hover_enabled=&#8221;off&#8221; button_border_width__hover_enabled=&#8221;off&#8221; button_one_border_width__hover_enabled=&#8221;off&#8221; button_two_border_width__hover_enabled=&#8221;off&#8221; button_border_color__hover_enabled=&#8221;off&#8221; button_one_border_color__hover_enabled=&#8221;off&#8221; button_two_border_color__hover_enabled=&#8221;off&#8221; button_border_radius__hover_enabled=&#8221;off&#8221; button_one_border_radius__hover_enabled=&#8221;off&#8221; button_two_border_radius__hover_enabled=&#8221;off&#8221; button_letter_spacing__hover_enabled=&#8221;off&#8221; button_one_letter_spacing__hover_enabled=&#8221;off&#8221; button_two_letter_spacing__hover_enabled=&#8221;off&#8221; button_bg_color__hover_enabled=&#8221;off&#8221; button_one_bg_color__hover_enabled=&#8221;off&#8221; button_two_bg_color__hover_enabled=&#8221;off&#8221;][\/et_pb_contact_field][et_pb_contact_field field_id=&#8221;Email&#8221; field_title=&#8221;Adresa de e-mail&#8221; field_type=&#8221;email&#8221; _builder_version=&#8221;3.19.4&#8243; button_text_size__hover_enabled=&#8221;off&#8221; button_one_text_size__hover_enabled=&#8221;off&#8221; button_two_text_size__hover_enabled=&#8221;off&#8221; button_text_color__hover_enabled=&#8221;off&#8221; button_one_text_color__hover_enabled=&#8221;off&#8221; button_two_text_color__hover_enabled=&#8221;off&#8221; button_border_width__hover_enabled=&#8221;off&#8221; button_one_border_width__hover_enabled=&#8221;off&#8221; button_two_border_width__hover_enabled=&#8221;off&#8221; button_border_color__hover_enabled=&#8221;off&#8221; button_one_border_color__hover_enabled=&#8221;off&#8221; button_two_border_color__hover_enabled=&#8221;off&#8221; button_border_radius__hover_enabled=&#8221;off&#8221; button_one_border_radius__hover_enabled=&#8221;off&#8221; button_two_border_radius__hover_enabled=&#8221;off&#8221; button_letter_spacing__hover_enabled=&#8221;off&#8221; button_one_letter_spacing__hover_enabled=&#8221;off&#8221; button_two_letter_spacing__hover_enabled=&#8221;off&#8221; button_bg_color__hover_enabled=&#8221;off&#8221; button_one_bg_color__hover_enabled=&#8221;off&#8221; button_two_bg_color__hover_enabled=&#8221;off&#8221;][\/et_pb_contact_field][et_pb_contact_field field_id=&#8221;Message&#8221; field_title=&#8221;Mesajul dvs.&#8221; field_type=&#8221;text&#8221; fullwidth_field=&#8221;on&#8221; _builder_version=&#8221;3.18.9&#8243; button_text_size__hover_enabled=&#8221;off&#8221; button_one_text_size__hover_enabled=&#8221;off&#8221; button_two_text_size__hover_enabled=&#8221;off&#8221; button_text_color__hover_enabled=&#8221;off&#8221; button_one_text_color__hover_enabled=&#8221;off&#8221; button_two_text_color__hover_enabled=&#8221;off&#8221; button_border_width__hover_enabled=&#8221;off&#8221; button_one_border_width__hover_enabled=&#8221;off&#8221; button_two_border_width__hover_enabled=&#8221;off&#8221; button_border_color__hover_enabled=&#8221;off&#8221; button_one_border_color__hover_enabled=&#8221;off&#8221; button_two_border_color__hover_enabled=&#8221;off&#8221; button_border_radius__hover_enabled=&#8221;off&#8221; button_one_border_radius__hover_enabled=&#8221;off&#8221; button_two_border_radius__hover_enabled=&#8221;off&#8221; button_letter_spacing__hover_enabled=&#8221;off&#8221; button_one_letter_spacing__hover_enabled=&#8221;off&#8221; button_two_letter_spacing__hover_enabled=&#8221;off&#8221; button_bg_color__hover_enabled=&#8221;off&#8221; button_one_bg_color__hover_enabled=&#8221;off&#8221; button_two_bg_color__hover_enabled=&#8221;off&#8221;][\/et_pb_contact_field][\/et_pb_contact_form][\/et_pb_column][et_pb_column type=&#8221;2_5&#8243; _builder_version=&#8221;3.25&#8243; custom_padding=&#8221;|||&#8221; custom_padding__hover=&#8221;|||&#8221;][et_pb_text _builder_version=&#8221;4.9.4&#8243; text_font=&#8221;Kaushan Script||||||||&#8221; text_text_color=&#8221;#f0622a&#8221; text_font_size=&#8221;30px&#8221; header_font=&#8221;||||||||&#8221; background_layout=&#8221;dark&#8221;]<\/p>\n<p>Operatorul PDI 2021<\/p>\n<p>[\/et_pb_text][et_pb_text _builder_version=&#8221;4.0.11&#8243; text_font=&#8221;||||||||&#8221;]<\/p>\n<p><span><img loading=\"lazy\" decoding=\"async\" src=\"https:\/\/pdi.ro\/2021\/wp-content\/uploads\/2020\/02\/eventer_logo_150px.png\" width=\"151\" height=\"33\" alt=\"\" class=\"wp-image-774 alignleft size-full\" \/><\/span><\/p>\n<p><span><\/span><\/p>\n<p><span><\/span><\/p>\n<p><span>Adresa: Str. A. Panu nr. 13, Iasi<\/span><br \/> <span>Tel.: 0332.40.88.00-05<\/span><br \/> <span>E-mail: <a href=\"mailto:inscrieri@primaderma.ro\" target=\"_blank\" rel=\"noopener noreferrer\">inscrieri@primaderma.ro<\/a><br \/> <\/span><span>Website:\u00a0<\/span><a href=\"http:\/\/www.eventernet.ro\/\" target=\"Blank\" rel=\"noopener noreferrer\">www.eventernet.ro<\/a><\/p>\n<p>[\/et_pb_text][et_pb_text disabled_on=&#8221;off|off|off&#8221; _builder_version=&#8221;4.0.11&#8243; text_font=&#8221;Kaushan Script||||||||&#8221; text_text_color=&#8221;#f0622a&#8221; text_font_size=&#8221;30px&#8221; header_font=&#8221;||||||||&#8221; background_layout=&#8221;dark&#8221; locked=&#8221;off&#8221;]<\/p>\n<p>Parteneri Media<\/p>\n<p>[\/et_pb_text][et_pb_gallery gallery_ids=&#8221;7203,7204,9252,9464&#8243; fullwidth=&#8221;on&#8221; _builder_version=&#8221;4.9.6&#8243; transform_scale=&#8221;86%|86%&#8221; max_width=&#8221;63%&#8221; auto=&#8221;on&#8221; auto_speed=&#8221;3500&#8243; hover_transition_duration=&#8221;100ms&#8221; hover_transition_delay=&#8221;50ms&#8221; hover_transition_speed_curve=&#8221;ease-in-out&#8221; locked=&#8221;off&#8221;][\/et_pb_gallery][\/et_pb_column][\/et_pb_row][\/et_pb_section]<\/p>\n","protected":false},"excerpt":{"rendered":"<p>\u0218ef Lucr. Dr. Filip-Ciubotaru Florina-Mihaela Universitatea de Medicin\u0103 \u015fi Farmacie &#8220;Grigore T. Popa\u201d, Ia\u0219iCorela\u021bia semiologiei dermatologice cu bolile interneFlorina Filip-Ciubotaru\u00b9, Gabriela Stoleriu2, Nicu\u021ba Manolache3, Carmen Manciuc4, Ana-Maria Holicov\u00b9, Daciana Elena Br\u0103ni\u0219teanu51Disciplina Medicin\u0103 de Familie Adul\u021bi, Facultatea de Medicin\u0103, Universitatea de Medicin\u0103 \u015fi Farmacie &#8220;Grigore T. Popa\u201d, Ia\u0219i, Rom\u00e2nia2Departamentul Clinic Medical, Facultatea de Medicin\u0103 \u015fi Farmacie, [&hellip;]<\/p>\n","protected":false},"author":2,"featured_media":0,"parent":0,"menu_order":0,"comment_status":"closed","ping_status":"closed","template":"","meta":{"_et_pb_use_builder":"on","_et_pb_old_content":"","_et_gb_content_width":"","footnotes":""},"class_list":["post-7526","page","type-page","status-publish","hentry"],"_links":{"self":[{"href":"https:\/\/pdi.ro\/2021\/wp-json\/wp\/v2\/pages\/7526","targetHints":{"allow":["GET"]}}],"collection":[{"href":"https:\/\/pdi.ro\/2021\/wp-json\/wp\/v2\/pages"}],"about":[{"href":"https:\/\/pdi.ro\/2021\/wp-json\/wp\/v2\/types\/page"}],"author":[{"embeddable":true,"href":"https:\/\/pdi.ro\/2021\/wp-json\/wp\/v2\/users\/2"}],"replies":[{"embeddable":true,"href":"https:\/\/pdi.ro\/2021\/wp-json\/wp\/v2\/comments?post=7526"}],"version-history":[{"count":6,"href":"https:\/\/pdi.ro\/2021\/wp-json\/wp\/v2\/pages\/7526\/revisions"}],"predecessor-version":[{"id":9998,"href":"https:\/\/pdi.ro\/2021\/wp-json\/wp\/v2\/pages\/7526\/revisions\/9998"}],"wp:attachment":[{"href":"https:\/\/pdi.ro\/2021\/wp-json\/wp\/v2\/media?parent=7526"}],"curies":[{"name":"wp","href":"https:\/\/api.w.org\/{rel}","templated":true}]}}