{"id":7534,"date":"2020-03-06T16:34:04","date_gmt":"2020-03-06T14:34:04","guid":{"rendered":"https:\/\/primaderma.ro\/?page_id=7534"},"modified":"2021-07-06T16:48:34","modified_gmt":"2021-07-06T14:48:34","slug":"conf-dr-furnica-cristina","status":"publish","type":"page","link":"https:\/\/pdi.ro\/2021\/conf-dr-furnica-cristina\/","title":{"rendered":"Conf. Dr. Furnic\u0103 Cristina"},"content":{"rendered":"<p>[et_pb_section fb_built=&#8221;1&#8243; fullwidth=&#8221;on&#8221; disabled_on=&#8221;on|off|off&#8221; _builder_version=&#8221;3.22&#8243; custom_margin=&#8221;||&#8221; custom_padding=&#8221;15px||29px&#8221; top_divider_style=&#8221;waves2&#8243; top_divider_color=&#8221;#f0622a&#8221; top_divider_flip=&#8221;horizontal|vertical&#8221; bottom_divider_style=&#8221;waves2&#8243; bottom_divider_color=&#8221;#fcdedb&#8221; bottom_divider_height=&#8221;105px&#8221; bottom_divider_flip=&#8221;vertical&#8221; global_module=&#8221;9062&#8243; collapsed=&#8221;off&#8221;][et_pb_fullwidth_header title=&#8221;@ET-DC@eyJkeW5hbWljIjp0cnVlLCJjb250ZW50IjoicG9zdF90aXRsZSIsInNldHRpbmdzIjp7ImJlZm9yZSI6IiIsImFmdGVyIjoiIn19@&#8221; text_orientation=&#8221;right&#8221; header_image_url=&#8221;https:\/\/pdi.ro\/2021\/wp-content\/uploads\/2021\/05\/PDI2021_logo_header_int_600x300px.png&#8221; disabled_on=&#8221;on|on|off&#8221; _builder_version=&#8221;4.9.4&#8243; _dynamic_attributes=&#8221;title&#8221; title_font=&#8221;Kaushan Script||||||||&#8221; title_text_align=&#8221;right&#8221; title_text_color=&#8221;#f0622a&#8221; title_font_size=&#8221;50px&#8221; content_font=&#8221;|600||on|||||&#8221; content_text_align=&#8221;center&#8221; content_text_color=&#8221;#686766&#8243; content_font_size=&#8221;15px&#8221; subhead_font=&#8221;||||||||&#8221; background_color=&#8221;#ef916b&#8221; background_image=&#8221;https:\/\/pdi.ro\/2021\/wp-content\/uploads\/2021\/05\/PDI2021_header_1920x550px.jpg&#8221; background_blend=&#8221;luminosity&#8221; background_layout=&#8221;light&#8221; custom_margin=&#8221;0px||8px&#8221; custom_padding=&#8221;40px||40px||true&#8221; content_font_size_tablet=&#8221;&#8221; content_font_size_phone=&#8221;15px&#8221; content_font_size_last_edited=&#8221;on|desktop&#8221;][\/et_pb_fullwidth_header][\/et_pb_section][et_pb_section fb_built=&#8221;1&#8243; _builder_version=&#8221;3.22&#8243; locked=&#8221;off&#8221;][et_pb_row column_structure=&#8221;2_5,3_5&#8243; _builder_version=&#8221;3.25&#8243;][et_pb_column type=&#8221;2_5&#8243; _builder_version=&#8221;3.25&#8243; custom_padding=&#8221;|||&#8221; custom_padding__hover=&#8221;|||&#8221;][et_pb_image src=&#8221;https:\/\/pdi.ro\/2021\/2019\/wp-content\/uploads\/2019\/03\/Furnica-Cristina.jpg&#8221; align=&#8221;center&#8221; align_tablet=&#8221;center&#8221; align_phone=&#8221;&#8221; align_last_edited=&#8221;on|desktop&#8221; _builder_version=&#8221;3.23&#8243; max_width=&#8221;31%&#8221; border_radii=&#8221;on|100px|100px|100px|100px&#8221;][\/et_pb_image][\/et_pb_column][et_pb_column type=&#8221;3_5&#8243; _builder_version=&#8221;3.25&#8243; custom_padding=&#8221;|||&#8221; custom_padding__hover=&#8221;|||&#8221;][et_pb_text _builder_version=&#8221;4.4.8&#8243;]<\/p>\n<h4><strong><span style=\"color: #ff6600;\"><\/span><\/strong><\/h4>\n<p><strong><span style=\"color: #ff6600;\"><\/span><\/strong><\/p>\n<p><strong><span style=\"color: #ff6600;\"><\/span><\/strong><\/p>\n<p><strong><span style=\"color: #ff6600;\"><\/span><\/strong><\/p>\n<h4><strong><span style=\"color: #ff6600;\">Conf. Univ. Dr. Furnic\u0103 Cristina<\/span><\/strong><br \/>\n<strong><span style=\"color: #ff6600;\"> Universitatea de Medicin\u0103 \u0219i Farmacie &#8220;Grigore T. Popa&#8221; Ia\u0219i<\/span><\/strong><\/h4>\n<p>[\/et_pb_text][\/et_pb_column][\/et_pb_row][et_pb_row _builder_version=&#8221;3.25&#8243;][et_pb_column type=&#8221;4_4&#8243; _builder_version=&#8221;3.25&#8243; custom_padding=&#8221;|||&#8221; custom_padding__hover=&#8221;|||&#8221;][et_pb_text _builder_version=&#8221;4.9.7&#8243;]<\/p>\n<p style=\"text-align: justify;\"><span style=\"color: #ff6600;\">Responsabilitatea medical\u0103 \u00een practica dermatologic\u0103<\/span><br \/><span style=\"color: #ff6600;\">Autori: Cristina Furnic\u0103, Diana Bulgaru Iliescu, Raluca Ozana Chistol, M. Yasin<\/span><\/p>\n<p style=\"text-align: justify;\">Facultatea de Medicin\u0103, Universitatea de Medicin\u0103 \u0219i Farmacie \u201eGrigore T. Popa\u201d Ia\u0219i, Rom\u00e2nia<br \/>Institutul de Medicin\u0103 Legal\u0103, Ia\u0219i, Rom\u00e2nia<br \/>Institutul de Boli Cardiovasculare \u201eProf. Dr. George I.M. Georgescu\u201d, Ia\u0219i, Rom\u00e2nia<\/p>\n<p style=\"text-align: justify;\">Cuvinte cheie: responsabilitate medical\u0103, malpraxis, preven\u021bie, factori de risc<\/p>\n<p style=\"text-align: justify;\">Responsabilitatea medicului fa\u021b\u0103 de pacient constituie un subiect dezb\u0103tut at\u00e2t de deontologia medical\u0103 c\u00e2t \u0219i de \u0219tiin\u021bele juridice, malpraxisul medical fiind intens mediatizat \u0219i invocat de pacien\u021bi \u0219i avoca\u021bi deopotriv\u0103. R\u0103spunderea profesional\u0103 medical\u0103 afecteaz\u0103 toate specialit\u0103\u021bile medicale \u0219i chirurgicale, inclusiv dermatologia. De\u0219i dermatologii sunt, \u00een general, da\u021bi \u00een judecat\u0103 mai pu\u021bin frecvent comparativ cu cei din alte specialit\u0103\u021bi, se estimeaz\u0103 c\u0103, chiar \u0219i pentru medicii din specialit\u0103\u021bi mai pu\u021bin predispuse la litigii, aproximativ 36% dintre ei vor fi da\u021bi \u00een judecat\u0103 cel pu\u021bin o dat\u0103 pe parcursul carierei profesionale. \u00cen lucrarea de fa\u021b\u0103 ne propunem s\u0103 examin\u0103m caracteristicile r\u0103spunderii medicale \u0219i a malpraxisului \u00een dermatologie din punct de vedere al diagnosticului, tratamentului \u0219i preven\u021biei \u00een condi\u021biile \u00een care o varietate de scenarii clinice grevate de dificult\u0103\u021bi diagnostice sau terapeutice, \u00een special melanomul malign \u0219i medica\u021bia cu efecte adverse importante (metotrexat, corticosteroizi, retinoizi, sulfone), sunt susceptibile la reclama\u021bii pentru malpraxis. Identificarea factorilor de risc de malpraxis \u00een dermatologie poate fi utilizat\u0103 pentru ameliorarea calit\u0103\u021bii \u00eengrijirii pacien\u021bilor \u0219i pentru prevenirea \u00een viitor a poten\u021bialelor acuza\u021bii. Cre\u0219terea gradului de con\u0219tientizare a dermatologilor cu privire la responsabilitatea medical\u0103 \u0219i malpraxis poate afecta procesul de luare a deciziilor clinice \u0219i practica curent\u0103.<\/p>\n<p style=\"text-align: justify;\"><span style=\"color: #ff6600;\">Medical liability in dermatological practice<\/span><br \/><span style=\"color: #ff6600;\">Authors: CCristina Furnic\u0103, Diana Bulgaru Iliescu, Raluca Ozana Chistol, M. Yasin <\/span><\/p>\n<p style=\"text-align: justify;\"><span style=\"color: #ff6600;\"><span style=\"color: #000000;\">Faculty of Medicine, University of Medicine and Pharmacy &#8220;Grigore T. Popa&#8221; Iasi, Romania<\/span><br \/><span style=\"color: #000000;\">Institute of Forensic Medicine, Iasi, Romania<\/span><br \/><span style=\"color: #000000;\">Institute of Cardiovascular Diseases &#8220;Prof. Dr. George I.M. Georgescu&#8221;, Iasi, Romania<\/span><br \/><\/span><\/p>\n<p style=\"text-align: justify;\">Keywords: medical liability, malpractice, prevention, risk factors<\/p>\n<p style=\"text-align: justify;\">The responsibility of the doctor towards the patient is a subject of debate for both medical ethics and legal sciences, medical malpractice being intensely publicised and invoked by patients and lawyers alike. Professional liability affects all medical and surgical specialties, including dermatology. Although dermatologists are generally sued less frequently than those in other specialties, it is estimated that even for doctors in less litigation-prone specialties, about 36% of them will be sued at least once during their professional career. In this paper we aim to examine the characteristics of medical liability and malpractice in dermatology from different perspectives &#8211; diagnosis, treatment and prevention in a context where a variety of clinical scenarios fraught with diagnostic or therapeutic difficulties, particularly malignant melanoma and medication with significant side effects (methotrexate, corticosteroids, retinoids, sulphones), and are susceptible to malpractice claims. Identifying risk factors for malpractice in dermatology can be used to improve the quality of patient care and prevent potential future claims. Increasing dermatologists&#8217; awareness of medical liability and malpractice can affect clinical decision-making and current practice.<\/p>\n<p style=\"text-align: justify;\"><span style=\"color: #ff6600;\">Scurt CV<\/span><\/p>\n<p style=\"text-align: justify;\">Conferen\u021biar Universitar la Disciplina de Anatomie, Universitatea de Medicin\u0103 \u0219i Farmacie &#8220;Grigore T. Popa\u201d Ia\u0219i<\/p>\n<p style=\"text-align: justify;\">Doctor \u00een Medicin\u0103, specializarea Chirurgie<br \/>Medic Specialist Medicin\u0103 Legal\u0103 la Institutul de Medicin\u0103 Legal\u0103, Ia\u0219i, Rom\u00e2nia<br \/>Medic Specialist Psihiatrie<br \/>Membr\u0103 a societ\u0103\u021bilor profesionale de profil: Societatea Rom\u00e2n\u0103 de Anatomie, Anatomische Gesellschaft<br \/>Autoare a 16 c\u0103r\u021bi \u0219i 9 capitole de carte, 23 articole \u00een reviste indexate Thompson Reuters, 29 articole indexate \u00een baze de date interna\u021bionale<br \/>Lucr\u0103ri reprezentative: Grigore Tinic\u0103, Cristina Furnic\u0103 (editori). Cordul. Anatomie clinic\u0103 \u0219i chirurgical\u0103 (Editura Universit\u0103\u021bii \u201eAlexandru Ioan Cuza\u201d, Ia\u0219i, 2015) \u0219i Tinic\u0103 G, Furnic\u0103 C editori. Anatomia chirurgical\u0103 a sistemului cardiovascular (Editura \u201eGr.T.Popa\u201d U.M.F. Ia\u0219i, 2017)<br \/>Domenii de interes: neuroanatomie \u2013 aspecte mezoscopice, func\u021bionale \u0219i clinice, anatomie cardiovascular\u0103 &#8211; aspecte mezoscopice, func\u021bionale \u0219i clinice, aspecte medico-legale ale practicii medicale, etic\u0103 \u0219i deontologie \u00een practica medical\u0103<\/p>\n<p>[\/et_pb_text][\/et_pb_column][\/et_pb_row][\/et_pb_section][et_pb_section fb_built=&#8221;1&#8243; _builder_version=&#8221;3.22&#8243; background_color=&#8221;rgba(117,194,33,0.23)&#8221; background_image=&#8221;https:\/\/pdi.ro\/2021\/wp-content\/uploads\/2020\/02\/back_justflowers_overlay1.png&#8221; background_blend=&#8221;luminosity&#8221; custom_padding=&#8221;54px|0px|0|0px|false|false&#8221; top_divider_style=&#8221;waves2&#8243; top_divider_color=&#8221;#ffffff&#8221; top_divider_height=&#8221;155px&#8221; top_divider_height_tablet=&#8221;&#8221; top_divider_height_phone=&#8221;97px&#8221; top_divider_height_last_edited=&#8221;on|desktop&#8221; bottom_divider_style=&#8221;waves2&#8243; bottom_divider_color=&#8221;#75c221&#8243; bottom_divider_flip=&#8221;vertical&#8221; bottom_divider_height_tablet=&#8221;&#8221; bottom_divider_height_phone=&#8221;59px&#8221; bottom_divider_height_last_edited=&#8221;on|desktop&#8221;][et_pb_row column_structure=&#8221;3_5,2_5&#8243; _builder_version=&#8221;3.25&#8243; custom_padding=&#8221;61px|0px|69px|0px|false|false&#8221;][et_pb_column type=&#8221;3_5&#8243; _builder_version=&#8221;3.25&#8243; custom_padding=&#8221;|||&#8221; custom_padding__hover=&#8221;|||&#8221;][et_pb_text _builder_version=&#8221;4.9.4&#8243; text_font=&#8221;Kaushan Script||||||||&#8221; text_text_color=&#8221;#f0622a&#8221; text_font_size=&#8221;30px&#8221; text_line_height=&#8221;1.2em&#8221; header_font=&#8221;||||||||&#8221; background_layout=&#8221;dark&#8221; text_font_size_tablet=&#8221;&#8221; text_font_size_phone=&#8221;&#8221; text_font_size_last_edited=&#8221;on|desktop&#8221;]<\/p>\n<p>Contacteaz\u0103 operatorul PDI 2021<\/p>\n<p>[\/et_pb_text][et_pb_contact_form email=&#8221;contact@pdi.ro\/2021\/2019&#8243; submit_button_text=&#8221;Trimite mesajul&#8221; _builder_version=&#8221;3.19.4&#8243; title_font=&#8221;||||||||&#8221;][et_pb_contact_field field_id=&#8221;Name&#8221; field_title=&#8221;Nume&#8221; _builder_version=&#8221;3.18.9&#8243; button_text_size__hover_enabled=&#8221;off&#8221; button_one_text_size__hover_enabled=&#8221;off&#8221; button_two_text_size__hover_enabled=&#8221;off&#8221; button_text_color__hover_enabled=&#8221;off&#8221; button_one_text_color__hover_enabled=&#8221;off&#8221; button_two_text_color__hover_enabled=&#8221;off&#8221; button_border_width__hover_enabled=&#8221;off&#8221; button_one_border_width__hover_enabled=&#8221;off&#8221; button_two_border_width__hover_enabled=&#8221;off&#8221; button_border_color__hover_enabled=&#8221;off&#8221; button_one_border_color__hover_enabled=&#8221;off&#8221; button_two_border_color__hover_enabled=&#8221;off&#8221; button_border_radius__hover_enabled=&#8221;off&#8221; button_one_border_radius__hover_enabled=&#8221;off&#8221; button_two_border_radius__hover_enabled=&#8221;off&#8221; button_letter_spacing__hover_enabled=&#8221;off&#8221; button_one_letter_spacing__hover_enabled=&#8221;off&#8221; button_two_letter_spacing__hover_enabled=&#8221;off&#8221; button_bg_color__hover_enabled=&#8221;off&#8221; button_one_bg_color__hover_enabled=&#8221;off&#8221; button_two_bg_color__hover_enabled=&#8221;off&#8221;][\/et_pb_contact_field][et_pb_contact_field field_id=&#8221;Email&#8221; field_title=&#8221;Adresa de e-mail&#8221; field_type=&#8221;email&#8221; _builder_version=&#8221;3.19.4&#8243; button_text_size__hover_enabled=&#8221;off&#8221; button_one_text_size__hover_enabled=&#8221;off&#8221; button_two_text_size__hover_enabled=&#8221;off&#8221; button_text_color__hover_enabled=&#8221;off&#8221; button_one_text_color__hover_enabled=&#8221;off&#8221; button_two_text_color__hover_enabled=&#8221;off&#8221; button_border_width__hover_enabled=&#8221;off&#8221; button_one_border_width__hover_enabled=&#8221;off&#8221; button_two_border_width__hover_enabled=&#8221;off&#8221; button_border_color__hover_enabled=&#8221;off&#8221; button_one_border_color__hover_enabled=&#8221;off&#8221; button_two_border_color__hover_enabled=&#8221;off&#8221; button_border_radius__hover_enabled=&#8221;off&#8221; button_one_border_radius__hover_enabled=&#8221;off&#8221; button_two_border_radius__hover_enabled=&#8221;off&#8221; button_letter_spacing__hover_enabled=&#8221;off&#8221; button_one_letter_spacing__hover_enabled=&#8221;off&#8221; button_two_letter_spacing__hover_enabled=&#8221;off&#8221; button_bg_color__hover_enabled=&#8221;off&#8221; button_one_bg_color__hover_enabled=&#8221;off&#8221; button_two_bg_color__hover_enabled=&#8221;off&#8221;][\/et_pb_contact_field][et_pb_contact_field field_id=&#8221;Message&#8221; field_title=&#8221;Mesajul dvs.&#8221; field_type=&#8221;text&#8221; fullwidth_field=&#8221;on&#8221; _builder_version=&#8221;3.18.9&#8243; button_text_size__hover_enabled=&#8221;off&#8221; button_one_text_size__hover_enabled=&#8221;off&#8221; button_two_text_size__hover_enabled=&#8221;off&#8221; button_text_color__hover_enabled=&#8221;off&#8221; button_one_text_color__hover_enabled=&#8221;off&#8221; button_two_text_color__hover_enabled=&#8221;off&#8221; button_border_width__hover_enabled=&#8221;off&#8221; button_one_border_width__hover_enabled=&#8221;off&#8221; button_two_border_width__hover_enabled=&#8221;off&#8221; button_border_color__hover_enabled=&#8221;off&#8221; button_one_border_color__hover_enabled=&#8221;off&#8221; button_two_border_color__hover_enabled=&#8221;off&#8221; button_border_radius__hover_enabled=&#8221;off&#8221; button_one_border_radius__hover_enabled=&#8221;off&#8221; button_two_border_radius__hover_enabled=&#8221;off&#8221; button_letter_spacing__hover_enabled=&#8221;off&#8221; button_one_letter_spacing__hover_enabled=&#8221;off&#8221; button_two_letter_spacing__hover_enabled=&#8221;off&#8221; button_bg_color__hover_enabled=&#8221;off&#8221; button_one_bg_color__hover_enabled=&#8221;off&#8221; button_two_bg_color__hover_enabled=&#8221;off&#8221;][\/et_pb_contact_field][\/et_pb_contact_form][\/et_pb_column][et_pb_column type=&#8221;2_5&#8243; _builder_version=&#8221;3.25&#8243; custom_padding=&#8221;|||&#8221; custom_padding__hover=&#8221;|||&#8221;][et_pb_text _builder_version=&#8221;4.9.4&#8243; text_font=&#8221;Kaushan Script||||||||&#8221; text_text_color=&#8221;#f0622a&#8221; text_font_size=&#8221;30px&#8221; header_font=&#8221;||||||||&#8221; background_layout=&#8221;dark&#8221;]<\/p>\n<p>Operatorul PDI 2021<\/p>\n<p>[\/et_pb_text][et_pb_text _builder_version=&#8221;4.0.11&#8243; text_font=&#8221;||||||||&#8221;]<\/p>\n<p><span><img loading=\"lazy\" decoding=\"async\" src=\"https:\/\/pdi.ro\/2021\/wp-content\/uploads\/2020\/02\/eventer_logo_150px.png\" width=\"151\" height=\"33\" alt=\"\" class=\"wp-image-774 alignleft size-full\" \/><\/span><\/p>\n<p><span><\/span><\/p>\n<p><span><\/span><\/p>\n<p><span>Adresa: Str. A. Panu nr. 13, Iasi<\/span><br \/> <span>Tel.: 0332.40.88.00-05<\/span><br \/> <span>E-mail: <a href=\"mailto:inscrieri@primaderma.ro\" target=\"_blank\" rel=\"noopener noreferrer\">inscrieri@primaderma.ro<\/a><br \/> <\/span><span>Website:\u00a0<\/span><a href=\"http:\/\/www.eventernet.ro\/\" target=\"Blank\" rel=\"noopener noreferrer\">www.eventernet.ro<\/a><\/p>\n<p>[\/et_pb_text][et_pb_text disabled_on=&#8221;off|off|off&#8221; _builder_version=&#8221;4.0.11&#8243; text_font=&#8221;Kaushan Script||||||||&#8221; text_text_color=&#8221;#f0622a&#8221; text_font_size=&#8221;30px&#8221; header_font=&#8221;||||||||&#8221; background_layout=&#8221;dark&#8221; locked=&#8221;off&#8221;]<\/p>\n<p>Parteneri Media<\/p>\n<p>[\/et_pb_text][et_pb_gallery gallery_ids=&#8221;7203,7204,7232,7231&#8243; fullwidth=&#8221;on&#8221; _builder_version=&#8221;4.0.11&#8243; transform_scale=&#8221;86%|86%&#8221; max_width=&#8221;63%&#8221; auto=&#8221;on&#8221; auto_speed=&#8221;3500&#8243; hover_transition_duration=&#8221;100ms&#8221; hover_transition_delay=&#8221;50ms&#8221; hover_transition_speed_curve=&#8221;ease-in-out&#8221; locked=&#8221;off&#8221;][\/et_pb_gallery][\/et_pb_column][\/et_pb_row][\/et_pb_section]<\/p>\n","protected":false},"excerpt":{"rendered":"<p>Conf. Univ. Dr. Furnic\u0103 Cristina Universitatea de Medicin\u0103 \u0219i Farmacie &#8220;Grigore T. Popa&#8221; Ia\u0219iResponsabilitatea medical\u0103 \u00een practica dermatologic\u0103Autori: Cristina Furnic\u0103, Diana Bulgaru Iliescu, Raluca Ozana Chistol, M. Yasin Facultatea de Medicin\u0103, Universitatea de Medicin\u0103 \u0219i Farmacie \u201eGrigore T. Popa\u201d Ia\u0219i, Rom\u00e2niaInstitutul de Medicin\u0103 Legal\u0103, Ia\u0219i, Rom\u00e2niaInstitutul de Boli Cardiovasculare \u201eProf. Dr. George I.M. Georgescu\u201d, Ia\u0219i, [&hellip;]<\/p>\n","protected":false},"author":2,"featured_media":0,"parent":0,"menu_order":0,"comment_status":"closed","ping_status":"closed","template":"","meta":{"_et_pb_use_builder":"on","_et_pb_old_content":"","_et_gb_content_width":"","footnotes":""},"class_list":["post-7534","page","type-page","status-publish","hentry"],"_links":{"self":[{"href":"https:\/\/pdi.ro\/2021\/wp-json\/wp\/v2\/pages\/7534","targetHints":{"allow":["GET"]}}],"collection":[{"href":"https:\/\/pdi.ro\/2021\/wp-json\/wp\/v2\/pages"}],"about":[{"href":"https:\/\/pdi.ro\/2021\/wp-json\/wp\/v2\/types\/page"}],"author":[{"embeddable":true,"href":"https:\/\/pdi.ro\/2021\/wp-json\/wp\/v2\/users\/2"}],"replies":[{"embeddable":true,"href":"https:\/\/pdi.ro\/2021\/wp-json\/wp\/v2\/comments?post=7534"}],"version-history":[{"count":11,"href":"https:\/\/pdi.ro\/2021\/wp-json\/wp\/v2\/pages\/7534\/revisions"}],"predecessor-version":[{"id":10002,"href":"https:\/\/pdi.ro\/2021\/wp-json\/wp\/v2\/pages\/7534\/revisions\/10002"}],"wp:attachment":[{"href":"https:\/\/pdi.ro\/2021\/wp-json\/wp\/v2\/media?parent=7534"}],"curies":[{"name":"wp","href":"https:\/\/api.w.org\/{rel}","templated":true}]}}