{"id":7558,"date":"2020-03-06T16:50:12","date_gmt":"2020-03-06T14:50:12","guid":{"rendered":"https:\/\/primaderma.ro\/?page_id=7558"},"modified":"2021-07-06T17:10:36","modified_gmt":"2021-07-06T15:10:36","slug":"psih-luca-liliana","status":"publish","type":"page","link":"https:\/\/pdi.ro\/2021\/psih-luca-liliana\/","title":{"rendered":"Psih. Luca Liliana"},"content":{"rendered":"<p>[et_pb_section fb_built=&#8221;1&#8243; fullwidth=&#8221;on&#8221; disabled_on=&#8221;on|off|off&#8221; _builder_version=&#8221;3.22&#8243; custom_margin=&#8221;||&#8221; custom_padding=&#8221;15px||29px&#8221; top_divider_style=&#8221;waves2&#8243; top_divider_color=&#8221;#f0622a&#8221; top_divider_flip=&#8221;horizontal|vertical&#8221; bottom_divider_style=&#8221;waves2&#8243; bottom_divider_color=&#8221;#fcdedb&#8221; bottom_divider_height=&#8221;105px&#8221; bottom_divider_flip=&#8221;vertical&#8221; global_module=&#8221;9062&#8243; collapsed=&#8221;off&#8221;][et_pb_fullwidth_header title=&#8221;@ET-DC@eyJkeW5hbWljIjp0cnVlLCJjb250ZW50IjoicG9zdF90aXRsZSIsInNldHRpbmdzIjp7ImJlZm9yZSI6IiIsImFmdGVyIjoiIn19@&#8221; text_orientation=&#8221;right&#8221; header_image_url=&#8221;https:\/\/pdi.ro\/2021\/wp-content\/uploads\/2021\/05\/PDI2021_logo_header_int_600x300px.png&#8221; disabled_on=&#8221;on|on|off&#8221; _builder_version=&#8221;4.9.4&#8243; _dynamic_attributes=&#8221;title&#8221; title_font=&#8221;Kaushan Script||||||||&#8221; title_text_align=&#8221;right&#8221; title_text_color=&#8221;#f0622a&#8221; title_font_size=&#8221;50px&#8221; content_font=&#8221;|600||on|||||&#8221; content_text_align=&#8221;center&#8221; content_text_color=&#8221;#686766&#8243; content_font_size=&#8221;15px&#8221; subhead_font=&#8221;||||||||&#8221; background_color=&#8221;#ef916b&#8221; background_image=&#8221;https:\/\/pdi.ro\/2021\/wp-content\/uploads\/2021\/05\/PDI2021_header_1920x550px.jpg&#8221; background_blend=&#8221;luminosity&#8221; background_layout=&#8221;light&#8221; custom_margin=&#8221;0px||8px&#8221; custom_padding=&#8221;40px||40px||true&#8221; content_font_size_tablet=&#8221;&#8221; content_font_size_phone=&#8221;15px&#8221; content_font_size_last_edited=&#8221;on|desktop&#8221;][\/et_pb_fullwidth_header][\/et_pb_section][et_pb_section fb_built=&#8221;1&#8243; _builder_version=&#8221;3.22&#8243; locked=&#8221;off&#8221;][et_pb_row column_structure=&#8221;2_5,3_5&#8243; _builder_version=&#8221;3.25&#8243;][et_pb_column type=&#8221;2_5&#8243; _builder_version=&#8221;3.25&#8243; custom_padding=&#8221;|||&#8221; custom_padding__hover=&#8221;|||&#8221;][et_pb_image src=&#8221;https:\/\/pdi.ro\/2021\/2019\/wp-content\/uploads\/2019\/03\/Luca-Liliana.jpg&#8221; align=&#8221;center&#8221; align_tablet=&#8221;center&#8221; align_phone=&#8221;&#8221; align_last_edited=&#8221;on|desktop&#8221; _builder_version=&#8221;3.23&#8243; max_width=&#8221;30%&#8221; border_radii=&#8221;on|100px|100px|100px|100px&#8221;][\/et_pb_image][\/et_pb_column][et_pb_column type=&#8221;3_5&#8243; _builder_version=&#8221;3.25&#8243; custom_padding=&#8221;|||&#8221; custom_padding__hover=&#8221;|||&#8221;][et_pb_text _builder_version=&#8221;3.27.4&#8243;]<\/p>\n<h4><span style=\"color: #ff6600;\"><strong><\/strong><\/span><\/h4>\n<h4><span style=\"color: #ff6600;\"><strong><\/strong><\/span><\/h4>\n<h4><span style=\"color: #ff6600;\"><strong><\/strong><\/span><\/h4>\n<h4><span style=\"color: #ff6600;\"><strong>Psih. Luca Liliana<\/strong><\/span><br \/><span style=\"color: #ff6600;\"><strong> Universitatea \u201cDun\u0103rea de Jos\u201d Gala\u021bi<\/strong><\/span><\/h4>\n<p>[\/et_pb_text][\/et_pb_column][\/et_pb_row][et_pb_row _builder_version=&#8221;3.25&#8243;][et_pb_column type=&#8221;4_4&#8243; _builder_version=&#8221;3.25&#8243; custom_padding=&#8221;|||&#8221; custom_padding__hover=&#8221;|||&#8221;][et_pb_text _builder_version=&#8221;4.9.7&#8243;]<\/p>\n<p style=\"text-align: justify;\"><span style=\"color: #ff6600;\">Distorsionarea realit\u0103\u021bii- filtrele de \u00eenfrumuse\u021bare<\/span><br \/><span style=\"color: #ff6600;\">Autori: Liliana Luca, A.B. Ciubar\u0103, Anamaria Ciubar\u0103<\/span><\/p>\n<p style=\"text-align: justify;\"><span style=\"color: #ff6600;\">Universitatea &#8220;Dun\u0103rea de Jos&#8221; Gala\u021bi<\/span><\/p>\n<p>Cuvinte cheie: filtre de \u00eenfrumuse\u021bare, realitate, percep\u021bie<\/p>\n<p style=\"text-align: justify;\">Scopul acestui studiu a fost analiza percep\u021biei tinerilor asupra fotografiilor editate.<\/p>\n<p style=\"text-align: justify;\">Materiale \u0219i metode<br \/>Chestionar anonim ,online, pe un lot de 109 subiec\u021bi cu v\u00e2rste cuprinse \u00eentre 18 \u0219i 50 de ani care \u0219i-au dat acordul de a participa la aceast\u0103 cercetare realizat\u0103 \u00een perioada noiembrie 2020- aprilie 2021.<\/p>\n<p style=\"text-align: justify;\">Rezultate<br \/>Din cei 109 participan\u021bi la acest studiu, 59,6% au declarat c\u0103 obi\u0219nuiesc s\u0103 editeze pozele pe care le posteaz\u0103 pe re\u021bele sociale,102 subiec\u021bi folosind diferite aplica\u021bii cu filtre de \u00eenfrumuse\u021bare..<br \/>Un procent de 67,9% dintre subiec\u021bi au fost de p\u0103rere c\u0103 pozele editate au un impact mai mare dec\u00e2t cele needitate iar 49,5% c\u0103 le este util s\u0103 \u00ee\u0219i editeze fotografiile.<br \/>Un procent de 43,1% dintre cei investiga\u021bi au declarat c\u0103 le place mai mult cum arat\u0103 cu filtre de \u00eenfrumuse\u021bare, 42,2% au spus c\u0103 folosesc aceste aplica\u021bii pentru a-\u0219i corecta anumite imperfec\u021biuni sau defecte fizice \u0219i 19,3% au declarat c\u0103 filtrele de \u00eenfrumuse\u021bare i-au motivat s\u0103 \u00ee\u0219i schimbe aspectul fizic.<\/p>\n<p style=\"text-align: justify;\">Concluzii<br \/>Lipsa de informare cu privire la con\u0219tientizarea motivelor reale pentru care tinerii recurg la utilizarea filtrelor de \u00eenfrumuse\u021bare \u0219i la pericolele de a dezvolta tulbur\u0103ri din sfera s\u0103n\u0103t\u0103\u021bii mintale este un semnal de alarm\u0103 \u0219i un imbold pentru speciali\u0219ti de a elabora \u0219i implementa programe de psiho-educa\u021bie la nivel comunitar.<\/p>\n<p style=\"text-align: justify;\"><span style=\"color: #ff6600;\">DISTORTION OF REALITY &#8211; BEAUTY FILTERS<\/span><br \/><span style=\"color: #ff6600;\">Authors: Liliana Luca, A.B. Ciubar\u0103, Anamaria Ciubar\u0103<\/span><\/p>\n<p style=\"text-align: justify;\"><span style=\"color: #ff6600;\">Universitatea &#8220;Dun\u0103rea de Jos&#8221; Gala\u021bi<\/span><\/p>\n<p style=\"text-align: justify;\">Keywords: beauty filters, reality, perception<\/p>\n<p style=\"text-align: justify;\">The aim of this study was to analyze young people&#8217;s perception of edited photos.<br \/>Materials and methods<br \/>Anonymous questionnaire, online, on a group of 109 subjects aged between 18 and 50 years who agreed to participate in this research conducted between November 2020 and April 2021.<br \/>Results<br \/>Of the 109 participants in this study, 59.6% stated that they usually edit the photos they post on social networks, 102 subjects using different applications with beauty filters. 67.9% of the subjects thought that the edited photos have a greater impact than the unedited ones and 49.5% that it is useful for them to edit their photos. 43.1% of those surveyed said that their look were better with beauty filters, 42.2% said they use these applications to correct certain imperfections or physical defects and 19.3% have stated that beauty filters motivated them to change their physical appearance.<br \/>Conclusions<br \/>The lack of information on the awareness of the real reasons why young people resort to the use of beauty filters and the dangers of developing mental health disorders is an alarm signal and an impetus for specialists to develop and implement psycho-educational programs in community level.<\/p>\n<p style=\"text-align: justify;\"><span style=\"color: #ff6600;\">Scurt CV<\/span><\/p>\n<p style=\"text-align: justify;\">Psiholog clinician Drd , psihoterapeut<\/p>\n<p style=\"text-align: justify;\"><strong>Loc de munca:<\/strong><br \/>Facultatea de Medicin\u0103 \u0219i Farnacie, Universitatea \u201eDun\u0103rea de Jos\u201d Gala\u021bi<br \/>Institutul de Psihiatrie \u201eSocola\u201d Ia\u0219i<\/p>\n<p style=\"text-align: justify;\"><strong>Educa\u021bie:<\/strong><br \/>&#8211; Absolvent\u0103 a Facult\u0103\u0163ii de Psihologie \u015fi Stiin\u0163e ale Educa\u0163iei din cadrul Universit\u0103\u0163ii \u201eAl.I.Cuza\u201d Ia\u0219i\u201d<br \/>&#8211; Absolvent\u0103 a programului de Master \u00een Psihologie Clinic\u0103<br \/>&#8211; Competen\u0163\u0103 profesional\u0103 \u00een domeniul expertizei psihologice judiciare<br \/>&#8211; Curs de formare \u00een Psihoterapie Integrativ\u0103<br \/>&#8211; Cursuri postuniversitare de Psihologie aplicat\u0103 \u00een justi\u0163ie \u0219i de Bioetic\u0103<br \/>&#8211; Doctorand \u00een domeniul Medicin\u0103<br \/><strong>Activitate profesional\u0103:<\/strong><br \/>&#8211; membru \u00een comitetele \u0219tiin\u021bifice la Conferin\u021ba Galatia \u0219i Prim\u0103vara Dermatologic\u0103 Ie\u0219ean\u0103<br \/>&#8211; particip\u0103ri cu lucr\u0103ri stiin\u0163ifice \u015fi lector\/ speaker la conferin\u0163e \u015fi congrese na\u0163ionale \u015fi interna\u0163ionale de psihiatrie, psihoterapie, medicin\u0103 legal\u0103 \u015fi dermatologie<br \/>&#8211; colaborator la revista Lapsihiatru<br \/>&#8211; implicare \u00een proiectele de parteneriat pentru dezvoltarea psihiatriei comunitare , \u00een studii clinice \u0219i cercetare \u0219tiintific\u0103 ale Spitalului Clinic de Psihiatrie \u201eSocola\u201d<br \/>&#8211; activitate \u00een domeniul expertizei medico-legale psihiatrice<br \/>Membru fondator al Asocia\u021biei de Psihologie Clinic\u0103 \u0219i Psihoterapie Integrativ\u0103 din Rom\u00e2nia<\/p>\n<p>[\/et_pb_text][\/et_pb_column][\/et_pb_row][\/et_pb_section][et_pb_section fb_built=&#8221;1&#8243; _builder_version=&#8221;3.22&#8243; background_color=&#8221;rgba(117,194,33,0.23)&#8221; background_image=&#8221;https:\/\/pdi.ro\/2021\/wp-content\/uploads\/2020\/02\/back_justflowers_overlay1.png&#8221; background_blend=&#8221;luminosity&#8221; custom_padding=&#8221;54px|0px|0|0px|false|false&#8221; top_divider_style=&#8221;waves2&#8243; top_divider_color=&#8221;#ffffff&#8221; top_divider_height=&#8221;155px&#8221; top_divider_height_tablet=&#8221;&#8221; top_divider_height_phone=&#8221;97px&#8221; top_divider_height_last_edited=&#8221;on|desktop&#8221; bottom_divider_style=&#8221;waves2&#8243; bottom_divider_color=&#8221;#75c221&#8243; bottom_divider_flip=&#8221;vertical&#8221; bottom_divider_height_tablet=&#8221;&#8221; bottom_divider_height_phone=&#8221;59px&#8221; bottom_divider_height_last_edited=&#8221;on|desktop&#8221;][et_pb_row column_structure=&#8221;3_5,2_5&#8243; _builder_version=&#8221;3.25&#8243; custom_padding=&#8221;61px|0px|69px|0px|false|false&#8221;][et_pb_column type=&#8221;3_5&#8243; _builder_version=&#8221;3.25&#8243; custom_padding=&#8221;|||&#8221; custom_padding__hover=&#8221;|||&#8221;][et_pb_text _builder_version=&#8221;4.9.4&#8243; text_font=&#8221;Kaushan Script||||||||&#8221; text_text_color=&#8221;#f0622a&#8221; text_font_size=&#8221;30px&#8221; text_line_height=&#8221;1.2em&#8221; header_font=&#8221;||||||||&#8221; background_layout=&#8221;dark&#8221; text_font_size_tablet=&#8221;&#8221; text_font_size_phone=&#8221;&#8221; text_font_size_last_edited=&#8221;on|desktop&#8221;]<\/p>\n<p>Contacteaz\u0103 operatorul PDI 2021<\/p>\n<p>[\/et_pb_text][et_pb_contact_form email=&#8221;contact@pdi.ro\/2021\/2019&#8243; submit_button_text=&#8221;Trimite mesajul&#8221; _builder_version=&#8221;3.19.4&#8243; title_font=&#8221;||||||||&#8221;][et_pb_contact_field field_id=&#8221;Name&#8221; field_title=&#8221;Nume&#8221; _builder_version=&#8221;3.18.9&#8243; button_text_size__hover_enabled=&#8221;off&#8221; button_one_text_size__hover_enabled=&#8221;off&#8221; button_two_text_size__hover_enabled=&#8221;off&#8221; button_text_color__hover_enabled=&#8221;off&#8221; button_one_text_color__hover_enabled=&#8221;off&#8221; button_two_text_color__hover_enabled=&#8221;off&#8221; button_border_width__hover_enabled=&#8221;off&#8221; button_one_border_width__hover_enabled=&#8221;off&#8221; button_two_border_width__hover_enabled=&#8221;off&#8221; button_border_color__hover_enabled=&#8221;off&#8221; button_one_border_color__hover_enabled=&#8221;off&#8221; button_two_border_color__hover_enabled=&#8221;off&#8221; button_border_radius__hover_enabled=&#8221;off&#8221; button_one_border_radius__hover_enabled=&#8221;off&#8221; button_two_border_radius__hover_enabled=&#8221;off&#8221; button_letter_spacing__hover_enabled=&#8221;off&#8221; button_one_letter_spacing__hover_enabled=&#8221;off&#8221; button_two_letter_spacing__hover_enabled=&#8221;off&#8221; button_bg_color__hover_enabled=&#8221;off&#8221; button_one_bg_color__hover_enabled=&#8221;off&#8221; button_two_bg_color__hover_enabled=&#8221;off&#8221;][\/et_pb_contact_field][et_pb_contact_field field_id=&#8221;Email&#8221; field_title=&#8221;Adresa de e-mail&#8221; field_type=&#8221;email&#8221; _builder_version=&#8221;3.19.4&#8243; button_text_size__hover_enabled=&#8221;off&#8221; button_one_text_size__hover_enabled=&#8221;off&#8221; button_two_text_size__hover_enabled=&#8221;off&#8221; button_text_color__hover_enabled=&#8221;off&#8221; button_one_text_color__hover_enabled=&#8221;off&#8221; button_two_text_color__hover_enabled=&#8221;off&#8221; button_border_width__hover_enabled=&#8221;off&#8221; button_one_border_width__hover_enabled=&#8221;off&#8221; button_two_border_width__hover_enabled=&#8221;off&#8221; button_border_color__hover_enabled=&#8221;off&#8221; button_one_border_color__hover_enabled=&#8221;off&#8221; button_two_border_color__hover_enabled=&#8221;off&#8221; button_border_radius__hover_enabled=&#8221;off&#8221; button_one_border_radius__hover_enabled=&#8221;off&#8221; button_two_border_radius__hover_enabled=&#8221;off&#8221; button_letter_spacing__hover_enabled=&#8221;off&#8221; button_one_letter_spacing__hover_enabled=&#8221;off&#8221; button_two_letter_spacing__hover_enabled=&#8221;off&#8221; button_bg_color__hover_enabled=&#8221;off&#8221; button_one_bg_color__hover_enabled=&#8221;off&#8221; button_two_bg_color__hover_enabled=&#8221;off&#8221;][\/et_pb_contact_field][et_pb_contact_field field_id=&#8221;Message&#8221; field_title=&#8221;Mesajul dvs.&#8221; field_type=&#8221;text&#8221; fullwidth_field=&#8221;on&#8221; _builder_version=&#8221;3.18.9&#8243; button_text_size__hover_enabled=&#8221;off&#8221; button_one_text_size__hover_enabled=&#8221;off&#8221; button_two_text_size__hover_enabled=&#8221;off&#8221; button_text_color__hover_enabled=&#8221;off&#8221; button_one_text_color__hover_enabled=&#8221;off&#8221; button_two_text_color__hover_enabled=&#8221;off&#8221; button_border_width__hover_enabled=&#8221;off&#8221; button_one_border_width__hover_enabled=&#8221;off&#8221; button_two_border_width__hover_enabled=&#8221;off&#8221; button_border_color__hover_enabled=&#8221;off&#8221; button_one_border_color__hover_enabled=&#8221;off&#8221; button_two_border_color__hover_enabled=&#8221;off&#8221; button_border_radius__hover_enabled=&#8221;off&#8221; button_one_border_radius__hover_enabled=&#8221;off&#8221; button_two_border_radius__hover_enabled=&#8221;off&#8221; button_letter_spacing__hover_enabled=&#8221;off&#8221; button_one_letter_spacing__hover_enabled=&#8221;off&#8221; button_two_letter_spacing__hover_enabled=&#8221;off&#8221; button_bg_color__hover_enabled=&#8221;off&#8221; button_one_bg_color__hover_enabled=&#8221;off&#8221; button_two_bg_color__hover_enabled=&#8221;off&#8221;][\/et_pb_contact_field][\/et_pb_contact_form][\/et_pb_column][et_pb_column type=&#8221;2_5&#8243; _builder_version=&#8221;3.25&#8243; custom_padding=&#8221;|||&#8221; custom_padding__hover=&#8221;|||&#8221;][et_pb_text _builder_version=&#8221;4.9.4&#8243; text_font=&#8221;Kaushan Script||||||||&#8221; text_text_color=&#8221;#f0622a&#8221; text_font_size=&#8221;30px&#8221; header_font=&#8221;||||||||&#8221; background_layout=&#8221;dark&#8221;]<\/p>\n<p>Operatorul PDI 2021<\/p>\n<p>[\/et_pb_text][et_pb_text _builder_version=&#8221;4.0.11&#8243; text_font=&#8221;||||||||&#8221;]<\/p>\n<p><span><img loading=\"lazy\" decoding=\"async\" src=\"https:\/\/pdi.ro\/2021\/wp-content\/uploads\/2020\/02\/eventer_logo_150px.png\" width=\"151\" height=\"33\" alt=\"\" class=\"wp-image-774 alignleft size-full\" \/><\/span><\/p>\n<p><span><\/span><\/p>\n<p><span><\/span><\/p>\n<p><span>Adresa: Str. A. Panu nr. 13, Iasi<\/span><br \/> <span>Tel.: 0332.40.88.00-05<\/span><br \/> <span>E-mail: <a href=\"mailto:inscrieri@primaderma.ro\" target=\"_blank\" rel=\"noopener noreferrer\">inscrieri@primaderma.ro<\/a><br \/> <\/span><span>Website:\u00a0<\/span><a href=\"http:\/\/www.eventernet.ro\/\" target=\"Blank\" rel=\"noopener noreferrer\">www.eventernet.ro<\/a><\/p>\n<p>[\/et_pb_text][et_pb_text disabled_on=&#8221;off|off|off&#8221; _builder_version=&#8221;4.0.11&#8243; text_font=&#8221;Kaushan Script||||||||&#8221; text_text_color=&#8221;#f0622a&#8221; text_font_size=&#8221;30px&#8221; header_font=&#8221;||||||||&#8221; background_layout=&#8221;dark&#8221; locked=&#8221;off&#8221;]<\/p>\n<p>Parteneri Media<\/p>\n<p>[\/et_pb_text][et_pb_gallery gallery_ids=&#8221;7203,7204,7232,7231&#8243; fullwidth=&#8221;on&#8221; _builder_version=&#8221;4.0.11&#8243; transform_scale=&#8221;86%|86%&#8221; max_width=&#8221;63%&#8221; auto=&#8221;on&#8221; auto_speed=&#8221;3500&#8243; hover_transition_duration=&#8221;100ms&#8221; hover_transition_delay=&#8221;50ms&#8221; hover_transition_speed_curve=&#8221;ease-in-out&#8221; locked=&#8221;off&#8221;][\/et_pb_gallery][\/et_pb_column][\/et_pb_row][\/et_pb_section]<\/p>\n","protected":false},"excerpt":{"rendered":"<p>Psih. Luca Liliana Universitatea \u201cDun\u0103rea de Jos\u201d Gala\u021biDistorsionarea realit\u0103\u021bii- filtrele de \u00eenfrumuse\u021bareAutori: Liliana Luca, A.B. Ciubar\u0103, Anamaria Ciubar\u0103 Universitatea &#8220;Dun\u0103rea de Jos&#8221; Gala\u021bi Cuvinte cheie: filtre de \u00eenfrumuse\u021bare, realitate, percep\u021bie Scopul acestui studiu a fost analiza percep\u021biei tinerilor asupra fotografiilor editate. Materiale \u0219i metodeChestionar anonim ,online, pe un lot de 109 subiec\u021bi cu v\u00e2rste cuprinse [&hellip;]<\/p>\n","protected":false},"author":2,"featured_media":0,"parent":0,"menu_order":0,"comment_status":"closed","ping_status":"closed","template":"","meta":{"_et_pb_use_builder":"on","_et_pb_old_content":"","_et_gb_content_width":"","footnotes":""},"class_list":["post-7558","page","type-page","status-publish","hentry"],"_links":{"self":[{"href":"https:\/\/pdi.ro\/2021\/wp-json\/wp\/v2\/pages\/7558","targetHints":{"allow":["GET"]}}],"collection":[{"href":"https:\/\/pdi.ro\/2021\/wp-json\/wp\/v2\/pages"}],"about":[{"href":"https:\/\/pdi.ro\/2021\/wp-json\/wp\/v2\/types\/page"}],"author":[{"embeddable":true,"href":"https:\/\/pdi.ro\/2021\/wp-json\/wp\/v2\/users\/2"}],"replies":[{"embeddable":true,"href":"https:\/\/pdi.ro\/2021\/wp-json\/wp\/v2\/comments?post=7558"}],"version-history":[{"count":6,"href":"https:\/\/pdi.ro\/2021\/wp-json\/wp\/v2\/pages\/7558\/revisions"}],"predecessor-version":[{"id":10022,"href":"https:\/\/pdi.ro\/2021\/wp-json\/wp\/v2\/pages\/7558\/revisions\/10022"}],"wp:attachment":[{"href":"https:\/\/pdi.ro\/2021\/wp-json\/wp\/v2\/media?parent=7558"}],"curies":[{"name":"wp","href":"https:\/\/api.w.org\/{rel}","templated":true}]}}