{"id":7564,"date":"2020-03-06T17:02:50","date_gmt":"2020-03-06T15:02:50","guid":{"rendered":"https:\/\/primaderma.ro\/?page_id=7564"},"modified":"2021-07-12T15:10:56","modified_gmt":"2021-07-12T13:10:56","slug":"sef-lucr-dr-manolache-nicuta","status":"publish","type":"page","link":"https:\/\/pdi.ro\/2021\/sef-lucr-dr-manolache-nicuta\/","title":{"rendered":"\u0218ef Lucr. Dr. Manolache Nicu\u021ba"},"content":{"rendered":"<p>[et_pb_section fb_built=&#8221;1&#8243; fullwidth=&#8221;on&#8221; disabled_on=&#8221;on|off|off&#8221; _builder_version=&#8221;3.22&#8243; custom_margin=&#8221;||&#8221; custom_padding=&#8221;15px||29px&#8221; top_divider_style=&#8221;waves2&#8243; top_divider_color=&#8221;#f0622a&#8221; top_divider_flip=&#8221;horizontal|vertical&#8221; bottom_divider_style=&#8221;waves2&#8243; bottom_divider_color=&#8221;#fcdedb&#8221; bottom_divider_height=&#8221;105px&#8221; bottom_divider_flip=&#8221;vertical&#8221; global_module=&#8221;9062&#8243; collapsed=&#8221;off&#8221;][et_pb_fullwidth_header title=&#8221;@ET-DC@eyJkeW5hbWljIjp0cnVlLCJjb250ZW50IjoicG9zdF90aXRsZSIsInNldHRpbmdzIjp7ImJlZm9yZSI6IiIsImFmdGVyIjoiIn19@&#8221; text_orientation=&#8221;right&#8221; header_image_url=&#8221;https:\/\/pdi.ro\/2021\/wp-content\/uploads\/2021\/05\/PDI2021_logo_header_int_600x300px.png&#8221; disabled_on=&#8221;on|on|off&#8221; _builder_version=&#8221;4.9.4&#8243; _dynamic_attributes=&#8221;title&#8221; title_font=&#8221;Kaushan Script||||||||&#8221; title_text_align=&#8221;right&#8221; title_text_color=&#8221;#f0622a&#8221; title_font_size=&#8221;50px&#8221; content_font=&#8221;|600||on|||||&#8221; content_text_align=&#8221;center&#8221; content_text_color=&#8221;#686766&#8243; content_font_size=&#8221;15px&#8221; subhead_font=&#8221;||||||||&#8221; background_color=&#8221;#ef916b&#8221; background_image=&#8221;https:\/\/pdi.ro\/2021\/wp-content\/uploads\/2021\/05\/PDI2021_header_1920x550px.jpg&#8221; background_blend=&#8221;luminosity&#8221; background_layout=&#8221;light&#8221; custom_margin=&#8221;0px||8px&#8221; custom_padding=&#8221;40px||40px||true&#8221; content_font_size_tablet=&#8221;&#8221; content_font_size_phone=&#8221;15px&#8221; content_font_size_last_edited=&#8221;on|desktop&#8221;][\/et_pb_fullwidth_header][\/et_pb_section][et_pb_section fb_built=&#8221;1&#8243; _builder_version=&#8221;3.22&#8243; locked=&#8221;off&#8221;][et_pb_row column_structure=&#8221;2_5,3_5&#8243; _builder_version=&#8221;3.25&#8243;][et_pb_column type=&#8221;2_5&#8243; _builder_version=&#8221;3.25&#8243; custom_padding=&#8221;|||&#8221; custom_padding__hover=&#8221;|||&#8221;][et_pb_image src=&#8221;https:\/\/pdi.ro\/2021\/wp-content\/uploads\/2020\/03\/manolache.jpg&#8221; align=&#8221;center&#8221; align_tablet=&#8221;center&#8221; align_phone=&#8221;&#8221; align_last_edited=&#8221;on|desktop&#8221; _builder_version=&#8221;4.0.11&#8243; max_width=&#8221;30%&#8221; border_radii=&#8221;on|100px|100px|100px|100px&#8221;][\/et_pb_image][\/et_pb_column][et_pb_column type=&#8221;3_5&#8243; _builder_version=&#8221;3.25&#8243; custom_padding=&#8221;|||&#8221; custom_padding__hover=&#8221;|||&#8221;][et_pb_text _builder_version=&#8221;3.27.4&#8243;]<\/p>\n<h4><strong><span style=\"color: #ff6600;\"><\/span><\/strong><\/h4>\n<h4><strong><span style=\"color: #ff6600;\"><\/span><\/strong><\/h4>\n<h4><strong><span style=\"color: #ff6600;\"><\/span><\/strong><\/h4>\n<h4><strong><span style=\"color: #ff6600;\"><\/span><\/strong><\/h4>\n<h4><strong><span style=\"color: #ff6600;\"><\/span><\/strong><\/h4>\n<h4><strong><span style=\"color: #ff6600;\">\u0218ef Lucr. Dr. Manolache Nicu\u021ba<\/span><\/strong><br \/><strong><span style=\"color: #ff6600;\"> Universitatea &#8220;Dun\u0103rea de Jos\u201d, Gala\u0163i<\/span><\/strong><\/h4>\n<p>[\/et_pb_text][\/et_pb_column][\/et_pb_row][et_pb_row _builder_version=&#8221;3.25&#8243;][et_pb_column type=&#8221;4_4&#8243; _builder_version=&#8221;3.25&#8243; custom_padding=&#8221;|||&#8221; custom_padding__hover=&#8221;|||&#8221;][et_pb_text _builder_version=&#8221;4.9.7&#8243; hover_enabled=&#8221;0&#8243; sticky_enabled=&#8221;0&#8243;]<span style=\"color: #ff6600;\">Managementul herpesului circinat la copii\u00a0<\/span><br \/>\n<span style=\"color: #ff6600;\"> Nicu\u021ba Manolache1, Gabriela Stoleriu1, Daciana Elena Br\u0103ni\u0219teanu2, Florina Mihaela Filip-Ciubotaru2<\/span><br \/>\n1Facultatea de Medicin\u0103 \u0219i Farmacie Universitatea &#8220;Dun\u0103rea de Jos&#8221; Gala\u0163i<br \/>\n2Universitatea de Medicin\u0103 \u0219i Farmacie \u201dGrigore T.Popa\u201d Ia\u0219i<\/p>\n<p>Cuvinte cheie: herpes circinat, popula\u021bie pediatric\u0103, contagiozitate<\/p>\n<p style=\"text-align: justify;\">Herpesul circinat (Tinea corporis, Tinea circinata, Impetigo figurata,<br \/>\nSquarrus circumscriptus, Dartres furfuracees arrondies, Ringworm of the body), reprezint\u0103 o patologie des int\u0103lnit\u0103 \u00een popula\u021bia pediatric\u0103, at\u00e2t prin frecven\u0163a contactului cu animalele de companie bolnave, c\u00e2t \u015fi datorit\u0103 contagiozit\u0103\u0163ii interumane.<br \/>\nDefinit\u0103 ca infestare cu agen\u0163i fungici a suprafe\u0163ei cutanate glabre, herpesul circinat<br \/>\nreprezint\u0103 o dermatofi\u021bie superficial\u0103, inflamatorie ce poate afecta tot tegumentul,<br \/>\nav\u00e2nd o evolu\u021bie cronic\u0103,dar cu prognostic bun.<br \/>\nPrezent\u0103 \u00een orice areal geografic, este produs\u0103 \u00een 80% din cazuri de dermatofi\u021bi<br \/>\nzoofili(Tr,verrucosum, M. Canis), \u00een 13% din cazuri de cei antropofili \u0219i doar \u00een<br \/>\n6% din cazuri agentul etiologic poate fi un dermatofit geofil(M.gypseum).<br \/>\nDac\u0103 diagnosticarea formei clinice clasice nu reprezint\u0103 o problem\u0103 pentru medicul dermatolog, diagnosticarea f\u0103c\u00e2ndu-se prin inspec\u021bia tegumentului, ea r\u0103m\u00e2ne o provocare pentru medicii de familie \u015fi speciali\u015ftii pediatri, care, \u00een mod frecvent, sunt cei care ini\u0163iaz\u0103 terapia. \u00cen cazul leziunilor tratate cu topice empirice \u0219i mai ales cu dermatocorticoizi, diagnosticarea ridic\u0103 probleme de diagnostic diferen\u021bial , devenind o provocare \u0219i pentru un dermatolog experimentat, mai ales \u00een absen\u021ba posibilit\u0103\u021bii efectu\u0103rii examenului micologic. Dat fiind caracterul interdisciplinar al conferin\u0163ei \u201ePrim\u0103vara Dermatologic\u0103 Ie\u015fean\u0103\u201d, lucrarea mea se dore\u015fte a fi o actualizare a acestei patologii pediatrice, cu prezentarea aspectelor epidemiologice, clinice, micologice, dar \u015fi a atitudinii terapeutice adecvate.<\/p>\n<p style=\"text-align: justify;\"><span style=\"color: #ff6600;\">Management of circinate herpes in children<\/span><br \/>\n<span style=\"color: #ff6600;\">Nicu\u021ba Manolache1, Gabriela Stoleriu1, Daciana Elena Br\u0103ni\u0219teanu2, Florina Mihaela Filip-Ciubotaru2<\/span><br \/>\n1Faculty of Medicine and Pharmacy University &#8220;Dun\u0103rea de Jos&#8221; Galati<br \/>\n2\u201dGrigore T. Popa\u201d, University of Medicine and Pharmacy Iasi<\/p>\n<p>Keywords: circinate herpes, pediatric population, infectiousness.<\/p>\n<p style=\"text-align: justify;\">Circinate herpes (Tinea corporis, Tinea circinate, Impetigo figurata,<br \/>\nSquarrus circumscriptus, Dartres furfuracees arrondies, Ringworm of the body), represents an oftenly enquired pathology in pediatric population, not only due to its frequent contact with ill companion animals, but also due to its human-to-human infectiousness.<br \/>\nDefined as fungal infestation of the glabrous skin surface, circinate herpes is a superficial, inflammatory dermatophyte that can affect the entire skin, having a chronic evolution, but with a good prognosis.<br \/>\nPresent in any geographical area, it is produced in 80% of cases of zoophilic dermatophytes (Tr. verrucosum, M. Canis), in 13% of cases by anthropophiles and only in 6% of cases etiologically may be a geophilic dermatophyte (M.gypseum).<br \/>\nIf the diagnosis of the classic clinical form is not a problem for the dermatologist, the diagnosis being made by skin inspection, it remains a challenge for general practitioners and pediatricians, who are often the ones who initiate therapy. In the case of lesions treated with empirical topics and especially with dermatocorticoids, the diagnosis raises problems of differential diagnosis, becoming a challenge for an experienced dermatologist, especially in the absence of the possibility of performing the mycological examination.<br \/>\nGiven the interdisciplinary nature of the conference &#8220;Iasi Dermatological Spring&#8221;, my work is intended to be an update of this pediatric pathology, with the presentation of epidemiological, clinical, mycological aspects, but also the appropriate therapeutic attitude.<\/p>\n<p style=\"text-align: justify;\"><span style=\"color: #ff6600;\">Scurt CV<\/span><\/p>\n<p><strong>Locul de munc\u0103<\/strong><br \/>\nSpitalul \u201eAnton Cincu\u201d, Tecuci<br \/>\nFacultatea de Medicin\u0103 \u015fi Farmacie, Universitatea \u201eDun\u0103rea de Jos\u201d, Gala\u0163i<\/p>\n<p><strong>Educa\u0163ie \u015fi formare <\/strong><br \/>\n1981\u20131987 &#8211; Facultatea de Medicin\u0103 General\u0103, IMF Ia\u015fi<br \/>\n1987\u20131991 &#8211; Stagiatur\u0103 \u2013 Spitalul Jude\u0163ean Gala\u0163i<br \/>\n1991\u20131994 &#8211; Reziden\u0163iat \u2013 Clinica \u201eScarlat Longhin\u201d, Bucure\u015fti<br \/>\n1994 &#8211; Ob\u0163inerea titlului de medic specialist dermatovenerolog<br \/>\n1998 &#8211; Ob\u0163inerea gradului de medic primar dermatovenerolog<br \/>\n2007 &#8211; Ob\u0163inerea titlului de doctor \u00een medicin\u0103<\/p>\n<p><strong>Calificare <\/strong><br \/>\nMedic primar dermatovenerolog<br \/>\nDoctor \u00een medicin\u0103<br \/>\n\u0218ef lucr\u0103ri<br \/>\nCompeten\u0163e Homeopatie<br \/>\nAtestat dermato \u2013 cosmetologie<br \/>\nDermatoscopie<br \/>\nMembru al asocia\u0163iilor profesionale: Societatea Rom\u00e2n\u0103 de Dermatologie<br \/>\nAsocia\u021bia Dermatologilor din Moldova.<br \/>\nAsocia\u021bia Rom\u00e2n\u0103 de Dermato-Pediatrie<br \/>\nAsocia\u021bia Rom\u00e2n\u0103 de Imuno-Dermatologie<br \/>\nEuropean Academy of Dermatology and Venerology<\/p>\n<p><strong> Lucr\u0103ri \u015ftiin\u0163ifice elaborate, prezentate \u015fi publicate<\/strong><br \/>\nTeza de doctorat : \u201eRolul factorilor favorizan\u0163i \u00een insuficien\u0163a venoas\u0103 cronic\u0103 a membrelor inferioare\u201d<br \/>\nConduc\u0103tor \u015ftiin\u0163ific: Prof dr. Dumitru Iustin Diaconu<br \/>\nArticole publicate \u00een reviste de specialitate<br \/>\nComunic\u0103ri la conferin\u0163e na\u0163ionale, mese rotunde<br \/>\nParticip\u0103ri la cursuri de formare profesional\u0103[\/et_pb_text][\/et_pb_column][\/et_pb_row][\/et_pb_section][et_pb_section fb_built=&#8221;1&#8243; _builder_version=&#8221;3.22&#8243; background_color=&#8221;rgba(117,194,33,0.23)&#8221; background_image=&#8221;https:\/\/pdi.ro\/2021\/wp-content\/uploads\/2020\/02\/back_justflowers_overlay1.png&#8221; background_blend=&#8221;luminosity&#8221; custom_padding=&#8221;54px|0px|0|0px|false|false&#8221; top_divider_style=&#8221;waves2&#8243; top_divider_color=&#8221;#ffffff&#8221; top_divider_height=&#8221;155px&#8221; top_divider_height_tablet=&#8221;&#8221; top_divider_height_phone=&#8221;97px&#8221; top_divider_height_last_edited=&#8221;on|desktop&#8221; bottom_divider_style=&#8221;waves2&#8243; bottom_divider_color=&#8221;#75c221&#8243; bottom_divider_flip=&#8221;vertical&#8221; bottom_divider_height_tablet=&#8221;&#8221; bottom_divider_height_phone=&#8221;59px&#8221; bottom_divider_height_last_edited=&#8221;on|desktop&#8221;][et_pb_row column_structure=&#8221;3_5,2_5&#8243; _builder_version=&#8221;3.25&#8243; custom_padding=&#8221;61px|0px|69px|0px|false|false&#8221;][et_pb_column type=&#8221;3_5&#8243; _builder_version=&#8221;3.25&#8243; custom_padding=&#8221;|||&#8221; custom_padding__hover=&#8221;|||&#8221;][et_pb_text _builder_version=&#8221;4.9.4&#8243; text_font=&#8221;Kaushan Script||||||||&#8221; text_text_color=&#8221;#f0622a&#8221; text_font_size=&#8221;30px&#8221; text_line_height=&#8221;1.2em&#8221; header_font=&#8221;||||||||&#8221; background_layout=&#8221;dark&#8221; text_font_size_tablet=&#8221;&#8221; text_font_size_phone=&#8221;&#8221; text_font_size_last_edited=&#8221;on|desktop&#8221;]<\/p>\n<p>Contacteaz\u0103 operatorul PDI 2021<\/p>\n<p>[\/et_pb_text][et_pb_contact_form email=&#8221;contact@pdi.ro\/2021\/2019&#8243; submit_button_text=&#8221;Trimite mesajul&#8221; _builder_version=&#8221;3.19.4&#8243; title_font=&#8221;||||||||&#8221;][et_pb_contact_field field_id=&#8221;Name&#8221; field_title=&#8221;Nume&#8221; _builder_version=&#8221;3.18.9&#8243; button_text_size__hover_enabled=&#8221;off&#8221; button_one_text_size__hover_enabled=&#8221;off&#8221; button_two_text_size__hover_enabled=&#8221;off&#8221; button_text_color__hover_enabled=&#8221;off&#8221; button_one_text_color__hover_enabled=&#8221;off&#8221; button_two_text_color__hover_enabled=&#8221;off&#8221; button_border_width__hover_enabled=&#8221;off&#8221; button_one_border_width__hover_enabled=&#8221;off&#8221; button_two_border_width__hover_enabled=&#8221;off&#8221; button_border_color__hover_enabled=&#8221;off&#8221; button_one_border_color__hover_enabled=&#8221;off&#8221; button_two_border_color__hover_enabled=&#8221;off&#8221; button_border_radius__hover_enabled=&#8221;off&#8221; button_one_border_radius__hover_enabled=&#8221;off&#8221; button_two_border_radius__hover_enabled=&#8221;off&#8221; button_letter_spacing__hover_enabled=&#8221;off&#8221; button_one_letter_spacing__hover_enabled=&#8221;off&#8221; button_two_letter_spacing__hover_enabled=&#8221;off&#8221; button_bg_color__hover_enabled=&#8221;off&#8221; button_one_bg_color__hover_enabled=&#8221;off&#8221; button_two_bg_color__hover_enabled=&#8221;off&#8221;][\/et_pb_contact_field][et_pb_contact_field field_id=&#8221;Email&#8221; field_title=&#8221;Adresa de e-mail&#8221; field_type=&#8221;email&#8221; _builder_version=&#8221;3.19.4&#8243; button_text_size__hover_enabled=&#8221;off&#8221; button_one_text_size__hover_enabled=&#8221;off&#8221; button_two_text_size__hover_enabled=&#8221;off&#8221; button_text_color__hover_enabled=&#8221;off&#8221; button_one_text_color__hover_enabled=&#8221;off&#8221; button_two_text_color__hover_enabled=&#8221;off&#8221; button_border_width__hover_enabled=&#8221;off&#8221; button_one_border_width__hover_enabled=&#8221;off&#8221; button_two_border_width__hover_enabled=&#8221;off&#8221; button_border_color__hover_enabled=&#8221;off&#8221; button_one_border_color__hover_enabled=&#8221;off&#8221; button_two_border_color__hover_enabled=&#8221;off&#8221; button_border_radius__hover_enabled=&#8221;off&#8221; button_one_border_radius__hover_enabled=&#8221;off&#8221; button_two_border_radius__hover_enabled=&#8221;off&#8221; button_letter_spacing__hover_enabled=&#8221;off&#8221; button_one_letter_spacing__hover_enabled=&#8221;off&#8221; button_two_letter_spacing__hover_enabled=&#8221;off&#8221; button_bg_color__hover_enabled=&#8221;off&#8221; button_one_bg_color__hover_enabled=&#8221;off&#8221; button_two_bg_color__hover_enabled=&#8221;off&#8221;][\/et_pb_contact_field][et_pb_contact_field field_id=&#8221;Message&#8221; field_title=&#8221;Mesajul dvs.&#8221; field_type=&#8221;text&#8221; fullwidth_field=&#8221;on&#8221; _builder_version=&#8221;3.18.9&#8243; button_text_size__hover_enabled=&#8221;off&#8221; button_one_text_size__hover_enabled=&#8221;off&#8221; button_two_text_size__hover_enabled=&#8221;off&#8221; button_text_color__hover_enabled=&#8221;off&#8221; button_one_text_color__hover_enabled=&#8221;off&#8221; button_two_text_color__hover_enabled=&#8221;off&#8221; button_border_width__hover_enabled=&#8221;off&#8221; button_one_border_width__hover_enabled=&#8221;off&#8221; button_two_border_width__hover_enabled=&#8221;off&#8221; button_border_color__hover_enabled=&#8221;off&#8221; button_one_border_color__hover_enabled=&#8221;off&#8221; button_two_border_color__hover_enabled=&#8221;off&#8221; button_border_radius__hover_enabled=&#8221;off&#8221; button_one_border_radius__hover_enabled=&#8221;off&#8221; button_two_border_radius__hover_enabled=&#8221;off&#8221; button_letter_spacing__hover_enabled=&#8221;off&#8221; button_one_letter_spacing__hover_enabled=&#8221;off&#8221; button_two_letter_spacing__hover_enabled=&#8221;off&#8221; button_bg_color__hover_enabled=&#8221;off&#8221; button_one_bg_color__hover_enabled=&#8221;off&#8221; button_two_bg_color__hover_enabled=&#8221;off&#8221;][\/et_pb_contact_field][\/et_pb_contact_form][\/et_pb_column][et_pb_column type=&#8221;2_5&#8243; _builder_version=&#8221;3.25&#8243; custom_padding=&#8221;|||&#8221; custom_padding__hover=&#8221;|||&#8221;][et_pb_text _builder_version=&#8221;4.9.4&#8243; text_font=&#8221;Kaushan Script||||||||&#8221; text_text_color=&#8221;#f0622a&#8221; text_font_size=&#8221;30px&#8221; header_font=&#8221;||||||||&#8221; background_layout=&#8221;dark&#8221;]<\/p>\n<p>Operatorul PDI 2021<\/p>\n<p>[\/et_pb_text][et_pb_text _builder_version=&#8221;4.0.11&#8243; text_font=&#8221;||||||||&#8221;]<\/p>\n<p><span><img loading=\"lazy\" decoding=\"async\" src=\"https:\/\/pdi.ro\/2021\/wp-content\/uploads\/2020\/02\/eventer_logo_150px.png\" width=\"151\" height=\"33\" alt=\"\" class=\"wp-image-774 alignleft size-full\" \/><\/span><\/p>\n<p><span><\/span><\/p>\n<p><span><\/span><\/p>\n<p><span>Adresa: Str. A. Panu nr. 13, Iasi<\/span><br \/> <span>Tel.: 0332.40.88.00-05<\/span><br \/> <span>E-mail: <a href=\"mailto:inscrieri@primaderma.ro\" target=\"_blank\" rel=\"noopener noreferrer\">inscrieri@primaderma.ro<\/a><br \/> <\/span><span>Website:\u00a0<\/span><a href=\"http:\/\/www.eventernet.ro\/\" target=\"Blank\" rel=\"noopener noreferrer\">www.eventernet.ro<\/a><\/p>\n<p>[\/et_pb_text][et_pb_text disabled_on=&#8221;off|off|off&#8221; _builder_version=&#8221;4.0.11&#8243; text_font=&#8221;Kaushan Script||||||||&#8221; text_text_color=&#8221;#f0622a&#8221; text_font_size=&#8221;30px&#8221; header_font=&#8221;||||||||&#8221; background_layout=&#8221;dark&#8221; locked=&#8221;off&#8221;]<\/p>\n<p>Parteneri Media<\/p>\n<p>[\/et_pb_text][et_pb_gallery gallery_ids=&#8221;7203,7204,7232,7231&#8243; fullwidth=&#8221;on&#8221; _builder_version=&#8221;4.0.11&#8243; transform_scale=&#8221;86%|86%&#8221; max_width=&#8221;63%&#8221; auto=&#8221;on&#8221; auto_speed=&#8221;3500&#8243; hover_transition_duration=&#8221;100ms&#8221; hover_transition_delay=&#8221;50ms&#8221; hover_transition_speed_curve=&#8221;ease-in-out&#8221; locked=&#8221;off&#8221;][\/et_pb_gallery][\/et_pb_column][\/et_pb_row][\/et_pb_section]<\/p>\n","protected":false},"excerpt":{"rendered":"<p>\u0218ef Lucr. Dr. Manolache Nicu\u021ba Universitatea &#8220;Dun\u0103rea de Jos\u201d, Gala\u0163iManagementul herpesului circinat la copii\u00a0 Nicu\u021ba Manolache1, Gabriela Stoleriu1, Daciana Elena Br\u0103ni\u0219teanu2, Florina Mihaela Filip-Ciubotaru2 1Facultatea de Medicin\u0103 \u0219i Farmacie Universitatea &#8220;Dun\u0103rea de Jos&#8221; Gala\u0163i 2Universitatea de Medicin\u0103 \u0219i Farmacie \u201dGrigore T.Popa\u201d Ia\u0219i Cuvinte cheie: herpes circinat, popula\u021bie pediatric\u0103, contagiozitate Herpesul circinat (Tinea corporis, Tinea circinata, [&hellip;]<\/p>\n","protected":false},"author":2,"featured_media":0,"parent":0,"menu_order":0,"comment_status":"closed","ping_status":"closed","template":"","meta":{"_et_pb_use_builder":"on","_et_pb_old_content":"","_et_gb_content_width":"","footnotes":""},"class_list":["post-7564","page","type-page","status-publish","hentry"],"_links":{"self":[{"href":"https:\/\/pdi.ro\/2021\/wp-json\/wp\/v2\/pages\/7564","targetHints":{"allow":["GET"]}}],"collection":[{"href":"https:\/\/pdi.ro\/2021\/wp-json\/wp\/v2\/pages"}],"about":[{"href":"https:\/\/pdi.ro\/2021\/wp-json\/wp\/v2\/types\/page"}],"author":[{"embeddable":true,"href":"https:\/\/pdi.ro\/2021\/wp-json\/wp\/v2\/users\/2"}],"replies":[{"embeddable":true,"href":"https:\/\/pdi.ro\/2021\/wp-json\/wp\/v2\/comments?post=7564"}],"version-history":[{"count":9,"href":"https:\/\/pdi.ro\/2021\/wp-json\/wp\/v2\/pages\/7564\/revisions"}],"predecessor-version":[{"id":10439,"href":"https:\/\/pdi.ro\/2021\/wp-json\/wp\/v2\/pages\/7564\/revisions\/10439"}],"wp:attachment":[{"href":"https:\/\/pdi.ro\/2021\/wp-json\/wp\/v2\/media?parent=7564"}],"curies":[{"name":"wp","href":"https:\/\/api.w.org\/{rel}","templated":true}]}}