{"id":7592,"date":"2020-03-06T17:10:47","date_gmt":"2020-03-06T15:10:47","guid":{"rendered":"https:\/\/primaderma.ro\/?page_id=7592"},"modified":"2021-07-13T19:00:44","modified_gmt":"2021-07-13T17:00:44","slug":"asist-univ-dr-pintea-irena","status":"publish","type":"page","link":"https:\/\/pdi.ro\/2021\/asist-univ-dr-pintea-irena\/","title":{"rendered":"Asist. Univ. Dr. Pintea Irena"},"content":{"rendered":"<p>[et_pb_section fb_built=&#8221;1&#8243; fullwidth=&#8221;on&#8221; disabled_on=&#8221;on|off|off&#8221; _builder_version=&#8221;3.22&#8243; custom_margin=&#8221;||&#8221; custom_padding=&#8221;15px||29px&#8221; top_divider_style=&#8221;waves2&#8243; top_divider_color=&#8221;#f0622a&#8221; top_divider_flip=&#8221;horizontal|vertical&#8221; bottom_divider_style=&#8221;waves2&#8243; bottom_divider_color=&#8221;#fcdedb&#8221; bottom_divider_height=&#8221;105px&#8221; bottom_divider_flip=&#8221;vertical&#8221; global_module=&#8221;9062&#8243; collapsed=&#8221;off&#8221;][et_pb_fullwidth_header title=&#8221;@ET-DC@eyJkeW5hbWljIjp0cnVlLCJjb250ZW50IjoicG9zdF90aXRsZSIsInNldHRpbmdzIjp7ImJlZm9yZSI6IiIsImFmdGVyIjoiIn19@&#8221; text_orientation=&#8221;right&#8221; header_image_url=&#8221;https:\/\/pdi.ro\/2021\/wp-content\/uploads\/2021\/05\/PDI2021_logo_header_int_600x300px.png&#8221; disabled_on=&#8221;on|on|off&#8221; _builder_version=&#8221;4.9.4&#8243; _dynamic_attributes=&#8221;title&#8221; title_font=&#8221;Kaushan Script||||||||&#8221; title_text_align=&#8221;right&#8221; title_text_color=&#8221;#f0622a&#8221; title_font_size=&#8221;50px&#8221; content_font=&#8221;|600||on|||||&#8221; content_text_align=&#8221;center&#8221; content_text_color=&#8221;#686766&#8243; content_font_size=&#8221;15px&#8221; subhead_font=&#8221;||||||||&#8221; background_color=&#8221;#ef916b&#8221; background_image=&#8221;https:\/\/pdi.ro\/2021\/wp-content\/uploads\/2021\/05\/PDI2021_header_1920x550px.jpg&#8221; background_blend=&#8221;luminosity&#8221; background_layout=&#8221;light&#8221; custom_margin=&#8221;0px||8px&#8221; custom_padding=&#8221;40px||40px||true&#8221; content_font_size_tablet=&#8221;&#8221; content_font_size_phone=&#8221;15px&#8221; content_font_size_last_edited=&#8221;on|desktop&#8221;][\/et_pb_fullwidth_header][\/et_pb_section][et_pb_section fb_built=&#8221;1&#8243; _builder_version=&#8221;3.22&#8243; locked=&#8221;off&#8221;][et_pb_row column_structure=&#8221;2_5,3_5&#8243; _builder_version=&#8221;3.25&#8243;][et_pb_column type=&#8221;2_5&#8243; _builder_version=&#8221;3.25&#8243; custom_padding=&#8221;|||&#8221; custom_padding__hover=&#8221;|||&#8221;][et_pb_image src=&#8221;https:\/\/pdi.ro\/2021\/2019\/wp-content\/uploads\/2019\/03\/NedeleaIrena.jpg&#8221; align=&#8221;center&#8221; align_tablet=&#8221;center&#8221; align_phone=&#8221;&#8221; align_last_edited=&#8221;on|desktop&#8221; _builder_version=&#8221;3.23&#8243; max_width=&#8221;31%&#8221; border_radii=&#8221;on|100px|100px|100px|100px&#8221;][\/et_pb_image][\/et_pb_column][et_pb_column type=&#8221;3_5&#8243; _builder_version=&#8221;3.25&#8243; custom_padding=&#8221;|||&#8221; custom_padding__hover=&#8221;|||&#8221;][et_pb_text _builder_version=&#8221;4.9.7&#8243; hover_enabled=&#8221;0&#8243; sticky_enabled=&#8221;0&#8243;]<\/p>\n<h4><strong><span style=\"color: #ff6600;\"><\/span><\/strong><\/h4>\n<h4><strong><span style=\"color: #ff6600;\"><\/span><\/strong><\/h4>\n<h4><strong><span style=\"color: #ff6600;\"><\/span><\/strong><\/h4>\n<h4><strong><span style=\"color: #ff6600;\">Asist. Univ. Dr. Pintea Irena<\/span><\/strong><br \/><strong><span style=\"color: #ff6600;\"> Universitatea de Medicin\u0103 \u0219i Farmacie &#8220;Iuliu Ha\u021bieganu&#8221;, Cluj-Napoca<\/span><\/strong><\/h4>\n<p>[\/et_pb_text][\/et_pb_column][\/et_pb_row][et_pb_row _builder_version=&#8221;3.25&#8243;][et_pb_column type=&#8221;4_4&#8243; _builder_version=&#8221;3.25&#8243; custom_padding=&#8221;|||&#8221; custom_padding__hover=&#8221;|||&#8221;][et_pb_text _builder_version=&#8221;4.9.7&#8243;]<\/p>\n<p style=\"text-align: justify;\"><span style=\"color: #ff6600;\">Terapia substitutiv\u0103 cu imunoglobuline \u00een imunodeficien\u021bele primare umorale. Registrul de imunodeficien\u021b\u0103 primar\u0103 al departamentului de alergologie \u0219i imunologie, IRGH &#8220;Profesor Doctor Octavian Fodor&#8221;<\/span><br \/><span style=\"color: #ff6600;\">Autori: Irena Pintea1,2, Carmen Teodora Dobrican1,2 , Adriana Muntean1,2 , Diana Deleanu1,2,3<\/span><br \/>1Disciplina Alergologie \u0219i Imunologie, Universitatea de Medicin\u0103 \u0219i Farmacie &#8220;Iuliu Ha\u021bieganu\u201d, Cluj-Napoca, Rom\u00e2nia<br \/>2Ambulatorul de Alergologie, Institutul Regional de Gastroenterologie \u0219i Hepatologie &#8220;Profesor Doctor Octavian Fodor\u201d Cluj-Napoca, Rom\u00e2nia<br \/>3Sec\u021bia Medicin\u0103 Intern\u0103, Institutul Regional de Gastroenterologie \u0219i Hepatologie &#8220;Profesor Doctor Octavian Fodor\u201d Cluj-Napoca, Rom\u00e2nia<\/p>\n<p style=\"text-align: justify;\">Cuvinte cheie: imunodeficien\u021be primare, tratament substitutiv, imunoglobuline<\/p>\n<p style=\"text-align: justify;\">Introducere: Imunodeficien\u021bele primare cuprind un grup heterogen de afec\u021biuni caracterizate prin func\u021bionarea deficitar\u0103 sau chiar absent\u0103 a unuia sau a mai multor componente ale sistemului imun \u0219i care predispun la infec\u021bii frecvente \u0219i severe, autoimunitate, alterarea homeostaziei imune, boli autoinflamatorii, boli limfoproliferative \u0219i neoplazii. Conform estim\u0103rilor globale, \u00eentre 70% \u0219i 90% din imunodeficien\u021bele primare r\u0103m\u00e2n nediagnosticate sau sunt diagnosticate tardiv.<br \/>Material \u0219i metod\u0103: Lucrarea de fa\u021b\u0103 discut\u0103 modalit\u0103\u021bile actuale de tratament substitutiv cu imunoglobuline \u00een imunodeficien\u021bele primare \u0219i expune experien\u021ba Departamentului de Alergologie \u0219i Imunologie al IRGH Profesor Doctor Octavian Fodor, Cluj-Napoca privind pacien\u021bii cu imunodeficien\u021be primare inclu\u0219i \u00een Programul Na\u021bional de Boli Rare.<br \/>Rezultate: Registrul include un numar de 60 de pacien\u021bi cu imunodeficien\u021b\u0103 primar\u0103, cu v\u00e2rste cuprinse \u00eentre 25 \u0219i 77 de ani, dintre care 62.26% sunt de sex feminin. Afec\u021biunile alergice au fost documentate la 22,9% dintre pacien\u021bi, iar 19,67% au afec\u021biuni autoimune concomitente. 66% dintre pacien\u021bi urmeaz\u0103 tratament substitutiv intravenos (IGIV), iar 34% terapie de substitu\u021bie subcutanat\u0103 (IGSC). Dintre ace\u0219tia, 1,66% sufer\u0103 de agamaglobulinemie X-linkat\u0103 Bruton, 15% au deficit selectiv de subclase de IgG, iar 83,34% au imunodeficien\u021b\u0103 comun\u0103 variabil\u0103. La 90% dintre pacien\u021bii cu tratament substitutiv subcutanat s-a f\u0103cut conversia de la terapia cu IGIV, iar la 10% s-a ini\u021biat SCIG de la momentul diagnosticului\/lu\u0103rii \u00een eviden\u021b\u0103 \u00een departamentul nostru.<br \/>Concluzii: Imunodeficien\u021bele Primare au o prevalen\u021b\u0103 mai \u00eenalt\u0103 dec\u00e2t cea raportat\u0103. Diagnosticul precoce \u0219i instituirea tratamentului adecvat sunt esen\u021biale pentru evolu\u021bia bolii. Terapia de substitu\u021bie cu imunoglobuline este cheia de bolt\u0103 a tratamentului imunodeficien\u021belor primare.<\/p>\n<p style=\"text-align: justify;\"><span style=\"color: #ff6600;\">Immunoglobulin replacement therapy in humoral primary immunodeficiency. Professor Doctor Octavian Fodor righ primary immunodeficiency registry<\/span><br \/><span style=\"color: #ff6600;\">Autori: Irena Pintea1,2, Carmen Teodora Dobrican1,2, Adriana Muntean1,2, Diana Deleanu1,2,3<\/span><br \/>1Allergy and Immunology Discipline, \u201cIuliu Ha\u021bieganu\u201d University of Medicine and Pharmacy, Cluj-Napoca, Romania<br \/>2Allergology Ambulatory, \u201cProfesor Doctor Octavian Fodor\u201d Regional Institute of Gastroenterology and Hepatology, Cluj-Napoca, Romania<br \/>3Internal Medicine Department, \u201cProfesor Doctor Octavian Fodor\u201d Regional Institute of Gastroenterology and Hepatology, Cluj-Napoca, Romania<\/p>\n<p style=\"text-align: justify;\">Keywords: primary immunodeficiency, immunoglobulin, replacement therapy<\/p>\n<p style=\"text-align: justify;\">Introduction: Primary immunodeficiencies encompass a heterogeneous group of diseases that result from defects in immune system development and\/or function and evolve with frequent and severe infections, autoimmunity, impaired immune homeostasis, autoinflammatory diseases, lymphoproliferative diseases and neoplasia. According to global estimates, between 70% and 90% of primary immunodeficiencies remain undiagnosed or are diagnosed late.<br \/>Material and method: This paper discusses the current options of immunoglobulin replacement therapy in primary immunodeficiencies and presents the experience of the Department of Allergology and Immunology of Professor Doctor Octavian Fodor RIGH, Cluj-Napoca, in patients with primary immunodeficiencies included in the National Rare Diseases Program.<br \/>Results: The registry includes a number of 60 patients with primary immunodeficiency, aged between 25 and 77 years, of which 62.26% are female. Allergic conditions have been documented in 22.9% of patients, and 19.67% have concomitant autoimmune diseases. 66% of patients receive intravenous replacement therapy (IVIG) and 34% subcutaneous replacement therapy (IGSC). Of these, 1.66% suffer from Bruton X-linked agamaglobulinemia, 15% have selective deficiency of IgG subclasses, and 83.34% have variable common immunodeficiency. In 90% of patients with subcutaneous replacement therapy, the conversion from IVIG therapy was made, and in 10% SCIG was initiated from the moment of diagnosis \/ registration in our department.<br \/>Conclusions: Primary immunodeficiencies have a higher prevalence than reported. Early diagnosis and appropriate treatment are essential for the evolution of the disease. Immunoglobulin replacement therapy is the keystone of the treatment of primary immunodeficiencies.<\/p>\n<p style=\"text-align: justify;\">Scurt CV<\/p>\n<p style=\"text-align: justify;\"><strong>Grad didactic: <\/strong><br \/>Asistent Universitar<\/p>\n<p style=\"text-align: justify;\"><strong>Func\u0163ie: <\/strong><br \/>Medic specialist<\/p>\n<p style=\"text-align: justify;\"><strong>Loc de munc\u0103: <\/strong><br \/>Universitatea de Medicina si Farmacie Iuliu Hatieganu, Cluj-Napoca, Institutul Regional de Gastroenterologie si Hepatologie Profesor Doctor Octavian Fodor, Cluj-Napoca<\/p>\n<p style=\"text-align: justify;\"><strong>Specializ\u0103ri:<\/strong><br \/>Alergologie si Imunologie Clinica<\/p>\n<p style=\"text-align: justify;\"><strong>Apartenen\u0163a la Societ\u0103\u0163i \u015ftiin\u0163ifice:<\/strong><br \/>Membru Societatea Romana de Alergologie si Imunologie Clinica, membru EEACI<\/p>\n<p>[\/et_pb_text][\/et_pb_column][\/et_pb_row][\/et_pb_section][et_pb_section fb_built=&#8221;1&#8243; _builder_version=&#8221;4.9.6&#8243; background_color=&#8221;rgba(117,194,33,0.23)&#8221; background_image=&#8221;https:\/\/pdi.ro\/2021\/wp-content\/uploads\/2021\/05\/PDI2021_header_1920x550px.jpg&#8221; background_blend=&#8221;multiply&#8221; custom_padding=&#8221;54px|0px|0|0px|false|false&#8221; top_divider_style=&#8221;waves2&#8243; top_divider_color=&#8221;#ffffff&#8221; top_divider_height=&#8221;155px&#8221; top_divider_height_tablet=&#8221;&#8221; top_divider_height_phone=&#8221;97px&#8221; top_divider_height_last_edited=&#8221;on|desktop&#8221; bottom_divider_style=&#8221;waves2&#8243; bottom_divider_color=&#8221;#75c221&#8243; bottom_divider_flip=&#8221;vertical&#8221; bottom_divider_height_tablet=&#8221;&#8221; bottom_divider_height_phone=&#8221;59px&#8221; bottom_divider_height_last_edited=&#8221;on|desktop&#8221; global_module=&#8221;9177&#8243; saved_tabs=&#8221;all&#8221;][et_pb_row column_structure=&#8221;3_5,2_5&#8243; _builder_version=&#8221;3.25&#8243; custom_padding=&#8221;61px|0px|69px|0px|false|false&#8221;][et_pb_column type=&#8221;3_5&#8243; _builder_version=&#8221;3.25&#8243; custom_padding=&#8221;|||&#8221; custom_padding__hover=&#8221;|||&#8221;][et_pb_text _builder_version=&#8221;4.9.4&#8243; text_font=&#8221;Kaushan Script||||||||&#8221; text_text_color=&#8221;#f0622a&#8221; text_font_size=&#8221;30px&#8221; text_line_height=&#8221;1.2em&#8221; header_font=&#8221;||||||||&#8221; background_layout=&#8221;dark&#8221; text_font_size_tablet=&#8221;&#8221; text_font_size_phone=&#8221;&#8221; text_font_size_last_edited=&#8221;on|desktop&#8221;]<\/p>\n<p>Contacteaz\u0103 operatorul PDI 2021<\/p>\n<p>[\/et_pb_text][et_pb_contact_form email=&#8221;contact@pdi.ro\/2021\/2019&#8243; submit_button_text=&#8221;Trimite mesajul&#8221; _builder_version=&#8221;4.9.4&#8243; title_font=&#8221;||||||||&#8221; custom_button=&#8221;on&#8221; button_text_color=&#8221;#F0622A&#8221;][et_pb_contact_field field_id=&#8221;Name&#8221; field_title=&#8221;Nume&#8221; _builder_version=&#8221;3.18.9&#8243; button_text_size__hover_enabled=&#8221;off&#8221; button_one_text_size__hover_enabled=&#8221;off&#8221; button_two_text_size__hover_enabled=&#8221;off&#8221; button_text_color__hover_enabled=&#8221;off&#8221; button_one_text_color__hover_enabled=&#8221;off&#8221; button_two_text_color__hover_enabled=&#8221;off&#8221; button_border_width__hover_enabled=&#8221;off&#8221; button_one_border_width__hover_enabled=&#8221;off&#8221; button_two_border_width__hover_enabled=&#8221;off&#8221; button_border_color__hover_enabled=&#8221;off&#8221; button_one_border_color__hover_enabled=&#8221;off&#8221; button_two_border_color__hover_enabled=&#8221;off&#8221; button_border_radius__hover_enabled=&#8221;off&#8221; button_one_border_radius__hover_enabled=&#8221;off&#8221; button_two_border_radius__hover_enabled=&#8221;off&#8221; button_letter_spacing__hover_enabled=&#8221;off&#8221; button_one_letter_spacing__hover_enabled=&#8221;off&#8221; button_two_letter_spacing__hover_enabled=&#8221;off&#8221; button_bg_color__hover_enabled=&#8221;off&#8221; button_one_bg_color__hover_enabled=&#8221;off&#8221; button_two_bg_color__hover_enabled=&#8221;off&#8221;][\/et_pb_contact_field][et_pb_contact_field field_id=&#8221;Email&#8221; field_title=&#8221;Adresa de e-mail&#8221; field_type=&#8221;email&#8221; _builder_version=&#8221;3.19.4&#8243; button_text_size__hover_enabled=&#8221;off&#8221; button_one_text_size__hover_enabled=&#8221;off&#8221; button_two_text_size__hover_enabled=&#8221;off&#8221; button_text_color__hover_enabled=&#8221;off&#8221; button_one_text_color__hover_enabled=&#8221;off&#8221; button_two_text_color__hover_enabled=&#8221;off&#8221; button_border_width__hover_enabled=&#8221;off&#8221; button_one_border_width__hover_enabled=&#8221;off&#8221; button_two_border_width__hover_enabled=&#8221;off&#8221; button_border_color__hover_enabled=&#8221;off&#8221; button_one_border_color__hover_enabled=&#8221;off&#8221; button_two_border_color__hover_enabled=&#8221;off&#8221; button_border_radius__hover_enabled=&#8221;off&#8221; button_one_border_radius__hover_enabled=&#8221;off&#8221; button_two_border_radius__hover_enabled=&#8221;off&#8221; button_letter_spacing__hover_enabled=&#8221;off&#8221; button_one_letter_spacing__hover_enabled=&#8221;off&#8221; button_two_letter_spacing__hover_enabled=&#8221;off&#8221; button_bg_color__hover_enabled=&#8221;off&#8221; button_one_bg_color__hover_enabled=&#8221;off&#8221; button_two_bg_color__hover_enabled=&#8221;off&#8221;][\/et_pb_contact_field][et_pb_contact_field field_id=&#8221;Message&#8221; field_title=&#8221;Mesajul dvs.&#8221; field_type=&#8221;text&#8221; fullwidth_field=&#8221;on&#8221; _builder_version=&#8221;3.18.9&#8243; button_text_size__hover_enabled=&#8221;off&#8221; button_one_text_size__hover_enabled=&#8221;off&#8221; button_two_text_size__hover_enabled=&#8221;off&#8221; button_text_color__hover_enabled=&#8221;off&#8221; button_one_text_color__hover_enabled=&#8221;off&#8221; button_two_text_color__hover_enabled=&#8221;off&#8221; button_border_width__hover_enabled=&#8221;off&#8221; button_one_border_width__hover_enabled=&#8221;off&#8221; button_two_border_width__hover_enabled=&#8221;off&#8221; button_border_color__hover_enabled=&#8221;off&#8221; button_one_border_color__hover_enabled=&#8221;off&#8221; button_two_border_color__hover_enabled=&#8221;off&#8221; button_border_radius__hover_enabled=&#8221;off&#8221; button_one_border_radius__hover_enabled=&#8221;off&#8221; button_two_border_radius__hover_enabled=&#8221;off&#8221; button_letter_spacing__hover_enabled=&#8221;off&#8221; button_one_letter_spacing__hover_enabled=&#8221;off&#8221; button_two_letter_spacing__hover_enabled=&#8221;off&#8221; button_bg_color__hover_enabled=&#8221;off&#8221; button_one_bg_color__hover_enabled=&#8221;off&#8221; button_two_bg_color__hover_enabled=&#8221;off&#8221;][\/et_pb_contact_field][\/et_pb_contact_form][\/et_pb_column][et_pb_column type=&#8221;2_5&#8243; _builder_version=&#8221;3.25&#8243; custom_padding=&#8221;|||&#8221; custom_padding__hover=&#8221;|||&#8221;][et_pb_text _builder_version=&#8221;4.9.4&#8243; text_font=&#8221;Kaushan Script||||||||&#8221; text_text_color=&#8221;#f0622a&#8221; text_font_size=&#8221;30px&#8221; header_font=&#8221;||||||||&#8221; background_layout=&#8221;dark&#8221;]<\/p>\n<p>Operatorul PDI 2021<\/p>\n<p>[\/et_pb_text][et_pb_text _builder_version=&#8221;4.0.11&#8243; text_font=&#8221;||||||||&#8221;]<\/p>\n<p><span><img loading=\"lazy\" decoding=\"async\" src=\"https:\/\/pdi.ro\/2021\/wp-content\/uploads\/2020\/02\/eventer_logo_150px.png\" width=\"151\" height=\"33\" alt=\"\" class=\"wp-image-774 alignleft size-full\" \/><\/span><\/p>\n<p><span><\/span><\/p>\n<p><span><\/span><\/p>\n<p><span>Adresa: Str. A. Panu nr. 13, Iasi<\/span><br \/> <span>Tel.: 0332.40.88.00-05<\/span><br \/> <span>E-mail: <a href=\"mailto:inscrieri@primaderma.ro\" target=\"_blank\" rel=\"noopener noreferrer\">inscrieri@primaderma.ro<\/a><br \/> <\/span><span>Website:\u00a0<\/span><a href=\"http:\/\/www.eventernet.ro\/\" target=\"Blank\" rel=\"noopener noreferrer\">www.eventernet.ro<\/a><\/p>\n<p>[\/et_pb_text][et_pb_text disabled_on=&#8221;off|off|off&#8221; _builder_version=&#8221;4.0.11&#8243; text_font=&#8221;Kaushan Script||||||||&#8221; text_text_color=&#8221;#f0622a&#8221; text_font_size=&#8221;30px&#8221; header_font=&#8221;||||||||&#8221; background_layout=&#8221;dark&#8221; locked=&#8221;off&#8221;]<\/p>\n<p>Parteneri Media<\/p>\n<p>[\/et_pb_text][et_pb_gallery gallery_ids=&#8221;7203,7204,9252,9464,10156,10157&#8243; fullwidth=&#8221;on&#8221; _builder_version=&#8221;4.9.7&#8243; transform_scale=&#8221;86%|86%&#8221; max_width=&#8221;63%&#8221; auto=&#8221;on&#8221; auto_speed=&#8221;3500&#8243; hover_transition_duration=&#8221;100ms&#8221; hover_transition_delay=&#8221;50ms&#8221; hover_transition_speed_curve=&#8221;ease-in-out&#8221; locked=&#8221;off&#8221;][\/et_pb_gallery][\/et_pb_column][\/et_pb_row][\/et_pb_section]<\/p>\n","protected":false},"excerpt":{"rendered":"<p>Asist. Univ. Dr. Pintea Irena Universitatea de Medicin\u0103 \u0219i Farmacie &#8220;Iuliu Ha\u021bieganu&#8221;, Cluj-NapocaTerapia substitutiv\u0103 cu imunoglobuline \u00een imunodeficien\u021bele primare umorale. Registrul de imunodeficien\u021b\u0103 primar\u0103 al departamentului de alergologie \u0219i imunologie, IRGH &#8220;Profesor Doctor Octavian Fodor&#8221;Autori: Irena Pintea1,2, Carmen Teodora Dobrican1,2 , Adriana Muntean1,2 , Diana Deleanu1,2,31Disciplina Alergologie \u0219i Imunologie, Universitatea de Medicin\u0103 \u0219i Farmacie &#8220;Iuliu [&hellip;]<\/p>\n","protected":false},"author":2,"featured_media":0,"parent":0,"menu_order":0,"comment_status":"closed","ping_status":"closed","template":"","meta":{"_et_pb_use_builder":"on","_et_pb_old_content":"","_et_gb_content_width":"","footnotes":""},"class_list":["post-7592","page","type-page","status-publish","hentry"],"_links":{"self":[{"href":"https:\/\/pdi.ro\/2021\/wp-json\/wp\/v2\/pages\/7592","targetHints":{"allow":["GET"]}}],"collection":[{"href":"https:\/\/pdi.ro\/2021\/wp-json\/wp\/v2\/pages"}],"about":[{"href":"https:\/\/pdi.ro\/2021\/wp-json\/wp\/v2\/types\/page"}],"author":[{"embeddable":true,"href":"https:\/\/pdi.ro\/2021\/wp-json\/wp\/v2\/users\/2"}],"replies":[{"embeddable":true,"href":"https:\/\/pdi.ro\/2021\/wp-json\/wp\/v2\/comments?post=7592"}],"version-history":[{"count":8,"href":"https:\/\/pdi.ro\/2021\/wp-json\/wp\/v2\/pages\/7592\/revisions"}],"predecessor-version":[{"id":10525,"href":"https:\/\/pdi.ro\/2021\/wp-json\/wp\/v2\/pages\/7592\/revisions\/10525"}],"wp:attachment":[{"href":"https:\/\/pdi.ro\/2021\/wp-json\/wp\/v2\/media?parent=7592"}],"curies":[{"name":"wp","href":"https:\/\/api.w.org\/{rel}","templated":true}]}}