{"id":7835,"date":"2020-03-10T16:43:14","date_gmt":"2020-03-10T14:43:14","guid":{"rendered":"https:\/\/primaderma.ro\/?page_id=7835"},"modified":"2021-07-07T09:44:50","modified_gmt":"2021-07-07T07:44:50","slug":"asist-univ-dr-panduru-mihaela","status":"publish","type":"page","link":"https:\/\/pdi.ro\/2021\/asist-univ-dr-panduru-mihaela\/","title":{"rendered":"Asist. Univ. Dr. Panduru Mihaela"},"content":{"rendered":"<p>[et_pb_section fb_built=&#8221;1&#8243; fullwidth=&#8221;on&#8221; disabled_on=&#8221;on|off|off&#8221; _builder_version=&#8221;3.22&#8243; custom_margin=&#8221;||&#8221; custom_padding=&#8221;15px||29px&#8221; top_divider_style=&#8221;waves2&#8243; top_divider_color=&#8221;#f0622a&#8221; top_divider_flip=&#8221;horizontal|vertical&#8221; bottom_divider_style=&#8221;waves2&#8243; bottom_divider_color=&#8221;#fcdedb&#8221; bottom_divider_height=&#8221;105px&#8221; bottom_divider_flip=&#8221;vertical&#8221; global_module=&#8221;9062&#8243; collapsed=&#8221;off&#8221;][et_pb_fullwidth_header title=&#8221;@ET-DC@eyJkeW5hbWljIjp0cnVlLCJjb250ZW50IjoicG9zdF90aXRsZSIsInNldHRpbmdzIjp7ImJlZm9yZSI6IiIsImFmdGVyIjoiIn19@&#8221; text_orientation=&#8221;right&#8221; header_image_url=&#8221;https:\/\/pdi.ro\/2021\/wp-content\/uploads\/2021\/05\/PDI2021_logo_header_int_600x300px.png&#8221; disabled_on=&#8221;on|on|off&#8221; _builder_version=&#8221;4.9.4&#8243; _dynamic_attributes=&#8221;title&#8221; title_font=&#8221;Kaushan Script||||||||&#8221; title_text_align=&#8221;right&#8221; title_text_color=&#8221;#f0622a&#8221; title_font_size=&#8221;50px&#8221; content_font=&#8221;|600||on|||||&#8221; content_text_align=&#8221;center&#8221; content_text_color=&#8221;#686766&#8243; content_font_size=&#8221;15px&#8221; subhead_font=&#8221;||||||||&#8221; background_color=&#8221;#ef916b&#8221; background_image=&#8221;https:\/\/pdi.ro\/2021\/wp-content\/uploads\/2021\/05\/PDI2021_header_1920x550px.jpg&#8221; background_blend=&#8221;luminosity&#8221; background_layout=&#8221;light&#8221; custom_margin=&#8221;0px||8px&#8221; custom_padding=&#8221;40px||40px||true&#8221; content_font_size_tablet=&#8221;&#8221; content_font_size_phone=&#8221;15px&#8221; content_font_size_last_edited=&#8221;on|desktop&#8221;][\/et_pb_fullwidth_header][\/et_pb_section][et_pb_section fb_built=&#8221;1&#8243; _builder_version=&#8221;3.22&#8243; locked=&#8221;off&#8221;][et_pb_row column_structure=&#8221;2_5,3_5&#8243; _builder_version=&#8221;3.25&#8243;][et_pb_column type=&#8221;2_5&#8243; _builder_version=&#8221;3.25&#8243; custom_padding=&#8221;|||&#8221; custom_padding__hover=&#8221;|||&#8221;][et_pb_image src=&#8221;https:\/\/pdi.ro\/2021\/wp-content\/uploads\/2020\/03\/Panduru-Mihaela.png&#8221; align=&#8221;center&#8221; align_tablet=&#8221;center&#8221; align_phone=&#8221;&#8221; align_last_edited=&#8221;on|desktop&#8221; _builder_version=&#8221;4.4.0&#8243; max_width=&#8221;31%&#8221; hover_enabled=&#8221;0&#8243; border_radii=&#8221;on|100px|100px|100px|100px&#8221; sticky_enabled=&#8221;0&#8243;][\/et_pb_image][\/et_pb_column][et_pb_column type=&#8221;3_5&#8243; _builder_version=&#8221;3.25&#8243; custom_padding=&#8221;|||&#8221; custom_padding__hover=&#8221;|||&#8221;][et_pb_text _builder_version=&#8221;4.9.7&#8243;]<\/p>\n<h4><strong><span style=\"color: #ff6600;\"><\/span><\/strong><\/h4>\n<h4><strong><span style=\"color: #ff6600;\"><\/span><\/strong><\/h4>\n<h4><strong><span style=\"color: #ff6600;\"><\/span><\/strong><\/h4>\n<h4><strong><span style=\"color: #ff6600;\">Asist. Univ. Dr. Panduru Mihaela<\/span><\/strong><br \/><strong><span style=\"color: #ff6600;\"> Universitatea de Medicin\u0103 \u0219i Farmacie \u2033Carol Davila\u2033, Bucure\u0219ti<\/span><\/strong><strong><span style=\"color: #ff6600;\"><\/span><\/strong><\/h4>\n<p>[\/et_pb_text][\/et_pb_column][\/et_pb_row][et_pb_row _builder_version=&#8221;3.25&#8243;][et_pb_column type=&#8221;4_4&#8243; _builder_version=&#8221;3.25&#8243; custom_padding=&#8221;|||&#8221; custom_padding__hover=&#8221;|||&#8221;][et_pb_text _builder_version=&#8221;4.9.7&#8243; hover_enabled=&#8221;0&#8243; sticky_enabled=&#8221;0&#8243;]<\/p>\n<p style=\"text-align: justify;\"><span style=\"color: #ff6600;\">Administrarea de antibiotice pe perioada sarcinii<\/span><br \/><span style=\"color: #ff6600;\">Autor: Mihaela Panduru<\/span><\/p>\n<p style=\"text-align: justify;\">Cuvinte cheie: antibioterapie, antibiotic, sarcin\u0103, gravid\u0103<\/p>\n<p style=\"text-align: justify;\">Introducere:<br \/>Administrarea de antibiotice \u00een sarcin\u0103 a cunoscut, \u00een ultimii ani, un trend ascendant. Studiile arat\u0103 c\u0103 aproximativ 41.5% din na\u0219teri au fost expuse, pe perioada sarcinii, la antibioterapie. \u00cen acest context, lucrarea \u00ee\u0219i propune s\u0103 analizeze consecin\u021bele administr\u0103rii de antibiotice \u00een sarcin\u0103.<\/p>\n<p style=\"text-align: justify;\">Material \u0219i metod\u0103<br \/>Am evaluat baza de date Pubmed pentru g\u0103sirea studiilor care analizeaz\u0103 administrarea de antibiotic \u00een sarcin\u0103. Scopul a fost aflarea de r\u0103spunsuri la urm\u0103toarele \u00eentreb\u0103ri: care sunt afec\u021biunile dermatologice ce necesit\u0103 antibioterapie \u00een sarcin\u0103, care sunt antibioticele recomandate, ce reac\u021bii cutanate pot induce \u0219i care sunt consecin\u021bele asupra f\u0103tului. Au fost evaluate initial titlurile \u0219i abstractele pentru ca apoi, dup\u0103 selec\u021bia articolelor, s\u0103 fie realizat\u0103 analiza textului integral al studiilor de interes.<\/p>\n<p style=\"text-align: justify;\">Rezultate:<br \/>Au fost g\u0103site 230 de articole. Afec\u021biunile dermatologice care au necesitat antibioterapie \u00een sarcin\u0103 au fost: acneea, rozaceea, hidradenita supurativa, pemfigoid gestational, PLEVA \u0219i eritemul cronic migrator.<br \/>Antibioticele sistemice folosite sunt: cefalosporine, peniciline, azitromicina, clindamicina, eritromicina. Dintre cele topice cele recomandate sunt: eritromicina, clindamicina, mupurocina \u0219i neomicina.<br \/>Reac\u021biile cutanate ap\u0103rute la gravid\u0103 au fost: eritrodermie, pustuloz\u0103 acut\u0103 exantematic\u0103 \u0219i DRESS.<br \/>Administrarea de antibiotice \u00een sarcin\u0103 a fost asociat\u0103 la copil cu o cre\u0219tere a riscului de anomalii congenitale, anxietate, obezitate \u0219i alergii.<\/p>\n<p style=\"text-align: justify;\">Concluzie:<br \/>Administrarea de antibiotice \u00een sarcin\u0103 poate avea consecin\u021be asupra femeii \u00eens\u0103rcinate precum \u0219i asupra f\u0103tului. Este bine, s\u0103 cunoa\u0219tem aceste aspecte \u0219i s\u0103 analiz\u0103m necesitatea introducerii unei astfel de terapii. Atunci c\u0103nd este imperios necesar este bine s\u0103 cunoa\u0219tem ce antibiotic ofer\u0103 o siguran\u021b\u0103 ridicat\u0103.<\/p>\n<p style=\"text-align: justify;\"><span style=\"color: #ff6600;\">Antibiotic therapy during pregnancy<\/span><br \/><span style=\"color: #ff6600;\">Autor: Mihaela Panduru<\/span><\/p>\n<p style=\"text-align: justify;\">Keywords: antibiotic therapy, antibiotic, pregnancy, pregnant woman<\/p>\n<p style=\"text-align: justify;\">Introduction:<br \/>Antibiotic therapy in pregnancy had an upward trend in recent years. Studies show that approximately 41.5% of births were exposed to antibiotic therapy during pregnancy. In this context, the paper aims to analyze the consequences of antibiotic therapy during pregnancy.<\/p>\n<p style=\"text-align: justify;\">Material and method<br \/>We screened the Pubmed database for studies analyzing the administration of antibiotics in pregnancy. The aim was to answer to the following questions: what are the dermatological conditions that require antibiotic therapy during pregnancy, what are the recommended antibiotics, what skin reactions can they induce and what are the consequences on the fetus. The titles and abstracts were initially screened and then, after article&#8217;s selection, the full text of the studies was analyzed.<\/p>\n<p style=\"text-align: justify;\">Results:<br \/>There were 230 articles resulted. The dermatological conditions that required antibiotic therapy during pregnancy were: acne, rosacea, suppurative hydradenitis, gestational pemphigoid, PLEVA and chronic migratory erythema.<br \/>The systemic antibiotics used are: cephalosporins, penicillins, azithromycin, clindamycin and erythromycin. Among the topical antibiotics, the recommended ones are: erythromycin, clindamycin, mupurocin and neomycin.<br \/>The skin reactions that occurred during pregnancy were: erythroderma, exanthemous acute pustulosis and DRESS.<br \/>The administration of antibiotics during pregnancy was associated with an increased risk of birth defects, anxiety, obesity and allergies in children.<\/p>\n<p style=\"text-align: justify;\">Conclusion:<br \/>The administration of antibiotics during pregnancy can have consequences for the pregnant woman as well as for the fetus. It is good to know these aspects and to analyze the need to introduce such a therapy. When it is absolutely necessary it is important to know which antibiotic offers a high safety<\/p>\n<p style=\"text-align: justify;\"><span style=\"color: #ff6600;\">Scurt CV<\/span><\/p>\n<p style=\"text-align: justify;\">Medic primar dermato-venerologie Spitalul Clinic Colentina<br \/>Asistent universitar Universitatea de Medicina si Farmacie \u2033Carol Davila\u2033 din Bucuresti<br \/>Doctor in stiinte medicale<\/p>\n<p style=\"text-align: justify;\">\u2022 Experienta profesionala<br \/>\u2022 2014 \u2013 prezent &#8211; Medic primar Dermato-venerologie Cinica II Dermatologie, Spitalul Clinic Colentina<br \/>\u2022 2013 \u2013 prezent &#8211; Asistent universitar Universitatea de Medicina si Farmacie \u2033Carol Davila\u2033 din Bucuresti<br \/>\u2022 2014 &#8211; Radboud University Medical Center, Nijmegen, Olanda (Bursa postdoctorala)<br \/>\u2022 2011-2012 &#8211; Skin and Allergy Hospital, Helsinki Finlanda (Bursa doctorala)<br \/>\u2022 2010 \u2013 Dermato-cosmetologie &#8211; Spitalul \u201eA. Sygros\u201d, Atena, National University of Athens School of Medicine, Departament of Dermatology and Venereology<br \/>\u2022 2009 \u2013 prezent &#8211; Medic Dermato-venerologie MedLife<br \/>\u2022 2004-2009 &#8211; Medic rezident Dermatovenerologie Spitalul Clinic Colentina<\/p>\n<p style=\"text-align: justify;\">\u2022 Studii<br \/>\u2022 2014 \u2013 2016 &#8211; Studii postdoctorale, Universitatea de Medicina si Farmacie \u201cCarol Davila\u201d din Bucuresti<br \/>\u2022 2009 \u2013 2012 \u2013 Doctor in stiinte medicale, Universitatea de Medicina si Farmacie \u201cCarol Davila\u201d din Bucuresti, Disciplina Fiziopatologie<br \/>\u2022 2012 &#8211; 2013 &#8211; Atestat de studii complementare in Dermato-Cosmetologie<br \/>\u2022 2004 \u2013 2006: master Genetica Medicala, Institutul National de Genetica al Universitatii Bucuresti<br \/>\u2022 2004 &#8211; 2009 &#8211; Medic rezident Dermatovenerologie Spitalul Clinic Colentina<br \/>\u2022 1997 \u2013 2003: Universitatea de Medicina si Farmacie din Craiova<br \/>\u2022 Premii si Distinctii<br \/>\u2022 2019 &#8211; World Congress of Dermatology Scholarship<br \/>\u2022 2014 &#8211; Michael Hornstein Memorial Scholarship<br \/>\u2022 2014 &#8211; European Society of Pediatric Dermatology<br \/>\u2022 2011 &#8211; AAF\/OSI Fellowship to OMI Salzburg Medical Seminars International \u2013 Dermatology<br \/>\u2022 2009 &#8211; Journ\u00e9es Dermatologiques de Paris<br \/>\u2022 2008 &#8211; EADV Fostering Dermatology and Venereology \u2013 Excellence in Education &#8211; Residets&#8217; Training Programme \u2013 Educational Grant<br \/>\u2022 2005 &#8211; Premiul \u201cAcademician Stefan Gh. Nicolau \u201d<br \/>\u2022 Activitate \u0219tiin\u021bific\u0103: 17 articole, 3 capitole de carte si 57 prezentari la congrese nationale si internationale<\/p>\n<p>[\/et_pb_text][\/et_pb_column][\/et_pb_row][\/et_pb_section][et_pb_section fb_built=&#8221;1&#8243; _builder_version=&#8221;3.22&#8243; background_color=&#8221;rgba(117,194,33,0.23)&#8221; background_image=&#8221;https:\/\/pdi.ro\/2021\/wp-content\/uploads\/2020\/02\/back_justflowers_overlay1.png&#8221; background_blend=&#8221;luminosity&#8221; custom_padding=&#8221;54px|0px|0|0px|false|false&#8221; top_divider_style=&#8221;waves2&#8243; top_divider_color=&#8221;#ffffff&#8221; top_divider_height=&#8221;155px&#8221; top_divider_height_tablet=&#8221;&#8221; top_divider_height_phone=&#8221;97px&#8221; top_divider_height_last_edited=&#8221;on|desktop&#8221; bottom_divider_style=&#8221;waves2&#8243; bottom_divider_color=&#8221;#75c221&#8243; bottom_divider_flip=&#8221;vertical&#8221; bottom_divider_height_tablet=&#8221;&#8221; bottom_divider_height_phone=&#8221;59px&#8221; bottom_divider_height_last_edited=&#8221;on|desktop&#8221;][et_pb_row column_structure=&#8221;3_5,2_5&#8243; _builder_version=&#8221;3.25&#8243; custom_padding=&#8221;61px|0px|69px|0px|false|false&#8221;][et_pb_column type=&#8221;3_5&#8243; _builder_version=&#8221;3.25&#8243; custom_padding=&#8221;|||&#8221; custom_padding__hover=&#8221;|||&#8221;][et_pb_text _builder_version=&#8221;4.9.4&#8243; text_font=&#8221;Kaushan Script||||||||&#8221; text_text_color=&#8221;#f0622a&#8221; text_font_size=&#8221;30px&#8221; text_line_height=&#8221;1.2em&#8221; header_font=&#8221;||||||||&#8221; background_layout=&#8221;dark&#8221; text_font_size_tablet=&#8221;&#8221; text_font_size_phone=&#8221;&#8221; text_font_size_last_edited=&#8221;on|desktop&#8221;]<\/p>\n<p>Contacteaz\u0103 operatorul PDI 2021<\/p>\n<p>[\/et_pb_text][et_pb_contact_form email=&#8221;contact@pdi.ro\/2021\/2019&#8243; submit_button_text=&#8221;Trimite mesajul&#8221; _builder_version=&#8221;3.19.4&#8243; title_font=&#8221;||||||||&#8221;][et_pb_contact_field field_id=&#8221;Name&#8221; field_title=&#8221;Nume&#8221; _builder_version=&#8221;3.18.9&#8243; button_text_size__hover_enabled=&#8221;off&#8221; button_one_text_size__hover_enabled=&#8221;off&#8221; button_two_text_size__hover_enabled=&#8221;off&#8221; button_text_color__hover_enabled=&#8221;off&#8221; button_one_text_color__hover_enabled=&#8221;off&#8221; button_two_text_color__hover_enabled=&#8221;off&#8221; button_border_width__hover_enabled=&#8221;off&#8221; button_one_border_width__hover_enabled=&#8221;off&#8221; button_two_border_width__hover_enabled=&#8221;off&#8221; button_border_color__hover_enabled=&#8221;off&#8221; button_one_border_color__hover_enabled=&#8221;off&#8221; button_two_border_color__hover_enabled=&#8221;off&#8221; button_border_radius__hover_enabled=&#8221;off&#8221; button_one_border_radius__hover_enabled=&#8221;off&#8221; button_two_border_radius__hover_enabled=&#8221;off&#8221; button_letter_spacing__hover_enabled=&#8221;off&#8221; button_one_letter_spacing__hover_enabled=&#8221;off&#8221; button_two_letter_spacing__hover_enabled=&#8221;off&#8221; button_bg_color__hover_enabled=&#8221;off&#8221; button_one_bg_color__hover_enabled=&#8221;off&#8221; button_two_bg_color__hover_enabled=&#8221;off&#8221;][\/et_pb_contact_field][et_pb_contact_field field_id=&#8221;Email&#8221; field_title=&#8221;Adresa de e-mail&#8221; field_type=&#8221;email&#8221; _builder_version=&#8221;3.19.4&#8243; button_text_size__hover_enabled=&#8221;off&#8221; button_one_text_size__hover_enabled=&#8221;off&#8221; button_two_text_size__hover_enabled=&#8221;off&#8221; button_text_color__hover_enabled=&#8221;off&#8221; button_one_text_color__hover_enabled=&#8221;off&#8221; button_two_text_color__hover_enabled=&#8221;off&#8221; button_border_width__hover_enabled=&#8221;off&#8221; button_one_border_width__hover_enabled=&#8221;off&#8221; button_two_border_width__hover_enabled=&#8221;off&#8221; button_border_color__hover_enabled=&#8221;off&#8221; button_one_border_color__hover_enabled=&#8221;off&#8221; button_two_border_color__hover_enabled=&#8221;off&#8221; button_border_radius__hover_enabled=&#8221;off&#8221; button_one_border_radius__hover_enabled=&#8221;off&#8221; button_two_border_radius__hover_enabled=&#8221;off&#8221; button_letter_spacing__hover_enabled=&#8221;off&#8221; button_one_letter_spacing__hover_enabled=&#8221;off&#8221; button_two_letter_spacing__hover_enabled=&#8221;off&#8221; button_bg_color__hover_enabled=&#8221;off&#8221; button_one_bg_color__hover_enabled=&#8221;off&#8221; button_two_bg_color__hover_enabled=&#8221;off&#8221;][\/et_pb_contact_field][et_pb_contact_field field_id=&#8221;Message&#8221; field_title=&#8221;Mesajul dvs.&#8221; field_type=&#8221;text&#8221; fullwidth_field=&#8221;on&#8221; _builder_version=&#8221;3.18.9&#8243; button_text_size__hover_enabled=&#8221;off&#8221; button_one_text_size__hover_enabled=&#8221;off&#8221; button_two_text_size__hover_enabled=&#8221;off&#8221; button_text_color__hover_enabled=&#8221;off&#8221; button_one_text_color__hover_enabled=&#8221;off&#8221; button_two_text_color__hover_enabled=&#8221;off&#8221; button_border_width__hover_enabled=&#8221;off&#8221; button_one_border_width__hover_enabled=&#8221;off&#8221; button_two_border_width__hover_enabled=&#8221;off&#8221; button_border_color__hover_enabled=&#8221;off&#8221; button_one_border_color__hover_enabled=&#8221;off&#8221; button_two_border_color__hover_enabled=&#8221;off&#8221; button_border_radius__hover_enabled=&#8221;off&#8221; button_one_border_radius__hover_enabled=&#8221;off&#8221; button_two_border_radius__hover_enabled=&#8221;off&#8221; button_letter_spacing__hover_enabled=&#8221;off&#8221; button_one_letter_spacing__hover_enabled=&#8221;off&#8221; button_two_letter_spacing__hover_enabled=&#8221;off&#8221; button_bg_color__hover_enabled=&#8221;off&#8221; button_one_bg_color__hover_enabled=&#8221;off&#8221; button_two_bg_color__hover_enabled=&#8221;off&#8221;][\/et_pb_contact_field][\/et_pb_contact_form][\/et_pb_column][et_pb_column type=&#8221;2_5&#8243; _builder_version=&#8221;3.25&#8243; custom_padding=&#8221;|||&#8221; custom_padding__hover=&#8221;|||&#8221;][et_pb_text _builder_version=&#8221;4.9.4&#8243; text_font=&#8221;Kaushan Script||||||||&#8221; text_text_color=&#8221;#f0622a&#8221; text_font_size=&#8221;30px&#8221; header_font=&#8221;||||||||&#8221; background_layout=&#8221;dark&#8221;]<\/p>\n<p>Operatorul PDI 2021<\/p>\n<p>[\/et_pb_text][et_pb_text _builder_version=&#8221;4.0.11&#8243; text_font=&#8221;||||||||&#8221;]<\/p>\n<p><span><img loading=\"lazy\" decoding=\"async\" src=\"https:\/\/pdi.ro\/2021\/wp-content\/uploads\/2020\/02\/eventer_logo_150px.png\" width=\"151\" height=\"33\" alt=\"\" class=\"wp-image-774 alignleft size-full\" \/><\/span><\/p>\n<p><span><\/span><\/p>\n<p><span><\/span><\/p>\n<p><span>Adresa: Str. A. Panu nr. 13, Iasi<\/span><br \/> <span>Tel.: 0332.40.88.00-05<\/span><br \/> <span>E-mail: <a href=\"mailto:inscrieri@primaderma.ro\" target=\"_blank\" rel=\"noopener noreferrer\">inscrieri@primaderma.ro<\/a><br \/> <\/span><span>Website:\u00a0<\/span><a href=\"http:\/\/www.eventernet.ro\/\" target=\"Blank\" rel=\"noopener noreferrer\">www.eventernet.ro<\/a><\/p>\n<p>[\/et_pb_text][et_pb_text disabled_on=&#8221;off|off|off&#8221; _builder_version=&#8221;4.0.11&#8243; text_font=&#8221;Kaushan Script||||||||&#8221; text_text_color=&#8221;#f0622a&#8221; text_font_size=&#8221;30px&#8221; header_font=&#8221;||||||||&#8221; background_layout=&#8221;dark&#8221; locked=&#8221;off&#8221;]<\/p>\n<p>Parteneri Media<\/p>\n<p>[\/et_pb_text][et_pb_gallery gallery_ids=&#8221;7203,7204,7232,7231&#8243; fullwidth=&#8221;on&#8221; _builder_version=&#8221;4.0.11&#8243; transform_scale=&#8221;86%|86%&#8221; max_width=&#8221;63%&#8221; auto=&#8221;on&#8221; auto_speed=&#8221;3500&#8243; hover_transition_duration=&#8221;100ms&#8221; hover_transition_delay=&#8221;50ms&#8221; hover_transition_speed_curve=&#8221;ease-in-out&#8221; locked=&#8221;off&#8221;][\/et_pb_gallery][\/et_pb_column][\/et_pb_row][\/et_pb_section]<\/p>\n","protected":false},"excerpt":{"rendered":"<p>Asist. Univ. Dr. Panduru Mihaela Universitatea de Medicin\u0103 \u0219i Farmacie \u2033Carol Davila\u2033, Bucure\u0219tiAdministrarea de antibiotice pe perioada sarciniiAutor: Mihaela Panduru Cuvinte cheie: antibioterapie, antibiotic, sarcin\u0103, gravid\u0103 Introducere:Administrarea de antibiotice \u00een sarcin\u0103 a cunoscut, \u00een ultimii ani, un trend ascendant. Studiile arat\u0103 c\u0103 aproximativ 41.5% din na\u0219teri au fost expuse, pe perioada sarcinii, la antibioterapie. \u00cen [&hellip;]<\/p>\n","protected":false},"author":2,"featured_media":0,"parent":0,"menu_order":0,"comment_status":"closed","ping_status":"closed","template":"","meta":{"_et_pb_use_builder":"on","_et_pb_old_content":"","_et_gb_content_width":"","footnotes":""},"class_list":["post-7835","page","type-page","status-publish","hentry"],"_links":{"self":[{"href":"https:\/\/pdi.ro\/2021\/wp-json\/wp\/v2\/pages\/7835","targetHints":{"allow":["GET"]}}],"collection":[{"href":"https:\/\/pdi.ro\/2021\/wp-json\/wp\/v2\/pages"}],"about":[{"href":"https:\/\/pdi.ro\/2021\/wp-json\/wp\/v2\/types\/page"}],"author":[{"embeddable":true,"href":"https:\/\/pdi.ro\/2021\/wp-json\/wp\/v2\/users\/2"}],"replies":[{"embeddable":true,"href":"https:\/\/pdi.ro\/2021\/wp-json\/wp\/v2\/comments?post=7835"}],"version-history":[{"count":9,"href":"https:\/\/pdi.ro\/2021\/wp-json\/wp\/v2\/pages\/7835\/revisions"}],"predecessor-version":[{"id":10039,"href":"https:\/\/pdi.ro\/2021\/wp-json\/wp\/v2\/pages\/7835\/revisions\/10039"}],"wp:attachment":[{"href":"https:\/\/pdi.ro\/2021\/wp-json\/wp\/v2\/media?parent=7835"}],"curies":[{"name":"wp","href":"https:\/\/api.w.org\/{rel}","templated":true}]}}