{"id":7986,"date":"2020-05-22T12:36:28","date_gmt":"2020-05-22T10:36:28","guid":{"rendered":"https:\/\/primaderma.ro\/?page_id=7986"},"modified":"2021-07-06T17:01:04","modified_gmt":"2021-07-06T15:01:04","slug":"prof-univ-dr-gherman-claudia-diana","status":"publish","type":"page","link":"https:\/\/pdi.ro\/2021\/prof-univ-dr-gherman-claudia-diana\/","title":{"rendered":"Prof. Dr. Gherman Claudia Diana"},"content":{"rendered":"<p>[et_pb_section fb_built=&#8221;1&#8243; fullwidth=&#8221;on&#8221; disabled_on=&#8221;on|off|off&#8221; _builder_version=&#8221;3.22&#8243; custom_margin=&#8221;||&#8221; custom_padding=&#8221;15px||29px&#8221; top_divider_style=&#8221;waves2&#8243; top_divider_color=&#8221;#f0622a&#8221; top_divider_flip=&#8221;horizontal|vertical&#8221; bottom_divider_style=&#8221;waves2&#8243; bottom_divider_color=&#8221;#fcdedb&#8221; bottom_divider_height=&#8221;105px&#8221; bottom_divider_flip=&#8221;vertical&#8221; collapsed=&#8221;off&#8221; global_module=&#8221;9062&#8243;][et_pb_fullwidth_header title=&#8221;@ET-DC@eyJkeW5hbWljIjp0cnVlLCJjb250ZW50IjoicG9zdF90aXRsZSIsInNldHRpbmdzIjp7ImJlZm9yZSI6IiIsImFmdGVyIjoiIn19@&#8221; text_orientation=&#8221;right&#8221; header_image_url=&#8221;https:\/\/pdi.ro\/2021\/wp-content\/uploads\/2021\/05\/PDI2021_logo_header_int_600x300px.png&#8221; disabled_on=&#8221;on|on|off&#8221; _builder_version=&#8221;4.9.4&#8243; _dynamic_attributes=&#8221;title&#8221; title_font=&#8221;Kaushan Script||||||||&#8221; title_text_align=&#8221;right&#8221; title_text_color=&#8221;#f0622a&#8221; title_font_size=&#8221;50px&#8221; content_font=&#8221;|600||on|||||&#8221; content_text_align=&#8221;center&#8221; content_text_color=&#8221;#686766&#8243; content_font_size=&#8221;15px&#8221; subhead_font=&#8221;||||||||&#8221; background_color=&#8221;#ef916b&#8221; background_image=&#8221;https:\/\/pdi.ro\/2021\/wp-content\/uploads\/2021\/05\/PDI2021_header_1920x550px.jpg&#8221; background_blend=&#8221;luminosity&#8221; background_layout=&#8221;light&#8221; custom_margin=&#8221;0px||8px&#8221; custom_padding=&#8221;40px||40px||true&#8221; content_font_size_tablet=&#8221;&#8221; content_font_size_phone=&#8221;15px&#8221; content_font_size_last_edited=&#8221;on|desktop&#8221;][\/et_pb_fullwidth_header][\/et_pb_section][et_pb_section fb_built=&#8221;1&#8243; _builder_version=&#8221;3.22&#8243; locked=&#8221;off&#8221;][et_pb_row column_structure=&#8221;2_5,3_5&#8243; _builder_version=&#8221;3.25&#8243;][et_pb_column type=&#8221;2_5&#8243; _builder_version=&#8221;3.25&#8243; custom_padding=&#8221;|||&#8221; custom_padding__hover=&#8221;|||&#8221;][et_pb_image src=&#8221;https:\/\/pdi.ro\/2021\/wp-content\/uploads\/2021\/07\/Claudia-Gherman_1.jpg&#8221; align=&#8221;center&#8221; align_tablet=&#8221;center&#8221; align_phone=&#8221;&#8221; align_last_edited=&#8221;on|desktop&#8221; _builder_version=&#8221;4.9.7&#8243; max_width=&#8221;31%&#8221; hover_enabled=&#8221;0&#8243; border_radii=&#8221;on|100px|100px|100px|100px&#8221; title_text=&#8221;Claudia Gherman_1&#8243; sticky_enabled=&#8221;0&#8243;][\/et_pb_image][\/et_pb_column][et_pb_column type=&#8221;3_5&#8243; _builder_version=&#8221;3.25&#8243; custom_padding=&#8221;|||&#8221; custom_padding__hover=&#8221;|||&#8221;][et_pb_text _builder_version=&#8221;4.9.7&#8243; hover_enabled=&#8221;0&#8243; sticky_enabled=&#8221;0&#8243;]<\/p>\n<h4><strong><span style=\"color: #ff6600;\"><\/span><\/strong><\/h4>\n<h4><strong><span style=\"color: #ff6600;\"><\/span><\/strong><\/h4>\n<h4><strong><span style=\"color: #ff6600;\"><\/span><\/strong><\/h4>\n<h4><strong><span style=\"color: #ff6600;\">Prof. Dr. Claudia Gherman<\/span><\/strong><br \/><strong><span style=\"color: #ff6600;\"> Universitatea de Medicin\u0103 \u0219i Farmacie \u201dIuliu Ha\u021bieganu\u201d Cluj-Napoca<\/span><\/strong><\/h4>\n<p>[\/et_pb_text][\/et_pb_column][\/et_pb_row][et_pb_row _builder_version=&#8221;3.25&#8243;][et_pb_column type=&#8221;4_4&#8243; _builder_version=&#8221;3.25&#8243; custom_padding=&#8221;|||&#8221; custom_padding__hover=&#8221;|||&#8221;][et_pb_text _builder_version=&#8221;4.9.7&#8243; hover_enabled=&#8221;0&#8243; sticky_enabled=&#8221;0&#8243;]<\/p>\n<p style=\"text-align: justify;\"><span style=\"color: #ff6600;\">Este ultrasonografia Doppler util\u0103 \u00een detectarea recidivelor dup\u0103 abla\u021bia endovenoas\u0103 laser a venei safene mari?<\/span><br \/><span style=\"color: #ff6600;\">Autor: Claudia Gherman<\/span><\/p>\n<p style=\"text-align: justify;\">Introducere: Recidiva varicoas\u0103 este o alternativ\u0103 comun\u0103 de evolu\u021bie dup\u0103 tratamentul varicelor, indiferent de metoda de tratament aplicat\u0103.<br \/>Scopul prezentului studiu este de a stabili rolul ultrasonografiei doppler \u00een evaluarea recuren\u021belor venelor varicoase (RVV), la pacien\u021bii trata\u021bi prin abla\u021bie endovenoas\u0103 laser (EVLA), comparativ cu tratamentul chirurgical conven\u021bional.<br \/>Material \u0219i metod\u0103: 138 de pacien\u021bi cu RVV au fost inclu\u0219i \u00een studiu. 75 pacien\u021bi au beneficiat de tratament chirurgical conven\u021bional (grupul 1) pentru boala varicoas\u0103 \u0219i 64 au avut tratament laser (grupul 2). La pacien\u021bii inclu\u015fi \u00een studiu tratamentul chirurgical conven\u021bional a constat \u00een \u00eentreruperea jonc\u021biunii safeno-femurale (crosectomie), safenectomie (stripping vena safen\u0103 mare) sau\/\u0219i flebectomii etajate. Tratamentul cu laser endovenos a fost practicat tot pe vena safen\u0103 mare, sub ghidaj ultrasonografic. RVV au fost evaluate, \u00een ambele grupuri, la 2 ani postoperator, prin examinare ultrasonografic\u0103 doppler.<br \/>Rezultate: Recuren\u021ba varicoas\u0103 diagnosticat\u0103 ultrasonografic a fost prezent\u0103 la to\u021bi pacien\u021bii lua\u021bi \u00een studiu, doar 16,66% dintre ace\u0219tia prezent\u00e2nd recuren\u021b\u0103 eviden\u021biat\u0103 clinic. Nu s-au \u00eenregistrat rezultate postoperatorii diferite semnificativ statistic \u021bntre cele dou\u0103 metode de tratament, \u00een intervalul de timp luat \u00een studiu.<br \/>Concluzii: Ultrasonografia Doppler constituie gold standard-ul \u00een diagnosticul RVV consecutive interven\u021biilor pe sistemul venos superficial. Deoarece refluxul diagnosticat ultrasonografic nu este \u00eentotdeauna \u00eenso\u021bit de simptomatologie clinic\u0103 \u00een RVV, o monitorizare ultrasonografic\u0103 atent\u0103 \u0219i periodic\u0103 a pacientului cu boal\u0103 venoas\u0103 cronic\u0103 este necesar\u0103.<\/p>\n<p style=\"text-align: justify;\"><span style=\"color: #ff6600;\">Is Doppler Ultrasound Useful in the Detection of Recurrent Varicose Veins after Endovenous Laser Ablation of the Great Saphenous Vein? <\/span><br \/><span style=\"color: #ff6600;\">Autor: Claudia Gherman<\/span><\/p>\n<p style=\"text-align: justify;\">Introduction: Recurrent varicose veins (RVV) are a common evolution alternative after varicose treatment, regardless of the treatment method applied.<br \/>The aim of the present study was to establish the role of Doppler ultrasound (DUS) in the assessment of RVV in patients treated by endovenous laser ablation (EVLA) of the great saphenous vein (GSV), as compared to conventional surgical treatment.<br \/>Material and method: Patients with conventional surgical treatment achieved by the interruption of the saphenofemoral junction (crossectomy), saphenectomy (stripping of the great saphenous vein), or\/and phlebectomies were eligible for inclusion in the study. Also, patients with endovenous laser treatment performed on the GSV, too, under ultrasound guidance, were eligible. RVV were assessed in both groups, 2 years postoperatively, by DUS examination.<br \/>Results: One hundred and thirty-eight patients with RVV were included in the study. Seventy-five patients had conventional surgical intervention (group 1) for varicose veins and sixty-four had laser intervention (group 2). Ultrasound-detected varicose recurrence was present in all the patients in our study, but only 16.66% was concomitantly present the clinical recurrence. The differences in postoperative results between the two treatment methods during our study were not statistically significant.<br \/>Conclusions: DUS is the golden standard in the diagnosis of RVV consecutive to interventions on the superficial venous system. Because ultrasound-detected reflux is not always accompanied by clinical symptomatology in RVV, careful and periodic ultrasound monitoring of the patient with chronic venous disease is necessary.<\/p>\n<p style=\"text-align: justify;\"><span style=\"color: #ff6600;\">Scurt CV<\/span><\/p>\n<p style=\"text-align: justify;\">Chirurg vascular \u0219i generalist la Spitalul Clinic Jude\u021bean de Urgen\u021b\u0103 Cluj-Napoca, a absolvit Universitatea de Medicin\u0103 \u0219i Farmacie Cluj-Napoca \u00een anul 1990.<br \/>A fost \u0219efa sec\u021biei Chirurgie II \u00een intervalul 2017-2020, iar \u00een prezent este Managerul Spitalului Clinic Jude\u021bean de Urgen\u021b\u0103 Cluj-Napoca, unul dintre cele mai mari spitale din \u021bar\u0103.<br \/>Din anul 2016 este Pre\u0219edinta Societ\u0103\u021bii Rom\u00e2ne de Angiologie \u0219i Chirurgie Vascular\u0103, societate cu peste 25 de ani de tradi\u021bie \u00een \u021bara noastr\u0103, cu 12 manifest\u0103ri \u0219tiin\u0163ifice organizate, \u0219i care continu\u0103 s\u0103 reprezinte o societate \u0219tiin\u021bific\u0103 de interes general, cu caracter \u0219tiin\u021bific \u0219i educa\u021bional. Pe parcursul activit\u0103\u021bii sale \u00een cadrul societ\u0103\u021bii a fost preocupat\u0103 de crearea unui cadru organizatoric adecvat pentru to\u021bi speciali\u0219tii ale c\u0103ror preocup\u0103ri au leg\u0103tura cu angiologia \u0219i chirurgia vascular\u0103, \u00een vederea ridic\u0103rii continue a nivelului lor profesional \u0219i \u0219tiin\u021bific. Munca sa a avut ca obiective: sus\u021binerea ac\u021biunilor de introducere a unor standarde, ghiduri, tehnici noi (cum ar fi cele de abord endovascular), propunerea de noi competen\u021be \u0219i specializ\u0103ri din domeniu, precum \u0219i dezvoltarea rela\u021biilor de colaborare cu organiza\u021bii interna\u021bionale similare \u0219i afilierea la acestea.<br \/>\u00cen cursul activit\u0103\u021bii sale a devenit: Membru \u00een Comisia Consultativ\u0103 de Chirurgie Vascular\u0103 a Ministerului S\u0103n\u0103t\u0103\u0163ii, Membru \u00een Comisia de specialitate Chirurgie Vascular\u0103 a Colegiului Medicilor Rom\u00e2nia si Reprezentantul Societatii Romane de Chirurgie Vasculara in UEMS Section and Board of Vascular Surgery.<\/p>\n<p>[\/et_pb_text][\/et_pb_column][\/et_pb_row][\/et_pb_section][et_pb_section fb_built=&#8221;1&#8243; _builder_version=&#8221;4.9.6&#8243; background_color=&#8221;rgba(117,194,33,0.23)&#8221; background_image=&#8221;https:\/\/pdi.ro\/2021\/wp-content\/uploads\/2021\/05\/PDI2021_header_1920x550px.jpg&#8221; background_blend=&#8221;multiply&#8221; custom_padding=&#8221;54px|0px|0|0px|false|false&#8221; top_divider_style=&#8221;waves2&#8243; top_divider_color=&#8221;#ffffff&#8221; top_divider_height=&#8221;155px&#8221; top_divider_height_tablet=&#8221;&#8221; top_divider_height_phone=&#8221;97px&#8221; top_divider_height_last_edited=&#8221;on|desktop&#8221; bottom_divider_style=&#8221;waves2&#8243; bottom_divider_color=&#8221;#75c221&#8243; bottom_divider_flip=&#8221;vertical&#8221; bottom_divider_height_tablet=&#8221;&#8221; bottom_divider_height_phone=&#8221;59px&#8221; bottom_divider_height_last_edited=&#8221;on|desktop&#8221; saved_tabs=&#8221;all&#8221; global_module=&#8221;9177&#8243;][et_pb_row column_structure=&#8221;3_5,2_5&#8243; _builder_version=&#8221;3.25&#8243; custom_padding=&#8221;61px|0px|69px|0px|false|false&#8221;][et_pb_column type=&#8221;3_5&#8243; _builder_version=&#8221;3.25&#8243; custom_padding=&#8221;|||&#8221; custom_padding__hover=&#8221;|||&#8221;][et_pb_text _builder_version=&#8221;4.9.4&#8243; text_font=&#8221;Kaushan Script||||||||&#8221; text_text_color=&#8221;#f0622a&#8221; text_font_size=&#8221;30px&#8221; text_line_height=&#8221;1.2em&#8221; header_font=&#8221;||||||||&#8221; background_layout=&#8221;dark&#8221; text_font_size_tablet=&#8221;&#8221; text_font_size_phone=&#8221;&#8221; text_font_size_last_edited=&#8221;on|desktop&#8221;]<\/p>\n<p>Contacteaz\u0103 operatorul PDI 2021<\/p>\n<p>[\/et_pb_text][et_pb_contact_form email=&#8221;contact@pdi.ro\/2021\/2019&#8243; submit_button_text=&#8221;Trimite mesajul&#8221; _builder_version=&#8221;4.9.4&#8243; title_font=&#8221;||||||||&#8221; custom_button=&#8221;on&#8221; button_text_color=&#8221;#F0622A&#8221;][et_pb_contact_field field_id=&#8221;Name&#8221; field_title=&#8221;Nume&#8221; _builder_version=&#8221;3.18.9&#8243; button_text_size__hover_enabled=&#8221;off&#8221; button_one_text_size__hover_enabled=&#8221;off&#8221; button_two_text_size__hover_enabled=&#8221;off&#8221; button_text_color__hover_enabled=&#8221;off&#8221; button_one_text_color__hover_enabled=&#8221;off&#8221; button_two_text_color__hover_enabled=&#8221;off&#8221; button_border_width__hover_enabled=&#8221;off&#8221; button_one_border_width__hover_enabled=&#8221;off&#8221; button_two_border_width__hover_enabled=&#8221;off&#8221; button_border_color__hover_enabled=&#8221;off&#8221; button_one_border_color__hover_enabled=&#8221;off&#8221; button_two_border_color__hover_enabled=&#8221;off&#8221; button_border_radius__hover_enabled=&#8221;off&#8221; button_one_border_radius__hover_enabled=&#8221;off&#8221; button_two_border_radius__hover_enabled=&#8221;off&#8221; button_letter_spacing__hover_enabled=&#8221;off&#8221; button_one_letter_spacing__hover_enabled=&#8221;off&#8221; button_two_letter_spacing__hover_enabled=&#8221;off&#8221; button_bg_color__hover_enabled=&#8221;off&#8221; button_one_bg_color__hover_enabled=&#8221;off&#8221; button_two_bg_color__hover_enabled=&#8221;off&#8221;][\/et_pb_contact_field][et_pb_contact_field field_id=&#8221;Email&#8221; field_title=&#8221;Adresa de e-mail&#8221; field_type=&#8221;email&#8221; _builder_version=&#8221;3.19.4&#8243; button_text_size__hover_enabled=&#8221;off&#8221; button_one_text_size__hover_enabled=&#8221;off&#8221; button_two_text_size__hover_enabled=&#8221;off&#8221; button_text_color__hover_enabled=&#8221;off&#8221; button_one_text_color__hover_enabled=&#8221;off&#8221; button_two_text_color__hover_enabled=&#8221;off&#8221; button_border_width__hover_enabled=&#8221;off&#8221; button_one_border_width__hover_enabled=&#8221;off&#8221; button_two_border_width__hover_enabled=&#8221;off&#8221; button_border_color__hover_enabled=&#8221;off&#8221; button_one_border_color__hover_enabled=&#8221;off&#8221; button_two_border_color__hover_enabled=&#8221;off&#8221; button_border_radius__hover_enabled=&#8221;off&#8221; button_one_border_radius__hover_enabled=&#8221;off&#8221; button_two_border_radius__hover_enabled=&#8221;off&#8221; button_letter_spacing__hover_enabled=&#8221;off&#8221; button_one_letter_spacing__hover_enabled=&#8221;off&#8221; button_two_letter_spacing__hover_enabled=&#8221;off&#8221; button_bg_color__hover_enabled=&#8221;off&#8221; button_one_bg_color__hover_enabled=&#8221;off&#8221; button_two_bg_color__hover_enabled=&#8221;off&#8221;][\/et_pb_contact_field][et_pb_contact_field field_id=&#8221;Message&#8221; field_title=&#8221;Mesajul dvs.&#8221; field_type=&#8221;text&#8221; fullwidth_field=&#8221;on&#8221; _builder_version=&#8221;3.18.9&#8243; button_text_size__hover_enabled=&#8221;off&#8221; button_one_text_size__hover_enabled=&#8221;off&#8221; button_two_text_size__hover_enabled=&#8221;off&#8221; button_text_color__hover_enabled=&#8221;off&#8221; button_one_text_color__hover_enabled=&#8221;off&#8221; button_two_text_color__hover_enabled=&#8221;off&#8221; button_border_width__hover_enabled=&#8221;off&#8221; button_one_border_width__hover_enabled=&#8221;off&#8221; button_two_border_width__hover_enabled=&#8221;off&#8221; button_border_color__hover_enabled=&#8221;off&#8221; button_one_border_color__hover_enabled=&#8221;off&#8221; button_two_border_color__hover_enabled=&#8221;off&#8221; button_border_radius__hover_enabled=&#8221;off&#8221; button_one_border_radius__hover_enabled=&#8221;off&#8221; button_two_border_radius__hover_enabled=&#8221;off&#8221; button_letter_spacing__hover_enabled=&#8221;off&#8221; button_one_letter_spacing__hover_enabled=&#8221;off&#8221; button_two_letter_spacing__hover_enabled=&#8221;off&#8221; button_bg_color__hover_enabled=&#8221;off&#8221; button_one_bg_color__hover_enabled=&#8221;off&#8221; button_two_bg_color__hover_enabled=&#8221;off&#8221;][\/et_pb_contact_field][\/et_pb_contact_form][\/et_pb_column][et_pb_column type=&#8221;2_5&#8243; _builder_version=&#8221;3.25&#8243; custom_padding=&#8221;|||&#8221; custom_padding__hover=&#8221;|||&#8221;][et_pb_text _builder_version=&#8221;4.9.4&#8243; text_font=&#8221;Kaushan Script||||||||&#8221; text_text_color=&#8221;#f0622a&#8221; text_font_size=&#8221;30px&#8221; header_font=&#8221;||||||||&#8221; background_layout=&#8221;dark&#8221;]<\/p>\n<p>Operatorul PDI 2021<\/p>\n<p>[\/et_pb_text][et_pb_text _builder_version=&#8221;4.0.11&#8243; text_font=&#8221;||||||||&#8221;]<\/p>\n<p><span><img loading=\"lazy\" decoding=\"async\" src=\"https:\/\/pdi.ro\/2021\/wp-content\/uploads\/2020\/02\/eventer_logo_150px.png\" width=\"151\" height=\"33\" alt=\"\" class=\"wp-image-774 alignleft size-full\" \/><\/span><\/p>\n<p><span><\/span><\/p>\n<p><span><\/span><\/p>\n<p><span>Adresa: Str. A. Panu nr. 13, Iasi<\/span><br \/> <span>Tel.: 0332.40.88.00-05<\/span><br \/> <span>E-mail: <a href=\"mailto:inscrieri@primaderma.ro\" target=\"_blank\" rel=\"noopener noreferrer\">inscrieri@primaderma.ro<\/a><br \/> <\/span><span>Website:\u00a0<\/span><a href=\"http:\/\/www.eventernet.ro\/\" target=\"Blank\" rel=\"noopener noreferrer\">www.eventernet.ro<\/a><\/p>\n<p>[\/et_pb_text][et_pb_text disabled_on=&#8221;off|off|off&#8221; _builder_version=&#8221;4.0.11&#8243; text_font=&#8221;Kaushan Script||||||||&#8221; text_text_color=&#8221;#f0622a&#8221; text_font_size=&#8221;30px&#8221; header_font=&#8221;||||||||&#8221; background_layout=&#8221;dark&#8221; locked=&#8221;off&#8221;]<\/p>\n<p>Parteneri Media<\/p>\n<p>[\/et_pb_text][et_pb_gallery gallery_ids=&#8221;7203,7204,9252,9464&#8243; fullwidth=&#8221;on&#8221; _builder_version=&#8221;4.9.6&#8243; transform_scale=&#8221;86%|86%&#8221; max_width=&#8221;63%&#8221; auto=&#8221;on&#8221; auto_speed=&#8221;3500&#8243; hover_transition_duration=&#8221;100ms&#8221; hover_transition_delay=&#8221;50ms&#8221; hover_transition_speed_curve=&#8221;ease-in-out&#8221; locked=&#8221;off&#8221;][\/et_pb_gallery][\/et_pb_column][\/et_pb_row][\/et_pb_section]<\/p>\n","protected":false},"excerpt":{"rendered":"<p>Prof. Dr. Claudia Gherman Universitatea de Medicin\u0103 \u0219i Farmacie \u201dIuliu Ha\u021bieganu\u201d Cluj-NapocaEste ultrasonografia Doppler util\u0103 \u00een detectarea recidivelor dup\u0103 abla\u021bia endovenoas\u0103 laser a venei safene mari?Autor: Claudia Gherman Introducere: Recidiva varicoas\u0103 este o alternativ\u0103 comun\u0103 de evolu\u021bie dup\u0103 tratamentul varicelor, indiferent de metoda de tratament aplicat\u0103.Scopul prezentului studiu este de a stabili rolul ultrasonografiei doppler [&hellip;]<\/p>\n","protected":false},"author":2,"featured_media":0,"parent":0,"menu_order":0,"comment_status":"closed","ping_status":"closed","template":"","meta":{"_et_pb_use_builder":"on","_et_pb_old_content":"","_et_gb_content_width":"","footnotes":""},"class_list":["post-7986","page","type-page","status-publish","hentry"],"_links":{"self":[{"href":"https:\/\/pdi.ro\/2021\/wp-json\/wp\/v2\/pages\/7986","targetHints":{"allow":["GET"]}}],"collection":[{"href":"https:\/\/pdi.ro\/2021\/wp-json\/wp\/v2\/pages"}],"about":[{"href":"https:\/\/pdi.ro\/2021\/wp-json\/wp\/v2\/types\/page"}],"author":[{"embeddable":true,"href":"https:\/\/pdi.ro\/2021\/wp-json\/wp\/v2\/users\/2"}],"replies":[{"embeddable":true,"href":"https:\/\/pdi.ro\/2021\/wp-json\/wp\/v2\/comments?post=7986"}],"version-history":[{"count":8,"href":"https:\/\/pdi.ro\/2021\/wp-json\/wp\/v2\/pages\/7986\/revisions"}],"predecessor-version":[{"id":10010,"href":"https:\/\/pdi.ro\/2021\/wp-json\/wp\/v2\/pages\/7986\/revisions\/10010"}],"wp:attachment":[{"href":"https:\/\/pdi.ro\/2021\/wp-json\/wp\/v2\/media?parent=7986"}],"curies":[{"name":"wp","href":"https:\/\/api.w.org\/{rel}","templated":true}]}}