{"id":8086,"date":"2020-05-28T13:51:01","date_gmt":"2020-05-28T11:51:01","guid":{"rendered":"https:\/\/primaderma.ro\/?page_id=8086"},"modified":"2021-07-06T10:56:39","modified_gmt":"2021-07-06T08:56:39","slug":"conf-univ-dr-onofrei-viviana","status":"publish","type":"page","link":"https:\/\/pdi.ro\/2021\/conf-univ-dr-onofrei-viviana\/","title":{"rendered":"Conf. Univ. Dr. Onofrei Viviana"},"content":{"rendered":"<p>[et_pb_section fb_built=&#8221;1&#8243; fullwidth=&#8221;on&#8221; disabled_on=&#8221;on|off|off&#8221; _builder_version=&#8221;3.22&#8243; custom_margin=&#8221;||&#8221; custom_padding=&#8221;15px||29px&#8221; top_divider_style=&#8221;waves2&#8243; top_divider_color=&#8221;#f0622a&#8221; top_divider_flip=&#8221;horizontal|vertical&#8221; bottom_divider_style=&#8221;waves2&#8243; bottom_divider_color=&#8221;#fcdedb&#8221; bottom_divider_height=&#8221;105px&#8221; bottom_divider_flip=&#8221;vertical&#8221; collapsed=&#8221;off&#8221; global_module=&#8221;9062&#8243;][et_pb_fullwidth_header title=&#8221;@ET-DC@eyJkeW5hbWljIjp0cnVlLCJjb250ZW50IjoicG9zdF90aXRsZSIsInNldHRpbmdzIjp7ImJlZm9yZSI6IiIsImFmdGVyIjoiIn19@&#8221; text_orientation=&#8221;right&#8221; header_image_url=&#8221;https:\/\/pdi.ro\/2021\/wp-content\/uploads\/2021\/05\/PDI2021_logo_header_int_600x300px.png&#8221; disabled_on=&#8221;on|on|off&#8221; _builder_version=&#8221;4.9.4&#8243; _dynamic_attributes=&#8221;title&#8221; title_font=&#8221;Kaushan Script||||||||&#8221; title_text_align=&#8221;right&#8221; title_text_color=&#8221;#f0622a&#8221; title_font_size=&#8221;50px&#8221; content_font=&#8221;|600||on|||||&#8221; content_text_align=&#8221;center&#8221; content_text_color=&#8221;#686766&#8243; content_font_size=&#8221;15px&#8221; subhead_font=&#8221;||||||||&#8221; background_color=&#8221;#ef916b&#8221; background_image=&#8221;https:\/\/pdi.ro\/2021\/wp-content\/uploads\/2021\/05\/PDI2021_header_1920x550px.jpg&#8221; background_blend=&#8221;luminosity&#8221; background_layout=&#8221;light&#8221; custom_margin=&#8221;0px||8px&#8221; custom_padding=&#8221;40px||40px||true&#8221; content_font_size_tablet=&#8221;&#8221; content_font_size_phone=&#8221;15px&#8221; content_font_size_last_edited=&#8221;on|desktop&#8221;][\/et_pb_fullwidth_header][\/et_pb_section][et_pb_section fb_built=&#8221;1&#8243; _builder_version=&#8221;3.22&#8243; locked=&#8221;off&#8221;][et_pb_row column_structure=&#8221;2_5,3_5&#8243; _builder_version=&#8221;3.25&#8243;][et_pb_column type=&#8221;2_5&#8243; _builder_version=&#8221;3.25&#8243; custom_padding=&#8221;|||&#8221; custom_padding__hover=&#8221;|||&#8221;][et_pb_image src=&#8221;https:\/\/pdi.ro\/2021\/wp-content\/uploads\/2020\/06\/conf.-dr-Viviana-Onofrei.jpg&#8221; title_text=&#8221;conf. dr Viviana Onofrei&#8221; align=&#8221;center&#8221; align_tablet=&#8221;center&#8221; align_phone=&#8221;&#8221; align_last_edited=&#8221;on|desktop&#8221; _builder_version=&#8221;4.4.7&#8243; max_width=&#8221;31%&#8221; border_radii=&#8221;on|100px|100px|100px|100px&#8221;][\/et_pb_image][\/et_pb_column][et_pb_column type=&#8221;3_5&#8243; _builder_version=&#8221;3.25&#8243; custom_padding=&#8221;|||&#8221; custom_padding__hover=&#8221;|||&#8221;][et_pb_text _builder_version=&#8221;4.4.7&#8243;]<\/p>\n<h4><strong><span style=\"color: #ff6600;\"><\/span><\/strong><\/h4>\n<h4><strong><span style=\"color: #ff6600;\"><\/span><\/strong><\/h4>\n<h4><strong><span style=\"color: #ff6600;\"><\/span><\/strong><\/h4>\n<h4><strong><span style=\"color: #ff6600;\">Conf. Univ. Dr. Onofrei Viviana<\/span><\/strong><br \/>\n<strong><span style=\"color: #ff6600;\">Universitatea de Medicin\u0103 \u0219i Farmacie \u201dGrigore T. Popa\u201d, Ia\u0219i<br \/>\nSpitalul Jude\u021bean Clinic de Urgen\u021be, Sec\u021bia Cardiologie, Ia\u0219i, Rom\u00e2nia<\/span><\/strong><\/h4>\n<p>[\/et_pb_text][\/et_pb_column][\/et_pb_row][et_pb_row _builder_version=&#8221;3.25&#8243;][et_pb_column type=&#8221;4_4&#8243; _builder_version=&#8221;3.25&#8243; custom_padding=&#8221;|||&#8221; custom_padding__hover=&#8221;|||&#8221;][et_pb_text _builder_version=&#8221;4.9.7&#8243; hover_enabled=&#8221;0&#8243; sticky_enabled=&#8221;0&#8243;]<\/p>\n<p style=\"text-align: justify;\"><span style=\"color: #ff6600;\">Actualit\u0103\u021bi \u00een diagnosticul \u0219i strategiile terapeutice la pacien\u021bii cu sindrom posttrombotic<\/span><br \/><span style=\"color: #ff6600;\">Autor: Viviana Onofrei<\/span><\/p>\n<p style=\"text-align: justify;\">Cuvinte cheie: sindrom posttrombotic, tratament conservator, tratament invaziv<\/p>\n<p style=\"text-align: justify;\">Introducere: Sindromul posttrombotic (SPT) este o complica\u021bie frecvent\u0103 \u0219i invalidant\u0103 a trombozei venoase profunde (TVP), care reduce calitatea vie\u021bii \u0219i este costisitoare. SPT apare chiar \u0219i dup\u0103 tratamentul adecvat al TVP. <br \/>Materiale \u0219i metod\u0103: Pornind de la revizuirea sistematic\u0103 a literaturii recente, subiectul se axeaz\u0103 pe factorii de risc pentru SPT \u0219i noile metode disponibile de preven\u021bie \u0219i tratament. <br \/>Rezultate: Manifest\u0103rile clinice ale SPT sunt variate \u0219i diferite ca severitate. Obstruc\u021bia venoas\u0103 cronic\u0103 \u0219i refluxul valvular sunt principalele mecanisme care contribuie la apari\u021bia hipertensiunii venoase. Inflama\u021bia \u0219i predispozi\u021bia genetic\u0103 au de asemnea rol \u00een apari\u021bia \u0219i dezvoltarea SPT. Riscul absolut individual de apari\u021bie a SPT este dificil de estimat, dar date recente furnizeaz\u0103 informa\u021bii noi \u00een acest sens. \u00cen timp ce terapiile de compresie sunt esen\u021biale, eficien\u021ba drogurilor venoactive este incert\u0103. Tratamentul anticoagulant dizolv\u0103 frecvent trombusul par\u021bial. O serie de tehnici invazive, ca reconstruc\u021bia chirurgical\u0103, procedee hibride \u0219i recanalizarea endovascular\u0103 sunt disponibile actual. Utilizarea adecvat\u0103 a acestor tehnici noi la pacien\u021bi selec\u021biona\u021bi are poten\u021bialul de a reduce manifest\u0103rile SPT. <br \/>Concluzii: Exist\u0103 multe necunoscute \u00een managementul SPT. Este nevoie de studii viitoare pentru \u00een\u021belegerea fiziopatologiei, dezvoltarea de noi \u021binte terapeutice, c\u00e2t \u0219i afirmarea eficien\u021bei, siguran\u021bei \u0219i beneficiului cost-eficien\u021b\u0103 a diferitelor strategii. Prima linnie de tratament r\u0103m\u00e2ne cea conservatoare. \u00cen cazul SPT rezistent la tratament, \u00eenso\u021bit de sc\u0103derea calit\u0103\u021bii vie\u021bii, se va decide individual posibilitatea terapiei invazive. <\/p>\n<p style=\"text-align: justify;\"><span style=\"color: #ff6600;\">Update on diagnosis and treatment strategies in patients with post-thrombotic syndrome<br \/><\/span><br \/><span style=\"color: #ff6600;\">Author: Viviana Onofrei<\/span><\/p>\n<p style=\"text-align: justify;\">Keywords: post-thrombotic syndrome, conservative therapy, invasive treatment<\/p>\n<p style=\"text-align: justify;\">Introduction: The post-thrombotic syndrome (PTS) is a frequent, disabling complication of deep vein thrombosis (DVT) that reduces quality of life and is costly. PTS develops even when appropriate therapy is used to treat the DVT.<br \/>Material and method: Based on the systematic review of recent literature the topic focuses on risk factors for PTS and the available new methods to prevent and treat it. <br \/>Results: The clinical manifestations of PTS can be present in various combinations and severity. Persistent venous obstruction and valvular reflux are the main mechanisms contributing to venous hypertension. Inflammation and the genetic predisposition also play a role in promoting the development of PTS. The individual absolute risk of PTS is difficult to be predicted, but recent research provides new information. While compression-based therapies are essential to manage PTS, the effectiveness of venoactive drugs is uncertain. The anticoagulant therapy frequently ensures only partial clearance of thrombus. Some invasive procedures are also available, such as open surgical reconstructions, hybrid procedures, and endovenous recanalization. Treating appropriately selected patients with PTS the new strategies may have potential to decrease post-thrombotic manifestations.<br \/>Conclusions: There are many gaps in the management of PTS. Future studies are needed to understand the pathophysiology, to suggest future therapeutic targets as well as the effectiveness, safety, and cost-effectiveness of various strategies. First-line treatment should be conservative therapy. In case of therapy-resistant PTS with poor quality of life, the possibility of an invasive treatment should be made individually. <\/p>\n<p style=\"text-align: justify;\"><span style=\"color: #ff6600;\">Scurt CV<\/span><\/p>\n<p>Absolvent\u0103 a Facult\u0103\u0163ii de Medicin\u0103 \u015fi Farmacie \u201dGrigore T. Popa\u201d Ia\u015fi, promo\u021bia 1991<\/p>\n<p><strong>Experien\u0163a profesional\u0103:<\/strong><br \/>Conferen\u021biar universitar, Disciplina Medicin\u0103 Intern\u0103 (Cardiologie), Facultatea de Medicin\u0103, U.M.F. \u201cGrigore T. Popa\u201d Ia\u0219i<br \/>Activitate didactic\u0103 curicular\u0103 \u0219i extracuricular\u0103 continu\u0103 din 1996<br \/>Medic primar cardiologie \u0219i medicin\u0103 intern\u0103 la Clinica de Cardiologie, USTACC, Spitalul Jude\u021bean Clinic de Urgen\u021be \u201cSf. Spiridon\u201d Ia\u0219i<br \/>Doctor \u00een \u0219tiin\u021be medicale, teza de doctorat \u201dDisfunc\u021bia endotelial\u0103 \u00een hipertensiunea arterial\u0103\u201d, 2006<br \/>Competen\u021be \u00een Ecocardiografie General\u0103 \u0219i Ultrasonografie General\u0103<br \/>Masterat &#8220;Bazele nutri\u0163iei clinice&#8221;, 2011<\/p>\n<p><strong>Apartenen\u0163a la Societ\u0103\u0163i \u015ftiin\u0163ifice:<\/strong><br \/>Membr\u0103 \u00een Societatea Rom\u00e2n\u0103 de Cardiologie<br \/>Membr\u0103 \u00een Societatea European\u0103 de Cardiologie<br \/>Membr\u0103 \u00een Societatea European\u0103 de Hipertensiune<br \/>Membr\u0103 \u00een American Heart Association\/American College of Cardiology)<\/p>\n<p><strong>Distinc\u021bii:<\/strong><br \/>European Hypertension Specialist<br \/>Diplom\u0103 de excelen\u021b\u0103 din partea Societ\u0103\u021bii Rom\u00e2ne de Hipertensiune<br \/>Fellow of European Society of Cardiology<\/p>\n<p><strong>Domenii de interes \u015ftiin\u0163ific:<\/strong><br \/>Afectarea cardiovascular\u0103 \u00een patologia medical\u0103, hipertensiunea arterial\u0103, disfunc\u0163ia endotelial\u0103 \u015fi rigiditatea arterial\u0103, insuficien\u0163a cardiac\u0103, bolile vasculare, boli metabolice.<br \/>Implicare activ\u0103 \u00een activitatea de cercetare \u0219tiin\u021bific\u0103 (granturi de cercetare \u0219tiin\u021bific\u0103, coinvestigator \u00een studii clinice multicentrice interna\u021bionale, colaborator \u00een registre na\u021bionale \u0219i europene de specialitate)<br \/>Metode de investiga\u0163ie sau tratament originale introduse \u00een premier\u0103 na\u021bional\u0103 (studiul comparativ \u015fi integrat al disfunc\u0163iei endoteliale \u00een hipertensiunea arterial\u0103 prin metoda Complior \u015fi ecografie vascular\u0103 (2001), tromboliza ghidat\u0103 pe cateter \u00een trombozele venoase profunde (echipa Prof. Dr. Datcu \u2013 2004)<br \/>Editor de c\u0103r\u021bi de specialitate cu colectiv na\u021bional, manuale, peste 100 lucr\u0103ri \u0219tiin\u021bifice \u00een reviste ISI \u0219i BDI<\/p>\n<p>[\/et_pb_text][\/et_pb_column][\/et_pb_row][\/et_pb_section][et_pb_section fb_built=&#8221;1&#8243; _builder_version=&#8221;3.22&#8243; background_color=&#8221;rgba(117,194,33,0.23)&#8221; background_image=&#8221;https:\/\/pdi.ro\/2021\/wp-content\/uploads\/2020\/02\/back_justflowers_overlay1.png&#8221; background_blend=&#8221;luminosity&#8221; custom_padding=&#8221;54px|0px|0|0px|false|false&#8221; top_divider_style=&#8221;waves2&#8243; top_divider_color=&#8221;#ffffff&#8221; top_divider_height=&#8221;155px&#8221; top_divider_height_tablet=&#8221;&#8221; top_divider_height_phone=&#8221;97px&#8221; top_divider_height_last_edited=&#8221;on|desktop&#8221; bottom_divider_style=&#8221;waves2&#8243; bottom_divider_color=&#8221;#75c221&#8243; bottom_divider_flip=&#8221;vertical&#8221; bottom_divider_height_tablet=&#8221;&#8221; bottom_divider_height_phone=&#8221;59px&#8221; bottom_divider_height_last_edited=&#8221;on|desktop&#8221;][et_pb_row column_structure=&#8221;3_5,2_5&#8243; _builder_version=&#8221;3.25&#8243; custom_padding=&#8221;61px|0px|69px|0px|false|false&#8221;][et_pb_column type=&#8221;3_5&#8243; _builder_version=&#8221;3.25&#8243; custom_padding=&#8221;|||&#8221; custom_padding__hover=&#8221;|||&#8221;][et_pb_text _builder_version=&#8221;4.9.4&#8243; text_font=&#8221;Kaushan Script||||||||&#8221; text_text_color=&#8221;#f0622a&#8221; text_font_size=&#8221;30px&#8221; text_line_height=&#8221;1.2em&#8221; header_font=&#8221;||||||||&#8221; background_layout=&#8221;dark&#8221; text_font_size_tablet=&#8221;&#8221; text_font_size_phone=&#8221;&#8221; text_font_size_last_edited=&#8221;on|desktop&#8221;]<\/p>\n<p>Contacteaz\u0103 operatorul PDI 2021<\/p>\n<p>[\/et_pb_text][et_pb_contact_form email=&#8221;contact@pdi.ro\/2021\/2019&#8243; submit_button_text=&#8221;Trimite mesajul&#8221; _builder_version=&#8221;3.19.4&#8243; title_font=&#8221;||||||||&#8221;][et_pb_contact_field field_id=&#8221;Name&#8221; field_title=&#8221;Nume&#8221; _builder_version=&#8221;3.18.9&#8243; button_text_size__hover_enabled=&#8221;off&#8221; button_one_text_size__hover_enabled=&#8221;off&#8221; button_two_text_size__hover_enabled=&#8221;off&#8221; button_text_color__hover_enabled=&#8221;off&#8221; button_one_text_color__hover_enabled=&#8221;off&#8221; button_two_text_color__hover_enabled=&#8221;off&#8221; button_border_width__hover_enabled=&#8221;off&#8221; button_one_border_width__hover_enabled=&#8221;off&#8221; button_two_border_width__hover_enabled=&#8221;off&#8221; button_border_color__hover_enabled=&#8221;off&#8221; button_one_border_color__hover_enabled=&#8221;off&#8221; button_two_border_color__hover_enabled=&#8221;off&#8221; button_border_radius__hover_enabled=&#8221;off&#8221; button_one_border_radius__hover_enabled=&#8221;off&#8221; button_two_border_radius__hover_enabled=&#8221;off&#8221; button_letter_spacing__hover_enabled=&#8221;off&#8221; button_one_letter_spacing__hover_enabled=&#8221;off&#8221; button_two_letter_spacing__hover_enabled=&#8221;off&#8221; button_bg_color__hover_enabled=&#8221;off&#8221; button_one_bg_color__hover_enabled=&#8221;off&#8221; button_two_bg_color__hover_enabled=&#8221;off&#8221;][\/et_pb_contact_field][et_pb_contact_field field_id=&#8221;Email&#8221; field_title=&#8221;Adresa de e-mail&#8221; field_type=&#8221;email&#8221; _builder_version=&#8221;3.19.4&#8243; button_text_size__hover_enabled=&#8221;off&#8221; button_one_text_size__hover_enabled=&#8221;off&#8221; button_two_text_size__hover_enabled=&#8221;off&#8221; button_text_color__hover_enabled=&#8221;off&#8221; button_one_text_color__hover_enabled=&#8221;off&#8221; button_two_text_color__hover_enabled=&#8221;off&#8221; button_border_width__hover_enabled=&#8221;off&#8221; button_one_border_width__hover_enabled=&#8221;off&#8221; button_two_border_width__hover_enabled=&#8221;off&#8221; button_border_color__hover_enabled=&#8221;off&#8221; button_one_border_color__hover_enabled=&#8221;off&#8221; button_two_border_color__hover_enabled=&#8221;off&#8221; button_border_radius__hover_enabled=&#8221;off&#8221; button_one_border_radius__hover_enabled=&#8221;off&#8221; button_two_border_radius__hover_enabled=&#8221;off&#8221; button_letter_spacing__hover_enabled=&#8221;off&#8221; button_one_letter_spacing__hover_enabled=&#8221;off&#8221; button_two_letter_spacing__hover_enabled=&#8221;off&#8221; button_bg_color__hover_enabled=&#8221;off&#8221; button_one_bg_color__hover_enabled=&#8221;off&#8221; button_two_bg_color__hover_enabled=&#8221;off&#8221;][\/et_pb_contact_field][et_pb_contact_field field_id=&#8221;Message&#8221; field_title=&#8221;Mesajul dvs.&#8221; field_type=&#8221;text&#8221; fullwidth_field=&#8221;on&#8221; _builder_version=&#8221;3.18.9&#8243; button_text_size__hover_enabled=&#8221;off&#8221; button_one_text_size__hover_enabled=&#8221;off&#8221; button_two_text_size__hover_enabled=&#8221;off&#8221; button_text_color__hover_enabled=&#8221;off&#8221; button_one_text_color__hover_enabled=&#8221;off&#8221; button_two_text_color__hover_enabled=&#8221;off&#8221; button_border_width__hover_enabled=&#8221;off&#8221; button_one_border_width__hover_enabled=&#8221;off&#8221; button_two_border_width__hover_enabled=&#8221;off&#8221; button_border_color__hover_enabled=&#8221;off&#8221; button_one_border_color__hover_enabled=&#8221;off&#8221; button_two_border_color__hover_enabled=&#8221;off&#8221; button_border_radius__hover_enabled=&#8221;off&#8221; button_one_border_radius__hover_enabled=&#8221;off&#8221; button_two_border_radius__hover_enabled=&#8221;off&#8221; button_letter_spacing__hover_enabled=&#8221;off&#8221; button_one_letter_spacing__hover_enabled=&#8221;off&#8221; button_two_letter_spacing__hover_enabled=&#8221;off&#8221; button_bg_color__hover_enabled=&#8221;off&#8221; button_one_bg_color__hover_enabled=&#8221;off&#8221; button_two_bg_color__hover_enabled=&#8221;off&#8221;][\/et_pb_contact_field][\/et_pb_contact_form][\/et_pb_column][et_pb_column type=&#8221;2_5&#8243; _builder_version=&#8221;3.25&#8243; custom_padding=&#8221;|||&#8221; custom_padding__hover=&#8221;|||&#8221;][et_pb_text _builder_version=&#8221;4.9.4&#8243; text_font=&#8221;Kaushan Script||||||||&#8221; text_text_color=&#8221;#f0622a&#8221; text_font_size=&#8221;30px&#8221; header_font=&#8221;||||||||&#8221; background_layout=&#8221;dark&#8221;]<\/p>\n<p>Operatorul PDI 2021<\/p>\n<p>[\/et_pb_text][et_pb_text _builder_version=&#8221;4.0.11&#8243; text_font=&#8221;||||||||&#8221;]<\/p>\n<p><span><img loading=\"lazy\" decoding=\"async\" src=\"https:\/\/pdi.ro\/2021\/wp-content\/uploads\/2020\/02\/eventer_logo_150px.png\" width=\"151\" height=\"33\" alt=\"\" class=\"wp-image-774 alignleft size-full\" \/><\/span><\/p>\n<p><span><\/span><\/p>\n<p><span><\/span><\/p>\n<p><span>Adresa: Str. A. Panu nr. 13, Iasi<\/span><br \/> <span>Tel.: 0332.40.88.00-05<\/span><br \/> <span>E-mail: <a href=\"mailto:inscrieri@primaderma.ro\" target=\"_blank\" rel=\"noopener noreferrer\">inscrieri@primaderma.ro<\/a><br \/> <\/span><span>Website:\u00a0<\/span><a href=\"http:\/\/www.eventernet.ro\/\" target=\"Blank\" rel=\"noopener noreferrer\">www.eventernet.ro<\/a><\/p>\n<p>[\/et_pb_text][et_pb_text disabled_on=&#8221;off|off|off&#8221; _builder_version=&#8221;4.0.11&#8243; text_font=&#8221;Kaushan Script||||||||&#8221; text_text_color=&#8221;#f0622a&#8221; text_font_size=&#8221;30px&#8221; header_font=&#8221;||||||||&#8221; background_layout=&#8221;dark&#8221; locked=&#8221;off&#8221;]<\/p>\n<p>Parteneri Media<\/p>\n<p>[\/et_pb_text][et_pb_gallery gallery_ids=&#8221;7203,7204,7232,7231&#8243; fullwidth=&#8221;on&#8221; _builder_version=&#8221;4.0.11&#8243; transform_scale=&#8221;86%|86%&#8221; max_width=&#8221;63%&#8221; auto=&#8221;on&#8221; auto_speed=&#8221;3500&#8243; hover_transition_duration=&#8221;100ms&#8221; hover_transition_delay=&#8221;50ms&#8221; hover_transition_speed_curve=&#8221;ease-in-out&#8221; locked=&#8221;off&#8221;][\/et_pb_gallery][\/et_pb_column][\/et_pb_row][\/et_pb_section]<\/p>\n","protected":false},"excerpt":{"rendered":"<p>Conf. Univ. Dr. Onofrei Viviana Universitatea de Medicin\u0103 \u0219i Farmacie \u201dGrigore T. Popa\u201d, Ia\u0219i Spitalul Jude\u021bean Clinic de Urgen\u021be, Sec\u021bia Cardiologie, Ia\u0219i, Rom\u00e2niaActualit\u0103\u021bi \u00een diagnosticul \u0219i strategiile terapeutice la pacien\u021bii cu sindrom posttromboticAutor: Viviana Onofrei Cuvinte cheie: sindrom posttrombotic, tratament conservator, tratament invaziv Introducere: Sindromul posttrombotic (SPT) este o complica\u021bie frecvent\u0103 \u0219i invalidant\u0103 a trombozei [&hellip;]<\/p>\n","protected":false},"author":2,"featured_media":0,"parent":0,"menu_order":0,"comment_status":"closed","ping_status":"closed","template":"","meta":{"_et_pb_use_builder":"on","_et_pb_old_content":"","_et_gb_content_width":"","footnotes":""},"class_list":["post-8086","page","type-page","status-publish","hentry"],"_links":{"self":[{"href":"https:\/\/pdi.ro\/2021\/wp-json\/wp\/v2\/pages\/8086","targetHints":{"allow":["GET"]}}],"collection":[{"href":"https:\/\/pdi.ro\/2021\/wp-json\/wp\/v2\/pages"}],"about":[{"href":"https:\/\/pdi.ro\/2021\/wp-json\/wp\/v2\/types\/page"}],"author":[{"embeddable":true,"href":"https:\/\/pdi.ro\/2021\/wp-json\/wp\/v2\/users\/2"}],"replies":[{"embeddable":true,"href":"https:\/\/pdi.ro\/2021\/wp-json\/wp\/v2\/comments?post=8086"}],"version-history":[{"count":8,"href":"https:\/\/pdi.ro\/2021\/wp-json\/wp\/v2\/pages\/8086\/revisions"}],"predecessor-version":[{"id":9917,"href":"https:\/\/pdi.ro\/2021\/wp-json\/wp\/v2\/pages\/8086\/revisions\/9917"}],"wp:attachment":[{"href":"https:\/\/pdi.ro\/2021\/wp-json\/wp\/v2\/media?parent=8086"}],"curies":[{"name":"wp","href":"https:\/\/api.w.org\/{rel}","templated":true}]}}