{"id":8335,"date":"2020-06-17T11:44:26","date_gmt":"2020-06-17T09:44:26","guid":{"rendered":"https:\/\/primaderma.ro\/?page_id=8335"},"modified":"2021-07-07T11:50:02","modified_gmt":"2021-07-07T09:50:02","slug":"asist-univ-dr-radu-antonia","status":"publish","type":"page","link":"https:\/\/pdi.ro\/2021\/asist-univ-dr-radu-antonia\/","title":{"rendered":"Asist. Univ. Dr. Radu Antonia"},"content":{"rendered":"<p>[et_pb_section fb_built=&#8221;1&#8243; fullwidth=&#8221;on&#8221; disabled_on=&#8221;on|off|off&#8221; _builder_version=&#8221;3.22&#8243; custom_margin=&#8221;||&#8221; custom_padding=&#8221;15px||29px&#8221; top_divider_style=&#8221;waves2&#8243; top_divider_color=&#8221;#f0622a&#8221; top_divider_flip=&#8221;horizontal|vertical&#8221; bottom_divider_style=&#8221;waves2&#8243; bottom_divider_color=&#8221;#fcdedb&#8221; bottom_divider_height=&#8221;105px&#8221; bottom_divider_flip=&#8221;vertical&#8221; collapsed=&#8221;off&#8221; global_module=&#8221;9062&#8243;][et_pb_fullwidth_header title=&#8221;@ET-DC@eyJkeW5hbWljIjp0cnVlLCJjb250ZW50IjoicG9zdF90aXRsZSIsInNldHRpbmdzIjp7ImJlZm9yZSI6IiIsImFmdGVyIjoiIn19@&#8221; text_orientation=&#8221;right&#8221; header_image_url=&#8221;https:\/\/pdi.ro\/2021\/wp-content\/uploads\/2021\/05\/PDI2021_logo_header_int_600x300px.png&#8221; disabled_on=&#8221;on|on|off&#8221; _builder_version=&#8221;4.9.4&#8243; _dynamic_attributes=&#8221;title&#8221; title_font=&#8221;Kaushan Script||||||||&#8221; title_text_align=&#8221;right&#8221; title_text_color=&#8221;#f0622a&#8221; title_font_size=&#8221;50px&#8221; content_font=&#8221;|600||on|||||&#8221; content_text_align=&#8221;center&#8221; content_text_color=&#8221;#686766&#8243; content_font_size=&#8221;15px&#8221; subhead_font=&#8221;||||||||&#8221; background_color=&#8221;#ef916b&#8221; background_image=&#8221;https:\/\/pdi.ro\/2021\/wp-content\/uploads\/2021\/05\/PDI2021_header_1920x550px.jpg&#8221; background_blend=&#8221;luminosity&#8221; background_layout=&#8221;light&#8221; custom_margin=&#8221;0px||8px&#8221; custom_padding=&#8221;40px||40px||true&#8221; content_font_size_tablet=&#8221;&#8221; content_font_size_phone=&#8221;15px&#8221; content_font_size_last_edited=&#8221;on|desktop&#8221;][\/et_pb_fullwidth_header][\/et_pb_section][et_pb_section fb_built=&#8221;1&#8243; _builder_version=&#8221;3.22&#8243; locked=&#8221;off&#8221;][et_pb_row column_structure=&#8221;2_5,3_5&#8243; _builder_version=&#8221;3.25&#8243;][et_pb_column type=&#8221;2_5&#8243; _builder_version=&#8221;3.25&#8243; custom_padding=&#8221;|||&#8221; custom_padding__hover=&#8221;|||&#8221;][et_pb_image src=&#8221;https:\/\/pdi.ro\/2021\/wp-content\/uploads\/2020\/06\/Radu-Antonia.png&#8221; title_text=&#8221;Radu Antonia&#8221; align=&#8221;center&#8221; align_tablet=&#8221;center&#8221; align_phone=&#8221;&#8221; align_last_edited=&#8221;on|desktop&#8221; _builder_version=&#8221;4.4.8&#8243; max_width=&#8221;31%&#8221; border_radii=&#8221;on|100px|100px|100px|100px&#8221;][\/et_pb_image][\/et_pb_column][et_pb_column type=&#8221;3_5&#8243; _builder_version=&#8221;3.25&#8243; custom_padding=&#8221;|||&#8221; custom_padding__hover=&#8221;|||&#8221;][et_pb_text _builder_version=&#8221;4.4.8&#8243;]<\/p>\n<h4><strong><span style=\"color: #ff6600;\"><\/span><\/strong><\/h4>\n<h4><strong><span style=\"color: #ff6600;\"><\/span><\/strong><\/h4>\n<h4><strong><span style=\"color: #ff6600;\"><\/span><\/strong><\/h4>\n<h4><strong><span style=\"color: #ff6600;\">Asist. Univ. Dr. Radu Antonia<\/span><\/strong><br \/><strong><span style=\"color: #ff6600;\">Universitatea de Medicin\u0103 \u015fi Farmacie din Craiova<\/span><\/strong><\/h4>\n<p>[\/et_pb_text][\/et_pb_column][\/et_pb_row][et_pb_row _builder_version=&#8221;3.25&#8243;][et_pb_column type=&#8221;4_4&#8243; _builder_version=&#8221;3.25&#8243; custom_padding=&#8221;|||&#8221; custom_padding__hover=&#8221;|||&#8221;][et_pb_text _builder_version=&#8221;4.9.7&#8243; hover_enabled=&#8221;0&#8243; sticky_enabled=&#8221;0&#8243;]<\/p>\n<p style=\"text-align: justify;\"><span style=\"color: #ff6600;\">Studiul imunohistochimic comparativ al CD 117 \u00een leziunile melanocitare<\/span><br \/><span style=\"color: #ff6600;\">Autori: Antonia Radu1, Cornelia Bejenaru1, I \u0162olea2, LE Bejenaru3, Gabriela Stoleriu4, Daciana Elena Br\u0103ni\u015fteanu5<\/span><br \/>1Departamentul de Botanic\u0103 Farmaceutic\u0103, Universitatea de Medicin\u0103 \u0219i Farmacie Craiova<br \/>2Departamentul de Dermatologie, Universitatea de Medicin\u0103 \u0219i Farmacie Craiova<br \/>3Departmentul de Farmacognozie \u0219i Fitoterapie, Universitatea de Medicin\u0103 \u0219i Farmacie Craiova<br \/>4Departamentul Clinic, Universitatea de Medicin\u0103 \u0219i Farmacie &#8220;Dun\u0103rea de Jos&#8221; Gala\u021bi<br \/>5Departamentul de Dermatologie, Universitatea de Medicin\u0103 \u0219i Farmacie &#8220;Grigore T. Popa&#8221; Ia\u015fi, Rom\u00e2nia<\/p>\n<p style=\"text-align: justify;\">Cuvinte cheie: melanom, CD 117, imunohistochimie, tumorigeneza, inhibitori de tirozin kinaza<\/p>\n<p style=\"text-align: justify;\">Scopul acestui studiu a fost evaluarea imunohistochimic\u0103 comparativ\u0103 a lui CD 117, biomarkerul care evalueaz\u0103 at\u00e2t progresia, c\u00e2t \u0219i prognosticul tumoral, \u00een diferite leziuni melanocitare, pentru a eviden\u021bia importan\u021ba acestui biomarker \u00een melanomul malign (MM). Studiul a fost f\u0103cut pe 55 de cazuri, reprezentate de un grup de control, care a inclus 10 cazuri de nevi, c\u00e2t \u0219i de un grup de studiu, care con\u021binea 35 de cazuri de melanom primar \u0219i 10 metastaze. CD 117 este extrem de implicat \u00een procesul de tumorigenez\u0103 al tumorilor cutanate, fiind nedetectabil din punct de vedere imunohistochimic \u00een leziunile benigne, dar intens exprimat \u00een leziunile displazice \u0219i \u00een zonele de melanom in situ. \u00cen melanoamele invazive, expresia lui CD 117 tinde s\u0103 descreasc\u0103 odat\u0103 cu progresia neoplaziei \u0219i intrarea \u00een faza tumorigenic\u0103, de cre\u0219tere vertical\u0103, fiind mai sc\u0103zut\u0103 \u00een componen\u021ba dermic\u0103 profund\u0103 a tumorilor \u0219i in melanoamele nodulare. Pentru a elimina barierele epidermice \u0219i a ca\u0219tiga un avantaj proliferativ pentru a permite tranzi\u021bia c\u0103tre faza de cre\u0219tere vertical\u0103, se pare c\u0103 MM ar trebui s\u0103 piard\u0103 expresia lui CD117. Metastazele cutanate exprim\u0103 CD 117 la un nivel comparabil cu tumorile lor primare, suger\u00e2nd ca alte mecanisme intervin direct \u00een procesul de metastaz\u0103, nu doar pierderea expresiei CD 117. Supraexpresia CD 117 \u00een leziunile melanocitare cutanate se coreleaz\u0103 semnificativ cu intensitatea crescut\u0103 a imunocoloratiei, suger\u00e2nd c\u0103 evaluarea imunohistochimic\u0103 a lui CD 117 poate deveni o bun\u0103 metod\u0103 pentru screening-ul pacien\u021bilor, care ar putea beneficia de o terapie personalizat\u0103 cu inhibitori de tirozin kinaz\u0103.<\/p>\n<p style=\"text-align: justify;\"><span style=\"color: #ff6600;\">Comparative immunohistochemical evaluation of CD 117 in melanocytic lesions<\/span><br \/><span style=\"color: #ff6600;\">Autori: Antonia Radu1, Cornelia Bejenaru1, I \u0162olea2, LE Bejenaru3, Gabriela Stoleriu4, Daciana Elena Br\u0103ni\u015fteanu5<\/span><br \/>1Pharmaceutical Botany Department, University of Medicine and Pharmacy Craiova<br \/>2Dermatology Department, University of Medicine and Pharmacy Craiova<br \/>3Department of Pharmacognosy and Phytotherapy, University of Medicine and Pharmacy Craiova<br \/>4Clinical Department, Faculty of Medicine and Pharmacy, &#8220;Dun\u0103rea de Jos&#8221; University Galati<br \/>5Dermatology Department, \u2018Grigore T. Popa\u2019 University of Medicine and Pharmacy Iasi, Romania<\/p>\n<p style=\"text-align: justify;\">Keywords: melanoma, CD 117, immunohistochemistry, tumorigenesis, tyrosine kinase inhibitors<\/p>\n<p style=\"text-align: justify;\">The aim of this research was to do a comparative immunohistochemical evaluation of CD 117, the biomarker that evaluates both tumor progression and prognosis, in different melanocytic lesions, to emphasize the significance of this biomarker in malignant melanoma (MM). The study was performed on 55 cases, represented by a control group, which included 10 cases of nevi, as well as a study group consisting of 35 cases of primary MM and 10 metastases. CD 117 is massively involved in the process of tumorigenesis of cutaneous malignancies, being immunohistochemically undetectable in benign neural lesions, but densely expressed in dysplastic lesions and in situ melanoma areas. In invasive cutaneous MMs, CD 117 expression tends to decrease as neoplasia progresses and goes into the tumorigenic, vertical growth phase, being lower in the profound dermal component of tumors and in nodular MMs. To eliminate the epidermal barriers and gain a proliferative advantage to allow the transition to the vertical growth phase, it seems that MM should lose expression of CD 117. Cutaneous metastases express CD 117 at a level comparable to their primary tumors, suggesting that other mechanisms interfere directly with the metastasis process and not loss of CD 117 expression by itself. CD 117 overexpression in cutaneous melanocytic lesions correlates significantly with increased immunostaining intensity, suggesting that the immunohistochemical evaluation of CD 117 may be a good method for screening patients, who could benefit from a personalized therapy with tyrosine kinase inhibitors.<\/p>\n<p style=\"text-align: justify;\"><span style=\"color: #ff6600;\">Scurt CV<\/span><\/p>\n<p style=\"text-align: justify;\">Profesia, titlul \u015ftiin\u0163ific: farmacist, doctor \u00een medicin\u0103, asistent universitar UMF Craiova, jurist<\/p>\n<p style=\"text-align: justify;\"><strong>Studii:<\/strong><br \/><em>Universitare:<\/em><br \/>&#x25aa; Facultatea de Drept \u015fi \u015etiin\u0163e Administrative, Universitatea din Craiova: 2012<br \/>&#x25aa; Facultatea de Farmacie, Universitatea de Medicin\u0103 \u015fi Farmacie din Craiova: 2013<br \/><em>Postuniversitare:<\/em><br \/>\u2013 Specialitate &#8220;Drept Privat\u201d, Facultatea de Drept \u015fi \u015etiin\u0163e Administrative, Universitatea din Craiova: 2013<br \/>\u2013 Specialitate &#8220;Farmacologie \u015fi Toxicologie\u201d, Facultatea de Farmacie, U.M.F. din Craiova: 2014<\/p>\n<p style=\"text-align: justify;\"><strong>Realiz\u0103ri \u015ftiin\u0163ifice \u015fi profesionale:<\/strong><br \/><em>Experien\u0163\u0103 profesional\u0103:<\/em><br \/>2013-prezent: Farmacist Diriginte, SC Izvorul Tamaduirii Biovita SRL <br \/>2018-prezent: Asistent Universitar Dr., disciplina Botanica Farmaceutica, Facultatea de Farmacie, U.M.F. Craiova<br \/><em>Activitate \u015ftiin\u0163ific\u0103:<\/em><br \/>Doctorat &#8211; UMF Craiova:<br \/>&#x25aa; Titlul tezei de doctorat: &#8220;Studiul parametrilor clinico-morfologici \u015fi al markerilor imunohistochimici cu implica\u0163ii tumorigenice, prognostice \u015fi terapeutice \u00een melanomul malign cutanat\u201d, sub conducerea Prof. Univ. Dr. Anica Dricu;<br \/>&#x25aa; Confirmarea titlului de doctor \u00een domeniul Medicin\u0103: Ord. M.E.N. nr. 3356\/21.03.2018.<br \/><em>Proiecte de cercetare:<\/em><br \/>2014-2015: POSDRU\/159\/1.5\/S\/133377, titlu: &#8220;Probleme de diagnostic \u00een melanomul malign \u2013 implica\u021bii terapeutice&#8221;<br \/>2016-2017: UMF Craiova, titlu: &#8220;Evaluarea in vitro a efectului acidului salicilic asupra tumorilor cerebrale&#8221;<br \/>Lucr\u0103ri in extenso publicate \u00een reviste cotate ISI Web of Science sau indexate BDI: 13<br \/>Articole publicate \u00een rezumat \u00een volumele unor manifest\u0103ri \u015ftiin\u0163ifice cu ISBN sau ISSN: 27<br \/><em>\u00a0Membru al unor societ\u0103\u0163i \u015ftiin\u0163ifice la nivel national:<\/em><br \/>&#x25aa; Societatea de \u015etiin\u0163e Farmaceutice din Rom\u00e2nia<br \/>&#x25aa; Societatea Rom\u00e2n\u0103 de Istoria Farmaciei<br \/>&#x25aa; Societatea Rom\u00e2n\u0103 de Biologie Celular\u0103<br \/>&#x25aa; Societatea Rom\u00e2n\u0103 de Biochimie \u015fi Biologie Molecular\u0103<br \/>&#x25aa; Societatea Rom\u00e2n\u0103 de Dermatologie<\/p>\n<p>[\/et_pb_text][\/et_pb_column][\/et_pb_row][\/et_pb_section][et_pb_section fb_built=&#8221;1&#8243; _builder_version=&#8221;4.9.6&#8243; background_color=&#8221;rgba(117,194,33,0.23)&#8221; background_image=&#8221;https:\/\/pdi.ro\/2021\/wp-content\/uploads\/2021\/05\/PDI2021_header_1920x550px.jpg&#8221; background_blend=&#8221;multiply&#8221; custom_padding=&#8221;54px|0px|0|0px|false|false&#8221; top_divider_style=&#8221;waves2&#8243; top_divider_color=&#8221;#ffffff&#8221; top_divider_height=&#8221;155px&#8221; top_divider_height_tablet=&#8221;&#8221; top_divider_height_phone=&#8221;97px&#8221; top_divider_height_last_edited=&#8221;on|desktop&#8221; bottom_divider_style=&#8221;waves2&#8243; bottom_divider_color=&#8221;#75c221&#8243; bottom_divider_flip=&#8221;vertical&#8221; bottom_divider_height_tablet=&#8221;&#8221; bottom_divider_height_phone=&#8221;59px&#8221; bottom_divider_height_last_edited=&#8221;on|desktop&#8221; saved_tabs=&#8221;all&#8221; global_module=&#8221;9177&#8243;][et_pb_row column_structure=&#8221;3_5,2_5&#8243; _builder_version=&#8221;3.25&#8243; custom_padding=&#8221;61px|0px|69px|0px|false|false&#8221;][et_pb_column type=&#8221;3_5&#8243; _builder_version=&#8221;3.25&#8243; custom_padding=&#8221;|||&#8221; custom_padding__hover=&#8221;|||&#8221;][et_pb_text _builder_version=&#8221;4.9.4&#8243; text_font=&#8221;Kaushan Script||||||||&#8221; text_text_color=&#8221;#f0622a&#8221; text_font_size=&#8221;30px&#8221; text_line_height=&#8221;1.2em&#8221; header_font=&#8221;||||||||&#8221; background_layout=&#8221;dark&#8221; text_font_size_tablet=&#8221;&#8221; text_font_size_phone=&#8221;&#8221; text_font_size_last_edited=&#8221;on|desktop&#8221;]<\/p>\n<p>Contacteaz\u0103 operatorul PDI 2021<\/p>\n<p>[\/et_pb_text][et_pb_contact_form email=&#8221;contact@pdi.ro\/2021\/2019&#8243; submit_button_text=&#8221;Trimite mesajul&#8221; _builder_version=&#8221;4.9.4&#8243; title_font=&#8221;||||||||&#8221; custom_button=&#8221;on&#8221; button_text_color=&#8221;#F0622A&#8221;][et_pb_contact_field field_id=&#8221;Name&#8221; field_title=&#8221;Nume&#8221; _builder_version=&#8221;3.18.9&#8243; button_text_size__hover_enabled=&#8221;off&#8221; button_one_text_size__hover_enabled=&#8221;off&#8221; button_two_text_size__hover_enabled=&#8221;off&#8221; button_text_color__hover_enabled=&#8221;off&#8221; button_one_text_color__hover_enabled=&#8221;off&#8221; button_two_text_color__hover_enabled=&#8221;off&#8221; button_border_width__hover_enabled=&#8221;off&#8221; button_one_border_width__hover_enabled=&#8221;off&#8221; button_two_border_width__hover_enabled=&#8221;off&#8221; button_border_color__hover_enabled=&#8221;off&#8221; button_one_border_color__hover_enabled=&#8221;off&#8221; button_two_border_color__hover_enabled=&#8221;off&#8221; button_border_radius__hover_enabled=&#8221;off&#8221; button_one_border_radius__hover_enabled=&#8221;off&#8221; button_two_border_radius__hover_enabled=&#8221;off&#8221; button_letter_spacing__hover_enabled=&#8221;off&#8221; button_one_letter_spacing__hover_enabled=&#8221;off&#8221; button_two_letter_spacing__hover_enabled=&#8221;off&#8221; button_bg_color__hover_enabled=&#8221;off&#8221; button_one_bg_color__hover_enabled=&#8221;off&#8221; button_two_bg_color__hover_enabled=&#8221;off&#8221;][\/et_pb_contact_field][et_pb_contact_field field_id=&#8221;Email&#8221; field_title=&#8221;Adresa de e-mail&#8221; field_type=&#8221;email&#8221; _builder_version=&#8221;3.19.4&#8243; button_text_size__hover_enabled=&#8221;off&#8221; button_one_text_size__hover_enabled=&#8221;off&#8221; button_two_text_size__hover_enabled=&#8221;off&#8221; button_text_color__hover_enabled=&#8221;off&#8221; button_one_text_color__hover_enabled=&#8221;off&#8221; button_two_text_color__hover_enabled=&#8221;off&#8221; button_border_width__hover_enabled=&#8221;off&#8221; button_one_border_width__hover_enabled=&#8221;off&#8221; button_two_border_width__hover_enabled=&#8221;off&#8221; button_border_color__hover_enabled=&#8221;off&#8221; button_one_border_color__hover_enabled=&#8221;off&#8221; button_two_border_color__hover_enabled=&#8221;off&#8221; button_border_radius__hover_enabled=&#8221;off&#8221; button_one_border_radius__hover_enabled=&#8221;off&#8221; button_two_border_radius__hover_enabled=&#8221;off&#8221; button_letter_spacing__hover_enabled=&#8221;off&#8221; button_one_letter_spacing__hover_enabled=&#8221;off&#8221; button_two_letter_spacing__hover_enabled=&#8221;off&#8221; button_bg_color__hover_enabled=&#8221;off&#8221; button_one_bg_color__hover_enabled=&#8221;off&#8221; button_two_bg_color__hover_enabled=&#8221;off&#8221;][\/et_pb_contact_field][et_pb_contact_field field_id=&#8221;Message&#8221; field_title=&#8221;Mesajul dvs.&#8221; field_type=&#8221;text&#8221; fullwidth_field=&#8221;on&#8221; _builder_version=&#8221;3.18.9&#8243; button_text_size__hover_enabled=&#8221;off&#8221; button_one_text_size__hover_enabled=&#8221;off&#8221; button_two_text_size__hover_enabled=&#8221;off&#8221; button_text_color__hover_enabled=&#8221;off&#8221; button_one_text_color__hover_enabled=&#8221;off&#8221; button_two_text_color__hover_enabled=&#8221;off&#8221; button_border_width__hover_enabled=&#8221;off&#8221; button_one_border_width__hover_enabled=&#8221;off&#8221; button_two_border_width__hover_enabled=&#8221;off&#8221; button_border_color__hover_enabled=&#8221;off&#8221; button_one_border_color__hover_enabled=&#8221;off&#8221; button_two_border_color__hover_enabled=&#8221;off&#8221; button_border_radius__hover_enabled=&#8221;off&#8221; button_one_border_radius__hover_enabled=&#8221;off&#8221; button_two_border_radius__hover_enabled=&#8221;off&#8221; button_letter_spacing__hover_enabled=&#8221;off&#8221; button_one_letter_spacing__hover_enabled=&#8221;off&#8221; button_two_letter_spacing__hover_enabled=&#8221;off&#8221; button_bg_color__hover_enabled=&#8221;off&#8221; button_one_bg_color__hover_enabled=&#8221;off&#8221; button_two_bg_color__hover_enabled=&#8221;off&#8221;][\/et_pb_contact_field][\/et_pb_contact_form][\/et_pb_column][et_pb_column type=&#8221;2_5&#8243; _builder_version=&#8221;3.25&#8243; custom_padding=&#8221;|||&#8221; custom_padding__hover=&#8221;|||&#8221;][et_pb_text _builder_version=&#8221;4.9.4&#8243; text_font=&#8221;Kaushan Script||||||||&#8221; text_text_color=&#8221;#f0622a&#8221; text_font_size=&#8221;30px&#8221; header_font=&#8221;||||||||&#8221; background_layout=&#8221;dark&#8221;]<\/p>\n<p>Operatorul PDI 2021<\/p>\n<p>[\/et_pb_text][et_pb_text _builder_version=&#8221;4.0.11&#8243; text_font=&#8221;||||||||&#8221;]<\/p>\n<p><span><img loading=\"lazy\" decoding=\"async\" src=\"https:\/\/pdi.ro\/2021\/wp-content\/uploads\/2020\/02\/eventer_logo_150px.png\" width=\"151\" height=\"33\" alt=\"\" class=\"wp-image-774 alignleft size-full\" \/><\/span><\/p>\n<p><span><\/span><\/p>\n<p><span><\/span><\/p>\n<p><span>Adresa: Str. A. Panu nr. 13, Iasi<\/span><br \/> <span>Tel.: 0332.40.88.00-05<\/span><br \/> <span>E-mail: <a href=\"mailto:inscrieri@primaderma.ro\" target=\"_blank\" rel=\"noopener noreferrer\">inscrieri@primaderma.ro<\/a><br \/> <\/span><span>Website:\u00a0<\/span><a href=\"http:\/\/www.eventernet.ro\/\" target=\"Blank\" rel=\"noopener noreferrer\">www.eventernet.ro<\/a><\/p>\n<p>[\/et_pb_text][et_pb_text disabled_on=&#8221;off|off|off&#8221; _builder_version=&#8221;4.0.11&#8243; text_font=&#8221;Kaushan Script||||||||&#8221; text_text_color=&#8221;#f0622a&#8221; text_font_size=&#8221;30px&#8221; header_font=&#8221;||||||||&#8221; background_layout=&#8221;dark&#8221; locked=&#8221;off&#8221;]<\/p>\n<p>Parteneri Media<\/p>\n<p>[\/et_pb_text][et_pb_gallery gallery_ids=&#8221;7203,7204,9252,9464&#8243; fullwidth=&#8221;on&#8221; _builder_version=&#8221;4.9.6&#8243; transform_scale=&#8221;86%|86%&#8221; max_width=&#8221;63%&#8221; auto=&#8221;on&#8221; auto_speed=&#8221;3500&#8243; hover_transition_duration=&#8221;100ms&#8221; hover_transition_delay=&#8221;50ms&#8221; hover_transition_speed_curve=&#8221;ease-in-out&#8221; locked=&#8221;off&#8221;][\/et_pb_gallery][\/et_pb_column][\/et_pb_row][\/et_pb_section]<\/p>\n","protected":false},"excerpt":{"rendered":"<p>Asist. Univ. Dr. Radu AntoniaUniversitatea de Medicin\u0103 \u015fi Farmacie din CraiovaStudiul imunohistochimic comparativ al CD 117 \u00een leziunile melanocitareAutori: Antonia Radu1, Cornelia Bejenaru1, I \u0162olea2, LE Bejenaru3, Gabriela Stoleriu4, Daciana Elena Br\u0103ni\u015fteanu51Departamentul de Botanic\u0103 Farmaceutic\u0103, Universitatea de Medicin\u0103 \u0219i Farmacie Craiova2Departamentul de Dermatologie, Universitatea de Medicin\u0103 \u0219i Farmacie Craiova3Departmentul de Farmacognozie \u0219i Fitoterapie, Universitatea de [&hellip;]<\/p>\n","protected":false},"author":2,"featured_media":0,"parent":0,"menu_order":0,"comment_status":"closed","ping_status":"closed","template":"","meta":{"_et_pb_use_builder":"on","_et_pb_old_content":"","_et_gb_content_width":"","footnotes":""},"class_list":["post-8335","page","type-page","status-publish","hentry"],"_links":{"self":[{"href":"https:\/\/pdi.ro\/2021\/wp-json\/wp\/v2\/pages\/8335","targetHints":{"allow":["GET"]}}],"collection":[{"href":"https:\/\/pdi.ro\/2021\/wp-json\/wp\/v2\/pages"}],"about":[{"href":"https:\/\/pdi.ro\/2021\/wp-json\/wp\/v2\/types\/page"}],"author":[{"embeddable":true,"href":"https:\/\/pdi.ro\/2021\/wp-json\/wp\/v2\/users\/2"}],"replies":[{"embeddable":true,"href":"https:\/\/pdi.ro\/2021\/wp-json\/wp\/v2\/comments?post=8335"}],"version-history":[{"count":5,"href":"https:\/\/pdi.ro\/2021\/wp-json\/wp\/v2\/pages\/8335\/revisions"}],"predecessor-version":[{"id":10081,"href":"https:\/\/pdi.ro\/2021\/wp-json\/wp\/v2\/pages\/8335\/revisions\/10081"}],"wp:attachment":[{"href":"https:\/\/pdi.ro\/2021\/wp-json\/wp\/v2\/media?parent=8335"}],"curies":[{"name":"wp","href":"https:\/\/api.w.org\/{rel}","templated":true}]}}