{"id":8357,"date":"2020-06-22T13:16:19","date_gmt":"2020-06-22T11:16:19","guid":{"rendered":"https:\/\/primaderma.ro\/?page_id=8357"},"modified":"2021-07-06T17:07:59","modified_gmt":"2021-07-06T15:07:59","slug":"dr-jianu-stefan","status":"publish","type":"page","link":"https:\/\/pdi.ro\/2021\/dr-jianu-stefan\/","title":{"rendered":"Dr. Jianu \u015etefan"},"content":{"rendered":"<p>[et_pb_section fb_built=&#8221;1&#8243; fullwidth=&#8221;on&#8221; disabled_on=&#8221;on|off|off&#8221; _builder_version=&#8221;3.22&#8243; custom_margin=&#8221;||&#8221; custom_padding=&#8221;15px||29px&#8221; top_divider_style=&#8221;waves2&#8243; top_divider_color=&#8221;#f0622a&#8221; top_divider_flip=&#8221;horizontal|vertical&#8221; bottom_divider_style=&#8221;waves2&#8243; bottom_divider_color=&#8221;#fcdedb&#8221; bottom_divider_height=&#8221;105px&#8221; bottom_divider_flip=&#8221;vertical&#8221; global_module=&#8221;9062&#8243; collapsed=&#8221;off&#8221;][et_pb_fullwidth_header title=&#8221;@ET-DC@eyJkeW5hbWljIjp0cnVlLCJjb250ZW50IjoicG9zdF90aXRsZSIsInNldHRpbmdzIjp7ImJlZm9yZSI6IiIsImFmdGVyIjoiIn19@&#8221; text_orientation=&#8221;right&#8221; header_image_url=&#8221;https:\/\/pdi.ro\/2021\/wp-content\/uploads\/2021\/05\/PDI2021_logo_header_int_600x300px.png&#8221; disabled_on=&#8221;on|on|off&#8221; _builder_version=&#8221;4.9.4&#8243; _dynamic_attributes=&#8221;title&#8221; title_font=&#8221;Kaushan Script||||||||&#8221; title_text_align=&#8221;right&#8221; title_text_color=&#8221;#f0622a&#8221; title_font_size=&#8221;50px&#8221; content_font=&#8221;|600||on|||||&#8221; content_text_align=&#8221;center&#8221; content_text_color=&#8221;#686766&#8243; content_font_size=&#8221;15px&#8221; subhead_font=&#8221;||||||||&#8221; background_color=&#8221;#ef916b&#8221; background_image=&#8221;https:\/\/pdi.ro\/2021\/wp-content\/uploads\/2021\/05\/PDI2021_header_1920x550px.jpg&#8221; background_blend=&#8221;luminosity&#8221; background_layout=&#8221;light&#8221; custom_margin=&#8221;0px||8px&#8221; custom_padding=&#8221;40px||40px||true&#8221; content_font_size_tablet=&#8221;&#8221; content_font_size_phone=&#8221;15px&#8221; content_font_size_last_edited=&#8221;on|desktop&#8221;][\/et_pb_fullwidth_header][\/et_pb_section][et_pb_section fb_built=&#8221;1&#8243; _builder_version=&#8221;3.22&#8243; locked=&#8221;off&#8221;][et_pb_row column_structure=&#8221;2_5,3_5&#8243; _builder_version=&#8221;3.25&#8243;][et_pb_column type=&#8221;2_5&#8243; _builder_version=&#8221;3.25&#8243; custom_padding=&#8221;|||&#8221; custom_padding__hover=&#8221;|||&#8221;][et_pb_image src=&#8221;https:\/\/pdi.ro\/2021\/wp-content\/uploads\/2020\/06\/Stefan-Jianu.jpg&#8221; title_text=&#8221;Stefan Jianu&#8221; align=&#8221;center&#8221; align_tablet=&#8221;center&#8221; align_phone=&#8221;&#8221; align_last_edited=&#8221;on|desktop&#8221; _builder_version=&#8221;4.4.8&#8243; max_width=&#8221;31%&#8221; border_radii=&#8221;on|100px|100px|100px|100px&#8221;][\/et_pb_image][\/et_pb_column][et_pb_column type=&#8221;3_5&#8243; _builder_version=&#8221;3.25&#8243; custom_padding=&#8221;|||&#8221; custom_padding__hover=&#8221;|||&#8221;][et_pb_text _builder_version=&#8221;4.4.8&#8243;]<\/p>\n<h4><strong><span style=\"color: #ff6600;\"><\/span><\/strong><\/h4>\n<h4><strong><span style=\"color: #ff6600;\"><\/span><\/strong><\/h4>\n<h4><strong><span style=\"color: #ff6600;\"><\/span><\/strong><\/h4>\n<h4><strong><span style=\"color: #ff6600;\">Dr. Jianu \u015etefan<\/span><\/strong><br \/>\n<strong><span style=\"color: #ff6600;\">Clinica ProEstetica, Bucure\u0219ti, Rom\u00e2nia<\/span><\/strong><\/h4>\n<p>[\/et_pb_text][\/et_pb_column][\/et_pb_row][et_pb_row _builder_version=&#8221;3.25&#8243;][et_pb_column type=&#8221;4_4&#8243; _builder_version=&#8221;3.25&#8243; custom_padding=&#8221;|||&#8221; custom_padding__hover=&#8221;|||&#8221;][et_pb_text _builder_version=&#8221;4.9.7&#8243; hover_enabled=&#8221;0&#8243; sticky_enabled=&#8221;0&#8243;]<\/p>\n<p style=\"text-align: justify;\"><span style=\"color: #ff6600;\">Rolul laserului in tratamentul varicelor si tengiectaziilor- experienta personala<\/span><br \/><span style=\"color: #ff6600;\">Autor: \u0218tefan Jianu<\/span><\/p>\n<p style=\"text-align: justify;\">Am inceput sa folosim laserul in tratamentul venulelor si telangiectaziilor in 1995, alternativ cu scleroterapia. In 2004 am introdus pentru prima data in Romania laserul endovenos in tratamentul varicelor, ocazie cu care am pornit un studiu prospectiv, cu obiectivul de a evalua noua metoda cu laser prin comparatie cu metoda traditionala de chirurgie deschisa in tratarea venelor safene mari si mici incompetente.<br \/>In tratarea venulelor si telangiectaziilor am folosit diferite lasere- cu Argon, laser dioda 810 nm si 980 nm, cu sau fara racire, Nd-Yag sau IPL, ca proceduri separate sau in asociere cu scleroterapia. Pentru evaluarea rezultatelor am facut un studiu retrospectiv, comparand trei grupuri de pacienti, primul grup numai cu scleroterapie, al doilea grup numai cu tratament laser transcutan si al treilea grup cu ambele tratamente, scleroterapie mai intai si apoi laser transcutan. Ca tratament unic scleroterapia a fost mai eficienta decat laserul si , deasemenea, mai ieftina. Surpriza a fost ca asocierea dintre scleroterapie ca prim tratament si laserterapie ca al doilea a avut cele mai bune rezultate. In concluzie recomandam scleroterapia ca prima optiune in tratamentul venulelor si telangiectaziilor , in asociere cu laserul in timpul doi pentru a obtine cele mai bune rezultate.<br \/>Pana in 2008 am reusit sa randomizam bine pacientii in cele doua grupuri cu chirurgia varicelor deschisa si laser endovenos pentru varice.Dupa 2008 a devenit foarte clar ca pacientii au inceput sa fie mult mai bine informati si din ce in ce mai multi au preferat tratmentul miniinvaziv cu laser endovenos. Toate procedeele au fost practicate sub anestezie tumescenta locala, cu sau fara sedare intravenoasa, ambulator si toti pacientii au fost urmariti cu Duplex la 7 si 30 de zile postoperator, apoi la 6 luni si in fiecare an dupa interventie. Rezultatele au fost similare in ceea ce priveste recurenta dar morbiditatea si timpul de recuperare postoperatorie au fost mult mai mari dupa chirurgia deschisa. In concluzie laserul endovenos utilizat in tratamentul varicelor este urmat de mai putine complicatii si zile de recuperare postoperatorie, fiind preferat de majoritatea pacientilor.<\/p>\n<p style=\"text-align: justify;\"><span style=\"color: #ff6600;\">The role of laser in the treatment of varicous veins and spider veins- personal experience<\/span><br \/><span style=\"color: #ff6600;\">Autor: \u0218tefan Jianu<\/span><\/p>\n<p style=\"text-align: justify;\">We started to use the laser in the treatment of spider veins and telangiectasia in 1995, making alternative treatments with sclerotherapy. In 2004 we introduced first time in Romania the endovenous laser for the treatment of varicous veins and with this occasion we started a prospective study, with the target to evaluate the new laser method and to compare it with the old traditional open surgical method, for the treatment of incompetent great and small saphenous veins.<br \/>In the treatment of spider veins and telangiectasia we used different lasers- Argon laser, diode laser 810 nm and 980 nm, with or without cooling, Nd-Yag or IPL, like separate procedures or associated with sclerotherapy. For evaluation of the results we made a retrospective study , comparing three groups of patients, first group with only sclerotherapy procedure, second group with only lasertherapy transcutaneous and the third one with both, sclerotherapy and laser.Like unique treatment- sclerotherapy was more effective than lasertherapy and cheaper. The surprise was that the association between sclerotherapy as first treatment and lasertherapy as second has the best results. In conclusion we recommend the sclerotherapy as the first option for the treatment of spider veins and telangiectasia, associated with laser in the second step for better results.<br \/>Until 2008 we managed to randomise well the patients in the two groups with open surgery and endovenous laser for varicous veins. After 2008 it was clear that the patients begin to be much better informed and more and more preferred the miniinvasive treatment with laser. All the procedures were performed under local- tumescent anaesthesia and ambulatory and all the patients were controlled with Duplex at 7 days postop, at 30 days, 6 months, one year and every year after. The results were similar in therms of recurrency but the morbidity and the time of recovery were much higher. In conclusion the endovenous laser for varicous veins brings less complications and less recovery days, being preferred by the majority of patients.<\/p>\n<p style=\"text-align: justify;\"><span style=\"color: #ff6600;\">Scurt CV<\/span><\/p>\n<p>Doctor \u00een medicin\u0103<br \/>Medic primar chirurgie general\u0103, competen\u021ba \u00een chirurgie laparoscopic\u0103<br \/>Dr. \u0218tefan Jianu este absolvent al Facult\u0103\u021bii de Medicin\u0103 General\u0103 din cadrul U.M.F. &#8220;Carol Davila&#8221;, Bucure\u0219ti, \u00een anul 1988, cu media general\u0103 10, medic specialist chirurgie general\u0103 \u00een 1993, doctorand \u00een 1994, medic primar chirurgie general\u0103 \u00een 1998, din 2000 ob\u021bine competen\u021b\u0103 \u00een chirurgie laparoscopic\u0103 iar \u00een 2001 devine \u201cDoctor \u00een medicin\u0103\u201d al U.M.F. &#8220;Carol Davila&#8221;. Este membru fondator \u0219i pre\u0219edinte al Institutului Venelor iar din 1994 p\u00e2n\u0103 \u00een prezent continu\u0103 s\u0103 conduc\u0103 Departamentul de chirurgie general\u0103 \u0219i flebologie al Clinicii ProEstetica.<br \/>Dr. \u0218tefan Jianu este un pionier al chirurgiei miniinvazive \u00een Rom\u00e2nia, realiz\u00e2nd o serie \u00eentreag\u0103 de premiere na\u021bionale precum primele opera\u021bii laparoscopice pentru ulcer perforat (1995 &#8211; Spitalul de Urgen\u021b\u0103), primele opera\u021bii de hernie f\u0103r\u0103 internare (1997 &#8211; PROESTETICA), primele flebectomii microchirurgicale (1998), primele opera\u021bii de varice cu laser endovenos \u00een 2004 \u2013 Clinica PROESTETICA \u0219i primele scleroterapii cu spum\u0103 ecoghidate \u00een acela\u0219i an. Are o mare experien\u021b\u0103 \u00een chirurgia varicelor &#8211; peste 30 de ani, cu cea mai mare cazuistic\u0103 de proceduri cu laser endovenos, pe care \u00eel practic\u0103 de peste 16 ani \u00een boala varicoas\u0103 dar \u0219i o \u00eendelungat\u0103 practic\u0103 a laserului transcutan \u0219i scleroterapiei pentru telangiectazii, venule \u0219i varice nesistematizate.<br \/>Are peste 100 prezent\u0103ri la Congrese \u0219i Conferin\u021be na\u021bionale \u0219i interna\u021bionale, cu articole publicate \u00een Revista rom\u00e2n\u0103 de flebologie, \u00een Revista rom\u00e2n\u0103 de chirurgie, \u00een Hernia, \u00een British Journal of surgery, International Angiology etc. Este autor \u0219i coautor al mai multor monografii \u0219i ghiduri, este membru al multor societ\u0103\u021bi academice, precum &#8211; Societatea rom\u00e2n\u0103 de flebologie, Societatea Interna\u021bional\u0103 de Medicin\u0103 \u0219i Chirurgie regenerativ\u0103, Societatea rom\u00e2n\u0103 de chirurgie, Societatea rom\u00e2n\u0103 de limfologie, Colegiul american de flebologie, Societatea francez\u0103 de flebologie, Societatea european\u0103 de hernie \u0219i tr\u0103ie\u0219te cu speran\u021ba de a face c\u00e2t mai mult bine semenilor s\u0103i.<\/p>\n<p>[\/et_pb_text][\/et_pb_column][\/et_pb_row][\/et_pb_section][et_pb_section fb_built=&#8221;1&#8243; _builder_version=&#8221;3.22&#8243; background_color=&#8221;rgba(117,194,33,0.23)&#8221; background_image=&#8221;https:\/\/pdi.ro\/2021\/wp-content\/uploads\/2020\/02\/back_justflowers_overlay1.png&#8221; background_blend=&#8221;luminosity&#8221; custom_padding=&#8221;54px|0px|0|0px|false|false&#8221; top_divider_style=&#8221;waves2&#8243; top_divider_color=&#8221;#ffffff&#8221; top_divider_height=&#8221;155px&#8221; top_divider_height_tablet=&#8221;&#8221; top_divider_height_phone=&#8221;97px&#8221; top_divider_height_last_edited=&#8221;on|desktop&#8221; bottom_divider_style=&#8221;waves2&#8243; bottom_divider_color=&#8221;#75c221&#8243; bottom_divider_flip=&#8221;vertical&#8221; bottom_divider_height_tablet=&#8221;&#8221; bottom_divider_height_phone=&#8221;59px&#8221; bottom_divider_height_last_edited=&#8221;on|desktop&#8221;][et_pb_row column_structure=&#8221;3_5,2_5&#8243; _builder_version=&#8221;3.25&#8243; custom_padding=&#8221;61px|0px|69px|0px|false|false&#8221;][et_pb_column type=&#8221;3_5&#8243; _builder_version=&#8221;3.25&#8243; custom_padding=&#8221;|||&#8221; custom_padding__hover=&#8221;|||&#8221;][et_pb_text _builder_version=&#8221;4.9.4&#8243; text_font=&#8221;Kaushan Script||||||||&#8221; text_text_color=&#8221;#f0622a&#8221; text_font_size=&#8221;30px&#8221; text_line_height=&#8221;1.2em&#8221; header_font=&#8221;||||||||&#8221; background_layout=&#8221;dark&#8221; text_font_size_tablet=&#8221;&#8221; text_font_size_phone=&#8221;&#8221; text_font_size_last_edited=&#8221;on|desktop&#8221;]<\/p>\n<p>Contacteaz\u0103 operatorul PDI 2021<\/p>\n<p>[\/et_pb_text][et_pb_contact_form email=&#8221;contact@pdi.ro\/2021\/2019&#8243; submit_button_text=&#8221;Trimite mesajul&#8221; _builder_version=&#8221;3.19.4&#8243; title_font=&#8221;||||||||&#8221;][et_pb_contact_field field_id=&#8221;Name&#8221; field_title=&#8221;Nume&#8221; _builder_version=&#8221;3.18.9&#8243; button_text_size__hover_enabled=&#8221;off&#8221; button_one_text_size__hover_enabled=&#8221;off&#8221; button_two_text_size__hover_enabled=&#8221;off&#8221; button_text_color__hover_enabled=&#8221;off&#8221; button_one_text_color__hover_enabled=&#8221;off&#8221; button_two_text_color__hover_enabled=&#8221;off&#8221; button_border_width__hover_enabled=&#8221;off&#8221; button_one_border_width__hover_enabled=&#8221;off&#8221; button_two_border_width__hover_enabled=&#8221;off&#8221; button_border_color__hover_enabled=&#8221;off&#8221; button_one_border_color__hover_enabled=&#8221;off&#8221; button_two_border_color__hover_enabled=&#8221;off&#8221; button_border_radius__hover_enabled=&#8221;off&#8221; button_one_border_radius__hover_enabled=&#8221;off&#8221; button_two_border_radius__hover_enabled=&#8221;off&#8221; button_letter_spacing__hover_enabled=&#8221;off&#8221; button_one_letter_spacing__hover_enabled=&#8221;off&#8221; button_two_letter_spacing__hover_enabled=&#8221;off&#8221; button_bg_color__hover_enabled=&#8221;off&#8221; button_one_bg_color__hover_enabled=&#8221;off&#8221; button_two_bg_color__hover_enabled=&#8221;off&#8221;][\/et_pb_contact_field][et_pb_contact_field field_id=&#8221;Email&#8221; field_title=&#8221;Adresa de e-mail&#8221; field_type=&#8221;email&#8221; _builder_version=&#8221;3.19.4&#8243; button_text_size__hover_enabled=&#8221;off&#8221; button_one_text_size__hover_enabled=&#8221;off&#8221; button_two_text_size__hover_enabled=&#8221;off&#8221; button_text_color__hover_enabled=&#8221;off&#8221; button_one_text_color__hover_enabled=&#8221;off&#8221; button_two_text_color__hover_enabled=&#8221;off&#8221; button_border_width__hover_enabled=&#8221;off&#8221; button_one_border_width__hover_enabled=&#8221;off&#8221; button_two_border_width__hover_enabled=&#8221;off&#8221; button_border_color__hover_enabled=&#8221;off&#8221; button_one_border_color__hover_enabled=&#8221;off&#8221; button_two_border_color__hover_enabled=&#8221;off&#8221; button_border_radius__hover_enabled=&#8221;off&#8221; button_one_border_radius__hover_enabled=&#8221;off&#8221; button_two_border_radius__hover_enabled=&#8221;off&#8221; button_letter_spacing__hover_enabled=&#8221;off&#8221; button_one_letter_spacing__hover_enabled=&#8221;off&#8221; button_two_letter_spacing__hover_enabled=&#8221;off&#8221; button_bg_color__hover_enabled=&#8221;off&#8221; button_one_bg_color__hover_enabled=&#8221;off&#8221; button_two_bg_color__hover_enabled=&#8221;off&#8221;][\/et_pb_contact_field][et_pb_contact_field field_id=&#8221;Message&#8221; field_title=&#8221;Mesajul dvs.&#8221; field_type=&#8221;text&#8221; fullwidth_field=&#8221;on&#8221; _builder_version=&#8221;3.18.9&#8243; button_text_size__hover_enabled=&#8221;off&#8221; button_one_text_size__hover_enabled=&#8221;off&#8221; button_two_text_size__hover_enabled=&#8221;off&#8221; button_text_color__hover_enabled=&#8221;off&#8221; button_one_text_color__hover_enabled=&#8221;off&#8221; button_two_text_color__hover_enabled=&#8221;off&#8221; button_border_width__hover_enabled=&#8221;off&#8221; button_one_border_width__hover_enabled=&#8221;off&#8221; button_two_border_width__hover_enabled=&#8221;off&#8221; button_border_color__hover_enabled=&#8221;off&#8221; button_one_border_color__hover_enabled=&#8221;off&#8221; button_two_border_color__hover_enabled=&#8221;off&#8221; button_border_radius__hover_enabled=&#8221;off&#8221; button_one_border_radius__hover_enabled=&#8221;off&#8221; button_two_border_radius__hover_enabled=&#8221;off&#8221; button_letter_spacing__hover_enabled=&#8221;off&#8221; button_one_letter_spacing__hover_enabled=&#8221;off&#8221; button_two_letter_spacing__hover_enabled=&#8221;off&#8221; button_bg_color__hover_enabled=&#8221;off&#8221; button_one_bg_color__hover_enabled=&#8221;off&#8221; button_two_bg_color__hover_enabled=&#8221;off&#8221;][\/et_pb_contact_field][\/et_pb_contact_form][\/et_pb_column][et_pb_column type=&#8221;2_5&#8243; _builder_version=&#8221;3.25&#8243; custom_padding=&#8221;|||&#8221; custom_padding__hover=&#8221;|||&#8221;][et_pb_text _builder_version=&#8221;4.9.4&#8243; text_font=&#8221;Kaushan Script||||||||&#8221; text_text_color=&#8221;#f0622a&#8221; text_font_size=&#8221;30px&#8221; header_font=&#8221;||||||||&#8221; background_layout=&#8221;dark&#8221;]<\/p>\n<p>Operatorul PDI 2021<\/p>\n<p>[\/et_pb_text][et_pb_text _builder_version=&#8221;4.0.11&#8243; text_font=&#8221;||||||||&#8221;]<\/p>\n<p><span><img loading=\"lazy\" decoding=\"async\" src=\"https:\/\/pdi.ro\/2021\/wp-content\/uploads\/2020\/02\/eventer_logo_150px.png\" width=\"151\" height=\"33\" alt=\"\" class=\"wp-image-774 alignleft size-full\" \/><\/span><\/p>\n<p><span><\/span><\/p>\n<p><span><\/span><\/p>\n<p><span>Adresa: Str. A. Panu nr. 13, Iasi<\/span><br \/> <span>Tel.: 0332.40.88.00-05<\/span><br \/> <span>E-mail: <a href=\"mailto:inscrieri@primaderma.ro\" target=\"_blank\" rel=\"noopener noreferrer\">inscrieri@primaderma.ro<\/a><br \/> <\/span><span>Website:\u00a0<\/span><a href=\"http:\/\/www.eventernet.ro\/\" target=\"Blank\" rel=\"noopener noreferrer\">www.eventernet.ro<\/a><\/p>\n<p>[\/et_pb_text][et_pb_text disabled_on=&#8221;off|off|off&#8221; _builder_version=&#8221;4.0.11&#8243; text_font=&#8221;Kaushan Script||||||||&#8221; text_text_color=&#8221;#f0622a&#8221; text_font_size=&#8221;30px&#8221; header_font=&#8221;||||||||&#8221; background_layout=&#8221;dark&#8221; locked=&#8221;off&#8221;]<\/p>\n<p>Parteneri Media<\/p>\n<p>[\/et_pb_text][et_pb_gallery gallery_ids=&#8221;7203,7204,7232,7231&#8243; fullwidth=&#8221;on&#8221; _builder_version=&#8221;4.0.11&#8243; transform_scale=&#8221;86%|86%&#8221; max_width=&#8221;63%&#8221; auto=&#8221;on&#8221; auto_speed=&#8221;3500&#8243; hover_transition_duration=&#8221;100ms&#8221; hover_transition_delay=&#8221;50ms&#8221; hover_transition_speed_curve=&#8221;ease-in-out&#8221; locked=&#8221;off&#8221;][\/et_pb_gallery][\/et_pb_column][\/et_pb_row][\/et_pb_section]<\/p>\n","protected":false},"excerpt":{"rendered":"<p>Dr. Jianu \u015etefan Clinica ProEstetica, Bucure\u0219ti, Rom\u00e2niaRolul laserului in tratamentul varicelor si tengiectaziilor- experienta personalaAutor: \u0218tefan Jianu Am inceput sa folosim laserul in tratamentul venulelor si telangiectaziilor in 1995, alternativ cu scleroterapia. In 2004 am introdus pentru prima data in Romania laserul endovenos in tratamentul varicelor, ocazie cu care am pornit un studiu prospectiv, cu [&hellip;]<\/p>\n","protected":false},"author":2,"featured_media":0,"parent":0,"menu_order":0,"comment_status":"closed","ping_status":"closed","template":"","meta":{"_et_pb_use_builder":"on","_et_pb_old_content":"","_et_gb_content_width":"","footnotes":""},"class_list":["post-8357","page","type-page","status-publish","hentry"],"_links":{"self":[{"href":"https:\/\/pdi.ro\/2021\/wp-json\/wp\/v2\/pages\/8357","targetHints":{"allow":["GET"]}}],"collection":[{"href":"https:\/\/pdi.ro\/2021\/wp-json\/wp\/v2\/pages"}],"about":[{"href":"https:\/\/pdi.ro\/2021\/wp-json\/wp\/v2\/types\/page"}],"author":[{"embeddable":true,"href":"https:\/\/pdi.ro\/2021\/wp-json\/wp\/v2\/users\/2"}],"replies":[{"embeddable":true,"href":"https:\/\/pdi.ro\/2021\/wp-json\/wp\/v2\/comments?post=8357"}],"version-history":[{"count":8,"href":"https:\/\/pdi.ro\/2021\/wp-json\/wp\/v2\/pages\/8357\/revisions"}],"predecessor-version":[{"id":10018,"href":"https:\/\/pdi.ro\/2021\/wp-json\/wp\/v2\/pages\/8357\/revisions\/10018"}],"wp:attachment":[{"href":"https:\/\/pdi.ro\/2021\/wp-json\/wp\/v2\/media?parent=8357"}],"curies":[{"name":"wp","href":"https:\/\/api.w.org\/{rel}","templated":true}]}}